{"id":9568,"date":"2024-09-08T19:18:21","date_gmt":"2024-09-08T19:18:21","guid":{"rendered":"https:\/\/travelshelper.com\/staging\/?page_id=9568"},"modified":"2026-03-13T23:09:26","modified_gmt":"2026-03-13T23:09:26","slug":"samoa","status":"publish","type":"page","link":"https:\/\/travelshelper.com\/es\/destinations\/australia-and-oceania\/samoa\/","title":{"rendered":"Samoa"},"content":{"rendered":"<p>Oficialmente el Estado Independiente de Samoa, Samoa es una fascinante naci\u00f3n insular polinesia con una rica historia, cultura y belleza natural. Debido a su orientaci\u00f3n geogr\u00e1fica sobre el oc\u00e9ano Pac\u00edfico, se conoci\u00f3 como Samoa Occidental hasta 1997. Adem\u00e1s de dos islas habitadas m\u00e1s peque\u00f1as, Manono y Apolima, esta naci\u00f3n insular consta de dos islas principales: Savai&#039;i y Upolu; y varias islas deshabitadas, entre las que destacan las islas Aleipata: Nu&#039;utele, Nu&#039;ulua, Fanuatapu y Namua. Con una ubicaci\u00f3n estrat\u00e9gica en el Pac\u00edfico, Samoa se encuentra a 64 km al oeste de Samoa Americana y cerca de otras islas del Pac\u00edfico, como Tonga, Fiyi, Wallis y Futuna, sirviendo como un centro de encuentro hist\u00f3rico y cultural.<\/p>\n<p>El centro de Samoa es Apia, la capital, donde el gobierno contempor\u00e1neo se fusiona con la cultura ancestral. Hace unos 3500 a\u00f1os, el pueblo lapita, conocido por su destreza en la navegaci\u00f3n, fue el primero en encontrar y ocupar las islas samoanas. Su labor sent\u00f3 las bases de la lengua y la identidad cultural samoanas, que han perdurado a lo largo del tiempo y a las influencias externas, nos ayuda a comprenderlos.<\/p>\n<p>Con 11 divisiones administrativas, cada una con su propia base cultural y constitucional, Samoa funciona como una democracia parlamentaria unificada. Su trayectoria hacia la independencia, como estado soberano miembro de la Mancomunidad de Naciones, es prueba de su tenacidad y autonom\u00eda. De 1899 a 1915, fue una colonia alemana; posteriormente, estuvo bajo control conjunto brit\u00e1nico y neozeland\u00e9s hasta su independencia el 1 de enero de 1962. Los sistemas gubernamentales y sociales de Samoa reflejan este legado de influencia colonial; sin embargo, ha conservado su propio car\u00e1cter cultural.<\/p>\n<p>Conocido como Fa\u02bba S\u0101moa, el estilo de vida tradicional samoano sigue ejerciendo una gran influencia tanto en el \u00e1mbito social como pol\u00edtico. Con una historia de m\u00e1s de 3000 a\u00f1os, su marco cultural prioriza la familia, el respeto y la comunidad. Fa\u02bba S\u0101moa ha conservado sus costumbres, instituciones sociales e idioma a pesar de d\u00e9cadas de influencia europea. Piedras angulares de la identidad samoana son las costumbres culturales, como la ceremonia del ava, un solemne ritual para otorgar t\u00edtulos de jefe matai, y la confecci\u00f3n de la finamente tejida toga ie.<\/p>\n<p>La mitolog\u00eda samoana, rica en dioses, relatos de la creaci\u00f3n y personajes legendarios como Tagaloa y Nafanua (la diosa de la guerra), es, junto con el cristianismo, una tradici\u00f3n que los samoanos adoptaron y trajeron de la mano de los misioneros. Estas historias coexisten. Aunque antiguas creencias y pr\u00e1cticas a\u00fan perduran, especialmente en relaci\u00f3n con Fa\u02bba S\u0101moa, hoy en d\u00eda aproximadamente el 98 % de los samoanos se identifican como cristianos.<\/p>\n<p>La sociedad samoana es conocida por su vida en comunidad; las viviendas tradicionales abiertas, o fale, son la mejor representaci\u00f3n de este estilo de vida. Estas construcciones, sin muros, crean aislamiento y protegen el medio ambiente utilizando hojas de cocotero. Las poderosas danzas sasa y fa&#039;ataupati representan la v\u00edvida expresi\u00f3n cultural del pueblo samoano, mientras que los suaves movimientos de la danza siva samoana \u2014que narra una historia\u2014 muestran sus celebraciones y reuniones comunitarias, que giran en torno a estas danzas, al ritmo de esteras enrolladas o tambores de madera.<\/p>\n<p>Otra evidencia del rico legado cultural de la isla es la destreza constructiva de los tufuga fai fale, constructores tradicionales samoanos. Estos constructores tambi\u00e9n contribuyen a la creaci\u00f3n del entramado art\u00edstico cultural samoano.<\/p>","protected":false},"excerpt":{"rendered":"<p>Oficialmente el Estado Independiente de Samoa, Samoa es una fascinante naci\u00f3n insular polinesia con una rica historia, cultura y belleza natural. Debido a su orientaci\u00f3n geogr\u00e1fica sobre el oc\u00e9ano Pac\u00edfico, se conoci\u00f3 como Samoa Occidental hasta 1997. Adem\u00e1s de dos islas habitadas m\u00e1s peque\u00f1as, Manono y Apolima, esta naci\u00f3n insular consta de dos islas principales: Savai&#039;i y Upolu; y varias islas deshabitadas, entre las que destacan las islas Aleipata: Nu&#039;utele, Nu&#039;ulua, Fanuatapu y Namua. Con una ubicaci\u00f3n estrat\u00e9gica en el Pac\u00edfico, Samoa se encuentra a 64 km al oeste de Samoa Americana y cerca de otras islas del Pac\u00edfico, como Tonga, Fiyi, Wallis y Futuna, sirviendo como un centro de encuentro hist\u00f3rico y cultural.<\/p>","protected":false},"author":1,"featured_media":3536,"parent":24105,"menu_order":0,"comment_status":"closed","ping_status":"closed","template":"elementor_theme","meta":{"_eb_attr":"","footnotes":""},"class_list":["post-9568","page","type-page","status-publish","has-post-thumbnail"],"_links":{"self":[{"href":"https:\/\/travelshelper.com\/es\/wp-json\/wp\/v2\/pages\/9568","targetHints":{"allow":["GET"]}}],"collection":[{"href":"https:\/\/travelshelper.com\/es\/wp-json\/wp\/v2\/pages"}],"about":[{"href":"https:\/\/travelshelper.com\/es\/wp-json\/wp\/v2\/types\/page"}],"author":[{"embeddable":true,"href":"https:\/\/travelshelper.com\/es\/wp-json\/wp\/v2\/users\/1"}],"replies":[{"embeddable":true,"href":"https:\/\/travelshelper.com\/es\/wp-json\/wp\/v2\/comments?post=9568"}],"version-history":[{"count":0,"href":"https:\/\/travelshelper.com\/es\/wp-json\/wp\/v2\/pages\/9568\/revisions"}],"up":[{"embeddable":true,"href":"https:\/\/travelshelper.com\/es\/wp-json\/wp\/v2\/pages\/24105"}],"wp:featuredmedia":[{"embeddable":true,"href":"https:\/\/travelshelper.com\/es\/wp-json\/wp\/v2\/media\/3536"}],"wp:attachment":[{"href":"https:\/\/travelshelper.com\/es\/wp-json\/wp\/v2\/media?parent=9568"}],"curies":[{"name":"wp","href":"https:\/\/api.w.org\/{rel}","templated":true}]}}