{"id":9534,"date":"2024-09-08T17:58:51","date_gmt":"2024-09-08T17:58:51","guid":{"rendered":"https:\/\/travelshelper.com\/staging\/?page_id=9534"},"modified":"2026-03-13T23:07:31","modified_gmt":"2026-03-13T23:07:31","slug":"tonga","status":"publish","type":"page","link":"https:\/\/travelshelper.com\/es\/destinations\/australia-and-oceania\/tonga\/","title":{"rendered":"Tonga"},"content":{"rendered":"<p>Situada en el centro de la Polinesia, una subregi\u00f3n de Ocean\u00eda, Tonga es una interesante naci\u00f3n insular conocida formalmente como el Reino de Tonga. Tonga es un pa\u00eds hermoso y con un rico legado cultural. Compuesto por 171 islas, de las cuales solo 45 est\u00e1n habitadas, este pa\u00eds insular se extiende a lo largo del sur del Oc\u00e9ano Pac\u00edfico. Su superficie total es de tan solo unos 750.000 kil\u00f3metros cuadrados (290.000 millas cuadradas), pero sus islas se extienden por la asombrosa extensi\u00f3n de 700.000 kil\u00f3metros cuadrados (270.000 millas cuadradas). En 2021, casi el 70% de los 104.494 habitantes de Tonga viv\u00edan en la isla principal, Tongatapu.<\/p>\n<p>Geogr\u00e1ficamente, Tonga es un archipi\u00e9lago singular que se extiende aproximadamente 800 kil\u00f3metros (500 millas) de norte a sur. Limita con Wallis y Futuna (Francia), Fiyi al noroeste, Samoa al noreste, Vanuatu y Nueva Caledonia (Francia) al oeste, Niue al este y Kermadec (Nueva Zelanda) al suroeste. A unos 1800 kil\u00f3metros (1100 millas) de la Isla Norte de Nueva Zelanda, Tonga forma parte importante del complejo panorama geopol\u00edtico del Pac\u00edfico.<\/p>\n<p>Tan intrigante como la topograf\u00eda de Tonga es su historia. La civilizaci\u00f3n lapita, un grupo de inmigrantes polinesios, se asent\u00f3 por primera vez en las islas hace unos 2500 a\u00f1os, sentando as\u00ed las bases para el futuro pueblo tongano. Al crear progresivamente una identidad \u00e9tnica, una lengua y una cultura distintivas, estos inmigrantes adquirieron una gran relevancia en el Pac\u00edfico Sur. Conocido como el Imperio Tu\u02bbi Tonga, el primer rey tongano, \u02bbAho\u02bbeitu, gobern\u00f3 durante esta \u00e9poca de colonizaci\u00f3n y expansionismo tongano.<\/p>\n<p>Bajo el mandato de \u02bbAho\u02bbeitu y sus sucesores, Tonga se convirti\u00f3 en una talasocracia y una potencia regional con amplia influencia en el Pac\u00edfico. Desde partes de las Islas Salom\u00f3n y toda Nueva Caledonia y Fiyi en el oeste, hasta Samoa, Niue e incluso partes de la actual Polinesia Francesa en el este, el Imperio Tu\u02bbi Tonga subyug\u00f3 y gobern\u00f3 un territorio considerable. El imperio se hizo famoso por su influencia econ\u00f3mica, \u00e9tnica y cultural, que perdur\u00f3 mucho despu\u00e9s de la rebeli\u00f3n samoana del siglo XIII y el eventual descubrimiento europeo de las islas en 1616.<\/p>\n<p>La singular relaci\u00f3n de Tonga con las potencias coloniales define su historia moderna. De 1900 a 1970, Tonga fue un estado protegido por los brit\u00e1nicos, amparado por un Tratado de Amistad. Si bien Tonga nunca cedi\u00f3 su soberan\u00eda a ning\u00fan pa\u00eds extranjero, el Reino Unido supervis\u00f3 su pol\u00edtica exterior durante este per\u00edodo. Este firme compromiso con la soberan\u00eda demuestra la voluntad del pueblo tongano de preservar su libertad.<\/p>\n<p>Tonga avanz\u00f3 significativamente hacia un gobierno moderno en 2010 al cambiar de una monarqu\u00eda absoluta convencional a una monarqu\u00eda semiconstitucional. Este cambio se produjo en parte gracias a las reformas legislativas que allanaron el camino para las primeras elecciones parciales representativas del pa\u00eds. Esta evoluci\u00f3n pol\u00edtica demuestra el compromiso continuo de Tonga de equilibrar el modernismo con la tradici\u00f3n, manteniendo as\u00ed la relevancia y la funcionalidad de sus sistemas de gobierno en el siglo XXI.<\/p>\n<p>La presencia mundial de Tonga se refleja en su pertenencia a varios grupos importantes. Forma parte de las Naciones Unidas, el Foro de las Islas del Pac\u00edfico, la Alianza de los Peque\u00f1os Estados Insulares y la Mancomunidad de Naciones. Estas alianzas demuestran la participaci\u00f3n de Tonga en los asuntos regionales y mundiales, as\u00ed como su compromiso para abordar los desaf\u00edos particulares que enfrentan las peque\u00f1as naciones insulares.<\/p>","protected":false},"excerpt":{"rendered":"<p>Situada en el centro de la Polinesia, una subregi\u00f3n de Ocean\u00eda, Tonga es una interesante naci\u00f3n insular conocida formalmente como el Reino de Tonga. Tonga es un pa\u00eds hermoso y con un rico legado cultural. Compuesto por 171 islas, de las cuales solo 45 est\u00e1n habitadas, este pa\u00eds insular se extiende a lo largo del sur del Oc\u00e9ano Pac\u00edfico. Su superficie total es de tan solo unos 750.000 kil\u00f3metros cuadrados (290.000 millas cuadradas), pero sus islas se extienden por la asombrosa extensi\u00f3n de 700.000 kil\u00f3metros cuadrados (270.000 millas cuadradas). En 2021, casi el 70% de los 104.494 habitantes de Tonga viv\u00edan en la isla principal, Tongatapu.<\/p>","protected":false},"author":1,"featured_media":4050,"parent":24105,"menu_order":0,"comment_status":"closed","ping_status":"closed","template":"elementor_theme","meta":{"_eb_attr":"","footnotes":""},"class_list":["post-9534","page","type-page","status-publish","has-post-thumbnail"],"_links":{"self":[{"href":"https:\/\/travelshelper.com\/es\/wp-json\/wp\/v2\/pages\/9534","targetHints":{"allow":["GET"]}}],"collection":[{"href":"https:\/\/travelshelper.com\/es\/wp-json\/wp\/v2\/pages"}],"about":[{"href":"https:\/\/travelshelper.com\/es\/wp-json\/wp\/v2\/types\/page"}],"author":[{"embeddable":true,"href":"https:\/\/travelshelper.com\/es\/wp-json\/wp\/v2\/users\/1"}],"replies":[{"embeddable":true,"href":"https:\/\/travelshelper.com\/es\/wp-json\/wp\/v2\/comments?post=9534"}],"version-history":[{"count":0,"href":"https:\/\/travelshelper.com\/es\/wp-json\/wp\/v2\/pages\/9534\/revisions"}],"up":[{"embeddable":true,"href":"https:\/\/travelshelper.com\/es\/wp-json\/wp\/v2\/pages\/24105"}],"wp:featuredmedia":[{"embeddable":true,"href":"https:\/\/travelshelper.com\/es\/wp-json\/wp\/v2\/media\/4050"}],"wp:attachment":[{"href":"https:\/\/travelshelper.com\/es\/wp-json\/wp\/v2\/media?parent=9534"}],"curies":[{"name":"wp","href":"https:\/\/api.w.org\/{rel}","templated":true}]}}