{"id":9469,"date":"2024-09-08T13:18:46","date_gmt":"2024-09-08T13:18:46","guid":{"rendered":"https:\/\/travelshelper.com\/staging\/?page_id=9469"},"modified":"2026-03-13T13:04:40","modified_gmt":"2026-03-13T13:04:40","slug":"belmopan","status":"publish","type":"page","link":"https:\/\/travelshelper.com\/es\/destinations\/north-america\/belize\/belmopan\/","title":{"rendered":"Belmop\u00e1n"},"content":{"rendered":"<p>El g\u00e9nesis y la vitalidad actual de Belmop\u00e1n son inseparables de un acto singular y decisivo: tras la devastaci\u00f3n de la Ciudad de Belice causada por el hurac\u00e1n Hattie en 1961, los l\u00edderes de la naci\u00f3n decidieron trasladar su sede de gobierno a un terreno m\u00e1s elevado. Para 1970, una comunidad cuidadosamente planificada, que se alzaba sobre una llanura elevada ochenta kil\u00f3metros tierra adentro, dio la bienvenida a sus primeros residentes bajo los auspicios de una Corporaci\u00f3n de Reconstrucci\u00f3n y Desarrollo. Con un censo de 2010 que registraba 16\u00a0451 habitantes, Belmop\u00e1n se erige como la capital continental m\u00e1s peque\u00f1a de Am\u00e9rica en t\u00e9rminos de poblaci\u00f3n y el tercer asentamiento m\u00e1s grande de Belice. Ubicada a una altitud de 76 metros sobre el nivel del mar en el distrito de Cayo y flanqueando el r\u00edo Belice, esta ciudad naciente une los nombres del curso de agua m\u00e1s largo de Belice y el r\u00edo Mop\u00e1n \u2014la esencia de sus vecinos\u2014, a la vez que adopta la doble funci\u00f3n de centro urbano moderno y guardi\u00e1n del patrimonio arquitect\u00f3nico maya.<\/p>\n<p>Desde su concepci\u00f3n, Belmop\u00e1n se concibi\u00f3 no como una agregaci\u00f3n aleatoria de estructuras, sino como un organismo c\u00edvico intencional, cuyo trazado se rige por una circunvalaci\u00f3n de casi cuatro kil\u00f3metros de circunferencia que envuelve edificios gubernamentales y un amplio parque. En su centro se alza el edificio de la Asamblea Nacional, concebido para evocar los templos escalonados de los yacimientos mayas precolombinos: sus amplias escaleras de piedra y sus austeras fachadas grises fusionan el homenaje cultural con la solemnidad del arte de gobernar. Alrededor de este punto focal, los ministerios, las oficinas administrativas y los servicios c\u00edvicos se extienden hacia afuera en arcos conc\u00e9ntricos mesurados; su dise\u00f1o original favorece una amplia ventilaci\u00f3n natural para atenuar el clima tropical monz\u00f3nico. La est\u00e9tica resultante \u2014muros puntuados por nichos uniformes\u2014 ofrece tanto una circulaci\u00f3n de aire funcional como un ritmo visual texturizado en los principales recintos de la ciudad.<\/p>\n<p>Antes de verter la primera losa de hormig\u00f3n, la elecci\u00f3n de la ubicaci\u00f3n de Belmop\u00e1n se someti\u00f3 a un riguroso escrutinio. En 1962, un comit\u00e9 encargado por el gobierno de Honduras Brit\u00e1nica identific\u00f3 un sitio elevado al este del r\u00edo Belice, a unos 82 kil\u00f3metros al suroeste de la Ciudad de Belice. Este terreno no requer\u00eda recuperaci\u00f3n de tierras, proporcionaba acceso a una zona industrial y promet\u00eda seguridad contra las mareas de tormenta. El primer ministro George Cadle Price, l\u00edder del Partido Unido del Pueblo, defendi\u00f3 el proyecto en Londres ese a\u00f1o, solicitando apoyo financiero brit\u00e1nico. Aunque Londres dud\u00f3 en financiar una iniciativa tan ambiciosa, reconoci\u00f3 la l\u00f3gica de reubicar la capital fuera del alcance de las incursiones de mareas provocadas por huracanes. La inauguraci\u00f3n de un monumento el 9 de octubre de 1965 en la Carretera Occidental por Anthony Greenwood, Secretario de Estado para la Commonwealth y las Colonias, cristaliz\u00f3 el compromiso brit\u00e1nico en principio, si bien a\u00fan no estaba completamente financiado.<\/p>\n<p>Con solo la mitad de los 40 millones de d\u00f3lares belice\u00f1os estimados requeridos, la construcci\u00f3n comenz\u00f3 en 1967. Para 1970, la primera fase, financiada con 24 millones de d\u00f3lares belice\u00f1os, produjo edificios gubernamentales fundacionales, prototipos de vivienda e infraestructura c\u00edvica b\u00e1sica. Durante las tres d\u00e9cadas siguientes, la Corporaci\u00f3n de Reconstrucci\u00f3n y Desarrollo, coloquialmente Recondev, administr\u00f3 los asuntos municipales de Belmop\u00e1n, supervisando los servicios p\u00fablicos, las obras viales y los servicios p\u00fablicos esenciales para el buen funcionamiento de la capital. En los intersticios entre estas obras p\u00fablicas, surgieron barrios residenciales: Salvap\u00e1n albergaba a reci\u00e9n llegados centroamericanos, San Mart\u00edn reflejaba el matrimonio entre criollos y mayas, Las Flores albergaba a familias de ascendencia principalmente centroamericana, Maya Mop\u00e1n preservaba la continuidad cultural Kekchi-Mop\u00e1n, y Riviera albergaba una mezcla diversa de residentes locales e inmigrantes.<\/p>\n<p>A lo largo de la d\u00e9cada de 1970 y principios de la de 1980, los gobiernos extranjeros observaron con cauteloso inter\u00e9s la evoluci\u00f3n de Belmop\u00e1n. La Alta Comisi\u00f3n Brit\u00e1nica, tras haber elevado a Belice a la soberan\u00eda en 1981, estableci\u00f3 su misi\u00f3n diplom\u00e1tica en la nueva capital tres a\u00f1os despu\u00e9s, traslad\u00e1ndose desde sus instalaciones temporales. En Estados Unidos, la construcci\u00f3n de una oficina diplom\u00e1tica comenz\u00f3 en febrero de 2005 y concluy\u00f3 con su inauguraci\u00f3n oficial el 11 de diciembre de 2006, lo que subraya la madurez de Belmop\u00e1n como centro internacional de la diplomacia. M\u00e9xico, Brasil, Costa Rica, El Salvador y Venezuela mantienen embajadas dentro de los l\u00edmites de la ciudad, mientras que Ecuador, Chile y la Rep\u00fablica Dominicana mantienen representaci\u00f3n consular. No obstante, la antigua capital, Ciudad de Belice, conserva la mayor parte de la presencia diplom\u00e1tica, albergando cuatro embajadas y 29 consulados en reconocimiento a su mayor poblaci\u00f3n y la importancia estrat\u00e9gica de su puerto.<\/p>\n<p>El clima de Belmop\u00e1n abarca una larga temporada de lluvias que se extiende de mayo a enero, con fuertes lluvias, y una breve temporada seca durante febrero, marzo y abril. Parad\u00f3jicamente, marzo y abril registran las precipitaciones m\u00e1s bajas (aproximadamente 45 mil\u00edmetros al mes), una anomal\u00eda entre los climas monz\u00f3nicos tropicales, donde la aridez suele alcanzar su punto m\u00e1ximo inmediatamente despu\u00e9s del solsticio de invierno. Las temperaturas diurnas fluct\u00faan m\u00ednimamente durante todo el a\u00f1o, con un promedio de entre 23 \u00b0C y 28 \u00b0C, mientras que las horas nocturnas ofrecen un respiro refrescante, realzado por la modesta altitud de la ciudad y su proximidad al valle del r\u00edo Belice. En noches despejadas, las siluetas lejanas de las laderas de Mountain Pine Ridge se pierden en la oscuridad tras las verdes tierras bajas.<\/p>\n<p>Los ritmos sociales de Belmop\u00e1n entrelazan la ceremonia c\u00edvica, el vigor acad\u00e9mico y el esfuerzo comunitario. La Sociedad Coral de Belmop\u00e1n ofrece presentaciones corales que combinan repertorios cl\u00e1sicos con composiciones regionales; los escolares se re\u00fanen anualmente para un Festival de las Artes; y las conmemoraciones del D\u00eda Nacional inundan las calles con desfiles formales y festividades p\u00fablicas. El atletismo encuentra su expresi\u00f3n en los Jaguares Negros de la Universidad de Belice, que han ganado campeonatos nacionales de voleibol y baloncesto. Los torneos de s\u00f3ftbol de primer a\u00f1o unen a las comunidades perif\u00e9ricas \u2014Roaring Creek, Camalote, Esperanza y Georgeville\u2014 en una animada competencia. Estos eventos refuerzan el sentimiento de identidad compartida entre los residentes dispersos por las cinco zonas de la ciudad y m\u00e1s all\u00e1.<\/p>\n<p>La gobernanza local cambi\u00f3 en 1999, cuando los habitantes de Belmop\u00e1n votaron a favor de sustituir la administraci\u00f3n designada por Recondev por un ayuntamiento elegido directamente. Las elecciones municipales inaugurales de 2000 restituyeron a Anthony Chanona, del Partido Unido del Pueblo, a la alcald\u00eda, cargo que ocup\u00f3 hasta 2003. Dos d\u00e9cadas despu\u00e9s, tras el triunfo municipal del Partido Unido del Pueblo en 2020, Sharon Palacio asumi\u00f3 la alcald\u00eda, presidiendo una ciudad cuya poblaci\u00f3n se estimaba en m\u00e1s de 20\u00a0000 habitantes en 2009 y cuyos residentes se ganan la vida, en gran medida, gracias a sus funciones en el gobierno nacional. Alrededor del n\u00facleo de la Asamblea Nacional, los funcionarios p\u00fablicos en puestos administrativos y t\u00e9cnicos conforman el n\u00facleo de la poblaci\u00f3n diurna de Belmop\u00e1n, sustentando tanto el comercio local como la posici\u00f3n de la ciudad como el coraz\u00f3n administrativo de Belice.<\/p>\n<p>La actividad comercial en Belmop\u00e1n puede carecer del ritmo fren\u00e9tico de las grandes capitales, pero exhibe un crecimiento constante. A finales de la d\u00e9cada de 1990, el n\u00famero de establecimientos comerciales hab\u00eda aumentado de 373 a aproximadamente 589. Cinco bancos internacionales operan junto con instituciones financieras nacionales, mientras que una moderna terminal de autobuses y un complejo de mercado, finalizado en 2003, atienden tanto a viajeros como a empresarios locales. Actualmente, aproximadamente 200 acres dentro del t\u00e9rmino municipal se han zonificado para el desarrollo industrial, en su mayor\u00eda parcelados en parcelas de una hect\u00e1rea. Si bien la expansi\u00f3n industrial sigue siendo modesta, los urbanistas prev\u00e9n un parque industrial de 100 acres junto a la pista de aterrizaje municipal, una franja pavimentada de 1100 metros que albergar\u00e1 una torre de control y hangares.<\/p>\n<p>Las conexiones de transporte posicionan a Belmop\u00e1n como un nexo entre los corredores del interior y la costa. La Carretera Colibr\u00ed, llamada as\u00ed por su sinuoso trazado a trav\u00e9s de bosques de tierras altas, conecta la ciudad con Dangriga y el sur de Belice. Dentro de la ciudad, la planificaci\u00f3n incluye un futuro sistema de tren ligero, que se encuentra en estudio de viabilidad a cargo de la Agencia de Cooperaci\u00f3n Internacional del Jap\u00f3n (JICA), lo que apunta a ambiciones a largo plazo en materia de transporte p\u00fablico. Los viajes a\u00e9reos para la poblaci\u00f3n de Belmop\u00e1n se realizan a trav\u00e9s de la pista de aterrizaje H\u00e9ctor Silva, ubicada al noroeste de la ciudad, aunque actualmente carece de servicios regulares de pasajeros. La instalaci\u00f3n m\u00e1s cercana con vuelos regulares se encuentra a 79 kil\u00f3metros, en el Aeropuerto Internacional Philip SW Goldson y el adyacente Aeropuerto Municipal Sir Barry Bowen, cerca de la Ciudad de Belice.<\/p>\n<p>M\u00e1s all\u00e1 de sus confines urbanos, Belmop\u00e1n sirve como puerta de entrada al patrimonio natural y arqueol\u00f3gico de Belice. La Cueva de San Herman, a veinti\u00fan kil\u00f3metros al sureste por la Carretera del Colibr\u00ed, atrae a los visitantes con sus c\u00e1maras de una milla de longitud adornadas con estalactitas y estalagmitas, junto con fragmentos de cer\u00e1mica maya que dan fe de su uso ceremonial. El tubing en cuevas r\u00edo abajo de Jaguar Paw o dentro del Parque Nacional Blue Hole ofrece una experiencia de otro mundo, ya que los viajeros flotan bajo formaciones de piedra caliza filtradas por la luz de la selva. Actun Tunichil Muknal, un complejo subterr\u00e1neo a diez kil\u00f3metros al norte de San Ignacio, exige vadear y nadar en aguas de hasta un metro y medio de profundidad para llegar a los restos de sacrificios mayas y las incrustaciones minerales cristalinas, entre las que destaca la llamada Doncella de Cristal. Caracol, el complejo de ruinas m\u00e1s grande de Belice, ofrece una exploraci\u00f3n inmersiva de templos invadidos por la vegetaci\u00f3n en medio de la selva tropical, mientras que la Cueva de R\u00edo Fr\u00edo y las Piscinas de R\u00edo On marcan la pauta en el viaje de regreso a Belmop\u00e1n.<\/p>\n<p>Para quienes buscan interactuar con la fauna de Belice, el Zool\u00f3gico de Belice se encuentra a treinta y dos kil\u00f3metros al este por la autopista George Price. Dedicado a la fauna aut\u00f3ctona, el zool\u00f3gico mantiene a m\u00e1s de cien animales rescatados o rehabilitados en h\u00e1bitats dise\u00f1ados para reflejar su entorno natural. Con tarifas de entrada estructuradas para fomentar la asistencia tanto internacional como local, la instituci\u00f3n promueve la concienciaci\u00f3n sobre la conservaci\u00f3n a la vez que ofrece experiencias accesibles tanto para familias como para investigadores. Los amantes del arte pueden visitar la galer\u00eda The Artbox en el centro de Belmop\u00e1n, donde las exposiciones rotativas presentan obras de pintores y escultores belice\u00f1os, impulsando una escena art\u00edstica local emergente en el \u00e1mbito c\u00edvico.<\/p>\n<p>Las instituciones culturales de Belmop\u00e1n se extienden m\u00e1s all\u00e1 de las representaciones y exposiciones, y se convierten en depositarias de la memoria nacional. El Archivo Nacional de Belice conserva registros gubernamentales y documentos hist\u00f3ricos, mientras que la Biblioteca del Patrimonio Nacional brinda acceso a manuscritos, peri\u00f3dicos y publicaciones excepcionales. Los planes para un Museo de Belmop\u00e1n contemplan un espacio dedicado a narrar el extraordinario origen de la ciudad, junto con la historia m\u00e1s amplia de Belice, desde la civilizaci\u00f3n maya, pasando por la administraci\u00f3n colonial, hasta la soberan\u00eda contempor\u00e1nea. Dicha instituci\u00f3n consolidar\u00eda la identidad de Belmop\u00e1n no solo como centro administrativo, sino tambi\u00e9n como un referente de la memoria colectiva.<\/p>\n<p>Al acercarse Belmop\u00e1n a su sexag\u00e9simo quinto aniversario, la ciudad contin\u00faa equilibrando su crecimiento con los principios que guiaron su creaci\u00f3n: resiliencia, visi\u00f3n de futuro y respeto por el patrimonio cultural. Sus amplias avenidas y parques sombreados, concebidos con un enfoque tanto en la forma como en la funci\u00f3n, acogen el ritmo cotidiano de funcionarios p\u00fablicos, estudiantes y artesanos. El estadio de la ciudad organiza competiciones deportivas que unen a comunidades dispares; su programa de polic\u00eda comunitaria refleja la colaboraci\u00f3n entre las autoridades municipales y el Departamento de Polic\u00eda de Belice; y su designaci\u00f3n como &#034;La Ciudad Jard\u00edn&#034; por parte del Ayuntamiento subraya los continuos esfuerzos por mantener los espacios verdes en medio de la expansi\u00f3n urbana.<\/p>\n<p>Desde una perspectiva temporal m\u00e1s amplia, Belmop\u00e1n personifica las aspiraciones de una joven naci\u00f3n que forj\u00f3 su identidad en la segunda mitad del siglo XX. Sus alusiones precolombinas en piedra y dise\u00f1o reiteran la perdurable importancia del patrimonio maya; sus modelos de planificaci\u00f3n y gobernanza demuestran su capacidad de adaptaci\u00f3n ante desastres naturales; y su tejido social, entrelazado con las culturas criolla, mestiza, maya e inmigrante, da fe de la composici\u00f3n plural de Belice. Extraordinariamente peque\u00f1a para una capital en t\u00e9rminos de poblaci\u00f3n, pero de gran resonancia simb\u00f3lica, Belmop\u00e1n es testimonio de la convicci\u00f3n de que una capital nacional puede ser m\u00e1s que un centro de poder: puede encarnar, en sus calles y estructuras, el car\u00e1cter mismo de un pueblo inquebrantable en su determinaci\u00f3n de reconstruir, renovar y prosperar.<\/p>","protected":false},"excerpt":{"rendered":"<p>Belmop\u00e1n es la capital de Belice, una naci\u00f3n reconocida por su rico legado cultural y su belleza natural. Sus 16,451 habitantes en 2010 la convirtieron en la capital m\u00e1s peque\u00f1a del continente americano. Aunque peque\u00f1a, es el tercer asentamiento m\u00e1s grande de Belice, despu\u00e9s de Ciudad de Belice y San Ignacio. Belmop\u00e1n, que comenz\u00f3 como una comunidad planificada en 1970, es una de las capitales nacionales m\u00e1s modernas del pa\u00eds. Con estatus oficial de ciudad junto con Ciudad de Belice desde el a\u00f1o 2000, refleja su creciente importancia en el contexto nacional.<\/p>","protected":false},"author":1,"featured_media":4122,"parent":9438,"menu_order":0,"comment_status":"closed","ping_status":"closed","template":"elementor_theme","meta":{"_eb_attr":"","footnotes":""},"class_list":["post-9469","page","type-page","status-publish","has-post-thumbnail"],"_links":{"self":[{"href":"https:\/\/travelshelper.com\/es\/wp-json\/wp\/v2\/pages\/9469","targetHints":{"allow":["GET"]}}],"collection":[{"href":"https:\/\/travelshelper.com\/es\/wp-json\/wp\/v2\/pages"}],"about":[{"href":"https:\/\/travelshelper.com\/es\/wp-json\/wp\/v2\/types\/page"}],"author":[{"embeddable":true,"href":"https:\/\/travelshelper.com\/es\/wp-json\/wp\/v2\/users\/1"}],"replies":[{"embeddable":true,"href":"https:\/\/travelshelper.com\/es\/wp-json\/wp\/v2\/comments?post=9469"}],"version-history":[{"count":0,"href":"https:\/\/travelshelper.com\/es\/wp-json\/wp\/v2\/pages\/9469\/revisions"}],"up":[{"embeddable":true,"href":"https:\/\/travelshelper.com\/es\/wp-json\/wp\/v2\/pages\/9438"}],"wp:featuredmedia":[{"embeddable":true,"href":"https:\/\/travelshelper.com\/es\/wp-json\/wp\/v2\/media\/4122"}],"wp:attachment":[{"href":"https:\/\/travelshelper.com\/es\/wp-json\/wp\/v2\/media?parent=9469"}],"curies":[{"name":"wp","href":"https:\/\/api.w.org\/{rel}","templated":true}]}}