{"id":9463,"date":"2024-09-08T13:09:29","date_gmt":"2024-09-08T13:09:29","guid":{"rendered":"https:\/\/travelshelper.com\/staging\/?page_id=9463"},"modified":"2026-03-13T13:04:21","modified_gmt":"2026-03-13T13:04:21","slug":"cayo-caulker","status":"publish","type":"page","link":"https:\/\/travelshelper.com\/es\/destinations\/north-america\/belize\/caye-caulker\/","title":{"rendered":"Cayo Caulker"},"content":{"rendered":"<p>Cayo Caulker se presenta como una joya discreta del Caribe occidental: una estrecha isla coralina de apenas ocho kil\u00f3metros de largo y apenas un kil\u00f3metro de ancho, bordeada por una laguna poco profunda y la venerable Barrera de Coral de Belice. Su aldea, de aproximadamente cuatro mil habitantes, ocupa la columna vertebral arenosa de esta plataforma de piedra caliza, ubicada a unos treinta y dos kil\u00f3metros al noreste de la Ciudad de Belice. A pesar de sus modestas dimensiones, la isla posee un atractivo descomunal, fruto de la delicada interacci\u00f3n entre aguas cristalinas, llanuras azotadas por el viento y una historia escrita en tormentas, migraciones y afanes humanos.<\/p>\n<p>Desde las primeras luces del amanecer, las bajas viviendas de madera del pueblo \u2014descendientes de parcelas otorgadas a finales del siglo XIX por la reina Victoria\u2014 resplandecen con una calidez melosa, sus techos de terracota se recortan contra un cielo que se torna coral e \u00edndigo. Los cesionarios originales, familias cuyos linajes siguen profundamente arraigados en el tejido social de la isla, eligieron este lugar por su bah\u00eda protectora en la parte trasera y la firme arena coralina bajo el muelle, condiciones m\u00e1s estables que las llanuras fangosas de otros lugares. All\u00ed, los pescadores amarraban canoas; hoy, atracan elegantes taxis acu\u00e1ticos y catamaranes para excursiones de snorkel.<\/p>\n<p>Las corrientes subterr\u00e1neas forjan sus propios misterios bajo la soleada superficie de Cayo Caulker. Una gruta submarina, conocida localmente como Cueva Gigante, se abre a la piedra caliza viva, mientras que el arrecife seco al este emerge en parches a la superficie antes de descender a profundidades de dos metros o m\u00e1s a medida que se avanza hacia el norte. La laguna poco profunda, que rara vez supera los quince cent\u00edmetros en algunos lugares, pero que se hunde a m\u00e1s de cuatro metros cerca del borde del arrecife, ofrece un refugio tanto para windsurfistas como para nadadores libres. Tambi\u00e9n forma una bisagra entre el pueblo y el mar abierto, un umbral tan seductor como traicionero.<\/p>\n<p>Una delgada hendidura en el centro de la isla, conocida coloquialmente como &#034;la Divisoria&#034;, ofrece un v\u00edvido testimonio de la iniciativa local y la persistencia natural. Aunque a menudo se atribuye a la oleada catastr\u00f3fica del hurac\u00e1n Hattie en 1961, la fosa debe su verdadero origen a las manos de los aldeanos, liderados por Ram\u00f3n Reyes. Despu\u00e9s de que la tormenta excavara un canal poco profundo, un grupo de residentes emple\u00f3 palas y carretillas para profundizarlo y construir canoas; desde entonces, el tiempo y las corrientes de marea han erosionado sus orillas hasta alcanzar una anchura superior a los treinta metros y una profundidad que permite el paso de embarcaciones m\u00e1s grandes. Hoy, la Divisoria sirve como un porche comunitario: los pescadores remiendan redes en sus orillas, los ni\u00f1os lanzan balsas improvisadas y, al anochecer, la v\u00eda fluvial se ilumina con la luz de las linternas.<\/p>\n<p>El entramado humano de la isla refleja la confluencia de los refugiados maya-espa\u00f1oles de los conflictos de Yucat\u00e1n de 1847 y las comunidades criollas y gar\u00edfunas atra\u00eddas por la abundancia de la pesca. Para 2010, las personas de ascendencia mestiza representaban casi dos tercios del censo, con minor\u00edas criollas, cauc\u00e1sicas, mayas y gar\u00edfunas enriqueciendo la paleta cultural. En la presente d\u00e9cada, la poblaci\u00f3n de Caye Caulker ha crecido a cerca de cuatro mil habitantes, albergando m\u00e1s de cincuenta peque\u00f1os alojamientos, adem\u00e1s de restaurantes, tiendas de artesan\u00eda y operadores de buceo.<\/p>\n<p>La pesca fue en el pasado la base del sustento local: abundaban el caracol y la langosta en el arrecife, mientras que las migraciones estacionales proporcionaban abundante aleta, y durante la Segunda Guerra Mundial, las redes recog\u00edan restos de barcos torpedeados; las balas de goma resultaron ser particularmente lucrativas. Aunque sigue siendo vital para casi ochenta familias, el sector pesquero ha cedido protagonismo al turismo, que comenz\u00f3 espor\u00e1dicamente a mediados de la d\u00e9cada de 1960, cuando visitantes de fin de semana llegaban en velero a la isla, entonces escasamente habitada. A finales de la d\u00e9cada de 1960, se iniciaron las expediciones de biolog\u00eda marina dirigidas por el Dr. Hildebrand, de la Universidad de Corpus Christi, seguidas por mochileros atra\u00eddos por el boca a boca a lo largo de la informal Ruta Gringo, que un\u00eda Tulum, Tikal y otros puntos de referencia de Centroam\u00e9rica. El establecimiento de clases de buceo por parte de la familia Auxillou consolid\u00f3 a\u00fan m\u00e1s la reputaci\u00f3n de Caye Caulker como un para\u00edso para la exploraci\u00f3n submarina.<\/p>\n<p>A medida que las lanchas r\u00e1pidas eclipsaban a la vela, los viajeros itinerantes se convirtieron en una presencia casi constante. El lema de la isla, &#034;Go Slow&#034;, contrarresta cualquier impulso de prisa, una invitaci\u00f3n a pasear por sus tres calles arenosas: Front Street bordeando la costa este, Back Street bordeando la laguna y Middle Street entre ellas. Una circunnavegaci\u00f3n a pie no requiere m\u00e1s de cuarenta minutos; las bicicletas de alquiler y los carritos de golf acortan ese tiempo a un torbellino de un cuarto de hora, interrumpido por destellos de bares con techos de paja, estudios de arte y alguna que otra galer\u00eda con obras de pintores residentes. Algunas noches, el aire resuena con melod\u00edas improvisadas mientras los m\u00fasicos visitantes se congregan en patios al aire libre, sus ritmos se mezclan con el silbido de los insectos y el arrullo de las olas lejanas.<\/p>\n<p>Sin embargo, las tormentas siguen siendo actores omnipresentes en la historia de la isla. En 1961, la marejada del hurac\u00e1n Hattie destruy\u00f3 la escuela de madera, cobr\u00e1ndose trece vidas \u2014la mayor\u00eda de los ni\u00f1os que se refugiaban en ella\u2014 e impuls\u00f3 una r\u00e1pida reconstrucci\u00f3n supervisada por el comit\u00e9 de emergencia del gobernador Thornley y con la ayuda de helic\u00f3pteros del ej\u00e9rcito brit\u00e1nico. Tempestades posteriores \u2014la m\u00e1s reciente, el hurac\u00e1n Keith en el a\u00f1o 2000\u2014 han puesto a prueba la determinaci\u00f3n de una isla cuya elevaci\u00f3n en ning\u00fan lugar supera los dos metros y medio. Cada vez que toca tierra, la vegetaci\u00f3n se desvanece, pero las arenas coralinas y los manglares se recuperan con el paso de las estaciones, testimonio de la sutil resiliencia inscrita en la geolog\u00eda misma de la isla.<\/p>\n<p>Esta resiliencia geol\u00f3gica refuerza el atractivo de Caye Caulker como punto de partida para varias reservas marinas. Hol Chan se encuentra a media hora en barco mar adentro, y sus jardines de coral maduros y su abundante pesca atraen a los buceadores con esn\u00f3rquel a un ritmo uniforme establecido por acuerdo local. Junto a \u00e9l se encuentra Shark and Ray Alley, donde tiburones nodriza y rayas del sur se deslizan entre los nadadores que sostienen moment\u00e1neamente bocados de caracolas rotas. M\u00e1s all\u00e1, las excursiones al atol\u00f3n Turneffe y al famoso Gran Agujero Azul invitan a los buceadores certificados a descender a las profundidades de 124 metros del cavernoso sumidero, flanqueado por estalactitas y tiburones de arrecife. Si bien muchos consideran la breve inmersi\u00f3n como un rito obligatorio en lugar de una maravilla duradera, el regreso a trav\u00e9s de sitios de buceo secundarios a menudo revela peces trompeta acechando pin\u00e1culos de coral y bancos de pargos que se mueven en espiral en sincron\u00eda.<\/p>\n<p>Las excursiones en kayak recorren los m\u00e1rgenes de manglares al norte de la isla, donde Tsunami Adventures ofrece embarcaciones para dos, ideales para recorrer la costa de sotavento en busca de garzas, garcetas y el esquivo rasc\u00f3n manglar. Mientras tanto, los ch\u00e1rteres de un d\u00eda permiten el paso a islotes apartados donde hileras de nasas para caracolas y langostas dan fe de la recolecci\u00f3n tradicional, y el almuerzo se prepara al aire libre en cubierta. Para quienes se sienten atra\u00eddos por la fauna terrestre, el cercano Santuario de Vida Silvestre Swallow Caye, fundado gracias a la iniciativa del conservacionista local Chocolate Heredia, ofrece excursiones guiadas para observar manat\u00edes. Aunque est\u00e1 prohibido nadar con estas criaturas, los ejemplares j\u00f3venes a veces se acercan lo suficiente como para observar a quienes practican snorkel con benigna curiosidad.<\/p>\n<p>Los visitantes llegan en avionetas bimotor a la modesta pista asfaltada de Cayo Caulker. Los vuelos desde los aeropuertos internacionales o municipales de la Ciudad de Belice ahorran de diez a quince minutos de viaje, con un costo adicional de unos setenta y cinco d\u00f3lares estadounidenses por trayecto. Los taxis acu\u00e1ticos de alta velocidad son m\u00e1s comunes: dos operadores transportan pasajeros a la Ciudad de Belice en cuarenta y cinco minutos y luego a San Pedro, con tarifas que oscilan entre veinte y treinta y cinco d\u00f3lares belice\u00f1os por trayecto. En d\u00edas ventosos, los clientes se sientan en los bancos de popa para absorber mejor el oleaje; por el contrario, los viajes al amanecer ofrecen un mar tranquilo que refleja el sol naciente.<\/p>\n<p>Dentro del pueblo, el comercio bulle en Front Street, donde las tiendas de regalos exhiben hamacas, joyer\u00eda local y textiles tejidos a mano, y dos cajeros autom\u00e1ticos \u2014el del Atlantic Bank y el de la Cooperativa de Cr\u00e9dito\u2014 a veces se quedan sin efectivo los fines de semana largos. Las transacciones suelen hacerse en d\u00f3lares belice\u00f1os, aunque se acepta la moneda estadounidense a un tipo de cambio fijo de dos a uno. Peque\u00f1os comercios ofrecen ceviche fresco y bebidas fr\u00edas en puestos con estructura de madera, y sobre parrillas abiertas, los filetes de pescado chisporrotean bajo un dosel de hojas de mango.<\/p>\n<p>A falta de playas convencionales, los asientos junto al muelle ofrecen el ambiente perfecto para tardes tranquilas. Los clientes se relajan en sillas de pl\u00e1stico, con las piernas colgando sobre las aguas poco profundas color esmeralda, intercambiando historias de avistamientos de jurels y del chaparr\u00f3n de la noche anterior. El Split funciona como una piscina comunitaria improvisada, con su tranquilo canal que ofrece un respiro del reflejo del sol en la arena blanca de coral que se extiende bajo cada terraza y sendero. All\u00ed, The Lazy Lizard se alza sobre el malec\u00f3n, con sus taburetes a pocos pasos del agua, y el aire impregnado del aroma a ponches de ron con lima y el rasgueo grave de las guitarras de cuerdas de acero.<\/p>\n<p>A pesar de su modesta infraestructura, Caye Caulker ha fomentado un modesto mercado de comercio electr\u00f3nico, permitiendo a los artesanos enviar tallas y textiles m\u00e1s all\u00e1 del horizonte que una vez defini\u00f3 su mundo. Sin embargo, la mayor\u00eda se conforma con intercambiar experiencias en lugar de bienes: el oleaje de gran alcance que azota el arrecife al amanecer; el silencio que se hace sentir cuando un pel\u00edcano planea a baja altura sobre las planicies turquesas; el brillo fosforescente provocado por un remo a la luz de la luna. Estos momentos resisten la mercantilizaci\u00f3n, y se conservan en la memoria y en los suaves ritmos de una isla que invita a sus visitantes a moverse a un ritmo prescrito no por calendarios ni relojes, sino \u00fanicamente por las mareas.<\/p>\n<p>En esta delgada franja de arena y coral, se percibe la entrelazamiento de fuerzas tanto elementales como humanas: siglo y medio de asentamiento, media docena de huracanes, la transici\u00f3n gradual de la red al snorkel y a la investigaci\u00f3n marina. Cada cap\u00edtulo profundiza la personalidad de Caye Caulker: una comunidad moldeada por la necesidad y nutrida por el mar; una econom\u00eda que aprovecha tanto la pesca del d\u00eda como el paso de los viajeros; un lugar donde la vida se desarrolla a un ritmo pausado, guiada por una \u00fanica advertencia garabateada en un letrero desgastado: Ve despacio.<\/p>\n<p>Aqu\u00ed, el mundo elemental permanece al alcance de la mano: la plataforma de coral se agita con vida invisible, el arrecife se yergue como un centinela sobre las olas, y la isla misma descansa ligera sobre el aliento del oc\u00e9ano. Pasar tiempo en Caye Caulker es sintonizarse con estos ritmos, renunciar a la urgencia y, en esa liberaci\u00f3n, percibir las corrientes m\u00e1s sutiles de un lugar que debe su existencia al encuentro de la piedra y la sal, y al esp\u00edritu perdurable de quienes lo llaman hogar.<\/p>","protected":false},"excerpt":{"rendered":"<p>Frente a la costa de Belice, Cayo Caulker es una isla en el mar Caribe. Con menos de 1,6 km de ancho de este a oeste y aproximadamente 8 km de largo de norte a sur, esta isla de coral y piedra caliza personifica la belleza natural y la diversidad cultural. En la isla, Caye Caulker Village es una comunidad de aproximadamente 2.000 personas que se distingue por su actitud relajada y amabilidad.<\/p>","protected":false},"author":1,"featured_media":4715,"parent":9438,"menu_order":0,"comment_status":"closed","ping_status":"closed","template":"elementor_theme","meta":{"_eb_attr":"","footnotes":""},"class_list":["post-9463","page","type-page","status-publish","has-post-thumbnail"],"_links":{"self":[{"href":"https:\/\/travelshelper.com\/es\/wp-json\/wp\/v2\/pages\/9463","targetHints":{"allow":["GET"]}}],"collection":[{"href":"https:\/\/travelshelper.com\/es\/wp-json\/wp\/v2\/pages"}],"about":[{"href":"https:\/\/travelshelper.com\/es\/wp-json\/wp\/v2\/types\/page"}],"author":[{"embeddable":true,"href":"https:\/\/travelshelper.com\/es\/wp-json\/wp\/v2\/users\/1"}],"replies":[{"embeddable":true,"href":"https:\/\/travelshelper.com\/es\/wp-json\/wp\/v2\/comments?post=9463"}],"version-history":[{"count":0,"href":"https:\/\/travelshelper.com\/es\/wp-json\/wp\/v2\/pages\/9463\/revisions"}],"up":[{"embeddable":true,"href":"https:\/\/travelshelper.com\/es\/wp-json\/wp\/v2\/pages\/9438"}],"wp:featuredmedia":[{"embeddable":true,"href":"https:\/\/travelshelper.com\/es\/wp-json\/wp\/v2\/media\/4715"}],"wp:attachment":[{"href":"https:\/\/travelshelper.com\/es\/wp-json\/wp\/v2\/media?parent=9463"}],"curies":[{"name":"wp","href":"https:\/\/api.w.org\/{rel}","templated":true}]}}