{"id":9282,"date":"2024-09-07T20:34:39","date_gmt":"2024-09-07T20:34:39","guid":{"rendered":"https:\/\/travelshelper.com\/staging\/?page_id=9282"},"modified":"2026-03-13T15:01:15","modified_gmt":"2026-03-13T15:01:15","slug":"costa-rica","status":"publish","type":"page","link":"https:\/\/travelshelper.com\/es\/destinations\/north-america\/costa-rica\/","title":{"rendered":"Costa Rica"},"content":{"rendered":"<p>Costa Rica, una naci\u00f3n de apenas cincuenta mil kil\u00f3metros cuadrados, pero repleta de diversidad ecol\u00f3gica y cultural, alberga a poco m\u00e1s de cinco millones de habitantes en su exuberante territorio. Sin embargo, tan solo en San Jos\u00e9, m\u00e1s de trescientas cincuenta mil almas convergen a diario en los ritmos de la vida urbana, mientras que casi dos millones habitan en el amplio abrazo metropolitano. Enclavada entre las ondulantes colinas de Nicaragua al norte y las tierras bajas tropicales de Panam\u00e1 al sureste, y acunada por las costas del Caribe y el Pac\u00edfico al este y al oeste, respectivamente, esta esbelta rep\u00fablica domina tanto la encrucijada continental como la soberan\u00eda insular, extendiendo su dominio mar\u00edtimo incluso hasta la Isla del Coco, donde la frontera con Ecuador se extiende hacia el sur. Costa Rica, una democracia presidencial estable, financiada por una fuerza laboral celebrada por sus logros acad\u00e9micos (la educaci\u00f3n consume casi el siete por ciento de los fondos p\u00fablicos frente a una media mundial de poco m\u00e1s del cuatro por ciento), se ha metamorfoseado de una econom\u00eda agraria en un mosaico de finanzas, productos farmac\u00e9uticos, servicios corporativos y ecoturismo, todos ellos impulsados \u200b\u200bpor zonas francas con ventajas fiscales.<\/p>\n<p>En esta breve introducci\u00f3n se encuentra la esencia de la singularidad de Costa Rica: un pa\u00eds que aboli\u00f3 el ej\u00e9rcito en 1949 tras un breve conflicto civil, optando en cambio por invertir en desarrollo humano, cuidado del medio ambiente y cohesi\u00f3n social. Desde entonces, ha trazado un camino inusual entre sus vecinos: prescindiendo del ej\u00e9rcito, fomentando la democracia constitucional y elevando el bienestar humano a un plano casi sagrado. Su \u00cdndice de Desarrollo Humano la sit\u00faa entre las sesenta mejores naciones del mundo, mientras que en Am\u00e9rica Latina ocupa el quinto lugar, superando a pa\u00edses con ingresos comparables tanto en desarrollo como en equidad. Declarada la naci\u00f3n m\u00e1s feliz seg\u00fan diversos \u00edndices, sus ciudadanos adoptan la frase &#034;Pura Vida&#034; no como un eslogan superficial, sino como una filosof\u00eda vivida, un testimonio de alegr\u00eda cotidiana, libre de las presiones comunes en otros lugares.<\/p>\n<p>El pulso del subcontinente a menudo se ralentiza donde se alzan las monta\u00f1as, y en el coraz\u00f3n de Costa Rica se despliega el Valle Central, una vasta cuna de ciudades y tierras altas cafetaleras rodeadas de volcanes. Aqu\u00ed, San Jos\u00e9 reina no como una capital lejana, sino como el crisol de la identidad nacional: una extensi\u00f3n de avenidas arboladas, teatros de la \u00e9poca colonial y museos que trazan la trayectoria de la rep\u00fablica desde la colonia espa\u00f1ola hasta el estado moderno. Alajuela, Cartago (antigua sede nacional), Heredia y San Ram\u00f3n completan el cuarteto de ciudades que dominan el valle, cada una con su propio legado: la bas\u00edlica barroca de Cartago, las puertas del aeropuerto de Alajuela, las fincas cafetaleras de Heredia, las ferias agr\u00edcolas de San Ram\u00f3n. M\u00e1s all\u00e1 de estos centros urbanos, la tierra se despliega hacia el Pac\u00edfico en la regi\u00f3n de Guanacaste, donde los bosques secos dan paso silenciosamente a llanuras salpicadas de cactus y costas bordeadas de olas; hacia Lim\u00f3n, en el flanco caribe\u00f1o, donde los ritmos y lenguas afrocaribe\u00f1as demuestran las ra\u00edces heterog\u00e9neas de la naci\u00f3n; y hacia el norte monta\u00f1oso, donde el cono perfecto de Arenal preside aguas termales y bosques nubosos.<\/p>\n<p>Costa Rica, una tierra elevada que alcanza los tres mil ochocientos diecinueve metros del Cerro Chirrip\u00f3, tambi\u00e9n alberga la imponente cumbre del Volc\u00e1n Iraz\u00fa, mientras que el Lago Arenal refleja el cielo a trav\u00e9s de una superficie tranquila nacida del drama tect\u00f3nico. De los catorce volcanes con nombre, la mitad se han agitado en los \u00faltimos tres cuartos de siglo, y cada erupci\u00f3n ha grabado nuevos contornos en el lienzo de la tierra. El clima del pa\u00eds, estrictamente tropical, divide el a\u00f1o entre estaciones secas y h\u00famedas, desde las frescas ma\u00f1anas de diciembre hasta los mediod\u00edas abrasadores de abril, y luego las lluvias que persisten hasta el final de noviembre. Sin embargo, estas binarias delatan matices: las lluvias fuera de temporada marcan los meses secos, y en la estaci\u00f3n h\u00fameda, los ef\u00edmeros amaneceres tallan arco\u00edris en cielos lluviosos.<\/p>\n<p>La topograf\u00eda y la trayectoria hist\u00f3rica de Costa Rica han impulsado la vitalidad econ\u00f3mica del Valle Central, pero su verdadera riqueza reside en casi el veintisiete por ciento de su territorio destinado a parques y reservas nacionales, la mayor proporci\u00f3n de tierra protegida del mundo. Dentro de estos santuarios, tan solo el 0,03 por ciento del terreno global alberga casi el cinco por ciento de todas las especies, desde los resplandecientes quetzales en los bosques nubosos de Monteverde hasta las tortugas la\u00fad que anidan en las playas de arena negra de Tortuguero. Las laderas selv\u00e1ticas de Manuel Antonio se desploman hacia el mar, mientras que la remota naturaleza de Corcovado alberga tapires, jaguares y lapas rojas, ecos de la antig\u00fcedad, cuando las culturas mesoamericanas y sudamericanas se unieron en la pen\u00ednsula de Nicoya, dejando huella prehisp\u00e1nica en estas costas.<\/p>\n<p>Mucho antes de la llegada de los conquistadores en el siglo XVI, los caciques comerciaban oro, cer\u00e1mica y sal a lo largo de estas costas; la corona espa\u00f1ola releg\u00f3 su colonia a la periferia, permitiendo solo asentamientos dispersos. Con la independencia en 1821, primero como parte del Imperio Mexicano de Agust\u00edn de Iturbide y luego dentro de una fugaz federaci\u00f3n centroamericana, Costa Rica finalmente afirm\u00f3 su plena soberan\u00eda en 1847. Sigui\u00f3 un siglo marcado por las exportaciones de caf\u00e9, las empresas ferroviarias extranjeras y el ascenso gradual de una \u00e9lite cafetalera que sembr\u00f3 la alfabetizaci\u00f3n y las instituciones c\u00edvicas. Sin embargo, la verdadera ruptura lleg\u00f3 en 1948, cuando una crisis electoral de once d\u00edas deriv\u00f3 en una guerra civil; su conclusi\u00f3n dio como resultado una constituci\u00f3n que proscribi\u00f3 al ej\u00e9rcito, redirigi\u00f3 recursos hacia escuelas y hospitales y leg\u00f3 a la naci\u00f3n su \u00e9tica moderna de paz.<\/p>\n<p>En los cincuenta a\u00f1os transcurridos desde esa decisi\u00f3n, Costa Rica ha construido una democracia s\u00f3lida. Su prensa libre se encuentra entre las m\u00e1s libres del mundo, sus procesos electorales son infaliblemente transparentes y sus instituciones, desde el poder judicial hasta los organismos de control independientes, se ganan la confianza p\u00fablica. Esta confianza sustenta el continuo desempe\u00f1o del pa\u00eds en los \u00edndices globales: una posici\u00f3n entre los veinticinco primeros en libertad de prensa, altas puntuaciones en medidas de gobernanza y un constante reconocimiento del bienestar subjetivo de sus ciudadanos. Mientras otros estados centroamericanos se han tambaleado en medio de la violencia pol\u00edtica y la turbulencia econ\u00f3mica, Costa Rica ha mantenido la estabilidad, atrayendo inversi\u00f3n extranjera a sus parques tecnol\u00f3gicos y cl\u00fasteres farmac\u00e9uticos.<\/p>\n<p>Sin embargo, la prosperidad no ha hecho que Costa Rica sea inmune a la fragilidad ambiental. El aumento de las temperaturas desaf\u00eda los ecosistemas de gran altitud, mientras que el aumento del nivel del mar invade ambas costas. Los patrones de lluvia alterados amenazan las cosechas de caf\u00e9 de Tarraz\u00fa y las plantaciones de banano de Lim\u00f3n; inundaciones, deslizamientos de tierra, ciclones y sequ\u00edas ahora marcan lo que antes era una estacionalidad predecible. Casi cuatro de cada cinco costarricenses residen en zonas cada vez m\u00e1s propensas a tales peligros, y una proporci\u00f3n similar del PIB nacional depende de sectores vulnerables a los cambios clim\u00e1ticos. La respuesta del gobierno ha incluido ambiciosas pol\u00edticas de descarbonizaci\u00f3n, con el objetivo de cero emisiones netas para mediados de siglo, y una dependencia casi universal de las energ\u00edas renovables: el 95 % de la electricidad ahora proviene del agua, el calor geot\u00e9rmico, el viento, la radiaci\u00f3n solar y la biomasa. Sin embargo, en 2024, el racionamiento inducido por la sequ\u00eda revel\u00f3 la fragilidad de un sistema a\u00fan atado a los ciclos hidrol\u00f3gicos.<\/p>\n<p>Los contornos de la sociedad reflejan su entorno: los datos del censo de 2022, los primeros en enumerar la identidad \u00e9tnica en noventa y cinco a\u00f1os, registran una pluralidad de blancos y mestizos junto a comunidades de ascendencia mulata, afrocaribe\u00f1a, ind\u00edgena, china y de otras etnias. El legado de las influencias chibcha y n\u00e1huatl perdura en sitios arqueol\u00f3gicos y tradiciones populares, mientras que la poblaci\u00f3n afrocostarricense de Lim\u00f3n conserva un criollo con ra\u00edces inglesas, surgido de las migraciones laborales jamaicanas del siglo XIX. Predominan el espa\u00f1ol y los ritos cat\u00f3licos \u2014ecos de la \u00e9poca colonial\u2014, pero el entramado cultural del pa\u00eds ha entretejido elementos de \u00c1frica, Asia y Am\u00e9rica en su gastronom\u00eda, m\u00fasica y vida cotidiana.<\/p>\n<p>La m\u00fasica de marimba resuena en las plazas; la soca, la salsa, la cumbia y la bachata animan las pistas de baile, aunque, curiosamente, entre las generaciones mayores m\u00e1s que entre los j\u00f3venes. La guitarra sigue siendo un acompa\u00f1amiento omnipresente en los bailes folcl\u00f3ricos, pero la marimba, con sus teclas de madera y sus resonantes c\u00e1maras, se erige como el instrumento nacional; sus melod\u00edas, un emblema sonoro de la identidad costarricense. El apoyo institucional a las artes proviene del Ministerio de Cultura, Juventud y Deportes, subdividido en divisiones que supervisan las artes visuales y esc\u00e9nicas, la m\u00fasica, el patrimonio y las bibliotecas; las Orquestas Sinf\u00f3nica Nacional y Juvenil ejemplifican la sinergia entre la cultura y la participaci\u00f3n juvenil.<\/p>\n<p>En cuanto a la comida, Costa Rica ofrece platillos que hablan de historias complejas: tamales ind\u00edgenas junto con granos y carnes introducidos por los espa\u00f1oles; influencias caribe\u00f1as y africanas posteriores se manifiestan en especias y guisos. El arroz con frijoles (gallo pinto) constituye el desayuno nacional, mientras que los casados \u200b\u200bcombinan carnes, pl\u00e1tanos y ensaladas en un refrigerio de mediod\u00eda. Las sodas callejeras sirven ceviche y empanadas frescas, y los pueblos costeros ofrecen mariscos con infusi\u00f3n de coco con sabor a salmuera y sol. Cada receta evoca la migraci\u00f3n y la adaptaci\u00f3n, de una sociedad que ha dado la bienvenida a nuevos ingredientes y nuevas personas sin renunciar a sus sabores originales.<\/p>\n<p>Los turistas acuden en masa al pa\u00eds que National Geographic elogi\u00f3 como el m\u00e1s feliz del mundo, donde &#034;Pura Vida&#034; funciona a la vez como saludo y mantra, un recordatorio de que los placeres sencillos \u2014playas soleadas, bosques nubosos envueltos en niebla, ver una guacamaya roja en vuelo\u2014 superan las cargas de la vida moderna. Desde los arrecifes de coral de Cahuita hasta la cumbre azotada por el viento del Chirrip\u00f3; desde la lejan\u00eda de la Isla del Coco hasta los exuberantes corredores de Corcovado, Costa Rica ofrece un itinerario que trasciende el turismo convencional. Rutas como el Camino de Costa Rica atraviesan el istmo del Atl\u00e1ntico al Pac\u00edfico, mientras que los recorridos por el Camino del Cielo y los Colibr\u00edes revelan un espect\u00e1culo aviar en las crestas monta\u00f1osas.<\/p>\n<p>Sin embargo, el mayor legado del pa\u00eds sigue siendo su compromiso con la armon\u00eda \u2014entre las personas, el gobierno y la naturaleza\u2014, un equilibrio alcanzado tras la guerra civil, consagrado por la abolici\u00f3n de las armas y mantenido durante generaciones de gesti\u00f3n responsable. Es una rep\u00fablica peque\u00f1a en extensi\u00f3n territorial, pero vasta en visi\u00f3n: un laboratorio viviente donde coexisten la democracia, el desarrollo y la biodiversidad. En Costa Rica, la vida transcurre a escala humana, medida por la cadencia del canto de los p\u00e1jaros y el fluir de los r\u00edos, m\u00e1s que por el estruendo de las armas; prueba inequ\u00edvoca de que la verdadera seguridad no reside en las almenas, sino en las escuelas, los hospitales y la preservaci\u00f3n de la naturaleza. Y en medio del ir y venir de las estaciones, sus ciudadanos siguen afirmando, d\u00eda a d\u00eda, el sencillo credo de la Pura Vida, y al hacerlo, trazan un rumbo que inspira m\u00e1s all\u00e1 de sus fronteras.<\/p>","protected":false},"excerpt":{"rendered":"<p>Costa Rica, oficialmente conocida como la Rep\u00fablica de Costa Rica, es un pa\u00eds fascinante ubicado en la regi\u00f3n centroamericana de Norteam\u00e9rica. Su nombre, que se traduce como &#034;Costa Rica&#034;, refleja la abundante belleza y recursos naturales del pa\u00eds. Limita al norte con Nicaragua, al noreste con el Mar Caribe, al sureste con Panam\u00e1 y al suroeste con el Oc\u00e9ano Pac\u00edfico. Costa Rica tambi\u00e9n comparte frontera mar\u00edtima con Ecuador, al sur de la Isla del Coco. Esta ubicaci\u00f3n geogr\u00e1fica le ha otorgado a Costa Rica una gran diversidad de ecosistemas y una rica biodiversidad que atrae a amantes de la naturaleza de todo el mundo.<\/p>","protected":false},"author":1,"featured_media":4241,"parent":24084,"menu_order":0,"comment_status":"closed","ping_status":"closed","template":"elementor_theme","meta":{"_eb_attr":"","footnotes":""},"class_list":["post-9282","page","type-page","status-publish","has-post-thumbnail"],"_links":{"self":[{"href":"https:\/\/travelshelper.com\/es\/wp-json\/wp\/v2\/pages\/9282","targetHints":{"allow":["GET"]}}],"collection":[{"href":"https:\/\/travelshelper.com\/es\/wp-json\/wp\/v2\/pages"}],"about":[{"href":"https:\/\/travelshelper.com\/es\/wp-json\/wp\/v2\/types\/page"}],"author":[{"embeddable":true,"href":"https:\/\/travelshelper.com\/es\/wp-json\/wp\/v2\/users\/1"}],"replies":[{"embeddable":true,"href":"https:\/\/travelshelper.com\/es\/wp-json\/wp\/v2\/comments?post=9282"}],"version-history":[{"count":0,"href":"https:\/\/travelshelper.com\/es\/wp-json\/wp\/v2\/pages\/9282\/revisions"}],"up":[{"embeddable":true,"href":"https:\/\/travelshelper.com\/es\/wp-json\/wp\/v2\/pages\/24084"}],"wp:featuredmedia":[{"embeddable":true,"href":"https:\/\/travelshelper.com\/es\/wp-json\/wp\/v2\/media\/4241"}],"wp:attachment":[{"href":"https:\/\/travelshelper.com\/es\/wp-json\/wp\/v2\/media?parent=9282"}],"curies":[{"name":"wp","href":"https:\/\/api.w.org\/{rel}","templated":true}]}}