{"id":9063,"date":"2024-09-07T10:31:08","date_gmt":"2024-09-07T10:31:08","guid":{"rendered":"https:\/\/travelshelper.com\/staging\/?page_id=9063"},"modified":"2026-03-13T16:28:29","modified_gmt":"2026-03-13T16:28:29","slug":"san-jorge","status":"publish","type":"page","link":"https:\/\/travelshelper.com\/es\/destinations\/north-america\/grenada\/st-georges\/","title":{"rendered":"San Jorge"},"content":{"rendered":"<p>St. George&#039;s, el coraz\u00f3n palpitante de Granada y su mayor asentamiento, se alza al borde de un puerto en forma de herradura, con su tapiz urbano despleg\u00e1ndose sobre colinas que anta\u00f1o bordeaban un cr\u00e1ter volc\u00e1nico. La ciudad llama la atenci\u00f3n no solo por ser el principal puerto de la isla, sino tambi\u00e9n por ser sede de la Facultad de Medicina de la Universidad de St. George y la principal puerta de entrada a\u00e9rea del pa\u00eds, el Aeropuerto Internacional Maurice Bishop. Ubicada en el extremo sureste de las Islas de Barlovento (Granada se extiende dieciocho kil\u00f3metros de ancho por treinta y cuatro de largo), esta capital yuxtapone siglos de legado colonial con una econom\u00eda vibrante y moderna basada en el cacao, la nuez moscada y el macis.<\/p>\n<p>Desde su fundaci\u00f3n en 1650 bajo el auspicio franc\u00e9s, y a trav\u00e9s de sucesivas conflagraciones, terremotos y huracanes, St. George ha resurgido continuamente, guiada por la promesa de su puerto natural y la resiliencia de su gente. Las lluvias tropicales nutren los bosques de vainilla, canela y jengibre, mientras que un clima templado por las suaves brisas marinas asegura la posici\u00f3n de la isla entre los principales productores de especias del Caribe. Un visitante que recorra hoy la costa de Carenage encontrar\u00e1 paseos impecables y casas de comerciantes en tonos pastel; sin embargo, un poco m\u00e1s all\u00e1, estrechas callejuelas ascienden abruptamente hacia barrios donde los muros de estuco coralino evocan las ambiciones coloniales y el susurro de la historia se superpone al murmullo de la vida moderna.<\/p>\n<p>Los or\u00edgenes de Fort Royal Town, predecesor de la actual St. George&#039;s, se remontan al pragmatismo de los primeros colonos franceses, quienes, tras expulsar a las poblaciones caribes nativas mediante brutales escaramuzas, trasladaron su asentamiento a terrenos m\u00e1s altos como respuesta a la crecida de las aguas de la laguna y al impacto de la malaria. Para 1700, un nuevo plano urbano traz\u00f3 calles rectangulares y ordenadas, entre ellas St. Juille y St. John&#039;s, que a\u00fan perduran en la cuadr\u00edcula urbana. Bastiones de piedra coronaban los promontorios, dise\u00f1ados por Jean de Giou de Caylus, pero pocos vestigios permanecen intactos; el tiempo y las tempestades han erosionado gran parte de la fortaleza que anta\u00f1o vigilaba las rutas mar\u00edtimas. Cuando Gran Breta\u00f1a reclam\u00f3 la isla en 1763, los nombres se anglicanizaron: Fort Royale se convirti\u00f3 en Fort George; Fort Royal Town se transform\u00f3 en Saint George&#039;s Town; y el patrocinio del rey Jorge III otorg\u00f3 a su nombre el peso de un imperio.<\/p>\n<p>A lo largo del siglo XVIII, las conflagraciones de 1771, 1775 y 1792 devastaron las estructuras de madera, lo que provoc\u00f3 edictos contra la construcci\u00f3n en madera y marc\u00f3 el comienzo de una era de casas de mamposter\u00eda que fortalecieron la estructura de la ciudad. Sin embargo, los temblores geol\u00f3gicos de 1867 y 1888 recordar\u00edan a los habitantes el origen volc\u00e1nico de la isla, cuando el istmo que un\u00eda la laguna con el Caribe se hundi\u00f3 repentinamente bajo el mar. Incluso ahora, se pueden observar las ruinas de aquella calzada hundida en las aguas cristalinas.<\/p>\n<p>A finales del siglo XIX, tras la retirada de Bridgetown, St. George&#039;s asumi\u00f3 la funci\u00f3n de capital de las Islas de Barlovento Brit\u00e1nicas. El caf\u00e9 art\u00edstico Tikal abri\u00f3 sus puertas en diciembre de 1959, marcando un momento en el que la vida cultural comenz\u00f3 a florecer junto con la funci\u00f3n administrativa. La independencia lleg\u00f3 en 1974, y aunque la d\u00e9cada siguiente marc\u00f3 el comienzo de una turbulencia pol\u00edtica \u2014que culmin\u00f3 con un golpe de Estado de izquierdas y la posterior intervenci\u00f3n estadounidense en 1983\u2014, la identidad de la ciudad permaneci\u00f3 anclada en su puerto, sus iglesias y sus plantaciones de especias.<\/p>\n<p>El hurac\u00e1n Iv\u00e1n, en septiembre de 2004, asest\u00f3 un golpe de una ferocidad sin precedentes. Casi el noventa por ciento de las viviendas sufrieron da\u00f1os; los \u00e1rboles de nuez moscada, que se balanceaban y eran centenarios, s\u00edmbolos del sustento econ\u00f3mico de Granada, quedaron destrozados. Sin embargo, la solidaridad internacional, impulsada por donantes de Canad\u00e1, Estados Unidos, China, Venezuela, Trinidad y Tobago y la Uni\u00f3n Europea, impuls\u00f3 una notable oleada de reconstrucci\u00f3n. Para 2007, St. George&#039;s dio la bienvenida a la Copa Mundial de Cr\u00edquet; sus costas se llenaron de pabellones y multitudes de aficionados, testimonio de su r\u00e1pida recuperaci\u00f3n y la tenacidad de sus habitantes. Hoy, la ciudad se encuentra entre los diez mejores destinos para yates del Caribe; su reci\u00e9n inaugurado muelle de cruceros dirige a los visitantes hacia Lagoon Road y Melville Street, donde los restaurantes y las tiendas rebosan de actividad.<\/p>\n<p>Dentro del n\u00facleo urbano, el Carenage sigue siendo el centro neur\u00e1lgico, con su malec\u00f3n flanqueado por comerciantes de especias y vendedores que ofrecen pasteles de ron y nibs de cacao. La catedral cat\u00f3lica romana, con su torre que data de 1818, presenta a los visitantes un interior resplandeciente de color: azules p\u00e1lidos y rojos coral se funden en arcos que se elevan hacia un techo abovedado. A pocas cuadras, la Iglesia Anglicana de San Jorge se alza renovada: erigida en 1825, sus campanas mec\u00e1nicas instaladas en 1904 marcaban las horas; la tormenta y el abandono redujeron sus muros a la ruina en 2004, pero una d\u00e9cada de reconstrucci\u00f3n restaur\u00f3 su nave y reforz\u00f3 sus vidrieras para recibir de nuevo a los fieles.<\/p>\n<p>Ascendiendo a pie hacia Fort George, el visitante recorre sinuosos senderos y pasa junto a grupos de casas que se asientan sobre empinadas laderas, con sus terrazas cubiertas de buganvillas. El fuerte, cuyos bastiones de piedra se construyeron por primera vez en 1705, ha sido reutilizado por la polic\u00eda local: una sala alberga un gimnasio y otra un taller de costura. Las murallas, aunque deterioradas por el tiempo y los huracanes, ofrecen impresionantes vistas panor\u00e1micas: al este, el Carenage se extiende hacia el Caribe; al oeste, las colinas se envuelven en un bosque esmeralda. Una m\u00f3dica tarifa de entrada permite la entrada a los viajeros \u2014solo dos d\u00f3lares\u2014 y, a cambio, el silencio de siglos parece posarse sobre las almenas.<\/p>\n<p>Culturalmente, los ritmos de la ciudad est\u00e1n ligados al Carnaval, que se celebra cada a\u00f1o durante la segunda semana de agosto. Lo que comienza el domingo por la noche, bajo crescendos de bandas de percusi\u00f3n, se convierte en el espect\u00e1culo del lunes en el Parque de la Reina, donde los clientes y las reinas del calipso compiten por el reconocimiento. Para el martes, las calles vibran con percusi\u00f3n y melod\u00eda mientras los m\u00fasicos de percusi\u00f3n desfilan serpenteantes por callejones anta\u00f1o transitados por casacas rojas francesas y brit\u00e1nicas. Este festival, que conmemora el fin de la esclavitud, honra la ascendencia y afirma una vitalidad colectiva que sustenta la vida cotidiana.<\/p>\n<p>M\u00e1s all\u00e1 de los l\u00edmites de la ciudad, senderos clandestinos serpentean a trav\u00e9s de la selva tropical. Las Cataratas de Santa Margarita, llamadas as\u00ed por su paso cerca de siete cascadas, ofrecen una caminata de tres horas a trav\u00e9s de la frondosa extensi\u00f3n de Grand Etang: una inmersi\u00f3n en los rayos de sol que se filtran entre los imponentes \u00e1rboles, donde los helechos brillan con el roc\u00edo y el silencio solo se rompe con el rumor del agua sobre la roca. De vuelta en la ciudad, el Museo Nacional de Granada ocupa antiguos cuarteles franceses de 1704, estructuras que posteriormente funcionaron como prisi\u00f3n y hotel. En sus galer\u00edas se encuentran artefactos caribes y arahuacos, reliquias de maquinaria para procesar az\u00facar, herramientas de un anta\u00f1o pr\u00f3spero comercio ballenero y, curiosamente, un ba\u00f1o de m\u00e1rmol que una vez fue instalado para Josefina Bonaparte.<\/p>\n<p>Un visitante moderno que llega por aire aterriza en el Aeropuerto Internacional Maurice Bishop, guiado por la brisa marina de Point Saline; en temporada alta, las conexiones semanales incluso llegan a Fr\u00e1ncfort, aunque la mayor\u00eda de los viajeros hacen escala en Gran Breta\u00f1a o Estados Unidos. En la planta baja, los minibuses parten de la estaci\u00f3n central de autobuses, cada uno marcado con su destino: c\u00f3digos sencillos que gu\u00edan a los viajeros hacia Gouyave, Sauteurs o las bah\u00edas rec\u00f3nditas de la isla. Mientras tanto, la terminal de cruceros de Carenage y el adyacente centro comercial Esplanada, inaugurados a mediados de la d\u00e9cada de 2000, se\u00f1alan la creciente integraci\u00f3n de la ciudad en los circuitos tur\u00edsticos globales.<\/p>\n<p>Los urbanistas no se han quedado de brazos cruzados. Un proyecto de desarrollo de Z\u00fcblin prev\u00e9 un segundo muelle para cruceros y un t\u00fanel peatonal bajo la v\u00eda p\u00fablica del T\u00fanel Sendall, que conectar\u00e1 la pen\u00ednsula a los pies de Fort George con el recinto hospitalario. Las carreteras en el extremo oeste de Carenage se han ensanchado para facilitar el tr\u00e1fico, pero la precauci\u00f3n sigue siendo fundamental: las calles de un solo sentido sin se\u00f1alizar y las sutiles isletas de tr\u00e1fico \u2014algunas apenas bolardos pintados\u2014 pueden confundir al conductor desprevenido.<\/p>\n<p>A lo largo de siglos de transformaci\u00f3n \u2014ambici\u00f3n de colonos, rivalidad colonial, cat\u00e1strofes naturales y reinvenci\u00f3n moderna\u2014, St. George&#039;s conserva una coherencia interior, la sensaci\u00f3n de que cada terraza, cada basti\u00f3n, cada frangipani en flor pertenece a una narrativa en desarrollo. Las pocas piedras y las numerosas especias de la ciudad dan testimonio de fuerzas tanto geol\u00f3gicas como humanas: la agitaci\u00f3n volc\u00e1nica que molde\u00f3 la curva del puerto; los ingenieros europeos que buscaron dominar sus aguas; los pueblos liberados que bailaron calipso bajo puestos de madera; y los custodios contempor\u00e1neos que reconstruyen las torres de las catedrales y los bosques de nuez moscada.<\/p>\n<p>Ning\u00fan otro puerto caribe\u00f1o combina una profundidad tan serena con una energ\u00eda palpable. Al amanecer, los pescadores lanzan sus redes contra un fondo de luz color melocot\u00f3n, redes que regresan con peces arco\u00edris destinados a los puestos del mercado de Queen&#039;s Park. El calor de la tarde envuelve la ciudad como un chal, invitando a la siesta en terrazas sombreadas y llevando a los turistas en busca de la fresca nave de la catedral. La noche cae bajo el resplandor de los faroles que bordean la calle Melville, donde los quioscos ofrecen ron especiado y brindis en criollo franc\u00e9s, que parecen himnos. En cada momento, convergen la resonancia de la historia y la cadencia de la vida cotidiana.<\/p>\n<p>Vislumbrar St. George es observar una ciudad que lleva su pasado en la memoria y su futuro en cada teja reparada. Aqu\u00ed, el aroma a vainilla perdura en los callejones; all\u00e1, las ruinas de Fort George evocan un mundo a la vez marcial y magn\u00edfico. Sobre los tejados, antenas parab\u00f3licas se yerguen junto a muros de piedra volc\u00e1nica, s\u00edmbolos de un lugar que abraza tanto las corrientes globales como las costumbres locales. Durante diecisiete d\u00e9cadas, esa costa ha acogido a colonizadores, viajeros, evacuados de tormentas, acad\u00e9micos que estudian medicina y mujeres con trajes de plumas bailando al ritmo de los tambores met\u00e1licos.<\/p>\n<p>As\u00ed es el pulso narrativo de la capital de Granada: un lugar de contrastes perdurables, donde la cuna volc\u00e1nica del puerto da paso a avenidas repletas de comercio y cultura. Es aqu\u00ed, entre la convergencia de calles de piedra caliza y florecientes mercados de especias, donde la esencia de una isla \u2014su historia grabada en la roca coralina y su futuro perfumado con nuez moscada\u2014 se hace indeleblemente visible. En esa visibilidad residen tanto una promesa como una verdad sepulcral: St. George&#039;s vive como un libro abierto, cada p\u00e1gina pasada por la marea, la tempestad, el triunfo y las manos de quienes consideran este puerto en forma de herradura su hogar.<\/p>","protected":false},"excerpt":{"rendered":"<p>St. George&#039;s es la vibrante capital de Granada, un pa\u00eds insular caribe\u00f1o. Enclavada en el regazo de un antiguo cr\u00e1ter volc\u00e1nico, la ciudad goza de una ubicaci\u00f3n ideal en un puerto con forma de herradura que ofrece impresionantes vistas y una topograf\u00eda distintiva. St. George&#039;s es un concurrido centro de belleza y utilidad, ya que su puerto natural no solo ofrece vistas impresionantes, sino que tambi\u00e9n es un lugar vital para las operaciones mar\u00edtimas.<\/p>","protected":false},"author":1,"featured_media":3103,"parent":9051,"menu_order":0,"comment_status":"closed","ping_status":"closed","template":"elementor_theme","meta":{"_eb_attr":"","footnotes":""},"class_list":["post-9063","page","type-page","status-publish","has-post-thumbnail"],"_links":{"self":[{"href":"https:\/\/travelshelper.com\/es\/wp-json\/wp\/v2\/pages\/9063","targetHints":{"allow":["GET"]}}],"collection":[{"href":"https:\/\/travelshelper.com\/es\/wp-json\/wp\/v2\/pages"}],"about":[{"href":"https:\/\/travelshelper.com\/es\/wp-json\/wp\/v2\/types\/page"}],"author":[{"embeddable":true,"href":"https:\/\/travelshelper.com\/es\/wp-json\/wp\/v2\/users\/1"}],"replies":[{"embeddable":true,"href":"https:\/\/travelshelper.com\/es\/wp-json\/wp\/v2\/comments?post=9063"}],"version-history":[{"count":0,"href":"https:\/\/travelshelper.com\/es\/wp-json\/wp\/v2\/pages\/9063\/revisions"}],"up":[{"embeddable":true,"href":"https:\/\/travelshelper.com\/es\/wp-json\/wp\/v2\/pages\/9051"}],"wp:featuredmedia":[{"embeddable":true,"href":"https:\/\/travelshelper.com\/es\/wp-json\/wp\/v2\/media\/3103"}],"wp:attachment":[{"href":"https:\/\/travelshelper.com\/es\/wp-json\/wp\/v2\/media?parent=9063"}],"curies":[{"name":"wp","href":"https:\/\/api.w.org\/{rel}","templated":true}]}}