{"id":8931,"date":"2024-09-06T14:44:36","date_gmt":"2024-09-06T14:44:36","guid":{"rendered":"https:\/\/travelshelper.com\/staging\/?page_id=8931"},"modified":"2026-03-13T17:36:17","modified_gmt":"2026-03-13T17:36:17","slug":"calistoga","status":"publish","type":"page","link":"https:\/\/travelshelper.com\/es\/destinations\/north-america\/united-states\/calistoga\/","title":{"rendered":"Calistoga"},"content":{"rendered":"<p>Calistoga, California, es un peque\u00f1o pueblo vin\u00edcola y balneario, famoso por sus aguas termales y el relajado estilo de vida del Valle de Napa. Enclavado en el extremo norte del Valle de Napa, Calistoga tiene tan solo unos 5200 habitantes (censo de 2020). Su poblaci\u00f3n crece los fines de semana con turistas y visitantes de la regi\u00f3n vin\u00edcola. El pueblo abarca aproximadamente 4,6 kil\u00f3metros cuadrados en el condado de Napa, a unos 120 kil\u00f3metros al norte de San Francisco. Se encuentra cerca de la base de las monta\u00f1as Mayacamas (parte de la Cordillera Costera), con el Monte Santa Helena (1300 metros) al norte. Vi\u00f1edos y tierras agr\u00edcolas rodean el soleado valle de Calistoga, y el pueblo se encuentra justo al este del r\u00edo Napa.<\/p>\n<p><strong>Calistoga en cifras:<\/strong><\/p>\n<ul>\n<li><strong>Poblaci\u00f3n:<\/strong> ~5228 (2020). Por raza\/etnia, aproximadamente el 53% son blancos no hispanos y alrededor del 45% son hispanos o latinos (de cualquier raza). La mediana de edad es alta (unos 49 a\u00f1os); muchos jubilados y vinicultores viven aqu\u00ed.<\/li>\n<li><strong>Econom\u00eda:<\/strong> El turismo impulsa la econom\u00eda de Calistoga. Los visitantes acuden a Calistoga para disfrutar de aguas termales, spas y bodegas. El pueblo tambi\u00e9n cuenta con algunos restaurantes, boutiques y peque\u00f1as f\u00e1bricas (por ejemplo, agua mineral embotellada). Desde sus inicios en la miner\u00eda (de oro y mercurio) y la ganader\u00eda, la econom\u00eda local se ha orientado hacia el ocio y la viticultura. Hoy en d\u00eda, predominan los empleos en hosteler\u00eda y la producci\u00f3n de vino. El ingreso familiar promedio es de aproximadamente $84,900 (2023).<\/li>\n<li><strong>Clima:<\/strong> Calistoga tiene un clima mediterr\u00e1neo cl\u00e1sico. Los veranos son muy calurosos y secos, con temperaturas que pueden superar con creces los 38 \u00b0C (Calistoga suele registrar algunas de las temperaturas m\u00e1s altas de Napa; de hecho, aqu\u00ed se han registrado algunas de las temperaturas r\u00e9cord de California). Las m\u00e1ximas diurnas promedian entre 32 y 35 \u00b0C en julio y agosto, pero las noches son bastante m\u00e1s frescas. Los inviernos son suaves y h\u00famedos, con lluvias principalmente de noviembre a marzo. Las heladas son poco frecuentes (una de las razones del auge de la viticultura).<\/li>\n<\/ul>\n<p><strong>Ubicaci\u00f3n:<\/strong> Calistoga se encuentra en la regi\u00f3n de North Bay, en el \u00e1rea de la Bah\u00eda de San Francisco. Se encuentra aproximadamente a 48 kil\u00f3metros al norte de Santa Rosa y a una hora en coche al noroeste del aeropuerto regional del Condado de Sonoma (STS). (Nota: El aeropuerto de San Francisco est\u00e1 a unos 128 kil\u00f3metros al sur). El clima y el paisaje de la ciudad, seg\u00fan su ubicaci\u00f3n geogr\u00e1fica, son t\u00edpicos de un valle interior del norte de California: vi\u00f1as y huertos frutales en terreno llano, con bosques de robles y picos volc\u00e1nicos al oeste.<\/p>\n<p><strong>Instant\u00e1nea hist\u00f3rica:<\/strong> La historia de Calistoga comenz\u00f3 en 1868 cuando el empresario Sam Brannan (uno de los primeros empresarios de California) dise\u00f1\u00f3 la ciudad, inspir\u00e1ndose en los famosos balnearios de aguas termales de Saratoga Springs, Nueva York (de ah\u00ed el nombre &#034;Calistoga&#034;). En una d\u00e9cada, se convirti\u00f3 en un floreciente balneario. Los primeros hoteles y ba\u00f1os atrajeron a residentes de San Francisco y turistas que buscaban alivio a sus dolencias. La antigua piscina ol\u00edmpica Plunge (una enorme piscina climatizada) y los ba\u00f1os originales sobreviven como atracciones. Cabe destacar que el famoso autor Robert Louis Stevenson visit\u00f3 Calistoga en la d\u00e9cada de 1880 y escribi\u00f3 &#034;Silverado Squatters&#034; sobre la ruda vida fronteriza de los primeros d\u00edas de la ciudad. Los incendios forestales han afectado la zona; por ejemplo, en 2017 y 2020, los incendios en las colinas provocaron evacuaciones, lo que nos recuerda que este exuberante paisaje puede arder en veranos calurosos.<\/p>\n<p><strong>Cultura y ambiente local:<\/strong> Calistoga tiene el esp\u00edritu relajado de un pueblo rural tur\u00edstico. El ingl\u00e9s es universal, pero tambi\u00e9n se oye espa\u00f1ol y otros idiomas entre los trabajadores de las bodegas y los visitantes. La tem\u00e1tica del oeste del pueblo se hace evidente en la m\u00fasica country y los restaurantes de estilo ranchero; los lugare\u00f1os bromean diciendo que John Wayne se sentir\u00eda como en casa aqu\u00ed. Al mismo tiempo, est\u00e1 creciendo un ambiente &#034;chic de regi\u00f3n vin\u00edcola&#034; (salas de catas boutique, posadas con estilo). El temperamento es generalmente relajado: la gente saluda con una sonrisa y los comerciantes saben tu nombre despu\u00e9s de una o dos visitas. Hay una cultura amigable de &#034;ola de pueblo&#034;, incluso en las tardes concurridas.<\/p>\n<p>Los festivales y tradiciones realzan el car\u00e1cter de Calistoga: cada julio se puede asistir al desfile del 4 de Julio m\u00e1s antiguo del oeste, un espect\u00e1culo t\u00edpico de pueblo con coches cl\u00e1sicos y bandas de m\u00fasica. \u00a1El Festival Anual de A\u00f1o Nuevo suele incluir ba\u00f1os de barro! (S\u00ed, sumergirse en ba\u00f1os de barro en Nochevieja es una peculiar tradici\u00f3n local para la buena suerte). Como lo expres\u00f3 un viajero: <em>\u201cEl ritmo de Calistoga lo marcan el sol y el vi\u00f1edo: las ma\u00f1anas comienzan con mercados agr\u00edcolas y al mediod\u00eda los balnearios se llenan de risas\u201d.<\/em><\/p>\n<p><strong>Principales atracciones:<\/strong> A pesar de su tama\u00f1o, Calistoga ofrece varios atractivos \u00fanicos:<\/p>\n<ul>\n<li><strong>Aguas termales y ba\u00f1os de barro:<\/strong> La principal raz\u00f3n por la que la gente viene. El Indian Springs Resort (un hist\u00f3rico spa de 1913) cuenta con una piscina alimentada por una fuente (la antigua Plunge de tama\u00f1o ol\u00edmpico) y ba\u00f1os minerales privados. El cercano Dr. Wilkinson&#039;s Resort tiene un famoso g\u00e9iser (s\u00ed, un g\u00e9iser estilo Old Faithful) que entra en erupci\u00f3n regularmente cada 30-40 minutos, una gran sorpresa en California. Lujosos ba\u00f1os de estilo turco y romano, junto con ba\u00f1os de barro volc\u00e1nico y ba\u00f1os de vino, miman a los visitantes. Una tarde sumergi\u00e9ndose en aguas ricas en minerales bajo las palmeras es el sello distintivo de Calistoga.<\/li>\n<li><strong>Bodegas y Catas de Vino:<\/strong> Calistoga es una de las principales AVA (\u00c1reas Vit\u00edcolas Americanas) de Napa. En las cercan\u00edas se encuentran numerosas fincas reconocidas (p. ej., Ch\u00e2teau Montelena, Vi\u00f1edos Sterling, Castello di Amorosa). Las visitas guiadas y catas de vino son imprescindibles. Tambi\u00e9n puede recorrer en bicicleta o en coche el pintoresco circuito del Sendero Silverado, entre hileras de vi\u00f1edos, con vistas panor\u00e1micas de las colinas del valle.<\/li>\n<li><strong>Bosque Petrificado de EE. UU.:<\/strong> A poca distancia en coche al este del pueblo, esta peque\u00f1a \u00e1rea natural alberga restos de secuoyas de 3 millones de a\u00f1os (posteriormente convertidas en piedra). Los visitantes pueden recorrer el sendero de madera y ver los troncos fosilizados que una erupci\u00f3n volc\u00e1nica enterr\u00f3 aqu\u00ed.<\/li>\n<li><strong>Centro y restaurantes:<\/strong> El centro de Calistoga es pintoresco y acogedor. Su calle principal (Washington St.) est\u00e1 repleta de bares de cata de vinos, tiendas de regalos y restaurantes informales (\u00a1no te pierdas los abrevaderos para caballos en cada cuadra!). Entre los bocados m\u00e1s destacados se incluyen la abundante comida americana de bistr\u00f3 en Evangeline, la pizza al horno de le\u00f1a en Sam&#039;s Social Club o el legendario ambiente de gastropub de The Brannan Cottage Inn. Todos los lugares est\u00e1n a pocas cuadras, as\u00ed que es f\u00e1cil aparcar una vez y caminar.<\/li>\n<li><strong>Actividades al aire libre:<\/strong> Senderismo en las colinas cercanas (el sendero Palisades ofrece vistas panor\u00e1micas del valle), paseos a caballo por ranchos y ciclismo por caminos rurales. El pueblo tambi\u00e9n cuenta con un parque comunitario con canchas de tenis y pickleball.<\/li>\n<\/ul>\n<p><strong>Instant\u00e1nea pr\u00e1ctica:<\/strong> <strong>C\u00f3mo llegar:<\/strong> El aeropuerto principal m\u00e1s cercano es el Aeropuerto Internacional de San Francisco (SFO) (a unos 128 km al sur por la I-80). Los vuelos regionales m\u00e1s cercanos aterrizan en Oakland (OAK, a unos 105 km) o Sacramento (SMF, a unos 112 km); todos requieren el alquiler de un coche para el \u00faltimo tramo. Calistoga no cuenta con tren de pasajeros ni aeropuerto grande; el principal acceso por carretera es por la Carretera 29 (desde el sur, comenzando en Napa) o por el pintoresco Sendero Silverado (que recorre la ladera este del valle).<\/p>\n<p><strong>C\u00f3mo moverse:<\/strong> La mejor manera de disfrutar de Calistoga es en coche o bicicleta. El pueblo es peque\u00f1o y se puede recorrer f\u00e1cilmente a pie una vez aparcado (se puede ir de un spa a otro andando). Los servicios de transporte compartido funcionan, pero con menos frecuencia que en las grandes ciudades. Si se va a quedar m\u00e1s tiempo, alquilar una bicicleta es una opci\u00f3n popular para llegar a la campi\u00f1a cercana.<\/p>\n<p><strong>Consejos y notas:<\/strong> La moneda es el d\u00f3lar estadounidense; se habla ingl\u00e9s con un suave acento californiano. El ritmo local es tranquilo; no espere que las tiendas abran hasta tarde (muchas cierran a las 8 p. m.). V\u00edstase seg\u00fan el clima: los d\u00edas de verano son calurosos, pero tenga un su\u00e9ter a mano para las noches frescas. Es habitual dar propinas del 15 al 20 % en restaurantes y servicios de spa. Calistoga es muy seguro y familiar. La delincuencia es extremadamente rara; es com\u00fan ver autos sin llave y familias paseando. La temporada de incendios en verano es el principal peligro; si visita a finales de verano o en oto\u00f1o, consulte la calidad del aire local y las noticias sobre incendios (las colinas cercanas se han quemado en tormentas de fuego anteriores). De lo contrario, disfrute de este encantador pueblo; un viajero lo resume as\u00ed: <em>\u201cTranquilo, limpio y reconfortante: un oasis en el Valle de Napa\u201d.<\/em><\/p>","protected":false},"excerpt":{"rendered":"<p>Ubicada en el condado de Napa, California, Calistoga \u2014conocida en lengua Wappo como Nilektsonoma\u2014 es una peque\u00f1a ciudad con un gran atractivo. Calistoga, ubicada en la Bah\u00eda Norte del \u00c1rea de la Bah\u00eda de San Francisco, contaba con 5228 residentes seg\u00fan el censo de 2020. Su rica historia, sus aguas termales naturales y su importancia central en la regi\u00f3n vin\u00edcola de California definen a esta peque\u00f1a ciudad.<\/p>","protected":false},"author":1,"featured_media":17484,"parent":8072,"menu_order":0,"comment_status":"closed","ping_status":"closed","template":"elementor_theme","meta":{"_eb_attr":"","footnotes":""},"class_list":["post-8931","page","type-page","status-publish","has-post-thumbnail"],"_links":{"self":[{"href":"https:\/\/travelshelper.com\/es\/wp-json\/wp\/v2\/pages\/8931","targetHints":{"allow":["GET"]}}],"collection":[{"href":"https:\/\/travelshelper.com\/es\/wp-json\/wp\/v2\/pages"}],"about":[{"href":"https:\/\/travelshelper.com\/es\/wp-json\/wp\/v2\/types\/page"}],"author":[{"embeddable":true,"href":"https:\/\/travelshelper.com\/es\/wp-json\/wp\/v2\/users\/1"}],"replies":[{"embeddable":true,"href":"https:\/\/travelshelper.com\/es\/wp-json\/wp\/v2\/comments?post=8931"}],"version-history":[{"count":0,"href":"https:\/\/travelshelper.com\/es\/wp-json\/wp\/v2\/pages\/8931\/revisions"}],"up":[{"embeddable":true,"href":"https:\/\/travelshelper.com\/es\/wp-json\/wp\/v2\/pages\/8072"}],"wp:featuredmedia":[{"embeddable":true,"href":"https:\/\/travelshelper.com\/es\/wp-json\/wp\/v2\/media\/17484"}],"wp:attachment":[{"href":"https:\/\/travelshelper.com\/es\/wp-json\/wp\/v2\/media?parent=8931"}],"curies":[{"name":"wp","href":"https:\/\/api.w.org\/{rel}","templated":true}]}}