{"id":8312,"date":"2024-09-03T14:51:45","date_gmt":"2024-09-03T14:51:45","guid":{"rendered":"https:\/\/travelshelper.com\/staging\/?page_id=8312"},"modified":"2026-03-13T18:08:17","modified_gmt":"2026-03-13T18:08:17","slug":"filadelfia","status":"publish","type":"page","link":"https:\/\/travelshelper.com\/es\/destinations\/north-america\/united-states\/philadelphia\/","title":{"rendered":"Filadelfia"},"content":{"rendered":"<p>Filadelfia es una importante metr\u00f3polis estadounidense con un pasado hist\u00f3rico. En 2020, su poblaci\u00f3n era de 1.603.797 habitantes, lo que la convierte en la sexta ciudad m\u00e1s grande de Estados Unidos. El \u00e1rea metropolitana, en su conjunto, cuenta con m\u00e1s de 6,2 millones de habitantes y abarca el este de Pensilvania, el sur de Nueva Jersey y Delaware. La econom\u00eda de Filadelfia es sustancial: el Producto Interno Bruto metropolitano super\u00f3 los 518.000 millones de d\u00f3lares en 2022. La ciudad es diversa: alrededor del 39% de sus residentes se identifican como afroamericanos y aproximadamente el 15% como hispanos\/latinos. Casi el 35% de los adultos posee una licenciatura o un t\u00edtulo superior, lo que refleja la gran cantidad de universidades e instituciones de educaci\u00f3n superior que existen en la ciudad. La renta familiar media ronda los 52.900 d\u00f3lares, y aproximadamente el 22,8% de los habitantes de Filadelfia vive por debajo del umbral de la pobreza.<\/p>\n<p>La econom\u00eda de Filadelfia se sustenta en las finanzas, la educaci\u00f3n y la atenci\u00f3n m\u00e9dica, con centros de empleo en el campus de University City, el distrito financiero central y un creciente sector tecnol\u00f3gico y de startups. Tambi\u00e9n es un centro cultural y tur\u00edstico; en 2016, la ciudad atrajo a aproximadamente 42 millones de visitantes nacionales. En los \u00faltimos a\u00f1os, Filadelfia ha experimentado un modesto resurgimiento demogr\u00e1fico, tras d\u00e9cadas de declive. Los urbanistas se\u00f1alan que su densidad urbana y su papel central en el noreste le otorgan una importancia duradera en la industria y la cultura.<\/p>\n<p>Ubicada en la regi\u00f3n del Atl\u00e1ntico Medio de Estados Unidos, Filadelfia se encuentra en el sureste de Pensilvania, a orillas del r\u00edo Delaware. Se encuentra a unos 32 kil\u00f3metros de la bah\u00eda de Delaware y a 160 kil\u00f3metros del oc\u00e9ano Atl\u00e1ntico, en una amplia llanura costera justo al oeste de la costa atl\u00e1ntica. El terreno de la ciudad es generalmente llano, pero se eleva hacia las colinas al oeste del centro, incluyendo la garganta de Wissahickon y el punto m\u00e1s alto del parque Cobbs Creek (unos 147 metros). Al noroeste se extienden las bajas monta\u00f1as Pocono, y al oeste comienza a elevarse el Piamonte de los Apalaches.<\/p>\n<p>Clim\u00e1ticamente, Filadelfia se encuentra al borde de una zona subtropical h\u00fameda. Los veranos suelen ser calurosos y h\u00famedos, con frecuentes tormentas el\u00e9ctricas, mientras que los inviernos son moderadamente fr\u00edos con nevadas ocasionales. El oto\u00f1o y la primavera suelen ser suaves y agradables, pero variables. La ciudad disfruta de unas 2500 horas de sol al a\u00f1o. Los r\u00edos Delaware y Schuylkill la atraviesan, y el Parque Fairmount, a orillas de estos r\u00edos, constituye uno de los sistemas de parques urbanos m\u00e1s grandes del pa\u00eds. Su ubicaci\u00f3n \u2014un importante puerto fluvial del noreste y una de las primeras capitales del pa\u00eds\u2014 la convirti\u00f3 hist\u00f3ricamente en un punto de encuentro para el transporte, y hoy en d\u00eda sigue siendo un centro neur\u00e1lgico del Corredor Noreste de Amtrak y del sistema de autopistas interestatales (I-95, I-76).<\/p>\n<p>La historia de Filadelfia es fundamental para Estados Unidos. Fundada en 1682 por William Penn, un cu\u00e1quero ingl\u00e9s, se plane\u00f3 como una &#034;ciudad rural y verde&#034;, conocida por su tolerancia religiosa y sus calles ordenadas. En la \u00e9poca colonial, se convirti\u00f3 en la capital de la provincia de Pensilvania. A medida que aumentaban las tensiones con Gran Breta\u00f1a, Filadelfia se convirti\u00f3 en el epicentro de la Revoluci\u00f3n Americana. La ciudad alberg\u00f3 el Primer y el Segundo Congreso Continental y fue el lugar de reuni\u00f3n de los Padres Fundadores de la naci\u00f3n. En julio de 1776, se debati\u00f3 y adopt\u00f3 la Declaraci\u00f3n de Independencia en el Sal\u00f3n de la Independencia de Filadelfia. La ciudad sirvi\u00f3 brevemente como capital de la joven rep\u00fablica en la d\u00e9cada de 1780 y fue testigo de la redacci\u00f3n y firma de la Constituci\u00f3n de los Estados Unidos en 1787.<\/p>\n<p>A lo largo del siglo XIX y principios del XX, Filadelfia se expandi\u00f3 r\u00e1pidamente como ciudad industrial y portuaria. Su riqueza del siglo XIX es evidente en mansiones victorianas, monumentos c\u00edvicos y el bulevar arbolado conocido como Benjamin Franklin Parkway (inspirado en los Campos El\u00edseos). La ciudad fue un centro neur\u00e1lgico de la industria textil, la imprenta, la construcci\u00f3n naval y, posteriormente, la manufactura. Tambi\u00e9n fue un centro educativo y m\u00e9dico (sede de las primeras escuelas de medicina y hospitales estadounidenses). A mediados del siglo XX, la poblaci\u00f3n de Filadelfia alcanz\u00f3 su m\u00e1ximo auge y luego decay\u00f3 a medida que las industrias cambiaban, pero sus distritos hist\u00f3ricos (Old City, Rittenhouse Square) se conservaron. Hoy, Filadelfia honra su herencia colonial con monumentos como la Campana de la Libertad y el Independence Hall (ambos declarados Patrimonio de la Humanidad por la UNESCO) y celebra ese legado en museos nacionales y festivales anuales.<\/p>\n<p>La Filadelfia moderna es un mosaico de barrios, cada uno con su propia personalidad. M\u00e1s de una docena de grupos \u00e9tnicos han moldeado la ciudad: italoamericanos en el sur de Filadelfia, irlandeses en el noreste de Filadelfia, comunidades jud\u00edas en el oeste de Filadelfia, grandes barrios de herencia afroamericana en el norte y el oeste, y una vibrante comunidad puertorrique\u00f1a\/latina en el noreste y el suroeste de la ciudad. (Hoy en d\u00eda, la ciudad est\u00e1 compuesta aproximadamente por un 41% de poblaci\u00f3n negra, un 34% de poblaci\u00f3n blanca y un 15% de poblaci\u00f3n hispana). El ingl\u00e9s es predominante, pero el espa\u00f1ol se habla ampliamente (m\u00e1s del 10% de los residentes hablan espa\u00f1ol en casa).<\/p>\n<p>El ambiente de la ciudad es a la vez \u00e1spero y apasionado. Los habitantes de Filadelfia son famosos por su franqueza, orgullosos de la resiliencia de su ciudad. En la vida cotidiana, se percibe una cordialidad: los lugare\u00f1os animan con entusiasmo a sus Eagles (NFL), Phillies (MLB), 76ers (NBA) y Flyers (NHL) y se toman la rivalidad (especialmente con sus vecinos de Nueva York y Washington) con naturalidad. Por las calles de la ciudad, la gente pasea con determinaci\u00f3n; hist\u00f3ricos edificios de ladrillo rojo se alzan junto a modernos rascacielos. La cultura gastron\u00f3mica es un pilar fundamental de la vida diaria. Residentes y visitantes disfrutan de comidas r\u00e1pidas como cheesesteaks, hoagies y pretzels blandos en los puestos del mercado. El Reading Terminal Market, en el centro, bulle con una multitud ecl\u00e9ctica que saborea pasteles amish, falafel de Oriente Medio, currys indios o bagels jud\u00edos: una visita obligada para los amantes de la gastronom\u00eda. La escena art\u00edstica es s\u00f3lida: importantes instituciones como el Museo de Arte de Filadelfia (famoso por sus \u201cescalones de Rocky\u201d), la Fundaci\u00f3n Barnes, el Instituto Franklin e innumerables galer\u00edas bordean la Benjamin Franklin Parkway.<\/p>\n<p>Los festivales y eventos del barrio subrayan la diversidad de la ciudad. En verano se celebran festivales callejeros \u00e9tnicos (como el Festival del Mercado Italiano y el J&#039;ouvert Caribe\u00f1o) y el 4 de julio en la ribera del r\u00edo Delaware. El desfile anual de los Mummers el d\u00eda de A\u00f1o Nuevo (con disfraces de plumas y bandas de m\u00fasica) es la quintaesencia de Filadelfia. A pesar de su tama\u00f1o, Filadelfia conserva un fuerte ambiente local: cafeter\u00edas de esquina, barber\u00edas imponentes y murales (la ciudad tiene literalmente miles de ellos). Con veranos c\u00e1lidos y primaveras y oto\u00f1os suaves, gran parte de la vida social se desarrolla al aire libre: en las escaleras de los porches, en los pubs de las esquinas y en los soleados jardines de los parques. Sin embargo, tambi\u00e9n se respira una \u00e9tica de trabajo pr\u00e1ctica, dadas las ricas ra\u00edces industriales de la ciudad. En resumen, el ambiente de Filadelfia es urbano e hist\u00f3rico, combinando el encanto del viejo mundo con la autenticidad de la clase trabajadora.<\/p>\n<p>Filadelfia es rica en atracciones que abarcan su historia y cultura. El punto central es el Parque Hist\u00f3rico Nacional de la Independencia, en la Ciudad Vieja. Aqu\u00ed se encuentran el Sal\u00f3n de la Independencia y la Campana de la Libertad, donde se reunieron los fundadores de la naci\u00f3n. Los visitantes pueden recorrer la sala de reuniones donde se firmaron la Declaraci\u00f3n y la Constituci\u00f3n. Cerca se encuentran sitios de la \u00e9poca colonial como el Palacio de Congresos y la casa de Betsy Ross, que preservan la historia revolucionaria. A pocas cuadras, abundan las atracciones modernas.<\/p>\n<p>En la Benjamin Franklin Parkway, a menudo llamada la &#034;Milla de los Museos de Filadelfia&#034;, se concentran importantes instituciones culturales. El Museo de Arte de Filadelfia (puerta de entrada a los murales de la ciudad y hogar de la famosa estatua de Rocky) y la Fundaci\u00f3n Barnes (reconocida colecci\u00f3n de arte) se encuentran aqu\u00ed. Los museos de ciencia e historia (el Instituto Franklin, el Centro Nacional de la Constituci\u00f3n, el nuevo Museo de la Revoluci\u00f3n Americana) ofrecen atractivos educativos. Tambi\u00e9n en esta zona, la restaurada Penitenciar\u00eda Estatal del Este (ruinas de una prisi\u00f3n g\u00f3tica) ofrece una visi\u00f3n evocadora del encarcelamiento del siglo XIX. Para los amantes de la gastronom\u00eda, el Reading Terminal Market (un bazar de alimentos interior ubicado en un cobertizo ferroviario del siglo XIX) es una visita obligada; est\u00e1 clasificado entre los mejores mercados de alimentos de Estados Unidos.<\/p>\n<p>Las riberas de Filadelfia han resurgido como animados espacios p\u00fablicos. El Parque Spruce Street Harbor, en el r\u00edo Delaware, ofrece hamacas, puestos de comida y eventos de verano. En el r\u00edo Schuylkill, el paseo mar\u00edtimo de Schuylkill Banks y las rampas para kayaks invitan a la actividad f\u00edsica y al ocio. El hist\u00f3rico Parque Fairmount (uno de los parques urbanos m\u00e1s grandes del pa\u00eds) abarca kil\u00f3metros de senderos, mansiones hist\u00f3ricas (como la Casa Betsy Ross y la Planta de Aguas de Fairmount) y el aclamado Zool\u00f3gico de Filadelfia.<\/p>\n<p>Los placeres cotidianos tambi\u00e9n son atracciones: un puesto de filetes de queso a la parrilla o el escaparate de una panader\u00eda, los coloridos murales pintados en las paredes del barrio (Filadelfia es conocida como la &#034;Capital Mundial de los Murales&#034;) o el Mercado Italiano de Fourth Street (el mercado al aire libre m\u00e1s antiguo de Estados Unidos). Los aficionados al deporte pueden programar sus visitas para que coincidan con un partido de los Eagles, los Phillies o los Sixers y as\u00ed sentir el esp\u00edritu local. En invierno, Blue Cross RiverRink es una pista de patinaje sobre hielo de temporada junto al r\u00edo con fuegos artificiales sobre el puente Benjamin Franklin.<\/p>\n<p>Filadelfia es muy accesible. Su principal aeropuerto es el Aeropuerto Internacional de Filadelfia (PHL), un importante centro de conexiones con vuelos nacionales e internacionales. En tren, la estaci\u00f3n de la Calle 30 es el principal centro de conexiones de Amtrak de la ciudad, el tercero con mayor tr\u00e1fico del pa\u00eds, con servicios frecuentes a Nueva York, Washington y otros lugares. Las autopistas interestatales I-95 (noreste-suroeste) e I-76 (oeste a Pittsburgh) pasan cerca de la ciudad, pero prep\u00e1rese para la congesti\u00f3n del tr\u00e1fico urbano y los puentes de peaje si conduce. Para viajes regionales, el metro PATCO Speedline de Nueva Jersey y los trenes de NJ Transit conectan Filadelfia con Atlantic City y los suburbios locales de Nueva Jersey.<\/p>\n<p>El centro de Filadelfia (Center City) es compacto y transitable a pie, con una cuadr\u00edcula de calles numeradas y barrios distintivos. El transporte p\u00fablico es amplio: SEPTA opera el metro (l\u00edneas Market-Frankford y Broad Street), tranv\u00edas, trenes regionales y autobuses. Muchos viajeros dependen de SEPTA: casi el 24% de los habitantes de Filadelfia usan el transporte p\u00fablico para ir a trabajar. Los taxis y los viajes compartidos son comunes en el centro, y dos l\u00edneas de tranv\u00eda circulan cerca de University City. Desde Center City, se puede llegar f\u00e1cilmente a todos lados a pie o en un corto trayecto en transporte p\u00fablico.<\/p>\n<p>La moneda es el d\u00f3lar estadounidense y se espera dar propina (15-20% en restaurantes con servicio de mesa, $1-2 por maleta para botones, etc.). Los idiomas principales son ingl\u00e9s y espa\u00f1ol (ver\u00e1 letreros en espa\u00f1ol en muchas tiendas y restaurantes). En la conversaci\u00f3n, los habitantes de Filadelfia aprecian la amabilidad directa: un r\u00e1pido &#034;hola&#034; o &#034;\u00bfqu\u00e9 tal?&#034; a desconocidos es una cortes\u00eda local t\u00edpica. En cuanto a la seguridad, las zonas tur\u00edsticas de Filadelfia (Old City, Center City, University City) generalmente son seguras durante el d\u00eda, pero tenga la precauci\u00f3n habitual por la noche en zonas menos concurridas. Tenga cuidado con sus pertenencias en las estaciones de SEPTA concurridas. El clima puede ser un factor: la nieve en invierno puede paralizar brevemente el transporte p\u00fablico (prevea tiempo adicional), mientras que las inundaciones por tormentas el\u00e9ctricas de verano pueden interrumpir el tr\u00e1fico. V\u00edstase c\u00f3modamente para caminar por las aceras de la ciudad (especialmente en distritos hist\u00f3ricos con ladrillos o adoquines irregulares). El verano puede ser caluroso y h\u00famedo, por lo que es recomendable llevar ropa ligera y un paraguas o impermeable. En resumen, Filadelfia es una ciudad f\u00e1cil de disfrutar como visitante: planifique combinar visitas guiadas a la historia con exploraci\u00f3n espont\u00e1nea del vecindario.<a href=\"https:\/\/travelshelper.com\/es\/destinos\/america-del-norte\/estados-unidos-de-america\/berkeley-springs\/\" target=\"_self\" aria-labelledby=\"uael-post-8997\"><br \/>\n<\/a><\/p>","protected":false},"excerpt":{"rendered":"<p>Con una poblaci\u00f3n de 1.603.796 habitantes, Filadelfia, tambi\u00e9n conocida como &#034;Philly&#034;, es la sexta ciudad m\u00e1s poblada de Estados Unidos y la m\u00e1s poblada de Pensilvania, seg\u00fan el censo de 2020. Esta din\u00e1mica ciudad constituye el n\u00facleo urbano del Valle de Delaware, a veces conocido como la regi\u00f3n metropolitana de Filadelfia. Ocupa el octavo lugar en tama\u00f1o entre las \u00e1reas metropolitanas estadounidenses, con 6,245 millones de habitantes en su \u00e1rea metropolitana y 7,366 millones en su \u00e1rea combinada, Filadelfia es un vibrante centro de historia, cultura y actividad.<\/p>","protected":false},"author":1,"featured_media":3027,"parent":8072,"menu_order":0,"comment_status":"closed","ping_status":"closed","template":"elementor_theme","meta":{"_eb_attr":"","footnotes":""},"class_list":["post-8312","page","type-page","status-publish","has-post-thumbnail"],"_links":{"self":[{"href":"https:\/\/travelshelper.com\/es\/wp-json\/wp\/v2\/pages\/8312","targetHints":{"allow":["GET"]}}],"collection":[{"href":"https:\/\/travelshelper.com\/es\/wp-json\/wp\/v2\/pages"}],"about":[{"href":"https:\/\/travelshelper.com\/es\/wp-json\/wp\/v2\/types\/page"}],"author":[{"embeddable":true,"href":"https:\/\/travelshelper.com\/es\/wp-json\/wp\/v2\/users\/1"}],"replies":[{"embeddable":true,"href":"https:\/\/travelshelper.com\/es\/wp-json\/wp\/v2\/comments?post=8312"}],"version-history":[{"count":0,"href":"https:\/\/travelshelper.com\/es\/wp-json\/wp\/v2\/pages\/8312\/revisions"}],"up":[{"embeddable":true,"href":"https:\/\/travelshelper.com\/es\/wp-json\/wp\/v2\/pages\/8072"}],"wp:featuredmedia":[{"embeddable":true,"href":"https:\/\/travelshelper.com\/es\/wp-json\/wp\/v2\/media\/3027"}],"wp:attachment":[{"href":"https:\/\/travelshelper.com\/es\/wp-json\/wp\/v2\/media?parent=8312"}],"curies":[{"name":"wp","href":"https:\/\/api.w.org\/{rel}","templated":true}]}}