{"id":8250,"date":"2024-09-02T18:47:07","date_gmt":"2024-09-02T18:47:07","guid":{"rendered":"https:\/\/travelshelper.com\/staging\/?page_id=8250"},"modified":"2026-03-13T18:03:21","modified_gmt":"2026-03-13T18:03:21","slug":"myrtle-beach","status":"publish","type":"page","link":"https:\/\/travelshelper.com\/es\/destinations\/north-america\/united-states\/myrtle-beach\/","title":{"rendered":"Myrtle Beach"},"content":{"rendered":"<p>Myrtle Beach es una ciudad costera de tama\u00f1o modesto cuya econom\u00eda y cultura se basan principalmente en el turismo. Su poblaci\u00f3n ha ido creciendo; estimaciones recientes sit\u00faan a Myrtle Beach en unos 42.000 habitantes en 2025, un aumento de aproximadamente el 17% desde 2020. (Incluyendo los suburbios cercanos y las \u00e1reas no incorporadas, el \u00e1rea metropolitana tiene una poblaci\u00f3n de unos 250.000 habitantes). El ingreso familiar promedio es de unos 53.700 d\u00f3lares, cerca de la media nacional, y la tasa de pobreza ronda el 17%. La poblaci\u00f3n es mayoritariamente blanca (alrededor del 70%), con aproximadamente el 14% de afrodescendientes y porcentajes menores de otros grupos. La ciudad tiene una mediana de edad relativamente alta (47 a\u00f1os) debido a la gran cantidad de jubilados y a que muchas familias vienen de vacaciones.<\/p>\n<p>La econom\u00eda de Myrtle Beach gira en torno a la hosteler\u00eda: hoteles, campos de golf, restaurantes y complejos de ocio. El ingreso per c\u00e1pita es inferior (alrededor de 36.000 d\u00f3lares) al promedio nacional, lo que refleja su mercado laboral estacional (en verano, en particular, se produce una avalancha de trabajadores temporales). Entre los principales empleadores se encuentran cadenas hoteleras, sistemas de salud y atracciones de la zona de Grand Strand. La ciudad recibe alrededor de 15 millones de visitantes anuales, lo que la convierte en una de las ciudades playeras m\u00e1s visitadas del sureste. En resumen, Myrtle Beach, en cifras, es una ciudad peque\u00f1a (aproximadamente 40.000 habitantes) en constante crecimiento, con una econom\u00eda impulsada por la playa y el golf, una poblaci\u00f3n mayoritariamente blanca y un ingreso medio de alrededor de 50.000 d\u00f3lares.<\/p>\n<p>Myrtle Beach se encuentra en la Grand Strand central de Carolina del Norte y Carolina del Sur, un tramo de la costa atl\u00e1ntica. Geogr\u00e1ficamente, se encuentra en el noreste de Carolina del Sur (regi\u00f3n del Atl\u00e1ntico Sur de EE. UU.), frente al oc\u00e9ano Atl\u00e1ntico por el este. La ciudad se encuentra en islas barrera separadas del continente por el Canal Intracostero (desde 1936). El terreno es plano, con playas de arena y dunas, y marismas. En el interior, se encuentran bosques de pinos y humedales. Las \u00e1reas metropolitanas m\u00e1s cercanas son Wilmington, Carolina del Norte (119 kil\u00f3metros al noreste) y Charleston, Carolina del Sur (151 kil\u00f3metros al suroeste).<\/p>\n<p>Myrtle Beach tiene un clima subtropical h\u00famedo similar al de otras costas de Carolina. Los veranos son calurosos y muy h\u00famedos; las temperaturas m\u00e1ximas en julio y agosto rondan los 27 \u00b0C y a menudo suben hasta los 32 \u00b0C. La ciudad recibe alrededor de 132 cm de lluvia al a\u00f1o, con tormentas el\u00e9ctricas de verano frecuentes. Los inviernos son suaves: en enero, las m\u00e1ximas rondan los 11 \u00b0C, las m\u00ednimas los 0 \u00b0C y se producen ligeras heladas ocasionales (aunque las nevadas son muy poco frecuentes). Los huracanes y las tormentas tropicales pueden amenazar de junio a octubre, aunque las islas barrera de la regi\u00f3n suelen ofrecer cierta protecci\u00f3n; no obstante, se recomienda a los visitantes que est\u00e9n atentos a los pron\u00f3sticos durante la temporada de huracanes. En general, los visitantes encontrar\u00e1n veranos largos y c\u00e1lidos, ideales para actividades de playa, e inviernos muy suaves, ideales para jugar al golf y pasear fuera de temporada.<\/p>\n<p>La historia moderna de Myrtle Beach est\u00e1 estrechamente ligada al desarrollo del turismo a finales del siglo XIX y principios del XX. Anteriormente, la zona estaba escasamente poblada (los asentamientos databan de concesiones de tierras coloniales y se dedicaban a la agricultura y la silvicultura entre los siglos XVIII y XIX). El punto de inflexi\u00f3n lleg\u00f3 alrededor de 1900, cuando se construy\u00f3 el ferrocarril Conway &amp; Seashore hasta la costa. En 1901, se inaugur\u00f3 el hotel Seaside Inn original y el pueblo comenz\u00f3 a promocionarse como un destino tur\u00edstico. En un concurso de nombres, la abundante mata de mirto de cera inspir\u00f3 el nombre &#034;Myrtle Beach&#034;, y la oficina de correos de la comunidad adopt\u00f3 ese nombre. Myrtle Beach se constituy\u00f3 como pueblo en 1938 (y posteriormente como ciudad en 1957).<\/p>\n<p>Inicialmente, el desarrollo fue lento. Solo unas pocas casas de vacaciones y el pabell\u00f3n (construido en 1901) salpicaban la costa. Tras la Segunda Guerra Mundial, el auge de los viajes de placer (y los proyectos de carreteras del presidente Eisenhower) impuls\u00f3 un r\u00e1pido crecimiento. El emblem\u00e1tico paseo mar\u00edtimo y la noria de Myrtle Beach llegaron mucho m\u00e1s tarde (la noria se inaugur\u00f3 en 2011), pero el auge de la ciudad como destino tur\u00edstico familiar y meca del golf se consolid\u00f3 en las d\u00e9cadas de 1970 y 1980. Hoy en d\u00eda, Myrtle Beach es conocida como la &#034;Playa Familiar&#034; de las Carolinas, con una historia de constante expansi\u00f3n que la convirti\u00f3 de una tranquila estaci\u00f3n ferroviaria en un importante complejo de entretenimiento. Los empresarios fundadores y los promotores de mediados de siglo concibieron el turismo costero, una visi\u00f3n que se ha hecho realidad a trav\u00e9s de hoteles frente al mar, muelles de atracciones y extensos campos de golf.<\/p>\n<p>La cultura de Myrtle Beach se define por la diversi\u00f3n familiar, la amabilidad sure\u00f1a y el ambiente de un pueblo vacacional. El car\u00e1cter local es predominantemente estadounidense (el ingl\u00e9s se habla pr\u00e1cticamente en todo el mundo, con un toque sure\u00f1o), con peque\u00f1as influencias de jubilados del norte e inmigrantes que trabajan en la hosteler\u00eda. Hay pocos enclaves internacionales aqu\u00ed; se trata de una s\u00f3lida cultura rural sure\u00f1a mezclada con la hospitalidad de un resort.<\/p>\n<p>Las tradiciones giran en torno al ocio y el entretenimiento en la playa. La arena, el sol y el tiempo en familia conforman la esencia de la vida diaria: las ma\u00f1anas suelen comenzar con trote o pesca en el muelle, y las tardes pueden terminar con fuegos artificiales en el paseo mar\u00edtimo. El ritmo de vida es relajado y familiar. Durante todo el a\u00f1o, la ciudad alberga festivales comunitarios: por ejemplo, el Festival del Cangrejo Azul (octubre) en la cercana Calabash celebra los mariscos, y el Festival de M\u00fasica Country de Carolina (junio) atrae a multitudes a sus conciertos. En Navidad, la ciudad se ilumina con desfiles navide\u00f1os y un Winter Wonderland en Broadway at the Beach. El golf tambi\u00e9n es un elemento cultural; tanto lugare\u00f1os como turistas acuden a los campos durante la primavera y el oto\u00f1o.<\/p>\n<p>En la rutina diaria, la amabilidad es un sello distintivo. Los lugare\u00f1os saludan con facilidad a los desconocidos y a menudo trabajan en el sector hotelero, por lo que el servicio es c\u00e1lido (a veces incluso con mucha energ\u00eda). Las comunidades de la \u00e9poca tur\u00edstica suelen tener una cultura de saludos y saludos. Al mismo tiempo, se respira un aire hogare\u00f1o: restaurantes familiares sirven camarones con s\u00e9mola, la m\u00fasica surf suena en las emisoras de radio y las atracciones de los parques acu\u00e1ticos reflejan un aire carnavalesco. Por lo tanto, el ambiente de Myrtle Beach se puede resumir en soleado, alegre e informal: un lugar donde las familias se relajan en la arena durante el d\u00eda y disfrutan de los fuegos artificiales o un concierto junto a la playa por la noche.<\/p>\n<p>Las principales atracciones de Myrtle Beach son principalmente al aire libre y aptas para familias. Entre ellas, destaca el Boardwalk &amp; Promenade en el centro de Myrtle Beach, un paseo mar\u00edtimo de madera de una milla de largo con tiendas, galer\u00edas y restaurantes. Junto al paseo mar\u00edtimo se encuentra la SkyWheel, una noria de 60 metros que se eleva y ofrece vistas panor\u00e1micas de la costa. Estas atracciones se remodelaron en la d\u00e9cada de 2010 como parte del esfuerzo de la ciudad por revitalizar la zona costera del centro.<\/p>\n<p>M\u00e1s all\u00e1 del paseo mar\u00edtimo, las playas en s\u00ed mismas son la principal atracci\u00f3n: 96 kil\u00f3metros de costa atl\u00e1ntica arenosa continua. Nadar, hacer parasailing, andar en moto acu\u00e1tica y navegar en barco pirata son actividades populares durante el d\u00eda. Abundan las atracciones familiares: por ejemplo, el Acuario Ripley&#039;s en Broadway at the Beach y WonderWorks (un museo de ciencias inclinado) son importantes atractivos. Broadway at the Beach es un complejo de entretenimiento completo con tiendas, restaurantes, vida nocturna y minigolf, como una miniciudad construida alrededor de un peque\u00f1o lago. Cerca de all\u00ed, Barefoot Landing (sobre el canal) cuenta con teatros, restaurantes y una gran variedad de tiendas abiertas todo el a\u00f1o. Otros lugares destacados incluyen el Parque Acu\u00e1tico Myrtle Waves, el Parque de Atracciones Family Kingdom (atracciones cl\u00e1sicas junto al mar y monta\u00f1as rusas) y Family Kingdom. El golf y la naturaleza tambi\u00e9n son atractivos: los campos bordean la zona (algunos dise\u00f1ados por leyendas como Tiger Woods) y parques estatales como el Parque Estatal Myrtle Beach ofrecen senderos, paseos mar\u00edtimos sobre marismas y un muelle cl\u00e1sico. En resumen, los lugares de visita obligada en Myrtle Beach son su playa y su paseo mar\u00edtimo, adem\u00e1s de lugares centrados en la familia como SkyWheel y el Acuario Ripley, todos ellos personificando la cultura costera amante de la diversi\u00f3n de la ciudad.<\/p>\n<p>El aeropuerto m\u00e1s cercano es el Aeropuerto Internacional de Myrtle Beach (MYR), a pocos kil\u00f3metros al noroeste de la ciudad. El MYR ofrece vuelos de temporada y durante todo el a\u00f1o desde numerosas ciudades de EE. UU. Los principales aeropuertos cercanos son Charleston (151 km al suroeste), Charlotte (274 km al noroeste) y Raleigh-Durham (393 km al norte). Se puede llegar a Myrtle Beach en coche por la autopista US 17 desde Wilmington (al norte) o Charleston (al sur), y por la US 501 desde la Interestatal 95 hacia el interior. El servicio de autobuses Greyhound tambi\u00e9n cubre la zona.<\/p>\n<p>El coche es la forma m\u00e1s c\u00f3moda de explorar m\u00e1s all\u00e1 de la playa. La ciudad es f\u00e1cil de recorrer en coche o con el tranv\u00eda gratuito Coast RTA (que recorre el centro, Broadway y la playa). Muchas atracciones se concentran a lo largo o cerca de la US 17 Business (la &#034;Kings Highway&#034;) o la circunvalaci\u00f3n de la Ruta 17; sin embargo, el tr\u00e1fico puede ser denso los fines de semana de verano. Para distancias cortas en la zona centro\/playa, hay taxis y servicios de transporte compartido disponibles, aunque algo limitados. El compacto centro y el paseo mar\u00edtimo son bastante transitables a pie, y la mayor\u00eda de los hoteles est\u00e1n a poca distancia de la playa o las tabernas.<\/p>\n<p>Se utilizan d\u00f3lares estadounidenses e ingl\u00e9s. Es habitual dar una propina del 15-18% en los restaurantes. La vestimenta es extremadamente informal (traje de ba\u00f1o, pantalones cortos, camisetas, chanclas). El protocolo en la playa es usar traje de ba\u00f1o y pareo cerca de las piscinas o el paseo mar\u00edtimo, y siempre reaplicar protector solar. La protecci\u00f3n solar es importante (el sol de Carolina puede quemar r\u00e1pidamente) y tenga cuidado con las medusas a finales del verano. El agua puede tener fuertes corrientes de resaca; nade entre los salvavidas. Myrtle Beach es generalmente segura, aunque pueden ocurrir peque\u00f1os robos en playas o paseos mar\u00edtimos concurridos. Mantenga los objetos de valor del autom\u00f3vil fuera de la vista y evite las \u00e1reas sin iluminaci\u00f3n despu\u00e9s del anochecer. Los visitantes de temporada inundan en verano, por lo que en temporada alta la ciudad se llena mucho; reserve alojamiento y atracciones con mucha anticipaci\u00f3n. El oto\u00f1o (septiembre-noviembre) y la primavera son agradablemente c\u00e1lidos y menos concurridos, lo que los hace ideales para una visita m\u00e1s tranquila. Por \u00faltimo, recuerda que los sure\u00f1os son conocidos por su amabilidad: un simple \u201cs\u00ed se\u00f1ora\/se\u00f1or\u201d y una sonrisa son muy \u00fatiles en esta educada comunidad.<a href=\"https:\/\/travelshelper.com\/es\/destinos\/america-del-norte\/estados-unidos-de-america\/berkeley-springs\/\" target=\"_self\" aria-labelledby=\"uael-post-8997\"><br \/>\n<\/a><\/p>","protected":false},"excerpt":{"rendered":"<p>Myrtle Beach, una ciudad tur\u00edstica en la costa este de Estados Unidos, se encuentra en el condado de Horry, Carolina del Sur. Myrtle Beach es un lugar animado y concurrido, enclavado en medio de una franja de playa continua de 96 kil\u00f3metros conocida como &#034;Grand Strand&#034;. Con una poblaci\u00f3n anual de 35\u00a0682 habitantes seg\u00fan el censo de 2020, la ciudad ocupa el puesto 13 entre todas las ciudades de Carolina del Sur.<\/p>","protected":false},"author":1,"featured_media":3259,"parent":8072,"menu_order":0,"comment_status":"closed","ping_status":"closed","template":"elementor_theme","meta":{"_eb_attr":"","footnotes":""},"class_list":["post-8250","page","type-page","status-publish","has-post-thumbnail"],"_links":{"self":[{"href":"https:\/\/travelshelper.com\/es\/wp-json\/wp\/v2\/pages\/8250","targetHints":{"allow":["GET"]}}],"collection":[{"href":"https:\/\/travelshelper.com\/es\/wp-json\/wp\/v2\/pages"}],"about":[{"href":"https:\/\/travelshelper.com\/es\/wp-json\/wp\/v2\/types\/page"}],"author":[{"embeddable":true,"href":"https:\/\/travelshelper.com\/es\/wp-json\/wp\/v2\/users\/1"}],"replies":[{"embeddable":true,"href":"https:\/\/travelshelper.com\/es\/wp-json\/wp\/v2\/comments?post=8250"}],"version-history":[{"count":0,"href":"https:\/\/travelshelper.com\/es\/wp-json\/wp\/v2\/pages\/8250\/revisions"}],"up":[{"embeddable":true,"href":"https:\/\/travelshelper.com\/es\/wp-json\/wp\/v2\/pages\/8072"}],"wp:featuredmedia":[{"embeddable":true,"href":"https:\/\/travelshelper.com\/es\/wp-json\/wp\/v2\/media\/3259"}],"wp:attachment":[{"href":"https:\/\/travelshelper.com\/es\/wp-json\/wp\/v2\/media?parent=8250"}],"curies":[{"name":"wp","href":"https:\/\/api.w.org\/{rel}","templated":true}]}}