{"id":8219,"date":"2024-09-01T20:08:53","date_gmt":"2024-09-01T20:08:53","guid":{"rendered":"https:\/\/travelshelper.com\/staging\/?page_id=8219"},"modified":"2026-03-13T17:59:34","modified_gmt":"2026-03-13T17:59:34","slug":"miami-beach","status":"publish","type":"page","link":"https:\/\/travelshelper.com\/es\/destinations\/north-america\/united-states\/miami-beach\/","title":{"rendered":"Miami Beach"},"content":{"rendered":"<p>Miami Beach es una ciudad peque\u00f1a en poblaci\u00f3n, pero destaca por su peso en el turismo. La ciudad contaba con unos 78.000 habitantes en 2025, frente a los aproximadamente 82.000 de 2020. (Forma parte del \u00e1rea metropolitana de Miami, que suma m\u00e1s de 6 millones de personas). La edad media de Miami Beach es mayor (alrededor de 47 a\u00f1os), lo que refleja su popularidad entre jubilados y visitantes invernales, aunque la poblaci\u00f3n estacional aumenta en los meses de invierno con los residentes que se mudan de invierno. En t\u00e9rminos econ\u00f3micos, Miami Beach prospera gracias al sector inmobiliario y la hosteler\u00eda: el ingreso familiar medio es relativamente alto (unos 67.000 d\u00f3lares) gracias a sus barrios adinerados y a una econom\u00eda impulsada por los centros tur\u00edsticos. Las tasas de desempleo tienden a ser bajas, mientras que la pobreza es baja seg\u00fan los est\u00e1ndares nacionales (aproximadamente un 14%). En t\u00e9rminos raciales y \u00e9tnicos, la ciudad es bastante diversa: alrededor del 56% se identifica como blanca (no hispana), con grandes comunidades hispanas\/latinas y de otras minor\u00edas. Casi el 60% de los residentes habla espa\u00f1ol en casa, lo que refleja la fuerte influencia de la migraci\u00f3n latinoamericana y caribe\u00f1a.<\/p>\n<p>Miami Beach es una ciudad tur\u00edstica tropical ubicada en una cadena de islas barrera a lo largo de la costa atl\u00e1ntica de Florida, justo al este de Miami, la ciudad continental. La ciudad abarca la isla de Miami Beach (donde se encuentra South Beach), las islas Normand\u00eda y Biscayne, y cayos m\u00e1s peque\u00f1os, todos separados del continente por la Bah\u00eda Biscayne. Se encuentra en el extremo sur de Norteam\u00e9rica, en el estado estadounidense de Florida, y por lo tanto se considera parte del sureste de Estados Unidos. El paisaje es llano y oce\u00e1nico, con kil\u00f3metros de playas de arena que dan al oc\u00e9ano Atl\u00e1ntico al este y bah\u00edas y lagunas al oeste. No hay monta\u00f1as ni colinas, solo palmeras, paseos mar\u00edtimos bordeados de palmeras y los famosos edificios Art D\u00e9co de colores pastel de South Beach.<\/p>\n<p>El clima es verdaderamente tropical. Miami Beach experimenta veranos calurosos y h\u00famedos e inviernos suaves y c\u00e1lidos. Se encuentra en la zona del &#034;monz\u00f3n tropical&#034;: el verano (de mayo a octubre) trae frecuentes tormentas por la tarde y riesgo de huracanes, con m\u00e1ximas diurnas que a menudo superan los 30 \u00b0C. Los meses de invierno son c\u00e1lidos (las m\u00e1ximas de enero rondan los 15 \u00b0C) y rara vez bajan de los 10 \u00b0C. La temporada de lluvias alcanza su punto m\u00e1ximo a finales del verano, lo que contribuye a una precipitaci\u00f3n anual promedio de alrededor de 132 cm, siendo julio y septiembre especialmente h\u00famedos. Los huracanes y las tormentas tropicales pueden amenazar de junio a noviembre, por lo que los viajeros durante esa temporada deben estar atentos a los pron\u00f3sticos. En general, el clima es ideal para la playa durante todo el a\u00f1o, pero la protecci\u00f3n solar y la ropa ligera son esenciales en verano, mientras que una chaqueta ligera es suficiente para las noches m\u00e1s frescas de invierno.<\/p>\n<p>La historia de Miami Beach como destino tur\u00edstico se remonta a principios del siglo XX. Las islas estuvieron pr\u00e1cticamente deshabitadas hasta la construcci\u00f3n de la primera calzada. En 1913, el desarrollo se desencaden\u00f3 cuando el financiero John S. Collins complet\u00f3 el puente Collins sobre la bah\u00eda de Biscayne, en aquel entonces el puente de madera m\u00e1s largo del mundo. Collins (y posteriormente Carl Fisher, magnate automovil\u00edstico y promotor inmobiliario sexagenario) comenzaron a vender terrenos y a construir hoteles. La ciudad de &#034;Miami Beach&#034; se constituy\u00f3 oficialmente en 1915. Miami Beach creci\u00f3 en la d\u00e9cada de 1920 con el auge inmobiliario de Florida; muchos de sus ic\u00f3nicos hoteles Art D\u00e9co datan de 1923-1943. El Distrito Hist\u00f3rico Art D\u00e9co de South Beach cobr\u00f3 especial relevancia; de hecho, fue incluido en el Registro Nacional de Lugares Hist\u00f3ricos de Estados Unidos en 1979 como la mayor colecci\u00f3n de arquitectura Art D\u00e9co del mundo.<\/p>\n<p>Las d\u00e9cadas siguientes experimentaron altibajos. A mediados de siglo, Miami Beach se convirti\u00f3 en un destino popular para jubilados y celebridades. Las d\u00e9cadas de 1960 y 1970 supusieron un declive, ya que algunos turistas se mudaron a otros lugares, pero los esfuerzos de preservaci\u00f3n de los edificios Art D\u00e9co en las d\u00e9cadas de 1980 y 1990 impulsaron un resurgimiento. Hoy, Miami Beach es mundialmente famosa como ciudad museo Art D\u00e9co, tras haberse reinventado en m\u00faltiples ocasiones. Su historia temprana, desde los cocotales de Collins y el Hotel Flamingo (circa 1920) hasta los deslumbrantes resorts actuales, es testimonio de un crecimiento sostenido impulsado por el turismo y el sector inmobiliario.<\/p>\n<p>Miami Beach es una de las ciudades estadounidenses m\u00e1s cosmopolitas. Tanto el ingl\u00e9s como el espa\u00f1ol son comunes; de hecho, m\u00e1s de la mitad de la poblaci\u00f3n habla espa\u00f1ol en casa. La cultura de la ciudad es una vibrante mezcla de influencias cubanas, haitianas, europeas y estadounidenses, que se aprecia en su gastronom\u00eda, m\u00fasica y vida callejera. Sus barrios tienen personalidades distintivas: la elegante South Beach (SoBe) es conocida por el glamour de sus clubes nocturnos, los ritmos latinos y una gran comunidad LGBTQ+; Mid-Beach y North Beach tienen un ambiente residencial m\u00e1s tranquilo y familiar.<\/p>\n<p>Tradicionalmente, la vida en Miami Beach gira en torno a la cultura playera y nocturna. South Beach, en particular, es famosa por su energ\u00eda las 24 horas: clubes exclusivos, fiestas en la piscina y eventos repletos de celebridades (piense en las c\u00e1lidas noches de Ocean Drive o Club Space). De d\u00eda, es un para\u00edso para tomar el sol, practicar deportes acu\u00e1ticos y disfrutar del estilo de vida informal de playa. Los residentes locales disfrutan del ejercicio al aire libre en los senderos frente al mar, y la ciudad cuenta con una importante escena de moda y arte (por ejemplo, Miami Beach alberga la feria anual de arte contempor\u00e1neo Art Basel cada diciembre, que atrae a multitudes internacionales). Los festivales reflejan esta mezcla; por ejemplo, Calle Ocho\/Carnaval Miami en la Peque\u00f1a Habana (marzo) y el Orgullo de Miami Beach (marzo) celebran las culturas latina y LGBTQ, mientras que el Festival de Comida y Vino de South Beach (febrero) y la Conferencia de M\u00fasica de Invierno (marzo) atraen a multitudes de artistas culinarios y de m\u00fasica dance de todo el mundo.<\/p>\n<p>En la vida diaria, Miami Beach es un lugar din\u00e1mico y con cierto glamour. Mucha gente trabaja en turismo y hosteler\u00eda, o en finanzas y tecnolog\u00eda en la cercana Miami. Se respira un aire de lujo informal, desde aceras repletas de cafeter\u00edas hasta boutiques de lujo y caf\u00e9s cubanos. A pesar de su imagen de fiesta, los lugare\u00f1os tambi\u00e9n mantienen un fuerte sentido de comunidad: las familias disfrutan de los parques playeros y se respira una cordialidad relajada cuando la gente se saluda bajo el sol de Florida. En resumen, el ambiente de Miami Beach es electrizante, exclusivo y multicultural: una ciudad costera donde los sabores latinoamericanos, los artistas internacionales y la vida marina se integran a la perfecci\u00f3n en la rutina diaria.<\/p>\n<p>Las atracciones de Miami Beach se centran principalmente en sus playas, arquitectura y escena cultural. La m\u00e1s famosa es South Beach (a menudo llamada SoBe), una playa de tres kil\u00f3metros con olas turquesas y arena blanca. Su adyacente Distrito Art D\u00e9co (centrado en Ocean Drive y Collins Avenue) es un gran atractivo: cientos de hoteles, apartamentos y monumentos en vibrantes tonos pastel construidos entre las d\u00e9cadas de 1920 y 1940. Explorar este distrito hist\u00f3rico a pie o en bicicleta (por ejemplo, en el tour del Distrito Arquitect\u00f3nico de Miami Beach) es una experiencia inolvidable.<\/p>\n<p>Otros lugares imperdibles incluyen el Lincoln Road Mall, un centro comercial peatonal al aire libre con tiendas y restaurantes; el museo Wolfsonian-FIU (un museo de dise\u00f1o art d\u00e9co en un hotel reformado de la d\u00e9cada de 1920); el Museo de Arte Bass (arte contempor\u00e1neo en un edificio neorrenacentista); y el Memorial del Holocausto (una escultura m\u00f3vil al aire libre). Si buscas belleza natural, el Jard\u00edn Bot\u00e1nico de Miami Beach y el Parque South Pointe (en el extremo de South Beach, con vistas al faro) son remansos de paz. Ninguna descripci\u00f3n est\u00e1 completa sin el paseo mar\u00edtimo de Miami Beach, que se extiende kil\u00f3metros a lo largo de la arena hacia el norte. La vida nocturna y el entretenimiento se concentran en los clubes con luces de ne\u00f3n de Ocean Drive, adem\u00e1s de los bares de primera clase en las azoteas.<\/p>\n<p>En las inmediaciones, el Mercado de Lincoln Road (que se celebra mensualmente) ofrece artesan\u00eda y comida local. Si se aventura un poco m\u00e1s all\u00e1 de la calzada, puede visitar el Museo Art D\u00e9co y el Centro de Convenciones de Miami Beach (sede de Art Basel). En resumen, los lugares imprescindibles de Miami Beach combinan el ocio costero con el arte y el dise\u00f1o, desde playas para disfrutar del sol hasta ferias de arte de talla mundial, todo lo cual refleja el encanto playero y el ambiente internacional de la ciudad.<\/p>\n<p>Miami Beach no tiene aeropuerto comercial, pero se puede llegar f\u00e1cilmente a trav\u00e9s del Aeropuerto Internacional de Miami (MIA), a unos 19 kil\u00f3metros tierra adentro en Miami. El MIA ofrece abundantes vuelos internacionales y nacionales. Los aeropuertos de Fort Lauderdale-Hollywood (FLL) y Palm Beach (PBI) tambi\u00e9n se encuentran a una distancia de 72 a 112 kil\u00f3metros y se pueden utilizar. Desde el aeropuerto, se puede tomar un taxi, un servicio de transporte compartido o el Metrobus\/Miami Beach Airport Flyer a Miami Beach. Las calzadas elevadas (Julia Tuttle y Venetian) conectan las islas con la ciudad de Miami.<\/p>\n<p>En Miami Beach, el coche es opcional. South Beach es muy transitable a pie y en bicicleta; el servicio gratuito de tranv\u00eda de Miami Beach opera varias rutas circulares (l\u00edneas South Beach, Collins, Mid-Beach y North Beach). Los sistemas de Metrorail y Metrobus dan servicio a la zona continental de Miami, y el Metrorail conecta con el aeropuerto y el centro. Si conduce, suele ser necesario un aparcamiento, ya que aparcar en la calle puede ser dif\u00edcil en South Beach. Los taxis compartidos (Uber\/Lyft) y el sistema de autobuses de Miami-Dade tambi\u00e9n operan en Miami Beach. Generalmente, planifique caminar o ir en bicicleta por South Beach, y quiz\u00e1s alquile un coche para excursiones de un d\u00eda al norte, a Palm Beach, o al oeste, a los Everglades.<\/p>\n<p>La moneda es el d\u00f3lar estadounidense; se espera dar propina (15-20% en restaurantes y bares). El ingl\u00e9s y el espa\u00f1ol se entienden ampliamente (muchos men\u00fas y letreros son biling\u00fces). La vestimenta es muy informal; la ropa de playa, las chanclas y los pantalones cortos son comunes durante el d\u00eda. La ciudad es segura en las zonas tur\u00edsticas, pero los carteristas pueden ocurrir; vigile sus pertenencias en la playa y en las terrazas concurridas. La protecci\u00f3n solar es crucial durante todo el a\u00f1o (bloqueador solar, sombreros) debido a la fuerte radiaci\u00f3n UV. Si visita durante la temporada de huracanes (junio-noviembre), est\u00e9 atento a las alertas meteorol\u00f3gicas (aunque los huracanes importantes son poco frecuentes). Planifique evitar la playa por la tarde en pleno verano (el calor puede dispararse), optando por las primeras horas de la ma\u00f1ana o las \u00faltimas de la tarde. Finalmente, la cortes\u00eda con los lugare\u00f1os y el respeto al horario de silencio despu\u00e9s de las 10 p. m. contribuir\u00e1n a integrarse con la comunidad de amantes de la playa y residentes.<a href=\"https:\/\/travelshelper.com\/es\/destinos\/america-del-norte\/estados-unidos-de-america\/berkeley-springs\/\" target=\"_self\" aria-labelledby=\"uael-post-8997\"><br \/>\n<\/a><\/p>","protected":false},"excerpt":{"rendered":"<p>Miami Beach, parte del \u00e1rea metropolitana de Miami en el sur de Florida, es una ciudad tur\u00edstica costera del condado de Miami-Dade, Florida, y un lugar vibrante y din\u00e1mico. Ubicado en una serie de islas barrera naturales y artificiales entre la tranquila Bah\u00eda Biscayne y el gran Oc\u00e9ano Atl\u00e1ntico, este municipio es... La bah\u00eda separa naturalmente Miami Beach de la ciudad continental de Miami. Entre los diversos barrios de Miami Beach, South Beach es el m\u00e1s conocido, con sus 6,5 km\u00b2 (2,5 millas cuadradas). Junto con el centro de Miami y el Puerto de Miami, South Beach constituye el activo centro de negocios del sur de Florida.<\/p>","protected":false},"author":1,"featured_media":3272,"parent":8072,"menu_order":0,"comment_status":"closed","ping_status":"closed","template":"elementor_theme","meta":{"_eb_attr":"","footnotes":""},"class_list":["post-8219","page","type-page","status-publish","has-post-thumbnail"],"_links":{"self":[{"href":"https:\/\/travelshelper.com\/es\/wp-json\/wp\/v2\/pages\/8219","targetHints":{"allow":["GET"]}}],"collection":[{"href":"https:\/\/travelshelper.com\/es\/wp-json\/wp\/v2\/pages"}],"about":[{"href":"https:\/\/travelshelper.com\/es\/wp-json\/wp\/v2\/types\/page"}],"author":[{"embeddable":true,"href":"https:\/\/travelshelper.com\/es\/wp-json\/wp\/v2\/users\/1"}],"replies":[{"embeddable":true,"href":"https:\/\/travelshelper.com\/es\/wp-json\/wp\/v2\/comments?post=8219"}],"version-history":[{"count":0,"href":"https:\/\/travelshelper.com\/es\/wp-json\/wp\/v2\/pages\/8219\/revisions"}],"up":[{"embeddable":true,"href":"https:\/\/travelshelper.com\/es\/wp-json\/wp\/v2\/pages\/8072"}],"wp:featuredmedia":[{"embeddable":true,"href":"https:\/\/travelshelper.com\/es\/wp-json\/wp\/v2\/media\/3272"}],"wp:attachment":[{"href":"https:\/\/travelshelper.com\/es\/wp-json\/wp\/v2\/media?parent=8219"}],"curies":[{"name":"wp","href":"https:\/\/api.w.org\/{rel}","templated":true}]}}