{"id":8130,"date":"2024-09-01T11:57:43","date_gmt":"2024-09-01T11:57:43","guid":{"rendered":"https:\/\/travelshelper.com\/staging\/?page_id=8130"},"modified":"2026-03-13T17:47:16","modified_gmt":"2026-03-13T17:47:16","slug":"jackson-hole","status":"publish","type":"page","link":"https:\/\/travelshelper.com\/es\/destinations\/north-america\/united-states\/jackson-hole\/","title":{"rendered":"Jackson Hole"},"content":{"rendered":"<p>Ubicado en el monta\u00f1oso paisaje del noroeste de Wyoming, Jackson Hole es un pueblo de valle a gran altitud que encarna la esencia del Oeste americano. El pueblo de Jackson (a menudo llamado simplemente &#034;Jackson Hole&#034;) es la comunidad m\u00e1s grande del condado de Teton, pero incluso en 2023 segu\u00eda siendo peque\u00f1o: aproximadamente 10,700 residentes. A pesar de su modesta poblaci\u00f3n, Jackson Hole ostenta una gran reputaci\u00f3n como resort de lujo y centro de aventuras al aire libre. Se encuentra cerca (y parcialmente dentro) del Parque Nacional Grand Teton, con la espectacular cordillera Teton elev\u00e1ndose inmediatamente al oeste y el extremo sur de Yellowstone a unos 96 kil\u00f3metros al norte. Este pintoresco valle monta\u00f1oso est\u00e1 tallado por los r\u00edos Snake y Gros Ventre, a m\u00e1s de 1824 metros de altitud. El clima es alpino: veranos cortos y c\u00e1lidos e inviernos largos y fr\u00edos. La vida en Jackson es relajada y orientada a la naturaleza; el ingl\u00e9s es el idioma principal, lo que refleja su tasa de ciudadan\u00eda estadounidense del 100% y su poblaci\u00f3n mayoritariamente blanca. (La poblaci\u00f3n local est\u00e1 compuesta aproximadamente por dos tercios de blancos, con una creciente comunidad hispana de aproximadamente el 23,5%, debido en gran medida a los trabajadores temporales y de servicios hispanohablantes).<\/p>\n<h2>Jackson Hole en cifras<\/h2>\n<p>Como se mencion\u00f3, Jackson Hole es una ciudad peque\u00f1a para los est\u00e1ndares de una ciudad: solo ten\u00eda una poblaci\u00f3n de 10.700 personas en 2023. Adem\u00e1s, es una de las ciudades m\u00e1s ricas de Estados Unidos en cuanto a ingresos familiares: el ingreso familiar promedio ronda los $112.600 al a\u00f1o, muy por encima del promedio nacional. La edad promedio es de unos 35 a\u00f1os (lo que indica que hay muchos adultos j\u00f3venes y familias, as\u00ed como jubilados). La ciudad est\u00e1 compuesta esencialmente por ciudadanos estadounidenses al 100% y m\u00e1s del 90% es blanca (no hispana), aunque, como se mencion\u00f3, una parte significativa de la fuerza laboral se identifica como hispana. Hay muy poca diversidad ling\u00fc\u00edstica en casa: pr\u00e1cticamente todos los residentes dicen hablar solo ingl\u00e9s.<\/p>\n<p>La econom\u00eda local gira en torno al turismo y los servicios relacionados. Jackson Hole y el condado de Teton atraen a m\u00e1s de un mill\u00f3n de visitantes al a\u00f1o; en 2022, alrededor de 1,69 millones de visitantes visitaron la regi\u00f3n, lo que gener\u00f3 entre 1.650 y 1.700 millones de d\u00f3lares en la econom\u00eda local. Este gasto gener\u00f3 unos 7.900 empleos (aproximadamente el 7 % del empleo del condado) e incluye alojamiento, restauraci\u00f3n, actividades recreativas (esqu\u00ed, excursiones de senderismo, gu\u00edas de pesca) y comercio minorista. En resumen, las cifras demuestran que la subsistencia de Jackson Hole depende de sus atractivos naturales (monta\u00f1as, fauna, esqu\u00ed) m\u00e1s que de la agricultura o la industria pesada. (Para ponerlo en perspectiva, la actividad econ\u00f3mica per c\u00e1pita es enorme; cualquiera podr\u00eda observar que la econom\u00eda de Jackson representa aproximadamente 160.000 d\u00f3lares por residente en gasto tur\u00edstico).<\/p>\n<h2>Ubicaci\u00f3n<\/h2>\n<p>Jackson Hole se refiere al valle, de aproximadamente 68 kil\u00f3metros de longitud, que se encuentra entre la cordillera Teton al oeste y la cordillera Gros Ventre al este. El pueblo de Jackson se encuentra cerca del extremo sur del valle, a unos 104 kil\u00f3metros del Parque Nacional de Yellowstone y a 16 kil\u00f3metros del Parque Nacional Grand Teton. Forma parte del Gran Ecosistema de Yellowstone. El fondo del valle se encuentra a una altura promedio de 1900 metros (6237 pies) sobre el nivel del mar. Los picos circundantes son espectaculares: Grand Teton se eleva a 4200 metros (13775 pies). Estas monta\u00f1as crean un entorno cl\u00e1sico de las Monta\u00f1as Rocosas: bosques alpinos, r\u00edos caudalosos y praderas de artemisa. Al sur, el valle se encuentra con la cordillera Wyoming; al norte, el r\u00edo Snake fluye hacia Idaho.<\/p>\n<p>La Divisoria Continental pasa cerca; de hecho, la Ruta 26\/89\/191 de EE. UU. cruza el Paso Teton (8431 pies) hacia Idaho, aproximadamente a 16 millas al sur de la ciudad, conectando Jackson Hole con la zona tur\u00edstica de Idaho (p. ej., Victor, ID). En invierno, este paso puede estar nevado, por lo que los viajeros a menudo planean teniendo en cuenta su temperatura. El clima local es fresco: las temperaturas m\u00e1ximas promedio en verano est\u00e1n entre los 70 y 80 \u00b0F (mediados de los 20 \u00b0C) y las temperaturas promedio en invierno, por ejemplo, m\u00e1xima en enero ~30 \u00b0F, m\u00ednima ~10 \u00b0F (\u20131 \u00b0C\/\u201312 \u00b0C). Las nevadas son abundantes (m\u00e1s de 50 pulgadas por temporada), lo que permite que las estaciones de esqu\u00ed de renombre mundial del valle (Jackson Hole Mountain Resort, Snow King) operen de noviembre a abril. No se necesitaron citas aqu\u00ed, pero los datos indican extremos de -22 \u00b0F a +102 \u00b0F hist\u00f3ricamente.<\/p>\n<h2>Instant\u00e1nea hist\u00f3rica<\/h2>\n<p>La zona de Jackson Hole ha estado habitada por nativos americanos durante milenios. Los shoshone, as\u00ed como tribus relacionadas (bannock, crow, blackfoot y gros ventre), utilizaban el valle estacionalmente para la caza y la pesca. Los manantiales y praderas eran territorio neutral y ten\u00edan un significado cultural para el pueblo shoshone-bannock. Para ellos, las aguas termales eran sagradas y curativas, y de hecho, incluso hoy en d\u00eda, muchas narrativas locales enfatizan el valor espiritual de los manantiales.<\/p>\n<p>El valle fue &#034;descubierto&#034; por monta\u00f1eros y tramperos estadounidenses a principios del siglo XIX. Se dice que el comerciante de pieles David &#034;Davey&#034; Jackson, miembro de la legendaria Expedici\u00f3n Astor de 1822, invern\u00f3 aqu\u00ed, lo que le dio al valle su nombre (originalmente &#034;Davey Jackson&#039;s Hole&#034;). El valle permaneci\u00f3 escasamente poblado durante d\u00e9cadas; form\u00f3 parte de las rutas de la Ruta de Oreg\u00f3n y la Ruta de California a mediados del siglo XIX, y los emigrantes pasaban por sus alrededores en su camino hacia el oeste.<\/p>\n<p>El asentamiento permanente de no ind\u00edgenas comenz\u00f3 a finales del siglo XIX. Los ganaderos se instalaron en las tierras de la Reserva Ind\u00edgena de Fort Hall tras los tratados de la d\u00e9cada de 1870, y para la d\u00e9cada de 1880, el pastoreo de ganado se hab\u00eda convertido en la principal industria del valle. El pueblo de Jackson (originalmente &#034;Jackson&#039;s Hole&#034; o &#034;Fisher&#039;s Hollow&#034;) recibi\u00f3 su nombre oficial en 1894, fecha en la que contaba con unas pocas docenas de edificios y un ferry que cruzaba el r\u00edo Snake. En 1900 se traz\u00f3 el primer plano de la ciudad, y en 1903 Jackson se constituy\u00f3 como ciudad.<\/p>\n<p>Un punto de inflexi\u00f3n se produjo a principios del siglo XX cuando el gobierno federal convirti\u00f3 terrenos locales en parques p\u00fablicos. Entre 1908 y 1912, el Congreso autoriz\u00f3 un refugio nacional para los ciervos que invernaban en el valle; el Refugio de Ciervos de Jackson Hole se estableci\u00f3 oficialmente en 1912, asegurando una poblaci\u00f3n permanente de miles de ciervos y bisontes. Mientras tanto, en 1929, Estados Unidos cre\u00f3 el Parque Nacional Grand Teton, protegiendo las monta\u00f1as al oeste. Estas designaciones desviaron la econom\u00eda del valle de la ganader\u00eda hacia el turismo. Jackson Hole se constituy\u00f3 como ciudad en 1915 (su nombre se acort\u00f3 a &#034;Jackson&#034;), y durante la Gran Depresi\u00f3n, el turismo (recorridos automovil\u00edsticos de verano y ranchos vacacionales) mantuvo viva la ciudad.<\/p>\n<p>Tras la Segunda Guerra Mundial, la recreaci\u00f3n experiment\u00f3 un auge. En 1939 se construy\u00f3 el primer telesqu\u00ed en la monta\u00f1a Snow King, justo en el pueblo, y en 1954 se inaugur\u00f3 el Jackson Hole Mountain Resort en Teton Village, al noroeste. Estos desarrollos, junto con la apertura de vuelos comerciales por parte del Aeropuerto de Jackson Hole en 1946, hicieron que Jackson fuera accesible a los visitantes. Durante la segunda mitad del siglo XX, Jackson Hole evolucion\u00f3 de una comunidad ganadera a un destino tur\u00edstico de fama mundial, conservando al mismo tiempo una identidad t\u00edpicamente vaquera del Oeste.<\/p>\n<p>Hoy en d\u00eda, algunos elementos del pasado de Jackson permanecen: los cl\u00e1sicos arcos de astas en la Plaza del Pueblo (construidos en 1953 con astas de alce recolectadas en el refugio) simbolizan su herencia fronteriza. Los sitios hist\u00f3ricos locales (la arena del rodeo de Jackson Hole de 1953, el albergue Point Bar y el Museo Stage Barn de 1922) preservan la antigua cultura pionera y ganadera. En resumen, la historia de Jackson Hole es una historia de gesti\u00f3n ind\u00edgena, asentamientos en zonas monta\u00f1osas escarpadas y, finalmente, turismo orientado a la conservaci\u00f3n.<\/p>\n<h2>Ambiente cultural<\/h2>\n<p>El car\u00e1cter local de Jackson Hole es una mezcla del encanto del Viejo Oeste, la informalidad de la naturaleza y las comodidades de un resort de lujo. Pr\u00e1cticamente todo el mundo habla ingl\u00e9s; dado el tama\u00f1o de la comunidad hispana, tambi\u00e9n se oye espa\u00f1ol en restaurantes y tiendas (alrededor del 23% de los residentes se identifican como hispanos o latinos). La vida familiar y las actividades al aire libre conforman la rutina diaria: muchos lugare\u00f1os empiezan el d\u00eda esquiando o haciendo senderismo y hacen recados en chanclas y vaqueros. No hay mentalidad de hora punta: el ritmo es relajado pero trabajador. La hospitalidad es c\u00e1lida; los comerciantes y el personal de los hoteles suelen saludar a los visitantes con un amable &#034;hola&#034; o &#034;bienvenido a Jackson&#034;.<\/p>\n<p>Las tradiciones y festivales reflejan este esp\u00edritu del Oeste. Los D\u00edas de Encuentro de Jackson Hole (que se celebran alrededor del 4 de julio) son un evento patrimonial popular con desfiles, cenas en carretas, fuegos artificiales y rodeo. (La celebraci\u00f3n anual del 4 de julio incluye fuegos artificiales y una divertida carrera de patos de goma por el r\u00edo a beneficio de la caridad). Snow King Mountain celebra anualmente en enero &#034;Fire &amp; Ice&#034;, un carnaval de invierno con concursos de esculturas de hielo, fuegos artificiales y eventos de esqu\u00ed. A finales del verano, el Festival de Artes de Oto\u00f1o de Jackson Hole (desde la d\u00e9cada de 1980) presenta artistas locales, m\u00fasica y poes\u00eda vaquera. Los clubes y organizaciones ben\u00e9ficas locales tambi\u00e9n organizan rodeos, partidos de polo y sesiones de m\u00fasica de monta\u00f1a durante todo el verano.<\/p>\n<p>Dejando a un lado los festivales, el coraz\u00f3n cultural de Jackson reside en su conexi\u00f3n con la naturaleza. Muchas tardes de verano, encontrar\u00e1 a la gente del pueblo paseando por la Plaza del Pueblo (Parque Conmemorativo George Washington), code\u00e1ndose bajo los ic\u00f3nicos arcos de astas de alce. Las galer\u00edas de arte exhiben arte de tem\u00e1tica del Oeste y de la vida silvestre (el Museo Nacional de Arte de la Vida Silvestre tiene vistas al refugio de alces). En el \u00e1mbito deportivo, pr\u00e1cticamente todos los residentes son, al menos ocasionales, aficionados al esqu\u00ed o al ciclismo. Existe una notable tendencia igualitaria: no es raro ver a un multimillonario con botas de esqu\u00ed charlando con un guardabosques. En resumen, Jackson Hole se siente como un sofisticado pueblo rural: acogedor, ligeramente r\u00fastico, pero con un toque de confianza y sofisticaci\u00f3n propios de un destino tan codiciado.<\/p>\n<h2>Principales atracciones<\/h2>\n<p>Las atracciones de Jackson Hole son principalmente experiencias al aire libre y paisaj\u00edsticas, pero tambi\u00e9n incluyen lugares \u00fanicos en interiores. Entre los lugares imperdibles se incluyen:<\/p>\n<ul>\n<li><strong>Parque Nacional Grand Teton<\/strong> Justo al norte de la ciudad, este parque ofrece un paisaje alpino inolvidable. Los visitantes acuden en masa al lago Jenny (senderismo, paseos en barco), a la monta\u00f1a Signal (miradores) y a la pintoresca cordillera Teton. La observaci\u00f3n de fauna (alces, osos, wapit\u00edes) es excelente, especialmente a primera hora de la ma\u00f1ana.<\/li>\n<li><strong>Refugio Nacional de Alces<\/strong> Hogar de miles de alces cada invierno, el refugio de 24,000 acres al este de Jackson ofrece safaris de vida silvestre (recorridos en autob\u00fas de nieve en invierno). El refugio protege la manada de alces y bisontes de Jackson Hole, y los espectaculares arcos de astas de Town Square se construyeron con astas de alce halladas en este refugio.<\/li>\n<li><strong>Plaza de la ciudad de Jackson<\/strong> La r\u00fastica Plaza del Pueblo, construida con madera, es el centro de Jackson, y se distingue por sus cuatro arcos de astas de alce y una estatua de bronce de un alce. Est\u00e1 rodeada de galer\u00edas, tiendas y el hist\u00f3rico Million Dollar Cowboy Bar (un famoso bar con decoraci\u00f3n del oeste). La Plaza del Pueblo es el lugar de encuentro de residentes y visitantes en las tardes de verano.<\/li>\n<li><strong>Complejo tur\u00edstico de monta\u00f1a Jackson Hole (Teton Village)<\/strong> Una estaci\u00f3n de esqu\u00ed de primera clase (y tranv\u00eda de verano) justo al oeste de la ciudad. En invierno ofrece pistas empinadas y nieve polvo profunda; en verano, senderismo alpino, ciclismo de monta\u00f1a y paseos panor\u00e1micos en tranv\u00eda a\u00e9reo hasta el pico Rendezvous.<\/li>\n<li><strong>Monta\u00f1a del Rey de las Nieves<\/strong> Ubicado en pleno Jackson, Snow King es la pista de esqu\u00ed y zona recreativa local del pueblo. En verano, cuenta con una popular monta\u00f1a rusa y un sendero para la fauna, y en invierno, su snowpark atrae a los amantes del snowboard.<\/li>\n<li><strong>Museo Nacional de Arte de la Vida Silvestre<\/strong> Con vistas al Refugio de Alces, al noreste de la ciudad, este museo alberga una colecci\u00f3n de primer nivel de arte animal y del Oeste. Incluso el propio edificio (inspirado en la forma de un afloramiento rocoso) es un punto culminante fotogr\u00e1fico.<\/li>\n<li><strong>Sociedad hist\u00f3rica y museo de Jackson Hole<\/strong> \u2013 Ubicado cerca de Town Square, este museo y centro de investigaci\u00f3n tiene exhibiciones sobre la historia del valle, incluidos artefactos de la vida de los nativos americanos, la \u00e9poca de los tramperos y los primeros Jackson.<\/li>\n<li><strong>Rodeo de Jackson Hole<\/strong> De junio a agosto, se celebran rodeos profesionales tres noches a la semana en la hermosa arena de rodeo cerca de Jackson, donde se exhiben monta de toros, carreras de barriles y lazos, una divertida muestra de la cultura vaquera. (La monta de toros aqu\u00ed clasifica para las Finales Nacionales de Rodeo).<\/li>\n<li><strong>Museo Nacional de Arte de la Vida Silvestre<\/strong> La colecci\u00f3n del museo de pinturas y esculturas del Oeste y la vida silvestre es de primera categor\u00eda. Su ubicaci\u00f3n panor\u00e1mica, con vistas al Refugio Nacional del Alce, lo convierte en una doble atracci\u00f3n (arte y paisaje).<\/li>\n<\/ul>\n<p>Cada una de estas atracciones representa lo que la gente busca en Jackson Hole: paisajes majestuosos, vida silvestre y una muestra de la herencia del Oeste. Ya sea desliz\u00e1ndose en esqu\u00eds por un pico escarpado o paseando bajo los arcos de astas de alce del pueblo, el &#034;hole&#034; \u2014como llaman los lugare\u00f1os al valle\u2014 ofrece experiencias memorables.<\/p>\n<h2>Instant\u00e1nea pr\u00e1ctica<\/h2>\n<p>El singular aeropuerto de Jackson Hole (Aeropuerto de Jackson Hole, c\u00f3digo IATA JAC) es el \u00fanico aeropuerto comercial de EE. UU. ubicado \u00edntegramente dentro de un parque nacional (Grand Teton NP). Los vuelos son relativamente limitados: la mayor\u00eda de los visitantes llegan con conexiones directas desde las principales ciudades del oeste, como Denver, Salt Lake City o Seattle. En invierno, la demanda de vuelos es especialmente alta. El aeropuerto se encuentra a unos 20 minutos (16-19 km) al sur de la ciudad. Para una mayor variedad de vuelos, los aeropuertos de Salt Lake City (UT) e Idaho Falls (ID) est\u00e1n a unos 322 y 160 km respectivamente, pero llegar a Jackson desde ellos requiere largos viajes en coche.<\/p>\n<p>Por carretera, las rutas estadounidenses 26, 89 y 191 convergen en Jackson. La I-15 est\u00e1 a unos 64 kil\u00f3metros al sur (hacia Victor, Idaho), y conecta con Jackson a trav\u00e9s del Paso Teton. Durante las tormentas invernales, la ruta del Paso Teton puede ser complicada; la limpieza de nieve la mantiene transitable la mayor parte del tiempo, pero se recomienda a los viajeros planificar adecuadamente. No hay servicio de tren de pasajeros a Jackson Hole. El servicio de autobuses interurbanos (por ejemplo, Express Arrow) opera desde Salt Lake City y Denver durante la temporada alta.<\/p>\n<p>Dentro de Jackson, es f\u00e1cil moverse a pie por la compacta zona de Town Square (con sus tiendas y galer\u00edas). El pueblo cuenta con un servicio de transporte gratuito al centro (&#034;START Bus&#034;) que circula cada 20 minutos en verano. Para destinos fuera del pueblo (por ejemplo, estaciones de esqu\u00ed o el Parque Nacional Grand Teton), la mayor\u00eda de los visitantes alquilan coches o utilizan autobuses o taxis. El transporte p\u00fablico local (&#034;START Bus&#034;) incluye una ruta de pago que sube por la monta\u00f1a hasta Teton Village y contin\u00faa hasta el Parque Nacional Grand Teton. El ciclismo es popular en los senderos pavimentados del valle, y los taxis Uber\/Lyft operan aqu\u00ed (aunque pueden aplicarse tarifas din\u00e1micas durante la temporada alta).<\/p>\n<p>Jackson Hole utiliza la moneda estadounidense (d\u00f3lares estadounidenses) y se aplican las costumbres estadounidenses de propinas (alrededor del 15-20% en restaurantes y visitas guiadas). Se habla ingl\u00e9s en todas partes; no se necesita saber ning\u00fan idioma extranjero en el pueblo. La gran altitud del valle (m\u00e1s de 1824 metros) implica un sol intenso; los visitantes deben usar protector solar y mantenerse hidratados. Los visitantes de invierno deben llevar ropa abrigada incluso durante el d\u00eda, ya que las condiciones de la monta\u00f1a pueden cambiar r\u00e1pidamente. La seguridad con la fauna es importante: mant\u00e9ngase siempre al menos a 23 metros de osos y lobos, y a 91 metros de bisontes (el Servicio de Parques Nacionales recomienda observar alces desde lejos, especialmente con cr\u00edas). La zona es muy segura en cuanto a delincuencia (es raro encontrar puertas cerradas en el pueblo); la principal precauci\u00f3n es simplemente prepararse para la altitud y la fauna.<\/p>\n<p>En resumen, Jackson Hole ofrece una combinaci\u00f3n de encanto r\u00fastico del oeste y comodidades modernas de resort. Las atracciones de temporada \u2014esqu\u00ed en invierno, senderismo en verano\u2014 rigen su calendario, pero durante todo el a\u00f1o se aplican las mismas consideraciones pr\u00e1cticas: angloparlantes, propinas, amplios pagos en efectivo y tarjetas, y un estilo de vida al aire libre relajado pero consciente.<a href=\"https:\/\/travelshelper.com\/es\/destinos\/america-del-norte\/estados-unidos-de-america\/berkeley-springs\/\" target=\"_self\" aria-labelledby=\"uael-post-8997\"><br \/>\n<\/a><\/p>","protected":false},"excerpt":{"rendered":"<p>Jackson Hole, conocido antiguamente como Jackson&#039;s Hole por los primeros exploradores, es un impresionante valle rodeado por las majestuosas cordilleras Gros Ventre y Teton en Wyoming, cerca de la frontera con Idaho, en el condado de Teton. Los primeros tramperos, a veces conocidos como &#034;hombres de monta\u00f1a&#034;, acu\u00f1aron h\u00e1bilmente el t\u00e9rmino &#034;hole&#034; para describir los grandes valles monta\u00f1osos. Definidos por sus suaves curvas, estos valles est\u00e1n rodeados por grandes monta\u00f1as y entrelazados con r\u00edos y arroyos, creando el refugio ideal para castores y otros animales de piel. Jackson Hole se extiende elegantemente a lo largo de 89 km (55 millas) y tiene una anchura refinada de entre 10 y 21 km (6 y 13 millas). Con una altitud promedio de 2100 metros (6800 pies), este impresionante valle foso foso alcanza su m\u00e1ximo esplendor en el l\u00edmite sur del parque, a 1940 metros (6350 pies).<\/p>","protected":false},"author":1,"featured_media":3850,"parent":8072,"menu_order":0,"comment_status":"closed","ping_status":"closed","template":"elementor_theme","meta":{"_eb_attr":"","footnotes":""},"class_list":["post-8130","page","type-page","status-publish","has-post-thumbnail"],"_links":{"self":[{"href":"https:\/\/travelshelper.com\/es\/wp-json\/wp\/v2\/pages\/8130","targetHints":{"allow":["GET"]}}],"collection":[{"href":"https:\/\/travelshelper.com\/es\/wp-json\/wp\/v2\/pages"}],"about":[{"href":"https:\/\/travelshelper.com\/es\/wp-json\/wp\/v2\/types\/page"}],"author":[{"embeddable":true,"href":"https:\/\/travelshelper.com\/es\/wp-json\/wp\/v2\/users\/1"}],"replies":[{"embeddable":true,"href":"https:\/\/travelshelper.com\/es\/wp-json\/wp\/v2\/comments?post=8130"}],"version-history":[{"count":0,"href":"https:\/\/travelshelper.com\/es\/wp-json\/wp\/v2\/pages\/8130\/revisions"}],"up":[{"embeddable":true,"href":"https:\/\/travelshelper.com\/es\/wp-json\/wp\/v2\/pages\/8072"}],"wp:featuredmedia":[{"embeddable":true,"href":"https:\/\/travelshelper.com\/es\/wp-json\/wp\/v2\/media\/3850"}],"wp:attachment":[{"href":"https:\/\/travelshelper.com\/es\/wp-json\/wp\/v2\/media?parent=8130"}],"curies":[{"name":"wp","href":"https:\/\/api.w.org\/{rel}","templated":true}]}}