{"id":8097,"date":"2024-08-31T22:27:38","date_gmt":"2024-08-31T22:27:38","guid":{"rendered":"https:\/\/travelshelper.com\/staging\/?page_id=8097"},"modified":"2026-03-13T17:49:15","modified_gmt":"2026-03-13T17:49:15","slug":"honolulu","status":"publish","type":"page","link":"https:\/\/travelshelper.com\/es\/destinations\/north-america\/united-states\/honolulu\/","title":{"rendered":"Honolulu"},"content":{"rendered":"<p>Honolulu, la capital del estado de Haw\u00e1i, es una ciudad de costas turquesas y laderas volc\u00e1nicas color esmeralda. Su horizonte de rascacielos y hoteles palaciegos domina la famosa playa de Waik\u012bk\u012b y el Pac\u00edfico, convirti\u00e9ndola en uno de los destinos tur\u00edsticos m\u00e1s emblem\u00e1ticos de Estados Unidos. Seg\u00fan el censo de 2020, Honolulu contaba con unos 350.964 habitantes, lo que la sit\u00faa como la 55.\u00aa ciudad m\u00e1s grande de Estados Unidos. A pesar de su modesta poblaci\u00f3n, el atractivo internacional de Honolulu es evidente: recibi\u00f3 a unos 711.000 visitantes en 2022, lo que la convierte en la d\u00e9cima ciudad m\u00e1s visitada del pa\u00eds. Cabe destacar que el coste de vida en Honolulu es extremadamente alto (aproximadamente un 69 % superior al promedio nacional), lo que refleja su econom\u00eda isle\u00f1a.<\/p>\n<p>La demograf\u00eda y la econom\u00eda de Honolulu reflejan su singular car\u00e1cter de la Cuenca del Pac\u00edfico. M\u00e1s de la mitad de los residentes de la ciudad son de ascendencia asi\u00e1tica, el grupo m\u00e1s numeroso (con aproximadamente un 20% de ascendencia japonesa y un 13% de ascendencia filipina). Los hawaianos nativos y los isle\u00f1os del Pac\u00edfico constituyen entre el 8% y el 9%, mientras que los blancos no hispanos representan entre el 15% y el 17%. Esta poblaci\u00f3n multicultural impulsa una cultura local diversa (v\u00e9ase &#034;Ambiente Cultural&#034; m\u00e1s abajo).<\/p>\n<p>Econ\u00f3micamente, Honolulu depende en gran medida del turismo. Millones de visitantes cada a\u00f1o aportan aproximadamente 10\u00a0000 millones de d\u00f3lares a la econom\u00eda local, y la ciudad sirve de puerta de entrada a los complejos tur\u00edsticos isle\u00f1os de Haw\u00e1i. Adem\u00e1s, el puerto y el aeropuerto de Honolulu sustentan importantes funciones comerciales y militares en el Pac\u00edfico, mientras que un creciente sector de alta tecnolog\u00eda e investigaci\u00f3n aporta diversidad. En 2014, el coste de vida en Honolulu se encontraba entre los m\u00e1s altos del pa\u00eds, debido a su ubicaci\u00f3n remota y a su econom\u00eda basada en la importaci\u00f3n. El ingreso familiar medio es relativamente alto (alrededor de 85\u00a0000 d\u00f3lares), pero tambi\u00e9n lo es la tasa de pobreza (casi el 12\u00a0%), lo que subraya la brecha salarial en esta ciudad tan cara.<\/p>\n<p>Honolulu se encuentra en la costa sur de O\u02bbahu, la tercera isla hawaiana m\u00e1s grande. La ciudad abarca la costa sureste desde el hist\u00f3rico Pearl Harbor hasta las crestas de Diamond Head (L\u0113\u02bbahi) y Makapu\u02bbu Point. Exuberantes monta\u00f1as volc\u00e1nicas (la cordillera Ko\u02bbolau) se alzan abruptamente justo al norte de la ciudad, enmarcando una estrecha llanura costera. Geogr\u00e1ficamente, es una de las ciudades m\u00e1s remotas del planeta, a unos 3850 kil\u00f3metros al suroeste de San Francisco, al otro lado del inmenso Pac\u00edfico. Este aislamiento le otorga a Honolulu un clima y un ecosistema m\u00e1s tropical que el de cualquier otra ciudad estadounidense.<\/p>\n<p>El clima es tropical y oce\u00e1nico moderado. Los vientos alisios del noreste soplan durante todo el a\u00f1o, aportando humedad a las monta\u00f1as, pero a menudo dejando la costa m\u00e1s soleada. Las temperaturas son notablemente estables: las m\u00e1ximas diarias suelen rondar los 25-30 \u00b0C (70-80 \u00b0F), incluso en invierno. Las precipitaciones son estacionales (invierno h\u00famedo, verano seco), pero abundantes en las zonas altas. En general, el clima de &#034;para\u00edso tropical&#034; de Honolulu es un gran atractivo tur\u00edstico.<\/p>\n<p>La historia de Honolulu comienza con los antiguos hawaianos. La evidencia arqueol\u00f3gica muestra que los viajeros polinesios se asentaron en Oahu hacia el siglo XI. En 1795, Kamehameha I unific\u00f3 Oahu bajo su reino, y para 1804 traslad\u00f3 su corte real a la zona de Waik\u012bk\u012b, en lo que hoy es Honolulu. En las d\u00e9cadas siguientes, Honolulu se convirti\u00f3 en puerto y, en 1845, el rey Kamehameha III la declar\u00f3 oficialmente capital del Reino de Haw\u00e1i. Posteriormente, el rey Kal\u0101kaua y la reina Lili\u02bbuokalani construyeron el majestuoso Palacio \u02bbIolani en el centro de la ciudad como residencia real.<\/p>\n<p>El final del siglo XIX fue tumultuoso: en 1893, Honolulu fue escenario del derrocamiento de la monarqu\u00eda hawaiana (la reina Lili\u02bbuokalani fue depuesta) y, cinco a\u00f1os despu\u00e9s, Estados Unidos anex\u00f3 Haw\u00e1i. A pesar del devastador incendio de Chinatown en 1900 y la conmoci\u00f3n del ataque a Pearl Harbor (1941), Honolulu sigui\u00f3 siendo el centro pol\u00edtico y poblacional de Haw\u00e1i. La condici\u00f3n de estado en 1959 desencaden\u00f3 un auge tur\u00edstico: se construyeron autopistas, hoteles y el moderno aeropuerto (entonces Honolulu International) a medida que cientos de miles de estadounidenses y asi\u00e1ticos comenzaron a vacacionar en Haw\u00e1i. A mediados del siglo XX, Waik\u012bk\u012b se hab\u00eda transformado en un distrito tur\u00edstico de gran altura, y el horizonte de Honolulu comenz\u00f3 a elevarse con hoteles y condominios. La ciudad contin\u00faa evolucionando, combinando ahora un profundo legado polinesio con influencias globales.<\/p>\n<p>La cultura de Honolulu es un tapiz tejido a partir de la tradici\u00f3n nativa hawaiana y sus numerosas comunidades inmigrantes. El ingl\u00e9s y el hawaiano (&#039;\u014clelo Hawai&#039;i) son idiomas oficiales, pero tambi\u00e9n escuchar\u00e1s el pidgin hawaiano (ingl\u00e9s criollo), el japon\u00e9s, el tagalo y muchas otras lenguas de la Cuenca del Pac\u00edfico en la vida cotidiana. El esp\u00edritu local se rige, como es bien sabido, por el &#034;Esp\u00edritu Aloha&#034;: calidez y amabilidad expresadas en saludos, leis y una cortes\u00eda relajada. El calendario de Honolulu rebosa de coloridos festivales que muestran esta mezcla: por ejemplo, el Festival de Honolulu, en marzo, une la m\u00fasica y la danza asi\u00e1tica, de las islas del Pac\u00edfico y hawaiana, mientras que el D\u00eda del Lei, el 1 de mayo, celebra la confecci\u00f3n de leis hawaianos con conciertos y hula en el parque Kapi&#039;olani. Los Festivales Aloha, que duran una semana cada oto\u00f1o, son la celebraci\u00f3n cultural m\u00e1s grande del estado, atrayendo a m\u00e1s de 100.000 personas a desfiles, espect\u00e1culos y conciertos. En la vida cotidiana, el ritmo en Honolulu suele ser relajado: los lugare\u00f1os pueden surfear por la ma\u00f1ana y disfrutar de una barbacoa en el jard\u00edn por la noche. Aun as\u00ed, como ciudad moderna, Honolulu tiene un lado empresarial, especialmente en el centro. El ambiente general es agradable y acogedor, atenuado por el ajetreo cosmopolita de un importante centro tur\u00edstico.<\/p>\n<p>Las atracciones de Honolulu combinan maravillas naturales, instituciones culturales y sitios hist\u00f3ricos. La playa de Waik\u012bk\u012b no necesita presentaci\u00f3n: esta medialuna de arena dorada es quiz\u00e1s la playa urbana m\u00e1s famosa del mundo. Los turistas acuden en masa a Waik\u012bk\u012b para tomar el sol, tomar clases de surf y disfrutar de un paseo mar\u00edtimo repleto de tiendas y resorts. Con vistas a Waik\u012bk\u012b se encuentra Diamond Head (L\u0113&#039;ahi), un cr\u00e1ter volc\u00e1nico extinto cuya empinada ruta de senderismo ofrece a los escaladores vistas panor\u00e1micas de la ciudad y el Pac\u00edfico.<\/p>\n<p>El centro de Honolulu ofrece una rica historia: el Palacio Iolani (construido en 1879) fue la residencia de los \u00faltimos reyes de Haw\u00e1i y es el \u00fanico palacio real en suelo estadounidense. Cerca de all\u00ed, el Museo Bishop alberga la mayor colecci\u00f3n de artefactos polinesios y tesoros reales hawaianos del mundo. El Museo de Arte de Honolulu (y su colecci\u00f3n afiliada de arte isl\u00e1mico Shangri-La) es el museo de bellas artes m\u00e1s grande de Haw\u00e1i. Otro lugar conmovedor es el Cementerio Conmemorativo Nacional del Pac\u00edfico (el &#034;Punchbowl&#034;), un solemne cementerio de la Segunda Guerra Mundial y la Guerra de Corea excavado en un cr\u00e1ter volc\u00e1nico con vistas a la ciudad.<\/p>\n<p>En los Parques Nacionales de Haw\u00e1i, Pearl Harbor (a poca distancia en coche) es una visita obligada: el Memorial del USS Arizona y el acorazado Missouri narran la historia de la Segunda Guerra Mundial en el Pac\u00edfico. (Honolulu tambi\u00e9n patrocina visitas al Museo de Aviaci\u00f3n del Pac\u00edfico y otros sitios relacionados con Pearl Harbor). Los amantes de la naturaleza encontrar\u00e1n en la bah\u00eda de Hanauma (al este de Waik\u012bk\u012b) un lugar magn\u00edfico para practicar snorkel en una laguna de coral protegida. Para recreaci\u00f3n y compras, el Ala Moana Center en Waik\u012bk\u012b es el centro comercial al aire libre m\u00e1s grande del mundo, y el cercano Parque Kapi\u02bbolani (65 hect\u00e1reas en la base de Diamond Head) es un exuberante oasis urbano para correr, disfrutar de picnics al atardecer y disfrutar de eventos de hula al aire libre.<\/p>\n<p>La principal puerta de entrada a Honolulu es el Aeropuerto Internacional Daniel K. Inouye (HNL), uno de los centros transpac\u00edficos de mayor tr\u00e1fico. Ofrece vuelos directos a ciudades de Estados Unidos continental (Los \u00c1ngeles, San Francisco, Seattle, Chicago, Nueva York, etc.) y a destinos de Asia-Pac\u00edfico (Tokio, Se\u00fal, S\u00eddney, entre otros). M\u00e1s del 60 % de los visitantes de Haw\u00e1i llegan a trav\u00e9s del HNL. Hay vuelos interinsulares que conectan Honolulu con otros aeropuertos hawaianos. Los cruceros tambi\u00e9n hacen escala en el puerto de Honolulu como parte de sus itinerarios por el Pac\u00edfico.<\/p>\n<p>Dentro de Honolulu, las opciones de transporte incluyen TheBus (el sistema de autobuses p\u00fablicos de O&#039;ahu), viajes compartidos y taxis. Waik\u012bk\u012b y el centro son f\u00e1cilmente transitables a pie; muchos visitantes dejan sus coches aparcados all\u00ed. El tr\u00e1fico en Ala Moana Boulevard y la autopista H-1 puede ser denso, especialmente en hora punta. Honolulu inaugur\u00f3 su primera l\u00ednea ferroviaria en 2023 (Skyline), que actualmente va desde Kapolei hasta el Estadio Aloha, y que con el tiempo se extender\u00e1 hacia Waik\u012bk\u012b y Ala Moana. Hasta que se complete la construcci\u00f3n de la l\u00ednea, el alquiler de coches y los autobuses siguen siendo convenientes para llegar a los senderos de monta\u00f1a o a las playas de surf de North Shore. Nota: El aparcamiento en Waik\u012bk\u012b es caro y muchos hoteles cobran tasas de resort.<\/p>\n<p><strong>Consejos b\u00e1sicos:<\/strong><\/p>\n<ul>\n<li><strong>Divisa:<\/strong> D\u00f3lar estadounidense (USD). Haw\u00e1i no aplica impuestos sobre las ventas a los alimentos consumidos fuera de establecimientos comerciales (solo un impuesto general del 4,5 % al 5,5 % sobre otros bienes), pero muchos negocios a\u00fan publican sus precios sin impuestos.<\/li>\n<li><strong>Idioma:<\/strong> El ingl\u00e9s es el idioma de trabajo; las palabras hawaianas aparecen en los nombres y se respetan (\u02bbokina, kahak\u014d). Los lugare\u00f1os suelen usar el pidgin (criollo hawaiano).<\/li>\n<li><strong>Etiqueta:<\/strong> Los hawaianos valoran la <em>Adi\u00f3s<\/em> Esp\u00edritu: ser amable, paciente y respetuoso. Al visitar lugares o casas sagradas, qu\u00edtate los zapatos y pide permiso antes de tomar fotograf\u00edas. Se considera de buena educaci\u00f3n saludar a los desconocidos con &#034;aloha&#034; y &#034;mahalo&#034; (gracias) cuando corresponda.<\/li>\n<li><strong>Seguridad:<\/strong> Honolulu es generalmente seguro, pero mant\u00e9ngase alerta por la noche en zonas aisladas. En el oc\u00e9ano, siempre preste atenci\u00f3n a las advertencias de los salvavidas (Waik\u012bk\u012b tiene fuertes corrientes ocasionales). Prot\u00e9jase del sol e hidr\u00e1tese con frecuencia. (Nota: Haw\u00e1i no tiene criaturas terrestres venenosas, pero las quemaduras solares, las picaduras de medusas y el fuerte oleaje pueden ser peligrosos).<a href=\"https:\/\/travelshelper.com\/es\/destinos\/america-del-norte\/estados-unidos-de-america\/berkeley-springs\/\" target=\"_self\" aria-labelledby=\"uael-post-8997\"><br \/>\n<\/a><\/li>\n<\/ul>","protected":false},"excerpt":{"rendered":"<p>Honolulu es la capital y la ciudad m\u00e1s poblada del estado estadounidense de Haw\u00e1i, situado en el oc\u00e9ano Pac\u00edfico. Como ciudad no incorporada, funciona como sede del condado consolidado de Honolulu. Ubicada en la costa sureste de O&#039;ahu, Honolulu es reconocida como la ciudad m\u00e1s importante, tanto occidental como meridional, de Estados Unidos. Haw\u00e1i es la principal puerta de entrada al mundo y un centro crucial para los negocios, las finanzas, la hosteler\u00eda y la defensa militar del estado y de Ocean\u00eda. La ciudad es una confluencia de diversas culturas asi\u00e1ticas, occidentales y del Pac\u00edfico, como se refleja en su variada demograf\u00eda, gastronom\u00eda y tradiciones.<\/p>","protected":false},"author":1,"featured_media":3574,"parent":8072,"menu_order":0,"comment_status":"closed","ping_status":"closed","template":"elementor_theme","meta":{"_eb_attr":"","footnotes":""},"class_list":["post-8097","page","type-page","status-publish","has-post-thumbnail"],"_links":{"self":[{"href":"https:\/\/travelshelper.com\/es\/wp-json\/wp\/v2\/pages\/8097","targetHints":{"allow":["GET"]}}],"collection":[{"href":"https:\/\/travelshelper.com\/es\/wp-json\/wp\/v2\/pages"}],"about":[{"href":"https:\/\/travelshelper.com\/es\/wp-json\/wp\/v2\/types\/page"}],"author":[{"embeddable":true,"href":"https:\/\/travelshelper.com\/es\/wp-json\/wp\/v2\/users\/1"}],"replies":[{"embeddable":true,"href":"https:\/\/travelshelper.com\/es\/wp-json\/wp\/v2\/comments?post=8097"}],"version-history":[{"count":0,"href":"https:\/\/travelshelper.com\/es\/wp-json\/wp\/v2\/pages\/8097\/revisions"}],"up":[{"embeddable":true,"href":"https:\/\/travelshelper.com\/es\/wp-json\/wp\/v2\/pages\/8072"}],"wp:featuredmedia":[{"embeddable":true,"href":"https:\/\/travelshelper.com\/es\/wp-json\/wp\/v2\/media\/3574"}],"wp:attachment":[{"href":"https:\/\/travelshelper.com\/es\/wp-json\/wp\/v2\/media?parent=8097"}],"curies":[{"name":"wp","href":"https:\/\/api.w.org\/{rel}","templated":true}]}}