{"id":7628,"date":"2024-08-27T21:07:30","date_gmt":"2024-08-27T21:07:30","guid":{"rendered":"https:\/\/travelshelper.com\/staging\/?page_id=7628"},"modified":"2026-03-13T23:47:54","modified_gmt":"2026-03-13T23:47:54","slug":"brasilia","status":"publish","type":"page","link":"https:\/\/travelshelper.com\/es\/destinations\/south-america\/brazil\/brasilia\/","title":{"rendered":"Brasilia"},"content":{"rendered":"<p>En la vasta extensi\u00f3n del altiplano interior de Brasil, una tenue franja de avenidas atraviesa c\u00e9spedes impecables y jardines esculpidos. Aqu\u00ed se alza Brasilia, una ciudad de curvas de hormig\u00f3n y cielos abiertos, concebida no por siglos de crecimiento, sino por una \u00fanica y ambiciosa planificaci\u00f3n. Desde su inauguraci\u00f3n el 21 de abril de 1960, bajo la presidencia de Juscelino Kubitschek, Brasilia ha soportado el peso de las expectativas: consolidar una naci\u00f3n en expansi\u00f3n, honrar la promesa de la modernidad y servir como un s\u00edmbolo viviente de las aspiraciones de Brasil. Hoy, es la tercera ciudad m\u00e1s poblada del pa\u00eds, despu\u00e9s de S\u00e3o Paulo y R\u00edo de Janeiro, y ostenta el PIB per c\u00e1pita m\u00e1s alto entre las principales metr\u00f3polis latinoamericanas, testimonio tanto de su centralidad pol\u00edtica como de su dinamismo econ\u00f3mico.<\/p>\n<p>A finales de la d\u00e9cada de 1950, los l\u00edderes brasile\u00f1os decidieron trasladar la capital de la concurrida costa a una ubicaci\u00f3n m\u00e1s c\u00e9ntrica, fomentando as\u00ed un sentido de unidad entre regiones dispares. La audaz estrategia del presidente Kubitschek cont\u00f3 con la participaci\u00f3n de tres visionarios: el urbanista L\u00facio Costa, el arquitecto Oscar Niemeyer y el ingeniero estructural Joaquim Cardozo. El plan maestro de Costa dise\u00f1\u00f3 una ciudad con forma de avi\u00f3n \u2014su fuselaje, un eje principal panor\u00e1mico, su cabina, la sede del poder\u2014 y dividida en sectores diferenciados para hoteles, finanzas, embajadas, vivienda y m\u00e1s. Sobre este esqueleto, Niemeyer esculpi\u00f3 formas blancas y contempor\u00e1neas, mientras que el arquitecto paisajista Roberto Burle Marx a\u00f1adi\u00f3 exuberantes franjas de vegetaci\u00f3n nativa, anclando la reluciente ciudad en su contexto de sabana tropical.<\/p>\n<p>El efecto general fue nada menos que revolucionario. Brasilia encarnaba un nuevo ethos urbano: claridad de prop\u00f3sito, zonificaci\u00f3n funcional y pureza arquitect\u00f3nica. Cada curva, columna y estanque reflectante ten\u00eda un significado, una inversi\u00f3n deliberada de la expansi\u00f3n org\u00e1nica que hab\u00eda caracterizado a las capitales anteriores. Al ubicar los ministerios gubernamentales en supermanzanas numeradas con precisi\u00f3n y reservar franjas exclusivas para el comercio y la cultura, Costa estableci\u00f3 una l\u00f3gica tan racional como po\u00e9tica.<\/p>\n<p>Al caminar bajo los imponentes arcos parab\u00f3licos de la Catedral de Brasilia \u2014su estructura hiperboloide, sostenida por diecis\u00e9is esbeltas columnas\u2014, se siente una gracia serena, como si la luz hubiera moldeado el aire mismo. Este espacio sagrado, terminado en 1970, captura el talento de Niemeyer para combinar la monumentalidad con la elegancia ingr\u00e1vida. En otro lugar, el edificio del Congreso Nacional se alza como dos enormes cuencos, uno invertido, flanqueado por torres gemelas: una representaci\u00f3n visual del equilibrio legislativo de las c\u00e1maras.<\/p>\n<p>En el coraz\u00f3n del avi\u00f3n, la Pra\u00e7a dos Tr\u00eas Poderes sirve como la cabina de mando de Brasilia. Dispuestos alrededor de un amplio espejo de agua, el Pal\u00e1cio do Planalto (ejecutivo), el Congreso (legislativo) y el Supremo Tribunal Federal (judicial) dialogan en silencio. M\u00e1s all\u00e1 del Eje Monumental (el fuselaje), dos amplias avenidas paralelas abrazan la Esplanada dos Minist\u00e9rios, donde cada ministerio ocupa su propia franja de c\u00e9sped y cristal, como alas individuales que se extienden desde una columna vertebral central.<\/p>\n<p>Las alas residenciales de la ciudad, llamadas &#034;ala A&#034; y &#034;ala B&#034;, albergan superbloques de apartamentos dise\u00f1ados para empleados p\u00fablicos y sus familias. Cada superbloque alberga conjuntos de edificios alrededor de espacios verdes y parques infantiles comunes, lo que refleja la convicci\u00f3n de Costa de que la arquitectura debe satisfacer tanto las necesidades colectivas como el confort personal. Las plantaciones de Burle Marx \u2014hierbas altas, crotones de color rojo fuego y senderos sinuosos\u2014 suavizan el horizonte de hormig\u00f3n, ofreciendo un respiro del sol del mediod\u00eda.<\/p>\n<ul>\n<li>Catedral de Brasilia: Conocida por su forma hiperboloide y sus vitrales que van del piso al techo, las esbeltas columnas de la catedral se abren hacia el cielo, invitando a la luz del sol a jugar en el piso de m\u00e1rmol.<\/li>\n<li>Pal\u00e1cio da Alvorada: La residencia oficial del presidente, modesta pero impactante, se alza sobre un estanque reflectante, cuya silueta de columnata se refleja en el agua quieta.<\/li>\n<li>Congreso Nacional: Las torres gemelas y las c\u00e1maras legislativas en forma de cuenco encarnan la tensi\u00f3n y el equilibrio inherentes a la gobernanza democr\u00e1tica.<\/li>\n<li>Supremo Tribunal Federal: Una estructura m\u00e1s compacta y curva, completa el tr\u00edo de la Pra\u00e7a dos Tr\u00eas Poderes, su austera fachada de vidrio sugiere transparencia y deliberaci\u00f3n.<\/li>\n<\/ul>\n<p>El audaz experimento de Brasilia no pas\u00f3 desapercibido. En 1987, la UNESCO inscribi\u00f3 la ciudad en su Lista del Patrimonio Mundial, elogiando &#034;un ejemplo excepcional del movimiento modernista en arquitectura y urbanismo&#034;. Tres d\u00e9cadas despu\u00e9s, en 2017, la UNESCO tambi\u00e9n honr\u00f3 a Brasilia como &#034;Ciudad del Dise\u00f1o&#034;, reconociendo su continua influencia en las industrias creativas y el discurso arquitect\u00f3nico. Estas designaciones han reforzado la identidad de la ciudad como laboratorio de innovaci\u00f3n, donde galer\u00edas, estudios y festivales encuentran un terreno f\u00e9rtil en medio de los recintos gubernamentales.<\/p>\n<p>Adem\u00e1s de su papel como centro neur\u00e1lgico pol\u00edtico de Brasil, Brasilia funciona como un importante centro de relaciones internacionales. M\u00e1s de 120 embajadas extranjeras se alinean en su Sector de Embajadas, creando un microcosmos de la diplomacia global. Los enviados pasean de una canciller\u00eda a otra bajo la sombra de las acacias, mientras que los agregados culturales coordinan exposiciones que traen fragmentos de culturas lejanas a esta capital en proyecto.<\/p>\n<p>Los viajeros llegan a trav\u00e9s del tercer aeropuerto m\u00e1s transitado de Brasil, que conecta a Brasilia con los principales destinos nacionales y una creciente gama de rutas internacionales. Diariamente, aviones transportan a funcionarios, empresarios y turistas a la ciudad, lo que subraya la doble identidad de Brasilia como sede administrativa y punto de encuentro para el intercambio global.<\/p>\n<p>Brasilia ha demostrado su val\u00eda en el escenario deportivo internacional. En 2013, alberg\u00f3 partidos de la Copa FIFA Confederaciones y, un a\u00f1o despu\u00e9s, recibi\u00f3 a miles de aficionados al f\u00fatbol en el Mundial de 2014, con su estadio resplandeciente bajo el cielo ecuatorial. Durante los Juegos Ol\u00edmpicos de R\u00edo 2016, la ciudad alberg\u00f3 los partidos preliminares de f\u00fatbol, \u200b\u200bdemostrando su capacidad para albergar eventos de magnitud mundial. Estos eventos han dejado un legado de infraestructura mejorada (nuevas carreteras, l\u00edneas de transporte p\u00fablico ampliadas y recintos deportivos renovados) que beneficia a los residentes mucho despu\u00e9s del pitido final.<\/p>\n<p>Legalmente, Brasilia no es un municipio, sino parte del Distrito Federal, un \u00e1rea administrativa con su propio gobernador y c\u00e1mara legislativa. El distrito abarca 33 regiones administrativas, cada una con cierto grado de autonom\u00eda local. En su n\u00facleo se encuentra el Plano Piloto, el &#034;plan piloto&#034; original dise\u00f1ado por Costa. Este territorio esbelto y cruciforme alberga los edificios gubernamentales, las supermanzanas residenciales y las instituciones culturales: el coraz\u00f3n palpitante de la capital. Los visitantes que se alejan de sus l\u00edmites encuentran pueblos m\u00e1s peque\u00f1os y paisajes rurales, un recordatorio de que Brasilia es tanto una metr\u00f3polis como un testimonio del interior brasile\u00f1o.<\/p>\n<p>Recorrer Brasilia es experimentar la interacci\u00f3n entre escala e intimidad. Al subir a uno de los pasos peatonales que cruzan el Eje Monumental, se sentir\u00e1 peque\u00f1o entre los interminables bulevares. Sin embargo, al adentrarse en uno de los parques sombreados o detenerse a comer un panqueque de tapioca en un puesto callejero, la calidez de la ciudad se impregna. Las noches aqu\u00ed se ven atenuadas por la brisa fresca y acentuadas por la suave luz de las farolas en las fachadas curvas. Los m\u00fasicos se re\u00fanen en el c\u00e9sped frente al Museo Nacional, tocando acordes mientras las familias hacen un picnic. Una sensaci\u00f3n de calma se extiende incluso con el zumbido del tr\u00e1fico a lo lejos.<\/p>\n<p>Brasilia desaf\u00eda cualquier comparaci\u00f3n. No es ni antigua ni gen\u00e9rica; es la manifestaci\u00f3n f\u00edsica de la determinaci\u00f3n de un pa\u00eds por forjar su destino. Para los viajeros atra\u00eddos por lugares donde la arquitectura lo dice todo, donde la planificaci\u00f3n se convierte en poes\u00eda, la capital ofrece lecciones y deleites. Recorre sus avenidas, detente bajo los arcos de Niemeyer y sentir\u00e1s no solo el peso de la ideolog\u00eda, sino tambi\u00e9n la fr\u00e1gil belleza de la ambici\u00f3n humana plasmada en piedra y cielo. En Brasilia, cada rinc\u00f3n esconde una historia, y cada historia nos recuerda que incluso la ciudad mejor planificada puede sorprender a quienes se toman el tiempo de escucharla.<\/p>","protected":false},"excerpt":{"rendered":"<p>Bras\u00edlia, which stands in the Brazilian highlands, epitomizes modernist architectural ideas and creative urban planning. Originally founded on April 21, 1960, under President Juscelino Kubitschek, this city was meant to replace Rio de Janeiro as the next capital of Brazil. After S\u00e3o Paulo and Rio de Janeiro, Bras\u00edlia is today the third most populous city in Brazil as well as the seat of government. Its economic relevance is shown by its greatest GDP per capita among big Latin American cities.<\/p>","protected":false},"author":1,"featured_media":4060,"parent":7508,"menu_order":0,"comment_status":"closed","ping_status":"closed","template":"elementor_theme","meta":{"_eb_attr":"","footnotes":""},"class_list":["post-7628","page","type-page","status-publish","has-post-thumbnail"],"_links":{"self":[{"href":"https:\/\/travelshelper.com\/es\/wp-json\/wp\/v2\/pages\/7628","targetHints":{"allow":["GET"]}}],"collection":[{"href":"https:\/\/travelshelper.com\/es\/wp-json\/wp\/v2\/pages"}],"about":[{"href":"https:\/\/travelshelper.com\/es\/wp-json\/wp\/v2\/types\/page"}],"author":[{"embeddable":true,"href":"https:\/\/travelshelper.com\/es\/wp-json\/wp\/v2\/users\/1"}],"replies":[{"embeddable":true,"href":"https:\/\/travelshelper.com\/es\/wp-json\/wp\/v2\/comments?post=7628"}],"version-history":[{"count":0,"href":"https:\/\/travelshelper.com\/es\/wp-json\/wp\/v2\/pages\/7628\/revisions"}],"up":[{"embeddable":true,"href":"https:\/\/travelshelper.com\/es\/wp-json\/wp\/v2\/pages\/7508"}],"wp:featuredmedia":[{"embeddable":true,"href":"https:\/\/travelshelper.com\/es\/wp-json\/wp\/v2\/media\/4060"}],"wp:attachment":[{"href":"https:\/\/travelshelper.com\/es\/wp-json\/wp\/v2\/media?parent=7628"}],"curies":[{"name":"wp","href":"https:\/\/api.w.org\/{rel}","templated":true}]}}