{"id":7508,"date":"2024-08-26T15:17:32","date_gmt":"2024-08-26T15:17:32","guid":{"rendered":"https:\/\/travelshelper.com\/staging\/?page_id=7508"},"modified":"2026-03-13T23:35:44","modified_gmt":"2026-03-13T23:35:44","slug":"brasil","status":"publish","type":"page","link":"https:\/\/travelshelper.com\/es\/destinations\/south-america\/brazil\/","title":{"rendered":"Brasil"},"content":{"rendered":"<p>Brasil se extiende desde las soleadas costas del Atl\u00e1ntico hasta el denso y verde coraz\u00f3n de la Amazonia, una tierra de contrastes labrada por r\u00edos, tierras altas y costas. Abarcando m\u00e1s de la mitad de la superficie de Sudam\u00e9rica, esta federaci\u00f3n de 26 estados y un Distrito Federal envuelve la capital, Brasilia, entre sabanas abiertas y mesetas onduladas. Sin embargo, es en la franja oriental \u2014donde las ciudades se encuentran con playas bordeadas de palmeras\u2014 donde se percibe con mayor intensidad el pulso de Brasil: el oleaje embravecido de R\u00edo, la interminable expansi\u00f3n de S\u00e3o Paulo, donde las voces y los motores se funden en un zumbido incesante.<\/p>\n<p>Desde el ecuador hasta los 34\u00b0 de latitud sur, Brasil abarca cuatro husos horarios y dos franjas clim\u00e1ticas principales. Una ma\u00f1ana en Manaos, el aire est\u00e1 cargado de humedad; por la tarde en Porto Alegre, una brisa fresca agita las doradas hierbas de la pampa. Las escarpadas crestas de la Serra do Mar enmarcan valles envueltos en niebla a lo largo de la costa sureste, mientras que las tierras altas de Guayana, al norte, surcan las aguas hacia las cuencas del Amazonas y del Orinoco. El Pico da Neblina, de casi tres kil\u00f3metros de altura, se alza como un centinela silencioso en medio de la vasta selva amaz\u00f3nica, un eco del r\u00edo m\u00e1s caudaloso del pa\u00eds, que transporta m\u00e1s agua que cualquier otro sistema fluvial del planeta.<\/p>\n<p>M\u00e1s de 212 millones de voces dan forma a la historia de Brasil. El portugu\u00e9s, ininterrumpido desde 1500, une los caf\u00e9s playeros con las aldeas selv\u00e1ticas en una lengua singular y melodiosa. Las lenguas ind\u00edgenas sobreviven en peque\u00f1os rincones \u2014xavante, guaran\u00ed\u2014, susurros de siglos pasados. La expansi\u00f3n urbana de S\u00e3o Paulo, con m\u00e1s de 12 millones de habitantes, se extiende hacia el este, a trav\u00e9s de valles y suburbios, mientras que R\u00edo de Janeiro se aferra a picos de granito, calas de arena blanca y un ritmo carnavalesco. Corrientes subyacentes de herencia africana, europea e ind\u00edgena se mezclan, una mezcla que se siente tanto en las conversaciones como en los c\u00edrculos de capoeira o en el dulce aroma del acaraj\u00e9 cocin\u00e1ndose sobre brasas de aceite de palma.<\/p>\n<p>Mucho antes de la llegada de Cabral en abril de 1500, las comunidades ind\u00edgenas prosperaban a lo largo de las costas y r\u00edos. Con la huida de la corte portuguesa a R\u00edo en 1808, Brasil se convirti\u00f3 brevemente en el coraz\u00f3n de un imperio global. En 1822, el pr\u00edncipe Pedro declar\u00f3 la autonom\u00eda, inaugurando un imperio cuya primera constituci\u00f3n consagr\u00f3 la libertad de culto y de prensa, pero mantuvo la esclavitud intacta hasta su desmantelamiento gradual en 1888. Un a\u00f1o despu\u00e9s, la monarqu\u00eda cay\u00f3 ante un golpe militar y comenz\u00f3 la rep\u00fablica. Las revoluciones, el gobierno populista de Get\u00falio Vargas y un r\u00e9gimen militar de 1964 a 1985 moldearon la pol\u00edtica moderna. La actual constituci\u00f3n de 1988 consolida una federaci\u00f3n democr\u00e1tica, y su Congreso Nacional evoca los debates desde los imponentes lienzos de hormig\u00f3n de Brasilia.<\/p>\n<p>La compleja econom\u00eda de Brasil se encuentra entre las diez m\u00e1s grandes del mundo. Las f\u00e9rtiles llanuras del Cerrado producen soja y ca\u00f1a de az\u00facar; el ganado pasta en los extensos pastizales de Mato Grosso do Sul; las profundas minas de Minas Gerais suministran mineral de hierro y oro. F\u00e1bricas urbanas en S\u00e3o Paulo y Belo Horizonte transforman estos recursos en acero, productos electr\u00f3nicos y piezas de aviaci\u00f3n. Brasil exporta caf\u00e9, carne de res, mineral de hierro y aeronaves a mercados de todos los continentes. Instituciones como la ONU, los BRICS, el G20 y el Mercosur, amplifican su voz. Sin embargo, persisten las brechas econ\u00f3micas: las estrechas favelas se asoman a los relucientes rascacielos, un recordatorio de que la riqueza y las oportunidades siguen estando desigualmente distribuidas.<\/p>\n<p>El sesenta por ciento de la Amazon\u00eda se encuentra dentro de las fronteras de Brasil, albergando una d\u00e9cima parte de todas las especies conocidas de la Tierra. Alt\u00edsimas ra\u00edces se alzan sobre los senderos cubiertos de hojas ca\u00eddas; los loros esmeralda chillan en lo alto mientras los tapires vadean los arroyos de aguas negras. M\u00e1s all\u00e1 de la selva tropical, el Pantanal se inunda y se retira cada temporada, atrayendo a miles de aves migratorias. Las hierbas silvestres y los bosques de galer\u00eda del Cerrado albergan jaguares, lobos de crin y osos hormigueros; a lo largo de la costa atl\u00e1ntica, las ballenas jorobadas saltan cerca de acantilados escarpados. Las zonas de conservaci\u00f3n salpican el mapa, pero la deforestaci\u00f3n y el desarrollo presionan estos ecosistemas, cuyo destino est\u00e1 entrelazado con el clima y la biodiversidad globales.<\/p>\n<p>Miles de visitantes llegan. En el Pelourinho de Salvador, las fachadas coloniales brillan con la luz del amanecer, mientras el lejano murmullo de los tambores invita desde patios ocultos. En Bah\u00eda, los ba\u00f1istas se levantan antes del amanecer para contemplar c\u00f3mo las mareas tallan las dunas y luego se relajan junto a las olas con aroma a coco. M\u00e1s al sur, Florian\u00f3polis combina playas y colinas cubiertas de pinos, un refugio para surfistas y senderistas. Los ecoturistas se aventuran r\u00edo arriba en canoas con fondo de cristal, avistando caimanes y delfines de r\u00edo bajo las copas de los \u00e1rboles. Quienes buscan una escapada urbana en S\u00e3o Paulo recorren museos, degustan feijoada en restaurantes concurridos y se relajan con un caf\u00e9 fuerte en callejones estrechos.<\/p>\n<p>La llegada de Pedro \u00c1lvares Cabral trajo consigo arcos manuelinos y altares barrocos a los nuevos asentamientos. En Ouro Preto y Olinda, iglesias de piedra tallada y mansiones coloniales dan testimonio de la riqueza de la fiebre del oro. El siglo XX marc\u00f3 el comienzo de un modernismo de l\u00edneas puras: las curvas de Oscar Niemeyer definen el Congreso y la catedral de Brasilia, una visi\u00f3n imponente en hormig\u00f3n blanco. Hoy, los arquitectos contempor\u00e1neos reimaginan las favelas como lienzos vivientes, pintando paredes en tonos brillantes y forjando centros comunitarios donde antes solo hab\u00eda callejones. Las galer\u00edas exhiben obras desde el barroco hasta la abstracci\u00f3n moderna, mientras que los festivales de cine de R\u00edo proyectan la atenci\u00f3n internacional sobre el cine brasile\u00f1o.<\/p>\n<p>Al atardecer, las escuelas de samba cobran vida bajo las copas de los eucaliptos. Las rodas de capoeira se forman en plazas adoquinadas, con parejas de bailarines interactuando como si fueran conversaciones improvisadas. El frenes\u00ed del carnaval \u2014flautas, surdos, cintas\u2014 surge de antiguas tradiciones de resistencia y celebraci\u00f3n. Los artesanos ind\u00edgenas elaboran cestas, tocados de plumas y cer\u00e1mica, preservando la artesan\u00eda transmitida de generaci\u00f3n en generaci\u00f3n. Los mercados de alimentos rebosan de bayas de a\u00e7a\u00ed, panqueques de tapioca y pasteis humeantes en aceite; cada bocado es un vistazo a siglos entrelazados. Aqu\u00ed, el pasado siempre est\u00e1 presente: en rituales, recetas y la lengua viva de la tierra.<\/p>\n<p>Brasil es vasto, s\u00ed, un territorio que rebosa de diversidad. Sin embargo, es en los momentos cotidianos donde emerge su esencia: ni\u00f1os corriendo en las olas al amanecer, ancianos bebiendo cacha\u00e7a bajo jacarand\u00e1s, una campana de catedral ta\u00f1endo sobre un valle h\u00famedo. La historia del pa\u00eds se despliega en capas \u2014geograf\u00eda, historia, cultura, ecolog\u00eda\u2014 entrelazadas por la resiliencia y la creatividad de su gente. Caminar por sus calles o remar por sus r\u00edos es tocar algo vivo, inquieto e inconexo, siempre moldeado por este lugar en el extremo oriental de un gran continente.<\/p>","protected":false},"excerpt":{"rendered":"<p>Brazil, the largest nation in South America, exemplifies numerous superlative characteristics. Covering an area of more than 8.5 million square kilometers, Brazil offers a wide range of settings, cultures, and experiences that appeal to both residents and visitors. From the Amazon rainforest to the energetic metropolitan area of S\u00e3o Paulo, Brazil shows unmatched variation.<\/p>","protected":false},"author":1,"featured_media":4114,"parent":24096,"menu_order":0,"comment_status":"closed","ping_status":"closed","template":"elementor_theme","meta":{"_eb_attr":"","footnotes":""},"class_list":["post-7508","page","type-page","status-publish","has-post-thumbnail"],"_links":{"self":[{"href":"https:\/\/travelshelper.com\/es\/wp-json\/wp\/v2\/pages\/7508","targetHints":{"allow":["GET"]}}],"collection":[{"href":"https:\/\/travelshelper.com\/es\/wp-json\/wp\/v2\/pages"}],"about":[{"href":"https:\/\/travelshelper.com\/es\/wp-json\/wp\/v2\/types\/page"}],"author":[{"embeddable":true,"href":"https:\/\/travelshelper.com\/es\/wp-json\/wp\/v2\/users\/1"}],"replies":[{"embeddable":true,"href":"https:\/\/travelshelper.com\/es\/wp-json\/wp\/v2\/comments?post=7508"}],"version-history":[{"count":0,"href":"https:\/\/travelshelper.com\/es\/wp-json\/wp\/v2\/pages\/7508\/revisions"}],"up":[{"embeddable":true,"href":"https:\/\/travelshelper.com\/es\/wp-json\/wp\/v2\/pages\/24096"}],"wp:featuredmedia":[{"embeddable":true,"href":"https:\/\/travelshelper.com\/es\/wp-json\/wp\/v2\/media\/4114"}],"wp:attachment":[{"href":"https:\/\/travelshelper.com\/es\/wp-json\/wp\/v2\/media?parent=7508"}],"curies":[{"name":"wp","href":"https:\/\/api.w.org\/{rel}","templated":true}]}}