{"id":7469,"date":"2024-08-25T23:32:06","date_gmt":"2024-08-25T23:32:06","guid":{"rendered":"https:\/\/travelshelper.com\/staging\/?page_id=7469"},"modified":"2026-03-13T23:58:18","modified_gmt":"2026-03-13T23:58:18","slug":"chile","status":"publish","type":"page","link":"https:\/\/travelshelper.com\/es\/destinations\/south-america\/chile\/","title":{"rendered":"Chile"},"content":{"rendered":"<p>Chile se extiende como una delgada franja de tierra a lo largo del extremo suroeste de Sudam\u00e9rica, una naci\u00f3n definida por extremos de latitud, monta\u00f1as y mar. Su territorio, de unos 756.000 kil\u00f3metros cuadrados en tierra firme, se extiende desde los \u00e1ridos suelos del desierto de Atacama en el norte \u2014uno de los lugares m\u00e1s secos de la Tierra\u2014 hasta los enmara\u00f1ados canales y glaciares de la Patagonia en su extremo sur. Limita con Per\u00fa m\u00e1s all\u00e1 de los altos Andes al norte, Bolivia al noreste y Argentina al este, Chile toca el Pasaje de Drake mientras se desvanece hacia la Ant\u00e1rtida. M\u00e1s all\u00e1 de su masa continental, la rep\u00fablica ejerce autoridad sobre los puestos de avanzada del Pac\u00edfico \u2014Isla de Pascua, Juan Fern\u00e1ndez y otros islotes\u2014 y mantiene una reclamaci\u00f3n suspendida sobre casi 1,25 millones de kil\u00f3metros cuadrados de la Ant\u00e1rtida en virtud del Tratado Ant\u00e1rtico.<\/p>\n<p>El nombre Chile surge de una rica mezcla de relatos ind\u00edgenas y coloniales. Las cr\u00f3nicas de los siglos XVI y XVII recuerdan una denominaci\u00f3n inca \u2014Chili\u2014 vinculada de diversas maneras a un cacique tribal, al valle del Aconcagua o a palabras nativas que significaban fr\u00edo, aves marinas o los confines m\u00e1s remotos de la tierra. Los conquistadores espa\u00f1oles adoptaron el t\u00e9rmino tras la expedici\u00f3n de Diego de Almagro hacia el sur en 1535-1536, declar\u00e1ndose &#034;hombres de Chile&#034;. El apelativo persisti\u00f3 en el uso europeo \u2014escrito &#034;Chili&#034; en ingl\u00e9s hasta principios del siglo XX\u2014 antes de establecerse como Chile.<\/p>\n<p>Antes de la llegada de los espa\u00f1oles, la mitad norte del actual Chile se encontraba bajo influencia inca, una regi\u00f3n de tradiciones altipl\u00e1nicas que se extend\u00edan hasta los valles costeros. M\u00e1s al sur, las comunidades mapuche aut\u00f3nomas dominaban, resistiendo la incursi\u00f3n inca y, posteriormente, desafiando los repetidos embates coloniales. Cuando los conquistadores establecieron asentamientos permanentes a mediados del siglo XVI, se encontraron con un paisaje de valles, r\u00edos y bosques cuyos ocupantes defendieron ferozmente su autonom\u00eda. Durante dos siglos, las autoridades coloniales extendieron los asentamientos a lo largo del Valle Central, pero nunca sometieron por completo el coraz\u00f3n del territorio mapuche al sur del r\u00edo B\u00edo-B\u00edo.<\/p>\n<p>Tras la declaraci\u00f3n de independencia de 1818, Chile se consolida como una rep\u00fablica relativamente estable bajo presidentes autoritarios. La joven naci\u00f3n se expandi\u00f3 territorialmente mediante conflictos y negociaciones. A mediados de la d\u00e9cada de 1880, la prolongada &#034;Pacificaci\u00f3n de la Araucan\u00eda&#034; puso fin a la resistencia organizada mapuche, y la Guerra del Pac\u00edfico (1879-1883) contra Per\u00fa y Bolivia asegur\u00f3 la actual frontera norte de Chile, rica en salitre y cobre. El crecimiento econ\u00f3mico, basado en la exportaci\u00f3n de minerales y la colonizaci\u00f3n agraria del Valle Central, transform\u00f3 la composici\u00f3n demogr\u00e1fica y social del pa\u00eds.<\/p>\n<p>El siglo XX fue testigo de oleadas de democratizaci\u00f3n, migraci\u00f3n urbana y diversificaci\u00f3n econ\u00f3mica. El crecimiento poblacional se aceler\u00f3, las ciudades crecieron alrededor de centros mineros y agr\u00edcolas, y Chile se integr\u00f3 cada vez m\u00e1s a los mercados globales gracias a su industria cupr\u00edfera. Sin embargo, en la d\u00e9cada de 1960 y principios de la de 1970, la polarizaci\u00f3n pol\u00edtica se profundiz\u00f3. En septiembre de 1973, una junta militar derroc\u00f3 al gobierno democr\u00e1ticamente elegido de Salvador Allende. Bajo el gobierno de diecis\u00e9is a\u00f1os del general Augusto Pinochet, se redact\u00f3 la Constituci\u00f3n de 1980 con la participaci\u00f3n de la Comisi\u00f3n Ort\u00fazar, y se promulgaron amplias reformas pol\u00edticas y econ\u00f3micas. Esos a\u00f1os tambi\u00e9n trajeron represi\u00f3n: m\u00e1s de tres mil ciudadanos perdieron la vida o desaparecieron. Un plebiscito en 1988 encamin\u00f3 al pa\u00eds hacia el retorno a un gobierno civil, y en 1990 asumi\u00f3 el poder una coalici\u00f3n de centroizquierda, guiando a Chile a trav\u00e9s de dos d\u00e9cadas de consolidaci\u00f3n democr\u00e1tica.<\/p>\n<p>Hoy en d\u00eda, Chile se encuentra entre las econom\u00edas m\u00e1s estables y pr\u00f3speras de Am\u00e9rica Latina. Su ingreso per c\u00e1pita lo posiciona como un pa\u00eds de altos ingresos, y destaca a nivel regional por sus s\u00f3lidos indicadores de gobernanza y su sostenida inversi\u00f3n en educaci\u00f3n e infraestructura. Miembro fundador de las Naciones Unidas, contribuy\u00f3 a la formaci\u00f3n de la Comunidad de Estados Latinoamericanos y Caribe\u00f1os (CELAC) y la Alianza del Pac\u00edfico, y se uni\u00f3 a la Organizaci\u00f3n para la Cooperaci\u00f3n y el Desarrollo Econ\u00f3micos en 2010.<\/p>\n<p>El territorio continental de Chile se extiende m\u00e1s de 4.300 kil\u00f3metros de norte a sur, pero rara vez supera los 350 kil\u00f3metros de ancho. Su columna volc\u00e1nica \u2014los Andes\u2014 se alza a lo largo del l\u00edmite oriental, excavando las cuencas del Valle Central, donde se encuentra la capital, Santiago. Al norte, el desierto de Atacama alberga valiosos yacimientos minerales, mientras que al sur, bosques y pastizales envuelven el paisaje, salpicado de lagos y volcanes. El laberinto costero de fiordos, canales y pen\u00ednsulas marca el acceso a la Patagonia y Tierra del Fuego.<\/p>\n<p>En 1978, la rep\u00fablica se reorganiz\u00f3 en diecis\u00e9is regiones \u2014cada una con numeraci\u00f3n romana de norte a sur, salvo la Regi\u00f3n Metropolitana de Santiago\u2014 y se subdividi\u00f3 en provincias y comunas. Las nuevas regiones creadas en 2007 (Arica y Parinacota; Los R\u00edos) y 2018 (\u00d1uble) modificaron la numeraci\u00f3n original, pero la estructura perdura como base del gobierno local.<\/p>\n<p>El turismo se ha convertido en un pilar de la econom\u00eda chilena. En el extremo norte, San Pedro de Atacama atrae a visitantes con sus ruinas prehisp\u00e1nicas, lagos de gran altitud y el llamado Valle de la Luna. Los centros de esqu\u00ed en los Andes centrales \u2014Portillo, Valle Nevado, Termas de Chill\u00e1n\u2014 atraen a los aficionados a los deportes de invierno. El terreno austral invita a explorar los parques nacionales Conguill\u00edo y Nahuelbuta, mientras que los archipi\u00e9lagos de Chilo\u00e9 y los laber\u00ednticos canales de la Patagonia \u2014incluyendo la Laguna San Rafael y Torres del Paine\u2014 ofrecen una naturaleza salvaje de hielo y nieve glaciar. Los cerros multicolores de Valpara\u00edso y sus hist\u00f3ricos funiculares son patrimonio urbano declarado por la UNESCO, y la remota Isla de Pascua conserva los monumentales mo\u00e1is de Rapa Nui.<\/p>\n<p>Los viajeros nacionales abarrotan los destinos tur\u00edsticos costeros de verano de diciembre a marzo: puertos del norte como Arica e Iquique; las playas de La Serena y Coquimbo; Puc\u00f3n, a orillas del lago en el sur; y los pueblos costeros de la Regi\u00f3n de Valpara\u00edso, en particular la pr\u00f3spera Vi\u00f1a del Mar, con su famoso concurso musical. Pichilemu, para\u00edso rural para los surfistas, tambi\u00e9n registra una afluencia estacional.<\/p>\n<p>En 2005, el gobierno lanz\u00f3 una campa\u00f1a internacional para mostrar la diversidad de Chile. M\u00e1s recientemente, la Ruta de los Parques \u2014un corredor de 2.800 kil\u00f3metros de \u00e1reas protegidas concebido por pioneros de la conservaci\u00f3n\u2014 ha promovido el turismo sostenible a lo largo de la Patagonia.<\/p>\n<p>La compleja topograf\u00eda de Chile exige una red de transporte integral. Para 2020, casi 86\u00a0000 kil\u00f3metros de carreteras atravesaban la rep\u00fablica, de los cuales m\u00e1s de 21\u00a0000 estaban pavimentados. La duplicaci\u00f3n estrat\u00e9gica de corredores clave, en particular la Carretera Panamericana (Ruta 5), \u200b\u200bha mejorado la conectividad desde Atacama, a trav\u00e9s del centro de Chile, hasta Puerto Montt. Los autobuses de larga distancia dominan los viajes interurbanos, cubriendo rutas como Santiago-Arica (30 horas) y Santiago-Punta Arenas (40 horas, con transbordo en Osorno).<\/p>\n<p>El transporte a\u00e9reo conecta regiones distantes: entre sus 372 pistas, el Aeropuerto Internacional Mataveri en la Isla de Pascua se distingue como el aeropuerto m\u00e1s aislado del mundo, mientras que el Arturo Merino Ben\u00edtez de Santiago gestiona m\u00e1s de doce millones de pasajeros al a\u00f1o. Otros aeropuertos importantes prestan servicio a Arica, Iquique, Antofagasta, Concepci\u00f3n, Puerto Montt, Punta Arenas y Temuco.<\/p>\n<p>El censo de 2017 registr\u00f3 unos 17,6 millones de habitantes. Tras d\u00e9cadas de alto crecimiento, la tasa de natalidad ha disminuido, lo que ha frenado el crecimiento poblacional; las proyecciones anticipan aproximadamente 20,2 millones de residentes para mediados de siglo. Los centros urbanos, especialmente Santiago, concentran la mayor parte de la poblaci\u00f3n, lo que refleja la continua migraci\u00f3n del campo a la ciudad.<\/p>\n<p>El tejido cultural de Chile entrelaza influencias ind\u00edgenas, espa\u00f1olas y, posteriormente, europeas. Las tradiciones andinas del norte persisten en los pueblos del altiplano; en el sur, las comunidades de colonos alemanes imprimen las formas arquitect\u00f3nicas y los gustos culinarios b\u00e1varos en ciudades como Valdivia y Puerto Varas. La gastronom\u00eda nacional refleja la diversidad de la tierra: mariscos en la costa, carne de res y cordero en las llanuras, frutas y verduras del Valle Central. Entre los platos t\u00edpicos se encuentran la cazuela (un sustancioso guiso de carne y verduras), las empanadas, el pastel de choclo (pastel de ma\u00edz y carne), el curanto (mariscos y carne horneados en un hoyo) y las sopaipillas (masa frita). Los crudos, preparados en crudo, combinan elementos andinos, espa\u00f1oles y alemanes: llama finamente picada (o m\u00e1s com\u00fanmente carne de res), c\u00edtricos, cebolla y condimentos europeos como mayonesa y yogur.<\/p>\n<p>El patrimonio de Chile se preserva tanto en tradiciones intangibles \u2014m\u00fasica, danza, festivales, artesan\u00eda\u2014 como en sitios tangibles. Cinco lugares gozan de la declaraci\u00f3n de Patrimonio Mundial de la UNESCO: el Parque Nacional Rapa Nui (1995), las Iglesias de Chilo\u00e9 (2000), el centro hist\u00f3rico de Valpara\u00edso (2003), las Salitreras Humberstone y Santa Laura (2005) y el pueblo minero de Sewell (2006). Desde 1999, el D\u00eda del Patrimonio Cultural, que se celebra cada mes de mayo, invita a reconocer este legado a nivel nacional.<\/p>\n<p>A lo largo de su extensi\u00f3n, Chile revela contrastes clim\u00e1ticos y culturales, de persistencia ind\u00edgena y legado inmigrante, de agreste naturaleza y ciudad cosmopolita. Su historia es una de adaptaci\u00f3n a los extremos, a las fuerzas de la naturaleza y a las corrientes hist\u00f3ricas, pero siempre moldeada por quienes consideran su largo y estrecho territorio su hogar.<\/p>","protected":false},"excerpt":{"rendered":"<p>Chile, located in western South America, has a population of 17.5 million according to the 2017 census and covers a territorial area of 756,102 square kilometers. Bound to the north by Peru, to the northeast by Bolivia, and to the east by Argentina, this long, thin country runs along the western coast of the continent. With land closest to Antarctica, the Republic of Chile\u2014as it is formally known\u2014stands as the southernmost nation in the world.<\/p>","protected":false},"author":1,"featured_media":2869,"parent":24096,"menu_order":0,"comment_status":"closed","ping_status":"closed","template":"elementor_theme","meta":{"_eb_attr":"","footnotes":""},"class_list":["post-7469","page","type-page","status-publish","has-post-thumbnail"],"_links":{"self":[{"href":"https:\/\/travelshelper.com\/es\/wp-json\/wp\/v2\/pages\/7469","targetHints":{"allow":["GET"]}}],"collection":[{"href":"https:\/\/travelshelper.com\/es\/wp-json\/wp\/v2\/pages"}],"about":[{"href":"https:\/\/travelshelper.com\/es\/wp-json\/wp\/v2\/types\/page"}],"author":[{"embeddable":true,"href":"https:\/\/travelshelper.com\/es\/wp-json\/wp\/v2\/users\/1"}],"replies":[{"embeddable":true,"href":"https:\/\/travelshelper.com\/es\/wp-json\/wp\/v2\/comments?post=7469"}],"version-history":[{"count":0,"href":"https:\/\/travelshelper.com\/es\/wp-json\/wp\/v2\/pages\/7469\/revisions"}],"up":[{"embeddable":true,"href":"https:\/\/travelshelper.com\/es\/wp-json\/wp\/v2\/pages\/24096"}],"wp:featuredmedia":[{"embeddable":true,"href":"https:\/\/travelshelper.com\/es\/wp-json\/wp\/v2\/media\/2869"}],"wp:attachment":[{"href":"https:\/\/travelshelper.com\/es\/wp-json\/wp\/v2\/media?parent=7469"}],"curies":[{"name":"wp","href":"https:\/\/api.w.org\/{rel}","templated":true}]}}