{"id":7331,"date":"2024-08-25T12:58:27","date_gmt":"2024-08-25T12:58:27","guid":{"rendered":"https:\/\/travelshelper.com\/staging\/?page_id=7331"},"modified":"2026-03-14T00:05:32","modified_gmt":"2026-03-14T00:05:32","slug":"guyana","status":"publish","type":"page","link":"https:\/\/travelshelper.com\/es\/destinations\/south-america\/guyana\/","title":{"rendered":"Guyana"},"content":{"rendered":"<p>Guyana se extiende a lo largo del extremo norte de Sudam\u00e9rica, con su esbelta costa acariciando las olas del oc\u00e9ano Atl\u00e1ntico. Con una superficie de 214.969 kil\u00f3metros cuadrados, esta naci\u00f3n es la tercera m\u00e1s peque\u00f1a del continente; sin embargo, sus vastas extensiones de naturaleza virgen le otorgan una de las densidades de poblaci\u00f3n m\u00e1s bajas del mundo. La capital, Georgetown, se alza en la orilla oriental del r\u00edo Demerara; sus fachadas en tonos pastel y su arquitectura colonial evocan siglos de cambio, incluso mientras el bullicio del comercio y el gobierno resuena en sus calles.<\/p>\n<p>Al oeste, el r\u00edo Esequibo traza amplios canales a trav\u00e9s de llanuras bajas antes de desembocar en el Atl\u00e1ntico. Al sur y al suroeste, los inmensos bosques de Brasil se extienden hasta la frontera con Guyana. En el flanco oriental se encuentra Surinam, mientras que Venezuela vigila tras las curvas abruptas del r\u00edo Cuyuni. Estas fronteras sit\u00faan a Guyana dentro de lo que anta\u00f1o se llam\u00f3 las Indias Occidentales Brit\u00e1nicas, un puente viviente entre el mundo caribe\u00f1o y la extensi\u00f3n continental.<\/p>\n<p>Sin embargo, no son solo la costa ni la capital lo que define este lugar. Tierra adentro, el terreno se eleva con suaves colinas, luego mesetas de roca escudo prec\u00e1mbrica, la &#034;tierra de muchas aguas&#034;. Arroyos cristalinos trazan fallas y crean cascadas donde el agua de lluvia ha forjado caminos durante milenios. La franja costera, m\u00e1s estrecha que un dedo, alberga arrozales y plantaciones azucareras junto a manglares, mientras que m\u00e1s all\u00e1 se extiende el imponente verdor de la Amazonia, la selva tropical m\u00e1s grande del planeta, que se extiende por dos tercios de la superficie de Guyana.<\/p>\n<p>Esta cuna forestal pertenece tanto a sus habitantes humanos como a sus jaguares y caimanes negros. Nueve naciones ind\u00edgenas \u2014Wai Wai, Macushi, Patamona, Lokono, Kalina, Wapishana, Pem\u00f3n, Akawaio y Warao\u2014 conviven con y dentro de estos ecosistemas. Mucho antes de que los europeos llegaran a las desembocaduras de los r\u00edos de Guyana, los pueblos Lokono y Kalina eran los principales administradores de la tierra. Sus aldeas se agrupan a lo largo de las riberas y los claros, donde la pesca y el cultivo de yuca siguen siendo esenciales para la vida cotidiana.<\/p>\n<p>Las tradiciones orales hablan de canoas desliz\u00e1ndose por canales iluminados por la luna, redes de pesca lanzadas con paciencia y destreza. Sus lenguas, a\u00fan habladas por los ancianos, llevan top\u00f3nimos m\u00e1s antiguos que los mapas coloniales: marcadores de afloramientos rocosos, charcas ocultas o cotos de caza. Si bien los puestos misioneros y las pol\u00edticas nacionales han transformado aspectos de la cultura ind\u00edgena, las comunidades actuales reivindican sus derechos sobre la tierra y reviven artesan\u00edas, ceremonias e historias amenazadas de desaparecer.<\/p>\n<p>A principios del siglo XVII, los comerciantes holandeses establecieron puestos de avanzada a lo largo de los r\u00edos Pomeroon y Berbice. Entre los asentamientos amerindios se alzaban fuertes de madera y almacenes, donde se intercambiaban wampum y plumas por telas tejidas y herramientas de hierro. A finales del siglo XVIII, los brit\u00e1nicos hab\u00edan suplantado a los holandeses, consolidando las tres colonias \u2014Demerara, Esequibo y Berbice\u2014 en la Guayana Brit\u00e1nica. Bajo la administraci\u00f3n colonial, los arrozales y las plantaciones de az\u00facar se expandieron hacia el interior, impulsados \u200b\u200bpor africanos esclavizados y, tras la abolici\u00f3n, por trabajadores contratados de la India, China y Portugal.<\/p>\n<p>La vida en las plantaciones contrastaba marcadamente con la vida en las aldeas amerindias. Las chimeneas de ladrillo expulsaban humo, las voces de los capataces se o\u00edan en los campos y el traqueteo de los cortadores de ca\u00f1a se mezclaba con el ruido met\u00e1lico de la maquinaria. Sin embargo, m\u00e1s all\u00e1 de esas hileras se extend\u00edan bosques sin caminos y llanuras donde la caoba y el sagitaria se alzaban imponentes. Esta dualidad \u2014cultivo intensivo que bordeaba antiguas zonas silvestres\u2014 moldear\u00eda la econom\u00eda y la cultura de Guyana durante siglos.<\/p>\n<p>El 26 de mayo de 1966, se arri\u00f3 la Union Jack y la bandera azul, verde y blanca de la Guyana independiente onde\u00f3 sobre Georgetown. Cuatro a\u00f1os despu\u00e9s, en 1970, el pa\u00eds se convirti\u00f3 en una rep\u00fablica dentro de la Commonwealth, afirmando su autogobierno y conservando v\u00ednculos con las instituciones compartidas de la monarqu\u00eda brit\u00e1nica. El legado del dominio brit\u00e1nico sigue siendo visible: el ingl\u00e9s es el idioma oficial, el sistema judicial sigue las tradiciones del derecho consuetudinario y los campos de cr\u00edquet a\u00fan salpican los parques urbanos.<\/p>\n<p>Sin embargo, junto con el ingl\u00e9s de la Reina, el habla cotidiana fluye en criollo guyan\u00e9s, una lengua mel\u00f3dica de origen ingl\u00e9s, salpicada de cadencias de \u00c1frica occidental, India, Holanda e ind\u00edgenas. Se entrelaza con las conversaciones en puestos de mercado y salas de estar, tejiendo un tejido com\u00fan entre personas de ascendencia india, africana, china, portuguesa, europea y mestiza.<\/p>\n<p>Guyana ocupa una posici\u00f3n excepcional: es la \u00fanica naci\u00f3n sudamericana que habla ingl\u00e9s por ley, pero est\u00e1 culturalmente integrada en el Caribe angl\u00f3fono. Alberga la sede de CARICOM, la Comunidad del Caribe, donde los peque\u00f1os estados insulares y sus vecinos continentales se re\u00fanen para coordinar pol\u00edticas econ\u00f3micas y sociales. En 2008, Guyana cofund\u00f3 la Uni\u00f3n de Naciones Suramericanas, lo que demuestra su compromiso con la cooperaci\u00f3n continental en \u00e1reas como infraestructura y gesti\u00f3n ambiental.<\/p>\n<p>Los festivales y la gastronom\u00eda reflejan esta dualidad. Durante el Mashramani \u2014que conmemora la independencia de la rep\u00fablica\u2014, los desfiles callejeros rebosan de bandas de tambores met\u00e1licos y bailarines con trajes vibrantes. En primavera, el Phagwah (o Holi) inunda los pueblos con polvos de colores y dulces, mientras que las tardes de Deepavali brillan con hileras de l\u00e1mparas de arcilla, marcando el triunfo de la luz sobre la oscuridad. Cada celebraci\u00f3n lleva la huella de los inmigrantes indios, cuyos arroces condimentados con curry y roti se mezclan con guisos de pepperpot y pan de yuca, uniendo tradiciones ancestrales.<\/p>\n<p>La agricultura, la miner\u00eda y la silvicultura constituyeron la columna vertebral de la econom\u00eda de Guyana durante la mayor parte del siglo XX. Las canteras de bauxita y las minas de oro generaban ingresos por exportaciones, mientras que los vastos bosques de teca y de sagitaria abastec\u00edan los mercados madereros del exterior. Aun as\u00ed, en 2017, el 41 % de los ciudadanos viv\u00eda por debajo del umbral de pobreza, un recordatorio de las profundas desigualdades existentes a pesar de la riqueza en recursos.<\/p>\n<p>En 2015, estudios s\u00edsmicos revelaron importantes reservas de petr\u00f3leo en alta mar. Para 2019, se desplegaron plataformas petrol\u00edferas en el Atl\u00e1ntico, y en 2020 el PIB del pa\u00eds aument\u00f3 aproximadamente un 49 %, marcando una de las expansiones m\u00e1s r\u00e1pidas del mundo. Estimaciones recientes sit\u00faan las reservas recuperables en alrededor de 11\u00a0000 millones de barriles, suficientes para posicionar a Guyana entre los principales productores de petr\u00f3leo per c\u00e1pita para 2025. Se trata de la mayor adici\u00f3n a las reservas mundiales de petr\u00f3leo desde la d\u00e9cada de 1970, lo que redefine las expectativas de ingresos gubernamentales, inversi\u00f3n extranjera y geopol\u00edtica regional.<\/p>\n<p>La gran promesa del petr\u00f3leo llega en medio de desaf\u00edos apremiantes. Un informe del Banco Mundial de 2023 se\u00f1al\u00f3 mejoras en el \u00cdndice de Desarrollo Humano de Guyana desde 2015 \u2014una se\u00f1al de mejores indicadores de salud, educaci\u00f3n e ingresos\u2014; sin embargo, la pobreza persiste en muchas comunidades. Las disparidades entre centros urbanos florecientes como Georgetown y zonas remotas del interior se profundizan a medida que las carreteras, los hospitales y las escuelas luchan por mantener el ritmo.<\/p>\n<p>Las preocupaciones ambientales pesan mucho. Las perforaciones marinas corren el riesgo de derrames de petr\u00f3leo que podr\u00edan devastar la pesca costera y los arrecifes de coral, mientras que el desarrollo terrestre podr\u00eda invadir h\u00e1bitats de selva tropical que albergan jaguares, \u00e1guilas arp\u00edas y cientos de especies de orqu\u00eddeas. En reconocimiento de ello, el gobierno y sus socios internacionales han comenzado a elaborar pol\u00edticas para la extracci\u00f3n sostenible, la distribuci\u00f3n de ingresos y la creaci\u00f3n de zonas de conservaci\u00f3n. Las carreteras que conducen a los yacimientos de oro del interior se construyen con controles de erosi\u00f3n, y los planes para un fondo soberano de inversi\u00f3n buscan proteger a las generaciones futuras de la volatilidad de los mercados petroleros.<\/p>\n<p>La riqueza natural de Guyana \u2014sus cascadas, sabanas, monta\u00f1as similares a tepuyes y redes fluviales\u2014 ofrece una alternativa a la extracci\u00f3n de recursos. Operadores de ecoturismo gu\u00edan a los visitantes a Iwokrama, una reserva de 3700 kil\u00f3metros cuadrados donde habitan osos hormigueros gigantes, y a las cataratas Kaieteur, donde una sola gota de agua cae 226 metros en una poza de color verde jade. Cenas junto a la fogata bajo un cielo estrellado invitan a conversaciones tranquilas sobre conservaci\u00f3n, mientras que las caminatas matutinas permiten observar bandadas de ibis escarlata aliment\u00e1ndose en las riberas.<\/p>\n<p>Las comunidades locales se benefician cada vez m\u00e1s de los ingresos del turismo, ofreciendo alojamiento en casas particulares y talleres culturales que comparten la artesan\u00eda y las historias amerindias. Estas iniciativas ofrecen incentivos tangibles para proteger los bosques y las v\u00edas fluviales. A medida que Guyana descubre nuevas fuentes de ingresos, el ecoturismo se destaca como un modelo de crecimiento equilibrado que valora los ecosistemas intactos tanto como las ganancias econ\u00f3micas.<\/p>\n<p>La cultura de Guyana lleva la huella de la servidumbre, la esclavitud, la migraci\u00f3n y el intercambio. Los africanos esclavizados, desarraigados de diversas sociedades de \u00c1frica Occidental, forjaron nuevos patrones de creencias y rituales dentro del marco colonial brit\u00e1nico. Sus descendientes celebran hoy las festividades cristianas y conservan canciones populares que evocan ritmos ancestrales. Los trabajadores indios, que llegaron bajo contrato tras la emancipaci\u00f3n, trajeron consigo tradiciones hind\u00faes y musulmanas que a\u00fan marcan el calendario; sus cocinas se llenan de dhal y cabra al curry, junto con pepperpot y pasteles de pescado.<\/p>\n<p>Los inmigrantes chinos y portugueses, aunque en menor n\u00famero, introdujeron pr\u00e1cticas culinarias y comerciales que se filtraron en pueblos y aldeas. A lo largo de la historia, los matrimonios mixtos y las dificultades compartidas han dado lugar a comunidades de herencia mixta que difuminan las fronteras \u00e9tnicas. En Georgetown, uno podr\u00eda pasar por un templo sij, una iglesia pentecostal y una mezquita a pocas cuadras: una arquitectura de fe que emana de historias de movimiento y adaptaci\u00f3n.<\/p>\n<p>En muchos sentidos, Guyana se sit\u00faa entre dos mundos: geograf\u00eda sudamericana y cultura caribe\u00f1a, modernos yacimientos petrol\u00edferos y antiguos bosques, metr\u00f3polis costeras y pueblos del interior. Sus caudalosos r\u00edos trazan rutas tanto hacia mar abierto como hacia las profundidades del coraz\u00f3n salvaje del continente. Los festivales re\u00fanen sabores y sonidos de Asia, \u00c1frica y Europa, al ritmo de tambores que se remontan a los warao y los macushi.<\/p>\n<p>Para los lectores que buscan una descripci\u00f3n honesta de este pa\u00eds, Guyana no se conforma con simples contrastes. Ofrece el polvo de los caminos de la sabana y el brillo de las copas de los \u00e1rboles de la selva tropical, el zumbido de las plataformas petrol\u00edferas y el susurro de la hojarasca bajo los pies descalzos. Su gente \u2014indoguyanesa, afroguyanesa, amerindia y m\u00e1s\u2014 est\u00e1 forjando un futuro que debe respetar tanto las promesas econ\u00f3micas como los l\u00edmites ecol\u00f3gicos.<\/p>\n<p>A la orilla del agua, donde los manglares resisten las mareas, el horizonte alberga plataformas petrol\u00edferas y barcos pesqueros. Tierra adentro, donde las sombras verdes se mueven bajo las crestas iluminadas por el sol, se escuchan los cantos de los monos aulladores y las risas de los ni\u00f1os que corren por las riberas. Esto es Guyana: una tierra definida por el agua, su gente y el delicado equilibrio entre progreso y preservaci\u00f3n.<\/p>","protected":false},"excerpt":{"rendered":"<p>Guyana, formally designated as the\u00a0Co-operative Republic of Guyana, is situated on the northern coastline of\u00a0South America.\u00a0Guyana, with one of the lowest population densities globally, encompasses a geographical area of 214,969 square kilometers, rendering it the third smallest sovereign state by size in continental\u00a0South America, behind\u00a0Uruguay\u00a0and\u00a0Suriname.\u00a0Georgetown, the capital city, is the largest urban center in the country and functions as the political and economic nucleus.<\/p>","protected":false},"author":1,"featured_media":3020,"parent":24096,"menu_order":0,"comment_status":"closed","ping_status":"closed","template":"elementor_theme","meta":{"_eb_attr":"","footnotes":""},"class_list":["post-7331","page","type-page","status-publish","has-post-thumbnail"],"_links":{"self":[{"href":"https:\/\/travelshelper.com\/es\/wp-json\/wp\/v2\/pages\/7331","targetHints":{"allow":["GET"]}}],"collection":[{"href":"https:\/\/travelshelper.com\/es\/wp-json\/wp\/v2\/pages"}],"about":[{"href":"https:\/\/travelshelper.com\/es\/wp-json\/wp\/v2\/types\/page"}],"author":[{"embeddable":true,"href":"https:\/\/travelshelper.com\/es\/wp-json\/wp\/v2\/users\/1"}],"replies":[{"embeddable":true,"href":"https:\/\/travelshelper.com\/es\/wp-json\/wp\/v2\/comments?post=7331"}],"version-history":[{"count":0,"href":"https:\/\/travelshelper.com\/es\/wp-json\/wp\/v2\/pages\/7331\/revisions"}],"up":[{"embeddable":true,"href":"https:\/\/travelshelper.com\/es\/wp-json\/wp\/v2\/pages\/24096"}],"wp:featuredmedia":[{"embeddable":true,"href":"https:\/\/travelshelper.com\/es\/wp-json\/wp\/v2\/media\/3020"}],"wp:attachment":[{"href":"https:\/\/travelshelper.com\/es\/wp-json\/wp\/v2\/media?parent=7331"}],"curies":[{"name":"wp","href":"https:\/\/api.w.org\/{rel}","templated":true}]}}