{"id":35488,"date":"2024-11-30T23:23:21","date_gmt":"2024-11-30T23:23:21","guid":{"rendered":"https:\/\/travelshelper.com\/staging\/?page_id=35488"},"modified":"2026-03-11T02:09:40","modified_gmt":"2026-03-11T02:09:40","slug":"mantengase-seguro-y-saludable-en-bahrein","status":"publish","type":"page","link":"https:\/\/travelshelper.com\/es\/destinations\/asia\/bahrain\/stay-safe-healthy-in-bahrain\/","title":{"rendered":"Mant\u00e9ngase sano y salvo en Bar\u00e9in"},"content":{"rendered":"<h2 class=\"wp-block-heading\">Mant\u00e9ngase seguro en Bahr\u00e9in<\/h2>\n\n\n\n<p>Bar\u00e9in sufri\u00f3 una guerra casi civil en 2011, con cientos de muertos, cientos de heridos y un n\u00famero significativo de activistas y profesionales m\u00e9dicos encarcelados y torturados. Aunque las multitudinarias protestas fueron reprimidas sin piedad, el ambiente sigue siendo inestable, y protestas, disturbios y asesinatos policiales pueden ocurrir en cualquier momento. Se recomienda a los viajeros evitar las regiones y comunidades rurales del noroeste del pa\u00eds. Las grandes protestas pueden ocurrir en cualquier momento, y aunque a veces pueden volverse violentas, rara vez son antioccidentales. Evite lugares donde parezca que se congregan grandes grupos de personas.<\/p>\n\n\n\n<p>En Bar\u00e9in, la incidencia promedio de delitos sociales es baja, mientras que los delitos violentos son poco comunes. Sin embargo, se producen robos, hurtos y hurtos. Se han registrado delitos menores, como el robo de carteras, sobre todo en los antiguos barrios comerciales, conocidos como zocos. Las discotecas de la mayor\u00eda de los hoteles son frecuentadas por personas mal intencionadas. A pesar de que los hoteles cuentan con suficientes medidas de seguridad, incluyendo c\u00e1maras, se han dado casos de visitantes que se han apropiado de sus habitaciones.<\/p>\n\n\n\n<p>Si est\u00e1s en Exhibition Avenue (cerca de Hoora), ten cuidado, ya que las mujeres podr\u00edan tener encuentros desagradables con saud\u00edes (principalmente) ebrios. Es recomendable ir acompa\u00f1ado si vas (sobre todo de noche).<\/p>\n\n\n\n<h3 class=\"wp-block-heading\">Delito<\/h3>\n\n\n\n<p>Aproximadamente 4.000 ciudadanos brit\u00e1nicos viven en Bar\u00e9in y miles m\u00e1s lo visitan anualmente. La mayor\u00eda de las visitas transcurren sin incidentes. A pesar de que la delincuencia es poco frecuente en la mayor\u00eda de las regiones, los turistas deben tomar precauciones, incluyendo el uso de servicios de taxi de confianza.<\/p>\n\n\n\n<h3 class=\"wp-block-heading\">Drogas<\/h3>\n\n\n\n<p>Incluso las cantidades m\u00ednimas de sustancias ilegales est\u00e1n totalmente restringidas. Incluso en tr\u00e1nsito por un aeropuerto de un pa\u00eds a otro, consumir o portar narc\u00f3ticos ilegales puede resultar en encarcelamiento y expulsi\u00f3n. Comprar o vender drogas ilegales y narc\u00f3ticos es un delito grave que conlleva una pena m\u00e1xima de cadena perpetua.<\/p>\n\n\n\n<p>Algunos art\u00edculos cosm\u00e9ticos y recargas de cigarrillos electr\u00f3nicos pueden incluir sustancias prohibidas, como aceite de CBD, en Bahr\u00e9in.<\/p>\n\n\n\n<p>Es recomendable llevar un certificado m\u00e9dico si se toman medicamentos con receta. Si se pretende importar medicamentos con receta a Bar\u00e9in, es posible que se requiera autorizaci\u00f3n previa de las autoridades. Antes de viajar, debe contactar con la embajada o el consulado de Bar\u00e9in m\u00e1s cercano.<\/p>\n\n\n\n<h3 class=\"wp-block-heading\">Alcohol<\/h3>\n\n\n\n<p>El alcohol es legal en Bar\u00e9in, donde existen numerosos bares, restaurantes con licencia y licorer\u00edas. Sin embargo, conducir bajo los efectos del alcohol o estar en estado de ebriedad en p\u00fablico es ilegal, lo que conlleva multas, prisi\u00f3n o deportaci\u00f3n, as\u00ed como la suspensi\u00f3n del permiso de conducir. La agresi\u00f3n f\u00edsica y la destrucci\u00f3n de propiedad p\u00fablica bajo los efectos del alcohol constituyen un delito que puede conllevar penas de prisi\u00f3n.<\/p>\n\n\n\n<h3 class=\"wp-block-heading\">Conduciendo<\/h3>\n\n\n\n<p>En Bar\u00e9in, hay tolerancia cero para conducir bajo los efectos del alcohol. Si lo pillan con incluso trazas de alcohol en el organismo, podr\u00eda enfrentar cargos y prisi\u00f3n. Infracciones como conducir demasiado cerca de otro veh\u00edculo, exceso de velocidad, carreras, salirse de carril y usar el tel\u00e9fono m\u00f3vil al volante pueden resultar en multas cuantiosas. Hay numerosos radares de velocidad en carreteras y autopistas. El uso del cintur\u00f3n de seguridad es obligatorio. No hacerlo puede resultar en una multa.<\/p>\n\n\n\n<p><strong>Leyes de Tr\u00e1nsito<\/strong><\/p>\n\n\n\n<ul class=\"wp-block-list\">\n<li>El tr\u00e1fico circula por la derecha.<\/li>\n\n\n\n<li>En las rotondas, los veh\u00edculos que se encuentran dentro de la rotonda tienen derecho de paso sobre aquellos que intentan entrar.<\/li>\n\n\n\n<li>Los conductores frecuentemente conducen a exceso de velocidad a pesar de las severas sanciones, que incluyen multas y posible prisi\u00f3n.<\/li>\n\n\n\n<li>La polic\u00eda puede detener a los conductores por infracciones de tr\u00e1fico.<\/li>\n\n\n\n<li>Es ilegal utilizar un tel\u00e9fono celular mientras se conduce, aunque es muy com\u00fan.<\/li>\n\n\n\n<li>Los conductores est\u00e1n obligados a utilizar el cintur\u00f3n de seguridad.<\/li>\n\n\n\n<li>El tr\u00e1fico est\u00e1 m\u00e1s congestionado los fines de semana con la afluencia de veh\u00edculos de pa\u00edses vecinos.<\/li>\n<\/ul>\n\n\n\n<h3 class=\"wp-block-heading\">C\u00f3digo de vestimenta<\/h3>\n\n\n\n<p>Los bahrein\u00edes suelen vestir de forma conservadora, con sus trajes tradicionales, y pueden enojarse cuando otros se visten mal o de forma contraria a las normas isl\u00e1micas.<\/p>\n\n\n\n<p>En lugares p\u00fablicos como centros comerciales, restaurantes y parques, se recomienda usar vestimenta adecuada. La ropa no debe ser transparente, exponer partes del cuerpo de forma indecente ni mostrar im\u00e1genes o mensajes desagradables. Si visita uno de estos lugares sin la vestimenta adecuada, es posible que le pidan que se retire (la mayor\u00eda de los centros comerciales m\u00e1s grandes tienen letreros que advierten que debe usar ropa decorosa). Est\u00e1 estrictamente prohibido cualquier tipo de desnudez, incluso tomar el sol sin blusa. Durante el mes de Ramad\u00e1n, cuando se fomenta la humildad, estos principios se mantienen a\u00fan m\u00e1s estrictamente.<\/p>\n\n\n\n<h3 class=\"wp-block-heading\">Religi\u00f3n<\/h3>\n\n\n\n<p>En Bar\u00e9in, las creencias religiosas isl\u00e1micas gozan de gran veneraci\u00f3n. Cualquier falta de respeto a las ideas o pr\u00e1cticas religiosas se considera una falta de respeto extrema y puede conllevar una multa cuantiosa o incluso prisi\u00f3n. Otras religiones son respetadas y pueden practicarse libremente en Bar\u00e9in. Siga estas sencillas pautas de respeto:<\/p>\n\n\n\n<p>Los musulmanes realizan cinco oraciones diarias. Notar\u00e1s que las mezquitas usan altavoces para llamar a los fieles a la oraci\u00f3n. Ten en cuenta que los coches que no est\u00e9n cerca de una mezquita pueden detenerse en un \u00e1rea de descanso para rezar discretamente.<\/p>\n\n\n\n<p>Los musulmanes ayunan desde el amanecer hasta el anochecer durante el mes sagrado de Ramad\u00e1n. Durante el Ramad\u00e1n, comer, beber, fumar, poner m\u00fasica alta y bailar en p\u00fablico durante el d\u00eda est\u00e1 prohibido y penalizado por ley, incluso para los no musulmanes.<\/p>\n\n\n\n<h3 class=\"wp-block-heading\">El clima y los desastres naturales<\/h3>\n\n\n\n<p>Bahr\u00e9in suele tener temperaturas extremadamente altas. De junio a agosto, la temperatura puede superar los 50 \u00b0C.<\/p>\n\n\n\n<p>Para evitar el golpe de calor y la deshidrataci\u00f3n:<\/p>\n\n\n\n<ul class=\"wp-block-list\">\n<li>beber mucha agua<\/li>\n\n\n\n<li>evitar largos periodos de calor<\/li>\n<\/ul>\n\n\n\n<p>Las tormentas de arena y polvo ocurren a menudo.<\/p>\n\n\n\n<h3 class=\"wp-block-heading\">Manifestaciones<\/h3>\n\n\n\n<p>Es posible que se produzcan manifestaciones y protestas ocasionales. Esto puede implicar intentos de interrumpir el tr\u00e1fico, as\u00ed como disturbios en zonas rurales y cerca de centros econ\u00f3micos. En raras ocasiones, esto da lugar a conflictos locales entre las fuerzas de seguridad gubernamentales y los manifestantes. En ocasiones, los aniversarios de acontecimientos clave en Bahr\u00e9in aumentan la probabilidad de manifestaciones espont\u00e1neas. En el pasado, se han producido casos similares en Sitra, Bani Jamra, Karbabad, Saar, Karzakan, la carretera de Budaiya y pueblos vecinos.<\/p>\n\n\n\n<p>Aunque hasta la fecha no ha habido amenazas o ataques directos contra ciudadanos brit\u00e1nicos, debe tener cuidado, seguir los consejos de las autoridades locales y estar atento a su entorno dondequiera que se encuentre en la isla.<\/p>\n\n\n\n<p>Quienes se encuentren por error en las inmediaciones de una manifestaci\u00f3n violenta corren peligro.<\/p>\n\n\n\n<p>Si se encuentra con una gran concentraci\u00f3n o manifestaci\u00f3n p\u00fablica, debe evacuar la zona r\u00e1pidamente. Si observa un objeto sospechoso, evite acercarse o tocarlo. Al\u00e9jese y llame al 999 o a la L\u00ednea de Emergencias de la Polic\u00eda 8000 8008.<\/p>\n\n\n\n<p>Durante el d\u00eda, la circulaci\u00f3n por las carreteras principales suele ser ordenada. Existen varios controles policiales.<\/p>\n\n\n\n<p>Durante las manifestaciones, las carreteras podr\u00edan volverse intransitables, lo que obligar\u00eda a tomar desv\u00edos. Estos podr\u00edan llevarlo a territorio desconocido. Le recomendamos familiarizarse con otros caminos.<\/p>\n\n\n\n<p>La opini\u00f3n p\u00fablica local de la regi\u00f3n contin\u00faa vi\u00e9ndose afectada por los acontecimientos regionales. Es fundamental ser consciente de las sensibilidades locales en relaci\u00f3n con estos asuntos. Mant\u00e9ngase al tanto de las noticias y de los acontecimientos locales y regionales que puedan generar malestar p\u00fablico.<\/p>\n\n\n\n<p>El Ministerio del Interior ha recordado que todos los residentes e invitados deben portar una identificaci\u00f3n con foto. Se podr\u00e1 imponer una multa de hasta 300 BHD si no puede mostrar una identificaci\u00f3n con foto cuando se la solicite un miembro del gobierno bahrein\u00ed, seg\u00fan lo exige la legislaci\u00f3n bahrein\u00ed.<\/p>\n\n\n\n<h2 class=\"wp-block-heading\">Mant\u00e9ngase saludable en Bahr\u00e9in<\/h2>\n\n\n\n<p>Aseg\u00farate de beber mucha agua. De abril a agosto, puede hacer mucho calor (hasta 50 grados Celsius) y mucha humedad. Prot\u00e9gete del sol con una sombrilla. Mantenerse hidratado es fundamental, sobre todo si est\u00e1s al aire libre durante todo el d\u00eda. Puedes comprar agua embotellada a precios muy bajos en casi toda la ciudad, desde tiendas refrigeradas hasta peque\u00f1os restaurantes.<\/p>\n\n\n\n<p>Los vendedores ambulantes del zoco venden botellas peque\u00f1as refrigeradas, pero podr\u00edas acabar gastando m\u00e1s de lo que valen. Si vas a quedarte en Bar\u00e9in una temporada larga, puedes contratar un servicio de entrega de agua embotellada a domicilio en una tienda local de bebidas fr\u00edas o contratar el servicio de entrega de agua a trav\u00e9s de alguno de los muchos negocios de la isla. Muchas tiendas de bebidas fr\u00edas (y algunos hoteles) te llevan sus productos (o comidas) a tu hotel o apartamento de forma gratuita.<\/p>\n\n\n\n<h3 class=\"wp-block-heading\">COVID-19<\/h3>\n\n\n\n<p>No hay restricciones por COVID-19 en espacios p\u00fablicos, y todos los negocios, incluyendo tiendas, bancos y restaurantes, operan con normalidad. El uso de mascarillas es opcional tanto en interiores como en exteriores (excepto en centros de salud).<\/p>\n\n\n\n<p>No existen l\u00edmites relacionados con el COVID-19 en la disponibilidad de alojamiento e instalaciones, incluidos hoteles y unidades de alquiler privadas.<\/p>\n\n\n\n<p>Si cree que presenta s\u00edntomas de COVID-19, llame a la l\u00ednea directa local 444 y siga las recomendaciones de las autoridades. Para consultas generales sobre la COVID-19 en Bar\u00e9in, comun\u00edquese con el Ministerio de Salud en covid19@moh.gov.bh. Las autoridades se pondr\u00e1n en contacto con quienes den positivo en la prueba de COVID-19 a trav\u00e9s de la aplicaci\u00f3n &#034;BeAware&#034; y estar\u00e1n obligados a aislarse en casa o en un hotel durante 7 d\u00edas (si est\u00e1n completamente vacunados) o 10 d\u00edas (si no est\u00e1n vacunados) a partir de la fecha de contagio. Si obtiene un resultado negativo de la prueba de PCR en un hospital privado, el per\u00edodo de aislamiento puede finalizar antes. De ser necesario, se proporcionar\u00e1 tratamiento gratuito para la COVID-19.<\/p>","protected":false},"excerpt":{"rendered":"<p>Bar\u00e9in sufri\u00f3 una guerra casi civil en 2011, con cientos de muertos, cientos de heridos y un n\u00famero significativo de activistas y profesionales m\u00e9dicos encarcelados y torturados. Aunque las multitudinarias protestas fueron reprimidas sin piedad, el ambiente sigue siendo inestable, y protestas, disturbios y asesinatos policiales pueden ocurrir en cualquier momento. Se recomienda a los viajeros evitar las regiones y comunidades rurales del noroeste del pa\u00eds. Las grandes protestas pueden ocurrir en cualquier momento, y aunque a veces pueden volverse violentas, rara vez son antioccidentales. Evite lugares donde parezca que se congregan grandes grupos de personas.<\/p>","protected":false},"author":1,"featured_media":35491,"parent":35335,"menu_order":0,"comment_status":"closed","ping_status":"closed","template":"elementor_theme","meta":{"_eb_attr":"","footnotes":""},"class_list":["post-35488","page","type-page","status-publish","has-post-thumbnail"],"_links":{"self":[{"href":"https:\/\/travelshelper.com\/es\/wp-json\/wp\/v2\/pages\/35488","targetHints":{"allow":["GET"]}}],"collection":[{"href":"https:\/\/travelshelper.com\/es\/wp-json\/wp\/v2\/pages"}],"about":[{"href":"https:\/\/travelshelper.com\/es\/wp-json\/wp\/v2\/types\/page"}],"author":[{"embeddable":true,"href":"https:\/\/travelshelper.com\/es\/wp-json\/wp\/v2\/users\/1"}],"replies":[{"embeddable":true,"href":"https:\/\/travelshelper.com\/es\/wp-json\/wp\/v2\/comments?post=35488"}],"version-history":[{"count":0,"href":"https:\/\/travelshelper.com\/es\/wp-json\/wp\/v2\/pages\/35488\/revisions"}],"up":[{"embeddable":true,"href":"https:\/\/travelshelper.com\/es\/wp-json\/wp\/v2\/pages\/35335"}],"wp:featuredmedia":[{"embeddable":true,"href":"https:\/\/travelshelper.com\/es\/wp-json\/wp\/v2\/media\/35491"}],"wp:attachment":[{"href":"https:\/\/travelshelper.com\/es\/wp-json\/wp\/v2\/media?parent=35488"}],"curies":[{"name":"wp","href":"https:\/\/api.w.org\/{rel}","templated":true}]}}