{"id":35472,"date":"2024-11-30T22:59:50","date_gmt":"2024-11-30T22:59:50","guid":{"rendered":"https:\/\/travelshelper.com\/staging\/?page_id=35472"},"modified":"2026-03-11T02:07:26","modified_gmt":"2026-03-11T02:07:26","slug":"tradiciones-y-costumbres-en-bahrein","status":"publish","type":"page","link":"https:\/\/travelshelper.com\/es\/destinations\/asia\/bahrain\/traditions-customs-in-bahrain\/","title":{"rendered":"Tradiciones y costumbres en Bar\u00e9in"},"content":{"rendered":"<p>Bar\u00e9in es un pa\u00eds anfitri\u00f3n acogedor; sin embargo, siempre debe mostrar respeto y cortes\u00eda respecto a sus tradiciones culturales y religi\u00f3n. Al visitar zonas frecuentadas por \u00e1rabes locales, es preferible usar pantalones largos en lugar de pantalones cortos, y las mujeres deben evitar usar vestidos transparentes.<\/p>\n\n\n\n<p>Los trajes de ba\u00f1o, bikinis y pantalones cortos son aceptables en clubes de playa y hoteles. En p\u00fablico, no muestres muestras de afecto hacia personas del sexo opuesto. Se ha arrestado a personas del sexo opuesto por besarse en p\u00fablico, lo cual es socialmente inaceptable. Evita siempre pelear y nunca participes en debates, especialmente con alguien del lugar.<\/p>\n\n\n\n<p>La religi\u00f3n oficial del reino es el islam. Lo practica m\u00e1s del 70% de la poblaci\u00f3n. El resto son cristianos, budistas e hind\u00faes. Una peque\u00f1a fracci\u00f3n de los habitantes no profesa ninguna religi\u00f3n. La Iglesia y el Estado no est\u00e1n separados. Se aplica la sharia (ley isl\u00e1mica). El concepto de libertad religiosa est\u00e1 consagrado en la Constituci\u00f3n. Es un hecho. No existe persecuci\u00f3n religiosa. Los representantes de diversas religiones pueden celebrar libremente sus ritos y festividades.<\/p>\n\n\n\n<p>La comunidad musulmana es heterog\u00e9nea. Los musulmanes sunitas consideran a los beduinos como sus antepasados. Los chiitas descienden del Profeta, seg\u00fan sus creencias. La mayor\u00eda de los chiitas pertenecen a la comunidad \u00e9tnica y religiosa baharna. Son tradicionales y piadosos. Sunitas y chiitas forman comunidades separadas. Sus conflictos legales se resuelven en tribunales distintos.<\/p>\n\n\n\n<p>La posici\u00f3n social de las mujeres en Bar\u00e9in es superior a la de la mayor\u00eda de los pa\u00edses \u00e1rabes. Aqu\u00ed, las mujeres pueden trabajar. Constituyen casi un tercio de la fuerza laboral del pa\u00eds. Tienen acceso a la educaci\u00f3n y la atenci\u00f3n m\u00e9dica. Aproximadamente el 60% de las mujeres tienen un t\u00edtulo universitario. Hay muchas mujeres en el mundo empresarial. Las mujeres a\u00fan est\u00e1n subrepresentadas en la pol\u00edtica. Est\u00e1n ausentes de la autoridad gubernamental. No existen leyes oficiales que violen los derechos de las mujeres. Sin embargo, la regulaci\u00f3n contradice la ley Sharia, que exige que las mujeres se cubran el rostro y el cuerpo. La mayor\u00eda de las mujeres usan un chador que no cubre el rostro. El niqab oculta totalmente el rostro de las mujeres de familias m\u00e1s tradicionales. Las mujeres extranjeras son toleradas por los locales. Sin embargo, deben cubrirse los hombros y las piernas. Adem\u00e1s, existen requisitos para los hombres extranjeros. Est\u00e1 prohibido aparecer en p\u00fablico con pantalones cortos y ropa deportiva.<\/p>\n\n\n\n<p>Esta democracia es resultado del r\u00e1pido crecimiento econ\u00f3mico de Bar\u00e9in, que atrae a un gran n\u00famero de extranjeros. Bar\u00e9in es la naci\u00f3n musulmana m\u00e1s liberada. Residentes de otros pa\u00edses \u00e1rabes suelen vacacionar aqu\u00ed. El pa\u00eds vende y consume alcohol. Durante el mes sagrado del Ramad\u00e1n, las normas morales se endurecen. En esta \u00e9poca, los creyentes ayunan. Los musulmanes tienen prohibido comer y beber durante el d\u00eda durante este per\u00edodo.<\/p>\n\n\n\n<p>La religi\u00f3n influye en la etiqueta. La mano izquierda se considera tradicionalmente sucia porque se usa para la higiene personal. Se acepta comida y dinero, pero solo con la mano derecha. Al entrar en una casa o mezquita, es obligatorio quitarse los zapatos. No se puede se\u00f1alar con los pies al interlocutor, mirarlo fijamente a los ojos, comer mientras se camina ni gesticular activamente durante una conversaci\u00f3n.<\/p>\n\n\n\n<p>La familia es de suma importancia para los ciudadanos del pa\u00eds. Las mujeres se casan muy j\u00f3venes, a partir de los 14 a\u00f1os. Los hombres se casan entre los 20 y los 22 a\u00f1os. Es com\u00fan pedir un rescate por las novias. La poligamia est\u00e1 permitida por la sharia. Sin embargo, cada esposa debe tener su propia residencia c\u00f3moda. Tambi\u00e9n existen matrimonios transitorios (muta), aceptados exclusivamente por los chi\u00edtas. Al finalizar dicho matrimonio, se otorga una recompensa a la mujer. Formalmente, los derechos de la mujer son equivalentes a los de una esposa com\u00fan. Su descendencia tambi\u00e9n se considera leg\u00edtima. Tiene derecho a un mahr (regalo de su esposo). La duraci\u00f3n del matrimonio puede prolongarse indefinidamente. Una mujer debe tomarse un descanso antes de volver a casarse despu\u00e9s de un matrimonio fallido. Este descanso es necesario para descartar la posibilidad de embarazo. Durante este descanso de cuatro a veinte semanas, el esposo contin\u00faa asistiendo a la esposa.<\/p>\n\n\n\n<p>Tras la independencia del pa\u00eds en 1971, la cultura de Bar\u00e9in comenz\u00f3 a florecer significativamente. Adem\u00e1s del desarrollo del arte tradicional, el arte moderno tambi\u00e9n est\u00e1 en auge. El impresionismo, el expresionismo y el surrealismo est\u00e1n ganando popularidad. Se organizan frecuentes exposiciones de arte moderno. Diversos museos y galer\u00edas se utilizan para este fin. Cabe destacar las artes tradicionales de la caligraf\u00eda \u00e1rabe, la cer\u00e1mica, la joyer\u00eda y la herrer\u00eda. A finales del siglo XX, la literatura tambi\u00e9n comenz\u00f3 a desarrollarse r\u00e1pidamente. La fuerte influencia occidental es inherente a ella. Bar\u00e9in, a diferencia de otras naciones isl\u00e1micas, cuenta con un gran n\u00famero de poetas que publican sus obras.<\/p>\n\n\n\n<p>La m\u00fasica \u00e1rabe, india y persa influy\u00f3 en la m\u00fasica tradicional de Bar\u00e9in. Los estilos m\u00e1s populares son el saut, el fiyri y el liwa. Los ciudadanos barein\u00edes llevan mucho tiempo involucrados en la extracci\u00f3n de perlas. Los buscadores de perlas desarrollaron su propia cultura, incluida la m\u00fasica. El fiyri es la m\u00fasica de los buscadores de perlas. Cabe destacar que existen canciones costeras y canciones marineras. El liwa es la m\u00fasica de los pueblos africanos. La m\u00fasica \u00e1rabe, conocida como saut, se interpreta con oud, un instrumento de percusi\u00f3n, y rebab. Tambi\u00e9n existe m\u00fasica moderna. Hay bandas que tocan rock. Bar\u00e9in tambi\u00e9n cuenta con estudios de grabaci\u00f3n. El cine no es ilegal. Sin embargo, las pel\u00edculas locales pr\u00e1cticamente nunca se producen.<\/p>","protected":false},"excerpt":{"rendered":"<p>Bar\u00e9in es un pa\u00eds anfitri\u00f3n acogedor; sin embargo, siempre debe mostrar respeto y cortes\u00eda respecto a sus tradiciones culturales y religi\u00f3n. Al visitar zonas frecuentadas por \u00e1rabes locales, es preferible usar pantalones largos en lugar de pantalones cortos, y las mujeres deben evitar usar vestidos transparentes.<\/p>","protected":false},"author":1,"featured_media":35474,"parent":35335,"menu_order":0,"comment_status":"closed","ping_status":"closed","template":"elementor_theme","meta":{"_eb_attr":"","footnotes":""},"class_list":["post-35472","page","type-page","status-publish","has-post-thumbnail"],"_links":{"self":[{"href":"https:\/\/travelshelper.com\/es\/wp-json\/wp\/v2\/pages\/35472","targetHints":{"allow":["GET"]}}],"collection":[{"href":"https:\/\/travelshelper.com\/es\/wp-json\/wp\/v2\/pages"}],"about":[{"href":"https:\/\/travelshelper.com\/es\/wp-json\/wp\/v2\/types\/page"}],"author":[{"embeddable":true,"href":"https:\/\/travelshelper.com\/es\/wp-json\/wp\/v2\/users\/1"}],"replies":[{"embeddable":true,"href":"https:\/\/travelshelper.com\/es\/wp-json\/wp\/v2\/comments?post=35472"}],"version-history":[{"count":0,"href":"https:\/\/travelshelper.com\/es\/wp-json\/wp\/v2\/pages\/35472\/revisions"}],"up":[{"embeddable":true,"href":"https:\/\/travelshelper.com\/es\/wp-json\/wp\/v2\/pages\/35335"}],"wp:featuredmedia":[{"embeddable":true,"href":"https:\/\/travelshelper.com\/es\/wp-json\/wp\/v2\/media\/35474"}],"wp:attachment":[{"href":"https:\/\/travelshelper.com\/es\/wp-json\/wp\/v2\/media?parent=35472"}],"curies":[{"name":"wp","href":"https:\/\/api.w.org\/{rel}","templated":true}]}}