{"id":35452,"date":"2024-11-30T22:41:22","date_gmt":"2024-11-30T22:41:22","guid":{"rendered":"https:\/\/travelshelper.com\/staging\/?page_id=35452"},"modified":"2026-03-11T02:11:40","modified_gmt":"2026-03-11T02:11:40","slug":"vida-nocturna-en-bahrein","status":"publish","type":"page","link":"https:\/\/travelshelper.com\/es\/destinations\/asia\/bahrain\/nightlife-in-bahrain\/","title":{"rendered":"Vida nocturna en Bahr\u00e9in"},"content":{"rendered":"<p>La vida nocturna de Bar\u00e9in est\u00e1 bastante desarrollada, lo cual es sorprendente. Esto se debe principalmente a la tolerancia del gobierno y a la gran cantidad de extranjeros que viven en el pa\u00eds. A Bar\u00e9in se le conoce a menudo como el &#034;Haw\u00e1i de Oriente Medio&#034;. Al atardecer, todos encontrar\u00e1n diversi\u00f3n. En todo el pa\u00eds, hay discotecas, karaokes y clubes de m\u00fasica en vivo.<\/p>\n\n\n\n<p>Adliya es especialmente famosa por su vida nocturna. Este es el barrio bohemio de Manama. Los hoteles de lujo ofrecen diversas opciones de entretenimiento nocturno. El alcohol est\u00e1 permitido en todo el pa\u00eds, incluso en las discotecas. Esto atrae a turistas de pa\u00edses \u00e1rabes vecinos, m\u00e1s conservadores.<\/p>\n\n\n\n<h2 class=\"wp-block-heading\">Bares y clubes en Bar\u00e9in<\/h2>\n\n\n\n<p>Dado que pr\u00e1cticamente todos los establecimientos con licencia deben estar afiliados a hoteles de cuatro y cinco estrellas, no existe una zona de ocio nocturno definida en Manama; m\u00e1s bien, existe una distribuci\u00f3n cuadriculada de locales por toda la ciudad. Una vez que un bar lleva un tiempo abierto, se gana una buena reputaci\u00f3n entre los locales, y muchos se convierten en establecimientos muy conocidos en los Estados del Golfo. Uno de estos establecimientos es el Sherlock Holmes (Hotel Gulf, Manama), un bar tem\u00e1tico con una distinguida historia. Aunque bastante c\u00f3modo, no ha logrado desprenderse de su tradicional aspecto de pub londinense, y ofrece m\u00fasica en vivo la mayor\u00eda de las noches entre semana, que suelen estar repletas de clientes habituales; sin embargo, los fines de semana en Bar\u00e9in tambi\u00e9n pueden estar extremadamente concurridos.<\/p>\n\n\n\n<p>Trader Vic&#039;s (Le Meridien, Manama) se encuentra cerca de una de las playas de Manama y ofrece una amplia vista del Golfo desde la comodidad de su interior climatizado. Es famoso por sus c\u00f3cteles inspirados en los Mares del Sur, servidos en elegantes jarras, lo que lo convierte en uno de los mejores lugares de la ciudad para disfrutar del atardecer. The Warbler Club (Hotel Baisan, Manama) es otro establecimiento que ofrece m\u00fasica en vivo con regularidad, un p\u00fablico atractivo y deliciosa comida de bar. Este es uno de los mejores lugares de Bar\u00e9in para que los aficionados al deporte disfruten de una copa, ya que cuenta con numerosos televisores grandes sintonizados en todos los partidos.<\/p>\n\n\n\n<h3 class=\"wp-block-heading\">Bar del centro<\/h3>\n\n\n\n<p><em>Direcci\u00f3n: 1507 King Faisal Highway, Manama \u2013 Horario de apertura: Todos los d\u00edas: 16:00-02:00<\/em><\/p>\n\n\n\n<p>El centro, una secci\u00f3n del Hotel Intercontinental Regency, es un lugar favorito tanto para locales como para turistas y atrae a grandes multitudes, especialmente en las noches de m\u00fasica en vivo. Presentan bandas locales, noches de micr\u00f3fono abierto y sesiones de improvisaci\u00f3n, y los mi\u00e9rcoles es la Noche de las Damas.<\/p>\n\n\n\n<h3 class=\"wp-block-heading\">Pub irland\u00e9s de JJ<\/h3>\n\n\n\n<p><em>Direcci\u00f3n: Bloque 326, Al Qudaibiya, Manama<\/em><\/p>\n\n\n\n<p>El bar JJ&#039;s es un local amplio con un ambiente acogedor y una amplia variedad de cervezas de barril. Ofrece numerosas actividades semanales, como karaoke, concursos de pub, noche de chicas y m\u00fasica en vivo a cargo de la banda The Noise.<\/p>\n\n\n\n<h3 class=\"wp-block-heading\">La curruca<\/h3>\n\n\n\n<p><em>Direcci\u00f3n: Bloque 320, Manama \u2013 Horario: Todos los d\u00edas: 12:00 p. m. a 2:00 a. m.<\/em><\/p>\n\n\n\n<p>The Warbler, un destacado pub deportivo de estilo brit\u00e1nico que organiza eventos casi todas las noches, se encuentra dentro del Hotel Baisan International. Ofrece baile, m\u00fasica en vivo, retransmisiones de importantes eventos deportivos, Noche de Damas los martes y una cocina completamente equipada con una variedad gastron\u00f3mica.<\/p>\n\n\n\n<h3 class=\"wp-block-heading\">La curruca<\/h3>\n\n\n\n<p><em>Direcci\u00f3n: Bloque 320, Manama \u2013 Horario: Todos los d\u00edas: 12:00 p. m. a 2:00 a. m.<\/em><\/p>\n\n\n\n<p>The Warbler, un destacado pub deportivo de estilo brit\u00e1nico que organiza eventos casi todas las noches, se encuentra dentro del Hotel Baisan International. Ofrece baile, m\u00fasica en vivo, retransmisiones de importantes eventos deportivos, Noche de Damas los martes y una cocina completamente equipada con una variedad gastron\u00f3mica.<\/p>\n\n\n\n<h2 class=\"wp-block-heading\">Restaurantes y gastronom\u00eda en Bar\u00e9in<\/h2>\n\n\n\n<p>En Bar\u00e9in, el precio y la calidad de la comida var\u00edan mucho. Si no te apetece gastar mucho dinero, puedes elegir entre una variedad de hoteles con precios muy diversos. Vivir como expatriado implica comer mucho fuera, as\u00ed que no dudes en preguntar a cualquiera si te da ideas actualizadas; normalmente estar\u00e1n encantados de ayudarte. En Manama, el boca a boca tiene mucha influencia.<\/p>\n\n\n\n<p>Adilya, Mezzaluna (3808 Road, Manama) es una joya en el coraz\u00f3n del distrito gastron\u00f3mico y uno de los restaurantes m\u00e1s populares de Manama, as\u00ed que aseg\u00farese de reservar con bastante antelaci\u00f3n. El chef franc\u00e9s de Mezzaluna prepara una amplia variedad de platos internacionales, y sus filetes de costilla son muy recomendables. El restaurante se encuentra en una antigua mansi\u00f3n barein\u00ed con una decoraci\u00f3n a juego.<\/p>\n\n\n\n<p>Mientras tanto, Jim&#039;s (Avenida Osama bin Zaid, Manama) se ha convertido en toda una instituci\u00f3n para los expatriados, tan conocido por sus vodkas de chocolate artesanales como por sus completos desayunos irlandeses servidos en un encantador entorno rural. Gracias a la calidez y el buen humor de Jim, este restaurante en Bar\u00e9in suele estar abarrotado, as\u00ed que reserve con antelaci\u00f3n.<\/p>\n\n\n\n<p>El moderno Casa Blu, de estilo \u00e1rabe (Sheikh Isa Avenue, Manama), est\u00e1 decorado con m\u00e1quinas de escribir antiguas, cajas registradoras deterioradas, lujosos divanes y hip-hop en vivo, todo lo cual contribuye a la atm\u00f3sfera del restaurante. La cocina es tan excelente como el ambiente.<\/p>\n\n\n\n<h2 class=\"wp-block-heading\">D\u00f3nde comer y beber en Bar\u00e9in<\/h2>\n\n\n\n<p>Como corresponde a su reputaci\u00f3n como el \u00fanico estado del Golfo donde se puede comprar alcohol legalmente, la escena gastron\u00f3mica y nocturna de Bahr\u00e9in es popular entre los expatriados locales y los turistas de Arabia Saudita.<\/p>\n\n\n\n<p>En Manama, los bares deportivos son habituales, y el restaurante irland\u00e9s JJ&#039;s es uno de los mejores. El Bizarre Lounge del hotel Le M\u00e9ridien y el Casa Bar &amp; Terrace del Mercure Grand Seef son dos de los bares y discotecas m\u00e1s exclusivos de los hoteles de lujo de la zona. Ibrida, del Ramee Grand Hotel, y Club XS, del Ramee Rose Hotel, son discotecas populares. En la mayor\u00eda de las discotecas m\u00e1s importantes, se ofrecen happy hour con bebidas y noches de chicas entre semana.<\/p>\n\n\n\n<h3 class=\"wp-block-heading\">Desalmuerzo<\/h3>\n\n\n\n<p>Como la acci\u00f3n en la pista no empieza hasta m\u00e1s tarde, \u00bfpor qu\u00e9 no empezar el d\u00eda con una tradici\u00f3n popular? Se sirven suntuosos brunchs con &#034;comida libre&#034; en innumerables restaurantes de Manama, especialmente en hoteles de lujo como Le M\u00e9ridien &amp; Ritz Carlton. Los viernes y s\u00e1bados son los d\u00edas m\u00e1s populares. Pagar\u00e1s una cantidad fija (normalmente entre 20 y 40 BHD \/ 50-100 USD) por toda la comida y bebida que puedas consumir en 3 o 4 horas. Si llegas temprano a la carrera del pr\u00f3ximo a\u00f1o, muchos restaurantes celebrar\u00e1n el D\u00eda de San Patricio el 17 de marzo con eventos tem\u00e1ticos.<\/p>\n\n\n\n<h3 class=\"wp-block-heading\">Buf\u00e9<\/h3>\n\n\n\n<p>Adem\u00e1s del brunch, varios de los mejores hoteles y restaurantes de la ciudad ofrecen buf\u00e9s de &#034;comida libre&#034; entre semana, especialmente de mi\u00e9rcoles a viernes por la noche. Entre los buf\u00e9s m\u00e1s populares se incluyen las noches tem\u00e1ticas en el Crowne Plaza, la cocina india los jueves y viernes en el restaurante Lanterns, y los mariscos los jueves por la noche en Le M\u00e9ridien.<\/p>\n\n\n\n<h3 class=\"wp-block-heading\">Justicia<\/h3>\n\n\n\n<p>Muchos de los mejores restaurantes de Manama se encuentran en el barrio de Adliya. Entre los caf\u00e9s m\u00e1s populares se encuentran Coco&#039;s, que sirve cocina tradicional estadounidense, y Caf\u00e9 Lilou, con un toque parisino. Rasoi by Vineet sirve algunos de los mejores platos indios de Manama; cerca, el Polo Gastropub del Palace Boutique Hotel ofrece deliciosas hamburguesas y m\u00fasica en vivo, y The Meat Company sirve cortes de carne de primera calidad.<\/p>\n\n\n\n<h3 class=\"wp-block-heading\">cocina bahrein\u00ed<\/h3>\n\n\n\n<p>No te vayas de Manama sin probar la deliciosa gastronom\u00eda local. Entre las recetas m\u00e1s populares se encuentran el machboos (arroz arom\u00e1tico con sabor a carne), la carne a la parrilla con khubus (pan blando), el nasheef (estofado de patata y carne) y el luqaimat (empanadillas dulces). Haji Gahwa es una cafeter\u00eda callejera en el zoco de Manama que sirve comida casera deliciosa y econ\u00f3mica, mientras que Basta 23, en el centro comercial Riyadat, ofrece una versi\u00f3n contempor\u00e1nea de la cocina local tradicional.<\/p>","protected":false},"excerpt":{"rendered":"<p>La vida nocturna de Bar\u00e9in est\u00e1 bastante desarrollada, lo cual es sorprendente. Esto se debe principalmente a la tolerancia del gobierno y a la gran cantidad de extranjeros que viven en el pa\u00eds. A Bar\u00e9in se le conoce a menudo como el &#034;Haw\u00e1i de Oriente Medio&#034;. Al atardecer, todos encontrar\u00e1n diversi\u00f3n. En todo el pa\u00eds, hay discotecas, karaokes y clubes de m\u00fasica en vivo.<\/p>","protected":false},"author":1,"featured_media":35455,"parent":35335,"menu_order":0,"comment_status":"closed","ping_status":"closed","template":"elementor_theme","meta":{"_eb_attr":"","footnotes":""},"class_list":["post-35452","page","type-page","status-publish","has-post-thumbnail"],"_links":{"self":[{"href":"https:\/\/travelshelper.com\/es\/wp-json\/wp\/v2\/pages\/35452","targetHints":{"allow":["GET"]}}],"collection":[{"href":"https:\/\/travelshelper.com\/es\/wp-json\/wp\/v2\/pages"}],"about":[{"href":"https:\/\/travelshelper.com\/es\/wp-json\/wp\/v2\/types\/page"}],"author":[{"embeddable":true,"href":"https:\/\/travelshelper.com\/es\/wp-json\/wp\/v2\/users\/1"}],"replies":[{"embeddable":true,"href":"https:\/\/travelshelper.com\/es\/wp-json\/wp\/v2\/comments?post=35452"}],"version-history":[{"count":0,"href":"https:\/\/travelshelper.com\/es\/wp-json\/wp\/v2\/pages\/35452\/revisions"}],"up":[{"embeddable":true,"href":"https:\/\/travelshelper.com\/es\/wp-json\/wp\/v2\/pages\/35335"}],"wp:featuredmedia":[{"embeddable":true,"href":"https:\/\/travelshelper.com\/es\/wp-json\/wp\/v2\/media\/35455"}],"wp:attachment":[{"href":"https:\/\/travelshelper.com\/es\/wp-json\/wp\/v2\/media?parent=35452"}],"curies":[{"name":"wp","href":"https:\/\/api.w.org\/{rel}","templated":true}]}}