{"id":35418,"date":"2024-11-30T21:45:41","date_gmt":"2024-11-30T21:45:41","guid":{"rendered":"https:\/\/travelshelper.com\/staging\/?page_id=35418"},"modified":"2026-03-11T01:22:03","modified_gmt":"2026-03-11T01:22:03","slug":"dinero-y-compras-en-bahrein","status":"publish","type":"page","link":"https:\/\/travelshelper.com\/es\/destinations\/asia\/bahrain\/money-shopping-in-bahrain\/","title":{"rendered":"Dinero y compras en Bar\u00e9in"},"content":{"rendered":"<p>Bar\u00e9in alberga modernos centros comerciales y zocos tradicionales, lo que garantiza que la isla pueda satisfacer todos los gustos de compra. En Bar\u00e9in, ir de compras es mucho m\u00e1s que un pasatiempo; es una forma de vida. Los viernes y s\u00e1bados, que conforman el fin de semana del Golfo, las zonas comerciales se llenan de turistas de todos los pa\u00edses en busca de ofertas, restaurantes y reuniones sociales.<\/p>\n\n\n\n<p>Si la alta costura y las marcas de dise\u00f1o resultan atractivas, parece que cada mes se inaugura un nuevo centro comercial. En cuanto a distribuci\u00f3n, dise\u00f1o y ambiente, cada hotel es \u00fanico. Al Seef es uno de los centros comerciales m\u00e1s grandes de la isla, pero Al A&#039;ali no se queda atr\u00e1s en cuanto a tama\u00f1o. Los centros comerciales Bahrain Mall, Dana Mall y Sitra Mall se encuentran en Sanabis, mientras que Sitra Mall est\u00e1 un poco m\u00e1s alejado del centro comercial principal. El extenso Bahrain City Centre tambi\u00e9n es un complejo recreativo totalmente equipado con dos hoteles, un parque acu\u00e1tico y un multicine.<\/p>\n\n\n\n<p>En el otro extremo, los zocos tradicionales son igual de agradables y ofrecen una variedad comparable de productos. Relajados y acogedores, ofrecen a los turistas una experiencia \u00fanica, adem\u00e1s de ofertas. El zoco de Manama es el m\u00e1s grande y popular, mientras que el zoco de Muharraq ofrece un aut\u00e9ntico ambiente rural dentro de la ciudad. El zoco iran\u00ed de Isa Town ofrece una amplia variedad de productos usados, baratijas e incluso un interesante mercado de aves. En Adilya, abundan los comerciantes de alfombras y los talleres artesanales que venden artesan\u00eda barein\u00ed.<\/p>\n\n\n\n<h2 class=\"wp-block-heading\">Dinero en Bahr\u00e9in<\/h2>\n\n\n\n<p>El dinar barein\u00ed (BD) es la moneda de Bar\u00e9in y se divide en 1000 fils. Un dinar vale casi tres d\u00f3lares (2,66 d\u00f3lares estadounidenses, para ser exactos, ya que el tipo de cambio es fijo), lo que lo convierte en una de las monedas m\u00e1s poderosas del mundo (solo superada por Kuwait), y esto puede ser dif\u00edcil de aceptar. Al parecer, el viaje en taxi de 10 dinares cuesta en realidad casi 27 d\u00f3lares, \u00a1y por lo tanto es una extorsi\u00f3n!<\/p>\n\n\n\n<p>El dinar es una moneda de libre convertibilidad, sin restricciones de importaci\u00f3n ni exportaci\u00f3n actualmente. Las denominaciones de las monedas son de 5 fils, 10 fils, 25 fils, 50 fils y 100 fils (es raro ver monedas de 500 fils, pero son v\u00e1lidas). Los billetes vienen en denominaciones de 500 fils (BD 1\/2), BD 1, BD 5, BD 10 y BD 20.<\/p>\n\n\n\n<p>El dinar est\u00e1 vinculado al riyal saud\u00ed a 1:10, y los riales se aceptan en casi todas partes con esa tasa. Sin embargo, es casi seguro que recibir\u00e1 el cambio en dinares, y los hoteles podr\u00edan intentar estafarle con una peque\u00f1a parte de su dinero. Si viene de Arabia Saudita, no es necesario cambiar dinero, pero deber\u00eda intentar deshacerse de los dinares sobrantes antes de salir del pa\u00eds, ya que son dif\u00edciles de cambiar en cualquier lugar, incluso en Arabia Saudita.<\/p>\n\n\n\n<h2 class=\"wp-block-heading\">Precios en Bar\u00e9in<\/h2>\n\n\n\n<p>Bar\u00e9in, al igual que otros pa\u00edses del Golfo, no es barato. Una buena comida puede costar unos BD 4.00, y alquilar un veh\u00edculo por 10-20 dls al d\u00eda es aceptable. Sin embargo, las tarifas de hotel pueden afectar tu presupuesto: una habitaci\u00f3n de hotel bastante normal podr\u00eda costar BD 50. Si quieres conseguir una buena oferta, evita ir a Bar\u00e9in para el evento anual de F\u00f3rmula 1 en abril. Los precios de los hoteles se triplicar\u00e1n. Durante la carrera, una habitaci\u00f3n en el Hotel Gulf puede costar m\u00e1s de BD 300 por noche.<\/p>\n\n\n\n<h2 class=\"wp-block-heading\">Compras en Bar\u00e9in<\/h2>\n\n\n\n<p>En Bahr\u00e9in hay muchos grandes centros comerciales con marcas internacionales y tiendas de lujo, boticas, supermercados, patios de comidas, caf\u00e9s tradicionales y modernos, \u00e1reas de juegos y salas de juego, teatros (3D y 2D) e incluso una puerta de entrada a un parque acu\u00e1tico.<\/p>\n\n\n\n<p>Una visita al zoco local es imprescindible. All\u00ed, podr\u00e1 regatear el precio de relojes Rolex, joyas y una variedad de otros art\u00edculos. Encontrar\u00e1 muchos sastres excepcionales en el zoco. Si se queda el tiempo suficiente (digamos, una semana), podr\u00e1 lucir su prenda favorita y replicarla con precisi\u00f3n en cualquier tela de la amplia selecci\u00f3n disponible.<\/p>\n\n\n\n<p>Bar\u00e9in es un pa\u00eds extremadamente caro. Sin embargo, mucha gente quiere llevarse recuerdos de este impresionante lugar. El famoso bazar \u00e1rabe tradicional deber\u00eda ser tu primera parada. All\u00ed podr\u00e1s comprar la mayor\u00eda de los recuerdos. Las coloridas galer\u00edas comerciales captar\u00e1n tu atenci\u00f3n al instante. Adem\u00e1s, los vendedores \u00e1rabes son excepcionalmente persuasivos. Sin duda, podr\u00e1n convencerte de comprar incluso el art\u00edculo m\u00e1s in\u00fatil.<\/p>\n\n\n\n<p>La ventaja de los mercados \u00e1rabes es la posibilidad de regatear. Es vital hacerlo, ya que la mayor\u00eda de los comerciantes fijan sus precios con la posibilidad de negociar. Si persistes, podr\u00e1s comprar un producto por el doble o incluso el triple del precio inicial. Regatear es un verdadero espect\u00e1culo. El comprador sale y regresa durante la transacci\u00f3n. El vendedor aprieta los pu\u00f1os y ajusta el precio. Adem\u00e1s, se puede regatear en peque\u00f1as tiendas privadas. Sin embargo, hacerlo en un gran centro comercial puede considerarse desagradable y desconsiderado.<\/p>\n\n\n\n<p>Bab Al Bahrain es el mercado m\u00e1s famoso de Bar\u00e9in. Se encuentra en Manama. Sus calles son estrechas y sinuosas. Pasear por ellas es como adentrarse en un aut\u00e9ntico cuento de hadas \u00e1rabe. Aqu\u00ed podr\u00e1 comprar recuerdos \u00fanicos, productos frescos, art\u00edculos tradicionales y especias. Tenga en cuenta que algunos productos se importan de China y son mucho m\u00e1s econ\u00f3micos que otros. Por lo tanto, si desea llevarse algo \u00e1rabe de recuerdo, es mejor elegirlo con cuidado y gastar un poco m\u00e1s en un recuerdo que valga la pena.<\/p>\n\n\n\n<p>El Zoco del Oro (Mercado del Oro) se encuentra en el coraz\u00f3n del vibrante paisaje urbano de Manama. Aqu\u00ed encontrar\u00e1 la m\u00e1s amplia selecci\u00f3n de joyas de oro, as\u00ed como otros metales preciosos y perlas. Podr\u00e1 comprar anillos, pulseras y otros art\u00edculos. Adem\u00e1s, encontrar\u00e1 productos \u00fanicos y especiales. Incluso con un presupuesto limitado, podr\u00e1 encontrar joyas chapadas en oro a un precio asequible. El Zoco del Oro es un lugar donde podr\u00e1 experimentar sensaciones inolvidables y maravillosas. Podr\u00e1 probarse cualquier joya, incluso si decide no comprarla.<\/p>\n\n\n\n<p>El centro comercial City Center es un destino popular tanto para locales como para turistas. Adem\u00e1s de recorrer las elegantes tiendas y hacer compras, tambi\u00e9n puede disfrutar de un refrigerio en un fant\u00e1stico restaurante y divertirse en el parque acu\u00e1tico. El centro comercial Capital Mall le sorprender\u00e1 no solo con sus productos \u00fanicos, sino tambi\u00e9n con la oportunidad de admirar el trabajo de artesanos barein\u00edes.<\/p>\n\n\n\n<p>Si viaja a Bar\u00e9in para ir de compras, tambi\u00e9n debe tener en cuenta el horario de las tiendas y los descansos de tres horas. Los vendedores empiezan a trabajar a las 9:00 a. m. y cierran sobre las 9:00 p. m. La semana laboral va de s\u00e1bado a jueves. El viernes suele ser un d\u00eda tranquilo para los minoristas. Hoy, las tiendas cierran a las 4:00 p. m.<\/p>\n\n\n\n<p>Al Muharraq es un reconocido centro comercial para viajeros que buscan una amplia gama de recuerdos. Aqu\u00ed encontrar\u00e1 una amplia variedad de especias, halva, caf\u00e9, dulces y otras delicias \u00e1rabes a precios muy asequibles. Sin embargo, se recomienda visitar este lugar con un gu\u00eda local. De lo contrario, podr\u00eda perderse. Asia Carpet &amp; Antiques es una tienda fascinante. Hay una variedad de alfombras y antig\u00fcedades inusuales disponibles para comprar.<\/p>\n\n\n\n<p>Despu\u00e9s de decidir d\u00f3nde comprar, deber\u00eda considerar qu\u00e9 le gustar\u00eda llevarse como recuerdo de su viaje. Los art\u00edculos m\u00e1s populares son los de estilo \u00e1rabe de alta calidad, como un traje de danza oriental, un par de zapatos con puntera curva u otra prenda de colores brillantes. En Oriente, la tela se ofrece en una amplia variedad, lo que le permite elegir la alternativa \u00f3ptima para cada tipo de costura. Las perlas tambi\u00e9n son muy populares debido a que se crean en Bar\u00e9in, a diferencia de muchos otros art\u00edculos que se importan con frecuencia. Entre los recuerdos populares que expresan la cultura y el ambiente de un pa\u00eds como Bar\u00e9in se incluyen pinturas, l\u00e1mparas, narguiles y cer\u00e1mica.<\/p>\n\n\n\n<h3 class=\"wp-block-heading\">Complejo comercial Al Aali<\/h3>\n\n\n\n<p><em>Carretera n.\u00b0 2819, Seef, Bar\u00e9in<\/em><\/p>\n\n\n\n<p>El Complejo Comercial Al Aali, ubicado en el sector empresarial de Seef, ofrece una experiencia de compras distintiva y sofisticada. Este exquisito entorno cumple con su promesa de glamour, moda y lujo atemporal con su entorno lujoso, ambiente sofisticado y una gran variedad de marcas de lujo.<\/p>\n\n\n\n<p>El complejo de 52.000 metros cuadrados se inaugur\u00f3 en 1996 como un destino comercial de lujo con un dise\u00f1o arquitect\u00f3nico distintivo que integra con elegancia la arquitectura contempor\u00e1nea con el estilo \u00e1rabe tradicional. La nueva ampliaci\u00f3n realza el componente m\u00e1s moderno del complejo, fusionando lo contempor\u00e1neo con lo hist\u00f3rico.<\/p>\n\n\n\n<p>El atrio central luce una espectacular marquesina de cristal que filtra la luz hacia el espacio comercial y crea un ambiente al aire libre que se extiende hasta el moderno ala Saraya. El complejo comercial Al A&#039;ali alberga negocios de muebles para el hogar, tiendas de regalos de lujo, comerciantes de perlas y un spa.<\/p>\n\n\n\n<h3 class=\"wp-block-heading\">Bab Al Bahrain<\/h3>\n\n\n\n<p><em>Direcci\u00f3n: 304 Bab Al Bahrain Ave<\/em><\/p>\n\n\n\n<p>Bab Al Bahrain se encuentra a la entrada del zoco de Manama, en Manama, la capital de Bar\u00e9in. Fue construido en 1949 y antiguamente albergaba oficinas administrativas gubernamentales. El hist\u00f3rico zoco de Manama se encuentra detr\u00e1s de Bab Al Bahrain.<\/p>\n\n\n\n<p>Se trata de una vibrante colecci\u00f3n de tiendas que venden una variedad de productos de todo el mundo, como telas, especias, incienso, fragancias, artesan\u00edas y recuerdos, adem\u00e1s de art\u00edculos m\u00e1s contempor\u00e1neos. El zoco de Manama tambi\u00e9n alberga una variedad de cafeter\u00edas cl\u00e1sicas. El zoco es un s\u00edmbolo de Bar\u00e9in; los visitantes sin duda disfrutar\u00e1n de su estancia.<\/p>\n\n\n\n<h3 class=\"wp-block-heading\">Centro comercial Dragon City de Bar\u00e9in<\/h3>\n\n\n\n<p><em>Direcci\u00f3n: Diyar Al-Muharraq<\/em><\/p>\n\n\n\n<p>Dragon City es el centro comercial mayorista y minorista m\u00e1s grande del Reino de Bahr\u00e9in, con m\u00e1s de 787 unidades comerciales.<\/p>\n\n\n\n<p>Dragon City se encuentra al suroeste de Diyar Al Muharraq, muy cerca del Aeropuerto Internacional de Bar\u00e9in, del vanguardista Puerto Khalifa Bin Salman y de Manama, la capital del Reino de Bar\u00e9in. Dragon City est\u00e1 repleta de elementos arquitect\u00f3nicos y culturales chinos y ofrece productos chinos de la m\u00e1s alta calidad a locales, comerciantes y turistas.<\/p>\n\n\n\n<h3 class=\"wp-block-heading\">Centro comercial Bahrain<\/h3>\n\n\n\n<p><em>Avenida 28, Sanabis, Bar\u00e9in<\/em><\/p>\n\n\n\n<p>El Centro Comercial Bahrain Mall es el principal destino de compras para familias en el coraz\u00f3n de la zona comercial de Bar\u00e9in. Es el principal destino de compras para familias y turistas de Bar\u00e9in, Arabia Saudita, Kuwait y Catar, ya que cuenta con m\u00e1s de 120 marcas internacionales y el primer hipermercado del pa\u00eds.<\/p>\n\n\n\n<p>La fachada de ladrillo rojo, que evoca un basti\u00f3n \u00e9tnico, encarna la renombrada cultura de Bar\u00e9in. Experimente la emoci\u00f3n de las compras de primera clase en un entorno tradicional. Las palmeras del desierto, las fuentes, las velas y las carpas de la Cancha Central representan la historia \u00e1rabe.<\/p>\n\n\n\n<h3 class=\"wp-block-heading\">Bloque 338<\/h3>\n\n\n\n<p><em>Carretera n.\u00b0 3831, Manama<\/em><\/p>\n\n\n\n<p>El bloque 338 es un encantador distrito peatonal lleno de restaurantes internacionales, galer\u00edas de arte y tiendas boutique, ubicado en el coraz\u00f3n de Manama.<\/p>\n\n\n\n<p>Block 338, conocido como el distrito gastron\u00f3mico m\u00e1s popular de Bar\u00e9in, ofrece una variedad de restaurantes para todos los gustos y edades, con opciones que van desde alta cocina hasta cocina tradicional barein\u00ed, e incluso una copa relajante. Adem\u00e1s de esta excepcional experiencia gastron\u00f3mica, Block 338 cuenta con una gran variedad de excelentes tiendas enclavadas en sus calles laterales y se ha convertido con los a\u00f1os en una zona pr\u00f3spera para los amantes del arte.<\/p>\n\n\n\n<p>El bloque 338 es conocido como el barrio gastron\u00f3mico m\u00e1s popular de Bahr\u00e9in, con una variedad de restaurantes que atraen a comensales de todas las edades y preferencias.<\/p>\n\n\n\n<h3 class=\"wp-block-heading\">Centro de la ciudad de Bar\u00e9in<\/h3>\n\n\n\n<p><em>AlSeef<\/em><\/p>\n\n\n\n<p>City Centre Bahrain es el destino comercial, de ocio y entretenimiento m\u00e1s popular de Bahr\u00e9in, con m\u00e1s de 13,5 millones de visitas al a\u00f1o.<\/p>\n\n\n\n<p>El centro de la ciudad de Bahr\u00e9in abarca m\u00e1s de 158.000 metros cuadrados de espacio comercial y cuenta con m\u00e1s de 340 marcas exclusivas y 60 establecimientos de restauraci\u00f3n, as\u00ed como empresas destacadas como el hipermercado Carrefour m\u00e1s grande del reino, Saks Fifth Avenue, Debenhams, Centrepoint, Pottery Barn y Home Centre.<\/p>\n\n\n\n<p>Las opciones integradas de entretenimiento familiar en el centro comercial incluyen un Cineco Cinema con 20 salas y un Magic Planet. Adem\u00e1s, el centro comercial se encuentra junto a dos hoteles de cinco estrellas: el Westin Hotel City Centre Bahrain y el Le Meridien Hotel City Centre Bahrain.<\/p>\n\n\n\n<h3 class=\"wp-block-heading\">Ciudad Dorada<\/h3>\n\n\n\n<p><em>Avenida del Gobierno, Manama<\/em><\/p>\n\n\n\n<p>Gold City, un ejemplo brillante de comercio minorista especializado, transporta a cada visitante a un zoco de oro contempor\u00e1neo. Galer\u00edas exclusivas dedicadas a metales preciosos y diversas piedras preciosas est\u00e1n disponibles para clientes exigentes. El mobiliario moderno, un personal amable y el servicio de valet parking gratuito hacen de Gold City un lugar \u00fanico. Aqu\u00ed, los clientes pueden entrar y comprar con confianza.<\/p>\n\n\n\n<p>Como pa\u00eds con una larga tradici\u00f3n comercial, el Reino de Bar\u00e9in contin\u00faa impulsando el sector aur\u00edfero. Las pol\u00edticas favorables a las empresas de Gold City y su f\u00e1cil acceso al Reino de Arabia Saudita y a otros pa\u00edses del CCG la convierten en un destino predilecto para las empresas de joyer\u00eda de marca que buscan establecerse en la zona.<\/p>\n\n\n\n<h3 class=\"wp-block-heading\">Centro comercial de Dilmunia<\/h3>\n\n\n\n<p><em>Isla Dilmunia<\/em><\/p>\n\n\n\n<p>Centro comercial de Dilmunia, un centro de compras, restaurantes de moda, entretenimiento en\u00e9rgico y juegos de aventura con una identidad distintiva.<\/p>\n\n\n\n<p>Combinando forma y funci\u00f3n, el Centro Comercial de Dilmunia est\u00e1 dise\u00f1ado para mejorar tus experiencias de compra habituales. Desde su dise\u00f1o elegante y sofisticado, su exuberante paisaje, su enorme canal y sus fuentes danzantes hasta el primer acuario real del Reino.<\/p>\n\n\n\n<p>Un tanque cil\u00edndrico colosal con una altura de m\u00e1s de diecisiete metros que albergar\u00e1 m\u00e1s de dos mil quinientas especies de peces marinos y corales, un maravilloso regalo visual y una fant\u00e1stica oportunidad educativa.<\/p>\n\n\n\n<h3 class=\"wp-block-heading\">MODA Mall<\/h3>\n\n\n\n<p><em>Centro de Comercio Mundial de Bar\u00e9in, Torre Oeste, 2.\u00ba piso, Manama, Bar\u00e9in<\/em><\/p>\n\n\n\n<p>MODA Mall es un destino ideal para compras y restaurantes, ideal para cualquier ocasi\u00f3n. Cuenta con la mayor colecci\u00f3n de marcas internacionales de lujo.<\/p>\n\n\n\n<p>MODA Mall es un destino comercial y gastron\u00f3mico ideal para cualquier ocasi\u00f3n, ubicado en el hist\u00f3rico Bahrain World Trade Center. MODA Mall ofrece la mayor cartera de marcas premium de dise\u00f1adores internacionales, con m\u00e1s de 80 marcas de moda, bajo un mismo techo en el Reino de Bar\u00e9in, lo que permite que todos se sientan especiales. MODA Mall debe sus inicios al antiguo Complejo Sheraton, con treinta a\u00f1os de historia de lujo.<\/p>\n\n\n\n<h3 class=\"wp-block-heading\">Zoco de Muharraq<\/h3>\n\n\n\n<p><em>Muharraq<\/em><\/p>\n\n\n\n<p>El zoco de Muharraq, m\u00e1s peque\u00f1o que el de Manama, ofrece una gran variedad de art\u00edculos y reconocidas confiter\u00edas. Al Qaisariya, la zona m\u00e1s antigua del zoco, ofrece una experiencia de compra encantadora. El zoco Al Qaisariya es un lugar clave de \u00abLa Perla, testimonio de una econom\u00eda insular\u00bb (Patrimonio de la Humanidad por la UNESCO).<\/p>\n\n\n\n<h3 class=\"wp-block-heading\">Centro comercial Sword<\/h3>\n\n\n\n<p><em>Distrito de Seef, Manama<\/em><\/p>\n\n\n\n<p>Seef Mall, el primer centro comercial aut\u00e9ntico de Bar\u00e9in, es ahora uno de los destinos de compras y entretenimiento m\u00e1s familiares del reino. Su arquitectura distintiva y sus espacios abiertos y luminosos invitan a los compradores a explorar y relajarse mientras exploran.<\/p>\n\n\n\n<p>El centro comercial goza de una ubicaci\u00f3n ideal en el distrito de Seef y atrae a numerosos visitantes cada semana, atra\u00eddos por la variedad de marcas de estilo de vida, tiendas, moda y joyer\u00eda de primer nivel, as\u00ed como por las opciones de entretenimiento para toda la familia. Seef Mall cuenta con 370 tiendas en una superficie total de 135.000 pies cuadrados. Con casi 72.000 pies cuadrados de superficie bruta alquilable, incluye, entre otras, M&amp;S, BHS, H&amp;M, Mango, Zara y Sun &amp; Sand Sport.<\/p>\n\n\n\n<p>En dos encantadores y espaciosos patios de comidas, 55 restaurantes, puestos de comida y cafeter\u00edas ofrecen una deliciosa variedad de opciones gastron\u00f3micas para todos los gustos. El parque tem\u00e1tico cubierto de Seef Mall, Magic Island, es una gran atracci\u00f3n para familias, ofreciendo una experiencia emocionante para grandes y peque\u00f1os. Mantiene a los ni\u00f1os entretenidos durante horas mientras sus padres compran, lo que lo convierte en el lugar perfecto para una salida familiar. Adem\u00e1s, Seef Mall alberga uno de los multicines m\u00e1s grandes de Oriente Medio, con un complejo de seis salas y un megaplex de diez; convenientemente ubicados junto a los patios de comidas, son un sue\u00f1o para los aficionados al cine.<\/p>\n\n\n\n<h3 class=\"wp-block-heading\">Centro comercial Seef Muharraq<\/h3>\n\n\n\n<p><em>Avenida 29, Arad<\/em><\/p>\n\n\n\n<p>El centro comercial Seef es reconocido por sus servicios de entretenimiento, especialmente para ni\u00f1os, quienes se divierten productivamente mientras sus padres compran, lo que lo convierte en un destino ideal para una salida familiar. Cuenta con una zona de juegos infantiles bien equipada, salas de cuidado de beb\u00e9s y el parque tem\u00e1tico cubierto Magic Island.<\/p>\n\n\n\n<p>Tambi\u00e9n cuenta con un cineplex Seef de seis pantallas y un megaplex Seef de diez pantallas, lo que lo convierte en uno de los multicines m\u00e1s grandes de Oriente Medio.<\/p>\n\n\n\n<h3 class=\"wp-block-heading\">Zoco Al Cesarea<\/h3>\n\n\n\n<p>El zoco Al Qaisariya es la secci\u00f3n m\u00e1s antigua del hist\u00f3rico zoco de Muharraq. Este zoco y sus alrededores constituyen el segundo sitio declarado Patrimonio Cultural de la Humanidad por la UNESCO en Bar\u00e9in. El zoco Al Qaisariya ofrece una experiencia de compras encantadora y pintoresca. Aqu\u00ed podr\u00e1 adquirir una amplia gama de productos aut\u00f3ctonos, como perlas naturales y especias. El zoco Al Qaisariya, parte del proyecto &#034;Perlas, testimonio de una econom\u00eda insular&#034;, funciona como una c\u00e1psula del tiempo que ofrece una mirada al pasado de Bar\u00e9in.<\/p>\n\n\n\n<p>Pase la tarde paseando por el zoco y el Sendero de las Perlas, de tres kil\u00f3metros de longitud. Puede concluir su recorrido por el Sendero de las Perlas con un refrigerio en Saffron by Jena, en el zoco Al Qaisariya, tras escuchar interesantes historias y experiencias sobre la antigua industria perlera barein\u00ed. El suelo de este restaurante tradicional barein\u00ed est\u00e1 decorado con una madbasa, un instrumento utilizado para exprimir d\u00e1tiles y obtener melaza. La madbasa, descubierta al inicio de la construcci\u00f3n, se ha conservado como un artefacto hist\u00f3rico.<\/p>\n\n\n\n<h3 class=\"wp-block-heading\">Las avenidas de Bahr\u00e9in<\/h3>\n\n\n\n<p><em>Bah\u00eda de Bahr\u00e9in, Manama<\/em><\/p>\n\n\n\n<p>The Avenues \u2013 Bahrain es el primer destino de compras y ocio de su tipo en el Reino de Bar\u00e9in, con una ubicaci\u00f3n privilegiada frente al mar que se extiende a lo largo de 1,5 kil\u00f3metros. El desarrollo introduce un nuevo concepto en el Reino con un dise\u00f1o inspirado en The Avenues Of Kuwait, que ofrece a los hu\u00e9spedes la sensaci\u00f3n de estar al aire libre mientras permanecen en el interior, protegidos del calor por un techo iluminado por el sol.<\/p>\n\n\n\n<p>El espacio de arrendamiento del proyecto es de aproximadamente 40.000 metros cuadrados y alberga 130 establecimientos, de los cuales el 50 % ser\u00e1n restaurantes y cafeter\u00edas con vistas a la bah\u00eda de Bar\u00e9in. Tambi\u00e9n cuenta con una amplia zona de ocio familiar con sala de juegos, 10 cines, parques p\u00fablicos, senderos peatonales y plazas de aparcamiento.<\/p>\n\n\n\n<p>La construcci\u00f3n de la Fase II del proyecto ha recibido la autorizaci\u00f3n oficial. Esto ofrecer\u00e1 30.000 metros cuadrados adicionales de espacio para arrendamiento, as\u00ed como nuevos barrios y un hotel de 210 habitaciones. Esto convertir\u00e1 a The Avenues \u2013 Bahrain en un lugar atractivo para los barein\u00edes, as\u00ed como para los turistas del CCG e internacionales que vienen a comprar, disfrutar del ocio y disfrutar de una estancia agradable.<\/p>","protected":false},"excerpt":{"rendered":"<p>Bar\u00e9in alberga modernos centros comerciales y zocos tradicionales, lo que garantiza que la isla pueda satisfacer todos los gustos de compra. En Bar\u00e9in, ir de compras es mucho m\u00e1s que un pasatiempo; es una forma de vida. Los viernes y s\u00e1bados, que conforman el fin de semana del Golfo, las zonas comerciales se llenan de turistas de todos los pa\u00edses en busca de ofertas, restaurantes y reuniones sociales.<\/p>","protected":false},"author":1,"featured_media":35420,"parent":35335,"menu_order":0,"comment_status":"closed","ping_status":"closed","template":"elementor_theme","meta":{"_eb_attr":"","footnotes":""},"class_list":["post-35418","page","type-page","status-publish","has-post-thumbnail"],"_links":{"self":[{"href":"https:\/\/travelshelper.com\/es\/wp-json\/wp\/v2\/pages\/35418","targetHints":{"allow":["GET"]}}],"collection":[{"href":"https:\/\/travelshelper.com\/es\/wp-json\/wp\/v2\/pages"}],"about":[{"href":"https:\/\/travelshelper.com\/es\/wp-json\/wp\/v2\/types\/page"}],"author":[{"embeddable":true,"href":"https:\/\/travelshelper.com\/es\/wp-json\/wp\/v2\/users\/1"}],"replies":[{"embeddable":true,"href":"https:\/\/travelshelper.com\/es\/wp-json\/wp\/v2\/comments?post=35418"}],"version-history":[{"count":0,"href":"https:\/\/travelshelper.com\/es\/wp-json\/wp\/v2\/pages\/35418\/revisions"}],"up":[{"embeddable":true,"href":"https:\/\/travelshelper.com\/es\/wp-json\/wp\/v2\/pages\/35335"}],"wp:featuredmedia":[{"embeddable":true,"href":"https:\/\/travelshelper.com\/es\/wp-json\/wp\/v2\/media\/35420"}],"wp:attachment":[{"href":"https:\/\/travelshelper.com\/es\/wp-json\/wp\/v2\/media?parent=35418"}],"curies":[{"name":"wp","href":"https:\/\/api.w.org\/{rel}","templated":true}]}}