{"id":35412,"date":"2024-11-30T21:37:11","date_gmt":"2024-11-30T21:37:11","guid":{"rendered":"https:\/\/travelshelper.com\/staging\/?page_id=35412"},"modified":"2026-03-11T02:09:09","modified_gmt":"2026-03-11T02:09:09","slug":"cosas-que-hacer-en-bahrein","status":"publish","type":"page","link":"https:\/\/travelshelper.com\/es\/destinations\/asia\/bahrain\/things-to-do-in-bahrain\/","title":{"rendered":"Cosas que hacer en Bahr\u00e9in"},"content":{"rendered":"<p>El Gran Premio de Bar\u00e9in de F\u00f3rmula 1, que se celebra en abril en el Circuito Internacional de Bar\u00e9in, es el evento anual m\u00e1s importante de Bar\u00e9in. Planifique con antelaci\u00f3n, ya que las entradas est\u00e1n agotadas y los precios de los hoteles se han disparado. Normalmente, las primeras reservas ofrecen descuentos de entre el 10 % y el 20 %. Dependiendo de la tribuna, las entradas cuestan entre BD 150 y BD 60.<\/p>\n\n\n\n<p>El buceo es cada vez m\u00e1s popular en Bar\u00e9in. Aqu\u00ed, existen numerosos centros de buceo. Las c\u00e1lidas aguas costeras rebosan de vida acu\u00e1tica. Existen alrededor de 400 especies de peces. Tambi\u00e9n hay cientos de especies de coral que sustentan la vida marina. Las aguas del norte albergan una mayor biodiversidad. Sin embargo, los manat\u00edes est\u00e1n presentes en el sur de Estados Unidos. El buceo recreativo, derivado del t\u00e9rmino &#034;naufragio&#034;, tambi\u00e9n es com\u00fan. Hay numerosos naufragios de diversas \u00e9pocas cerca de la costa. Tambi\u00e9n es popular en el norte el buceo a la deriva. Este es un ejemplo de buceo con corrientes. Tambi\u00e9n son comunes la pesca de perlas y la recolecci\u00f3n de esponjas.<\/p>\n\n\n\n<p>Las perlas producidas en Bar\u00e9in son las m\u00e1s finas del mundo. La probabilidad de descubrir una ostra con una perla es muy alta: aproximadamente 1 entre 100. Puedes quedarte con todo el bot\u00edn. Incluso en invierno, la alta temperatura del agua (20 \u00b0C) permite bucear durante todo el a\u00f1o. Sin embargo, de junio a septiembre es la \u00e9poca \u00f3ptima para esta actividad. Actualmente no hay corrientes significativas. En Bar\u00e9in hay escuelas de surf. La costa y las condiciones clim\u00e1ticas son ideales para esta actividad. Los mejores lugares se encuentran en el norte, cerca de la capital. El kitesurf es otro deporte popular.<\/p>\n\n\n\n<p>Bar\u00e9in ha sido el centro neur\u00e1lgico de Oriente Medio durante siglos. De nada sirve visitar el pa\u00eds si no se desea ver al menos una de las riquezas culturales del Reino. El maravilloso Museo Nacional de Bar\u00e9in es un excelente punto de partida para los aventureros. Tambi\u00e9n se puede visitar el legado de perlas de Muharraq, que alberga varias antiguas mansiones reales y establecimientos comerciales.<\/p>\n\n\n\n<p>Bar\u00e9in ofrece una oportunidad \u00fanica para montar caballos \u00e1rabes de pura raza. Esta es una de las razas de caballos m\u00e1s antiguas, criada en la Pen\u00ednsula Ar\u00e1biga entre los siglos IV y VI. Tienen un ritmo de crecimiento moderado, pero son incre\u00edblemente elegantes y hermosos. A lo largo de la costa y en el desierto, numerosos establos y centros de equitaci\u00f3n ofrecen paseos a caballo. Los amantes de la velocidad pueden recorrer el desierto en jeep, tanto como pasajero como conductor. Un viaje a cualquier pa\u00eds \u00e1rabe est\u00e1 incompleto sin un paseo en camello. En Bar\u00e9in, tambi\u00e9n es una forma de entretenimiento popular. Por ejemplo, se puede montar en camello hasta el famoso \u00c1rbol de la Vida.<\/p>\n\n\n\n<p>Hacer glamping en el desierto es una actividad local muy inusual. La palabra se compone de dos conceptos aparentemente contradictorios: &#034;camping&#034; y &#034;glamoroso&#034;. En una hermosa tienda de campa\u00f1a con wifi, muebles lujosos y colchones, cualquiera puede sentirse como Lawrence de Arabia. Numerosos negocios ofrecen estos servicios en diversas zonas. Hay ba\u00f1os, zonas de juegos y un televisor a disposici\u00f3n de los turistas. Este servicio es muy popular, por lo que conviene reservar con antelaci\u00f3n. De noviembre a marzo es la \u00e9poca ideal para hacer glamping.<\/p>\n\n\n\n<p>En Bar\u00e9in, el senderismo y el trekking son actividades poco comunes. Las islas son pr\u00e1cticamente planas. La cima se encuentra a tan solo 122 metros sobre el nivel del mar. Sin embargo, la costa tiene una longitud de 160 kil\u00f3metros. Por lo tanto, el trekking se compone de rutas costeras. Adem\u00e1s, existen rutas en el norte, cerca de Al Qurayyah. Su nivel de dificultad var\u00eda. Hay m\u00e1s senderos alrededor de Madnat Isa. En el Reino, no hay verdaderas monta\u00f1as ni colinas. Sin embargo, el ciclismo de monta\u00f1a sigue siendo popular. Se puede acceder a Manama en bicicleta de monta\u00f1a para excursiones de un d\u00eda. La capital ofrece servicios de alquiler de equipos.<\/p>\n\n\n\n<p>Las c\u00e1lidas y poco profundas aguas costeras est\u00e1n repletas de peces. Existen alrededor de 300 especies. La pesca es popular entre los bahrein\u00edes, tanto nativos como extranjeros. Aqu\u00ed encontrar\u00e1 peces loro, peces \u00e1ngel, meros, barracudas, peces payaso y otras criaturas de los arrecifes tropicales. Hoteles y empresas tur\u00edsticas organizan excursiones de pesca. Hay pocas playas donde se puedan practicar actividades al aire libre. Sin embargo, son excelentes: amplias, espaciosas, con arena fina y la infraestructura necesaria. No abuse de la indulgencia de los bahrein\u00edes hacia los turistas. En las playas p\u00fablicas no pertenecientes a hoteles, no se recomienda usar trajes de ba\u00f1o con la espalda demasiado escotada. No se recomienda que los hombres usen ba\u00f1adores cortos. Los ba\u00f1adores deben usarse con pantalones cortos.<\/p>\n\n\n\n<p>La playa Bahrain Al es un destino popular para vacaciones familiares, especialmente para ni\u00f1os peque\u00f1os. La playa Amwaj en Bar\u00e9in es un lugar ideal para practicar kitesurf. Tambi\u00e9n es popular entre los aficionados a las motos acu\u00e1ticas. Otros viajeros pueden encontrar esta zona algo bulliciosa. El Fuerte Arad de Bar\u00e9in es una peque\u00f1a playa situada cerca de un antiguo fuerte. Entre las actividades m\u00e1s populares se incluyen picnics, senderismo y juegos de playa. Al atardecer, la playa Bahrain Hidd ofrece una espectacular vista de Manama. Adem\u00e1s, los picnics en la playa son m\u00e1s comunes que nadar. Bahrain Jazair es una playa de un kil\u00f3metro de longitud muy conocida entre los lugare\u00f1os. Aqu\u00ed, los ni\u00f1os encontrar\u00e1n mucha diversi\u00f3n. En la playa se pueden alquilar varios equipos. Bahrain Karbabad es un hermoso lugar cerca del Fuerte de Bar\u00e9in.<\/p>\n\n\n\n<p>La respuesta del Reino de Bar\u00e9in a la conservaci\u00f3n de la vida silvestre en Oriente Medio fue la creaci\u00f3n del Parque de Vida Silvestre Al Areen. Se esperaba que la creaci\u00f3n de dicha reserva impulsara iniciativas similares en otras naciones de la regi\u00f3n. Este santuario de vida silvestre se construy\u00f3 para proteger animales \u00e1rabes raros, como el \u00f3rix, el adax y la gacela reem. Es ideal para amantes de los animales y familias. Se puede explorar y observar a las criaturas en su h\u00e1bitat natural. Aqu\u00ed, los turistas podr\u00e1n disfrutar de un tiempo de ocio instructivo y montar a caballo.<\/p>\n\n\n\n<p>El Hotel Ramee Rose alberga una de las mejores discotecas de Bar\u00e9in. La pista de baile suele estar abarrotada los fines de semana. Para mayor atractivo, se ofrecen bebidas gratuitas para las mujeres y happy hours extendidos para los hu\u00e9spedes. Los turistas pueden disfrutar de discotecas con brillantes letreros de ne\u00f3n. El club Ramee Grand es el epicentro de la vida nocturna en Bar\u00e9in. Se est\u00e1 convirtiendo en un destino cada vez m\u00e1s popular entre los expatriados para relajarse por la noche.<\/p>\n\n\n\n<p>La vida nocturna del pa\u00eds ofrece opciones para todos los gustos. La isla se encuentra frente a la costa este de Arabia Saudita, lo que la convierte en un destino popular para viajeros de Estados Unidos, Europa y Oriente Medio. Ciudades saud\u00edes como Dhahran y al-Khobar se encuentran cerca de la oficina del comandante del rey Fahd, que conecta Arabia Saudita con Bar\u00e9in. Esto facilita el acceso a la isla. El estado combina clubes y pubs que reflejan las diversas nacionalidades de la regi\u00f3n. Adem\u00e1s, la isla es popular entre los turistas, ya que se permite el consumo de alcohol.<\/p>\n\n\n\n<p>La Primavera Cultural es un evento muy concurrido. Se permitir\u00e1 a los visitantes extranjeros participar en la m\u00fasica nacional. La isla celebra festivales de danza durante esta \u00e9poca. Por la noche, los invitados pueden competir para ser el mejor cantante o int\u00e9rprete de danzas latinoamericanas. Esta es la celebraci\u00f3n cultural m\u00e1s vibrante del Golfo P\u00e9rsico. A lo largo del mes, artistas y autores de todo el mundo celebran juntos todas las festividades culturales. Tradicionalmente, la programaci\u00f3n es tan completa que los asistentes deben reservar sus asientos con meses de anticipaci\u00f3n.<\/p>\n\n\n\n<h2 class=\"wp-block-heading\">Parque Adhari<\/h2>\n\n\n\n<p><em>Bloque de carretera Ain Adhari 388, Edificio 111, Reino de Bar\u00e9in<\/em><\/p>\n\n\n\n<p>Adhari Park es un parque de atracciones en el Reino de Bahr\u00e9in centrado en el antiguo manantial de agua dulce Ain Adari.<\/p>\n\n\n\n<p>El Parque Adhari es un nuevo destino tur\u00edstico en Bar\u00e9in, ubicado cerca del Parque Nacional Adhari. Su objetivo es convertirse en la principal atracci\u00f3n familiar del CCG, con 38 emocionantes atracciones al aire libre y bajo techo para personas de todas las edades, un Centro de Entretenimiento Familiar, 10 puestos de comida en el Patio de Comidas, opciones para cenar en un restaurante, cafeter\u00edas y mucho m\u00e1s.<\/p>\n\n\n\n<h2 class=\"wp-block-heading\">Parque y reserva de vida silvestre Al Areen<\/h2>\n\n\n\n<p><em>PO Box 28690, Reino de Bahrein<\/em><\/p>\n\n\n\n<p>En la Reserva de Vida Silvestre Al Areen de Bar\u00e9in, se han conservado y cultivado especies de plantas y animales durante m\u00e1s de tres d\u00e9cadas. Observe diversos animales, aves y plantas del desierto en su h\u00e1bitat natural. Pasee por el parque y observe de cerca a las aves aut\u00f3ctonas en libertad. O bien, haga un viaje en autob\u00fas para conocer todas las especies expuestas, como el leopardo \u00e1rabe, el avestruz, la gacela \u00e1rabe, el \u00f3rix y muchas otras.<\/p>\n\n\n\n<h2 class=\"wp-block-heading\">Circuito Internacional de Bar\u00e9in<\/h2>\n\n\n\n<p><em>Puerta 255, Avenida del Golfo de Bahr\u00e9in, Umm Jidar 1062, Sakhir, Bahr\u00e9in<\/em><\/p>\n\n\n\n<p>El Circuito Internacional de Bar\u00e9in (BIC) es un recinto de vanguardia para el automovilismo, ubicado en pleno desierto de Sakhir. El circuito fue dise\u00f1ado por el reconocido ingeniero alem\u00e1n Hermann Tilke e incorpora numerosos elementos culturales locales.<\/p>\n\n\n\n<p>Se necesitaron menos de 18 meses para construir la instalaci\u00f3n completa, lo que cost\u00f3 alrededor de 150 millones de d\u00f3lares y requiri\u00f3 una iniciativa importante para desarrollar el \u00e1rea.<\/p>\n\n\n\n<p>El BIC cuenta con m\u00e1s trazados de pista certificados por la FIA que cualquier otra instalaci\u00f3n del mundo. Esto le permite albergar una variedad de eventos de carreras de autos. El circuito de Grand Prix de 5412 metros alberga con frecuencia competiciones internacionales, como el Gran Premio Gulf Air de Bar\u00e9in de F\u00f3rmula 1, las Seis Horas de Bar\u00e9in del Campeonato Mundial de Resistencia de la FIA, carreras de la GP2 Series y la Porsche Mobil 1 Supercup.<\/p>\n\n\n\n<h2 class=\"wp-block-heading\">Gravedad<\/h2>\n\n\n\n<p><em>Edificio 234, Avenida 62, Zallaq 1058 Bahrein<\/em><\/p>\n\n\n\n<p>El primer paracaidismo bajo techo en Bahr\u00e9in.<\/p>\n\n\n\n<p>La sensaci\u00f3n de ca\u00edda libre en uno de los t\u00faneles de viento m\u00e1s altos, creado con vidrio templado y de 12 metros de altura, es imposible de resistir.<\/p>\n\n\n\n<p>Salta como si saltaras de un avi\u00f3n, pero sin paraca\u00eddas y sin siquiera subirte a \u00e9l. Todos pueden disfrutar de esta experiencia de vuelo corporal, excepto quienes no est\u00e9n dispuestos a embarcarse en un viaje que les cambie la vida.<\/p>\n\n\n\n<p>Podemos garantizar que usted vivir\u00e1 una experiencia incre\u00edble y extraordinaria.<\/p>\n\n\n\n<h2 class=\"wp-block-heading\">Islas Dar<\/h2>\n\n\n\n<p><em>1005 Puerto pesquero de Sitra, Sitra, Reino de Bahrein<\/em><\/p>\n\n\n\n<p>El balneario de la isla Al Dar ofrece excursiones regulares de buceo de perlas y cruceros a la isla Jarada, donde podr\u00e1 tomar el sol en solitario en una lengua de arena blanca y flotar en sus aguas cristalinas. Adem\u00e1s de perlas, es posible observar hasta 30 especies de coral y m\u00e1s de 200 especies de peces. Observar delfines entre los diversos arrecifes de coral cercanos es otra actividad popular, y los mejores momentos para avistarlos son al amanecer o al atardecer.<\/p>\n\n\n\n<p>Una excursi\u00f3n de un d\u00eda a los arrecifes de perlas es muy agradable. Para una experiencia m\u00e1s aut\u00e9ntica, puedes dar un paseo en dhow. Podr\u00e1s probar la cocina \u00e1rabe, y los buscadores de perlas te deleitar\u00e1n con historias marineras.<\/p>\n\n\n\n<p>Los amantes de la vida silvestre deben tomar el ferry de 45 minutos desde el embarcadero de Al Dur hasta la isla de Hawar. Las islas de Hawar son consideradas una reserva natural de importancia internacional y ofrecen una playa limpia y la oportunidad de observar delfines y aves poco comunes gracias a su ubicaci\u00f3n en el centro de su ruta migratoria.<\/p>\n\n\n\n<h2 class=\"wp-block-heading\">Islas Hawar<\/h2>\n\n\n\n<p><em>Islas Hawar<\/em><\/p>\n\n\n\n<p>Bar\u00e9in controla las Islas Hawar, un archipi\u00e9lago de islas des\u00e9rticas en el Golfo de Bar\u00e9in, en el Golfo P\u00e9rsico. Los amantes de la vida silvestre deben tomar el ferry de 45 minutos desde el embarcadero de Al Dar hasta la isla de Hawar.<\/p>\n\n\n\n<p>Las islas Hawar est\u00e1n consideradas un refugio natural de importancia internacional, ofreciendo playas v\u00edrgenes y la oportunidad de observar delfines y especies poco comunes en medio de su ruta migratoria.<\/p>\n\n\n\n<h2 class=\"wp-block-heading\">Karting (BIKC)<\/h2>\n\n\n\n<p><em>Puerta 255, Avenida del Golfo de Bar\u00e9in, Umm Jidar 1062<\/em><\/p>\n\n\n\n<p>El Circuito Internacional de Karting de Bar\u00e9in (BIKC) es una instalaci\u00f3n de vanguardia y de clase mundial que se centra en las bases del automovilismo. En el BIKC, los futuros pilotos experimentan por primera vez la aut\u00e9ntica emoci\u00f3n del automovilismo. El BIKC cumple con las m\u00e1s altas especificaciones internacionales. Es capaz de albergar campeonatos mundiales de la Comisi\u00f3n Internacional de Karting-F\u00e9d\u00e9ration Internationale de l&#039;Automobile (CIK-FIA). En 2012, el BIKC se convirti\u00f3 en la primera pista de karting del mundo en albergar un evento de categor\u00eda mundial.<\/p>\n\n\n\n<p>El circuito CIK tiene 1414 kil\u00f3metros de longitud y 14 curvas. El Campeonato Mundial Sub-18 CIK-FIA y el Trofeo de la Academia, que se celebraron en Bar\u00e9in por primera vez en 2012, y el Campeonato Mundial CIK-FIA m\u00e1s reciente estaban programados para celebrarse all\u00ed. El BIKC ofrece diversas actividades de team building, tanto para aficionados al karting como para empresas, incluyendo experiencias de Gran Premio y Resistencia inspiradas en la F\u00f3rmula 1. El circuito est\u00e1 equipado con iluminaci\u00f3n de 200 lux, lo que permite tambi\u00e9n albergar carreras nocturnas.<\/p>\n\n\n\n<h2 class=\"wp-block-heading\">El para\u00edso perdido de Dilmun<\/h2>\n\n\n\n<p><em>Puerta 255, Avenida del Golfo de Bar\u00e9in, Umm Jidar 1062<\/em><\/p>\n\n\n\n<p>El Para\u00edso Perdido de Dilmun es actualmente el parque acu\u00e1tico m\u00e1s grande de Bar\u00e9in, con una superficie total de aproximadamente 77.000 metros cuadrados, una superficie construida de aproximadamente 45.000 metros cuadrados y aproximadamente 20.000 metros cuadrados. Cada componente del parque se centra en la historia del periodo Dilmun, como lo demuestran sus distintivas esculturas de piedra y arquitectura. M\u00e1s de 18 toboganes y atracciones se integran a la perfecci\u00f3n para crear un oasis en el desierto y un jard\u00edn de ensue\u00f1o para el disfrute de los visitantes.<\/p>\n\n\n\n<h2 class=\"wp-block-heading\">Playa de Marassi<\/h2>\n\n\n\n<p><em>Ciudad de Al Muharraq<\/em><\/p>\n\n\n\n<p>Dos kil\u00f3metros de playas de arena blanca conforman la Playa Marassi, una atracci\u00f3n para disfrutar al aire libre. Es el primer food truck de Bar\u00e9in, que ofrece sabores internacionales y locales de emprendedores independientes. Adem\u00e1s de una zona de juegos infantiles y un sendero para correr junto al agua, la Playa Marassi cuenta con un parque infantil.<\/p>\n\n\n\n<p>Se anuncian con frecuencia numerosos eventos de fin de semana, como mercados temporales, pel\u00edculas al aire libre y juegos infantiles. Todos los servicios e instalaciones de la playa de Marassi son de la m\u00e1s alta calidad y est\u00e1n impecablemente limpios, y la entrada diaria para adultos cuesta BD2. Este pago se puede canjear parcialmente por tumbonas, sombrillas y toallas.<\/p>\n\n\n\n<h2 class=\"wp-block-heading\">Club de Golf Real<\/h2>\n\n\n\n<p><em>Carretera Al Muaskar, Riffa, Bar\u00e9in<\/em><\/p>\n\n\n\n<p>Dos kil\u00f3metros de playas de arena blanca conforman la Playa Marassi, una atracci\u00f3n para disfrutar al aire libre. Es el primer food truck de Bar\u00e9in, que ofrece sabores internacionales y locales de emprendedores independientes. Adem\u00e1s de una zona de juegos infantiles y un sendero para correr junto al agua, la Playa Marassi cuenta con un parque infantil.<\/p>\n\n\n\n<p>Se anuncian con frecuencia numerosos eventos de fin de semana, como mercados temporales, pel\u00edculas al aire libre y juegos infantiles. Todos los servicios e instalaciones de la playa de Marassi son de la m\u00e1s alta calidad y est\u00e1n impecablemente limpios, y la entrada diaria para adultos cuesta BD2. Este pago se puede canjear parcialmente por tumbonas, sombrillas y toallas.<\/p>","protected":false},"excerpt":{"rendered":"<p>El Gran Premio de Bar\u00e9in de F\u00f3rmula 1, que se celebra en abril en el Circuito Internacional de Bar\u00e9in, es el evento anual m\u00e1s importante de Bar\u00e9in. Planifique con antelaci\u00f3n, ya que las entradas est\u00e1n agotadas y los precios de los hoteles se han disparado. Normalmente, las primeras reservas ofrecen descuentos de entre el 10 % y el 20 %. Dependiendo de la tribuna, las entradas cuestan entre BD 150 y BD 60.<\/p>","protected":false},"author":1,"featured_media":35414,"parent":35335,"menu_order":0,"comment_status":"closed","ping_status":"closed","template":"elementor_theme","meta":{"_eb_attr":"","footnotes":""},"class_list":["post-35412","page","type-page","status-publish","has-post-thumbnail"],"_links":{"self":[{"href":"https:\/\/travelshelper.com\/es\/wp-json\/wp\/v2\/pages\/35412","targetHints":{"allow":["GET"]}}],"collection":[{"href":"https:\/\/travelshelper.com\/es\/wp-json\/wp\/v2\/pages"}],"about":[{"href":"https:\/\/travelshelper.com\/es\/wp-json\/wp\/v2\/types\/page"}],"author":[{"embeddable":true,"href":"https:\/\/travelshelper.com\/es\/wp-json\/wp\/v2\/users\/1"}],"replies":[{"embeddable":true,"href":"https:\/\/travelshelper.com\/es\/wp-json\/wp\/v2\/comments?post=35412"}],"version-history":[{"count":0,"href":"https:\/\/travelshelper.com\/es\/wp-json\/wp\/v2\/pages\/35412\/revisions"}],"up":[{"embeddable":true,"href":"https:\/\/travelshelper.com\/es\/wp-json\/wp\/v2\/pages\/35335"}],"wp:featuredmedia":[{"embeddable":true,"href":"https:\/\/travelshelper.com\/es\/wp-json\/wp\/v2\/media\/35414"}],"wp:attachment":[{"href":"https:\/\/travelshelper.com\/es\/wp-json\/wp\/v2\/media?parent=35412"}],"curies":[{"name":"wp","href":"https:\/\/api.w.org\/{rel}","templated":true}]}}