{"id":35405,"date":"2024-11-30T21:18:48","date_gmt":"2024-11-30T21:18:48","guid":{"rendered":"https:\/\/travelshelper.com\/staging\/?page_id=35405"},"modified":"2026-03-11T02:08:23","modified_gmt":"2026-03-11T02:08:23","slug":"cosas-que-ver-en-bahrein","status":"publish","type":"page","link":"https:\/\/travelshelper.com\/es\/destinations\/asia\/bahrain\/things-to-see-in-bahrain\/","title":{"rendered":"Cosas que ver en Bahr\u00e9in"},"content":{"rendered":"<p>Bar\u00e9in es una naci\u00f3n insular con una rica historia milenaria que ofrece una combinaci\u00f3n \u00fanica de excursiones culturales, entretenimiento y recreaci\u00f3n. El primer estado de la regi\u00f3n existi\u00f3 ya en el tercer milenio a. C. En diversas \u00e9pocas de la historia, el territorio perteneci\u00f3 al reino sas\u00e1nida, al califato \u00e1rabe, a Portugal e Ir\u00e1n. La naci\u00f3n estuvo bajo protectorado brit\u00e1nico durante un tiempo. Todas estas etapas hist\u00f3ricas han dejado su huella en el paisaje del pa\u00eds. Por lo tanto, existen numerosos atractivos tur\u00edsticos.<\/p>\n\n\n\n<p>Seg\u00fan numerosos arque\u00f3logos, las islas albergaron antiguamente el estado de Dilmun. Los sumerios cre\u00edan que este era el origen de la civilizaci\u00f3n. Qal&#039;at al-Bahrain es el sitio donde se encuentran los vestigios de esta antigua cultura. Los cient\u00edficos han descubierto calles, templos, tiendas y palacios de casi 4.000 a\u00f1os de antig\u00fcedad enterrados bajo numerosos estratos culturales, incluido el castillo portugu\u00e9s. Hoy en d\u00eda, la excavaci\u00f3n contin\u00faa. Hoy en d\u00eda, aproximadamente una cuarta parte de la regi\u00f3n es accesible. En la cima de la colina se alza un castillo portugu\u00e9s llamado Qal&#039;at al-Burtughal. Data del siglo XVII. La fortificaci\u00f3n a\u00fan se conserva en perfecto estado.<\/p>\n\n\n\n<p>En el norte se encuentran varias regiones que albergan vastas necr\u00f3polis de la civilizaci\u00f3n Umm Al Nar, de la Edad de Bronce. Estas son las necr\u00f3polis antiguas m\u00e1s grandes que han sobrevivido hasta nuestros d\u00edas. Las tumbas de piedra tienen un di\u00e1metro de entre 4,5 y 9 metros y una altura de entre 1 y 2 metros. En ellas se descubrieron cer\u00e1mica, sellos de piedra o concha, armas y artefactos \u00f3seos. M\u00e1s de cien mil de estas tumbas se encuentran en el territorio de Bar\u00e9in. El Templo de Manama Saar y las tumbas adyacentes datan del mismo per\u00edodo hist\u00f3rico.<\/p>\n\n\n\n<p>Los portugueses tambi\u00e9n erigieron el Fuerte Abu Mahir. Es una de las numerosas fortificaciones que proteg\u00edan las rutas comerciales mar\u00edtimas. La fortificaci\u00f3n se encuentra en mal estado. Sin embargo, se puede acceder al museo en sus terrenos. Adem\u00e1s de la historia de la estructura, tambi\u00e9n podr\u00e1 aprender sobre la historia de la extracci\u00f3n de perlas en Bar\u00e9in.<\/p>\n\n\n\n<p>Shajarat al-Hayat, a menudo conocido como el \u00c1rbol de la Vida, es un \u00e1rbol de aproximadamente 400 a\u00f1os. Sorprende que crezca de forma independiente en el desierto. Numerosas historias y suposiciones se extienden por el lugar. Se le considera el \u00faltimo \u00e1rbol del Jard\u00edn del Ed\u00e9n. Adem\u00e1s, se cree que un r\u00edo subterr\u00e1neo nutre sus ra\u00edces. Pertenece a la subespecie Mimosa de la especie Prosopis cineraria. Estos \u00e1rboles pueden tolerar temperaturas de hasta 10 \u00b0C sin requerir mucha agua. Tambi\u00e9n puede sobrevivir en suelos salinos. Sus ra\u00edces alcanzan grandes profundidades (decenas de metros) y pueden absorber incluso cantidades m\u00ednimas de agua. Las hojas absorben la humedad del entorno.<\/p>\n\n\n\n<p>El Fuerte de Arad se construy\u00f3 en el siglo XV para defender la isla de Muharraq. Su estilo se asemeja al de las fortificaciones \u00e1rabes. Es cuadrado y compacto. En sus cuatro esquinas se alzan torres cil\u00edndricas. Era ideal para la defensa y la observaci\u00f3n costera. Recientemente, se llev\u00f3 a cabo una reconstrucci\u00f3n a gran escala. Por la noche, la hist\u00f3rica fortificaci\u00f3n se ilumina, ofreciendo una vista impresionante. El Fuerte de Riffa se construy\u00f3 en 1812. Sin embargo, algunos arque\u00f3logos datan su fundaci\u00f3n en el siglo XVII. La ciudadela fue la residencia del jeque Salman bin Ahmed. All\u00ed se ubicaban otras agencias gubernamentales. Isa ibn Ali Al Khalifa, uno de los gobernantes de Bar\u00e9in, naci\u00f3 en la fortaleza.<\/p>\n\n\n\n<p>La residencia de Isa ibn Ali Al Khalifa es un magn\u00edfico ejemplo de residencia real. Est\u00e1 construida al estilo \u00e1rabe cl\u00e1sico. Cuenta con un sistema de refrigeraci\u00f3n. Se trata de una torre de viento que suministraba aire fr\u00edo al edificio. La torre permanec\u00eda cerrada durante el invierno. Arcos, muebles de madera, puertas, techos y vidrieras adornan los interiores.<\/p>\n\n\n\n<p>La Mezquita de Al-Fatih es una de las m\u00e1s grandes del mundo. Su c\u00fapula principal est\u00e1 hecha de fibra de vidrio. Es una aut\u00e9ntica obra maestra de la ingenier\u00eda. Su estructura es moderna. Su construcci\u00f3n se complet\u00f3 en 1987. La entrada est\u00e1 cerrada los viernes (d\u00eda sagrado para los musulmanes) y otras festividades religiosas. La mezquita de Al-Khamis es la estructura religiosa m\u00e1s antigua del pa\u00eds. Se cree que la primera piedra de los cimientos del templo se coloc\u00f3 en el siglo VII. La mezquita ha sido renovada en numerosas ocasiones. Sus componentes m\u00e1s antiguos datan del siglo XIV. Como mihrab se utiliza una losa del siglo XII (un nicho que indica la direcci\u00f3n hacia La Meca).<\/p>\n\n\n\n<p>Little India es un barrio de Manama que se parece m\u00e1s a Delhi que a la capital de Bar\u00e9in. Aqu\u00ed se encuentra el Templo de Krishna, con m\u00e1s de doscientos a\u00f1os de antig\u00fcedad. Hay numerosas casas antiguas de madera de la India, tiendas de regalos y cafeter\u00edas. Los peque\u00f1os ca\u00f1ones de Al-Bahar son un atractivo natural. Formaciones rocosas doradas de formas asombrosas que sirven de h\u00e1bitat invernal a numerosas aves.<\/p>\n\n\n\n<p>Wahooo es uno de los parques acu\u00e1ticos m\u00e1s innovadores y modernos de Oriente Medio. Supera los 15.000 metros cuadrados. Con juegos, atracciones, toboganes y piscinas, el parque acu\u00e1tico atrae a millones de personas. Su dise\u00f1o es un para\u00edso subtropical. En el centro se encuentra una goleta fondeada. Es un lugar maravilloso para personas de todas las edades. El 30% de los eventos se realizan al aire libre y el 70% en interiores. Esto garantiza una visita placentera independientemente del clima. Adem\u00e1s, al estar ubicado en el centro de la ciudad, los visitantes podr\u00e1n pasear por sus numerosas tiendas. Tendr\u00e1n la oportunidad de dedicar unas horas a ir de compras o a cenar en un restaurante de cocina regional.<\/p>\n\n\n\n<p>El Reino de las Aves de Asia es un h\u00e1bitat gestionado de forma singular. Aqu\u00ed residen m\u00e1s de setenta especies de aves de todo el mundo. Cuenta con 500 empleados. Algunas de estas especies est\u00e1n amenazadas. Para contribuir a su conservaci\u00f3n, se cr\u00edan cuidadosamente en cautiverio en el Reino de las Aves de Asia. El entorno fue dise\u00f1ado no solo para cautivar y entretener a toda la familia, sino tambi\u00e9n para brindar a los m\u00e1s peque\u00f1os y a sus padres un aprendizaje educativo. Al recorrer estos laberintos, los turistas podr\u00e1n tomar hermosas fotograf\u00edas y experimentar emociones maravillosas.<\/p>\n\n\n\n<h2 class=\"wp-block-heading\">Fuertes en Bahr\u00e9in<\/h2>\n\n\n\n<h3 class=\"wp-block-heading\">Fuerte de Arad<\/h3>\n\n\n\n<p><em>Fuerte de Arad, Carretera n.\u00b0 4233, Arad, Bar\u00e9in<\/em><\/p>\n\n\n\n<p>El Fuerte de Arad es un excelente ejemplo de la construcci\u00f3n militar oman\u00ed desde finales del siglo XV hasta principios del XVI. Este fuerte desempe\u00f1\u00f3 un papel fundamental en la defensa de Bar\u00e9in contra los saqueadores a lo largo de los siglos, aunque se desconoce su fecha de construcci\u00f3n. El fuerte, restaurado en la d\u00e9cada de 1980 utilizando \u00fanicamente materiales originales, cuenta con una atractiva iluminaci\u00f3n nocturna y celebra festividades peri\u00f3dicas.<\/p>\n\n\n\n<h3 class=\"wp-block-heading\">Fuerte y Museo de Bahr\u00e9in<\/h3>\n\n\n\n<p><em>\u00c1rea de Seef Karbabad, Gobernaci\u00f3n de la capital<\/em><\/p>\n\n\n\n<p>Ubicado en Seef, antiguamente conocido como Puerto de Portugal, el Fuerte de Bar\u00e9in o &#034;Qal&#039;at al-Bahrain&#034; tiene una superficie de 180.000 pies cuadrados. Desde el a\u00f1o 2300 a. C. hasta el siglo XVI, estuvo habitado. Se ubicaba en la capital de la civilizaci\u00f3n Dilmun y recibi\u00f3 su nombre de Qal&#039;at al-Burtughal.<\/p>\n\n\n\n<p>El yacimiento excavado del fuerte revela que cumpl\u00eda funciones residenciales, p\u00fablicas, comerciales, religiosas y militares. Las excavaciones arqueol\u00f3gicas descubrieron diversas herramientas y artefactos, incluyendo sellos del Sello Dilmun, aparejos de pesca y recipientes para cocinar y transportar alimentos procedentes de Om\u00e1n y Mesopotamia. El Fuerte de Bar\u00e9in, uno de los tres sitios declarados Patrimonio de la Humanidad por la UNESCO en Bar\u00e9in, es un impresionante edificio que rinde homenaje a la profunda historia del pa\u00eds.<\/p>\n\n\n\n<h3 class=\"wp-block-heading\">Fuerte Sheikh Salman Bin Ahmed Al Fateh<\/h3>\n\n\n\n<p><em>Fuerte Sheikh Salman Bin Ahmed Al Fateh, Carretera n.\u00b0 368, Riffa<\/em><\/p>\n\n\n\n<p>Debido a su ubicaci\u00f3n en Riffa, el Fuerte Sheikh Salman bin Ahmed Al-Fateh tambi\u00e9n se conoce como Fuerte de Riffa. Este sitio hist\u00f3rico es testigo de uno de los momentos m\u00e1s cruciales de la historia de Bahr\u00e9in; los Al Khalifa, la familia reinante de Bahr\u00e9in, est\u00e1n conmemorados en su magn\u00edfica arquitectura.<\/p>\n\n\n\n<p>Conozca a la familia Al Khalifa a trav\u00e9s de exposiciones cuidadosamente seleccionadas que muestran su \u00e1rbol geneal\u00f3gico, objetos personales y pasatiempos favoritos. Adem\u00e1s, el fuerte alberga el Caf\u00e9 Azafr\u00e1n, con vistas al pintoresco valle de Al-Haniniya.<\/p>\n\n\n\n<h2 class=\"wp-block-heading\">Museos en Bar\u00e9in<\/h2>\n\n\n\n<h3 class=\"wp-block-heading\">Museo Nacional de Bar\u00e9in<\/h3>\n\n\n\n<p>El 15 de diciembre de 1988, el Museo Nacional de Bar\u00e9in fue inaugurado por el difunto emir, Su Alteza el Jeque Isa Bin Salman Al-Khalifa. Fue considerado uno de los museos m\u00e1s prestigiosos de su tipo en la regi\u00f3n del Golfo. Actualmente, el Museo Nacional de Bar\u00e9in es uno de los monumentos culturales m\u00e1s importantes de la isla.<\/p>\n\n\n\n<p>El excepcional edificio, concebido y dise\u00f1ado por Krohn y Hartvig Rasmussen, luce un exterior de m\u00e1rmol travertino blanco y se encuentra estrat\u00e9gicamente ubicado en una pen\u00ednsula artificial con vistas a la isla de Muharraq. El complejo muse\u00edstico consta de dos edificios conectados con una superficie total de aproximadamente 20.000 metros cuadrados. La estructura principal alberga la zona de exposici\u00f3n permanente, salas de exposiciones temporales, una galer\u00eda de arte, un auditorio, una cafeter\u00eda y una tienda de regalos. El edificio administrativo alberga las oficinas administrativas, las salas de investigaci\u00f3n curatorial, los laboratorios de conservaci\u00f3n, la construcci\u00f3n de exposiciones y las \u00e1reas de almacenamiento de colecciones.<\/p>\n\n\n\n<p>El museo conserva 6.000 a\u00f1os de historia de Bar\u00e9in. Las Salas de las Tumbas, Dilmun, Tylos e Islam, Costumbres y Tradiciones, Oficios y Artesan\u00edas Tradicionales, y Documentos y Manuscritos dan vida a la historia de Bar\u00e9in. El gran vest\u00edbulo da acceso a las salas de exposiciones de la planta baja y el primer piso. El vest\u00edbulo es un espacio enorme y espectacular, realzado por la luz natural, y alberga la exposici\u00f3n &#034;Invirtiendo en Cultura&#034;.<\/p>\n\n\n\n<h2 class=\"wp-block-heading\">Mezquitas en Bar\u00e9in<\/h2>\n\n\n\n<h3 class=\"wp-block-heading\">Gran Mezquita Al Fateh<\/h3>\n\n\n\n<p><em>Gran Mezquita Al Fateh, esquina con la avenida Awal y la autopista Al Fatih<\/em><\/p>\n\n\n\n<p>La Gran Mezquita Al Fateh es la mezquita m\u00e1s grande de Bar\u00e9in y una de las m\u00e1s grandes del mundo. Fue construida en 1987 bajo el patrocinio del difunto jeque Isa bin Salman Al Khalifa y recibi\u00f3 el nombre de Ahmed Al Fateh. La mezquita tiene capacidad para 7.000 fieles y est\u00e1 coronada por la c\u00fapula de fibra de vidrio m\u00e1s grande del mundo. Sus paredes est\u00e1n exquisitamente adornadas con caligraf\u00eda c\u00fafica.<\/p>\n\n\n\n<h3 class=\"wp-block-heading\">Mezquita Al Khamis<\/h3>\n\n\n\n<p><em>Bilad Al Qadim, autopista Sheikh Salman<\/em><\/p>\n\n\n\n<p>La mezquita Al Khamis, construida en el a\u00f1o 692 d. C., es una de las primeras del mundo \u00e1rabe. Reconstruida entre los siglos XIV y XV, su fundaci\u00f3n se remonta al siglo XI.<\/p>\n\n\n\n<p>Durante su reparaci\u00f3n, se a\u00f1adieron a la hist\u00f3rica estructura isl\u00e1mica dos minaretes id\u00e9nticos, lo que la hizo inmediatamente identificable.<\/p>\n\n\n\n<h3 class=\"wp-block-heading\">Bait al-Quran<\/h3>\n\n\n\n<p><em>Edificio No.17, Carretera No.1901, Zona Diplom\u00e1tica, Manama.<\/em><\/p>\n\n\n\n<p>Este prestigioso museo alberga una importante colecci\u00f3n de manuscritos y escrituras cor\u00e1nicas que datan del siglo VII en un edificio adornado con escritura \u00e1rabe. Hay varias copias del Cor\u00e1n que son en s\u00ed mismas obras de arte. Algunas copias m\u00e1s peque\u00f1as caben en la palma de la mano, e incluso se han grabado frases cor\u00e1nicas en granos de arroz. Adem\u00e1s de su importante colecci\u00f3n hist\u00f3rica, el espacio expositivo Bait al Quran acoge con frecuencia diversas exposiciones de arte, as\u00ed como una peque\u00f1a mezquita, una distinguida biblioteca y un centro de aprendizaje para la ense\u00f1anza isl\u00e1mica.<\/p>\n\n\n\n<h2 class=\"wp-block-heading\">Parques en Bar\u00e9in<\/h2>\n\n\n\n<p>Bar\u00e9in es una experiencia novedosa para la comunidad global. La frase &#034;tierra de contrastes&#034; puede estar sobreabundada. Sin embargo, los viajeros ven la naci\u00f3n como una perla singular en medio de los oc\u00e9anos. En un desolado escenario lunar, m\u00e1s propicio para las carreras de camellos que para autom\u00f3viles de \u00faltima generaci\u00f3n, el espectacular dise\u00f1o paisaj\u00edstico es una aut\u00e9ntica joya arquitect\u00f3nica. El pa\u00eds tiene una extensi\u00f3n de 700 kil\u00f3metros cuadrados y alrededor de 161 kil\u00f3metros de costa. Las islas m\u00e1s grandes incluyen Muharraq, Sitrah, Umm a Nasan y el Grupo Hawar.<\/p>\n\n\n\n<p>A Bar\u00e9in se le suele llamar la &#034;Puerta del Golfo P\u00e9rsico&#034;, lo que se evidencia en la diversidad y tolerancia de su poblaci\u00f3n. El idioma oficial es el \u00e1rabe. Sin embargo, el ingl\u00e9s se emplea con frecuencia en los negocios y es un requisito en las escuelas. Debido al elevado n\u00famero de expatriados que viven en Bar\u00e9in, se hablan otros idiomas como el persa y el urdu tanto en los mercados tradicionales como en los modernos. Los ge\u00f3logos descubrieron petr\u00f3leo en 1932. Fue la primera vez que se descubri\u00f3 &#034;oro negro&#034; en la costa \u00e1rabe del Golfo P\u00e9rsico.<\/p>\n\n\n\n<p>En su d\u00eda, la diminuta isla fue un santuario exuberante, f\u00e9rtil y verde. La base de la naci\u00f3n resid\u00eda en su riqueza de manantiales, varios de los cuales a\u00fan existen en el sitio de la antigua civilizaci\u00f3n Dilmun, famosa por sus productos vegetales y su experiencia agr\u00edcola. La urbanizaci\u00f3n y la recuperaci\u00f3n de tierras a lo largo de muchas generaciones han hecho que el pa\u00eds se parezca cada vez m\u00e1s a sus vecinos del Golfo P\u00e9rsico: \u00e1rido, inadecuado para la producci\u00f3n de la mayor\u00eda de los cultivos agr\u00edcolas.<\/p>\n\n\n\n<p>El Parque Pr\u00edncipe Khalifa Bin Salman es magn\u00edfico. En su terreno, cuenta con un lago, senderos, restaurantes, centros comerciales, espacios recreativos privados y abundante vegetaci\u00f3n. Este parque de 80.000 metros cuadrados se construy\u00f3 con un coste aproximado de seis millones de dinares. Es uno de los parques m\u00e1s grandes de Bar\u00e9in. En el parque, tambi\u00e9n se pueden alquilar patines, botes de pedales y bicicletas. Las instalaciones incluyen un parque infantil, atracciones y una sala de juegos con hockey de aire. Puede cenar en Chai &amp; Chapati o en el restaurante Koffiatto, en la torre, con vistas panor\u00e1micas al lago.<\/p>\n\n\n\n<p>Los veranos de Bar\u00e9in son particularmente calurosos. Las temperaturas invernales rara vez bajan de los 17 grados Celsius. Las lluvias no son frecuentes, principalmente en invierno. La regi\u00f3n cuenta con pocos suelos f\u00e9rtiles. Solo el 8% de la tierra se destina a la agricultura. Adem\u00e1s, existe un problema de escasez de agua dulce. La vegetaci\u00f3n y la fauna de las islas no son especialmente ricas. Existen 195 especies de plantas, 17 de mam\u00edferos, 14 de reptiles y una de anfibios. Numerosas aves migratorias pasan el invierno. Algunas especies de aves anidan en las islas. Numerosas especies de plantas bahrein\u00edes se adaptan bien al desierto y a los suelos salinos. Son capaces de extraer agua de enormes profundidades y absorber la humedad atmosf\u00e9rica. En las islas habitan pocos animales de gran tama\u00f1o. Entre ellos se encuentra la gacela de arena. Tambi\u00e9n se encuentran erizos de arena, liebres \u00e1rabes y mangostas indias. Los desiertos albergan diversas especies de murci\u00e9lagos.<\/p>\n\n\n\n<p>Bar\u00e9in es uno de los pocos pa\u00edses del Golfo P\u00e9rsico preocupados por la protecci\u00f3n del medio ambiente. El Parque de Vida Silvestre Al Areen se estableci\u00f3 en 1976 para proteger la biodiversidad \u00fanica de la regi\u00f3n. Adem\u00e1s de la flora y fauna aut\u00f3ctonas de Bar\u00e9in, tambi\u00e9n se encuentran representantes de la fauna de \u00c1frica y Asia. El parque alberga m\u00e1s de 100.000 especies de plantas, 45 especies de animales y 82 especies de aves. Numerosas especies est\u00e1n en peligro de extinci\u00f3n, como el \u00f3rix \u00e1rabe, el guepardo austral, el varano estepario, la gacela persa, el ant\u00edlope saltar\u00edn y el lica\u00f3n africano. La pol\u00edtica del parque prioriza la preservaci\u00f3n de especies \u00fanicas, la recreaci\u00f3n de poblaciones animales en peligro de extinci\u00f3n y la cr\u00eda de animales en cautividad. Una parte del parque est\u00e1 abierta al p\u00fablico y recibe aproximadamente 200.000 visitantes al a\u00f1o. El \u00e1rea recreativa es inaccesible al p\u00fablico, pero es frecuentada por veterinarios, personal del parque y diversos profesionales.<\/p>\n\n\n\n<p>La bah\u00eda de Tubli se encuentra entre las islas de Bar\u00e9in y Sitrah, al este del pa\u00eds. Aqu\u00ed se encuentra la isla Nabih Saleh. La bah\u00eda es famosa por su abundante vida marina y avifauna. Sus orillas est\u00e1n bordeadas de manglares. La bah\u00eda sirve de zona de desove para numerosas especies de peces y camarones. Varias especies de aves pasan el invierno aqu\u00ed. Debido a la contaminaci\u00f3n y a las consecuencias nocivas de la industria, la extensi\u00f3n de la reserva ha disminuido dr\u00e1sticamente. Sin embargo, desde 1997 se han realizado esfuerzos para conservar el ecosistema distintivo de la regi\u00f3n.<\/p>\n\n\n\n<p>En el Golfo P\u00e9rsico se encuentra el archipi\u00e9lago de Hawar. Las islas est\u00e1n pr\u00e1cticamente despobladas. La tribu beduina habit\u00f3 antiguamente esta zona. Sin embargo, hoy en d\u00eda, sus aldeas est\u00e1n desiertas. En las islas, solo quedan la comisar\u00eda y el hotel. Se requiere una licencia de pesca espec\u00edfica. Las islas albergan diversas especies de aves. Aqu\u00ed se reproduce una rara especie de cormor\u00e1n. M\u00e1s de sesenta especies de aves migratorias pasan el invierno en las islas. Estas aves migran a sus zonas de reproducci\u00f3n durante la primavera. Las aves que anidan regresan a sus nidos. Aqu\u00ed se pueden encontrar criaturas \u00fanicas, como el \u00f3rix \u00e1rabe y la gacela del desierto. Cerca de las islas, una importante colonia de dugongos habita en las aguas. Desde 1997, el territorio est\u00e1 bajo protecci\u00f3n estatal.<\/p>\n\n\n\n<p>La Bah\u00eda \u00c1rabe es una zona de conservaci\u00f3n. Se estableci\u00f3 recientemente en la isla de Muharraq, cerca de la ciudad de Arad. Su prop\u00f3sito es conservar el singular ecosistema mar\u00edtimo de la regi\u00f3n. Normalmente, delfines y marsopas habitan las aguas cercanas a Bar\u00e9in. Aqu\u00ed, es menos probable encontrar ballenas y orcas. Los dugongos (vacas marinas) se observan con frecuencia en las zonas costeras. Estos son los mam\u00edferos marinos m\u00e1s peculiares. Existen alrededor de 700 tipos de peces en las aguas del Golfo P\u00e9rsico. M\u00e1s del 80% de ellos habitan arrecifes, especialmente coral. Hay treinta especies de tiburones en el Golfo P\u00e9rsico, 16 de las cuales se consideran en peligro de extinci\u00f3n. En las aguas de Bar\u00e9in se descubren m\u00e1s ostras perl\u00edferas que en cualquier otro lugar. Por lo tanto, la miner\u00eda de perlas est\u00e1 muy arraigada en esta regi\u00f3n.<\/p>\n\n\n\n<p>La isla de Umm a Nasan es propiedad de la Corona. La zona est\u00e1 prohibida para la gente com\u00fan. La isla alberga una peque\u00f1a poblaci\u00f3n de cabras de cuernos atornillados. Una peque\u00f1a comunidad se encuentra en la orilla oeste. Varias familias n\u00f3madas residen aqu\u00ed. Cuidan de los ciervos y gacelas residentes de la isla. En los \u00faltimos a\u00f1os, la operaci\u00f3n de plantas industriales y desalinizadoras ha tenido un impacto negativo considerable en las especies marinas costeras. El gobierno toma medidas para preservar la naturaleza distintiva de las islas y las v\u00edas fluviales costeras.<\/p>","protected":false},"excerpt":{"rendered":"<p>Bar\u00e9in es una naci\u00f3n insular con una rica historia milenaria que ofrece una combinaci\u00f3n \u00fanica de excursiones culturales, entretenimiento y recreaci\u00f3n. El primer estado de la regi\u00f3n existi\u00f3 ya en el tercer milenio a. C. En diversas \u00e9pocas de la historia, el territorio perteneci\u00f3 al reino sas\u00e1nida, al califato \u00e1rabe, a Portugal e Ir\u00e1n. La naci\u00f3n estuvo bajo protectorado brit\u00e1nico durante un tiempo. Todas estas etapas hist\u00f3ricas han dejado su huella en el paisaje del pa\u00eds. Por lo tanto, existen numerosos atractivos tur\u00edsticos.<\/p>","protected":false},"author":1,"featured_media":35408,"parent":35335,"menu_order":0,"comment_status":"closed","ping_status":"closed","template":"elementor_theme","meta":{"_eb_attr":"","footnotes":""},"class_list":["post-35405","page","type-page","status-publish","has-post-thumbnail"],"_links":{"self":[{"href":"https:\/\/travelshelper.com\/es\/wp-json\/wp\/v2\/pages\/35405","targetHints":{"allow":["GET"]}}],"collection":[{"href":"https:\/\/travelshelper.com\/es\/wp-json\/wp\/v2\/pages"}],"about":[{"href":"https:\/\/travelshelper.com\/es\/wp-json\/wp\/v2\/types\/page"}],"author":[{"embeddable":true,"href":"https:\/\/travelshelper.com\/es\/wp-json\/wp\/v2\/users\/1"}],"replies":[{"embeddable":true,"href":"https:\/\/travelshelper.com\/es\/wp-json\/wp\/v2\/comments?post=35405"}],"version-history":[{"count":0,"href":"https:\/\/travelshelper.com\/es\/wp-json\/wp\/v2\/pages\/35405\/revisions"}],"up":[{"embeddable":true,"href":"https:\/\/travelshelper.com\/es\/wp-json\/wp\/v2\/pages\/35335"}],"wp:featuredmedia":[{"embeddable":true,"href":"https:\/\/travelshelper.com\/es\/wp-json\/wp\/v2\/media\/35408"}],"wp:attachment":[{"href":"https:\/\/travelshelper.com\/es\/wp-json\/wp\/v2\/media?parent=35405"}],"curies":[{"name":"wp","href":"https:\/\/api.w.org\/{rel}","templated":true}]}}