{"id":35385,"date":"2024-11-30T21:04:58","date_gmt":"2024-11-30T21:04:58","guid":{"rendered":"https:\/\/travelshelper.com\/staging\/?page_id=35385"},"modified":"2026-03-11T01:31:02","modified_gmt":"2026-03-11T01:31:02","slug":"como-moverse-por-barein","status":"publish","type":"page","link":"https:\/\/travelshelper.com\/es\/destinations\/asia\/bahrain\/how-to-get-around-in-bahrain\/","title":{"rendered":"C\u00f3mo moverse por Bar\u00e9in"},"content":{"rendered":"<p>Bar\u00e9in es una peque\u00f1a naci\u00f3n insular en el Golfo P\u00e9rsico con un rico patrimonio cultural y una infraestructura en r\u00e1pida modernizaci\u00f3n. Para los visitantes, comprender c\u00f3mo navegar por el pa\u00eds eficientemente es clave para una experiencia sin contratiempos. Las opciones de transporte en Bar\u00e9in est\u00e1n bien desarrolladas, pero presentan caracter\u00edsticas y regulaciones locales \u00fanicas. Los viajeros suelen entrar al reino por aire o por carretera, y una vez dentro, eligen entre autobuses p\u00fablicos, taxis y servicios de transporte, o veh\u00edculos privados, seg\u00fan sus necesidades. Esta gu\u00eda combina consejos pr\u00e1cticos y contexto cultural para ayudar a cualquier persona a moverse por Bar\u00e9in con confianza y respeto.<\/p>\n\n\n\n<p>El Aeropuerto Internacional de Bar\u00e9in (BIA) es la principal puerta de entrada a\u00e9rea del pa\u00eds. Opera vuelos a destinos de todo el mundo y ha experimentado una importante expansi\u00f3n para dar cabida al creciente volumen de pasajeros. En los \u00faltimos a\u00f1os, el aeropuerto ha modernizado sus terminales e instalaciones, con planes incluso para el desarrollo de una &#034;ciudad aeroportuaria&#034; en un futuro pr\u00f3ximo. Al aterrizar en el BIA, el viajero encontrar\u00e1 un aeropuerto moderno pero compacto; los servicios de inmigraci\u00f3n y aduanas suelen ser eficientes, aunque, como en cualquier aeropuerto internacional, es de esperar que haya cola. Su ubicaci\u00f3n a poca distancia en coche del centro de Manama, la capital de Bar\u00e9in, facilita el acceso al centro de la ciudad. Dado que la terminal tiene una gran afluencia de visitantes internacionales y tr\u00e1fico en tr\u00e1nsito, es recomendable prever tiempo adicional al llegar o al salir. La ampliaci\u00f3n del aeropuerto tambi\u00e9n implica que las autoridades locales est\u00e1n interesadas en mejorar las conexiones posteriores: por ejemplo, se han a\u00f1adido nuevas rutas de autob\u00fas que conectan el aeropuerto con los principales distritos de la ciudad.<\/p>\n\n\n\n<p>Los viajeros que entren a Bar\u00e9in por carretera utilizar\u00e1n la Calzada del Rey Fahd, la \u00fanica conexi\u00f3n terrestre entre Bar\u00e9in y Arabia Saudita. La calzada es una serie de 25 kil\u00f3metros de puentes e islas recuperadas que conecta el Reino de Bar\u00e9in con la Provincia Oriental de Arabia Saudita. Este moderno sistema de puentes es el resultado de un importante proyecto de finales del siglo XX y simboliza los estrechos lazos entre los dos pa\u00edses. Cruzar la calzada requiere pasar por puestos de control de inmigraci\u00f3n en ambos extremos, por lo que los conductores deben tener todos los documentos de viaje listos. En fines de semana y d\u00edas festivos concurridos, la calzada puede congestionarse bastante ya que muchos saud\u00edes y otros visitantes del Golfo cruzan a Bar\u00e9in para compras, recreaci\u00f3n o trabajo. La vista desde la calzada en un d\u00eda claro revela el sorprendente contraste de las azules aguas del Golfo y las islas bajas de Bar\u00e9in. Una vez que pasan la aduana, los viajeros se encuentran en las carreteras bien pavimentadas de Bar\u00e9in. La calzada ha facilitado los viajes por tierra entre los estados del Golfo; Sin embargo, si usted conduce, tenga en cuenta que regresar a Arabia Saudita tambi\u00e9n implica pasar el puesto de control en la otra direcci\u00f3n, lo que tambi\u00e9n puede generar retrasos en las horas punta.<\/p>\n\n\n\n<p>Una vez dentro de Bar\u00e9in, moverse por la isla suele ser f\u00e1cil gracias a su peque\u00f1o tama\u00f1o: solo tiene unos 50 kil\u00f3metros de norte a sur. La red de carreteras del pa\u00eds es moderna y la mayor\u00eda de los destinos est\u00e1n a poca distancia en coche. Bar\u00e9in ofrece varios medios de transporte para moverse por el pa\u00eds. Los autobuses p\u00fablicos conectan muchas zonas de la isla, los taxis y los veh\u00edculos compartidos operan en ciudades y pueblos, y el alquiler de coches es una opci\u00f3n popular. Cada medio de transporte tiene sus propias normas y costes. En zonas urbanas como Manama, Al Muharraq y otras localidades, los coches privados y los taxis son los m\u00e1s comunes, mientras que los autobuses son utilizados principalmente por viajeros y residentes locales. Como visitante, puede elegir el medio que mejor se adapte a su itinerario: para trayectos cortos por la ciudad, los taxis o Uber pueden ser los m\u00e1s r\u00e1pidos, mientras que para viajes m\u00e1s largos dentro de la isla, puede optar por alquilar un coche o usar el autob\u00fas para vivir una aut\u00e9ntica experiencia local. Comprender las leyes y costumbres de tr\u00e1fico locales y estar preparado con mapas o aplicaciones le facilitar\u00e1 el viaje.<\/p>\n\n\n\n<p>La columna vertebral del transporte p\u00fablico de Bar\u00e9in es su red urbana de autobuses. Hay 28 rutas regulares de autob\u00fas que rodean la isla, conectando los principales barrios, distritos financieros e incluso algunos lugares tur\u00edsticos. Estos autobuses son operados por la Compa\u00f1\u00eda de Transporte P\u00fablico de Bar\u00e9in y han sido mejorados significativamente en los \u00faltimos a\u00f1os. Una importante renovaci\u00f3n del servicio alrededor de 2015 duplic\u00f3 el n\u00famero de autobuses en las carreteras e introdujo muchas rutas nuevas. Hoy en d\u00eda, la flota es moderna: cada autob\u00fas cuenta con aire acondicionado (una bendici\u00f3n en el calor de Bar\u00e9in) y ofrece wifi gratuito a los pasajeros. Los precios de las tarifas son muy bajos, mucho m\u00e1s baratos que tomar un taxi, lo que convierte a los autobuses en una opci\u00f3n econ\u00f3mica si el tiempo lo permite. El gobierno tambi\u00e9n ha construido docenas de nuevas paradas de autob\u00fas y marquesinas para dar cabida a la red ampliada. El horario y la frecuencia de los autobuses tambi\u00e9n han mejorado; las rutas principales pueden tener autobuses cada 15-30 minutos durante el d\u00eda, aunque algunas rutas suburbanas o fuera de las horas punta operan con menos frecuencia. Cabe destacar que incluso existen terminales de autobuses con aire acondicionado en importantes centros de conexi\u00f3n, incluida la nueva terminal del aeropuerto, lo que facilita la espera de los pasajeros. En resumen, el sistema de autobuses es c\u00f3modo y asequible, dise\u00f1ado especialmente para la poblaci\u00f3n trabajadora y los estudiantes que lo utilizan a diario.<\/p>\n\n\n\n<p>A pesar de estas mejoras, los autobuses en Bar\u00e9in siguen siendo m\u00e1s populares entre los residentes locales que entre los turistas. Una raz\u00f3n es que los mapas oficiales de rutas y los horarios no siempre son f\u00e1ciles de encontrar, especialmente en ingl\u00e9s. Muchas paradas de autob\u00fas en los barrios pueden simplemente indicar un n\u00famero de ruta sin horario. Para un visitante extranjero, esto puede significar tener que recomponer la informaci\u00f3n. En los \u00faltimos a\u00f1os, las autoridades han comenzado a a\u00f1adir c\u00f3digos QR en las paradas y pantallas en tiempo real en las principales estaciones, y las aplicaciones m\u00f3viles (as\u00ed como Google Maps y herramientas de navegaci\u00f3n similares) pueden ayudar a planificar un viaje en autob\u00fas. No obstante, los reci\u00e9n llegados deben tener en cuenta que comprender el sistema de autobuses puede requerir algo de paciencia. Es recomendable consultar recursos en l\u00ednea o preguntar en una terminal de autobuses m\u00e1s grande por el n\u00famero de ruta y la direcci\u00f3n correctos, y llevar dinares barein\u00edes en cambio para pagar la tarifa. La tarjeta local de pago de autobuses, llamada Go Card, suele ser utilizada por los residentes; ofrece descuentos si se planea viajar con frecuencia, pero los visitantes pueden pagar en efectivo a bordo con monedas. En cualquier caso, viajar en autob\u00fas puede ser una forma agradable de ver Bahr\u00e9in desde la perspectiva de un local, siempre que se permita un poco de flexibilidad en los horarios y la b\u00fasqueda de ruta.<\/p>\n\n\n\n<p>Los taxis y los servicios de transporte son otra forma clave de desplazarse, especialmente para quienes prefieren la comodidad de un punto a otro. En las ciudades de Bar\u00e9in, abundan los taxis: los encontrar\u00e1 esperando en el aeropuerto, las estaciones de tren y autob\u00fas, los principales hoteles, los centros comerciales y en la puerta de restaurantes u oficinas. Tambi\u00e9n es f\u00e1cil pararlos en la calle. Los taxis tradicionales en Bar\u00e9in suelen ser sedanes o minivans impecables y de \u00faltimo modelo, y todos funcionan con tax\u00edmetro (aunque no todos los conductores lo usen). En los \u00faltimos a\u00f1os, tambi\u00e9n se han extendido los servicios basados \u200b\u200ben aplicaciones como Uber. Uber funciona de forma similar aqu\u00ed y en otras ciudades: solicita un viaje en su smartphone, la aplicaci\u00f3n le muestra el conductor y la tarifa estimada, y el pago puede realizarse autom\u00e1ticamente o en efectivo. Esto es popular entre expatriados y visitantes porque elimina la molestia de negociar o encontrar el cambio exacto. Tanto si toma un taxi como un Uber, los conductores suelen ser profesionales y estar acostumbrados a los turistas. Muchos hablan suficiente ingl\u00e9s como para entender direcciones e instrucciones, aunque siempre es \u00fatil tener el nombre del destino escrito o en el tel\u00e9fono. Los taxis, al igual que los autobuses, tienen aire acondicionado potente que los conductores mantienen encendido, una comodidad importante durante los calurosos d\u00edas de Bahr\u00e9in.<\/p>\n\n\n\n<p>El costo de un viaje en taxi en Bar\u00e9in est\u00e1 regulado por el gobierno. La tarifa oficial es una tarifa base de BD 1.000 (aproximadamente US$2,65) m\u00e1s BD 0,200 por kil\u00f3metro adicional. Esta tarifa se aplica a los viajes con tax\u00edmetro. Sin embargo, los visitantes deben saber que a veces no todos los conductores usan el tax\u00edmetro. En la pr\u00e1ctica, algunos conductores pueden cobrar una tarifa fija, a menudo superior a la que indica el tax\u00edmetro, especialmente si asumen que el pasajero no est\u00e1 familiarizado con los precios locales. De hecho, es ilegal que un conductor rechace el tax\u00edmetro; por ley, el taxi debe funcionar con \u00e9l desde el inicio del viaje. Si un conductor insiste en una tarifa fija, usted tiene derecho a exigir que se use el tax\u00edmetro o a retirarse. Los casos de cobro excesivo flagrante son relativamente raros, pero conviene estar atento. Si un viaje en taxi comienza con el tax\u00edmetro y el conductor intenta cambiar a una tarifa fija a mitad de camino, puede recordarle amablemente la normativa. En el improbable caso de una disputa grave, Bar\u00e9in permite a los pasajeros anotar el n\u00famero de licencia y denunciar los abusos a la polic\u00eda posteriormente. Para viajes rutinarios, generalmente se pueden evitar conflictos utilizando compa\u00f1\u00edas de taxi reconocidas o aplicaciones, como se describe m\u00e1s adelante.<\/p>\n\n\n\n<p>Para dar un contexto pr\u00e1ctico, un viaje corto t\u00edpico dentro de Manama (por ejemplo, del centro a una zona comercial suburbana) suele costar entre BD 3 y 5 (unos 8-13 USD) con el tax\u00edmetro en uso normal. Un ejemplo podr\u00eda ser un trayecto de 10 kil\u00f3metros que cuesta unos BD 3. En el aeropuerto, hay un recargo especial: cualquier taxi que recoja pasajeros en el Aeropuerto Internacional de Bar\u00e9in a\u00f1ade una tarifa fija de BD 2.000 a la tarifa del tax\u00edmetro. Este cargo adicional en el aeropuerto es est\u00e1ndar, por lo que los viajeros deben tenerlo en cuenta. Por lo dem\u00e1s, desplazarse en taxi es bastante econ\u00f3mico en comparaci\u00f3n con muchas ciudades occidentales, ya que el combustible es relativamente barato en el Golfo. La propina no es obligatoria en los taxis barein\u00edes, pero redondear la tarifa o a\u00f1adir algunos fils se considera una cortes\u00eda, especialmente si el conductor ayuda con el equipaje.<\/p>\n\n\n\n<p>Tambi\u00e9n existen compa\u00f1\u00edas de taxis formales en Bar\u00e9in a las que puedes llamar directamente. Algunos de los servicios m\u00e1s prestigiosos incluyen Speedy Motor Service (a menudo abreviado como SMS) y Online Taxi Bahrain. Estas compa\u00f1\u00edas ofrecen servicios de despacho (similares a los radiotaxis) y generalmente tienen mejor reputaci\u00f3n por cumplir con las normas del tax\u00edmetro. Bahrain Limo es otro servicio, operado por SABTCO (la Compa\u00f1\u00eda de Transporte de Autobuses de Arabia Saudita, de propiedad estatal). Bahrain Limo ofrece un servicio de coches de alta gama (pueden ser sedanes grandes o incluso limusinas de lujo), pero cobran seg\u00fan una tarifa fija en lugar de por tax\u00edmetro. La ventaja de usar una compa\u00f1\u00eda como Bahrain Limo es la seguridad: puedes hacer una reserva (incluso en l\u00ednea), confirmar el tipo de veh\u00edculo y conocer la tarifa con antelaci\u00f3n. Muchos hoteles y algunos edificios oficiales utilizan estos servicios por defecto para hu\u00e9spedes internacionales. En resumen, si necesitas un transporte de confianza, pedirle al conserje del hotel o a un conocido local que llame a una de estas compa\u00f1\u00edas puede garantizarte una experiencia c\u00f3moda con un riesgo m\u00ednimo de cargos inesperados.<\/p>\n\n\n\n<p>Para los viajeros que prefieren total libertad, alquilar un coche en Bar\u00e9in es sencillo. Varias agencias de alquiler de coches, tanto internacionales como locales, tienen oficinas y quioscos en el aeropuerto y en las principales ciudades. Los precios de alquiler son bastante razonables seg\u00fan los est\u00e1ndares internacionales: por un coche compacto, se puede pagar entre 10 y 15 BD al d\u00eda, mientras que los sedanes o todoterrenos m\u00e1s grandes pueden costar 20 BD o un poco m\u00e1s al d\u00eda. Estas tarifas suelen incluir kilometraje ilimitado, lo que significa que se puede conducir todo lo que se quiera sin cargos adicionales. El combustible en Bar\u00e9in es relativamente barato (para los est\u00e1ndares occidentales) y hay muchas gasolineras, por lo que repostar no es una preocupaci\u00f3n frecuente. Alquilar un coche requiere un permiso de conducir v\u00e1lido; Bar\u00e9in reconoce permisos y licencias de conducir internacionales de muchos pa\u00edses, pero es recomendable confirmar con la agencia de alquiler qu\u00e9 documentaci\u00f3n requieren. Un dep\u00f3sito con tarjeta de cr\u00e9dito y un seguro (que a menudo se ofrecen en el mostrador) son est\u00e1ndar. Conducir por las carreteras de Bar\u00e9in puede ser bastante agradable: la calidad de las carreteras es buena y, al ser la isla peque\u00f1a, los destinos siempre est\u00e1n cerca. El tr\u00e1fico en Manama es moderado y los trazados de las carreteras suelen estar bien planificados.<\/p>\n\n\n\n<p>Sin embargo, si alquila un coche o contrata uno, debe seguir estrictamente las leyes de tr\u00e1nsito de Bar\u00e9in. El pa\u00eds tiene l\u00edmites de velocidad estrictos: t\u00edpicamente 50 km\/h en \u00e1reas urbanas (pueblos y ciudades) y entre 80 y 100 km\/h en autopistas. Algunas autopistas principales o la calzada pueden permitir hasta 120 km\/h, pero generalmente Bar\u00e9in mantiene los l\u00edmites en las autopistas en 100. La aplicaci\u00f3n de la ley para las infracciones de tr\u00e1nsito es bastante estricta. Las c\u00e1maras y las patrullas policiales son comunes en las carreteras interurbanas. Las multas por exceso de velocidad, saltarse un sem\u00e1foro en rojo u otras infracciones pueden ser cuantiosas. Por ejemplo, exceder el l\u00edmite de velocidad por un amplio margen puede dar lugar a multas cuantiosas e incluso a la prohibici\u00f3n de conducir. No es raro que las autoridades impongan multas de cientos de dinares barein\u00edes por infracciones muy graves. Mientras tanto, las infracciones menores (como un peque\u00f1o exceso de velocidad o una llamada telef\u00f3nica sin manos libres) suelen dar lugar a multas de unas pocas docenas de dinares. La polic\u00eda no suele detener todos los veh\u00edculos al azar, pero puede realizar controles o patrullajes, especialmente en carreteras y cerca de zonas en construcci\u00f3n. Siempre es m\u00e1s seguro conducir con responsabilidad y prestar atenci\u00f3n a la se\u00f1alizaci\u00f3n; los conductores locales tambi\u00e9n cumplir\u00e1n estas normas, al menos cuando se encuentren con agentes. Recuerde tambi\u00e9n que en Bar\u00e9in se conduce por la derecha.<\/p>\n\n\n\n<p>Recorrer Bar\u00e9in en coche tiene sus peculiaridades. La se\u00f1alizaci\u00f3n en las carreteras principales suele ser buena y est\u00e1 tanto en \u00e1rabe como en ingl\u00e9s, pero en pueblos peque\u00f1os y zonas residenciales, la se\u00f1alizaci\u00f3n puede ser escasa. Los cruces a veces carecen de indicaciones claras, por lo que se recomienda encarecidamente usar un GPS o una aplicaci\u00f3n de mapas. Afortunadamente, los datos m\u00f3viles y el GPS funcionan bien en Bar\u00e9in, y aplicaciones como Google Maps o Waze son gu\u00edas fiables para la mayor\u00eda de las rutas. Si prefiere mapas sin conexi\u00f3n, la red de carreteras es bastante sencilla: Manama est\u00e1 en el centro, conectada por calzadas y autopistas con los pueblos del norte y el aeropuerto. El extremo sur de la isla tiene menos asentamientos, pero una carretera en buen estado rodea la costa. Antes de emprender un viaje, sobre todo si se dirige fuera de la ciudad principal, conviene pedir indicaciones con antelaci\u00f3n o llevar un mapa impreso, por si acaso. Tenga en cuenta que algunas carreteras secundarias pueden tener nombres en \u00e1rabe que difieren de cualquier traducci\u00f3n al ingl\u00e9s.<\/p>\n\n\n\n<p>El tiempo de viaje es otro factor pr\u00e1ctico a considerar. Manama y otros centros urbanos pueden congestionarse durante las horas punta de la ma\u00f1ana y la tarde entre semana (aproximadamente de 7 a 9 a. m. y de 4 a 7 p. m.). Fuera de estos horarios, el tr\u00e1fico suele ser fluido para los est\u00e1ndares occidentales. En Bar\u00e9in, el fin de semana cae en viernes y s\u00e1bado (la semana laboral va de domingo a jueves). Los viernes, las oficinas cierran para la oraci\u00f3n del mediod\u00eda y el tr\u00e1fico suele disminuir despu\u00e9s; sin embargo, los centros comerciales y lugares de entretenimiento abren m\u00e1s tarde los jueves por la noche, lo que provoca un aumento del tr\u00e1fico nocturno que sale de las ciudades. Cabe destacar que muchos negocios abren m\u00e1s tarde los viernes (d\u00eda sagrado) y a primera hora de la tarde, lo que puede alterar los patrones de tr\u00e1fico local. Si planea conducir, tenga en cuenta que el estacionamiento en zonas c\u00e9ntricas como Manama suele tener parqu\u00edmetros o barreras. Las ciudades son compactas, por lo que estacionar ilegalmente puede f\u00e1cilmente resultar en multas o remolques. A muchos visitantes les resulta m\u00e1s f\u00e1cil estacionar en un centro comercial o en un aparcamiento de hotel (a menudo gratuito para los clientes) y luego caminar o tomar un taxi en el centro de la ciudad.<\/p>\n\n\n\n<p>M\u00e1s all\u00e1 de la log\u00edstica, hay algunas notas culturales para viajar sin problemas. Los barein\u00edes suelen ser acogedores con los extranjeros y el ingl\u00e9s se entiende ampliamente, por lo que comunicar planes de viaje es relativamente f\u00e1cil. En los taxis, es de buena educaci\u00f3n saludar al conductor (&#034;Salam&#034; para &#034;paz&#034; o simplemente un &#034;Hola&#034;) al entrar. El c\u00f3digo de vestimenta es m\u00e1s relajado en comparaci\u00f3n con algunos pa\u00edses vecinos, pero se agradece mantener una actitud respetuosa; por ejemplo, intente sentarse en silencio en un autob\u00fas o taxi si los locales lo hacen. Si usa autobuses, tenga en cuenta que los asientos prioritarios en las primeras filas pueden estar marcados para mujeres y personas mayores. Los hombres generalmente no deben ocupar esos asientos si entran mujeres. Pedir indicaciones o ayuda a los locales educadamente (en ingl\u00e9s o con algunas frases en \u00e1rabe) suele dar buenos consejos; los barein\u00edes est\u00e1n acostumbrados a que los turistas y expatriados les pidan orientaci\u00f3n.<\/p>\n\n\n\n<p>Los taxistas y los conductores de coches pueden, ocasionalmente, entablar conversaciones informales. No es raro que un conductor amable indique lugares de inter\u00e9s o d\u00e9 consejos de viaje durante el trayecto. Por ejemplo, un taxista podr\u00eda indicar si hay una ruta m\u00e1s f\u00e1cil disponible o mencionar si hay un corte de carretera m\u00e1s adelante. Quienes est\u00e9n interesados \u200b\u200ben la cultura barein\u00ed encontrar\u00e1n que este tipo de charla puede ser informativa: los barein\u00edes suelen disfrutar escuchando acentos extranjeros, y si mencionas algunas palabras \u00e1rabes como &#034;shukran&#034; (gracias) o &#034;kam shhaansa&#034; (cu\u00e1nto), puedes generar buena voluntad. Por supuesto, cada persona es diferente; si prefieres el silencio, un gesto cort\u00e9s con la cabeza est\u00e1 bien.<\/p>\n\n\n\n<p>En general, el transporte en Bar\u00e9in logra un equilibrio entre la comodidad moderna y la tradici\u00f3n local. Los esfuerzos del estado por mejorar la infraestructura permiten a los conductores viajar a menudo por carreteras anchas y bien se\u00f1alizadas, y pueden contar con servicios como pagos con tarjeta de cr\u00e9dito (en algunos taxis y en la m\u00e1quina Go Card de autob\u00fas) y un recurso legal claro en caso de necesidad. Por otro lado, el tejido social tradicional de la isla sigue presente: es posible ver taxis familiares o j\u00f3venes locales haciendo fila para subir a un taxi los fines de semana, lo que refleja la cultura comunitaria. Los horarios de trabajo tambi\u00e9n giran en torno a los horarios de oraci\u00f3n y las normas sociales, por lo que las tiendas y restaurantes tienen un ritmo diferente al de los calendarios occidentales. Todo esto influye en la forma de desplazarse por el pa\u00eds.<\/p>\n\n\n\n<p>En resumen, moverse por Bar\u00e9in es bastante sencillo una vez que se conocen las opciones y las costumbres. El Aeropuerto Internacional de Bar\u00e9in es el principal punto de entrada para los viajeros a\u00e9reos, y la Calzada del Rey Fahd es la ruta terrestre clave desde Arabia Saud\u00ed. Dentro de Bar\u00e9in, 28 l\u00edneas de autob\u00fas conforman una red \u00fatil, econ\u00f3mica, limpia y con comodidades como aire acondicionado y wifi gratuito. Los taxis est\u00e1n por todas partes y son asequibles si se usa el tax\u00edmetro; las aplicaciones de transporte como Uber facilitan su uso. Alquilar un coche es una opci\u00f3n pr\u00e1ctica debido a los bajos costos de combustible y las distancias cortas, pero conducir requiere estar atento a las leyes de tr\u00e1nsito locales: se deben respetar los l\u00edmites de velocidad de 50 km\/h en las ciudades y de hasta 80-100 km\/h en las carreteras. Lleve siempre un mapa o un GPS, ya que algunas se\u00f1ales pueden ser escasas, y tenga en cuenta las normas de estacionamiento en las ciudades. Tanto si opta por un viaje panor\u00e1mico en autob\u00fas como por la flexibilidad de un coche de alquiler, las carreteras y opciones de transporte de Bar\u00e9in le llevar\u00e1n a sus destinos. Si planifica con anticipaci\u00f3n, respeta las normas locales y tiene en cuenta estos matices culturales, podr\u00e1 viajar por Bahr\u00e9in de manera eficiente y disfrutar de todas las experiencias que esta amigable naci\u00f3n insular tiene para ofrecer.<\/p>","protected":false},"excerpt":{"rendered":"<p>Solo hay dos m\u00e9todos para llegar a Bar\u00e9in: en avi\u00f3n o en coche a trav\u00e9s de la calzada desde Arabia Saudita. Hay vuelos a destinos de todo el mundo desde el Aeropuerto Internacional de Bar\u00e9in, y actualmente se est\u00e1 llevando a cabo un enorme proyecto para modernizar y ampliar sus instalaciones.<\/p>","protected":false},"author":1,"featured_media":35387,"parent":35335,"menu_order":0,"comment_status":"closed","ping_status":"closed","template":"elementor_theme","meta":{"_eb_attr":"","footnotes":""},"class_list":["post-35385","page","type-page","status-publish","has-post-thumbnail"],"_links":{"self":[{"href":"https:\/\/travelshelper.com\/es\/wp-json\/wp\/v2\/pages\/35385","targetHints":{"allow":["GET"]}}],"collection":[{"href":"https:\/\/travelshelper.com\/es\/wp-json\/wp\/v2\/pages"}],"about":[{"href":"https:\/\/travelshelper.com\/es\/wp-json\/wp\/v2\/types\/page"}],"author":[{"embeddable":true,"href":"https:\/\/travelshelper.com\/es\/wp-json\/wp\/v2\/users\/1"}],"replies":[{"embeddable":true,"href":"https:\/\/travelshelper.com\/es\/wp-json\/wp\/v2\/comments?post=35385"}],"version-history":[{"count":0,"href":"https:\/\/travelshelper.com\/es\/wp-json\/wp\/v2\/pages\/35385\/revisions"}],"up":[{"embeddable":true,"href":"https:\/\/travelshelper.com\/es\/wp-json\/wp\/v2\/pages\/35335"}],"wp:featuredmedia":[{"embeddable":true,"href":"https:\/\/travelshelper.com\/es\/wp-json\/wp\/v2\/media\/35387"}],"wp:attachment":[{"href":"https:\/\/travelshelper.com\/es\/wp-json\/wp\/v2\/media?parent=35385"}],"curies":[{"name":"wp","href":"https:\/\/api.w.org\/{rel}","templated":true}]}}