{"id":17423,"date":"2024-09-26T13:36:25","date_gmt":"2024-09-26T13:36:25","guid":{"rendered":"https:\/\/travelshelper.com\/staging\/?page_id=17423"},"modified":"2026-03-13T23:32:26","modified_gmt":"2026-03-13T23:32:26","slug":"araxa","status":"publish","type":"page","link":"https:\/\/travelshelper.com\/es\/destinations\/south-america\/brazil\/araxa\/","title":{"rendered":"Arax\u00e1"},"content":{"rendered":"<p>Enclavado en las ondulantes tierras altas de Minas Gerais, Arax\u00e1 se extiende a lo largo de 1.283 kil\u00f3metros cuadrados de mesetas salpicadas de sabana y colinas boscosas. Con 111.691 habitantes en 2022, es el n\u00facleo de una regi\u00f3n de ocho municipios con 176.736 habitantes (datos de 2017). Aunque su l\u00edmite urbano es de tan solo 3,45 kil\u00f3metros cuadrados, Arax\u00e1 domina un paisaje que se extiende casi 10.000 kil\u00f3metros cuadrados, uniendo peque\u00f1os pueblos y fincas rurales en un \u00fanico tapiz.<\/p>\n<p>Mucho antes de la llegada de los primeros agricultores, la historia de Arax\u00e1 pertenec\u00eda al pueblo liderado por el guerrero Andaia-Aru. Separados de la tribu Cataguases en el siglo XVI, los Arax\u00e1s se asentaron a lo largo del R\u00edo Grande y a la sombra de la Serra da Canastra. Vivieron en armon\u00eda con la tierra durante aproximadamente un siglo, hasta que oleadas de expediciones europeas los arrasaron, \u00e1vidos de madera y agua. Las tensiones estallaron, los tratados se deshicieron y, a mediados del siglo XVII, los Arax\u00e1s fueron expulsados \u200b\u200bde la tierra que hab\u00edan forjado.<\/p>\n<p>Bajo la bandera de la Capitan\u00eda de Minas Gerais, las autoridades coloniales enviaron a la bandera de Campo In\u00e1cio Correia de Pamplona a demarcar y reclamar territorio. Durante las d\u00e9cadas siguientes, surgieron asentamientos con cautela entre los arroyos y las colinas, mientras los agricultores forjaban un futuro en la espesura del bosque. En 1791, cuando un peque\u00f1o grupo de fincas se uni\u00f3 en torno a una capilla, se fund\u00f3 la parroquia de S\u00e3o Domingos de Arax\u00e1, llamada as\u00ed en honor al fundador de los dominicos. Cuatro d\u00e9cadas despu\u00e9s, obtuvo el estatus de vila (villa), y el 19 de diciembre de 1865, ostentaba el nombre de Arax\u00e1 como ciudad reconocida.<\/p>\n<p>Geogr\u00e1ficamente, Arax\u00e1 se alza a 973 metros sobre el nivel del mar, surcada por r\u00edos y riachuelos. Al norte y al noroeste se encuentra Perdizes, mientras que Ibi\u00e1 colinda al este, Tapira al sur y Sacramento al suroeste. La Serra da Bocaina, el pico m\u00e1s alto del municipio, se alza en el horizonte a 1359 metros, mientras que el terreno desciende hasta los 910 metros junto al r\u00edo Capivara. Una temperatura media anual de 20,98 \u00b0C y casi dos metros de lluvia al a\u00f1o cultivan frondosos bosques y f\u00e9rtiles pastos, un clima agradable para disfrutar de tardes relajadas bajo cielos despejados.<\/p>\n<p>Cuando se inaugur\u00f3 el Complejo Hidrotermal y Hotelero de Barreiro en la d\u00e9cada de 1940, los manantiales ricos en minerales de Arax\u00e1 transformaron su econom\u00eda. Los visitantes llegaban para sumergirse en aguas que, seg\u00fan se cre\u00eda, aliviaban el reumatismo y las afecciones de la piel; disfrutaban de tratamientos terap\u00e9uticos con barro durante el d\u00eda y bailaban bajo las l\u00e1mparas de ara\u00f1a por la noche.<\/p>\n<p>El Hotel Grande, inaugurado en 1944 por el gobernador Benedito Valadares junto con el presidente Get\u00falio Vargas, cristaliz\u00f3 esta \u00e9poca de aclamaci\u00f3n. Con imponentes fachadas art d\u00e9co y terrazas con vistas a los jardines del balneario, se convirti\u00f3 r\u00e1pidamente en escenario de reuniones pol\u00edticas, veladas art\u00edsticas y galas. Incluso hoy, sus pasillos de m\u00e1rmol y sus majestuosos salones de baile evocan una \u00e9poca de elegancia que atrajo a la \u00e9lite brasile\u00f1a a esta ciudad balnearia del interior.<\/p>\n<p>El encanto de la gran pantalla: \u201cDona Beija\u201d y m\u00e1s all\u00e1<br \/>\nLa fama de Arax\u00e1 lleg\u00f3 a las pantallas de televisi\u00f3n en la d\u00e9cada de 1980 con la telenovela &#034;Dona Beija&#034;. Centrada en la vida de una legendaria hero\u00edna local \u2014de quien se rumoreaba que llevaba raspaduras de los ba\u00f1os termales en la piel\u2014, la serie plasm\u00f3 las casas coloniales, las soleadas plazas y los serpenteantes arroyos de Arax\u00e1 en las salas de estar de todo el pa\u00eds. Los turistas, atra\u00eddos por las rom\u00e1nticas vistas de la serie, comenzaron a buscar las mismas calles y fuentes donde se desarrollaba la historia.<\/p>\n<p>Bajo su superficie, Arax\u00e1 alberga una de las reservas de niobio m\u00e1s ricas del mundo, suficiente para satisfacer la demanda mundial durante casi cinco siglos. La Companhia Brasileira de Metalurgia e Minera\u00e7\u00e3o (CBMM) lidera la extracci\u00f3n y el procesamiento, abasteciendo a la industria aeroespacial con aceros y aleaciones especializados para motores a reacci\u00f3n, cohetes y equipos de alta temperatura. Cerca de all\u00ed, Vale Fertilizantes SA opera la planta de superfosfato m\u00e1s grande de Brasil, que produce concentrados de fosfato esenciales para fertilizantes.<\/p>\n<p>En 2005, el PIB de Arax\u00e1 alcanz\u00f3 los 1.439 millones de reales, repartidos casi equitativamente entre la industria y los servicios. Ese a\u00f1o, 2.865 personas trabajaban en la industria manufacturera, 1.498 en la construcci\u00f3n, 7.636 en el comercio, 1.296 en la hosteler\u00eda y la restauraci\u00f3n, y 2.691 en la administraci\u00f3n p\u00fablica; cifras que reflejan una econom\u00eda equilibrada.<\/p>\n<p>Al entrar hoy al centro de Arax\u00e1, uno se encuentra con fachadas brillantes que bordean las calles adoquinadas. La luz del atardecer se filtra entre las ramas de \u00e1rboles centenarios en la Pra\u00e7a Governador Valadares, donde las personas mayores conversan tomando un caf\u00e9 en las cafeter\u00edas de la esquina y los ni\u00f1os persiguen palomas cerca de la fuente. Los vendedores ofrecen granos de caf\u00e9 reci\u00e9n tostados \u2014otra especialidad regional\u2014 y las pasteler\u00edas ofrecen pasteles de queso que se mantienen calientes mucho despu\u00e9s de salir de la freidora.<\/p>\n<p>M\u00e1s all\u00e1 de los l\u00edmites de la ciudad, unas 405 fincas rurales se extienden a lo largo de 68.000 hect\u00e1reas, donde aproximadamente 1.500 personas cultivan la tierra. Unas 65.000 cabezas de ganado producen medio mill\u00f3n de litros de leche al d\u00eda (datos de 2004), mientras que granjas porcinas y av\u00edcolas abastecen los mercados locales. Los campos de soja, ma\u00edz y caf\u00e9 diversifican la cosecha, y 22 peque\u00f1as destiler\u00edas elaboran cacha\u00e7a, un potente aguardiente de ca\u00f1a de az\u00facar, parte integral del patrimonio cultural brasile\u00f1o.<\/p>\n<p>La historia de Arax\u00e1 sigue en movimiento: su complejo de spa innova con nuevas terapias; CBMM desarrolla materiales avanzados; los agricultores implementan pr\u00e1cticas sostenibles. Nuevos festivales celebran el patrimonio precolonial y las artes, mientras que las galer\u00edas y los mercados de artesan\u00eda destacan a los pintores y escultores locales. Sin embargo, bajo cada avance moderno se esconde el murmullo de esos manantiales minerales y el recuerdo de los r\u00edos a la sombra de los bosques donde los Arax\u00e1s se establecieron por primera vez.<\/p>\n<p>En esta ciudad de aguas curativas, maravillas industriales y calma pastoral, el tiempo parece discurrir en dos direcciones: una que honra los antiguos manantiales y la valent\u00eda ind\u00edgena, y otra que impulsa a Brasil hacia nuevas fronteras cient\u00edficas y comerciales. La silenciosa fuerza de Arax\u00e1 perdura, tanto en el vapor que emana de sus ba\u00f1os termales como en el pulso de una comunidad forjada por la tierra, la historia y las personas que se atrevieron a quedarse.<\/p>","protected":false},"excerpt":{"rendered":"<p>With a population of 111,691 as of 2022 Arax\u00e1 is a colorful municipality tucked away in the Minas Gerais state in Western Brazil. Situated about 370 kilometers northwest of the state capital Belo Horizonte, this vibrant metropolis covers an amazing 1,283 square kilometres, with 3.45 square kilometres set aside as the urban boundary. Comprising eight municipalities and spanning an area of 9,493.902 square kilometers with a combined population of 176,736 as of 2017, Arax\u00e1 forms the center point of the Immediate Geographic Region.<\/p>","protected":false},"author":1,"featured_media":17461,"parent":7508,"menu_order":0,"comment_status":"closed","ping_status":"closed","template":"elementor_theme","meta":{"_eb_attr":"","footnotes":""},"class_list":["post-17423","page","type-page","status-publish","has-post-thumbnail"],"_links":{"self":[{"href":"https:\/\/travelshelper.com\/es\/wp-json\/wp\/v2\/pages\/17423","targetHints":{"allow":["GET"]}}],"collection":[{"href":"https:\/\/travelshelper.com\/es\/wp-json\/wp\/v2\/pages"}],"about":[{"href":"https:\/\/travelshelper.com\/es\/wp-json\/wp\/v2\/types\/page"}],"author":[{"embeddable":true,"href":"https:\/\/travelshelper.com\/es\/wp-json\/wp\/v2\/users\/1"}],"replies":[{"embeddable":true,"href":"https:\/\/travelshelper.com\/es\/wp-json\/wp\/v2\/comments?post=17423"}],"version-history":[{"count":0,"href":"https:\/\/travelshelper.com\/es\/wp-json\/wp\/v2\/pages\/17423\/revisions"}],"up":[{"embeddable":true,"href":"https:\/\/travelshelper.com\/es\/wp-json\/wp\/v2\/pages\/7508"}],"wp:featuredmedia":[{"embeddable":true,"href":"https:\/\/travelshelper.com\/es\/wp-json\/wp\/v2\/media\/17461"}],"wp:attachment":[{"href":"https:\/\/travelshelper.com\/es\/wp-json\/wp\/v2\/media?parent=17423"}],"curies":[{"name":"wp","href":"https:\/\/api.w.org\/{rel}","templated":true}]}}