{"id":17257,"date":"2024-09-25T23:31:11","date_gmt":"2024-09-25T23:31:11","guid":{"rendered":"https:\/\/travelshelper.com\/staging\/?page_id=17257"},"modified":"2026-03-12T22:43:41","modified_gmt":"2026-03-12T22:43:41","slug":"liptovsky-jan","status":"publish","type":"page","link":"https:\/\/travelshelper.com\/es\/destinations\/europe\/slovakia\/liptovsky-jan\/","title":{"rendered":"Liptovsk\u00fd J\u00e1n"},"content":{"rendered":"<p>Liptovsk\u00fd J\u00e1n, un municipio compacto de 819 habitantes enclavado en el distrito de Liptovsk\u00fd Mikul\u00e1\u0161 de la regi\u00f3n de \u017dilina, al norte de Eslovaquia, ocupa 67.774 kil\u00f3metros cuadrados a 654 metros sobre el nivel del mar. Situado en la desembocadura del valle de J\u00e1nsk\u00e1, donde se ensancha con la cuenca de Liptov, el pueblo est\u00e1 enmarcado por las crestas meridionales de los Bajos Tatras y surcado por el r\u00edo \u0160tiavnica, que pronto desemboca en el V\u00e1h. Descrito por primera vez en 1263, Liptovsk\u00fd J\u00e1n lleva la huella de siglos de esfuerzos espirituales y seculares, riqueza mineral y mecenazgo arquitect\u00f3nico, lo que lo convierte en un lugar de apacible reposo y una vibrante narrativa humana.<\/p>\n<p>La sutil exposici\u00f3n de la topograf\u00eda de Liptovsk\u00fd J\u00e1n revela un asentamiento donde convergen agua y roca. En el umbral de un valle esculpido por los glaciares, la aldea se alza contra las laderas cuyas laderas de con\u00edferas dan paso a afloramientos de piedra caliza. El r\u00edo \u0160tiavnica atraviesa el pueblo; sus aguas nacen en los Altos Tatras y transportan sedimentos que, durante milenios, han enriquecido los suelos de la cuenca. Al norte, aldeas como Be\u0148adikov\u00e1 y Uhorsk\u00e1 Ves bordean su l\u00edmite catastral; al oeste se encuentran Z\u00e1va\u017en\u00e1 Poruba y la entrada a Dem\u00e4novsk\u00e1 Dolina; al este, Podture\u0148 y Liptovsk\u00e1 Por\u00fabka forman l\u00edmites contiguos; al sureste, los pastos de las tierras altas de Vy\u0161n\u00e1 Boca se\u00f1alan el ascenso a las monta\u00f1as. La frontera sur, marcada por la cresta de los Bajos Tatras, coincide con las demarcaciones regionales que separan las regiones de \u017dilina y Bansk\u00e1 Bystrica y los distritos de Liptovsk\u00fd Mikul\u00e1\u0161 y Brezno.<\/p>\n<p>Los manantiales naturales han definido desde hace mucho tiempo el car\u00e1cter de Liptovsk\u00fd J\u00e1n. Dentro de los l\u00edmites municipales modernos se encuentran trece manantiales minerales, mientras que otros diez emergen m\u00e1s all\u00e1. Teplica, com\u00fanmente conocido como Ka\u010fa, es el m\u00e1s frecuentado, situado a apenas cien metros de la elegante Mansi\u00f3n Kazim\u00edrovsk\u00fd. Sus aguas contienen aproximadamente 830 miligramos de sulfatos por litro, una composici\u00f3n casi id\u00e9ntica a la del manantial Rudolf, con el que forma un par hidrogeol\u00f3gico. El manantial de Medok\u00fd\u0161 se encuentra m\u00e1s all\u00e1 del pueblo, a medio camino hacia Borov\u00e1 Siho\u0165, y sus aguas curativas comparten afinidad con las de Uhor\u010dianka, en la vecina Uhorsk\u00e1 Ves. En d\u00e9cadas pasadas, estos manantiales calmaban la sed de lugare\u00f1os y atra\u00eddos viajeros; hoy en d\u00eda, tambi\u00e9n abastecen piscinas termales que templan el aire alpino con su calidez.<\/p>\n<p>La evoluci\u00f3n del nombre del asentamiento refleja corrientes pol\u00edticas y eclesi\u00e1sticas. En documentos de 1286 aparece como All-round, mientras que para 1358 surge la forma \u00abIv\u00e1n el Terrible\u00bb, un accidente ling\u00fc\u00edstico m\u00e1s que una referencia al zar moscovita. A finales del siglo XIV, variantes como Zentyan, Zentyuan, Sendywan y Zentiwan capturan la fluida interacci\u00f3n del lat\u00edn y el h\u00fangaro antiguo. Para 1386, el lat\u00edn Sanctus Johannes confirma la dedicaci\u00f3n a su santo patr\u00f3n; en 1471, Swati Jan y posteriormente Zent Janus refinan la denominaci\u00f3n; los siglos XVI y XVII conservan Swati Janszky y San Juan; en 1927, el eslovaquizado Liptovsk\u00fd Sv\u00e4t\u00fd J\u00e1n aparece antes del decreto de 1960 de las autoridades comunistas que elimin\u00f3 el prefijo sagrado, dando lugar a la forma actual.<\/p>\n<p>Los rastros hist\u00f3ricos son profundos. Hacia el a\u00f1o 1200, una capilla se alzaba en el lugar de la actual iglesia g\u00f3tica; sus piedras probablemente sirvieron en las primeras consagraciones. En 1263, el rey B\u00e9la IV concedi\u00f3 el territorio \u2014entonces un paisaje agreste de bosques y arroyos\u2014 a Bohum\u00edr, hijo de Vavrinec, y a sus herederos. Sus seis hijos fundaron linajes terratenientes: la familia Sv\u00e4toj\u00e1nsky, Ba\u00e1novcov y Smre\u010d\u00e1niovcov. Antes del surgimiento de la Checoslovaquia independiente en 1918, Liptovsk\u00fd J\u00e1n pertenec\u00eda al condado de Lipt\u00f3, perteneciente al Reino de Hungr\u00eda, y entre 1939 y 1945 form\u00f3 parte de la Rep\u00fablica Eslovaca durante la guerra.<\/p>\n<p>Los registros de archivo de 1310 relatan el saqueo de la iglesia y la retirada de las cartas de propiedad pertenecientes al rey Ladislao IV, lo que sugiere que el edificio original se hab\u00eda erigido a finales del siglo XIII. La parroquia misma aparece por primera vez en 1337, citada entre las m\u00e1s recientes de Liptov, junto con Liptovsk\u00fd Mare y Sv\u00e4t\u00fd Kr\u00ed\u017e. La Reforma Protestante influy\u00f3 en la vida del pueblo a mediados del siglo XVI, cuando en 1554 la familia Sv\u00e4toj\u00e1nsky fund\u00f3 una escuela campesina en los terrenos de su se\u00f1or\u00edo, atrayendo a predicadores y maestros de renombre como J\u00e1n Mathesius y Jakub Spl\u00e9n\u00ed. Dicha instituci\u00f3n cerr\u00f3 durante el levantamiento de Francisco II R\u00e1k\u00f3czi (1705-1709) y reabri\u00f3 en 1786, coincidiendo con el establecimiento de una congregaci\u00f3n luterana aut\u00f3noma. Una escuela cat\u00f3lica romana trivial, existente desde fines del siglo XV y apoyada por la rama cat\u00f3lica del mismo linaje, hizo una pausa cuando la escuela protestante floreci\u00f3 y se reanud\u00f3 a fines del siglo XVII.<\/p>\n<p>Las preocupaciones defensivas medievales se reflejaron en la arquitectura de la iglesia. La Iglesia Cat\u00f3lica Romana de San Juan Bautista, un edificio de una sola nave con presbiterio poligonal y torre apuntada, ocupa un recinto elevado y fortificado. Construida a finales del siglo XIII, se ampli\u00f3 hacia el sur a finales del siglo XIV, cuando el santuario recibi\u00f3 una b\u00f3veda de crucer\u00eda. En el siglo XVII, se integraron bastiones y un campanario en la muralla perimetral; sin embargo, la torre en s\u00ed data de 1808. La estructura conserva su austera fachada dividida por contrafuertes y rematada con ventanas de arco de medio punto. En el interior, un altar mayor de finales del Renacimiento se alza bajo la b\u00f3veda; un altar lateral de la Crucifixi\u00f3n data del siglo XVI, ampliado por una ampliaci\u00f3n del siglo XV; el baptisterio de piedra con su base en espiral es de la misma \u00e9poca. Un altar de estilo barroco temprano presenta una estatua de la Virgen g\u00f3tica de la segunda mitad del siglo XV, y los monumentos conmemorativos a la familia Sentiv\u00e1ni, incluido un epitafio y un dep\u00f3sito de cad\u00e1veres, hablan de la nobleza local.<\/p>\n<p>En contraste, la iglesia evang\u00e9lica, erigida en 1785 como un edificio de tolerancia, presenta l\u00edneas rectangulares y una torre que una vez sirvi\u00f3 como un austero campanario protestante hasta que fue da\u00f1ada por un incendio en 1907. Juraj Ko\u0161\u00fat supervis\u00f3 su reconstrucci\u00f3n en forma neog\u00f3tica; su interior exhibe un altar neobarroco con una pintura de Cristo en la cruz, fechada en 1908. Externamente est\u00e1 articulada por ventanas lanceoladas y una torre enmarcada por lisenes, coronada por una aguja piramidal.<\/p>\n<p>M\u00e1s all\u00e1 de las estructuras sagradas, Liptovsk\u00fd J\u00e1n conserva decenas de mansiones seculares que marcan las fortunas de la aristocracia. El Castillo de Sentiv\u00e1niv\u00e1, de dos plantas y originalmente renacentista de planta rectangular del siglo XVII, adquiri\u00f3 florituras barrocas y un tercer piso antes de adoptar su fachada de estilo Imperio de principios del siglo XIX. Sus b\u00f3vedas renacentistas en la planta baja y su risalit de medias columnas dobles ofrecen una imponente presencia visual. La mansi\u00f3n \u0147\u00e1riovsk\u00fd, tambi\u00e9n renacentista del siglo XVI, presenta una planta irregular y b\u00f3vedas interiores de estuco; su fachada est\u00e1 marcada por vanos circulares en las esquinas sobre montantes de madera. Al otro lado de \u0160tiavnica se encuentra la Mansi\u00f3n Za vodou de finales del siglo XV, posteriormente ampliada en estilo barroco y del siglo XVIII; su doble ventana renacentista da al agua, cuyo murmullo le vali\u00f3 el nombre a la casa.<\/p>\n<p>La Mansi\u00f3n Hilbert, de planta en forma de L y or\u00edgenes del siglo XVII, encarna capas de renovaci\u00f3n barroca y clasicista; sus paredes lisas son un lienzo para el gusto en constante evoluci\u00f3n. Cerca de all\u00ed, la mansi\u00f3n Neme\u0161ovsko-Barnovsk\u00fd, de alrededor de 1565, conserva una chimenea renacentista de 1588, enmarcada por una fachada de marcos de lis\u00e9n. La mansi\u00f3n P\u00e1lovsk\u00fd presenta un sencillo bloque rectangular del siglo XVII, con torres octogonales de agujas afiladas en los v\u00e9rtices, mientras que la Mansi\u00f3n Tom\u00e1\u0161ovsk\u00fd, tambi\u00e9n renacentista y en forma de L, adquiri\u00f3 precedentes barrocos alrededor de 1738. La Mansi\u00f3n Marcovsk\u00fd, de clasicismo de principios del siglo XIX, presenta un hastial triangular y una fachada con pilastras que evocan el refinamiento de la primera \u00e9poca moderna.<\/p>\n<p>La mansi\u00f3n \u0160\u00e1ndorovsk\u00fd, con su arcada y hastial triangular, fue objeto de intervenciones clasicistas y de finales del siglo XX. La mansi\u00f3n Kazim\u00edrovsk\u00fd, de una sola planta y de estilo clasicista, impone su presencia mediante un saliente central y arcos ciegos; la Jon\u00e1\u0161ovsk\u00e1 k\u00faria, restaurada en 1967, presenta formas barrocas tard\u00edas bajo una cubierta abuhardillada; la mansi\u00f3n G\u00e1borov conserva una b\u00f3veda de corredor segmentada bajo una estructura barroca tard\u00eda; y la mansi\u00f3n del balneario de Sentiv\u00e1ni, en consonancia con la fundaci\u00f3n del balneario a principios del siglo XX, ofrece un portal de entrada enmarcado por pilastras y un t\u00edmpano. La propia Casa del Balneario, que antiguamente albergaba los establos de la residencia de Sentiv\u00e1ni, fue adaptada en 1834 para recibir a los hu\u00e9spedes, con sus semicolumnas j\u00f3nicas y su hastial triangular que marcan un di\u00e1logo arquitect\u00f3nico entre funci\u00f3n y forma. La mansi\u00f3n \u013dubovsko-Pi\u0161tovsk\u00fd, otro superviviente del Renacimiento, fue sometida a una reforma clasicista en el siglo XIX y a una reconstrucci\u00f3n en el siglo XX; sus b\u00f3vedas interiores son un susurrado recuerdo de la grandeza pasada.<\/p>\n<p>La vida social del pueblo ha girado desde hace mucho tiempo en torno a las instituciones c\u00edvicas y culturales. En 1886, los residentes fundaron una asociaci\u00f3n y una estaci\u00f3n de bomberos; en 1902, se estableci\u00f3 un teatro amateur tanto en Podture\u0148 como en Liptovsk\u00fd J\u00e1n. El fallecimiento del \u00faltimo heredero de Sv\u00e4toj\u00e1nsky en 1930 transfiri\u00f3 vastas propiedades a la Rep\u00fablica Checoslovaca. En 1971, se fund\u00f3 el complejo deportivo TJ \u0160tart, reforzando el compromiso de la comunidad con el ocio y la actividad colectiva.<\/p>\n<p>Los turistas ahora encuentran un asentamiento que ofrece tanto aventura alpina como descanso termal. Dos estaciones de esqu\u00ed dominan los meses de invierno, y los esquiadores recorren las laderas excavadas en las crestas boscosas. Diversos establecimientos de hosteler\u00eda bordean la carretera que lleva al valle de J\u00e1nsk\u00e1: desde pensiones familiares hasta modernos balnearios construidos sobre manantiales curativos. Un gran complejo de piscinas termales, que combina estanques naturales y artificiales, atrae a lugare\u00f1os y viajeros a aguas templadas por fuerzas subterr\u00e1neas. El balneario, los patios de las mansiones y el parque forman un circuito integrado de relajaci\u00f3n y reflexi\u00f3n.<\/p>\n<p>Las comodidades cotidianas sustentan la vida del pueblo. Una tienda COOP Jednota ofrece art\u00edculos para el hogar; los servicios de lavander\u00eda cubren necesidades pr\u00e1cticas; una oficina de correos y un centro de informaci\u00f3n tur\u00edstica orientan a los reci\u00e9n llegados y facilitan la correspondencia. El acceso por carretera es sencillo: la v\u00eda principal conduce a los valles de J\u00e1nsk\u00e1 y Stani\u0161ovsk\u00e1, y la salida a la autopista D1 se encuentra justo al norte del pueblo. Para viajar en tren, se necesita un corto trayecto en autob\u00fas hasta la estaci\u00f3n de Podture\u0148, desde donde se conectan frecuentemente con toda la regi\u00f3n.<\/p>\n<p>A trav\u00e9s de capillas medievales y casas solariegas renacentistas, a trav\u00e9s de la temperatura de sus manantiales y la silueta de sus iglesias, Liptovsk\u00fd J\u00e1n presenta un microcosmos de la historia centroeuropea. Su poblaci\u00f3n de menos de mil almas se re\u00fane en un territorio moldeado por glaciares y protegido por monta\u00f1as, donde las corrientes de los r\u00edos y el paso del tiempo tienen la misma primac\u00eda. Ya sea atra\u00eddos por aguas ricas en sulfatos o por la elegancia estoica de santuarios fortificados y casas solariegas, los visitantes encuentran aqu\u00ed un di\u00e1logo perdurable entre los ritmos de la naturaleza y la aspiraci\u00f3n humana; un di\u00e1logo que contin\u00faa desarroll\u00e1ndose en cada manantial, en cada piedra y en cada paso por el camino del valle.<\/p>","protected":false},"excerpt":{"rendered":"<p>Liptovsk\u00fd J\u00e1n es un balneario situado en la regi\u00f3n de \u017dilina, al norte de Eslovaquia, con una poblaci\u00f3n de unos 1000 habitantes. Situada en el distrito de Liptovsk\u00fd Mikul\u00e1\u0161, esta encantadora ciudad presume de una belleza natural y un rico pasado que atrae por igual a residentes y visitantes.<\/p>","protected":false},"author":1,"featured_media":17589,"parent":13300,"menu_order":0,"comment_status":"closed","ping_status":"closed","template":"elementor_theme","meta":{"_eb_attr":"","footnotes":""},"class_list":["post-17257","page","type-page","status-publish","has-post-thumbnail"],"_links":{"self":[{"href":"https:\/\/travelshelper.com\/es\/wp-json\/wp\/v2\/pages\/17257","targetHints":{"allow":["GET"]}}],"collection":[{"href":"https:\/\/travelshelper.com\/es\/wp-json\/wp\/v2\/pages"}],"about":[{"href":"https:\/\/travelshelper.com\/es\/wp-json\/wp\/v2\/types\/page"}],"author":[{"embeddable":true,"href":"https:\/\/travelshelper.com\/es\/wp-json\/wp\/v2\/users\/1"}],"replies":[{"embeddable":true,"href":"https:\/\/travelshelper.com\/es\/wp-json\/wp\/v2\/comments?post=17257"}],"version-history":[{"count":0,"href":"https:\/\/travelshelper.com\/es\/wp-json\/wp\/v2\/pages\/17257\/revisions"}],"up":[{"embeddable":true,"href":"https:\/\/travelshelper.com\/es\/wp-json\/wp\/v2\/pages\/13300"}],"wp:featuredmedia":[{"embeddable":true,"href":"https:\/\/travelshelper.com\/es\/wp-json\/wp\/v2\/media\/17589"}],"wp:attachment":[{"href":"https:\/\/travelshelper.com\/es\/wp-json\/wp\/v2\/media?parent=17257"}],"curies":[{"name":"wp","href":"https:\/\/api.w.org\/{rel}","templated":true}]}}