{"id":17238,"date":"2024-09-25T23:14:21","date_gmt":"2024-09-25T23:14:21","guid":{"rendered":"https:\/\/travelshelper.com\/staging\/?page_id=17238"},"modified":"2026-03-12T22:35:10","modified_gmt":"2026-03-12T22:35:10","slug":"bojnice","status":"publish","type":"page","link":"https:\/\/travelshelper.com\/es\/destinations\/europe\/slovakia\/bojnice\/","title":{"rendered":"Bojnice"},"content":{"rendered":"<p>Bojnice, una ciudad de aproximadamente 5000 habitantes, ocupa una posici\u00f3n estrat\u00e9gica en el este de Eslovaquia, a orillas del r\u00edo Nitra, justo debajo del castillo medieval de Bojnice. Enclavada en el valle superior del r\u00edo Nitra, al pie de las monta\u00f1as Str\u00e1\u017eov, comparte red de transporte p\u00fablico con la cercana ciudad de Prievidza y se encuentra a unos 60 kil\u00f3metros al sur de \u017dilina y a 65 kil\u00f3metros al este de Tren\u010d\u00edn.<\/p>\n<p>La historia de Bojnice comienza en la prehistoria, donde el calor curativo de sus aguas termales atrajo la atenci\u00f3n humana por primera vez durante el per\u00edodo glaciar Riss-W\u00fcrm, hace aproximadamente 100.000 a\u00f1os. Restos fosilizados de mam\u00edferos del Pleistoceno, incrustados en dep\u00f3sitos de travertino, dan testimonio tanto de la riqueza de la fauna local como de la presencia de grupos humanos en busca de sustento y refugio. En los profundos recovecos de lo que hoy es la cueva Prepo\u0161tsk\u00e1, artefactos de piedra (raspadores, puntas y taladros) dan testimonio de la presencia neandertal durante el Levallois-Musteriense, entre el 70.000 y el 40.000 a. C. Restos fragmentarios del Paleol\u00edtico Inferior y el Neol\u00edtico revelan indicios m\u00e1s sustanciales de ocupaci\u00f3n permanente por parte de la cultura de Hallstatt desde el siglo VIII a. C.<\/p>\n<p>En el afloramiento de travertino que se convertir\u00eda en la colina del castillo, las comunidades de la cultura P\u00fachov erigieron sus primeras fortificaciones a finales del primer milenio a. C. Posteriormente, los colonos eslavos transformaron este promontorio en un centro de artesan\u00eda, comercio y defensa, dejando tras de s\u00ed herramientas de hierro y fragmentos de cer\u00e1mica distintiva. La continuidad del asentamiento se ha mantenido desde el siglo IX, cuando la cima fortificada asumi\u00f3 su papel perdurable como centro de la autoridad regional.<\/p>\n<p>El primer registro escrito de Bojnice data de 1113, cuando los documentos de Zobor mencionan \u00abde suburbanis Baimoz\u00bb como el suburbio bajo el castillo. Esta carta tambi\u00e9n menciona una rector\u00eda; una iglesia aparece en los registros existentes de 1244, lo que confirma la condici\u00f3n de Bojnice como centro neur\u00e1lgico de la vida religiosa en la Alta Nitra. En 1366, el rey Luis I de Hungr\u00eda otorg\u00f3 privilegios a la ciudad, incluyendo el derecho a un matadero, un molino, la explotaci\u00f3n de balnearios y ferias regulares, sentando as\u00ed las bases para el crecimiento econ\u00f3mico mediante el comercio y la artesan\u00eda especializada.<\/p>\n<p>La Baja Edad Media trajo consigo un gran peligro militar a la frontera de los C\u00e1rpatos, lo que impuls\u00f3 a las familias Turz y, posteriormente, a las P\u00e1lffy a supervisar la construcci\u00f3n de murallas defensivas alrededor del castillo y la ciudad. Para 1663, este baluarte se complet\u00f3, reforzando el papel de Bojnice como basti\u00f3n en la v\u00eda real conocida como la V\u00eda Magna, que un\u00eda Viena con Transilvania. De 1613 a 1823, Bojnice sirvi\u00f3 como una de las estaciones postales vitales de la monarqu\u00eda de los Habsburgo, facilitando el transporte de sal, hierro y metales preciosos por toda Europa Central. El emperador Fernando III restableci\u00f3 los privilegios urbanos en 1647, reafirmando la autonom\u00eda c\u00edvica de la ciudad.<\/p>\n<p>Los gremios, reflejo de la complejidad de la econom\u00eda de Bojnice, surgieron a mediados del siglo XVII. Registros de 1653 citan la presencia de zapateros, alba\u00f1iles, zapateros, sastres, tejedores, tintoreros, peleteros y toneleros. El gobierno municipal reca\u00eda en un alcalde y doce senadores, apoyados por un notario y un hajd\u00fach, cuyos instrumentos de ejecuci\u00f3n \u2014una picota y una prisi\u00f3n municipal\u2014 se ubicaban en la plaza principal. Bojnice conserv\u00f3 su papel como centro econ\u00f3mico, administrativo y militar de la regi\u00f3n hasta 1872, cuando la vecina Prievidza asumi\u00f3 gradualmente dichas funciones en las primeras d\u00e9cadas del siglo XX.<\/p>\n<p>En el centro del perdurable atractivo de Bojnice reside el propio castillo, documentado por primera vez en 1113 como un fuerte de madera. Durante los siglos siguientes, los sucesivos propietarios reemplazaron las empalizadas de madera por imponentes muros y torres de piedra. En el siglo XX, la familia P\u00e1lffy, guiada por un esp\u00edritu rom\u00e1ntico, remodel\u00f3 el complejo hasta alcanzar su actual forma de cuento de hadas, con esbeltas torretas, arcadas ornamentadas y una silueta que se alza sobre una roca travertina que oculta una cueva natural. Hoy en d\u00eda, el castillo alberga un museo nacional, cuyas galer\u00edas conservan artefactos y obras de arte que trazan la historia de la regi\u00f3n. Cineastas han recurrido repetidamente a sus evocadores espacios, y cada primavera el patio acoge el Festival Internacional de Fantasmas y Esp\u00edritus, durante el cual los asistentes con entrada (cuyo precio es de aproximadamente 150 coronas eslovacas) participan en una recreaci\u00f3n teatral de leyendas espectrales basadas en la tradici\u00f3n local. El calendario del castillo tambi\u00e9n incluye ocasiones estacionales como el programa del Castillo de cuento de hadas, una celebraci\u00f3n de fin de semana de San Valent\u00edn y un evento de Navidad en el Castillo.<\/p>\n<p>Los manantiales termales que anta\u00f1o atrajeron a cazadores prehist\u00f3ricos siguen consolidando la distinci\u00f3n de Bojnice como una de las ciudades balnearias m\u00e1s antiguas de Eslovaquia. Registradas por primera vez en 1549, las aguas curativas emergen de profundidades de entre 1200 y 1500 metros, con temperaturas que oscilan entre los 28 y los 52 \u00b0C desde nueve pozos que, en conjunto, descargan unos 40 litros por segundo. Las modernas instalaciones termales atienden a pacientes con trastornos del aparato locomotor, afecciones reum\u00e1ticas, secuelas postraum\u00e1ticas y ortop\u00e9dicas en adolescentes, afecciones neurol\u00f3gicas y dolencias profesionales. En pleno verano, los complejos de piscinas al aire libre, compuestos por tres piscinas, ofrecen a los visitantes un respiro del calor, combinando la tradici\u00f3n terap\u00e9utica con el ocio recreativo.<\/p>\n<p>En 1955, la creaci\u00f3n del Zool\u00f3gico de Bojnice ampli\u00f3 la oferta cultural y cient\u00edfica de la ciudad. Para 2006, ya albergaba m\u00e1s de 1800 animales de 355 especies. Sus recintos, ubicados en un parque ajardinado con espec\u00edmenes arb\u00f3reos de todo el mundo, permiten la observaci\u00f3n de cerca de 75 especies de mam\u00edferos, 138 taxones de aves, 86 tipos de peces y 47 variedades de reptiles. Las atracciones para j\u00f3venes, que abarcan desde exhibiciones educativas hasta \u00e1reas de juego interactivas, garantizan que los ni\u00f1os se involucren directamente en los procesos de conservaci\u00f3n e historia natural.<\/p>\n<p>Los datos demogr\u00e1ficos reflejan una poblaci\u00f3n mayoritariamente homog\u00e9nea: el censo de 2001 registr\u00f3 5.006 residentes, de los cuales el 97,06 % se identificaba como eslovaco, el 0,68 % como checo y el 0,24 % como alem\u00e1n (alemanes de los C\u00e1rpatos). La afiliaci\u00f3n religiosa estaba dominada por los cat\u00f3licos romanos con un 74,55 %, mientras que el 19 % declar\u00f3 no tener ninguna fe y aproximadamente el 2 % profesaba el luteranismo.<\/p>\n<p>A lo largo del siglo XX, Bojnice aprovech\u00f3 su riqueza hist\u00f3rica, sus recursos termales y su zool\u00f3gico para consolidarse como un destino eminente para visitantes de toda Eslovaquia y del extranjero. Los eventos culturales y deportivos anuales atraen multitudes al compacto centro de la ciudad, donde el trazado medieval de las calles y la arquitectura patrimonial evocan la obra de la humanidad. Ya sea que se busque una perspectiva acad\u00e9mica sobre arqueolog\u00eda prehist\u00f3rica, la contemplaci\u00f3n en los salones del castillo, la recuperaci\u00f3n terap\u00e9utica en aguas termales o el simple placer de observar fauna ex\u00f3tica, Bojnice recompensa al viajero en cada momento del a\u00f1o.<\/p>\n<p>En cada estaci\u00f3n, la ciudad ofrece una s\u00edntesis de historia, ciencia y salud, convergiendo en un \u00fanico punto donde los vapores termales se elevan con el tel\u00f3n de fondo de las torres g\u00f3ticas y donde los ecos de las lejanas diligencias postales resuenan bajo los arcos de piedra. Su car\u00e1cter perdurable no surge del espect\u00e1culo masivo, sino de la serena dignidad de un asentamiento ininterrumpido, el flujo continuo de c\u00e1lidos manantiales minerales y la custodia de tradiciones milenarias. Bojnice es testimonio de la capacidad de una peque\u00f1a comunidad \u2014de tan solo cinco mil almas\u2014 para mantener un legado que conecta a los habitantes de las cuevas del Paleol\u00edtico, los cl\u00e9rigos medievales, los ingenieros militares de la Ilustraci\u00f3n y los conservadores modernos del patrimonio natural y cultural. Su historia sigue tan vigente ahora como cuando se golpearon los primeros pedernales contra la roca prehist\u00f3rica, invitando a la reflexi\u00f3n sobre la continuidad de la presencia humana en este rinc\u00f3n de Europa Central.<\/p>","protected":false},"excerpt":{"rendered":"<p>Enclavada en el pintoresco valle superior del r\u00edo Nitra, al este de Eslovaquia, Bojnice es un testimonio de la rica historia y cultura europeas. Esta encantadora ciudad, con una poblaci\u00f3n de aproximadamente 5000 habitantes, se encuentra justo debajo del emblem\u00e1tico Castillo de Bojnice y cerca de la ciudad de Prievidza. Bojnice, que se encuentra bajo las monta\u00f1as Str\u00e1\u017eov, se ha convertido en uno de los destinos tur\u00edsticos m\u00e1s apreciados de Eslovaquia y en una de las ciudades balnearias m\u00e1s antiguas gracias a su ubicaci\u00f3n estrat\u00e9gica.<\/p>","protected":false},"author":1,"featured_media":17502,"parent":13300,"menu_order":0,"comment_status":"closed","ping_status":"closed","template":"elementor_theme","meta":{"_eb_attr":"","footnotes":""},"class_list":["post-17238","page","type-page","status-publish","has-post-thumbnail"],"_links":{"self":[{"href":"https:\/\/travelshelper.com\/es\/wp-json\/wp\/v2\/pages\/17238","targetHints":{"allow":["GET"]}}],"collection":[{"href":"https:\/\/travelshelper.com\/es\/wp-json\/wp\/v2\/pages"}],"about":[{"href":"https:\/\/travelshelper.com\/es\/wp-json\/wp\/v2\/types\/page"}],"author":[{"embeddable":true,"href":"https:\/\/travelshelper.com\/es\/wp-json\/wp\/v2\/users\/1"}],"replies":[{"embeddable":true,"href":"https:\/\/travelshelper.com\/es\/wp-json\/wp\/v2\/comments?post=17238"}],"version-history":[{"count":0,"href":"https:\/\/travelshelper.com\/es\/wp-json\/wp\/v2\/pages\/17238\/revisions"}],"up":[{"embeddable":true,"href":"https:\/\/travelshelper.com\/es\/wp-json\/wp\/v2\/pages\/13300"}],"wp:featuredmedia":[{"embeddable":true,"href":"https:\/\/travelshelper.com\/es\/wp-json\/wp\/v2\/media\/17502"}],"wp:attachment":[{"href":"https:\/\/travelshelper.com\/es\/wp-json\/wp\/v2\/media?parent=17238"}],"curies":[{"name":"wp","href":"https:\/\/api.w.org\/{rel}","templated":true}]}}