{"id":17047,"date":"2024-09-25T13:00:33","date_gmt":"2024-09-25T13:00:33","guid":{"rendered":"https:\/\/travelshelper.com\/staging\/?page_id=17047"},"modified":"2026-03-12T20:59:37","modified_gmt":"2026-03-12T20:59:37","slug":"calimanesti","status":"publish","type":"page","link":"https:\/\/travelshelper.com\/es\/destinations\/europe\/romania\/calimanesti\/","title":{"rendered":"C\u0103lim\u0103ne\u0219ti"},"content":{"rendered":"<p>C\u0103lim\u0103ne\u0219ti-C\u0103ciulata es una peque\u00f1a ciudad balneario de 7348 habitantes (censo de 2021) situada en el condado de V\u00e2lcea, al sur de Ruman\u00eda. Abarca la zona norte del condado a lo largo de ambas orillas del r\u00edo Olt y colinda con las laderas bajas de los C\u00e1rpatos Meridionales. Situada en el extremo sur del valle del r\u00edo Olt, ocupa un hist\u00f3rico corredor de tr\u00e1nsito entre las llanuras de Oltenia y las alturas de Transilvania; su huella urbana se extiende desde los manantiales minerales de C\u0103ciulata hasta el antiguo recinto de Cozia.<\/p>\n<p>Los or\u00edgenes de C\u0103lim\u0103ne\u0219ti se remontan a la antig\u00fcedad, cuando los pastores dacios reconocieron por primera vez las virtudes terap\u00e9uticas de sus aguas termales. El primer cap\u00edtulo documentado de la localidad data del per\u00edodo romano tard\u00edo, cuando, en el a\u00f1o 138 d. C., las legiones imperiales establecieron el fuerte de Arutela en Bivolari (Arutela era el nombre romano del Olt). Esta fortificaci\u00f3n constituy\u00f3 un pr\u00f3spero asentamiento rural que reflejaba los contornos del r\u00edo y la escarpada ladera de lo que la tradici\u00f3n nativa consideraba la monta\u00f1a sagrada dacia de Kogaionon (actual Monte Cozia). A medida que se disolv\u00eda la frontera imperial, ese asentamiento persisti\u00f3, moldeado por las oleadas migratorias, el auge y la ca\u00edda de los principados y el perdurable magnetismo de sus manantiales.<\/p>\n<p>En 1388, el voivoda Mircea el Viejo consagr\u00f3 el Monasterio de Cozia, en pleno coraz\u00f3n de C\u0103lim\u0103ne\u0219ti, marcando el 20 de mayo como fecha de fundaci\u00f3n de la comunidad. La dotaci\u00f3n de Mircea, erigida sobre la antigua propiedad de su boyardo Nan Udob\u0103, fue un s\u00edmbolo de m\u00e1s que piedad: integr\u00f3 el lugar en el naciente tapiz del Estado valaco. Bajo sucesivos gobernantes, entre ellos Matei Basarab, el monasterio se convirti\u00f3 tanto en un mausoleo din\u00e1stico como en un punto de paso para los fieles. Cuentan las leyendas que el propio Mircea busc\u00f3 consuelo en las aguas sulfurosas adyacentes a su fundaci\u00f3n; siglos despu\u00e9s, el s\u00e9quito de su sucesor seguir\u00eda su ejemplo.<\/p>\n<p>El pueblo medieval que se form\u00f3 en torno a Cozia era solo una de las cinco aldeas rurales que administra la ciudad en la actualidad: junto a C\u0103ciulata se encuentran Jiblea Nou\u0103, Jiblea Veche, Seaca y P\u0103u\u0219a. De estas, C\u0103ciulata se convirti\u00f3 en el n\u00facleo tur\u00edstico, atra\u00edda por la abundancia de manantiales termales y su proximidad a los recintos sagrados de Cozia. A mediados del siglo XIX, C\u0103lim\u0103ne\u0219ti evit\u00f3 la habitual transformaci\u00f3n de aldea en ciudad, alcanzando directamente la categor\u00eda de balneario, testimonio del renombre de sus aguas. Cuando la Dra. Carol D\u00e1vila encomi\u00f3 el manantial n.\u00ba 1 al emperador Napole\u00f3n III en Par\u00eds, el correo imperial llev\u00f3 agua mineral embotellada a las Tuller\u00edas. A su vez, Francisco Jos\u00e9 de Austria-Hungr\u00eda se benefici\u00f3 de sus tratamientos balnearios.<\/p>\n<p>A lo largo del siglo XX, las colinas de C\u0103ciulata se llenaron de hoteles, sanatorios y un Hotel Central estilo pabell\u00f3n, todos equipados tanto para ba\u00f1os externos como para curas internas. Villas y casinos de estilo suizo adornaron anta\u00f1o la \u00fanica isla interior de Olt, Ostrov, donde la popic\u0103rie (bolera) y el escenario ribere\u00f1os enmarcaban las festividades locales. Incluso la ermita de la isla, fundada por Neagoe Basarab, recib\u00eda visitantes entre abetos centenarios. Las obras hidrot\u00e9cnicas de la d\u00e9cada de 1970 realzaron el perfil de la isla, pero talaron su venerable bosque; el casino cay\u00f3 en desuso, y las plantaciones de reemplazo a\u00fan no han recuperado la grandeza del bosque original.<\/p>\n<p>La trayectoria poblacional de C\u0103lim\u0103ne\u0219ti refleja corrientes sociales m\u00e1s amplias. El censo de 1930 registr\u00f3 2876 habitantes; para 1956, esa cifra se hab\u00eda duplicado hasta alcanzar los 6651, impulsada por el desarrollo de la posguerra. Un aumento repentino a mediados de siglo elev\u00f3 el recuento a 8095 en 1977 y a un m\u00e1ximo poscomunista de 9131 en 1992. Desde entonces, la ciudad ha disminuido: 8923 en 2002, 7622 en 2011 y 7348 en 2021. En cuanto a la etnia, los rumanos representan el 82,5 % de la poblaci\u00f3n, los roman\u00edes alrededor del 5,4 % y el 12 % no declara su afiliaci\u00f3n religiosa; en cuanto a la religi\u00f3n, el 86,3 % se afilia a la ortodoxia y el 12,9 % no declara su afiliaci\u00f3n religiosa.<\/p>\n<p>Los vestigios estratificados de la fe y el imperio impregnan los alrededores de C\u0103lim\u0103ne\u0219ti. El fuerte romano de Arutela sobrevive en piedra fragmentaria en Bivolari, con su campamento adyacente a la moderna central hidroel\u00e9ctrica de Cozia. Antes de \u00e9l, los fieles dacios y romanos ascend\u00edan a las alturas de Cozia; en el macizo boscoso se encuentran el monasterio de St\u0103ni\u0219oara, a unos seis kil\u00f3metros de la ciudad, y el monasterio de Turnu, aislado en unas espectaculares tierras altas. La ermita de San Juan, &#034;La Iglesia bajo la Roca&#034;, se alza en el borde de una cornisa, mientras que la ermita de Ostrov sigue siendo el convento de monjas m\u00e1s antiguo de Valaquia. En la ladera de Cozia, un promontorio rocoso conocido como la Mesa de Trajano conserva la tradici\u00f3n del vivac del emperador durante su campa\u00f1a dacia e inspir\u00f3 los versos de Dimitrie Bolintineanu.<\/p>\n<p>Abundan los paisajes naturales. La cascada Lotri\u0219or se precipita por un estrecho barranco a apenas seis kil\u00f3metros al este. La cascada Urzicii o Gardului se desploma diecisiete metros a lo largo de un afluente del arroyo P\u0103u\u0219a. M\u00e1s all\u00e1, el Parque Nacional de Cozia abarca unas 17.000 hect\u00e1reas de bosque de los C\u00e1rpatos meridionales: hayas, abetos, p\u00edceas y robles que descienden en hileras hasta el Olt, donde prosperan los tulipanes, la end\u00e9mica rosa de Cozia (Centaurea stoebe coziensis) y otras especies alpino-balc\u00e1nicas. Osos pardos de los C\u00e1rpatos, lobos, linces, gatos monteses, ciervos e \u00edbices vagan por sus alturas; v\u00edboras comunes y cornudas toman el sol en sus riscos soleados.<\/p>\n<p>Las figuras culturales se han detenido a la sombra de C\u0103lim\u0103ne\u0219ti. En septiembre de 1882, Mihai Eminescu lament\u00f3 el deterioro de la bas\u00edlica y el recinto mon\u00e1stico de Cozia \u2014\u00abun monumento hist\u00f3rico casi tan antiguo como el pa\u00eds\u00bb\u2014, informando en Timpul que el lugar de descanso del mayor voivoda de Valaquia se hab\u00eda convertido en \u00abuna prisi\u00f3n\u00bb. En el invierno de 1909, Octavio Goga invern\u00f3 en C\u0103ciulata, preparando su volumen \u00abLa \u00abP\u0103m\u00e2ntul ne cheam\u0103\u00bb mientras contemplaba el g\u00e9lido Olt.<\/p>\n<p>El tejido social del complejo tur\u00edstico vibraba anta\u00f1o en los campamentos estudiantiles de C\u0103ciulata, donde generaciones de escolares se reun\u00edan antes de emprender excursiones a Turnu, St\u0103ni\u0219oara, la Ermita de San Juan o el Monte Cozia. Las terrazas danzantes animaban las tardes bajo las estrellas de la monta\u00f1a; recuerdos que ahora se desvanecen a medida que muchas villas quedan en silencio.<\/p>\n<p>Hoy en d\u00eda, el sector principal de C\u0103lim\u0103ne\u0219ti sigue siendo el turismo termal, y sus instalaciones esperan ser renovadas gracias a nuevas inversiones. La estaci\u00f3n de tren de la ciudad, construida en 1899, conserva su fachada hist\u00f3rica incluso cuando los vagones modernos se detienen en su and\u00e9n. La Biblioteca Municipal AE Baconschi, que antiguamente era un casino en la isla de Ostrov, figura entre los monumentos hist\u00f3ricos de Ruman\u00eda, un recordatorio de que la recreaci\u00f3n y el descanso aqu\u00ed han estado estrechamente vinculados desde hace mucho tiempo.<\/p>\n<p>Para el viajero que llega por la DN7 \u2014la segunda carretera m\u00e1s transitada de Ruman\u00eda, que une las llanuras de Valaquia con Transilvania y posteriormente con Europa Central\u2014, la ciudad se despliega como un palimpsesto de geolog\u00eda, historia y devoci\u00f3n. Sus manantiales termales, excavados a lo largo de milenios por el calor subterr\u00e1neo; sus cimientos mon\u00e1sticos, consagrados por voivodas medievales; su mamposter\u00eda romana, erosionada por el tiempo; sus parques arbolados, repletos de flora y fauna end\u00e9micas: todo converge a lo largo de la tranquila corriente del Olt. Aqu\u00ed, entre los riscos de las tierras altas y la extensi\u00f3n del r\u00edo, el visitante puede percibir la continuidad estratificada del lugar: una continuidad que, incluso con sus cambios de poblaci\u00f3n y prop\u00f3sito, permanece ligada a los manantiales que en un principio atrajeron a pastores y santos por igual.<\/p>\n<p>En el siglo XXI, C\u0103lim\u0103ne\u0219ti-C\u0103ciulata se encuentra en una encrucijada entre la preservaci\u00f3n y la renovaci\u00f3n. Sus deteriorados sanatorios y silenciosos casinos esperan ser restaurados; sus arboledas y ermitas merecen una gesti\u00f3n rigurosa; sus aguas exigen el mismo rigor cient\u00edfico que en sus inicios atrajo la curiosidad dacia. Mientras la ciudad busca nuevos clientes para su legado termal, el reto reside en equilibrar el comercio con el cuidado, honrar las tradiciones curativas sin reducirlas al espect\u00e1culo y salvaguardar la silenciosa profundidad del lugar que resuena en cada piedra, en cada riachuelo de Cozia y en cada aliento que se respira en las laderas de los C\u00e1rpatos. De este modo, C\u0103lim\u0103ne\u0219ti podr\u00e1 mantener su centenaria alianza entre cultura y curaci\u00f3n, asegurando que su narrativa perdure como monumento viviente y balneario viviente.<\/p>","protected":false},"excerpt":{"rendered":"<p>C\u0103lim\u0103ne\u0219ti, tambi\u00e9n conocida como C\u0103lim\u0103ne\u0219ti-C\u0103ciulata, es una pintoresca ciudad situada en el sur de Ruman\u00eda, concretamente en el condado de V\u00e2lcea. Enclavada en el casco hist\u00f3rico de Oltenia, esta peque\u00f1a ciudad goza de una ubicaci\u00f3n privilegiada en el extremo norte del condado. Con 7348 habitantes seg\u00fan el censo de 2021, C\u0103lim\u0103ne\u0219ti muestra un ligero descenso con respecto a a\u00f1os anteriores. La historia y el crecimiento de la ciudad se han visto influenciados en gran medida por su singular ubicaci\u00f3n en el extremo sur del valle del r\u00edo Olt, a su paso por los C\u00e1rpatos Meridionales y junto a la antigua carretera que une Oltenia con Transilvania.<\/p>","protected":false},"author":1,"featured_media":17584,"parent":11908,"menu_order":0,"comment_status":"closed","ping_status":"closed","template":"elementor_theme","meta":{"_eb_attr":"","footnotes":""},"class_list":["post-17047","page","type-page","status-publish","has-post-thumbnail"],"_links":{"self":[{"href":"https:\/\/travelshelper.com\/es\/wp-json\/wp\/v2\/pages\/17047","targetHints":{"allow":["GET"]}}],"collection":[{"href":"https:\/\/travelshelper.com\/es\/wp-json\/wp\/v2\/pages"}],"about":[{"href":"https:\/\/travelshelper.com\/es\/wp-json\/wp\/v2\/types\/page"}],"author":[{"embeddable":true,"href":"https:\/\/travelshelper.com\/es\/wp-json\/wp\/v2\/users\/1"}],"replies":[{"embeddable":true,"href":"https:\/\/travelshelper.com\/es\/wp-json\/wp\/v2\/comments?post=17047"}],"version-history":[{"count":0,"href":"https:\/\/travelshelper.com\/es\/wp-json\/wp\/v2\/pages\/17047\/revisions"}],"up":[{"embeddable":true,"href":"https:\/\/travelshelper.com\/es\/wp-json\/wp\/v2\/pages\/11908"}],"wp:featuredmedia":[{"embeddable":true,"href":"https:\/\/travelshelper.com\/es\/wp-json\/wp\/v2\/media\/17584"}],"wp:attachment":[{"href":"https:\/\/travelshelper.com\/es\/wp-json\/wp\/v2\/media?parent=17047"}],"curies":[{"name":"wp","href":"https:\/\/api.w.org\/{rel}","templated":true}]}}