{"id":16983,"date":"2024-09-24T16:20:47","date_gmt":"2024-09-24T16:20:47","guid":{"rendered":"https:\/\/travelshelper.com\/staging\/?page_id=16983"},"modified":"2026-03-12T19:37:52","modified_gmt":"2026-03-12T19:37:52","slug":"swinoujscie","status":"publish","type":"page","link":"https:\/\/travelshelper.com\/es\/destinations\/europe\/poland\/swinoujscie\/","title":{"rendered":"\u015awinouj\u015bcie"},"content":{"rendered":"<p>\u015awinouj\u015bcie, situada en el extremo noroeste de Polonia, a orillas del mar B\u00e1ltico, se extiende por tres islas principales (Usedom, Wolin y Karsib\u00f3r) y 41 islotes m\u00e1s peque\u00f1os, abarcando una superficie de 202,7 km\u00b2 de tierra y agua. Con 38.728 habitantes en 2024, la ciudad goza de una ubicaci\u00f3n privilegiada en la desembocadura del r\u00edo \u015awina, que une la laguna de Szczecin con la bah\u00eda de Pomerania. Desde 1999, ostenta el estatus de ciudad con derecho de condado dentro del voivodato de Pomerania Occidental. Con su amplia playa en constante expansi\u00f3n (actualmente la m\u00e1s ancha de Polonia, con 200 m) y un litoral que se ha extendido mar adentro unos 1,5 km durante dos siglos de acreci\u00f3n sedimentaria, \u015awinouj\u015bcie combina una importancia mar\u00edtima estrat\u00e9gica con un singular encanto costero.<\/p>\n<p>La historia de \u015awinouj\u015bcie es inseparable de su geograf\u00eda. Situada a 53\u00b0 54\u2032 N y 14\u00b0 14\u2032 E, la ciudad se extiende a ambos lados del estrecho de \u015awina, cuyo cauce norte desemboca en el mar B\u00e1ltico y cuyo brazo sur desemboca en la laguna de Szczecin. El juego de corrientes ha arrastrado arena a las playas a un ritmo constante de aproximadamente 1,5 m al a\u00f1o, de modo que generaciones sucesivas han presenciado c\u00f3mo la costa se aleja cada vez m\u00e1s de los hist\u00f3ricos paseos construidos hace m\u00e1s de un siglo. Lejos de ser un escenario pasivo, esta cambiante l\u00ednea costera ha moldeado tanto el tejido urbano como la vida de ocio de la comunidad, reconectando la tierra con el mar de forma sutil pero constante.<\/p>\n<p>Administrativamente, la elevaci\u00f3n de \u015awinouj\u015bcie a ciudad-condado en 1999 reafirm\u00f3 su importancia regional, vincul\u00e1ndola m\u00e1s estrechamente con la \u00f3rbita urbana de Szczecin y convirti\u00e9ndola en una piedra angular de la frontera noroccidental de Polonia. El Voivodato de Pomerania Occidental, dentro de cuyos l\u00edmites se encuentra la ciudad, ha impulsado su crecimiento mediante inversiones en infraestructura energ\u00e9tica y de transporte. La terminal de gas natural licuado, inaugurada en 2015, es un testimonio del af\u00e1n de Polonia por la diversificaci\u00f3n energ\u00e9tica. M\u00e1s recientemente, el t\u00fanel submarino, finalizado en 2023 con un coste de 191 millones de euros, ha proporcionado por primera vez una conexi\u00f3n vial permanente entre las islas de Usedom y Wolin, uniendo las dos mitades de la ciudad y poniendo fin a siglos de dependencia de los servicios de ferry para el cruce de veh\u00edculos.<\/p>\n<p>De hecho, durante la mayor parte de su historia moderna, el transporte dentro de \u015awinouj\u015bcie ha dependido de los transbordadores. Los barcos de Bielik recorren continuamente el r\u00edo \u015awina entre el centro de la ciudad en Wolin y Warsz\u00f3w en Usedom, transportando peatones, ciclistas y veh\u00edculos de motor gratuitamente a los residentes polacos. Un segundo transbordador conecta Karsib\u00f3r con el sur de Uznam, prestando servicio tanto al tr\u00e1fico local como a operadores comerciales. Hasta la inauguraci\u00f3n del t\u00fanel, estos servicios eran la \u00fanica conexi\u00f3n fija con los distritos occidentales; su car\u00e1cter gratuito refleja la insularidad de la ciudad y el reconocimiento por parte del estado de su geograf\u00eda dividida.<\/p>\n<p>M\u00e1s all\u00e1 de los cruces locales, \u015awinouj\u015bcie se encuentra en el final de la carretera nacional 3 (que pronto se convertir\u00e1 en la autopista S3) y, por lo tanto, en el extremo norte de la ruta europea E65, que se extiende desde Malm\u00f6 hasta Creta. La carretera nacional 93 se dirige hacia el sur hasta Garz, trazando una antigua ruta fronteriza ahora obsoleta por los puentes modernos y la abolici\u00f3n de los controles terrestres de Schengen en diciembre de 2007. La extensi\u00f3n de la l\u00ednea ferroviaria desde Ahlbeck hasta \u015awinouj\u015bcie en 2008 complet\u00f3 la reintegraci\u00f3n de la ciudad a la red ferroviaria alemana, ofreciendo conexiones directas a Berl\u00edn y m\u00e1s all\u00e1. Cuatro estaciones en la isla de Wolin (Puerto de \u015awinouj\u015bcie, Przyt\u00f3r, Warsz\u00f3w y la estaci\u00f3n principal) gestionan trenes regionales a Szczecin, Pozna\u0144 y Koszalin, as\u00ed como servicios interurbanos a Katowice, Cracovia, Katowice y Varsovia. En Usedom, la estaci\u00f3n \u015awinouj\u015bcie Centrum conecta estacionalmente con Heringsdorf, Stralsund y, en horas punta, Berl\u00edn, lo que subraya el doble papel de la ciudad como centro local y nodo en una red europea m\u00e1s amplia.<\/p>\n<p>Las instalaciones portuarias de la ciudad realzan su patrimonio mar\u00edtimo. La terminal de ferries es la m\u00e1s moderna de Polonia y conecta regularmente con las ciudades suecas de Trelleborg e Ystad a trav\u00e9s de Polferries, Unity Line y TT-Line. En sinton\u00eda con Szczecin, cuyo puerto, m\u00e1s profundo pero menos accesible, complementa la ubicaci\u00f3n costera de \u015awinouj\u015bcie, el complejo portuario gestiona m\u00e1s de una cuarta parte del tr\u00e1fico de carga en los puertos polacos. La v\u00eda fluvial hacia la ciudad requiere dragado regular, un hecho que se agudiza debido a una larga disputa con Alemania sobre el canal de acceso norte. En mayo de 2023, la decisi\u00f3n de construir un nuevo canal oriental, libre de dicha disputa, abri\u00f3 una ruta de 70 km con una profundidad t\u00e9cnica de 17 m, garantizando que buques cada vez m\u00e1s grandes puedan llegar a los muelles sin fricciones diplom\u00e1ticas. Las terminales de gas, los muelles navales y los planes para una terminal de contenedores del puerto reflejan a\u00fan m\u00e1s la naturaleza multifac\u00e9tica de su econom\u00eda, que equilibra la industria pesada en las costas de Wolin con el turismo y los servicios de spa en el este.<\/p>\n<p>El turismo en s\u00ed mismo forma parte de la identidad de la ciudad. Las instalaciones playeras se extienden unos diez kil\u00f3metros a lo largo de las costas de Usedom y Wolin, con aguas poco profundas que acarician arenas finas que se calientan con mayor rapidez que en cualquier otro lugar de la costa polaca, gracias a la ubicaci\u00f3n occidental de la ciudad y al abrigo de la Bah\u00eda de Pomerania. La zona de ba\u00f1o de \u015awinouj\u015bcie ostenta la Bandera Azul todos los a\u00f1os desde 2006, un sello de pureza y seguridad del agua. Los ba\u00f1istas, nadadores y familias encuentran la tranquilidad en la poca pendiente, mientras que los visitantes aventureros pueden alquilar motos acu\u00e1ticas o lanzarse en camas el\u00e1sticas y toboganes acu\u00e1ticos cerca del puerto deportivo. Los puntos de informaci\u00f3n situados durante todo el a\u00f1o en la terminal de ferry y en el antiguo paso fronterizo de Ahlbeck gu\u00edan a los visitantes hacia excursiones en catamar\u00e1n a la isla de R\u00fcgen o hacia incursiones culturales a los cercanos centros tur\u00edsticos alemanes de Ahlbeck, Heringsdorf y Bansin, a los que tambi\u00e9n se puede llegar a trav\u00e9s del paseo transfronterizo inaugurado en 2011, un sendero de casi cuatro kil\u00f3metros para ciclistas y peatones que ha sido reconocido como una de las siete maravillas de la Uni\u00f3n Europea.<\/p>\n<p>El ocio en \u015awinouj\u015bcie no se limita a las actividades costeras. La tradici\u00f3n balnearia de la ciudad se remonta a 1824, cuando la zona fue declarada balneario, y se vio reforzada en 1897 por el descubrimiento de manantiales de salmuera curativos. Hoy en d\u00eda, quince centros de salud (dos hospitales, once sanatorios, un instituto de medicina natural y una cl\u00ednica) ofrecen tratamientos que van desde balneoterapia e hidroterapia hasta kinesiterapia y fototerapia. Las aguas minerales ricas en cloruro, sodio, yoduro, bromuro y hierro se extraen de las tomas de Jantar y Teresa, mientras que el dep\u00f3sito de turba de P\u0142achcin produce lodos terap\u00e9uticos. Las especialidades incluyen rehabilitaci\u00f3n cardiol\u00f3gica, terapia musculoesquel\u00e9tica, atenci\u00f3n endocrina y pulmonar, dermatolog\u00eda y rehabilitaci\u00f3n posmastectom\u00eda. Los recursos naturales de esta turba y salmuera de tierras bajas sustentan un sector de turismo de salud que complementa las actividades mar\u00edtimas e industriales de la ciudad.<\/p>\n<p>Los paseos de \u015awinouj\u015bcie ejemplifican la rica historia de la ciudad. El Paseo Hist\u00f3rico, fundado a principios del siglo XX e iluminado por primera vez con farolas el\u00e9ctricas en 1910, se encuentra ahora a m\u00e1s de 150 m tierra adentro desde la l\u00ednea de flotaci\u00f3n. Renovaciones recientes han ampliado su longitud a 1,5 km e introducido torres de graduaci\u00f3n de sal, un reloj de agua y nuevos pabellones de ocio con un coste de m\u00e1s de 18,3 millones de zlotys. Paralelo a \u00e9l se encuentra el Paseo de la Salud, finalizado en 2019 con un coste similar, donde estaciones de gimnasio, jardines sensoriales, pistas de petanca y un laberinto ofrecen recreaci\u00f3n activa entre plantaciones elegidas por su inter\u00e9s estacional. Un Paseo Forestal planificado, financiado con 5 millones de zlotys del Fondo del Gobierno Polaco para el Acuerdo, extender\u00e1 el corredor verde hacia el este otros 800 m, conectando el distrito balneario con el bosque de la isla de Wolin. La pasarela sobre las dunas, construida entre 2007 y 2011 y cuya ampliaci\u00f3n est\u00e1 prevista hacia el faro de Stawa M\u0142yny, ofrece vistas panor\u00e1micas al mar y a la costa, lo que demuestra el di\u00e1logo permanente de la ciudad entre la tierra y el agua.<\/p>\n<p>La conectividad, m\u00e1s all\u00e1 de las redes de carreteras y ferrocarriles, incluye conexiones a\u00e9reas a trav\u00e9s del Aeropuerto de Heringsdorf, a trece kil\u00f3metros al oeste, cruzando la frontera alemana, que ofrece vuelos estacionales a ciudades alemanas y, desde 2009, a Z\u00farich y Varsovia. Para un servicio durante todo el a\u00f1o, el Aeropuerto Szczecin-Goleni\u00f3w &#034;Solidarno\u015b\u0107&#034; se encuentra a unos 80 km al sureste, conectando \u015awinouj\u015bcie con Dubl\u00edn, Londres y otras importantes capitales europeas. El transporte p\u00fablico local est\u00e1 gestionado por la empresa municipal de autobuses, cuyas rutas atraviesan las tres islas habitadas y se extienden hasta Mi\u0119dzyzdroje. Desde 2004, Ostseebus y operadores locales han operado l\u00edneas transfronterizas con destino a centros tur\u00edsticos alemanes.<\/p>\n<p>El panorama econ\u00f3mico de \u015awinouj\u015bcie se calcula en torno a dos ejes. En la margen derecha del \u015awina, predominan la industria pesada, el transporte y las instalaciones energ\u00e9ticas; en la margen izquierda, el turismo, los servicios de spa y el comercio prosperan entre los hoteles, caf\u00e9s y el oceanario que bordean los paseos mar\u00edtimos. La terminal de gas natural licuado y el puerto naval demuestran la importancia de la ciudad para la seguridad energ\u00e9tica nacional y la defensa mar\u00edtima, mientras que la playa, el spa y los paseos mar\u00edtimos dan fe de un siglo y medio de tradici\u00f3n en bienestar y ocio.<\/p>\n<p>Con la mirada puesta en el futuro, los planes para una terminal de contenedores, el dragado del canal, la ampliaci\u00f3n de las l\u00edneas ferroviarias al aeropuerto de Heringsdorf y Ducherow, y la finalizaci\u00f3n del Paseo Forestal ilustran el compromiso con el crecimiento diversificado. La interacci\u00f3n entre sedimentos y olas que ensancha las playas cada a\u00f1o nos recuerda que la naturaleza, y no la pol\u00edtica ni la econom\u00eda, sigue siendo la art\u00edfice fundamental de este lugar. Sin embargo, el ingenio humano ha sabido aprovechar estas arenas movedizas para construir una de las ciudades m\u00e1s extensas de Polonia por \u00e1rea, un puente transnacional entre oriente y occidente, industria y turismo, tradici\u00f3n e innovaci\u00f3n.<\/p>\n<p>En una \u00e9poca en la que los balnearios a menudo compiten por la novedad, el atractivo de \u015awinouj\u015bcie reside en su combinaci\u00f3n de fuerzas elementales y un dise\u00f1o deliberado. Sus playas, cada vez m\u00e1s extensas, invitan a la contemplaci\u00f3n del inexorable fluir del tiempo, al tiempo que sus t\u00faneles y terminales aceleran el ritmo del comercio y los viajes. La sal en el paseo mar\u00edtimo, la salmuera en el balneario, la sirena del ferry al amanecer y la luz de la linterna al anochecer se entrelazan en una narrativa tan compleja como los estratos geol\u00f3gicos bajo la arena. Aqu\u00ed, el aliento del B\u00e1ltico se siente en cada duna esculpida por el viento, en cada estela del ferry y en cada inhalaci\u00f3n en el balneario; \u015awinouj\u015bcie perdura como testimonio del di\u00e1logo perdurable entre la ciudad y el mar.<\/p>","protected":false},"excerpt":{"rendered":"<p>\u015awinouj\u015bcie, situada en Pomerania Occidental, Polonia, ten\u00eda una poblaci\u00f3n de 41.516 habitantes en 2012. Este puerto mar\u00edtimo, situado en el mar B\u00e1ltico y la laguna de Szczecin, est\u00e1 situado en el extremo noroeste de Polonia, lo que lo distingue de otras ciudades del pa\u00eds.<\/p>","protected":false},"author":1,"featured_media":17600,"parent":12137,"menu_order":0,"comment_status":"closed","ping_status":"closed","template":"elementor_theme","meta":{"_eb_attr":"","footnotes":""},"class_list":["post-16983","page","type-page","status-publish","has-post-thumbnail"],"_links":{"self":[{"href":"https:\/\/travelshelper.com\/es\/wp-json\/wp\/v2\/pages\/16983","targetHints":{"allow":["GET"]}}],"collection":[{"href":"https:\/\/travelshelper.com\/es\/wp-json\/wp\/v2\/pages"}],"about":[{"href":"https:\/\/travelshelper.com\/es\/wp-json\/wp\/v2\/types\/page"}],"author":[{"embeddable":true,"href":"https:\/\/travelshelper.com\/es\/wp-json\/wp\/v2\/users\/1"}],"replies":[{"embeddable":true,"href":"https:\/\/travelshelper.com\/es\/wp-json\/wp\/v2\/comments?post=16983"}],"version-history":[{"count":0,"href":"https:\/\/travelshelper.com\/es\/wp-json\/wp\/v2\/pages\/16983\/revisions"}],"up":[{"embeddable":true,"href":"https:\/\/travelshelper.com\/es\/wp-json\/wp\/v2\/pages\/12137"}],"wp:featuredmedia":[{"embeddable":true,"href":"https:\/\/travelshelper.com\/es\/wp-json\/wp\/v2\/media\/17600"}],"wp:attachment":[{"href":"https:\/\/travelshelper.com\/es\/wp-json\/wp\/v2\/media?parent=16983"}],"curies":[{"name":"wp","href":"https:\/\/api.w.org\/{rel}","templated":true}]}}