{"id":16909,"date":"2024-09-24T13:14:14","date_gmt":"2024-09-24T13:14:14","guid":{"rendered":"https:\/\/travelshelper.com\/staging\/?page_id=16909"},"modified":"2026-03-12T19:32:20","modified_gmt":"2026-03-12T19:32:20","slug":"jelenia-gora","status":"publish","type":"page","link":"https:\/\/travelshelper.com\/es\/destinations\/europe\/poland\/jelenia-gora\/","title":{"rendered":"Jelenia G\u00f3ra"},"content":{"rendered":"<p>Jelenia G\u00f3ra, ciudad con 77.366 habitantes en 2021, ocupa la cuenca norte del valle de Jelenia G\u00f3ra, en el suroeste de Polonia, enclavada en el voivodato de Baja Silesia y a la sombra de la cresta de los montes Karkonosze, en la frontera checa. Este asentamiento hist\u00f3rico, cuyos or\u00edgenes se remontan al siglo X y que obtuvo su estatuto oficial en 1288, destaca tanto por ser sede del condado de Karkonosze como por ser una gmina urbana independiente. Sus alrededores abarcan el venerable distrito termal de Cieplice \u015al\u0105skie-Zdr\u00f3j y frondosos parques que, en conjunto, conforman una de las zonas recreativas m\u00e1s preciadas de Polonia.<\/p>\n<p>Desde las primeras referencias a claros de bosque y una modesta aldea agraria, Jelenia G\u00f3ra surgi\u00f3 en la encrucijada de las rutas comerciales medievales que un\u00edan el Sacro Imperio Romano Germ\u00e1nico y Bohemia con Europa del Este. Estas arterias comerciales otorgaron privilegios que, a finales de la Edad Media, impulsaron la prosperidad de las industrias textil y minera. Las caravanas mercantes cargadas de telas y minerales moldearon la econom\u00eda de la ciudad e impulsaron la construcci\u00f3n de puertas fortificadas como la torre y la puerta de Wojanowska, cuyo basti\u00f3n medieval anta\u00f1o regulaba el paso a Wojan\u00f3w. Aunque una feroz tormenta derrib\u00f3 su torre en 1480, sepultando cinco almas bajo los escombros, la reconstrucci\u00f3n restaur\u00f3 r\u00e1pidamente su silueta, coronada por una c\u00fapula con linternas y un reloj. Emblemas her\u00e1ldicos \u2014prusianos, silesios y municipales\u2014 adornan sus pilares. Desmantelada en 1869 para servir de cuartel militar, la puerta fue devuelta a su sitio original despu\u00e9s de su restauraci\u00f3n en 1998, permaneciendo hoy como \u00fanica sobreviviente del circuito defensivo de la ciudad y dando testimonio de siglos de conflicto y renovaci\u00f3n.<\/p>\n<p>La fortuna de Jelenia G\u00f3ra fluctu\u00f3 con el paso de la historia europea. Soport\u00f3 los estragos de la Guerra de los Treinta A\u00f1os y revivi\u00f3 su importancia estrat\u00e9gica durante las Guerras de Silesia. Afortunadamente, su n\u00facleo hist\u00f3rico sobrevivi\u00f3 a la Segunda Guerra Mundial pr\u00e1cticamente intacto, incluso cuando su poblaci\u00f3n aument\u00f3 de aproximadamente 35.000 a 140.000 habitantes bajo la sombra del trabajo forzoso y la afluencia de refugiados. Tras 1945, la salida de sus residentes alemanes en virtud del Acuerdo de Potsdam redujo la poblaci\u00f3n a 39.000 habitantes. Una expansi\u00f3n posterior en 1975, que anex\u00f3 localidades circundantes \u2014en particular el balneario de Cieplice\u2014, elev\u00f3 el total a 80.000 habitantes, una cifra que alcanz\u00f3 un m\u00e1ximo de 93.570 en 1996, antes de un descenso gradual hasta 75.794 en 2022.<\/p>\n<p>El coraz\u00f3n arquitect\u00f3nico de la ciudad sigue siendo su mercado, donde casas de vecindad barrocas flanquean calles porticadas y convergen en el majestuoso ayuntamiento, erigido entre 1744 y 1749. Originalmente rodeada de puestos de comerciantes, las fachadas con columnas de la plaza evocan una \u00e9poca de comercio a gran escala, conmemorada por una fuente coronada con una escultura de Neptuno, el dios romano del mar, que evoca el otrora vibrante comercio exterior de Jelenia G\u00f3ra. Los edificios adyacentes, conocidos coloquialmente como las Siete Casas, se incorporaron al ayuntamiento a principios del siglo XX, ampliando las salas c\u00edvicas dentro de muros impregnados de grandeza provincial.<\/p>\n<p>M\u00e1s all\u00e1 del mercado, la Bas\u00edlica de San Erasmo y San Pancracio se alza como testimonio de cuatro siglos de devoci\u00f3n. Fundada en el siglo XIV y remodelada en el XV, esta construcci\u00f3n de piedra de tres naves se alza bajo una imponente torre. Su portal sur, tallado con precisi\u00f3n g\u00f3tica, invita a la contemplaci\u00f3n de su delicada tracer\u00eda y follaje esculpido. En su interior, la decoraci\u00f3n renacentista y barroca armoniza con las austeras b\u00f3vedas. Dos capillas sepulcrales, que datan de los siglos XVII y XVIII, perforan los flancos de la nave, con sus paredes adornadas con m\u00e1s de veinte epitafios y l\u00e1pidas. El p\u00falpito, tallado en el siglo XVI, y la siller\u00eda del coro, de taracea, preceden a un opulento altar del siglo XVIII que preside el presbiterio, mientras que un \u00f3rgano barroco italiano, construido por Adam Casparini, llena el espacio con una resonante himnodia. En el exterior del recinto de la iglesia se encuentran una columna mariana y una estatua de San Juan Nepomuceno, testimonio de la vida devocional de los fieles de Jelenia G\u00f3ra a lo largo de los siglos.<\/p>\n<p>Al sur, la Iglesia de la Exaltaci\u00f3n de la Santa Cruz se erigi\u00f3 entre 1709 y 1718, fruto de una promesa hecha a los protestantes de Silesia en virtud del Acuerdo de Altranstadt y financiada por el Emperador Cat\u00f3lico de Austria. Dise\u00f1ada por Martin Frantz de Tallin, la estructura cruciforme y abovedada es similar a su hom\u00f3loga de Estocolmo, la Iglesia de Santa Catalina, y alberga a m\u00e1s de dos mil fieles en un matroneo de tres plantas. Su austero exterior da paso a un interior ricamente pintado, donde escenas de ambos Testamentos se extienden por paredes y techos. Un \u00f3rgano monumental y un altar, suspendidos sobre la nave, se fusionan en una extensa escultura arquitect\u00f3nica que encarna la s\u00edntesis barroca de arte y fe.<\/p>\n<p>Cieplice \u015al\u0105skie-Zdr\u00f3j, ahora un distrito de Jelenia G\u00f3ra, remonta su herencia termal al siglo XIII, cuando los monjes cistercienses documentaron por primera vez sus aguas termales. Para el siglo XVI, las aguas ricas en azufre y silicio, que emerg\u00edan a temperaturas cercanas a los noventa grados Celsius, hab\u00edan atra\u00eddo a la realeza y a la intelectualidad, desde Mar\u00eda Casimira Luisa de La Grange d&#039;Arquien hasta el pr\u00edncipe Jaime Luis Sobieski. Estos manantiales curativos dieron lugar a pr\u00e1cticas de hidroterapia, inhalaci\u00f3n y fototerapia. Los parques, entre los que destacan el Zdrojowy y el Parque Noruego, ofrec\u00edan paseos para la convalecencia. El primero, dise\u00f1ado en 1796, adopt\u00f3 posteriormente los principios de la jardiner\u00eda inglesa bajo la direcci\u00f3n de la familia Schaffgotsch. El segundo, bautizado en 1909 por un pabell\u00f3n de madera que evocaba la artesan\u00eda vikinga, ampli\u00f3 el verde abrazo del balneario.<\/p>\n<p>En estos jardines se alza la Galer\u00eda y el Teatro de Animaci\u00f3n Zdrojowy, concebido por Carl Gottlieb Geissler entre 1797 y 1800. Su fachada neocl\u00e1sica esconde una sala de conciertos, una sala de lectura y un sal\u00f3n de puros, espacios que anta\u00f1o albergaban la vida cultural de una clientela internacional. En 1836, los Schaffgotsche a\u00f1adieron un teatro dedicado, con balcones para doscientos setenta espectadores. En conjunto, estas estructuras ilustran la doble identidad de Cieplice: centro de retiro m\u00e9dico y sal\u00f3n social.<\/p>\n<p>Sobiesz\u00f3w, otro distrito, se extiende a ambos lados del arroyo Wrzos\u00f3wka, en las faldas del monte Chojnik. Desde el siglo XIV hasta 1945, la familia Schaffgotsch gobern\u00f3 el pueblo, cuyo nombre delata sus ra\u00edces eslavas. Hoy en d\u00eda, aqu\u00ed se encuentra la sede del Parque Nacional Karkonosze, un punto de encuentro para senderistas que se dirigen a los senderos escarpados de la cordillera Karkonosze y a la cima del Chojnik, coronada por ruinas. El propio castillo corona un risco a cuarenta y cinco metros sobre el Valle del Infierno; sus ruinas dominan una reserva natural que preserva el patrimonio natural y arquitect\u00f3nico. Cada verano, la puerta del castillo se convierte en escenario del torneo del Rayo de Oro de Chojnik, donde recreadores modernos con cota de malla compiten con ballestas por un rayo simb\u00f3lico, y artesanos demuestran su artesan\u00eda medieval entre los desgastados muros de la fortaleza.<\/p>\n<p>Jagni\u0105tk\u00f3w, integrado en Jelenia G\u00f3ra en 1998, ocupa la mayor elevaci\u00f3n de los distritos de la ciudad. Fundado en 1651 por refugiados checos, sigue siendo un punto de partida para rutas de monta\u00f1a, accesibles mediante autobuses urbanos articulados. Su Iglesia de la Divina Misericordia, terminada entre 1980 y 1986, toma prestadas las caracter\u00edsticas de Podhale; sus tejados de madera evocan las estribaciones de los Tatras y armonizan con los bosques de abetos circundantes. Cerca de all\u00ed, el circo glaciar conocido como el Caldero Negro de Jagni\u0105tkowski desciende bajo riscos de gneis y cuarcita, testimonio de la escultura del Pleistoceno de la regi\u00f3n y objeto de inter\u00e9s tanto cient\u00edfico como est\u00e9tico.<\/p>\n<p>El clima de Jelenia G\u00f3ra oscila entre oce\u00e1nico y continental h\u00famedo, con veranos templados e inviernos que rondan los cero grados, condicionados por la influencia orogr\u00e1fica de las cordilleras circundantes. Hist\u00f3ricamente, su demograf\u00eda ha reflejado los cambios geopol\u00edticos de la regi\u00f3n. Un censo del siglo XVI registr\u00f3 3.500 habitantes; a finales del siglo XVIII, la poblaci\u00f3n hab\u00eda ascendido a 6.000. A principios del siglo XX, la poblaci\u00f3n alcanz\u00f3 los 20.000 habitantes, y para 1939 la ciudad contaba con m\u00e1s de 35.000 residentes. La extraordinaria afluencia de 140.000 personas durante la guerra pone de relieve las exigencias de la ciudad en tiempos de guerra y la naturaleza transitoria de las poblaciones sometidas a trabajos forzados.<\/p>\n<p>Las arterias de transporte conectan Jelenia G\u00f3ra con las redes nacionales e internacionales. La carretera n\u00famero 5, parte de la ruta europea E65, conecta la ciudad con Breslavia, Pozna\u0144 y los puertos del B\u00e1ltico, continuando hacia el norte hasta Escandinavia mediante conexiones de ferry. Las carreteras provinciales se extienden hasta Zgorzelec, Legnica, Wa\u0142brzych y Kowary. La circunvalaci\u00f3n de Maciejowa, finalizada en la primavera de 2019, alivi\u00f3 la congesti\u00f3n urbana al desviar el tr\u00e1fico de tr\u00e1nsito cinco kil\u00f3metros hacia el este. M\u00e1s de cien puentes cruzan los r\u00edos B\u00f3br y Kamienna y sus afluentes, tejiendo una red de viaductos que da testimonio de la geolog\u00eda ribere\u00f1a de la ciudad.<\/p>\n<p>El ferrocarril lleg\u00f3 a Jelenia G\u00f3ra en 1866 con el Ferrocarril de Monta\u00f1a de Silesia, parte de una gran visi\u00f3n que un\u00eda Berl\u00edn y Viena. Para 1880, las l\u00edneas se extend\u00edan hasta Wa\u0142brzych y K\u0142odzko, con ramales a Kowary, Piechowice y Szklarska Por\u0119ba. La electrificaci\u00f3n comenz\u00f3 en 1916, pero se desmantel\u00f3 en 1945, para ser reinstaurada en las d\u00e9cadas de 1960 y 1986. Los servicios de pasajeros a vapor persistieron hasta 1984. El abandono a finales del siglo XX le vali\u00f3 a la l\u00ednea principal el apodo de &#034;muerte t\u00e9cnica&#034;, ya que las restricciones de velocidad se desplomaron a veinte kil\u00f3metros por hora y los operadores de autobuses desviaron a los viajeros. Los proyectos de renovaci\u00f3n posteriores a 2007 revitalizaron el corredor Wroc\u0142aw-Jelenia G\u00f3ra y devolvieron a los viajeros al ferrocarril. En 2020, a la estaci\u00f3n principal llegaron tambi\u00e9n los servicios de alta velocidad Intercity Pendolinos y TLK, complementados con rutas regionales de Koleje Dolno\u015bl\u0105skie y conexiones de autob\u00fas integradas con centros tur\u00edsticos de monta\u00f1a.<\/p>\n<p>El tranv\u00eda municipal, en funcionamiento entre 1897 y 1969, pr\u00e1cticamente ha desaparecido. Fragmentos de v\u00eda y una placa conmemorativa cerca del ayuntamiento marcan su antiguo recorrido. Un vag\u00f3n conservado se yergue junto a la entrada norte, reconvertido en quiosco de recuerdos, mientras que otros dos descansan en la estaci\u00f3n de la calle Wolno\u015bci y en la terminal de autobuses de Podg\u00f3rzyn, testigos silenciosos de una \u00e9poca en la que los coches el\u00e9ctricos recorr\u00edan la plaza del mercado.<\/p>\n<p>El transporte p\u00fablico urbano consta de veintis\u00e9is l\u00edneas de autob\u00fas, incluidas dos rutas nocturnas, gestionadas por la Empresa Municipal de Transporte. Desde el a\u00f1o 2000, PKS \u201cTour\u201d ha sustituido a la antigua empresa estatal de autobuses, ofreciendo autobuses regionales a Karpacz, Szklarska Por\u0119ba y otros destinos, y operando una moderna estaci\u00f3n junto al centro comercial Nowy Rynek. Los billetes transfronterizos EURO-NYSA permiten viajar sin problemas a la Rep\u00fablica Checa en tren y autob\u00fas, lo que subraya el papel de Jelenia G\u00f3ra como nexo de la movilidad transfronteriza.<\/p>\n<p>El mosaico de torres de piedra, manantiales termales y verdes laderas de Jelenia G\u00f3ra encapsula la complejidad del patrimonio silesio. Sus puertas medievales y fachadas barrocas sobreviven entre el murmullo de los arroyos de monta\u00f1a, mientras que sus pabellones termales y galer\u00edas de paseo evocan \u00e9pocas de mecenazgo noble y refugio proletario. La identidad de la ciudad se entrelaza con el comercio, el conflicto y la convalecencia: un lugar donde los picos de granito convergen con portales g\u00f3ticos, donde parques bordeados de cedros bordean fuentes de tonos \u00e1mbar, y donde cada estaci\u00f3n renueva tanto su paisaje como su historia.<\/p>\n<p>La narrativa de la ciudad no est\u00e1 completa sin reconocer el flujo y reflujo de su poblaci\u00f3n, un microcosmos de la historia centroeuropea. De ser una ciudad de mercado medieval de tres mil habitantes, se convirti\u00f3 en un centro de industria artesanal, se expandi\u00f3 bajo el dominio prusiano y austriaco, y soport\u00f3 el torbellino de las guerras modernas y las revueltas \u00e9tnicas. Su reinvenci\u00f3n posb\u00e9lica integr\u00f3 balnearios, aldeas de monta\u00f1a y valles verdes en un municipio unificado, incluso cuando las corrientes demogr\u00e1ficas se redujeron gradualmente. Hoy, Jelenia G\u00f3ra se alza en la intersecci\u00f3n del patrimonio y la modernidad, con sus calles llenas de los pasos de peregrinos, turistas y viajeros.<\/p>\n<p>La interacci\u00f3n entre la piedra y el agua, entre las crestas alpinas y los manantiales termales, define tanto el plan urbano como la experiencia del visitante. Los pozos sulfurosos de Cieplice a\u00fan borbotean a la sombra de antiguos parques. La sede del Parque Nacional Karkonosze en Sobiesz\u00f3w env\u00eda guardabosques e investigadores a las cuevas de las tierras altas. La iglesia de madera y el caldero glaciar de Jagni\u0105tk\u00f3w unen la tradici\u00f3n pastoral con la maravilla geol\u00f3gica. Todos los caminos, ya sean bulevares pavimentados, estrechos senderos forestales o v\u00edas f\u00e9rreas restauradas, conducen de vuelta a la plaza del mercado, el coraz\u00f3n c\u00edvico donde Neptuno supervisa una antigua ruta comercial, ahora reconvertida en la b\u00fasqueda de significado del viajero, en lugar de mercanc\u00edas.<\/p>\n<p>En Jelenia G\u00f3ra, la historia no es un cuadro est\u00e1tico, sino un continuo vivo, donde cada portal de piedra, cada curso de agua ondulante y cada eco en una nave barroca narran un cap\u00edtulo de resiliencia. Es una ciudad que se niega a ser una simple postal, exigiendo en cambio una mirada mesurada, un ritmo contemplativo y una apreciaci\u00f3n de la sutil grandeza. Aqu\u00ed, el legado de las colinas infestadas de ciervos y el legado del esfuerzo humano convergen, invitando a quienes se detienen a escuchar la cadencia de los siglos que arrastran las brisas de Karkonosze.<\/p>","protected":false},"excerpt":{"rendered":"<p>Jelenia G\u00f3ra, una ciudad hist\u00f3rica ubicada en el suroeste de Polonia, ten\u00eda una poblaci\u00f3n de aproximadamente 77.366 habitantes en 2021. Enclavada en el norte del valle de Jelenia G\u00f3ra y bordeada por la impresionante cordillera Karkonosze, a lo largo de la frontera entre Polonia y la Rep\u00fablica Checa, esta joya urbana se encuentra en el voivodato de Baja Silesia. Su rica historia y relevancia cultural, junto con su ubicaci\u00f3n estrat\u00e9gica, la han convertido en uno de los destinos de ocio y recreaci\u00f3n m\u00e1s codiciados de Polonia.<\/p>","protected":false},"author":1,"featured_media":17475,"parent":12137,"menu_order":0,"comment_status":"closed","ping_status":"closed","template":"elementor_theme","meta":{"_eb_attr":"","footnotes":""},"class_list":["post-16909","page","type-page","status-publish","has-post-thumbnail"],"_links":{"self":[{"href":"https:\/\/travelshelper.com\/es\/wp-json\/wp\/v2\/pages\/16909","targetHints":{"allow":["GET"]}}],"collection":[{"href":"https:\/\/travelshelper.com\/es\/wp-json\/wp\/v2\/pages"}],"about":[{"href":"https:\/\/travelshelper.com\/es\/wp-json\/wp\/v2\/types\/page"}],"author":[{"embeddable":true,"href":"https:\/\/travelshelper.com\/es\/wp-json\/wp\/v2\/users\/1"}],"replies":[{"embeddable":true,"href":"https:\/\/travelshelper.com\/es\/wp-json\/wp\/v2\/comments?post=16909"}],"version-history":[{"count":0,"href":"https:\/\/travelshelper.com\/es\/wp-json\/wp\/v2\/pages\/16909\/revisions"}],"up":[{"embeddable":true,"href":"https:\/\/travelshelper.com\/es\/wp-json\/wp\/v2\/pages\/12137"}],"wp:featuredmedia":[{"embeddable":true,"href":"https:\/\/travelshelper.com\/es\/wp-json\/wp\/v2\/media\/17475"}],"wp:attachment":[{"href":"https:\/\/travelshelper.com\/es\/wp-json\/wp\/v2\/media?parent=16909"}],"curies":[{"name":"wp","href":"https:\/\/api.w.org\/{rel}","templated":true}]}}