{"id":16869,"date":"2024-09-24T00:46:21","date_gmt":"2024-09-24T00:46:21","guid":{"rendered":"https:\/\/travelshelper.com\/staging\/?page_id=16869"},"modified":"2026-03-12T16:31:35","modified_gmt":"2026-03-12T16:31:35","slug":"merano","status":"publish","type":"page","link":"https:\/\/travelshelper.com\/es\/destinations\/europe\/italy\/merano\/","title":{"rendered":"Merano"},"content":{"rendered":"<p>Merano es un municipio del Tirol del Sur, en el norte de Italia, con aproximadamente 41.000 habitantes en una superficie de 31,3 kil\u00f3metros cuadrados. Situada a 324 metros sobre el nivel del mar, la ciudad se encuentra en una cuenca donde confluyen tres valles: el Valle Venosta, el Valle Passiria y el Valle d&#039;Adige, y goza de una estrat\u00e9gica conexi\u00f3n con los valles del Passier y del Vinschgau. Enmarcada por picos que alcanzan los 3.480 metros, el clima templado de Merano ha consolidado su reputaci\u00f3n como un balneario de primer nivel y un centro de florecimiento cultural.<\/p>\n<p>La cuna geol\u00f3gica de Merano se define por la cuenca esculpida por los glaciares, por donde discurre el torrente Passirio antes de unirse al Adigio. Al norte y al oeste, el Grupo Tessa se alza a 3480 metros, mientras que la meseta de Salto alcanza los 2800 metros al este. Este anfiteatro de cumbres protege la ciudad de los inclementes vientos del norte, propiciando un entorno donde los vi\u00f1edos y los huertos frutales florecen hasta sus mismas afueras. Incluso dentro de los l\u00edmites del per\u00edmetro urbano, las hileras de vides conocidas como Meraner Leiten se entrelazan con el paisaje urbano, dando lugar a un vino tinto ligero que se disfruta mejor en su juventud. Los huertos de frutas de pepita se extienden m\u00e1s all\u00e1, y sus exportaciones llegan a mercados de toda Europa, mientras que en las afueras, la Cervecer\u00eda Forst elabora cervezas que se han convertido en productos b\u00e1sicos en Italia y m\u00e1s all\u00e1.<\/p>\n<p>Desde su primera menci\u00f3n como Meran (alem\u00e1n) o Merano (italiano), el municipio ha mantenido una identidad dual. El apelativo ladino, Maran, aparece solo en el uso local, pero los tres nombres resuenan en el entorno biling\u00fce de la ciudad. Los t\u00edtulos oficiales \u2014Comune di Merano en italiano y Stadtgemeinde Meran en alem\u00e1n\u2014 se emplean indistintamente en la documentaci\u00f3n municipal. Esta dualidad refleja la distribuci\u00f3n equitativa de idiomas entre los residentes: en 2024, el 51,37 % hablaba italiano como primera lengua, el 48,26 % alem\u00e1n y persist\u00eda una peque\u00f1a minor\u00eda ladina.<\/p>\n<p>El coraz\u00f3n medieval de Merano conserva sus fortificaciones originales, plasmadas en tres imponentes puertas: la Puerta de Vinschgau, la Puerta de Passeirer y la Puerta de Bozen. Junto a ella se alza la Torre Ortenstein, conocida popularmente como la Pulverturm o &#034;torre de la p\u00f3lvora&#034;, un centinela de piedra que recuerda la antigua postura defensiva de la ciudad. Entre estos muros de mamposter\u00eda gris, el Castillo Principesco \u2014o Landesf\u00fcrstliche Burg\u2014 yace como testimonio de la arquitectura del siglo XV y fue en su d\u00eda la residencia del archiduque Segismundo de Austria. No muy lejos, se alza el edificio g\u00f3tico de la Iglesia de San Nicol\u00e1s, con arcos apuntados y tracer\u00eda de vidrieras que datan del mismo siglo, mientras que la modesta Capilla de Santa B\u00e1rbara ofrece un reflejo m\u00e1s sereno de la devoci\u00f3n de la \u00e9poca.<\/p>\n<p>Cruzando el r\u00edo Passer, el puente de piedra Steinerner Steg del siglo XVII sirve de conducto y mirador, con sus desgastados parapetos como testigos de siglos de paso. Las riberas sur albergan los paseos arqueados de Wandelhalle, cuyas columnatas abovedadas ofrecen refugio y sombra a los paseantes desde mediados del siglo XIX. Estos paseos se encuentran junto al pabell\u00f3n Kurhaus, una elegante reliquia de la ascensi\u00f3n de Merano como ciudad balneario cuando la emperatriz Isabel de Austria comenz\u00f3 sus visitas en la segunda mitad del siglo XIX. El adyacente Parque de la Emperatriz Isabel se mantiene como un exuberante enclave que conmemora su patrocinio.<\/p>\n<p>La expansi\u00f3n industrial y c\u00edvica continu\u00f3 hasta el siglo XX. Tras la anexi\u00f3n del Tirol del Sur a Italia en 1919, las autoridades fascistas erigieron un nuevo ayuntamiento en la d\u00e9cada de 1920, cuyo dise\u00f1o racionalista contrastaba marcadamente con los elementos medievales y g\u00f3ticos del casco antiguo. En las afueras, el Castillo de Trauttmansdorff preside unos jardines de distinguida belleza bot\u00e1nica; desde 2003, su Museo de Turismo ha documentado la evoluci\u00f3n de los viajes en la provincia. El Castillo del Tirol, de donde toma el nombre la regi\u00f3n en general, se alza a poca distancia, marcando la frontera con Austria y reafirmando el papel de Merano como encrucijada.<\/p>\n<p>Clim\u00e1ticamente, Merano se encuentra en un delicado equilibrio entre las influencias oce\u00e1nicas, subtropicales h\u00famedas y continentales. Oficialmente clasificada como Cfb, se acerca a Cfa, con una temperatura media diaria en julio de poco menos de 22 \u00b0C, ligeramente por debajo de los criterios subtropicales. Los inviernos, con m\u00ednimas nocturnas de entre \u20134 y \u20132 \u00b0C, le confieren a la ciudad un marcado car\u00e1cter continental, mientras que los veranos registran m\u00e1ximas de entre 27 y 30 \u00b0C y noches de entre 12 y 15 \u00b0C. Las precipitaciones alcanzan un m\u00e1ximo de 96 mm en agosto y un descenso de 25 mm en febrero. Estos registros, registrados en la estaci\u00f3n de Merano\/Gratsch de 1983 a 2017, sustentan la prosperidad agr\u00edcola de la regi\u00f3n.<\/p>\n<p>La vida cultural en Merano se extiende mucho m\u00e1s all\u00e1 de sus balnearios y vi\u00f1edos. Desde 1986, las Semanas de M\u00fasica de Merano se celebran cada verano en el pabell\u00f3n Kurhaus, atrayendo a orquestas internacionales para actuar en un festival concebido con motivo del 150.\u00ba aniversario de la fundaci\u00f3n del balneario. Desde 1997, MeranoJazz se ha centrado en artistas de jazz de renombre y, desde 2002, acoge la Academia de Jazz Mitteleuropean para conectar las tradiciones musicales italiana y alemana. Atrayendo tanto a figuras destacadas como a estudiantes, la designaci\u00f3n de un artista residente por parte de la academia consolida a\u00fan m\u00e1s el linaje art\u00edstico de Merano.<\/p>\n<p>Los logros literarios se premian mediante el Meraner Lyrikpreis, un premio bienal inaugurado en 1993 y evaluado por un jurado internacional. Entre los galardonados se encuentran Kurt Drawert, Kathrin Schmidt y Ulrike Almut Sandig. Como complemento, desde 1995 el Premio Literario Internacional Merano-Europa reconoce la excelencia en ficci\u00f3n y traducci\u00f3n, otorgado por el Club Passirio en colaboraci\u00f3n con editoriales y organizaciones art\u00edsticas regionales. En 2017, la ciudad particip\u00f3 en el concurso para la Capital Italiana de la Cultura 2020, quedando entre los diez finalistas entre ciudades hist\u00f3ricas como Parma y Reggio Emilia.<\/p>\n<p>La conmemoraci\u00f3n de la estancia de Franz Kafka en 1920 en Merano se ha concretado en dos congresos internacionales (2020 y 2024) y en la dedicaci\u00f3n de una piazzetta a Kafka y Milena Jesensk\u00e1. Estos gestos reflejan una conciencia literaria perdurable, que complementa los museos y galer\u00edas de la ciudad: el Touriseum en el Castillo de Trauttmansdorff; el Museo de la Ciudad, ubicado en un antiguo hotel; el Museo del Castillo Principesco; y el Museo Jud\u00edo en la \u00fanica sinagoga del Tirol del Sur. Entre los espacios complementarios se incluyen el Museo de la Mujer Evelyn Ortner, la Galer\u00eda de Arte de la Ciudad de Merano y la Galer\u00eda de Arte Blanco, cada uno con perspectivas sobre g\u00e9nero, arte contempor\u00e1neo y arquitectura.<\/p>\n<p>Merano est\u00e1 dividida por el Passer en dos orillas orogr\u00e1ficas principales. A la derecha se encuentran el casco antiguo y el distrito de Steinach; a la izquierda, Maia Alta y Maia Bassa. Quarazze ocupa el extremo noroeste en las laderas de Tessa, mientras que Labers se extiende sobre las laderas orientales del Monte Zoccolo. Al sur, Sinigo funciona como zona industrial y comercial, separada topogr\u00e1ficamente del centro hist\u00f3rico. Desde el siglo XIX, su condici\u00f3n de balneario orient\u00f3 la atenci\u00f3n hacia los visitantes mayores en busca de descanso; a finales del siglo XX y principios del XXI, una oferta diversificada y el creciente turismo internacional revirtieron la demograf\u00eda demogr\u00e1fica y ampliaron el atractivo intergeneracional.<\/p>\n<p>Las redes de transporte han reforzado la accesibilidad de Merano. La l\u00ednea del Brennero se ha sustituido por la MeBo, una autopista de cuatro carriles que conecta la ciudad con Bolzano, a 30 km al sur, y posteriormente con la autopista A22. El ferrocarril Bolzano-Merano discurre paralelo a la autopista y se extiende hacia el oeste hasta Val Venosta a trav\u00e9s de la l\u00ednea Vinschgau. Desde Bolzano, los trenes salen aproximadamente cada 40 minutos, con billete integrado. Los servicios de autob\u00fas, gestionados por SASA y SAD, circulan cada hora entre Bolzano y Merano, con tarifas reducidas para los titulares de la tarjeta Value. Los autobuses internacionales llegan a Bolzano, desde donde se realizan conexiones habituales.<\/p>\n<p>En Merano, nueve l\u00edneas de autob\u00fas diurnas y una l\u00ednea nocturna transportan a residentes y visitantes entre las 6:00 y la 1:00. Los autobuses se rigen por un sistema de honorarios (un billete validado tiene una validez de 45 minutos) y las paradas solicitadas requieren una se\u00f1al manual para subir o bajar. Un telesilla conecta Merano con el pueblo de Tirol, en la cima de una colina, entre abril y noviembre. Los taxis funcionan a petici\u00f3n a trav\u00e9s de Radio Taxi o de servicios de alquiler privados. Una red de bicicletas, aunque menos extensa que la de Bolzano, ofrece alquileres gratuitos desde la primavera hasta mediados de octubre en lugares como la estaci\u00f3n de tren, el balneario y el centro de tenis, previo pago de un dep\u00f3sito reembolsable.<\/p>\n<p>Los autom\u00f3viles en el n\u00facleo urbano suelen ser superfluos y el aparcamiento es escaso. En invierno, las medidas de bajas emisiones restringen la circulaci\u00f3n de veh\u00edculos Euro 0 en toda la ciudad, y en d\u00edas de alta contaminaci\u00f3n, incluso los veh\u00edculos Euro 1 son vetados. Estas regulaciones reflejan el compromiso de larga data de Merano con la gesti\u00f3n ambiental.<\/p>\n<p>Las actividades recreativas abarcan tanto actividades naturales como naturales. Las aguas termales fluyen a trav\u00e9s del moderno centro termal situado en la orilla opuesta del Passirio, donde la radiactividad natural potencia los beneficios terap\u00e9uticos. Piscinas p\u00fablicas al aire libre, una pista de hielo, 15 pistas de tenis (cuatro de ellas cubiertas), una escuela ecuestre y de saltos, y un minigolf satisfacen todos los gustos. Los r\u00e1pidos del Passirio han albergado los Campeonatos Mundiales de Canoa Eslalon de la ICF (1971, 1983) y la Copa de Europa (1980). El sendero Tappeiner, trazado por el Dr. Tappeiner y donado a la ciudad en 1892, recorre una ladera glacial desde el Monte San Benedicto hasta el barranco de Gilf, ofreciendo vistas panor\u00e1micas despejadas.<\/p>\n<p>M\u00e1s all\u00e1 de la ciudad, las rutas se extienden hasta Merano 2000 en las alturas cercanas, un lugar ideal tanto para paseos de verano como para pistas de esqu\u00ed en invierno. El macizo de Hirzer y el valle de Ultimo ofrecen m\u00e1s pistas de esqu\u00ed, y a una hora en coche, el glaciar Schnalstal permite esquiar en pistas de nieve en verano. Para senderistas y escaladores, la intrincada red de senderos y refugios alpinos subraya la doble identidad de Merano: santuario de descanso y punto de partida para la aventura alpina.<\/p>\n<p>La narrativa de Merano es una reinvenci\u00f3n continua en medio de la permanencia de sus monta\u00f1as. Desde las puertas medievales hasta las galer\u00edas modernas, desde los pabellones termales hasta las academias de jazz, la ciudad se mantiene a la vez hist\u00f3rica y din\u00e1mica. Cada una de sus calles narra visitas imperiales y labores locales, sus festivales fusionan idiomas y tradiciones, su clima nutre la vid y el huerto, y sus gentes sustentan una confluencia viva de las culturas italiana, alemana y ladina. En esta fusi\u00f3n, Merano se erige como testimonio de la posibilidad de armon\u00eda entre tradici\u00f3n e innovaci\u00f3n, entre reposo y compromiso: un lugar donde cada estaci\u00f3n revela un aspecto diferente de la misma cuenca atemporal.<\/p>","protected":false},"excerpt":{"rendered":"<p>Merano, un pintoresco municipio del Tirol del Sur, en el norte de Italia, con una poblaci\u00f3n de aproximadamente 41.000 habitantes. Esta pintoresca ciudad, situada en una cuenca rodeada de imponentes monta\u00f1as, ejemplifica la perfecta integraci\u00f3n de la belleza natural y la creatividad humana. Ubicada en la confluencia de tres valles prominentes \u2014Val Venosta, Val Passiria y Val d&#039;Adige\u2014, Merano sirve de punto de acceso a algunos de los paisajes m\u00e1s impresionantes de la zona.<\/p>","protected":false},"author":1,"featured_media":17524,"parent":11663,"menu_order":0,"comment_status":"closed","ping_status":"closed","template":"elementor_theme","meta":{"_eb_attr":"","footnotes":""},"class_list":["post-16869","page","type-page","status-publish","has-post-thumbnail"],"_links":{"self":[{"href":"https:\/\/travelshelper.com\/es\/wp-json\/wp\/v2\/pages\/16869","targetHints":{"allow":["GET"]}}],"collection":[{"href":"https:\/\/travelshelper.com\/es\/wp-json\/wp\/v2\/pages"}],"about":[{"href":"https:\/\/travelshelper.com\/es\/wp-json\/wp\/v2\/types\/page"}],"author":[{"embeddable":true,"href":"https:\/\/travelshelper.com\/es\/wp-json\/wp\/v2\/users\/1"}],"replies":[{"embeddable":true,"href":"https:\/\/travelshelper.com\/es\/wp-json\/wp\/v2\/comments?post=16869"}],"version-history":[{"count":0,"href":"https:\/\/travelshelper.com\/es\/wp-json\/wp\/v2\/pages\/16869\/revisions"}],"up":[{"embeddable":true,"href":"https:\/\/travelshelper.com\/es\/wp-json\/wp\/v2\/pages\/11663"}],"wp:featuredmedia":[{"embeddable":true,"href":"https:\/\/travelshelper.com\/es\/wp-json\/wp\/v2\/media\/17524"}],"wp:attachment":[{"href":"https:\/\/travelshelper.com\/es\/wp-json\/wp\/v2\/media?parent=16869"}],"curies":[{"name":"wp","href":"https:\/\/api.w.org\/{rel}","templated":true}]}}