{"id":16581,"date":"2024-09-23T13:21:19","date_gmt":"2024-09-23T13:21:19","guid":{"rendered":"https:\/\/travelshelper.com\/staging\/?page_id=16581"},"modified":"2026-03-12T00:19:03","modified_gmt":"2026-03-12T00:19:03","slug":"bad-bruckenau","status":"publish","type":"page","link":"https:\/\/travelshelper.com\/es\/destinations\/europe\/germany\/bad-bruckenau\/","title":{"rendered":"Bad Br\u00fcckenau"},"content":{"rendered":"<p>Bad Br\u00fcckenau, una modesta ciudad balnearia de aproximadamente 6695 habitantes y 23,73 km\u00b2 de extensi\u00f3n, se encuentra en el tranquilo valle del Sinn, en el extremo occidental de la cordillera del Rh\u00f6n, en el noroeste de Baviera. Desde que sus aguas fueron reconocidas oficialmente en 1747, la comunidad ha crecido en torno a una serie de manantiales minerales cuya reputaci\u00f3n por sus propiedades terap\u00e9uticas se ha mantenido durante siglos. Situada en el distrito de Bad Kissingen, Bad Br\u00fcckenau combina la sobria dignidad de su conjunto arquitect\u00f3nico barroco con la sobriedad de la vida rural, ofreciendo una imagen matizada de un asentamiento que se ha adaptado a la guerra, los desastres y las fluctuaciones pol\u00edticas.<\/p>\n<p>Los primeros cap\u00edtulos de la historia de Br\u00fcckenau se remontan al reinado de Carlomagno, cuando un camino militar, &#034;ancho como una lanza&#034;, cruzaba el r\u00edo Sinn en un vado poco profundo. Los agricultores que buscaban tierras cultivables y acceso a esta v\u00eda secundaria dieron origen a una aldea conocida como Sinn-Aue. Su primera menci\u00f3n documental, en 1249, registra la concesi\u00f3n de privilegios por parte de la di\u00f3cesis de Fulda, siguiendo el modelo de la carta de la ciudad de Gelnhausen. Pronto se permiti\u00f3 a los nobles establecer cuatro castillos en las inmediaciones, cuyos vestigios, en particular los restos de Hohelin, a\u00fan marcan el paisaje. Bajo la doble autoridad del abad Enrique V de Fulda y el rey Enrique VII, Sinn-Aue recibi\u00f3 plenos derechos de ciudad en 1310, adquiriendo el derecho a fortificar sus murallas, celebrar mercados, vender alcohol, convocar consejos y utilizar los bosques circundantes. A pesar de estas conquistas, ocasionalmente surgieron fricciones con los estados hereditarios de los caballeros, lo que dio origen a una leyenda local: en 1400, los Caballeros de Th\u00fcngen supuestamente atacaron la ciudad, solo para ser repelidos, seg\u00fan la tradici\u00f3n, por la intercesi\u00f3n de San Jorge. A partir de entonces, Jorge fue venerado como su patr\u00f3n, y su figura fue inmortalizada en un monumento conmemorativo al cazador de dragones ante el antiguo ayuntamiento.<\/p>\n<p>La construcci\u00f3n de un importante puente de piedra sobre el Sinn en 1597 marc\u00f3 un punto de inflexi\u00f3n, dando al asentamiento su nombre actual: Br\u00fcckenau (&#034;prado del puente&#034;). Ese puente apenas sobrevivi\u00f3 a la Segunda Guerra Mundial, cuando las fuerzas en retirada intentaron demolerlo, y solo en la d\u00e9cada de 1960 fue reemplazado por el moderno puente de hormig\u00f3n que a\u00fan se utiliza hoy en d\u00eda. Para 1605, los registros fiscales otomanos de la Abad\u00eda Principesca de Fulda enumeraban 191 familias en la ciudad. Durante la Guerra de los Treinta A\u00f1os, los pueblos de los alrededores sufrieron destrucci\u00f3n y saqueos, pero Br\u00fcckenau se salv\u00f3; sin embargo, en 1634, un brote de peste se cobr\u00f3 un terrible precio. La recuperaci\u00f3n bajo el dominio b\u00e1varo sigui\u00f3 a las realineaciones territoriales de 1816, cuando Br\u00fcckenau se uni\u00f3 al reci\u00e9n expandido Reino de Baviera.<\/p>\n<p>En la noche del 13 al 14 de agosto de 1876, se desat\u00f3 el desastre: un incendio redujo a cenizas 140 de los 260 edificios de la ciudad, matando a cinco habitantes y destruyendo siglos de archivos. Durante los a\u00f1os de reconstrucci\u00f3n, una serie de iniciativas privadas y municipales buscaron emular el \u00e9xito de los balnearios vecinos. Perforaciones exploratorias revelaron un manantial de acero y uno de azufre en lo que se convertir\u00eda en el Parque Siebener, y posteriormente un manantial de hierro cerca del actual Georgi Kurpark. Junto a una piscina al aire libre \u2014inicialmente alimentada por aguas sulfurosas\u2014 se erigi\u00f3 una casa de ba\u00f1os que ofrec\u00eda tratamientos de barro y masajes, seguida de una piscina cubierta a principios de la d\u00e9cada de 1970, modernizada en la d\u00e9cada de 1990, pero cerrada definitivamente el 1 de octubre de 2023.<\/p>\n<p>La adopci\u00f3n oficial del nombre de Bad Br\u00fcckenau el 8 de abril de 1970 reflej\u00f3 la identidad de la ciudad como centro de tratamientos minerales. Tambi\u00e9n se convirti\u00f3 en el ep\u00f3nimo de la Br\u00fcckenauer Rh\u00f6nallianz, una asociaci\u00f3n intercomunitaria cuyo objetivo era coordinar el turismo y el desarrollo en la regi\u00f3n de Franconia.<\/p>\n<p>Un elemento central del car\u00e1cter de Bad Br\u00fcckenau es el Balneario Estatal, un complejo cuya historia comienza con un descubrimiento fortuito en 1747. Durante una estancia de verano en su villa de R\u00f6mershag, el pr\u00edncipe abad Amand von Buseck de Fulda supo, a trav\u00e9s de su pastor, de un manantial cuyas aguas ten\u00edan un sabor excepcional. El m\u00e9dico de la abad\u00eda inform\u00f3 r\u00e1pidamente a su se\u00f1or, quien orden\u00f3 que se explotara el manantial; para 1749, seis residencias con forma de pabell\u00f3n \u2014el Ciervo, el Aries, el Cisne, el Cordero, el Castor y el Le\u00f3n\u2014 enmarcaban un paseo arbolado, coronado por el Edificio del Pr\u00edncipe, transversal, conocido como el Caballo. Un templo de manantial abovedado con ocho pilares coronaba el conjunto. La expansi\u00f3n se vio retrasada por la Guerra de los Siete A\u00f1os, pero despu\u00e9s de 1764, bajo el pr\u00edncipe-obispo Heinrich von Bibra, el balneario adquiri\u00f3 su actual sello arquitect\u00f3nico y hort\u00edcola, y los primeros ba\u00f1os termales se construyeron en 1779.<\/p>\n<p>La agitaci\u00f3n napole\u00f3nica y la ocupaci\u00f3n de la Revoluci\u00f3n Francesa impusieron dificultades: en 1796, el balneario registr\u00f3 tan solo 127 hu\u00e9spedes. La recuperaci\u00f3n bajo soberan\u00eda b\u00e1vara a partir de 1816 marc\u00f3 el comienzo de su \u00e9poca dorada. El rey Luis I lo visit\u00f3 nada menos que 26 veces entre 1818 y 1862, administrando ocasionalmente la diplomacia b\u00e1vara desde el F\u00fcrstenhof. Fue aqu\u00ed, en 1847, donde el monarca conoci\u00f3 a Eliza Gilbert (Lola Montez), una relaci\u00f3n que desat\u00f3 el fervor revolucionario en 1848 y que finalmente le cost\u00f3 la corona.<\/p>\n<p>Las incorporaciones de 1939 (R\u00f6mershag y Wernarz) y 1978 (Volkers) ampliaron los l\u00edmites municipales. Demogr\u00e1ficamente, la ciudad experiment\u00f3 un crecimiento gradual: de 6118 habitantes en 1988 a 6449 en 2018, un aumento del 5,4 %.<\/p>\n<p>El entramado cultural de Bad Br\u00fcckenau refleja su variado patrimonio religioso. El catolicismo, fundado como parroquia independiente en 1694, se centra ahora en la parroquia de San Bartolom\u00e9 y la Iglesia del Castillo de San Benito, que abarcan R\u00f6mershag; Wernarz alberga la iglesia de San Jos\u00e9, Esposo de Mar\u00eda, que incorpora la Iglesia de Mar\u00eda, Salud de los Enfermos del balneario estatal. Desde 2009, estas comunidades pertenecen a la parroquia cat\u00f3lica de San Jorge de Bad Br\u00fcckenau, que a su vez forma parte del decanato de Bad Kissingen desde el 9 de enero de 2022. El culto protestante encontr\u00f3 su expresi\u00f3n en la Iglesia de Cristo (1908) y, posteriormente, en la Iglesia Evang\u00e9lica Luterana de la Paz (1957-1959) en el parque Georgi. Entre 1908 y 1920, el bar\u00f3n Andrei Budberg alberg\u00f3 una capilla ortodoxa rusa de Santa Mar\u00eda Magdalena, s\u00edmbolo del cosmopolitismo de la ciudad a principios del siglo XX.<\/p>\n<p>La presencia jud\u00eda en Br\u00fcckenau se remonta a la Edad Media, como lo demuestra la Judengasse, que alberg\u00f3 la sinagoga inaugurada el 22 de agosto de 1913 y el cementerio consagrado en 1923. La novela corta de Samuel Josef Agnon, &#034;Entre dos ciudades&#034;, evoca esta comunidad. Con el auge del nacionalsocialismo, la vida jud\u00eda fue brutalmente extinguida: la sinagoga fue incendiada por las SA durante la Noche de los Cristales Rotos, del 9 al 10 de noviembre de 1938, y para 1940 los \u00faltimos jud\u00edos hab\u00edan sido deportados. Una l\u00e1pida en el Nuevo Cementerio, erigida en 1987, conmemora a las 141 v\u00edctimas del distrito de Br\u00fcckenau.<\/p>\n<p>Hoy en d\u00eda, el gobierno municipal est\u00e1 liderado por el primer alcalde Jan-Malte Marberg (SPD), elegido el 12 de mayo de 2024 con un apoyo del 54,0 por ciento; asumi\u00f3 el cargo el 14 de mayo de 2024. El consejo municipal de 20 miembros refleja un equilibrio entre CSU (7 esca\u00f1os), PWG (7), SPD (3), Verdes (2) y FDP\/FB (1).<\/p>\n<p>La her\u00e1ldica de Bad Br\u00fcckenau une su pasado fuldaano con el legado del pr\u00edncipe abad Bernardo Gustavo de Baden-Durlach. El peque\u00f1o escudo de armas \u2014una barra diagonal roja sobre oro\u2014 evoca el emblema de Fulda, mientras que el escudo de armas mayor cuartea la cruz de Fulda con el busto de Hildegarda, fundadora del monasterio de Kempten, lo que subraya la doble herencia espiritual y secular de la ciudad.<\/p>\n<p>Desde 1980, Br\u00fcckenau est\u00e1 hermanada con Ancenis (Francia); cinco a\u00f1os despu\u00e9s, se uni\u00f3 Kirkham (Lancashire). Sus intercambios mutuos son fomentados por la Asociaci\u00f3n para la Promoci\u00f3n de Asociaciones de Ciudades Europeas de la ciudad, fundada en 2012.<\/p>\n<p>Los museos son un pilar fundamental de la oferta cultural de la ciudad: el Museo Alem\u00e1n de la Bicicleta y las salas de historia local del Antiguo Ayuntamiento presentan la evoluci\u00f3n de Br\u00fcckenau. El Staatsbad Br\u00fcckenau acoge a la Orquesta de C\u00e1mara B\u00e1vara, cuyas temporadas de conciertos y recitales universitarios animan la grandeza neocl\u00e1sica del Kursaal. Encargado por el rey Luis I e inaugurado en 1833 tras una ceremonia de colocaci\u00f3n de la primera piedra a la luz de las antorchas en 1827, el Kursaal exhibe pinturas en el techo de estilo renacentista italiano de Ludwig H\u00f6ger y Jakob Hochbrand. Dentro del complejo termal, el Elisabethenhof, construido en 1894 en homenaje a la emperatriz Isabel de Austria (\u00abSissi\u00bb), ahora funciona como la Administraci\u00f3n Estatal del Balneario, ofreciendo servicios a los hu\u00e9spedes, consultorios terap\u00e9uticos y un sal\u00f3n. Cerca de all\u00ed se encuentra el Schlosshotel F\u00fcrstenhof, construido en 1775 por encargo de Heinrich von Bebra y posteriormente ampliado por Johann Gottfried Gutensohn, como anexo del Dorint Resort &amp; Spa.<\/p>\n<p>Las ampliaciones de finales de siglo incluyen el Parkhotel (1899-1901), obra de Max Littmann, que ahora alberga el Vital Spa, y el neocl\u00e1sico Bellevue (1819), obra de Bernhard Morell. La &#034;Antigua Casa de Ba\u00f1os&#034; de Leo von Klenze (1823) y la ampliaci\u00f3n de Eugen Drollinger de 1901 flanquean el Badhotel. Una cochera restaurada de 1827, redise\u00f1ada por Johann Nepomuk Pertsch a instancias de Ludwig, alberga los Jardines del Balneario Estatal.<\/p>\n<p>El templo del manantial Wernarzer (1911), obra de Drollinger, corona el manantial Wernarzer, cuya fuente se explot\u00f3 por primera vez en 1749. Su columnata octogonal y sus elementos Art Nouveau presiden el paseo. En otros lugares se alzan la Iglesia de Cristo (inspirada en el Santo Sepulcro de Jerusal\u00e9n) y la iglesia de Santa Mar\u00eda, de estilo barroco b\u00e1varo, ambas de Drollinger, y la iglesia parroquial de San Bartolom\u00e9, obra de Johann Georg Link (consagrada en 1783). El antiguo ayuntamiento, las posadas hist\u00f3ricas del siglo XVI, el monasterio de Volkersberg y los puentes Grenzwald y Sinntal completan el panorama arquitect\u00f3nico.<\/p>\n<p>El plano barroco del jard\u00edn del balneario, dise\u00f1ado por Andrea Gallasini en 1747 y centrado en un estricto eje norte-sur, se ha conservado, aunque algunas secciones adoptaron el estilo paisaj\u00edstico ingl\u00e9s. Las restauraciones actuales del parque conservan la forma original de los \u00e1rboles: casta\u00f1os en forma de boj, una p\u00e9rgola de tilos cuidadosamente podada y ejemplares venerables como el roble Rey Luis (de siete metros de circunferencia), la magnolia pepino y un ginkgo centenario.<\/p>\n<p>Espacios verdes adicionales \u2014el Georgi Kurpark, el Siebener Park y el parque paisaj\u00edstico Sinntal\u2014 complementan los jardines del balneario. Las instalaciones de bienestar incluyen las Termas Sinnflut, ahora cerradas, el Vital Spa &amp; Garden de Dorint y el Regena Health Resort &amp; Spa. Los ritmos estacionales traen consigo conciertos al aire libre en el parque del castillo, festivales hist\u00f3ricos en parques, conciertos en el balneario Wandelhalle, bailes de m\u00e1scaras en el Kursaal bajo el lema &#034;El rey Luis te invita a bailar&#034;, el Domingo de Abrigo, la fiesta mayor de la ciudad y mercados regionales que se celebran cada cuarto s\u00e1bado.<\/p>\n<p>La vida deportiva se centra en el Estadio Hans Pfister, donde entren\u00f3 la selecci\u00f3n croata durante el Mundial de 2006. Clubes locales como el 1. FC Bad Br\u00fcckenau organizan equipos de f\u00fatbol, \u200b\u200bbalonmano y otras disciplinas, mientras que TV 1884 ofrece gimnasia, voleibol, baloncesto, atletismo, judo y danza. La carrera de trail Dreggichen 1000er de oto\u00f1o desaf\u00eda a los participantes a recorrer m\u00e1s de 10 km con casi 140 m de desnivel positivo, y la Carrera Rosa anual, el 3 de octubre, recauda fondos para la investigaci\u00f3n del c\u00e1ncer de mama.<\/p>\n<p>Los manantiales curativos, cada uno con sus propios perfiles minerales, siguen siendo el alma de la ciudad. El manantial de acero, registrado por primera vez en 1747 y perforado a 300 m en 1965, produce agua carbonatada rica en hierro que se utiliza para tratar la anemia y los trastornos circulatorios; se embotella comercialmente como agua mineral de Bad Br\u00fcckenau. El manantial Wernarzer, de 10 \u00b0C y 60 m de profundidad, y su pariente, el manantial Sinnberger (50 m de profundidad), producen aguas \u00e1cidas y bajas en sodio para terapias renales y urinarias. El manantial Lola Montez, rico en oligoelementos, favorece la salud de la piel, las u\u00f1as y el cabello, y mejora las afecciones metab\u00f3licas y de la ves\u00edcula biliar. El manantial vital de Bad Br\u00fcckenau, tambi\u00e9n altamente carbonatado, se recomienda para el \u00e1cido \u00farico elevado y los trastornos digestivos o circulatorios. El manantial de azufre del parque Siebener y el profundo manantial Georgi ofrecen otras opciones para quienes buscan balneoterapia qu\u00edmica, termal y mec\u00e1nica.<\/p>\n<p>La infraestructura moderna conecta Bad Br\u00fcckenau con regiones m\u00e1s extensas: la autopista A7 ofrece dos salidas (Bad Br\u00fcckenau\/Wildflecken y Bad Br\u00fcckenau\/Volkers), mientras que la l\u00ednea ferroviaria m\u00e1s cercana, Jossa (Sinntal), y las rutas de autob\u00fas a Fulda mantienen conexiones con las redes nacionales. El antiguo ferrocarril Jossa-Wildflecken forma ahora la ruta ciclista Rh\u00f6nexpress, y la aviaci\u00f3n ligera persiste en el aer\u00f3dromo de planeadores Bad Br\u00fcckenau-Oberleichtersbach. Los peregrinos del Marienweg de Franconia pasan por la ciudad, se\u00f1al\u00e1ndola como un lugar de descanso y un punto de paso para viajes espirituales m\u00e1s profundos.<\/p>\n<p>En su interacci\u00f3n de terreno accidentado y elegancia refinada, Bad Br\u00fcckenau encarna tanto la cruda historia de una comunidad que resiste la guerra, el fuego y los cambios pol\u00edticos, como la inesperada belleza de una ciudad balnearia moldeada por el agua, el viento y las aspiraciones de pr\u00edncipes y campesinos. Aqu\u00ed, entre pabellones barrocos y robles centenarios, perduran los ritmos de la sanaci\u00f3n y la habitabilidad, invitando a la reflexi\u00f3n sobre los v\u00ednculos que unen la tierra, el agua y el esp\u00edritu humano.<\/p>","protected":false},"excerpt":{"rendered":"<p>Bad Br\u00fcckenau, una encantadora ciudad balnearia situada a los pies del Rh\u00f6n, en la regi\u00f3n de Bad Kissingen, en la Baja Franconia, con un pasado hist\u00f3rico y una poblaci\u00f3n que valora sus aguas terap\u00e9uticas. Esta pintoresca ciudad b\u00e1vara ha sido un destino balneario acreditado desde 1747, ofreciendo a sus hu\u00e9spedes una combinaci\u00f3n \u00fanica de arquitectura hist\u00f3rica, esplendor natural y servicios terap\u00e9uticos.<\/p>","protected":false},"author":1,"featured_media":17532,"parent":13736,"menu_order":0,"comment_status":"closed","ping_status":"closed","template":"elementor_theme","meta":{"_eb_attr":"","footnotes":""},"class_list":["post-16581","page","type-page","status-publish","has-post-thumbnail"],"_links":{"self":[{"href":"https:\/\/travelshelper.com\/es\/wp-json\/wp\/v2\/pages\/16581","targetHints":{"allow":["GET"]}}],"collection":[{"href":"https:\/\/travelshelper.com\/es\/wp-json\/wp\/v2\/pages"}],"about":[{"href":"https:\/\/travelshelper.com\/es\/wp-json\/wp\/v2\/types\/page"}],"author":[{"embeddable":true,"href":"https:\/\/travelshelper.com\/es\/wp-json\/wp\/v2\/users\/1"}],"replies":[{"embeddable":true,"href":"https:\/\/travelshelper.com\/es\/wp-json\/wp\/v2\/comments?post=16581"}],"version-history":[{"count":0,"href":"https:\/\/travelshelper.com\/es\/wp-json\/wp\/v2\/pages\/16581\/revisions"}],"up":[{"embeddable":true,"href":"https:\/\/travelshelper.com\/es\/wp-json\/wp\/v2\/pages\/13736"}],"wp:featuredmedia":[{"embeddable":true,"href":"https:\/\/travelshelper.com\/es\/wp-json\/wp\/v2\/media\/17532"}],"wp:attachment":[{"href":"https:\/\/travelshelper.com\/es\/wp-json\/wp\/v2\/media?parent=16581"}],"curies":[{"name":"wp","href":"https:\/\/api.w.org\/{rel}","templated":true}]}}