{"id":16563,"date":"2024-09-23T12:55:14","date_gmt":"2024-09-23T12:55:14","guid":{"rendered":"https:\/\/travelshelper.com\/staging\/?page_id=16563"},"modified":"2026-03-12T00:19:58","modified_gmt":"2026-03-12T00:19:58","slug":"bad-berka","status":"publish","type":"page","link":"https:\/\/travelshelper.com\/es\/destinations\/europe\/germany\/bad-berka\/","title":{"rendered":"Bad Berka"},"content":{"rendered":"<p>Enclavada en las suaves colinas de Ilm-Saale-Platte, en el centro de Alemania, Bad Berka es una ciudad de poco menos de 8.000 habitantes que se extiende a lo largo de aproximadamente 27,4 km\u00b2. Situada a doce kil\u00f3metros al sur de Weimar y a veinte kil\u00f3metros al oeste de Jena, ocupa un frondoso valle excavado por el r\u00edo Ilm a trav\u00e9s de arenisca roja reciente. Desde 2008, los l\u00edmites municipales abarcan el antiguo pueblo de Gutendorf, uniendo otros seis distritos y dando lugar a un paisaje que alterna jardines termales, tierras agr\u00edcolas y densos bosques de abetos y hayas.<\/p>\n<p>La identidad de Bad Berka se ha forjado en torno a sus aguas curativas. Los or\u00edgenes de su industria termal se remontan a la fundaci\u00f3n de un ba\u00f1o de azufre en 1813, inspirado en el descubrimiento de un manantial rico en hierro, el &#034;Stahlquelle&#034;, en 1807. La extracci\u00f3n de estas aguas, tanto para ba\u00f1os como para terapias de bebida, fue impulsada por visionarios locales en colaboraci\u00f3n con Johann Wolfgang von Goethe, lo que le dio al pueblo su nombre informal de &#034;Das Goethebad im Gr\u00fcnen&#034;. En 2002, su legado fue reconocido formalmente con la designaci\u00f3n de &#034;Balneario Reconocido por el Estado con Instalaciones de Salud Minerales&#034;. Con el tiempo, las instalaciones se expandieron: en 1952 surgi\u00f3 una cl\u00ednica para la tuberculosis, que evolucion\u00f3 hasta convertirse en la Zentralklinik, un centro m\u00e9dico de renombre en toda Europa, mientras que la ca\u00edda del Muro de Berl\u00edn dio paso a las cl\u00ednicas de rehabilitaci\u00f3n de Median en 1994 y 1997, que ofrec\u00edan tratamientos de seguimiento integrales.<\/p>\n<p>A pesar de su modesto tama\u00f1o, Bad Berka ha estado ligada desde hace mucho tiempo a las corrientes culturales alemanas. Entre 1812 y 1828, el propio Goethe se aloj\u00f3 con Heinrich Friedrich Sch\u00fctz, cuya antigua residencia perdura hoy en d\u00eda como la &#034;Casa Goethe&#034;, un peque\u00f1o museo que narra la vida del organista-profesor de Berka y su mecenas. El flujo constante de personalidades prominentes que visitaban el balneario dio lugar a grandes edificios neocl\u00e1sicos: el ayuntamiento reconstruido de Clemens Wenzeslaus Coudray en 1817 enclava la plaza del mercado, notable por su reloj de fases lunares, mientras que la Casa Coudray (1825) sirvi\u00f3 como punto central para bailes, conciertos y espect\u00e1culos teatrales antes de su conversi\u00f3n en un museo interactivo del balneario. Cerca de all\u00ed, el edificio de la Armer\u00eda, de 59 metros de altura \u2014antiguo dep\u00f3sito de equipo de caza ducal\u2014, ahora alberga la biblioteca, los archivos, un sal\u00f3n comunitario y un restaurante.<\/p>\n<p>Restos de la Berka medieval persisten en el patio interior del Castillo Viejo: un foso, fragmentos de muralla y un retrete cubierto insin\u00faan la estatura de los Condes de Berka antes de su traslado a un palacio en la cima de una colina a finales del siglo XIII. El barroco &#034;Edelhof&#034;, erigido en 1786, pas\u00f3 de ser un pabell\u00f3n de caza ducal a una casa de hu\u00e9spedes para visitantes adinerados del balneario; Goethe y su esposa Christiane se alojaron all\u00ed durante su cura de 1814. La arquitectura eclesi\u00e1stica refleja la compleja historia de la ciudad: la Iglesia Evang\u00e9lica de Santa Mar\u00eda ocupa los terrenos de un antiguo convento cisterciense, y su muro oriental g\u00f3tico sobrevivi\u00f3 al incendio de 1608 que retras\u00f3 la construcci\u00f3n de la nave barroca hasta 1739-1741. Una peque\u00f1a iglesia cat\u00f3lica, que data de 1918 en la carretera de Tannroda, da testimonio de la evoluci\u00f3n espiritual de Bad Berka.<\/p>\n<p>El entorno natural que rodea la ciudad realza su reputaci\u00f3n como lugar de restauraci\u00f3n. El carril bici del valle de Ilm y la ruta de senderismo certificada de las Tres Torres de Turingia atraviesan un \u00e1rea de conservaci\u00f3n de 150 km\u00b2, mientras que el parque termal se extiende entre prados, p\u00e1ramos y arboledas protegidas. Las instalaciones Kneipp \u2014en la fuente de Goethe, el Dammbachsgrund y el Gottesbr\u00fcnnlein\u2014 ofrecen hidroterapias acu\u00e1ticas para pediluvios y rutas de senderismo. En la cima del Adelsberg, la Torre Pauline (1884) ofrece vistas panor\u00e1micas de la campi\u00f1a turingia; su plataforma es una modesta recompensa por la subida de veintis\u00e9is metros.<\/p>\n<p>Las conexiones de transporte de Bad Berka contradicen su peque\u00f1a escala. Dos estaciones del ferrocarril del valle de Ilm conectan el n\u00facleo urbano y el vecino distrito de M\u00fanich con Weimar y Kranichfeld. Las carreteras federales B85 y B87 atraviesan el municipio, aunque algunos tramos de esta \u00faltima se han reclasificado como carreteras estatales en las \u00faltimas d\u00e9cadas. Seis kil\u00f3metros al norte se encuentran los cruces de Nohra y Weimar de la autopista A4, mientras que un peque\u00f1o aer\u00f3dromo atiende a pilotos de planeadores y realiza vuelos ch\u00e1rter ocasionales.<\/p>\n<p>Hist\u00f3ricamente, la suerte de la ciudad ha reflejado la de la regi\u00f3n en su conjunto. En la Edad Media, un convento cisterciense floreci\u00f3 desde 1251 hasta la Reforma, y \u200b\u200bsu iglesia abacial sent\u00f3 las bases de las estructuras eclesi\u00e1sticas posteriores. Incorporada al Gran Ducado de Sajonia-Weimar-Eisenach del Imperio alem\u00e1n, Bad Berka sufri\u00f3 perturbaciones durante la guerra: las instalaciones petrol\u00edferas y una planta subterr\u00e1nea de trabajos forzados la convirtieron en blanco de ataques durante la Campa\u00f1a Petrolera Aliada de 1945. Los bombardeos aliados del 31 de marzo, el 5 y el 9 de abril dejaron muertos civiles y militares, conmemorados hoy con estelas conmemorativas en el cementerio municipal: tumbas para 23 v\u00edctimas y placas en honor a las personas desplazadas y a los soldados estadounidenses ca\u00eddos.<\/p>\n<p>La evoluci\u00f3n administrativa de la ciudad tambi\u00e9n ha transformado sus contornos comunales. La reforma de Turingia de 1994 unific\u00f3 Berka con los pueblos anteriormente independientes de Tannroda, Bergern, Schoppendorf, Meckfeld y Tiefengruben, mientras que Gutendorf se uni\u00f3 en diciembre de 2008. Cada distrito aporta lugares de inter\u00e9s \u00fanicos: Bergern alberga la iglesia del pueblo &#034;Zum Kripplein Christi&#034;, cuyo interior fue restaurado por el artista Matt Lamb; Tannroda conserva el Museo de Cester\u00eda de Turingia, un testimonio de la artesan\u00eda regional; Meckfeld y Tiefengruben conservan un tranquilo car\u00e1cter agr\u00edcola.<\/p>\n<p>La vida cultural de Bad Berka sigue anclada en su patrimonio termal y su entorno natural. Desde 1996, el festival anual Party.San Open Air atrae a los aficionados al heavy metal a los campos abiertos de las afueras de la ciudad. M\u00e1s tradicionalmente turingios son el Festival de las Fuentes, que se celebra cada dos a\u00f1os, con procesiones, fuegos artificiales sobre el parque termal y el espect\u00e1culo nocturno &#034;Liszt en el Verde&#034;, donde \u00e1rboles iluminados acompa\u00f1an obras grabadas para piano de la academia de m\u00fasica de Weimar, y el Festival de Cometas en el aer\u00f3dromo de planeadores. El Sch\u00fctzenfest en el parque termal a\u00f1ade un desfile de caza al calendario, mientras que festivales de la cosecha m\u00e1s peque\u00f1os y celebraciones locales marcan la diferencia con la calidez local.<\/p>\n<p>Dentro del propio parque termal, la Fuente de Goethe conserva sus aguas ricas en hierro de 1835, sombreada por villas hist\u00f3ricas y entrelazada con lechos de turba procedentes del p\u00e1ramo. Obras escult\u00f3ricas de Adolf Br\u00fctt \u2014un busto de Goethe en un nicho de jard\u00edn\u2014 y Bruno Eyermann \u2014un grupo de ba\u00f1istas a\u00f1adido en 1946\u2014 revitalizan el legado de los manantiales. Cerca de all\u00ed, el antiguo sanatorio &#034;Schloss Harth&#034;, inaugurado en 1905 bajo el lema &#034;Mens sana in corpore sano&#034;, ahora alberga el Instituto de Formaci\u00f3n Docente, Desarrollo Curricular y Medios de Comunicaci\u00f3n de Turingia, lo que refleja la transformaci\u00f3n de un centro de salud a un centro educativo.<\/p>\n<p>En su compacto espacio, Bad Berka ofrece una singular combinaci\u00f3n de tradici\u00f3n m\u00e9dica, v\u00ednculos literarios y refugio natural. La corriente del Ilm recorre antiguos cauces a trav\u00e9s de muros de arenisca; los techos de madera y las fachadas neocl\u00e1sicas perduran junto a los f\u00e9rreos recordatorios de la guerra. Los visitantes pueden pasear por los senderos del p\u00e1ramo, detenerse junto a bustos de m\u00e1rmol o ascender para contemplar el amanecer sobre bosques lejanos. Sin embargo, en su esencia, la ciudad sigue definida por el manantial que primero trajo esperanza a los enfermos de tuberculosis y posteriormente atrajo la atenci\u00f3n de Goethe: agua que contin\u00faa moldeando la vida comunitaria, la pr\u00e1ctica m\u00e9dica y el tranquilo ritmo de la vida en un balneario.<\/p>","protected":false},"excerpt":{"rendered":"<p>Bad Berka, una atractiva ciudad balnearia alemana situada en la regi\u00f3n sur de Weimar, en Turingia, con una poblaci\u00f3n de aproximadamente 8.000 habitantes, es la segunda ciudad m\u00e1s grande del distrito de Weimarer Land. Esta pintoresca ciudad, situada a orillas del r\u00edo Ilm y rodeada de frondosos bosques de abetos y hayas, posee un legado hist\u00f3rico que se remonta al siglo XIII. Su ubicaci\u00f3n estrat\u00e9gica, a tan solo 12 kil\u00f3metros al sur de Weimar, ha influido significativamente en su desarrollo cultural y econ\u00f3mico a lo largo de los a\u00f1os.<\/p>","protected":false},"author":1,"featured_media":17504,"parent":13736,"menu_order":0,"comment_status":"closed","ping_status":"closed","template":"elementor_theme","meta":{"_eb_attr":"","footnotes":""},"class_list":["post-16563","page","type-page","status-publish","has-post-thumbnail"],"_links":{"self":[{"href":"https:\/\/travelshelper.com\/es\/wp-json\/wp\/v2\/pages\/16563","targetHints":{"allow":["GET"]}}],"collection":[{"href":"https:\/\/travelshelper.com\/es\/wp-json\/wp\/v2\/pages"}],"about":[{"href":"https:\/\/travelshelper.com\/es\/wp-json\/wp\/v2\/types\/page"}],"author":[{"embeddable":true,"href":"https:\/\/travelshelper.com\/es\/wp-json\/wp\/v2\/users\/1"}],"replies":[{"embeddable":true,"href":"https:\/\/travelshelper.com\/es\/wp-json\/wp\/v2\/comments?post=16563"}],"version-history":[{"count":0,"href":"https:\/\/travelshelper.com\/es\/wp-json\/wp\/v2\/pages\/16563\/revisions"}],"up":[{"embeddable":true,"href":"https:\/\/travelshelper.com\/es\/wp-json\/wp\/v2\/pages\/13736"}],"wp:featuredmedia":[{"embeddable":true,"href":"https:\/\/travelshelper.com\/es\/wp-json\/wp\/v2\/media\/17504"}],"wp:attachment":[{"href":"https:\/\/travelshelper.com\/es\/wp-json\/wp\/v2\/media?parent=16563"}],"curies":[{"name":"wp","href":"https:\/\/api.w.org\/{rel}","templated":true}]}}