{"id":16545,"date":"2024-09-23T12:31:13","date_gmt":"2024-09-23T12:31:13","guid":{"rendered":"https:\/\/travelshelper.com\/staging\/?page_id=16545"},"modified":"2026-03-12T00:13:07","modified_gmt":"2026-03-12T00:13:07","slug":"bad-aibling","status":"publish","type":"page","link":"https:\/\/travelshelper.com\/es\/destinations\/europe\/germany\/bad-aibling\/","title":{"rendered":"Bad Aibling"},"content":{"rendered":"<p>Situada a orillas del r\u00edo Mangfall, a unos 56 kil\u00f3metros al sureste de M\u00fanich, Bad Aibling ocupa una superficie de 41,55 kil\u00f3metros cuadrados a una altitud de 498 metros sobre el nivel del mar y alberga a aproximadamente 18.000 habitantes. Esta ciudad balneario b\u00e1vara, cuyo nombre apareci\u00f3 por primera vez en los anales del a\u00f1o 804 como \u00abEpininga\u00bb, ha evolucionado a lo largo de milenios de asentamiento humano hasta convertirse en un lugar donde convergen por igual la riqueza geol\u00f3gica, el patrimonio arquitect\u00f3nico y los ecos de la historia.<\/p>\n<p>Desde aproximadamente el 500 a. C. hasta el 15 a. C., las tribus celtas cultivaron las f\u00e9rtiles llanuras y los m\u00e1rgenes boscosos alrededor del Mangfall, dejando tras de s\u00ed vestigios de su vida agr\u00edcola y ritual. La llegada de los ocupantes romanos en el siglo I a. C. introdujo nuevas carreteras e infraestructura rudimentaria; sin embargo, fue la migraci\u00f3n de los b\u00e1varos en el siglo V d. C. la que sent\u00f3 las bases culturales a\u00fan palpables en el dialecto y las costumbres de la ciudad. En la \u00e9poca medieval, el asentamiento \u2014registrado en 1166 como \u201cAibilingen\u201d en el Codex diplomatus Falkensteinensis\u2014 sirvi\u00f3 como centro administrativo en el dominio de los condes de Falkenstein. Tras la extinci\u00f3n de la l\u00ednea Neuburg-Falkenstein, este territorio pas\u00f3 a la dinast\u00eda Wittelsbach, cuya influencia molde\u00f3 gran parte del paisaje pol\u00edtico y arquitect\u00f3nico posterior de Baviera.<\/p>\n<p>No fue hasta mediados del siglo XIX que Bad Aibling comenz\u00f3 a labrarse su reputaci\u00f3n como destino de salud y bienestar. En 1845, el m\u00e9dico Desiderius Beck fue pionero en tratamientos terap\u00e9uticos con la abundante turba de la ciudad, ofreciendo ba\u00f1os de pulpa de turba que se convertir\u00edan en un pilar del turismo m\u00e9dico. Cinco d\u00e9cadas despu\u00e9s, la creciente popularidad de estos tratamientos impuls\u00f3 al estado b\u00e1varo a otorgarle el prefijo &#034;Bad&#034;, reconoci\u00e9ndola oficialmente entre las ciudades termales y de manantial de Alemania en 1895. Una generaci\u00f3n m\u00e1s tarde, en 1933, Bad Aibling obtuvo el estatus municipal, adquiriendo tanto la estructura administrativa como la identidad c\u00edvica propias de una ciudad moderna.<\/p>\n<p>Espa\u00f1ol Los a\u00f1os turbulentos de la Segunda Guerra Mundial y sus secuelas dejaron su huella en Bad Aibling. En 1945, la ciudad alberg\u00f3 el Centro de Descarga de POW # 26, a trav\u00e9s del cual los prisioneros de guerra alemanes regresaron del cautiverio aliado. Para 1946, los terrenos de la base a\u00e9rea se hab\u00edan convertido en un campo de personas desplazadas para miembros del Ej\u00e9rcito Real Yugoslavo bajo la administraci\u00f3n de la UNRRA y m\u00e1s tarde de la IRO. Desde 1948 hasta finales de 1951, la Aldea Infantil de la IRO alberg\u00f3 a m\u00e1s de 2,300 ni\u00f1os y j\u00f3venes no acompa\u00f1ados que representaban m\u00e1s de veinte nacionalidades, lo que la convirti\u00f3 en la instalaci\u00f3n m\u00e1s grande de este tipo en la zona de ocupaci\u00f3n estadounidense. En las d\u00e9cadas posteriores, el antiguo complejo militar se convirti\u00f3 en un punto focal para las organizaciones de inteligencia. El vestigio m\u00e1s conspicuo de este cap\u00edtulo fue la estaci\u00f3n de inteligencia de se\u00f1ales ECHELON operada por las fuerzas estadounidenses; Sus radomos, s\u00edmbolos desde hace tiempo de la vigilancia global, fueron transferidos en 2005 al Servicio Federal de Informaci\u00f3n (BND), que sigue utiliz\u00e1ndolos en colaboraci\u00f3n con la Agencia de Seguridad Nacional.<\/p>\n<p>Como complemento a su prestigio hist\u00f3rico, la moderna infraestructura termal de Bad Aibling es un pilar fundamental de su econom\u00eda y vida cotidiana. En septiembre de 2007, tras la exitosa extracci\u00f3n de agua termal en 2002, la ciudad inaugur\u00f3 sus Termas, un santuario abovedado con ba\u00f1os termales ricos en minerales y un completo complejo de sauna dise\u00f1ado por Behnisch Architekten de Stuttgart. Con ocho experiencias de sauna distintas, que abarcan desde c\u00e1maras con infusi\u00f3n de eucalipto hasta retiros en caba\u00f1as de madera, y la incorporaci\u00f3n de una sauna flotante en una casa flotante amarrada en el Triftbach en septiembre de 2017, las Termas reciben a casi 300.000 visitantes al a\u00f1o. La incorporaci\u00f3n de tecnolog\u00eda de ultrafiltraci\u00f3n para el tratamiento del agua, el reconocimiento del manantial Desiderius como fuente curativa en 2008 y la ampliaci\u00f3n de las salas de descanso en diciembre de 2015 subrayan el compromiso de Bad Aibling con el bienestar de vanguardia. Incluso la crisis de octubre de 2015, cuando un accidente con gas cloro hiri\u00f3 temporalmente a diez hu\u00e9spedes, provoc\u00f3 una r\u00e1pida investigaci\u00f3n y se reforzaron los protocolos de seguridad.<\/p>\n<p>La oferta de ocio de la ciudad va mucho m\u00e1s all\u00e1 de las aguas termales. En la primavera de 2008, se inaugur\u00f3 junto al spa una piscina al aire libre, compuesta por una piscina de entrenamiento, una piscina de aventura y una piscina infantil con zona de juegos. Harthausen, uno de los distritos de Bad Aibling, cuenta con su propio complejo de piscinas, mientras que la piscina del Centro de Formaci\u00f3n e Investigaci\u00f3n Hermann Buhl da servicio tanto a clubes deportivos como a escuelas locales. Cada invierno, de octubre a marzo, una pista de hielo ofrece patinaje y hockey, y acoge al equipo local EHC Bad Aibling, que compite en la Liga Regional Suroeste. Junto a las Termas, un aparcamiento de autocaravanas con 31 plazas, enclavado junto al Triftbach, ofrece acceso las 24 horas a un tranquilo bosque. La vida deportiva tambi\u00e9n late en las canchas y campos del TuS Bad Aibling: su equipo femenino de baloncesto, conocido en 2014\/15 como Fireballs, ascendi\u00f3 brevemente a la Frauen-Bundesliga antes de recuperar su lugar en la primera divisi\u00f3n con una campa\u00f1a 2015\/16 invicto, mientras que el equipo femenino de f\u00fatbol brilla en la Bayernliga.<\/p>\n<p>La industria de Bad Aibling tiene sus ra\u00edces en sus manantiales minerales, pero se ramifica en diversos sectores. Los hoteles con spa y las cl\u00ednicas de rehabilitaci\u00f3n son el pilar de la econom\u00eda sanitaria, mientras que las empresas farmac\u00e9uticas, textiles, de ingenier\u00eda el\u00e9ctrica, de producci\u00f3n de pl\u00e1sticos y de procesamiento de l\u00e1cteos impulsan la vitalidad comercial de la ciudad. Y, desde 2009, el Festival Echelon al Aire Libre y en Interiores \u2014un encuentro anual en agosto para aficionados a la m\u00fasica electro, techno y house\u2014 ha atra\u00eddo a unos 25.000 visitantes a los terrenos de la antigua estaci\u00f3n ECHELON, transformando un lugar de vigilancia clandestina en uno de celebraci\u00f3n comunitaria.<\/p>\n<p>Los viajeros llegan por carretera o tren. La salida de Bad Aibling de la autopista A8 y la carretera estatal 2078 conectan la ciudad con M\u00fanich y Rosenheim, mientras que una circunvalaci\u00f3n sur inaugurada en el a\u00f1o 2000 (parcialmente tunelizada) para aliviar el tr\u00e1fico de paso sigue siendo objeto de debate; sus calles de sentido \u00fanico y desv\u00edos residenciales impulsan las peticiones de una carretera de circunvalaci\u00f3n norte. Un redise\u00f1o de Marienplatz inspirado en el espacio compartido en 2012 busc\u00f3 equilibrar las necesidades de veh\u00edculos y peatones, aunque los coches conservan la prioridad formal. En el ferrocarril del valle de Mangfall, la c\u00e9ntrica estaci\u00f3n de Bad Aibling y la m\u00e1s reciente parada de Bad Aibling Kurpark (inaugurada en septiembre de 2009) conectan a residentes e invitados con M\u00fanich, Holzkirchen y Rosenheim. Dos colisiones graves en esta l\u00ednea (una en 1945 y otra el 9 de febrero de 2016) dejaron un total de diecisiete muertos y m\u00e1s de noventa heridos, eventos que impulsaron revisiones de seguridad. El transporte p\u00fablico local incluye el servicio de estilo hist\u00f3rico Mooreexpress que conecta hospitales, hoteles y las Termas, as\u00ed como una red de autobuses RVO en las l\u00edneas 276, 277, 343 y m\u00e1s, y operaciones de Max Hollinger en las rutas 341, 344, 345 y 346. Desde diciembre de 2023, toda el \u00e1rea urbana se encuentra dentro de la zona tarifaria 6 de MVV.<\/p>\n<p>Dentro de los l\u00edmites de la ciudad se encuentran veintis\u00e9is distritos, cuyos nombres son: Abel, Adlfurt, Bad Aibling Mitte, Berbling, Ellmosen, Fachendorf, Gr\u00f6ben, Harthausen, Haslach, Heimathsberg, Heinrichsdorf, Holzhausen, K\u00f6ckbrunn, Markfeld, Mietraching, Mitterham, Moos, Natternberg, Thalacker, Th\u00fcrham, Unterheufeld, Weg, Westen, Westerham, Willing y Zell: trazan un mapa de un mosaico de aldeas, parques balnearios y aldeas rurales que se mezclan con el campo circundante.<\/p>\n<p>Los monumentos culturales anclan Bad Aibling en el tiempo. La c\u00e9ntrica Marienplatz, definida por su elegante Columna Mariana erigida en agradecimiento por la liberaci\u00f3n de la peste, colinda con el hist\u00f3rico ayuntamiento al oeste y la Kirchzeile al este, donde el Castillo de Prantseck y la Iglesia de San Sebasti\u00e1n presiden entre una hilera de casas restauradas a la sombra de los \u00e1rboles. La cresta del Hofberg, coronada por la iglesia parroquial de la ciudad con c\u00fapula bulbosa, forma el l\u00edmite norte de la plaza. Al sur, los jardines del balneario, dise\u00f1ados sin compartimentos formales, fusionan c\u00e9sped, un jard\u00edn de p\u00e1ramo y un jard\u00edn de aromas y tacto alrededor del apacible estanque Irlachweiher. Aqu\u00ed, un gimnasio multigeneracional, una cancha de tenis y un minigolf promueven festivales de verano, conciertos y eventos culturales que unen a la comunidad con el lugar.<\/p>\n<p>El museo de historia local, gestionado por la Sociedad Hist\u00f3rica desde 1931, preserva la historia de la ciudad: muebles r\u00fasticos, artesan\u00eda de \u00e9poca y un taller de toneler\u00eda y hojalater\u00eda minuciosamente recreado evocan la vida preindustrial, mientras que el Marbacher Stube, con sus paneles renacentistas y artesonado, transporta a los visitantes a los salones de principios de la era moderna. Un punto destacado es el estudio de Wilhelm Leibl, el pintor realista que vivi\u00f3 en Berbling y Bad Aibling desde 1873. Devuelto a la ciudad por el alcalde de Colonia, Konrad Adenauer, este espacio refleja tanto el patrimonio art\u00edstico como el orgullo comunitario.<\/p>\n<p>Dispersos por Bad Aibling se encuentran otros vestigios de su pasado: las ruinas del hotel balneario Ludwigsbad, consumido por un incendio en 2007 y demolido en 2011; el conjunto Art Nouveau de la Meggendorferstrasse; el Monumento a Teresa, que conmemora la despedida de la Reina Madre Teresa a su hijo, Ot\u00f3n I de Grecia; el Castillo de Prantshausen en Marienplatz; y la aldea rural de Maxlrainer Hof. Cada estructura, ya sea erosionada o restaurada, contribuye a un paisaje urbano multidimensional en el que coexisten la piedra medieval y el cristal moderno.<\/p>\n<p>A lo largo de su evoluci\u00f3n \u2014de claro celta a puesto avanzado romano, de centro administrativo medieval a moderna ciudad balnearia\u2014, Bad Aibling ha conservado una sensaci\u00f3n de descubrimiento basada en la observaci\u00f3n m\u00e1s que en el espect\u00e1culo. Sus aguas turbias y manantiales minerales ofrecen un alivio tangible para cuerpo y mente; su arquitectura y espacios p\u00fablicos brindan momentos de tranquilidad para la reflexi\u00f3n; y sus festivales y eventos deportivos surgen de la iniciativa local m\u00e1s que de la publicidad externa. En cada barrio y a lo largo de cada sendero fluye el ritmo constante de un lugar en sinton\u00eda con su patrimonio y sus perspectivas de futuro. Bad Aibling no pregona sus virtudes; las revela a trav\u00e9s del deliberado despliegue de historia, naturaleza y esfuerzo comunitario, invitando a los visitantes no a buscar emociones, sino a presenciar la sutil interacci\u00f3n de tierra, cultura y bienestar que define a este rinc\u00f3n de Baviera.<\/p>","protected":false},"excerpt":{"rendered":"<p>Bad Aibling, una atractiva ciudad balnearia ubicada en Baviera, Alemania, con una poblaci\u00f3n de aproximadamente 18.000 habitantes. Ubicada a 56 kil\u00f3metros al sureste de M\u00fanich, esta pintoresca localidad se encuentra a una altitud de 498 metros sobre el nivel del mar y abarca una extensi\u00f3n de 41,55 kil\u00f3metros cuadrados. Su privilegiada ubicaci\u00f3n junto al r\u00edo Mangfall la convierte en un destino ideal para los aficionados a la salud y el bienestar.<\/p>","protected":false},"author":1,"featured_media":17527,"parent":13736,"menu_order":0,"comment_status":"closed","ping_status":"closed","template":"elementor_theme","meta":{"_eb_attr":"","footnotes":""},"class_list":["post-16545","page","type-page","status-publish","has-post-thumbnail"],"_links":{"self":[{"href":"https:\/\/travelshelper.com\/es\/wp-json\/wp\/v2\/pages\/16545","targetHints":{"allow":["GET"]}}],"collection":[{"href":"https:\/\/travelshelper.com\/es\/wp-json\/wp\/v2\/pages"}],"about":[{"href":"https:\/\/travelshelper.com\/es\/wp-json\/wp\/v2\/types\/page"}],"author":[{"embeddable":true,"href":"https:\/\/travelshelper.com\/es\/wp-json\/wp\/v2\/users\/1"}],"replies":[{"embeddable":true,"href":"https:\/\/travelshelper.com\/es\/wp-json\/wp\/v2\/comments?post=16545"}],"version-history":[{"count":0,"href":"https:\/\/travelshelper.com\/es\/wp-json\/wp\/v2\/pages\/16545\/revisions"}],"up":[{"embeddable":true,"href":"https:\/\/travelshelper.com\/es\/wp-json\/wp\/v2\/pages\/13736"}],"wp:featuredmedia":[{"embeddable":true,"href":"https:\/\/travelshelper.com\/es\/wp-json\/wp\/v2\/media\/17527"}],"wp:attachment":[{"href":"https:\/\/travelshelper.com\/es\/wp-json\/wp\/v2\/media?parent=16545"}],"curies":[{"name":"wp","href":"https:\/\/api.w.org\/{rel}","templated":true}]}}