{"id":15980,"date":"2024-09-22T01:13:36","date_gmt":"2024-09-22T01:13:36","guid":{"rendered":"https:\/\/travelshelper.com\/staging\/?page_id=15980"},"modified":"2024-09-22T01:15:53","modified_gmt":"2024-09-22T01:15:53","slug":"politica-de-privacidad","status":"publish","type":"page","link":"https:\/\/travelshelper.com\/es\/privacy-policy\/","title":{"rendered":"pol\u00edtica de privacidad"},"content":{"rendered":"<div data-elementor-type=\"wp-page\" data-elementor-id=\"15980\" class=\"elementor elementor-15980\">\n\t\t\t\t<div class=\"elementor-element elementor-element-35188596 e-flex e-con-boxed e-con e-parent\" data-id=\"35188596\" data-element_type=\"container\" data-e-type=\"container\">\n\t\t\t\t\t<div class=\"e-con-inner\">\n\t\t<div class=\"elementor-element elementor-element-3f81f514 e-con-full e-flex e-con e-child\" data-id=\"3f81f514\" data-element_type=\"container\" data-e-type=\"container\">\n\t\t\t\t<div class=\"elementor-element elementor-element-33b17af5 elementor-widget elementor-widget-text-editor\" data-id=\"33b17af5\" data-element_type=\"widget\" data-e-type=\"widget\" data-widget_type=\"text-editor.default\">\n\t\t\t\t\t\t\t\t\t<p>Fecha de entrada en vigor: 26\/09\/2024<\/p><ol><li><strong>Introducci\u00f3n<\/strong><\/li><\/ol><p>Bienvenido a\u00a0<strong>Ayudante de viaje S<\/strong>.<\/p><p><strong>Ayudante de viaje S<\/strong>\u00a0(\u201cnosotros\u201d, \u201cnos\u201d o \u201cnuestro\u201d) opera\u00a0<strong>https:\/\/travelshelper.com<\/strong>\u00a0(en adelante denominados como\u00a0<strong>&#034;Servicio&#034;<\/strong>).<\/p><p>Nuestra Pol\u00edtica de Privacidad rige su visita a\u00a0<strong>https:\/\/travelshelper.com<\/strong>, y explica c\u00f3mo recopilamos, salvaguardamos y divulgamos la informaci\u00f3n que resulta de su uso de nuestro Servicio.<\/p><p>Utilizamos sus datos para prestar y mejorar el Servicio. Al utilizar el Servicio, usted acepta la recopilaci\u00f3n y el uso de informaci\u00f3n de acuerdo con esta pol\u00edtica. Salvo que se defina lo contrario en esta Pol\u00edtica de Privacidad, los t\u00e9rminos utilizados en ella tienen el mismo significado que en nuestros T\u00e9rminos y Condiciones.<\/p><p>Nuestros T\u00e9rminos y Condiciones (<strong>&#034;T\u00e9rminos&#034;<\/strong>) rigen todo uso de nuestro Servicio y junto con la Pol\u00edtica de Privacidad constituyen su acuerdo con nosotros (<strong>&#034;acuerdo&#034;<\/strong>).<\/p><ol start=\"2\"><li><strong>Definiciones<\/strong><\/li><\/ol><p><strong>SERVICIO<\/strong>\u00a0means the\u00a0https:\/\/travelshelper.com\u00a0website operated by\u00a0Travel S Helper.<\/p><p><strong>DATOS PERSONALES<\/strong>\u00a0significa datos sobre un individuo vivo que puede ser identificado a partir de esos datos (o de esos y otra informaci\u00f3n que est\u00e9 en nuestro poder o que sea probable que llegue a estarlo).<\/p><p><strong>DATOS DE USO<\/strong>\u00a0son datos recopilados autom\u00e1ticamente, generados por el uso del Servicio o por la propia infraestructura del Servicio (por ejemplo, la duraci\u00f3n de la visita a una p\u00e1gina).<\/p><p><strong>GALLETAS<\/strong>\u00a0Son peque\u00f1os archivos que se almacenan en su dispositivo (computadora o dispositivo m\u00f3vil).<\/p><p><strong>RESPONSABLE DEL TRATAMIENTO DE DATOS<\/strong>\u00a0Se refiere a una persona f\u00edsica o jur\u00eddica que (ya sea sola o en conjunto con otras personas) determina los fines y la forma en que se tratan o se tratar\u00e1n los datos personales. A efectos de esta Pol\u00edtica de Privacidad, somos el Responsable del Tratamiento de sus datos.<\/p><p><strong>ENCARGADOS DEL TRATAMIENTO DE DATOS (O PROVEEDORES DE SERVICIOS)<\/strong>\u00a0Se refiere a cualquier persona f\u00edsica o jur\u00eddica que trate los datos en nombre del Responsable del Tratamiento. Podemos utilizar los servicios de diversos proveedores de servicios para procesar sus datos de forma m\u00e1s eficaz.<\/p><p><strong>TITULAR DE LOS DATOS<\/strong>\u00a0es cualquier persona f\u00edsica viva que sea objeto de Datos Personales.<\/p><p><strong>EL USUARIO<\/strong>\u00a0Es la persona que utiliza nuestro Servicio. El Usuario se corresponde con el Titular de los Datos, quien es el sujeto de los Datos Personales.<\/p><ol start=\"3\"><li><strong>Recopilaci\u00f3n y uso de informaci\u00f3n<\/strong><\/li><\/ol><p>Recopilamos varios tipos diferentes de informaci\u00f3n para diversos fines para brindarle y mejorar nuestro Servicio.<\/p><ol start=\"4\"><li><strong>Tipos de datos recopilados<\/strong><\/li><\/ol><p><strong>Datos personales<\/strong><\/p><p>Al utilizar nuestro Servicio, podemos solicitarle que nos proporcione cierta informaci\u00f3n de identificaci\u00f3n personal que puede usarse para contactarlo o identificarlo (<strong>\u201cDatos personales\u201d<\/strong>). La informaci\u00f3n de identificaci\u00f3n personal puede incluir, entre otros:<\/p><p>0.1. Direcci\u00f3n de correo electr\u00f3nico<\/p><p>0.2. Nombre y apellido<\/p><p>0.3. N\u00famero de tel\u00e9fono<\/p><p>0.4. Direcci\u00f3n, Pa\u00eds, Estado, Provincia, C\u00f3digo Postal, Ciudad<\/p><p>0.5. Cookies y datos de uso<\/p><p>Podemos utilizar sus Datos Personales para contactarle con boletines informativos, materiales de marketing o promocionales, y otra informaci\u00f3n que pueda ser de su inter\u00e9s. Puede optar por no recibir ninguna de estas comunicaciones siguiendo el enlace para cancelar la suscripci\u00f3n.<\/p><p><strong>Datos de uso<\/strong><\/p><p>Tambi\u00e9n podemos recopilar informaci\u00f3n que su navegador env\u00eda cada vez que visita nuestro Servicio o cuando accede al Servicio mediante cualquier dispositivo (<strong>\u201cDatos de uso\u201d<\/strong>).<\/p><p>Estos Datos de uso pueden incluir informaci\u00f3n como la direcci\u00f3n de Protocolo de Internet de su computadora (por ejemplo, direcci\u00f3n IP), el tipo de navegador, la versi\u00f3n del navegador, las p\u00e1ginas de nuestro Servicio que visita, la hora y la fecha de su visita, el tiempo dedicado a esas p\u00e1ginas, identificadores \u00fanicos de dispositivos y otros datos de diagn\u00f3stico.<\/p><p>Cuando accede al Servicio con un dispositivo, estos Datos de uso pueden incluir informaci\u00f3n como el tipo de dispositivo que utiliza, el ID \u00fanico de su dispositivo, la direcci\u00f3n IP de su dispositivo, el sistema operativo de su dispositivo, el tipo de navegador de Internet que utiliza, identificadores \u00fanicos del dispositivo y otros datos de diagn\u00f3stico.<\/p><p><strong>Datos de cookies de seguimiento<\/strong><\/p><p>Utilizamos cookies y tecnolog\u00edas de seguimiento similares para rastrear la actividad en nuestro Servicio y guardamos cierta informaci\u00f3n.<\/p><p>Las cookies son archivos con una peque\u00f1a cantidad de datos que pueden incluir un identificador \u00fanico an\u00f3nimo. Se env\u00edan a su navegador desde un sitio web y se almacenan en su dispositivo. Tambi\u00e9n se utilizan otras tecnolog\u00edas de seguimiento, como balizas, etiquetas y scripts, para recopilar y rastrear informaci\u00f3n, as\u00ed como para mejorar y analizar nuestro Servicio.<\/p><p>Puede configurar su navegador para que rechace todas las cookies o para que le indique cu\u00e1ndo se env\u00eda una. Sin embargo, si no acepta las cookies, es posible que no pueda usar algunas partes de nuestro Servicio.<\/p><p>Ejemplos de cookies que utilizamos:<\/p><p>0.1.\u00a0<strong>Cookies de sesi\u00f3n:<\/strong>\u00a0Utilizamos cookies de sesi\u00f3n para operar nuestro Servicio.<\/p><p>0.2.\u00a0<strong>Cookies de preferencia:<\/strong>\u00a0Utilizamos cookies de preferencia para recordar sus preferencias y diversas configuraciones.<\/p><p>0.3.\u00a0<strong>Cookies de seguridad:<\/strong>\u00a0Utilizamos cookies de seguridad con fines de seguridad.<\/p><p>0.4.\u00a0<strong>Cookies publicitarias:<\/strong>\u00a0Las cookies publicitarias se utilizan para ofrecerle anuncios que pueden ser relevantes para usted y sus intereses.<\/p><p><strong>Otros datos<\/strong><\/p><p>Al utilizar nuestro Servicio, tambi\u00e9n podemos recopilar la siguiente informaci\u00f3n: sexo, edad, fecha de nacimiento, lugar de nacimiento, detalles del pasaporte, ciudadan\u00eda, registro en el lugar de residencia y direcci\u00f3n real, n\u00famero de tel\u00e9fono (trabajo, m\u00f3vil), detalles de documentos sobre educaci\u00f3n, calificaci\u00f3n, formaci\u00f3n profesional, contratos de trabajo, acuerdos de NDA, informaci\u00f3n sobre bonificaciones y compensaciones, informaci\u00f3n sobre el estado civil, miembros de la familia, n\u00famero de seguro social (u otra identificaci\u00f3n del contribuyente), ubicaci\u00f3n de la oficina y otros datos.<\/p><ol start=\"5\"><li><strong>Uso de datos<\/strong><\/li><\/ol><p>Travel S Helper utiliza los datos recopilados para diversos fines:<\/p><p>0.1. para proporcionar y mantener nuestro Servicio;<\/p><p>0.2. para notificarle sobre cambios en nuestro Servicio;<\/p><p>0.3. para permitirle participar en las funciones interactivas de nuestro Servicio cuando elija hacerlo;<\/p><p>0.4. brindar soporte al cliente;<\/p><p>0.5. para recopilar an\u00e1lisis o informaci\u00f3n valiosa para que podamos mejorar nuestro Servicio;<\/p><p>0.6. para monitorear el uso de nuestro Servicio;<\/p><p>0.7. detectar, prevenir y abordar problemas t\u00e9cnicos;<\/p><p>0.8. para cumplir cualquier otro prop\u00f3sito para el cual usted lo proporcione;<\/p><p>0.9. para cumplir con nuestras obligaciones y hacer cumplir nuestros derechos derivados de cualquier contrato celebrado entre usted y nosotros, incluidos los de facturaci\u00f3n y cobro;<\/p><p>0.10. para proporcionarle avisos sobre su cuenta y\/o suscripci\u00f3n, incluidos avisos de vencimiento y renovaci\u00f3n, instrucciones por correo electr\u00f3nico, etc.;<\/p><p>0.11. para brindarle noticias, ofertas especiales e informaci\u00f3n general sobre otros bienes, servicios y eventos que ofrecemos que sean similares a los que ya ha comprado o consultado, a menos que haya optado por no recibir dicha informaci\u00f3n;<\/p><p>0.12. de cualquier otra forma que podamos describir cuando usted proporcione la informaci\u00f3n;<\/p><p>0.13. para cualquier otro prop\u00f3sito con su consentimiento.<\/p><ol start=\"6\"><li><strong>Retenci\u00f3n de datos<\/strong><\/li><\/ol><p>Conservaremos sus Datos Personales \u00fanicamente durante el tiempo necesario para los fines establecidos en esta Pol\u00edtica de Privacidad. Conservaremos y utilizaremos sus Datos Personales en la medida necesaria para cumplir con nuestras obligaciones legales (por ejemplo, si estamos obligados a conservar sus datos para cumplir con la legislaci\u00f3n aplicable), resolver disputas y hacer cumplir nuestros acuerdos y pol\u00edticas legales.<\/p><p>Tambi\u00e9n conservaremos los Datos de Uso para fines de an\u00e1lisis interno. Generalmente, estos datos se conservan durante un periodo m\u00e1s corto, excepto cuando se utilicen para reforzar la seguridad o mejorar la funcionalidad de nuestro Servicio, o cuando estemos legalmente obligados a conservarlos durante periodos m\u00e1s largos.<\/p><ol start=\"7\"><li><strong>Transferencia de datos<\/strong><\/li><\/ol><p>Su informaci\u00f3n, incluidos sus datos personales, puede transferirse y mantenerse en computadoras ubicadas fuera de su estado, provincia, pa\u00eds u otra jurisdicci\u00f3n gubernamental donde las leyes de protecci\u00f3n de datos pueden diferir de las de su jurisdicci\u00f3n.<\/p><p>Si se encuentra fuera de los Pa\u00edses Bajos y decide proporcionarnos informaci\u00f3n, tenga en cuenta que transferimos los datos, incluidos los datos personales, a los Pa\u00edses Bajos y los procesamos all\u00ed.<\/p><p>Su consentimiento a esta Pol\u00edtica de Privacidad seguido del env\u00edo de dicha informaci\u00f3n representa su aceptaci\u00f3n de dicha transferencia.<\/p><p>Travel S Helper tomar\u00e1 todas las medidas razonablemente necesarias para garantizar que sus datos sean tratados de forma segura y de acuerdo con esta Pol\u00edtica de privacidad y no se realizar\u00e1 ninguna transferencia de sus Datos personales a una organizaci\u00f3n o un pa\u00eds a menos que existan controles adecuados establecidos, incluida la seguridad de sus datos y otra informaci\u00f3n personal.<\/p><ol start=\"8\"><li><strong>Divulgaci\u00f3n de datos<\/strong><\/li><\/ol><p>Podemos divulgar informaci\u00f3n personal que recopilemos o que usted proporcione:<\/p><p>0.1.\u00a0<strong>Divulgaci\u00f3n para el cumplimiento de la ley.<\/strong><\/p><p>En determinadas circunstancias, es posible que estemos obligados a divulgar sus Datos Personales si as\u00ed lo exige la ley o en respuesta a solicitudes v\u00e1lidas de las autoridades p\u00fablicas.<\/p><p>0.2.\u00a0<strong>Transacci\u00f3n comercial.<\/strong><\/p><p>Si nosotros o nuestras subsidiarias estamos involucrados en una fusi\u00f3n, adquisici\u00f3n o venta de activos, sus Datos Personales pueden ser transferidos.<\/p><p>0.3.\u00a0<strong>Otros casos. Tambi\u00e9n podemos divulgar su informaci\u00f3n:<\/strong><\/p><p>0.3.1. a nuestras subsidiarias y afiliadas;<\/p><p>0.3.2. a contratistas, proveedores de servicios y otros terceros que utilizamos para respaldar nuestro negocio;<\/p><p>0.3.3. para cumplir con el prop\u00f3sito para el cual usted lo proporciona;<\/p><p>0.3.4. con el fin de incluir el logotipo de su empresa en nuestro sitio web;<\/p><p>0.3.5. para cualquier otro prop\u00f3sito que le revelemos cuando usted proporciona la informaci\u00f3n;<\/p><p>0.3.6. con su consentimiento en cualquier otro caso;<\/p><p>0.3.7. si creemos que la divulgaci\u00f3n es necesaria o apropiada para proteger los derechos, la propiedad o la seguridad de la Compa\u00f1\u00eda, nuestros clientes u otros.<\/p><ol start=\"9\"><li><strong>Seguridad de los datos<\/strong><\/li><\/ol><p>La seguridad de sus datos es importante para nosotros, pero recuerde que ning\u00fan m\u00e9todo de transmisi\u00f3n por internet ni de almacenamiento electr\u00f3nico es 100 % seguro. Si bien nos esforzamos por utilizar medios comercialmente aceptables para proteger sus Datos Personales, no podemos garantizar su seguridad absoluta.<\/p><ol start=\"10\"><li><strong>Sus derechos de protecci\u00f3n de datos seg\u00fan el Reglamento General de Protecci\u00f3n de Datos (RGPD)<\/strong><\/li><\/ol><p>Si reside en la Uni\u00f3n Europea (UE) y en el Espacio Econ\u00f3mico Europeo (EEE), tiene ciertos derechos de protecci\u00f3n de datos, contemplados en el RGPD.<\/p><p>Nuestro objetivo es tomar medidas razonables para permitirle corregir, modificar, eliminar o limitar el uso de sus Datos Personales.<\/p><p>Si desea que le informemos qu\u00e9 datos personales tenemos sobre usted y si desea que se eliminen de nuestros sistemas, env\u00edenos un correo electr\u00f3nico a\u00a0<strong>oficina@travelshelper.com<\/strong>.<\/p><p>En determinadas circunstancias, usted tiene los siguientes derechos de protecci\u00f3n de datos:<\/p><p>0.1. el derecho a acceder, actualizar o eliminar la informaci\u00f3n que tenemos sobre usted;<\/p><p>0.2. Derecho de rectificaci\u00f3n. Tiene derecho a que se rectifique su informaci\u00f3n si esta es inexacta o incompleta.<\/p><p>0.3. Derecho de oposici\u00f3n. Tiene derecho a oponerse al tratamiento de sus Datos Personales.<\/p><p>0.4. Derecho de restricci\u00f3n. Tiene derecho a solicitar que restrinjamos el tratamiento de sus datos personales.<\/p><p>0.5. Derecho a la portabilidad de datos. Tiene derecho a recibir una copia de sus Datos Personales en un formato estructurado, legible por m\u00e1quina y de uso com\u00fan.<\/p><p>0.6. Derecho a revocar el consentimiento. Tambi\u00e9n tiene derecho a revocar su consentimiento en cualquier momento cuando nos basemos en su consentimiento para procesar su informaci\u00f3n personal.<\/p><p>Tenga en cuenta que podr\u00edamos solicitarle que verifique su identidad antes de responder a dichas solicitudes. Tenga en cuenta que, sin algunos datos necesarios, es posible que no podamos prestarle el Servicio.<\/p><p>Tiene derecho a presentar una reclamaci\u00f3n ante una Autoridad de Protecci\u00f3n de Datos sobre la recopilaci\u00f3n y el uso que hacemos de sus Datos Personales. Para obtener m\u00e1s informaci\u00f3n, p\u00f3ngase en contacto con su autoridad local de protecci\u00f3n de datos en el Espacio Econ\u00f3mico Europeo (EEE).<\/p><ol start=\"11\"><li><strong>Sus derechos de protecci\u00f3n de datos seg\u00fan la Ley de Protecci\u00f3n de la Privacidad de California (CalOPPA)<\/strong><\/li><\/ol><p>CalOPPA es la primera ley estatal del pa\u00eds que exige que los sitios web comerciales y los servicios en l\u00ednea publiquen una pol\u00edtica de privacidad. El alcance de esta ley trasciende California y exige que cualquier persona o empresa en Estados Unidos (y posiblemente en todo el mundo) que opere sitios web que recopilen informaci\u00f3n personal identificable de los consumidores californianos publique una pol\u00edtica de privacidad visible en su sitio web que indique con exactitud la informaci\u00f3n que se recopila y con qui\u00e9n se comparte, y que cumpla con esta pol\u00edtica.<\/p><p>De acuerdo con CalOPPA aceptamos lo siguiente:<\/p><p>0.1. los usuarios pueden visitar nuestro sitio de forma an\u00f3nima;<\/p><p>0.2. nuestro enlace de Pol\u00edtica de Privacidad incluye la palabra \u201cPrivacidad\u201d y se puede encontrar f\u00e1cilmente en la p\u00e1gina de inicio de nuestro sitio web;<\/p><p>0.3. Los usuarios ser\u00e1n notificados de cualquier cambio en la pol\u00edtica de privacidad en nuestra P\u00e1gina de Pol\u00edtica de Privacidad;<\/p><p>0.4. Los usuarios pueden cambiar su informaci\u00f3n personal envi\u00e1ndonos un correo electr\u00f3nico a\u00a0<strong>oficina@travelshelper.com<\/strong>.<\/p><p>Nuestra pol\u00edtica sobre se\u00f1ales de \u201cNo rastrear\u201d:<\/p><p>Respetamos las se\u00f1ales de No Rastrear y no rastreamos, instalamos cookies ni utilizamos publicidad cuando el mecanismo de No Rastrear del navegador est\u00e1 activado. No Rastrear es una preferencia que puede configurar en su navegador web para informar a los sitios web que no desea ser rastreado.<\/p><p>Puede habilitar o deshabilitar No rastrear visitando la p\u00e1gina de Preferencias o Configuraci\u00f3n de su navegador web.<\/p><ol start=\"12\"><li><strong>Sus derechos de protecci\u00f3n de datos seg\u00fan la Ley de Privacidad del Consumidor de California (CCPA)<\/strong><\/li><\/ol><p>Si reside en California, tiene derecho a saber qu\u00e9 datos recopilamos sobre usted, a solicitar su eliminaci\u00f3n y a no venderlos (compartirlos). Para ejercer sus derechos de protecci\u00f3n de datos, puede realizar ciertas solicitudes y preguntarnos:<\/p><p><strong>0.1. Qu\u00e9 informaci\u00f3n personal tenemos sobre usted. Si realiza esta solicitud, le responderemos:<\/strong><\/p><p>0.0.1. Las categor\u00edas de informaci\u00f3n personal que hemos recopilado sobre usted.<\/p><p>0.0.2. Las categor\u00edas de fuentes de las que recopilamos su informaci\u00f3n personal.<\/p><p>0.0.3. El prop\u00f3sito comercial o empresarial para recopilar o vender su informaci\u00f3n personal.<\/p><p>0.0.4. Las categor\u00edas de terceros con quienes compartimos informaci\u00f3n personal.<\/p><p>0.0.5. Los datos personales espec\u00edficos que hemos recopilado sobre usted.<\/p><p>0.0.6. Una lista de las categor\u00edas de informaci\u00f3n personal que hemos vendido, junto con la categor\u00eda de cualquier otra empresa a la que se la hayamos vendido. Si no hemos vendido su informaci\u00f3n personal, se lo informaremos.<\/p><p>0.0.7. Una lista de las categor\u00edas de informaci\u00f3n personal que hemos divulgado con fines comerciales, junto con la categor\u00eda de cualquier otra empresa con la que la hayamos compartido.<\/p><p>Tenga en cuenta que tiene derecho a solicitarnos esta informaci\u00f3n hasta dos veces en un periodo consecutivo de doce meses. Al realizar esta solicitud, la informaci\u00f3n proporcionada podr\u00e1 limitarse a la informaci\u00f3n personal que hayamos recopilado sobre usted en los \u00faltimos doce meses.<\/p><p><strong>0.2. Eliminar su informaci\u00f3n personal. Si realiza esta solicitud, eliminaremos de nuestros registros la informaci\u00f3n personal que tengamos sobre usted a la fecha de su solicitud e indicaremos a nuestros proveedores de servicios que hagan lo mismo. En algunos casos, la eliminaci\u00f3n puede lograrse mediante la desidentificaci\u00f3n de la informaci\u00f3n. Si decide eliminar su informaci\u00f3n personal, es posible que no pueda utilizar ciertas funciones que requieren su informaci\u00f3n personal para funcionar.<\/strong><\/p><p><strong>0.3. Dejar de vender su informaci\u00f3n personal. No vendemos ni alquilamos su informaci\u00f3n personal a terceros con ning\u00fan fin. No vendemos su informaci\u00f3n personal a cambio de una contraprestaci\u00f3n econ\u00f3mica. Sin embargo, en algunas circunstancias, la transferencia de informaci\u00f3n personal a un tercero, o dentro de nuestra familia de empresas, sin contraprestaci\u00f3n econ\u00f3mica, podr\u00eda considerarse una &#034;venta&#034; seg\u00fan la legislaci\u00f3n de California. Usted es el \u00fanico titular de sus Datos Personales y puede solicitar su divulgaci\u00f3n o eliminaci\u00f3n en cualquier momento.<\/strong><\/p><p>Si env\u00eda una solicitud para dejar de vender su informaci\u00f3n personal, dejaremos de realizar dichas transferencias.<\/p><p>Tenga en cuenta que si nos solicita que eliminemos o dejemos de vender sus datos, esto podr\u00eda afectar su experiencia con nosotros y podr\u00eda no poder participar en ciertos programas o servicios de membres\u00eda que requieren el uso de su informaci\u00f3n personal para funcionar. Sin embargo, bajo ninguna circunstancia lo discriminaremos por ejercer sus derechos.<\/p><p>Para ejercer sus derechos de protecci\u00f3n de datos de California descritos anteriormente, env\u00ede su(s) solicitud(es) por correo electr\u00f3nico:\u00a0<strong>oficina@travelshelper.com<\/strong>.<\/p><p>Sus derechos de protecci\u00f3n de datos, descritos anteriormente, est\u00e1n amparados por la CCPA (Ley de Privacidad del Consumidor de California). Para obtener m\u00e1s informaci\u00f3n, visite el sitio web oficial de Informaci\u00f3n Legislativa de California. La CCPA entr\u00f3 en vigor el 1 de enero de 2020.<\/p><ol start=\"13\"><li><strong>Proveedores de servicios<\/strong><\/li><\/ol><p>Podemos emplear empresas e individuos de terceros para facilitar nuestro Servicio (<strong>\u201cProveedores de servicios\u201d<\/strong>), proporcionar el Servicio en nuestro nombre, realizar servicios relacionados con el Servicio o ayudarnos a analizar c\u00f3mo se utiliza nuestro Servicio.<\/p><p>Estos terceros tienen acceso a sus Datos Personales \u00fanicamente para realizar estas tareas en nuestro nombre y est\u00e1n obligados a no divulgarlos ni utilizarlos para ning\u00fan otro prop\u00f3sito.<\/p><ol start=\"14\"><li><strong>Anal\u00edtica<\/strong><\/li><\/ol><p>Podemos utilizar proveedores de servicios externos para supervisar y analizar el uso de nuestro Servicio.<\/p><ol start=\"15\"><li><strong>Herramientas de CI\/CD<\/strong><\/li><\/ol><p>Podemos utilizar proveedores de servicios externos para automatizar el proceso de desarrollo de nuestro Servicio.<\/p><ol start=\"16\"><li><strong>Publicidad<\/strong><\/li><\/ol><p>Podemos utilizar proveedores de servicios externos para mostrarle anuncios para ayudar a respaldar y mantener nuestro Servicio.<\/p><ol start=\"17\"><li><strong>Remarketing conductual<\/strong><\/li><\/ol><p>Podemos utilizar servicios de remarketing para mostrarle anuncios en sitios web de terceros despu\u00e9s de que haya visitado nuestro Servicio. Nosotros y nuestros proveedores externos utilizamos cookies para informar, optimizar y mostrar anuncios basados \u200b\u200ben sus visitas anteriores a nuestro Servicio.<\/p><ol start=\"18\"><li><strong>Enlaces a otros sitios<\/strong><\/li><\/ol><p>Nuestro Servicio puede contener enlaces a otros sitios web que no operamos. Si hace clic en un enlace de un tercero, ser\u00e1 redirigido a su sitio web. Le recomendamos encarecidamente que revise la Pol\u00edtica de Privacidad de cada sitio web que visite.<\/p><p>No tenemos control ni asumimos ninguna responsabilidad por el contenido, las pol\u00edticas de privacidad o las pr\u00e1cticas de sitios o servicios de terceros.<\/p><ol start=\"19\"><li><strong>Privacidad de los ni\u00f1os<\/strong><\/li><\/ol><p>Nuestros Servicios no est\u00e1n destinados a ser utilizados por ni\u00f1os menores de 18 a\u00f1os (<strong>&#034;Ni\u00f1o&#034;<\/strong>\u00a0or\u00a0<strong>&#034;Ni\u00f1os&#034;<\/strong>).<\/p><p>No recopilamos intencionalmente informaci\u00f3n personal identificable de menores de 18 a\u00f1os. Si tiene conocimiento de que un menor nos ha proporcionado datos personales, p\u00f3ngase en contacto con nosotros. Si tenemos conocimiento de que hemos recopilado datos personales de menores sin verificar el consentimiento parental, tomaremos medidas para eliminar dicha informaci\u00f3n de nuestros servidores.<\/p><ol start=\"20\"><li><strong>Cambios a esta Pol\u00edtica de Privacidad<\/strong><\/li><\/ol><p>Podemos actualizar nuestra Pol\u00edtica de Privacidad peri\u00f3dicamente. Le notificaremos cualquier cambio publicando la nueva Pol\u00edtica de Privacidad en esta p\u00e1gina.<\/p><p>Le informaremos por correo electr\u00f3nico y\/o un aviso destacado en nuestro Servicio, antes de que el cambio entre en vigencia y actualizaremos la \u201cfecha de vigencia\u201d en la parte superior de esta Pol\u00edtica de privacidad.<\/p><p>Le recomendamos revisar esta Pol\u00edtica de Privacidad peri\u00f3dicamente para estar al tanto de cualquier cambio. Los cambios a esta Pol\u00edtica de Privacidad entran en vigor al publicarse en esta p\u00e1gina.<\/p><ol start=\"21\"><li><strong>Cont\u00e1ctenos<\/strong><\/li><\/ol><p>Si tiene alguna pregunta sobre esta Pol\u00edtica de privacidad, cont\u00e1ctenos por correo electr\u00f3nico:\u00a0<strong>oficina@travelshelper.com<\/strong>.<\/p>\t\t\t\t\t\t\t\t<\/div>\n\t\t\t\t<\/div>\n\t\t\t\t\t<\/div>\n\t\t\t\t<\/div>\n\t\t\t\t<\/div>","protected":false},"excerpt":{"rendered":"<p>Effective date: 2024-09-26 Introduction Welcome to\u00a0Travel S Helper. Travel S Helper\u00a0(\u201cus\u201d, \u201cwe\u201d, or \u201cour\u201d) operates\u00a0https:\/\/travelshelper.com\u00a0(hereinafter referred to as\u00a0\u201cService\u201d). Our Privacy Policy governs your visit to\u00a0https:\/\/travelshelper.com, and explains how we collect, safeguard and disclose information that results from your use of our Service. We use your data to provide and improve Service. By using Service, you [&hellip;]<\/p>\n","protected":false},"author":1,"featured_media":0,"parent":0,"menu_order":0,"comment_status":"closed","ping_status":"closed","template":"elementor_header_footer","meta":{"_eb_attr":"","footnotes":""},"class_list":["post-15980","page","type-page","status-publish"],"_links":{"self":[{"href":"https:\/\/travelshelper.com\/es\/wp-json\/wp\/v2\/pages\/15980","targetHints":{"allow":["GET"]}}],"collection":[{"href":"https:\/\/travelshelper.com\/es\/wp-json\/wp\/v2\/pages"}],"about":[{"href":"https:\/\/travelshelper.com\/es\/wp-json\/wp\/v2\/types\/page"}],"author":[{"embeddable":true,"href":"https:\/\/travelshelper.com\/es\/wp-json\/wp\/v2\/users\/1"}],"replies":[{"embeddable":true,"href":"https:\/\/travelshelper.com\/es\/wp-json\/wp\/v2\/comments?post=15980"}],"version-history":[{"count":0,"href":"https:\/\/travelshelper.com\/es\/wp-json\/wp\/v2\/pages\/15980\/revisions"}],"wp:attachment":[{"href":"https:\/\/travelshelper.com\/es\/wp-json\/wp\/v2\/media?parent=15980"}],"curies":[{"name":"wp","href":"https:\/\/api.w.org\/{rel}","templated":true}]}}