{"id":15674,"date":"2024-09-21T18:19:44","date_gmt":"2024-09-21T18:19:44","guid":{"rendered":"https:\/\/travelshelper.com\/staging\/?page_id=15674"},"modified":"2026-03-11T19:54:45","modified_gmt":"2026-03-11T19:54:45","slug":"corea-del-sur","status":"publish","type":"page","link":"https:\/\/travelshelper.com\/es\/destinations\/asia\/south-korea\/","title":{"rendered":"Corea del Sur"},"content":{"rendered":"<p>Corea del Sur se encuentra en la confluencia de una tradici\u00f3n milenaria y una modernidad de vanguardia, una naci\u00f3n moldeada por escarpadas monta\u00f1as y el implacable paso de la historia. Formando la mitad sur de la pen\u00ednsula de Corea, limita al norte con la Zona Desmilitarizada que la separa de su vecino del norte, al oeste con el Mar Amarillo y al este con lo que los coreanos llaman el Mar del Este. Con una superficie de poco m\u00e1s de 100.000 kil\u00f3metros cuadrados, aproximadamente el 70% de la cual es monta\u00f1osa o boscosa, este compacto pa\u00eds alberga a m\u00e1s de 52 millones de habitantes, la mitad de los cuales residen en la extensa \u00e1rea metropolitana de Se\u00fal, una de las regiones urbanas m\u00e1s pobladas del mundo.<\/p>\n\n\n\n<p>La evidencia arqueol\u00f3gica sit\u00faa la presencia humana en la pen\u00ednsula desde el Paleol\u00edtico Inferior. A principios del siglo VII a. C., los registros chinos dan fe de sistemas pol\u00edticos organizados. Durante los siglos siguientes, tres reinos \u2014Goguryeo, Baekje y Silla\u2014 compitieron por la supremac\u00eda, hasta que Silla unific\u00f3 gran parte de la pen\u00ednsula a finales del siglo VII d. C. La dinast\u00eda Goryeo (918-1392) consolid\u00f3 una identidad coreana duradera, dando origen al ex\u00f3nimo ingl\u00e9s \u00abKorea\u00bb. Bajo el reinado de Joseon (1392-1897), los principios confucianos dominaron la vida cortesana: una r\u00edgida jerarqu\u00eda social elev\u00f3 a la \u00e9lite yangban por encima del pueblo llano, mientras que los eruditos implementaron un sistema de servicio civil que valoraba el conocimiento literario.<\/p>\n\n\n\n<p>A finales del siglo XIX, el ef\u00edmero Imperio Coreano busc\u00f3 modernizar los c\u00f3digos legales y la industria, pero la anexi\u00f3n japonesa en 1910 extingui\u00f3 el dominio soberano durante 35 a\u00f1os. La liberaci\u00f3n solo lleg\u00f3 con la derrota de Jap\u00f3n en la Segunda Guerra Mundial, pero la independencia tuvo un alto precio: la ocupaci\u00f3n sovi\u00e9tica y estadounidense dividi\u00f3 la pen\u00ednsula, y en 1950 la invasi\u00f3n norcoreana desencaden\u00f3 una guerra de tres a\u00f1os que dej\u00f3 cerca de tres millones de coreanos muertos y ciudades reducidas a cenizas. Un armisticio en 1953 paraliz\u00f3 el conflicto sin un tratado de paz, perpetuando un tenso enfrentamiento que perdura hasta la actualidad.<\/p>\n\n\n\n<p>La Corea del Sur de la posguerra se enfrent\u00f3 a una infraestructura destrozada, una poblaci\u00f3n empobrecida y sucesivos reg\u00edmenes autoritarios. Sin embargo, la industrializaci\u00f3n estatal de las d\u00e9cadas de 1960 y 1970 impuls\u00f3 un r\u00e1pido crecimiento econ\u00f3mico, impulsando gigantes exportadores como Samsung y Hyundai. El &#034;Milagro del r\u00edo Han&#034; vio el PIB per c\u00e1pita crecer a uno de los ritmos m\u00e1s r\u00e1pidos del mundo entre 1980 y 1990. Si bien la crisis financiera asi\u00e1tica de 1997 expuso vulnerabilidades estructurales, las r\u00e1pidas medidas fiscales y monetarias propiciaron una r\u00e1pida recuperaci\u00f3n. En la recesi\u00f3n mundial de 2008, Corea del Sur volvi\u00f3 a demostrar resiliencia, evitando la contracci\u00f3n incluso cuando muchas econom\u00edas avanzadas se sumieron en la recesi\u00f3n.<\/p>\n\n\n\n<p>La transformaci\u00f3n pol\u00edtica se desarroll\u00f3 en paralelo. Tras d\u00e9cadas marcadas por golpes militares y levantamientos estudiantiles, la Lucha Democr\u00e1tica de Junio \u200b\u200bde 1987 oblig\u00f3 a la \u00e9lite gobernante a adoptar elecciones presidenciales directas y mayores libertades civiles. Seg\u00fan la constituci\u00f3n de la Sexta Rep\u00fablica, una Asamblea Nacional unicameral comparte el poder con un presidente electo. Hoy en d\u00eda, Corea del Sur es ampliamente considerada como una de las democracias m\u00e1s s\u00f3lidas del este de Asia, con elecciones competitivas, un poder judicial independiente y una sociedad civil vibrante.<\/p>\n\n\n\n<p>La columna vertebral de la pen\u00ednsula, compuesta por monta\u00f1as de granito y gneis, canaliza los r\u00edos hacia las amplias llanuras occidentales y los estrechos corredores orientales. Surgen cuatro regiones principales: las altas cordilleras y los afloramientos costeros del este; las f\u00e9rtiles y suaves tierras bajas del oeste; los escarpados valles del suroeste; y la cuenca del r\u00edo Nakdong en el sureste. Solo alrededor del 30 % de la tierra es cultivable.<\/p>\n\n\n\n<p>Tres ecorregiones terrestres \u2014los bosques caducifolios de Corea Central, los bosques mixtos de Manchuria y los bosques siempreverdes de Corea del Sur\u2014 albergan una gran variedad de flora y fauna. Corea del Sur protege \u00e1reas naturales mediante veinte parques nacionales, desde los picos neblinosos de Jirisan hasta las terrazas de arroz reconstruidas de los campos de t\u00e9 de Boseong y los refugios para aves migratorias de la bah\u00eda de Suncheon.<\/p>\n\n\n\n<p>En alta mar se encuentran casi tres mil islas, la mayor\u00eda deshabitadas. La isla de Jeju, a 100 kil\u00f3metros al sur del continente, se alza sobre el mar con verdes laderas y Hallasan, una cumbre volc\u00e1nica de 1950 metros. Islas m\u00e1s peque\u00f1as, como Ulleungdo y las disputadas rocas de Liancourt (conocidas localmente como Dokdo), marcan el l\u00edmite mar\u00edtimo oriental.<\/p>\n\n\n\n<p>El clima se extiende entre zonas continentales h\u00famedas y subtropicales. Cuatro estaciones bien diferenciadas ofrecen inviernos frescos y secos, flores en primavera, sofocantes lluvias monz\u00f3nicas (jangma) desde finales de junio hasta julio, y oto\u00f1os templados. Las temperaturas medias en Se\u00fal oscilan entre -7 y 1 \u00b0C en enero y entre 22 y 30 \u00b0C en agosto. En la costa sur, los inviernos son m\u00e1s suaves y la amenaza de tifones se cierne a finales del verano.<\/p>\n\n\n\n<p>La econom\u00eda mixta de Corea del Sur ocupa el duod\u00e9cimo puesto en t\u00e9rminos de PIB nominal y el decimocuarto en t\u00e9rminos de paridad de poder adquisitivo. Su orientaci\u00f3n al exterior la sit\u00faa en el und\u00e9cimo puesto entre los exportadores mundiales y el s\u00e9ptimo entre los importadores. Los conglomerados chaebol, ubicados en relucientes torres de cristal, impulsan la fabricaci\u00f3n de semiconductores, autom\u00f3viles y electr\u00f3nica. LG y Samsung alcanzaron renombre internacional en el sector de los bienes de consumo; Hyundai y Kia transformaron la producci\u00f3n automotriz.<\/p>\n\n\n\n<p>La educaci\u00f3n es una obsesi\u00f3n nacional. Corea del Sur, que en su d\u00eda lidiaba con un analfabetismo generalizado, ahora registra una de las tasas m\u00e1s altas del mundo de obtenci\u00f3n de t\u00edtulos universitarios. Una fuerza laboral disciplinada y altamente cualificada sustenta la investigaci\u00f3n y el desarrollo: hoy, Corea del Sur lidera la solicitud de patentes per c\u00e1pita y supera a sus pares en los rankings internacionales de innovaci\u00f3n.<\/p>\n\n\n\n<p>La infraestructura refleja estas prioridades. La red de trenes bala de Korail, en particular el servicio KTX que conecta Se\u00fal con Busan, conecta el pa\u00eds con l\u00edneas ferroviarias de alta velocidad. Las autopistas de peaje atraviesan cordilleras y llanuras; los autobuses expr\u00e9s cruzan pueblos rurales; y los ferries conectan islas. El Aeropuerto Internacional de Incheon, inaugurado en 2001, gestion\u00f3 58 millones de pasajeros en 2016 y se encuentra entre los centros de conexiones m\u00e1s transitados del mundo. Dos importantes aerol\u00edneas, Korean Air y Asiana, operan cerca de trescientas rutas internacionales, mientras que las aerol\u00edneas nacionales de bajo coste ofrecen conexiones interurbanas asequibles.<\/p>\n\n\n\n<p>La poblaci\u00f3n de Corea del Sur alcanz\u00f3 un m\u00e1ximo de poco m\u00e1s de 52 millones en 2024, tras haber aumentado desde los 21,5 millones de 1955. Sin embargo, a medida que las tasas de natalidad se han desplomado \u2014por debajo de un hijo por mujer en 2018 y alcanzando 0,72 en 2023\u2014, el pa\u00eds se enfrenta a su primer declive poblacional natural. Para 2050, casi la mitad de la poblaci\u00f3n podr\u00eda tener m\u00e1s de sesenta y cinco a\u00f1os, una estad\u00edstica con profundas implicaciones para las pensiones, la atenci\u00f3n m\u00e9dica y la productividad econ\u00f3mica. En mayo de 2024, el gobierno cre\u00f3 un ministerio dedicado a abordar el envejecimiento y la fertilidad, y los modestos repuntes en los nacimientos a finales de 2024 ofrecieron un optimismo cauteloso.<\/p>\n\n\n\n<p>La urbanizaci\u00f3n ha transformado la sociedad, hasta el punto de que Se\u00fal y sus ciudades sat\u00e9lite albergan ahora a aproximadamente la mitad de la poblaci\u00f3n del pa\u00eds. Busan, Incheon, Daegu, Daejeon, Gwangju y Ulsan conforman una constelaci\u00f3n de megaciudades, cada una con su propia base industrial y car\u00e1cter cultural. Las zonas rurales, que anta\u00f1o albergaban familias numerosas, ven c\u00f3mo sus generaciones m\u00e1s j\u00f3venes envejecen a medida que emigran a los centros urbanos en busca de educaci\u00f3n y empleo.<\/p>\n\n\n\n<p>Con ra\u00edces en las primeras pr\u00e1cticas cham\u00e1nicas e impregnada a lo largo de siglos por las filosof\u00edas confuciana, budista y tao\u00edsta, la cultura coreana preserva rituales que vinculan a la comunidad y la memoria ancestral. La estricta jerarqu\u00eda confuciana de la era Joseon leg\u00f3 la reverencia por la educaci\u00f3n, la piedad filial y el orden social, valores que perduran en la vida organizacional moderna. Sin embargo, junto a estas continuidades, Corea del Sur ha forjado una presencia cultural global: los grupos de K-pop llenan estadios de todo el mundo, las series de televisi\u00f3n cautivan al p\u00fablico internacional y los cineastas cosechan elogios en Cannes y los Premios de la Academia. Esta &#034;ola coreana&#034; no solo impulsa el turismo (m\u00e1s de 17 millones de visitantes llegaron en 2019), sino que tambi\u00e9n estimula la demanda de comida, moda y cosm\u00e9ticos coreanos.<\/p>\n\n\n\n<p>Las tradiciones culinarias se centran en el arroz, los fideos, las verduras, el pescado y la carne, acompa\u00f1ados de una constelaci\u00f3n de guarniciones (banchan) en cada comida. El kimchi, el omnipresente alimento fermentado b\u00e1sico, ejemplifica la destreza fermentadora coreana, al igual que las pastas de soja (doenjang), las pastas de chile (gochujang) y el omnipresente aceite de s\u00e9samo. Platos emblem\u00e1ticos van desde el bulgogi (finas lonchas de carne marinada asada a la parrilla) hasta el tteokbokki, pasteles de arroz picantes que venden los vendedores ambulantes. Bebidas alcoh\u00f3licas como el soju y el makgeolli acompa\u00f1an las reuniones sociales, a menudo animadas por palillos met\u00e1licos y mesas compartidas.<\/p>\n\n\n\n<p>La religi\u00f3n en Corea del Sur es pluralista: las encuestas indican que aproximadamente la mitad de la poblaci\u00f3n no profesa ninguna religi\u00f3n, mientras que el cristianismo (protestante y cat\u00f3lico) y el budismo constituyen la mayor parte del resto. Las religiones ind\u00edgenas \u2014budismo won, cheondo\u00edsmo, daejongismo\u2014 y una peque\u00f1a pero creciente comunidad musulmana se suman al mosaico. Las garant\u00edas constitucionales garantizan la libertad de culto, aun cuando las costumbres confucianas tradicionales influyen en las interacciones cotidianas.<\/p>\n\n\n\n<p>Los ciclos repetidos de construcci\u00f3n y destrucci\u00f3n \u2014desde las invasiones mongolas hasta la ocupaci\u00f3n japonesa, desde la devastaci\u00f3n de la guerra hasta el frenes\u00ed de la reconstrucci\u00f3n\u2014 han dado lugar a un collage arquitect\u00f3nico. Antiguos palacios con techos de tejas de suaves curvas, fortalezas con muros de piedra y pueblos hanok como Hahoe y Yangdong se alzan junto a rascacielos de oficinas y obras modernas experimentales de arquitectos extranjeros. Los desarrollos posteriores a los Juegos Ol\u00edmpicos de 1988 introdujeron estructuras de vidrio que equilibran la ambici\u00f3n futurista con referencias a la &#034;armon\u00eda con la naturaleza&#034;, el principio rector de la arquitectura tradicional coreana, y los suelos radiantes ondol.<\/p>\n\n\n\n<p>La etiqueta en Corea del Sur se deriva del respeto confuciano por la jerarqu\u00eda y la armon\u00eda comunitaria. Las reverencias y los intercambios a dos manos, ya sea de tarjetas de visita o de tazas de t\u00e9, son una se\u00f1al de deferencia. Es obligatorio quitarse los zapatos en las casas y en ciertos restaurantes. Las demostraciones p\u00fablicas de afecto siguen siendo poco frecuentes fuera de las subculturas juveniles. Las costumbres a la hora de comer dictan que los mayores empiezan primero, que nunca se sirve la propia bebida y que rechazar la copa de otro es de mala educaci\u00f3n. Es mejor evitar temas delicados como Corea del Norte, el legado colonial de Jap\u00f3n, las disputas territoriales sobre Dokdo y la pol\u00edtica interna.<\/p>\n\n\n\n<p>La cultura empresarial, en particular, se basa en el intercambio ritualizado de cartas presentadas boca arriba con ambas manos; da\u00f1arlas o manipularlas de forma descuidada sugiere falta de respeto. La vestimenta tiende a ser conservadora e inmaculada, lo que refleja orgullo personal e imagen corporativa.<\/p>\n\n\n\n<p>Las fortalezas de Corea del Sur \u2014una econom\u00eda de clase mundial, altos niveles de educaci\u00f3n, r\u00e1pida innovaci\u00f3n y una cultura din\u00e1mica\u2014 coexisten con preocupaciones apremiantes. El declive demogr\u00e1fico amenaza los mercados laborales y los sistemas de bienestar social. La dependencia econ\u00f3mica de los mercados de exportaci\u00f3n la hace vulnerable a las crisis mundiales y las tensiones geopol\u00edticas. El conflicto sin resolver en la frontera norte de la pen\u00ednsula se perfila como una fuente constante de inseguridad.<\/p>\n\n\n\n<p>Sin embargo, estos desaf\u00edos impulsaron experimentos pol\u00edticos audaces: desde incentivos econ\u00f3micos para familias hasta nuevos programas de inmigraci\u00f3n destinados a complementar una fuerza laboral en disminuci\u00f3n; desde inversiones en tecnolog\u00eda verde hasta una diplomacia estrat\u00e9gica que equilibra los lazos con Estados Unidos, China y Jap\u00f3n. Al celebrar su septuag\u00e9simo aniversario de la posguerra en 2025, Corea del Sur sigue siendo una naci\u00f3n de ingenio y adaptabilidad, que conserva las lecciones de la historia al tiempo que traza nuevos caminos en un mundo interconectado.<\/p>\n\n\n\n<p>En cada callej\u00f3n de Se\u00fal y en cada remoto paso de monta\u00f1a de la pen\u00ednsula, se vislumbran los contornos de la historia de Corea del Sur: un compromiso perdurable con la educaci\u00f3n, una insistencia en el respeto comunitario y una creatividad incansable que impulsa a su gente hacia el futuro. Esta interacci\u00f3n entre herencia e innovaci\u00f3n define a un pa\u00eds cuyo esp\u00edritu, aunque templado por las dificultades, contin\u00faa moldeando el mundo moderno.<\/p>","protected":false},"excerpt":{"rendered":"<p>Corea del Sur, formalmente conocida como la Rep\u00fablica de Corea (ROK), est\u00e1 situada en el este de Asia, abarcando el segmento sur de la pen\u00ednsula de Corea y tiene una poblaci\u00f3n de 51,96 millones de habitantes. Este pa\u00eds se ha convertido en un actor mundial clave que combina tecnolog\u00eda moderna con legado cultural y poder econ\u00f3mico. La resiliencia y la capacidad creativa de la naci\u00f3n se reflejan en su evoluci\u00f3n, desde un estado devastado por la guerra hasta convertirse en una de las econom\u00edas m\u00e1s desarrolladas del mundo.<\/p>","protected":false},"author":1,"featured_media":3312,"parent":24063,"menu_order":0,"comment_status":"closed","ping_status":"closed","template":"elementor_theme","meta":{"_eb_attr":"","footnotes":""},"class_list":["post-15674","page","type-page","status-publish","has-post-thumbnail"],"_links":{"self":[{"href":"https:\/\/travelshelper.com\/es\/wp-json\/wp\/v2\/pages\/15674","targetHints":{"allow":["GET"]}}],"collection":[{"href":"https:\/\/travelshelper.com\/es\/wp-json\/wp\/v2\/pages"}],"about":[{"href":"https:\/\/travelshelper.com\/es\/wp-json\/wp\/v2\/types\/page"}],"author":[{"embeddable":true,"href":"https:\/\/travelshelper.com\/es\/wp-json\/wp\/v2\/users\/1"}],"replies":[{"embeddable":true,"href":"https:\/\/travelshelper.com\/es\/wp-json\/wp\/v2\/comments?post=15674"}],"version-history":[{"count":0,"href":"https:\/\/travelshelper.com\/es\/wp-json\/wp\/v2\/pages\/15674\/revisions"}],"up":[{"embeddable":true,"href":"https:\/\/travelshelper.com\/es\/wp-json\/wp\/v2\/pages\/24063"}],"wp:featuredmedia":[{"embeddable":true,"href":"https:\/\/travelshelper.com\/es\/wp-json\/wp\/v2\/media\/3312"}],"wp:attachment":[{"href":"https:\/\/travelshelper.com\/es\/wp-json\/wp\/v2\/media?parent=15674"}],"curies":[{"name":"wp","href":"https:\/\/api.w.org\/{rel}","templated":true}]}}