{"id":15647,"date":"2024-09-21T16:59:50","date_gmt":"2024-09-21T16:59:50","guid":{"rendered":"https:\/\/travelshelper.com\/staging\/?page_id=15647"},"modified":"2026-03-11T20:55:22","modified_gmt":"2026-03-11T20:55:22","slug":"taiwan","status":"publish","type":"page","link":"https:\/\/travelshelper.com\/es\/destinations\/asia\/taiwan\/","title":{"rendered":"Taiw\u00e1n"},"content":{"rendered":"<p>Taiw\u00e1n ocupa un estrecho arco entre los mares de China Oriental y Meridional, donde cinco cordilleras dominan sus dos tercios orientales y una serie de llanuras se extienden por el tercio occidental. La isla se extiende por 35.808 kil\u00f3metros cuadrados, dentro de un total de 168 islas bajo la jurisdicci\u00f3n de la Rep\u00fablica de China que abarcan 36.193 kil\u00f3metros cuadrados. Taip\u00e9i, Nueva Taip\u00e9i y Keelung conforman su mayor conurbaci\u00f3n, con casi 24 millones de habitantes, lo que la convierte en uno de los territorios m\u00e1s densamente poblados del planeta.<\/p>\n<p>La presencia humana en Taiw\u00e1n se remonta al menos a 25\u00a0000 a\u00f1os. Hace unos 6000 a\u00f1os, los colonos austronesios llegaron y establecieron los ancestros de las comunidades ind\u00edgenas actuales. A principios del siglo XVII, las autoridades coloniales holandesas supervisaron la primera gran afluencia de migrantes han, un movimiento que continu\u00f3 bajo el Reino de Tungning, el primer sistema pol\u00edtico liderado por los han en la isla. Las fuerzas Qing anexaron Taiw\u00e1n en 1683, solo para cederlo a Jap\u00f3n en 1895. Despu\u00e9s de la rendici\u00f3n de Jap\u00f3n en 1945, la Rep\u00fablica de China asumi\u00f3 el control; el conflicto civil con las fuerzas comunistas llev\u00f3 al gobierno de la Rep\u00fablica de China a trasladarse a Taiw\u00e1n en 1949, confinando su dominio efectivo a partir de entonces a Taiw\u00e1n, Penghu, Kinmen, Matsu y un pu\u00f1ado de islotes del Mar de China Meridional.<\/p>\n<p>Entre las d\u00e9cadas de 1960 y 1980, la econom\u00eda de Taiw\u00e1n avanz\u00f3 r\u00e1pidamente, una transici\u00f3n a menudo denominada el Milagro de Taiw\u00e1n. La industrializaci\u00f3n sigui\u00f3 un modelo orientado a la exportaci\u00f3n, centrado en el acero, la maquinaria, la electr\u00f3nica y la qu\u00edmica. Las peque\u00f1as y medianas empresas se convirtieron en la columna vertebral de la producci\u00f3n, diferenci\u00e1ndose de los grandes conglomerados de las econom\u00edas vecinas. Para octubre de 2022, Taiw\u00e1n ocupaba el vig\u00e9simo primer puesto en PIB nominal y el vig\u00e9simo en paridad de poder adquisitivo, con un comercio total que alcanzaba los 907\u00a0000 millones de d\u00f3lares: exportaciones de 479\u00a0500 millones de d\u00f3lares y importaciones de 427\u00a0600 millones de d\u00f3lares. China, Estados Unidos y Jap\u00f3n representaron juntos m\u00e1s del 40\u00a0% de ese intercambio. Los parques tecnol\u00f3gicos y la transici\u00f3n hacia industrias con uso intensivo de capital impulsaron un crecimiento sostenido.<\/p>\n<p>Geol\u00f3gicamente, Taiw\u00e1n es un bloque de fallas inclinado. Las cinco cordilleras al este incluyen picos que superan los 3500 metros; la m\u00e1s alta, Yu Shan, alcanza los 3952 metros, lo que convierte a Taiw\u00e1n en la cuarta isla m\u00e1s alta del este de Asia. La tect\u00f3nica activa y el vulcanismo submarino provocan frecuentes terremotos. Cuatro ecorregiones terrestres \u2014bosques subtropicales siempreverdes, selvas monz\u00f3nicas, islas del Mar de China Meridional y bosques monz\u00f3nicos del sur\u2014 albergan una flora y fauna diversa. La integridad de la cubierta forestal obtuvo una puntuaci\u00f3n de 6,38 sobre 10 en 2019, lo que situ\u00f3 a Taiw\u00e1n en el puesto 76 entre 172 pa\u00edses.<\/p>\n<p>Clim\u00e1ticamente, Taiw\u00e1n se encuentra en el Tr\u00f3pico de C\u00e1ncer. Las precipitaciones promedian los 2600 mil\u00edmetros anuales, con fuertes lluvias de mayo a septiembre debido al monz\u00f3n de Asia Oriental. El clima c\u00e1lido y h\u00famedo persiste de junio a septiembre, cuando los tifones son m\u00e1s frecuentes. Los inviernos, de noviembre a marzo, traen lluvias constantes al noreste, mientras que las zonas central y sur se mantienen relativamente secas y soleadas. Las temperaturas promedio han aumentado 1,4 \u00b0C en el \u00faltimo siglo (el doble del aumento medio mundial), lo que ha impulsado los objetivos gubernamentales de reducir las emisiones en un 20 % para 2030 y en un 50 % para 2050 con respecto a los niveles de 2005.<\/p>\n<p>El estatus pol\u00edtico de la isla sigue sin resolverse. Taiw\u00e1n perdi\u00f3 su esca\u00f1o en las Naciones Unidas en 1971, cuando los miembros reconocieron a la Rep\u00fablica Popular China; el gobierno de la Rep\u00fablica de China abandon\u00f3 en 1991 su pretensi\u00f3n de 1949 de representar a toda China. Pek\u00edn mantiene que Taiw\u00e1n forma parte de su territorio y niega el reconocimiento diplom\u00e1tico a los estados que mantienen v\u00ednculos formales con Taip\u00e9i. Actualmente, la Rep\u00fablica de China mantiene relaciones oficiales con once miembros de la ONU y la Santa Sede, mientras que otros albergan embajadas de facto bajo diversos nombres. La pol\u00edtica interna gira en torno a dos coaliciones: los partidos Pan-Azul favorecen una eventual unificaci\u00f3n bajo la Rep\u00fablica de China, mientras que los grupos Pan-Verdes respaldan la independencia formal. Ambas partes han moderado sus posiciones para lograr un mayor atractivo.<\/p>\n<p>Las redes de transporte se concentran en los puntos de concentraci\u00f3n de personas. En marzo de 2019, 13,86 millones de scooters transportaban el doble de residentes que autom\u00f3viles. Las carreteras se extienden por 1619 kil\u00f3metros, principalmente a lo largo de las costas. La Administraci\u00f3n de Ferrocarriles de Taiw\u00e1n opera un sistema circular; el Tren de Alta Velocidad de Taiw\u00e1n conecta las ciudades occidentales. Las \u00e1reas metropolitanas sirven a Taip\u00e9i, Nuevo Taip\u00e9i, Kaohsiung, Taoyuan y Taichung. Los aeropuertos de Taoyuan, Kaohsiung, Songshan y Taichung gestionan el tr\u00e1fico civil. Siete aerol\u00edneas nacionales operan, lideradas por China Airlines y EVA Air. Siete puertos mar\u00edtimos, con Kaohsiung gestionando el 58,6 % del volumen de tr\u00e1fico de 750 millones de toneladas del pa\u00eds en 2021, sustentan el comercio mar\u00edtimo.<\/p>\n<p>La poblaci\u00f3n de Taiw\u00e1n, de unos 23,4 millones en 2022, incluye un 95 % de chinos han, un 2,4 % de aut\u00f3ctonos austronesios y un 2,6 % de reci\u00e9n llegados de China y el sudeste asi\u00e1tico. Entre los han, la ascendencia hoklo representa aproximadamente el 70 %, la hakka el 15 % y los &#034;waishengren&#034; aquellos vinculados a los migrantes posteriores a 1949. Los an\u00e1lisis gen\u00e9ticos indican or\u00edgenes chinos meridionales con mezclas entre grupos austronesios antes de la migraci\u00f3n. Diecis\u00e9is comunidades ind\u00edgenas (ami, atayal, bunun, kanakanavu, kavalan, paiwan, puyuma, rukai, saisiyat, saaroa, sakizaya, sediq, thao, truku, tsou y yami) habitan las tierras altas orientales y la isla Orqu\u00eddea. Sus lenguas pertenecen a familias austronesias y emplean escritura latina; su uso ha disminuido fuera de los esfuerzos de recuperaci\u00f3n cultural.<\/p>\n<p>El mandar\u00edn domina los negocios y la educaci\u00f3n sin una lengua oficial legalmente prescrita. Los caracteres chinos tradicionales siguen siendo el sistema de escritura est\u00e1ndar. El hokkien taiwan\u00e9s, hablado por el 70 % de la poblaci\u00f3n, y el hakka, con un 14-18 %, han reaparecido en la vida p\u00fablica desde la d\u00e9cada de 1990. Un movimiento busca simplificar los textos judiciales al chino vern\u00e1culo, ya que muchas sentencias a\u00fan emplean formas cl\u00e1sicas. El chino cl\u00e1sico sobrevive en contextos ceremoniales formales, incluido el himno nacional.<\/p>\n<p>La libertad religiosa est\u00e1 consagrada en la Constituci\u00f3n. En 2020, las religiones populares representaban el 43,8 % de los fieles, el budismo el 21,2 %, las pr\u00e1cticas tao\u00edstas el 15,5 %, las no afiliadas el 13,7 %, el cristianismo el 5,8 % y el islam el 1 %. Existen alrededor de 15\u00a0175 edificios religiosos (uno por cada 1572 habitantes), incluyendo 2317 templos budistas, 9684 templos tao\u00edstas y 2845 iglesias. Los cristianos ind\u00edgenas constituyen una minor\u00eda notable. Sus altos \u00edndices de libertad religiosa han convertido a Taiw\u00e1n en una de las pocas sociedades &#034;abiertas&#034; de Asia-Pac\u00edfico.<\/p>\n<p>Una fusi\u00f3n de tradiciones chinas han, costumbres ind\u00edgenas, legados coloniales japoneses e ideas occidentales configura la cultura taiwanesa. Durante la ley marcial, las autoridades del Kuomintang promovieron un &#034;Renacimiento Cultural Chino&#034; para preservar las artes y la lengua tradicionales. Despu\u00e9s de 1987, se flexibilizaron las restricciones, lo que permiti\u00f3 un florecimiento de la literatura, los medios de comunicaci\u00f3n y el mundo acad\u00e9mico. En 2022, Taiw\u00e1n ocup\u00f3 el segundo lugar en Asia-Pac\u00edfico en el \u00cdndice de Democracia; las libertades civiles y la libertad de expresi\u00f3n sustentan una vibrante escena cultural. Las recientes oleadas de migrantes de Hong Kong han enriquecido el discurso, con un promedio de casi 9000 llegadas al a\u00f1o entre 2019 y 2022.<\/p>\n<p>Administrativamente, Taiw\u00e1n se divide en las regiones Norte, Central, Oriental y Sur, e islas perif\u00e9ricas. El norte de Taiw\u00e1n, con Taip\u00e9i como base, sirve como centro pol\u00edtico y tecnol\u00f3gico. Las \u00e1reas centrales abarcan Changhua, Miaoli, Nantou y Taichung, conocidas por sus monta\u00f1as, lagos y parques. Los condados orientales de Yilan, Hualien y Taitung se encuentran m\u00e1s all\u00e1 de la columna vertebral central, lugares de patrimonio ind\u00edgena y paisajes naturales. Las localidades del sur \u2014Chiayi, Kaohsiung, Pingtung y Tainan\u2014 cuentan con costas tropicales y arquitectura hist\u00f3rica. Las islas perif\u00e9ricas \u2014Kinmen, Matsu, Penghu, Green y Orchid\u2014 ofrecen refugios locales.<\/p>\n<p>Los centros urbanos abarcan desde Taip\u00e9i, una metr\u00f3polis global con lugares emblem\u00e1ticos como el Taipei 101 y el Museo Nacional del Palacio, hasta Jiufen, un antiguo pueblo minero famoso por sus calles estrechas y vistas al mar. Tainan conserva su estatus como la ciudad m\u00e1s antigua de Taiw\u00e1n, con templos y reliquias coloniales como la Casa del \u00c1rbol Anping. Kaohsiung, la tercera ciudad m\u00e1s grande, alberga uno de los puertos m\u00e1s activos y un moderno paseo mar\u00edtimo. Taichung atrae a los visitantes con sus panader\u00edas y parques culturales; Hualien y Taitung ofrecen acceso a la Garganta de Taroko y a los acantilados costeros.<\/p>\n<p>Las actividades al aire libre son atractivas en toda la isla. Las aguas termales de Beitou, Wulai y Yangmingshan reflejan una herencia volc\u00e1nica; los ba\u00f1os p\u00fablicos requieren una limpieza profunda antes de entrar y suelen estar separados por sexos, aunque algunos ofrecen piscinas privadas que requieren traje. Los senderos de monta\u00f1a var\u00edan desde rutas suaves por la ciudad de Taip\u00e9i hasta excursiones de varios d\u00edas por Yushan y Wuling Sixiu, para las cuales se requieren permisos y sorteos de alojamiento. La pesca de camarones en piscinas cubiertas, repletas de langostinos tailandeses y con cocina propia, se ha vuelto popular entre lugare\u00f1os y visitantes.<\/p>\n<p>El nuevo d\u00f3lar taiwan\u00e9s (NT$) se subdivide en 100 centavos (\u5206); coloquialmente, yuan y ku\u00e0i denotan la unidad, mientras que f\u0113n, ji\u01ceo y m\u00e1o denotan cantidades fraccionarias. El costo de vida es inferior al de Jap\u00f3n y Corea del Sur, pero supera al de muchos destinos del sudeste asi\u00e1tico. Un presupuesto diario m\u00ednimo puede partir de NT$1000; las comidas callejeras cuestan NT$50 o menos, la comida r\u00e1pida alrededor de NT$150 y los restaurantes de alta cocina superan los NT$1000. Los hoteles de lujo pueden ofrecer habitaciones por NT$5000 o m\u00e1s. Los taxis funcionan con tarifas fijas o con tax\u00edmetro, con negociaci\u00f3n opcional; las propinas son poco comunes, salvo las de los botones.<\/p>\n<p>Las costumbres y la etiqueta reflejan los principios confucianos de respeto y armon\u00eda. Las tarjetas de visita se intercambian con ambas manos y una ligera reverencia. Los regalos prohibidos incluyen relojes, zapatos, cuchillos y paraguas, debido a asociaciones ling\u00fc\u00edsticas o simb\u00f3licas. Es obligatorio quitarse los zapatos antes de entrar en las casas y proporcionar zapatillas. El intercambio an\u00f3nimo de regalos entre amigos invita a la reciprocidad con tranquilidad. El transporte p\u00fablico reserva asientos prioritarios para personas mayores, personas con discapacidad y mujeres embarazadas. En los templos, los visitantes deben inclinarse ante las deidades, evitar pisar los umbrales y no se\u00f1alar con el dedo.<\/p>\n<p>La identidad de Taiw\u00e1n contin\u00faa evolucionando en medio de presiones externas y debates internos. Algunos enfatizan su singular herencia china; otros adoptan un nacionalismo taiwan\u00e9s distintivo o una perspectiva multicultural que incorpora las narrativas ind\u00edgenas, continentales e inmigrantes. Esta din\u00e1mica refleja m\u00e1s de un siglo de separaci\u00f3n de China continental y un compromiso con las libertades democr\u00e1ticas, que configuran su sociedad, cultura y presencia internacional.<\/p>","protected":false},"excerpt":{"rendered":"<p>Taiw\u00e1n es una naci\u00f3n insular del este asi\u00e1tico con una poblaci\u00f3n de aproximadamente 23,9 millones de personas, lo que la convierte en una de las naciones m\u00e1s densamente pobladas del planeta. Entre los mares de China Oriental y Meridional, su ubicaci\u00f3n estrat\u00e9gica en el noroeste del oc\u00e9ano Pac\u00edfico ha marcado profundamente su compleja historia y relevancia geopol\u00edtica.<\/p>","protected":false},"author":1,"featured_media":3752,"parent":24063,"menu_order":0,"comment_status":"closed","ping_status":"closed","template":"elementor_theme","meta":{"_eb_attr":"","footnotes":""},"class_list":["post-15647","page","type-page","status-publish","has-post-thumbnail"],"_links":{"self":[{"href":"https:\/\/travelshelper.com\/es\/wp-json\/wp\/v2\/pages\/15647","targetHints":{"allow":["GET"]}}],"collection":[{"href":"https:\/\/travelshelper.com\/es\/wp-json\/wp\/v2\/pages"}],"about":[{"href":"https:\/\/travelshelper.com\/es\/wp-json\/wp\/v2\/types\/page"}],"author":[{"embeddable":true,"href":"https:\/\/travelshelper.com\/es\/wp-json\/wp\/v2\/users\/1"}],"replies":[{"embeddable":true,"href":"https:\/\/travelshelper.com\/es\/wp-json\/wp\/v2\/comments?post=15647"}],"version-history":[{"count":0,"href":"https:\/\/travelshelper.com\/es\/wp-json\/wp\/v2\/pages\/15647\/revisions"}],"up":[{"embeddable":true,"href":"https:\/\/travelshelper.com\/es\/wp-json\/wp\/v2\/pages\/24063"}],"wp:featuredmedia":[{"embeddable":true,"href":"https:\/\/travelshelper.com\/es\/wp-json\/wp\/v2\/media\/3752"}],"wp:attachment":[{"href":"https:\/\/travelshelper.com\/es\/wp-json\/wp\/v2\/media?parent=15647"}],"curies":[{"name":"wp","href":"https:\/\/api.w.org\/{rel}","templated":true}]}}