{"id":15466,"date":"2024-09-21T13:48:07","date_gmt":"2024-09-21T13:48:07","guid":{"rendered":"https:\/\/travelshelper.com\/staging\/?page_id=15466"},"modified":"2026-03-11T21:44:36","modified_gmt":"2026-03-11T21:44:36","slug":"asjabad","status":"publish","type":"page","link":"https:\/\/travelshelper.com\/es\/destinations\/asia\/turkmenistan\/ashgabat\/","title":{"rendered":"Asjabad"},"content":{"rendered":"<p>Situada en el umbral del desierto de Karakum y protegida por las estribaciones de Kopetdag, Asjabad se alza sobre arenas p\u00e1lidas como un espejismo materializado. A una altitud que fluct\u00faa entre doscientos y doscientos cincuenta y cinco metros sobre el nivel del mar, la ciudad reposa sobre los sedimentos depositados por el antiguo mar de Paratetis, con cimientos fr\u00e1giles y a la vez hist\u00f3ricos. A menos de treinta kil\u00f3metros de la frontera con Ir\u00e1n, Asjabad ocupa una llanura oasis propensa a temblores, pero resiste los movimientos de la tierra con una determinaci\u00f3n inquebrantable, la cual ha definido su car\u00e1cter desde el momento en que los soldados rusos trazaron los primeros mapas de la aldea tribal en 1881.<\/p>\n<p>Desde sus or\u00edgenes como un modesto asentamiento de yurtas Ahal Teke \u2014quiz\u00e1s cuatro mil seg\u00fan los primeros visitantes rusos\u2014, Asjabad evolucion\u00f3 abruptamente despu\u00e9s de 1881 hasta convertirse en una ciudad guarnici\u00f3n de menos de tres mil almas, de composici\u00f3n casi totalmente rusa. La llegada del Ferrocarril Transcaspio a principios de siglo abri\u00f3 la ciudad a los inmigrantes del C\u00e1ucaso, el valle del Volga y Persia, casi duplicando su poblaci\u00f3n en una d\u00e9cada. Para 1911, unos cuarenta y cinco mil residentes llenaban sus calles; los rusos \u00e9tnicos constitu\u00edan la mayor\u00eda, acompa\u00f1ados por armenios, persas y una dispersi\u00f3n de otros grupos. En 1924, el asentamiento, entonces conocido por su nombre sovi\u00e9tico de Poltoratsk, se convirti\u00f3 en la sede de la Rep\u00fablica Socialista Sovi\u00e9tica de Turkmenist\u00e1n, y poco despu\u00e9s, la proporci\u00f3n de turcomanos dentro de los l\u00edmites de la ciudad comenz\u00f3 a aumentar, aunque gradualmente, a medida que las pol\u00edticas sovi\u00e9ticas transformaban la sociedad. A pesar de estos cambios, un terremoto catacl\u00edsmico en octubre de 1948 arras\u00f3 gran parte del tejido urbano, sembrando tragedia en las avenidas de Ashgabat y reduciendo a escombros barrios enteros.<\/p>\n<p>Sin embargo, la devastaci\u00f3n result\u00f3 ser apenas un preludio de la regeneraci\u00f3n. En las d\u00e9cadas siguientes, el Canal Karakum, construido por los sovi\u00e9ticos, transport\u00f3 las aguas del Amu Daria a trav\u00e9s de la ciudad de este a oeste, sustentando tanto jardines como nuevas construcciones. Cuando Turkmenist\u00e1n logr\u00f3 la independencia en 1991, el presidente Saparmurat Niyazov emprendi\u00f3 un ambicioso programa de renovaci\u00f3n urbana. Bajo su direcci\u00f3n, empresas extranjeras \u2014entre las que destacaban la francesa Bouygues y las turcas Polimeks y Gap \u0130n\u015faat\u2014 dieron forma a un lenguaje arquitect\u00f3nico arraigado en columnas grecorromanas y c\u00fapulas persas, cada superficie revestida de luminoso m\u00e1rmol blanco. Bulevares enteros brillaban al sol, mientras pilares y frontones daban paso a fuentes monumentales y plazas dise\u00f1adas para impresionar tanto a ciudadanos como a diplom\u00e1ticos.<\/p>\n<p>Hoy en d\u00eda, la poblaci\u00f3n de Asjabad supera el mill\u00f3n de habitantes, y los turcomanos constituyen m\u00e1s de tres cuartas partes de sus residentes. Los rusos representan aproximadamente el diez por ciento, mientras que comunidades m\u00e1s peque\u00f1as de uzbekos, azer\u00edes, turcos y otros grupos mantienen sus propios enclaves culturales. Administrativamente, la ciudad se divide en cuatro distritos principales: Bagty\u00fdarlyk, Berkararlyk, B\u00fczme\u00fdin y K\u00f6petdag. Estos etraplars absorben una constelaci\u00f3n de microdistritos \u2014sectores numerados y barrios con nombre, como Howdan A, B y W, y la serie Parahat\u2014, cada uno establecido para optimizar los servicios p\u00fablicos y la gesti\u00f3n de la vivienda, aunque sin un gobierno local independiente. Los l\u00edmites cambiantes de estas unidades reflejan la incesante reinvenci\u00f3n de Asjabad: distritos que antes llevaban los nombres de Lenin y Niyazov se han fusionado y renombrado, mientras que en 2020 se anunciaron los planes para un quinto distrito, Altyn etraby, centrado en la reci\u00e9n bautizada zona tur\u00edstica del Lago Dorado.<\/p>\n<p>Sin embargo, bajo su reluciente fachada, la renovaci\u00f3n de la ciudad ha tenido un coste humano. La demolici\u00f3n para construir torres de apartamentos con fachada de m\u00e1rmol ha implicado a menudo el desalojo de viviendas unifamiliares \u2014residencias reconstruidas tras el terremoto de 1948, pero nunca registradas formalmente\u2014 y, en muchos casos, los inquilinos fueron desalojados sin compensaci\u00f3n. Distritos como Ruhabat y antiguas comunidades de dachas en Berzengi y Choganly desaparecieron bajo las excavadoras, dejando a sus habitantes a la deriva.<\/p>\n<p>Geogr\u00e1ficamente, Asjabad posee un clima a la vez inh\u00f3spito y sorprendente. Los veranos son abrasadores: las tardes de julio suelen alcanzar una temperatura media m\u00e1xima de 38,3 \u00b0C, y en raras ocasiones superan los 47 \u00b0C. Las noches apenas ofrecen un respiro, con m\u00ednimas de alrededor de 23,8 \u00b0C. Los inviernos son breves y frescos, y ocasionalmente la temperatura cae justo por debajo del punto de congelaci\u00f3n; los registros hist\u00f3ricos registran una m\u00ednima de -24,1 \u00b0C en 1969. Las precipitaciones apenas empa\u00f1an el implacable sol, y rara vez superan los doscientos mil\u00edmetros anuales. Sin embargo, en abril de 2022, la ciudad registr\u00f3 m\u00e1s de trescientos mil\u00edmetros de precipitaci\u00f3n, rompiendo las normas mensuales y recordando a los habitantes la imprecisi\u00f3n de esta llanura des\u00e9rtica.<\/p>\n<p>La arquitectura sigue siendo el sello distintivo m\u00e1s destacado de Asjabad. Tras el fallecimiento de Niyazov en 2006, la afici\u00f3n por las c\u00fapulas disminuy\u00f3, salvo en espacios sagrados, dando paso a motivos modernistas que se\u00f1alan la funci\u00f3n de un edificio. Un globo terr\u00e1queo corona el Ministerio de Asuntos Exteriores, cuyo interior sirve de sala de conferencias; una moneda estilizada corona el Banco de Desarrollo; el Ministerio de Salud e Industria M\u00e9dica adopta la forma de un caduceo; un hospital dental se asemeja a una muela gigante; y la terminal con forma de halc\u00f3n del Aeropuerto Internacional de Asjabad se eleva hacia el cielo; su expansi\u00f3n, valorada en 2.300 millones de d\u00f3lares, tiene capacidad para procesar a catorce millones de pasajeros al a\u00f1o.<\/p>\n<p>La piel de m\u00e1rmol blanco se extiende hasta la torre de televisi\u00f3n, cuya Estrella octogonal de Oguzkhan \u2014emblema del antiguo linaje turco\u2014 entr\u00f3 en el Libro Guinness de los R\u00e9cords como la estrella arquitect\u00f3nica m\u00e1s grande. Los monumentos c\u00edvicos proliferan: desde la independencia, a las estatuas de Lenin y Pushkin se han sumado los homenajes a Magtymguly Pyragy, Taras Shevchenko, Alp Arslan y Mustafa Kemal Atat\u00fcrk. En parques como Ylham y el complejo VDNH, bustos heroicos vigilan los paseos arbolados. Una efigie dorada de Niyazov gir\u00f3 en la cima del Arco de la Neutralidad, orient\u00e1ndose hacia el sol hasta su retirada en 2010, bajo la presidencia de Gurbanguly Berdimuhamedov.<\/p>\n<p>Las recientes incorporaciones dan testimonio del continuo patrocinio estatal del arte p\u00fablico. En mayo de 2015, se inaugur\u00f3 una efigie monumental del presidente en funciones cerca del estadio nacional. En 2020, aparecieron monumentos de bronce para conmemorar a la raza canina turcomana Alabay y se inaugur\u00f3 un Monumento a la Bicicleta en plazas circulares. En mayo de 2024, se erigi\u00f3 en la base del Kopetdag una escultura de sesenta metros de Magtymguly Pyragy, el poeta y fil\u00f3sofo del siglo XVIII cuyos versos vibran en la conciencia turcomana. En octubre del a\u00f1o siguiente, se coloc\u00f3 una estatua del poeta kazajo Abai Qunanbaiuly en el parque Lachyn, lo que subraya el di\u00e1logo cultural transnacional de la ciudad. Dentro del Complejo Cultural y de Parques Magtymguly Pyragy, veinticuatro figuras de m\u00e1rmol rinden homenaje a figuras c\u00e9lebres, desde Dante y Goethe hasta Tagore y Langston Hughes, cada una capturada con la intenci\u00f3n de evocar el esp\u00edritu \u00fanico de su obra.<\/p>\n<p>Sin embargo, bajo la grandeza se esconde la memoria. El complejo conmemorativo Bekrewe rinde homenaje a los ca\u00eddos en la Batalla de Geok Tepe y la Segunda Guerra Mundial, con un toro de bronce que porta el globo terr\u00e1queo \u2014en alusi\u00f3n al terremoto de 1948\u2014 y guerreros turcomanos flanqueando a una viuda en se\u00f1al de luto. El Complejo Conmemorativo Halk Hakydasy, de gesti\u00f3n estatal y inaugurado en 2014, conmemora los sacrificios de los conflictos de finales del siglo XIX, la Segunda Guerra Mundial y a las v\u00edctimas del terremoto. Sus muros est\u00e1n decorados con bajorrelieves con escenas de la historia turcomana.<\/p>\n<p>La arquitectura religiosa traza otra capa del pasado de Asjabad. En 1908, la ciudad se convirti\u00f3 en la sede de la primera Casa de Adoraci\u00f3n Bah\u00e1&#039;\u00ed del mundo, rodeada de jardines formales y complementada con una escuela, un hospital, una casa de hu\u00e9spedes y dependencias para el personal de mantenimiento. Durante la secularizaci\u00f3n sovi\u00e9tica, la propiedad fue abandonada en 1928 y reconvertida en galer\u00eda de arte hasta que un terremoto la da\u00f1\u00f3 irreparablemente; fue demolida en 1963. Hoy en d\u00eda, el paisaje religioso comprende mezquitas como la T\u00fcrkmenba\u015fy Ruhy, el edificio \u00c4rtogrul Gazy, financiado por Turqu\u00eda e inspirado en la Mezquita del Sult\u00e1n Ahmed de Estambul, y peque\u00f1os santuarios en el barrio. Las iglesias tambi\u00e9n persisten: cinco casas de culto cristianas, incluidas cuatro parroquias ortodoxas rusas (San Alejandro Nevski, San Nicol\u00e1s el Taumaturgo, Cristo la Resurrecci\u00f3n y los Santos Cirilo y Metodio) y una capilla cat\u00f3lica romana dentro de la nunciatura papal, sostienen una modesta presencia cristiana en medio del escrutinio oficial de las minor\u00edas religiosas.<\/p>\n<p>La vida cultural se despliega en museos y teatros dispersos en plazas de m\u00e1rmol. El Museo Estatal del Centro Cultural Estatal de Turkmenist\u00e1n, que ocupa m\u00e1s de ciento sesenta mil metros cuadrados, presenta colecciones que van desde antig\u00fcedades partas hasta el tejido de alfombras moderno, mientras que el Museo del Presidente documenta las pol\u00edticas nacionales e internacionales de la rep\u00fablica. El Museo de Etnograf\u00eda e Historia Local examina la flora y el folclore turcomanos, e iniciativas privadas como ART-bazar, inaugurado en 2024, exhiben artesan\u00eda contempor\u00e1nea. Los espacios de artes esc\u00e9nicas, desde el Teatro Nacional Musical y Dram\u00e1tico Magtymguly hasta el Circo Estatal de Turkmenist\u00e1n, ofrecen programas de \u00f3pera, teatro y t\u00edteres. Los cines, incluido el pionero cine tridimensional A\u015fgabat, se ubican junto a otras seis pantallas, algunas ubicadas dentro de nuevos complejos comerciales. La Biblioteca Estatal, fundada en 1892 y con estatus nacional en 1992, alberga m\u00e1s de seis millones de vol\u00famenes; La Biblioteca Infantil Estatal, con un cuarto de mill\u00f3n de art\u00edculos, nutre a los j\u00f3venes lectores.<\/p>\n<p>El parque ofrece un respiro del m\u00e1rmol y el tr\u00e1fico. El jard\u00edn bot\u00e1nico, fundado en 1929 y el m\u00e1s antiguo de su tipo en Asia Central, abarca dieciocho hect\u00e1reas y alberga m\u00e1s de quinientas especies de plantas. El Primer Parque, el Parque Ashgabat, data de 1887 y sigue siendo un escenario para paseos familiares, mientras que otros espacios verdes como G\u00fcne\u015f, el Parque de la Amistad Turcomano-Turca y el Parque de la Independencia reflejan lazos diplom\u00e1ticos. El paseo artificial junto al lago Dorado promete ocio y deportes acu\u00e1ticos. El parque de atracciones &#034;Mundo de Cuentos de Turkmenbashi&#034;, con atracciones dise\u00f1adas al estilo estatal, ofrece una versi\u00f3n local del entretenimiento internacional.<\/p>\n<p>Bajo estas capas de infraestructura, Asjabad soporta una costosa realidad para los extranjeros. Las encuestas de 2019 y 2020 la clasificaron como la ciudad m\u00e1s cara del mundo para expatriados y la segunda m\u00e1s cara en general, consecuencia de la severa inflaci\u00f3n y las elevadas tasas de importaci\u00f3n. El transporte urbano combina autobuses (m\u00e1s de setecientos veh\u00edculos que cubren una red de m\u00e1s de dos mil kil\u00f3metros de rutas) con taxis, que se distinguen por peque\u00f1os carteles verdes en los tejados. Un circuito de monorra\u00edl dentro de la Villa Ol\u00edmpica, inaugurado en 2016, es el primero de Asia Central, mientras que los telef\u00e9ricos conectan las v\u00edas urbanas con las colinas de Kopetdag. M\u00e1s all\u00e1 de los l\u00edmites de la ciudad, seiscientos kil\u00f3metros de autopista conectan Asjabad con Tejen, Mary y T\u00fcrkmenabat, y m\u00e1s all\u00e1 con los estados vecinos, mientras que la renovada estaci\u00f3n de tren sirve de base a las rutas de larga distancia de las l\u00edneas Transcaspiana y Transkarakum.<\/p>\n<p>El nombre de Asjabad ha cambiado con cada \u00e9poca: anta\u00f1o &#034;la Ciudad del Amor&#034;, ahora com\u00fanmente llamada &#034;la Ciudad de M\u00e1rmol Blanco&#034;. Aqu\u00ed, la visi\u00f3n de un hombre \u2014primero la de los administradores coloniales, luego la de una rep\u00fablica sovi\u00e9tica y finalmente la de una naci\u00f3n independiente\u2014 ha esculpido cada plaza y fachada. Los visitantes que llegan a las terminales revestidas de m\u00e1rmol pueden sentir como si hubieran entrado en otro mundo, uno donde prevalecen la simetr\u00eda y la escala, y donde cada columna, c\u00fapula y monumento se debate entre el peso de la historia y el silencio del desierto. En esa tensi\u00f3n reside la esencia de Asjabad: a la vez fr\u00e1gil e indomable, una capital tallada en la arena y la convicci\u00f3n, siempre equilibrada entre el destello de la tierra y el resplandor de la ambici\u00f3n.<\/p>","protected":false},"excerpt":{"rendered":"<p>Asjabad, la capital y ciudad m\u00e1s poblada de Turkmenist\u00e1n, ejemplifica la distintiva fusi\u00f3n de historia y modernidad del pa\u00eds. Con 1.030.063 habitantes seg\u00fan el censo de 2022, esta ciudad de Asia Central se encuentra enclavada entre el desierto de Karakum y la cordillera de Kopetdag, a unos 50 kil\u00f3metros de la frontera entre Ir\u00e1n y Turkmenist\u00e1n. Como centro pol\u00edtico, comercial y cultural, Asjabad es el coraz\u00f3n de Turkmenist\u00e1n.<\/p>","protected":false},"author":1,"featured_media":3617,"parent":15457,"menu_order":0,"comment_status":"closed","ping_status":"closed","template":"elementor_theme","meta":{"_eb_attr":"","footnotes":""},"class_list":["post-15466","page","type-page","status-publish","has-post-thumbnail"],"_links":{"self":[{"href":"https:\/\/travelshelper.com\/es\/wp-json\/wp\/v2\/pages\/15466","targetHints":{"allow":["GET"]}}],"collection":[{"href":"https:\/\/travelshelper.com\/es\/wp-json\/wp\/v2\/pages"}],"about":[{"href":"https:\/\/travelshelper.com\/es\/wp-json\/wp\/v2\/types\/page"}],"author":[{"embeddable":true,"href":"https:\/\/travelshelper.com\/es\/wp-json\/wp\/v2\/users\/1"}],"replies":[{"embeddable":true,"href":"https:\/\/travelshelper.com\/es\/wp-json\/wp\/v2\/comments?post=15466"}],"version-history":[{"count":0,"href":"https:\/\/travelshelper.com\/es\/wp-json\/wp\/v2\/pages\/15466\/revisions"}],"up":[{"embeddable":true,"href":"https:\/\/travelshelper.com\/es\/wp-json\/wp\/v2\/pages\/15457"}],"wp:featuredmedia":[{"embeddable":true,"href":"https:\/\/travelshelper.com\/es\/wp-json\/wp\/v2\/media\/3617"}],"wp:attachment":[{"href":"https:\/\/travelshelper.com\/es\/wp-json\/wp\/v2\/media?parent=15466"}],"curies":[{"name":"wp","href":"https:\/\/api.w.org\/{rel}","templated":true}]}}