{"id":15439,"date":"2024-09-21T09:51:32","date_gmt":"2024-09-21T09:51:32","guid":{"rendered":"https:\/\/travelshelper.com\/staging\/?page_id=15439"},"modified":"2026-03-11T21:53:07","modified_gmt":"2026-03-11T21:53:07","slug":"sana","status":"publish","type":"page","link":"https:\/\/travelshelper.com\/es\/destinations\/asia\/yemen\/sanaa\/","title":{"rendered":"San\u00e1"},"content":{"rendered":"<p>A una altitud aproximada de 2300 metros sobre el nivel del mar, San\u00e1 se distingue entre las capitales del mundo. Envuelta en un tenue velo de niebla monta\u00f1osa al amanecer y enmarcada por las imponentes siluetas de Jabal An-Nabi Shu&#039;ayb y Jabal Tiyal, llama la atenci\u00f3n no por su pompa, sino por su serena presencia. Oficialmente designada como el Municipio de San\u00e1, la ciudad es la capital de iure de Yemen y su centro urbano m\u00e1s poblado, con poco m\u00e1s de 3,29 millones de habitantes en 2023. Sin embargo, la sede del gobierno reside ahora en Ad\u00e9n, tras la toma de San\u00e1 por los hut\u00edes a finales de 2014 y la posterior declaraci\u00f3n de Ad\u00e9n como capital temporal en marzo de 2015. A pesar de este cambio, la constituci\u00f3n afirma la primac\u00eda de San\u00e1, y su nombre permanece firmemente arraigado en la identidad de Yemen.<\/p>\n<p>San\u00e1 ocupa una amplia llanura monta\u00f1osa conocida localmente como Haql San\u00e1. Con una extensi\u00f3n de cincuenta a sesenta kil\u00f3metros de norte a sur y hasta veinticinco kil\u00f3metros de este a oeste, esta meseta est\u00e1 rodeada de acantilados y crestas por donde descienden los uadis estacionales. El Wadi al-Kharid drena gran parte de la extensi\u00f3n norte, canalizando sus aguas hacia al-Jawf, mientras que los tramos meridionales se extienden a ambos lados de una cuenca hidrogr\u00e1fica que alimenta tanto al al-Kharid como al Wadi Siham, que fluye hacia las tierras bajas del Mar Rojo de Tihama. En el punto m\u00e1s estrecho de la ciudad, Jabal Nuqum se eleva unos quinientos metros al este; sus laderas albergaron en su d\u00eda canteras de hierro y \u00f3nix, descritas por el ge\u00f3grafo del siglo X al-Hamdani. Al oeste se alza el ascenso a la cumbre m\u00e1s alta de Yemen, Jabal An\u2011Nabi Shu&#039;ayb, cuya cima est\u00e1 a apenas diecis\u00e9is millas de la ciudad y es un centinela silencioso de siglos de vida abajo.<\/p>\n<p>El patr\u00f3n de crecimiento de San\u00e1 se ha visto influenciado por esta topograf\u00eda. Limitada al este y al oeste, la ciudad se ha extendido predominantemente a lo largo de un eje norte-sur, impulsando su expansi\u00f3n en el siglo XX gracias a la migraci\u00f3n rural y su nombramiento como capital republicana en la d\u00e9cada de 1960. Surgieron dos tejidos urbanos diferenciados: la compacta Ciudad Vieja, o al-Qadeemah, y los extensos distritos m\u00e1s nuevos, conocidos colectivamente como al-Jadid. La Ciudad Vieja, declarada Patrimonio de la Humanidad por la UNESCO en 1986, conserva m\u00e1s de veintis\u00e9is siglos de ocupaci\u00f3n continua y cuenta con m\u00e1s de 100 mezquitas, doce ba\u00f1os turcos tradicionales y unas 6.500 viviendas. Su rasgo distintivo \u2014casas-torre de hasta ocho plantas, construidas con piedra local y ladrillo cocido\u2014 se ve realzado por delicados calados de yeso y las ic\u00f3nicas vidrieras &#034;qamariya&#034;. Estas viviendas anta\u00f1o albergaban a familias extensas, a las que se les a\u00f1ad\u00edan pisos a medida que los hijos se casaban y transformaban las terrazas de los tejados en salas de recepci\u00f3n por la tarde (el mafraj), donde se desarrollaban tranquilamente las sesiones de qat.<\/p>\n<p>M\u00e1s all\u00e1 de las antiguas murallas, los barrios m\u00e1s nuevos de la ciudad reflejan una r\u00e1pida urbanizaci\u00f3n y una evoluci\u00f3n del gusto arquitect\u00f3nico. En el sur y el oeste, las &#034;nuevas villas&#034; de baja altura con jardines cercados ofrecen un respiro de las densas calles, mientras que las viviendas de hormig\u00f3n armado de estilo egipcio se alzan en los suburbios del norte y el este. Sin embargo, incluso aqu\u00ed perdura el encanto de la tradici\u00f3n: las casas-torre &#034;neotradicionales&#034;, construidas con bloques de hormig\u00f3n y caprichosamente revestidas con ladrillo y piedra, evocan la verticalidad y la ornamentaci\u00f3n del casco antiguo. Estos h\u00edbridos evocan el pasado a la vez que se adaptan a las necesidades contempor\u00e1neas.<\/p>\n<p>Dentro de este mosaico, destacan varios distritos. Al-Tahrir, concebido en la d\u00e9cada de 1960 como el coraz\u00f3n c\u00edvico y comercial de la ciudad, funciona ahora principalmente como centro de reuniones p\u00fablicas y ocio. Bi&#039;r al-Azab, antiguamente conocido como el Barrio Turco y posteriormente como el Barrio Jud\u00edo tras el regreso de los exiliados a finales del siglo XVII, se ha convertido en un recinto diplom\u00e1tico y administrativo, que alberga embajadas, la oficina del Primer Ministro y la C\u00e1mara de Diputados. Entre las dos circunvalaciones de San\u00e1 \u2014la circunvalaci\u00f3n interior y Sittin\u2014 se extienden los densos zocos de al-Hasabah, Shumayla y Hayil, donde los comerciantes ofrecen especias, textiles y objetos de cobre bajo las marquesinas de bulliciosas galer\u00edas. Al suroeste, el bulevar de Haddah ha atra\u00eddo a quienes buscan servicios p\u00fablicos m\u00e1s fiables, lo que ha impulsado el auge de los rascacielos desde la d\u00e9cada de 1990.<\/p>\n<p>Clim\u00e1ticamente, San\u00e1 ocupa un nicho entre las ciudades \u00e1rabes. Clasificada como un clima des\u00e9rtico fr\u00edo, recibe alrededor de 265 mil\u00edmetros de precipitaci\u00f3n anual, apenas suficiente para esculpir las colinas de piedra caliza, pero suficiente para sostener huertos en terrazas y peque\u00f1as granjas en las alturas circundantes. Las temperaturas fluct\u00faan poco a lo largo del a\u00f1o; las ma\u00f1anas frescas de enero dan paso a d\u00edas agradables, mientras que el calor de julio se ve atenuado por las brisas vespertinas. Sin embargo, la altitud de la ciudad intensifica la radiaci\u00f3n solar: incluso durante la estaci\u00f3n fr\u00eda, los rayos ultravioleta son notablemente m\u00e1s intensos que en las regiones m\u00e1s bajas del norte.<\/p>\n<p>Demogr\u00e1ficamente, la historia de San\u00e1 se caracteriza por su juventud y diversidad. Casi el sesenta por ciento de los residentes de la gobernaci\u00f3n de Amanat al-Asimah son menores de dieciocho a\u00f1os, y los hombres superan ligeramente a las mujeres en una proporci\u00f3n de 1,10 a uno. La mayor\u00eda profesa el islam zaid\u00ed, mientras que las minor\u00edas sun\u00edes e ismailitas son m\u00e1s visibles en los suburbios m\u00e1s nuevos, lo que refleja los patrones de migraci\u00f3n interna desde las zonas rurales de Yemen. Desde la d\u00e9cada de 1960, la poblaci\u00f3n urbana ha crecido a una tasa anual de aproximadamente el siete por ciento, superando la media nacional del 3,2 por ciento.<\/p>\n<p>Econ\u00f3micamente, la ciudad funciona como el principal motor comercial y administrativo de Yemen. Casi el cuarenta por ciento de la fuerza laboral trabaja en el sector p\u00fablico, y una importante econom\u00eda informal \u2014estimada en el 32 por ciento del empleo no gubernamental\u2014 prospera en los bazares y calles laterales. El comercio y los servicios a peque\u00f1a escala predominan, representando casi el 59 por ciento de los establecimientos y m\u00e1s del 31 por ciento de los empleos en 2004. La administraci\u00f3n general, aunque representada por menos empresas, emplea al 18 por ciento de la fuerza laboral. La industria manufacturera ocupa el tercer lugar, con alrededor del 12 por ciento de las empresas y los empleos. La hosteler\u00eda y la restauraci\u00f3n mantienen una mayor concentraci\u00f3n aqu\u00ed que en otras partes de Yemen, atendiendo a diplom\u00e1ticos, cooperantes y a los pocos viajeros aventureros que sortean las restricciones de seguridad.<\/p>\n<p>El transporte dentro de San\u00e1 est\u00e1 enmarcado por marcados contrastes. La red vial formalmente invertida de la ciudad, organizada alrededor de dos circunvalaciones y una serie de arterias norte-sur, soporta la peor parte de la congesti\u00f3n. Treinta y tres mil taxis recorren las calles, pero a menudo circulan vac\u00edos entre viajes, lo que contribuye a los atascos y a los elevados niveles de contaminaci\u00f3n. Encerrada dentro de su cuenca monta\u00f1osa, San\u00e1 experimenta inversiones t\u00e9rmicas que atrapan part\u00edculas, lo que hace que su calidad del aire sea comparable a la de otros &#034;cuencos&#034; de gran altitud como la Ciudad de M\u00e9xico. El transporte p\u00fablico es abrumadoramente informal: microbuses privados (dababs), minibuses (nuss-bus) y taxis representan la mayor parte de los desplazamientos diarios. En 2005, se estim\u00f3 que entre 4.000 y 7.000 dababs, entre 5.500 y 7.300 minibuses y 33.000 taxis serv\u00edan a la ciudad. Los hombres dependen con mayor frecuencia de los veh\u00edculos p\u00fablicos, mientras que las mujeres tienden a caminar; Las bicicletas y motocicletas desempe\u00f1an un papel m\u00ednimo. La ausencia de horarios obligatorios obliga a cambiar de veh\u00edculo con frecuencia para viajes m\u00e1s largos, y el servicio irregular puede dejar a los pasajeros esperando sin recursos.<\/p>\n<p>El Aeropuerto Internacional de San\u00e1 gestionaba en su d\u00eda el ochenta por ciento de los pasajeros a\u00e9reos de Yemen; hoy, permanece cerrado a los vuelos comerciales tras los da\u00f1os sufridos por el conflicto. Cerrado desde agosto de 2016 y afectado por un ataque a\u00e9reo el 26 de diciembre de 2024 contra su torre de control, el aeropuerto sobrevive en un estado deplorable, abierto \u00fanicamente a vuelos humanitarios. Los planes para un nuevo aeropuerto, iniciados en 2008, se han aplazado desde 2011. Yemenia, la aerol\u00ednea nacional con sede en San\u00e1, sobrevive a pesar de estas limitaciones, limitando sus operaciones a vuelos ch\u00e1rter regionales cuando es posible.<\/p>\n<p>Viajar a San\u00e1 invita a sumergirse en un mundo donde el tiempo transcurre a su propio ritmo. En cualquier cafeter\u00eda, se pueden observar sesiones de masticaci\u00f3n de qat: reuniones vespertinas en las que amigos y colegas reflexionan tranquilamente sobre estimulantes suaves y conversan. Para muchos hombres, las hojas son un ritual esencial, y aunque reducen el apetito e interrumpen el sue\u00f1o, siguen profundamente arraigadas en las costumbres sociales. Los extranjeros pueden participar a un precio m\u00f3dico \u2014a menudo menos de cinco d\u00f3lares estadounidenses por sesi\u00f3n\u2014, pero deben tener en cuenta las restricciones legales al continuar su viaje.<\/p>\n<p>Al explorar la Ciudad Vieja, los visitantes pasan bajo la milenaria Bab al-Yaman, cuya puerta de madera tallada a\u00fan se balancea sobre sus antiguos zaws. En su interior, el Souk al-Milh ofrece sal, especias, pasas y cer\u00e1mica artesanal. En el coraz\u00f3n del barrio se alza la J\u0101mi\u02bf al-Kab\u012br, del siglo VII \u2014posiblemente una de las mezquitas m\u00e1s antiguas que se conservan del mundo\u2014, y en sus archivos se han encontrado fragmentos de los manuscritos originales del Cor\u00e1n. Cerca de all\u00ed, el Museo Nacional ocupa un palacio real restaurado; sus galer\u00edas trazan la historia de Yemen desde la prehistoria hasta el dominio otomano, mientras que el adyacente Museo Militar exhibe armamento y uniformes bajo brillantes etiquetas \u00e1rabes y algunas leyendas en ingl\u00e9s en el exterior.<\/p>\n<p>M\u00e1s all\u00e1 de las murallas, una breve excursi\u00f3n conduce al frondoso valle de Wadi Dhahr, donde los campos en terrazas se aferran a las laderas y el Palacio de Roca de un im\u00e1n se alza tallado en piedra caliza. Esta interacci\u00f3n de tierra y mamposter\u00eda ofrece un marcado contraste con los densos barrios de la ciudad. Dentro de las murallas, los artesanos contin\u00faan con sus venerables oficios \u2014plata, grabado en cobre y talla de piedras semipreciosas\u2014, aunque la era de la industria mecanizada es solo un lejano recuerdo. En siglos anteriores, las minas en las laderas cercanas produc\u00edan \u00f3nix, calcedonia y cornalina, y los observadores brit\u00e1nicos elogiaron en su d\u00eda la metalister\u00eda de San\u00e1 como \u00abfamosa\u00bb, aunque lamentaban su gradual decadencia.<\/p>\n<p>Para quienes deseen llevarse a casa una pieza del patrimonio yemen\u00ed, comprar en San\u00e1 requiere paciencia y tacto. Es normal regatear; los precios pueden cotizarse en riales, d\u00f3lares o euros, y cada moneda se acepta a discreci\u00f3n del vendedor. La jambiya, la daga curva que usan los hombres locales, merece especial atenci\u00f3n. Los compradores deben tener en cuenta que estas hojas vienen acompa\u00f1adas de vainas de plata o metal com\u00fan y cinturones de cuero cosidos a mano, cuyos mangos se tallan tradicionalmente en cuerno o marfil, aunque hoy en d\u00eda suelen ser de madera o \u00e1mbar. Para un recuerdo m\u00e1s ligero, abundan los broches y colgantes con forma de jambiya en miniatura, as\u00ed como los collares adornados con supuesto lapisl\u00e1zuli y otras piedras, cuya autenticidad rara vez est\u00e1 garantizada.<\/p>\n<p>Al atardecer, mientras las sombras se extienden sobre los tejados de terracota, San\u00e1 revela su verdadera forma: un tapiz viviente de aire de monta\u00f1a y muros de arcilla, de llamadas a la oraci\u00f3n y risas infantiles, de comerciantes regateando bajo dinteles de madera. Aqu\u00ed, la modernidad y la tradici\u00f3n se negocian en silencio. La inquieta poblaci\u00f3n de la ciudad se expande constantemente, pero dentro de las murallas de la Ciudad Vieja, persiste el silencio de siglos. Permanecer en San\u00e1 es presenciar la resiliencia grabada en piedra y ladrillo: un testimonio pausado de un lugar que se niega a la prisa, incluso mientras el mundo m\u00e1s all\u00e1 de sus monta\u00f1as cambia sin pausa.<\/p>","protected":false},"excerpt":{"rendered":"<p>San\u00e1, la capital y ciudad m\u00e1s grande de Yemen, ten\u00eda una poblaci\u00f3n de aproximadamente 3.292.497 habitantes en 2023, lo que la consolidaba como un importante centro urbano dentro del pa\u00eds. Con una altitud de 2.300 metros sobre el nivel del mar, San\u00e1 es una de las capitales m\u00e1s altas del mundo. Est\u00e1 rodeada por las monta\u00f1as Sarawat, que comprenden Jabal An-Nabi Shu&#039;ayb y Jabal Tiyal, reconocidos como los puntos m\u00e1s altos de la Pen\u00ednsula Ar\u00e1biga.<\/p>","protected":false},"author":1,"featured_media":3481,"parent":15430,"menu_order":0,"comment_status":"closed","ping_status":"closed","template":"elementor_theme","meta":{"_eb_attr":"","footnotes":""},"class_list":["post-15439","page","type-page","status-publish","has-post-thumbnail"],"_links":{"self":[{"href":"https:\/\/travelshelper.com\/es\/wp-json\/wp\/v2\/pages\/15439","targetHints":{"allow":["GET"]}}],"collection":[{"href":"https:\/\/travelshelper.com\/es\/wp-json\/wp\/v2\/pages"}],"about":[{"href":"https:\/\/travelshelper.com\/es\/wp-json\/wp\/v2\/types\/page"}],"author":[{"embeddable":true,"href":"https:\/\/travelshelper.com\/es\/wp-json\/wp\/v2\/users\/1"}],"replies":[{"embeddable":true,"href":"https:\/\/travelshelper.com\/es\/wp-json\/wp\/v2\/comments?post=15439"}],"version-history":[{"count":0,"href":"https:\/\/travelshelper.com\/es\/wp-json\/wp\/v2\/pages\/15439\/revisions"}],"up":[{"embeddable":true,"href":"https:\/\/travelshelper.com\/es\/wp-json\/wp\/v2\/pages\/15430"}],"wp:featuredmedia":[{"embeddable":true,"href":"https:\/\/travelshelper.com\/es\/wp-json\/wp\/v2\/media\/3481"}],"wp:attachment":[{"href":"https:\/\/travelshelper.com\/es\/wp-json\/wp\/v2\/media?parent=15439"}],"curies":[{"name":"wp","href":"https:\/\/api.w.org\/{rel}","templated":true}]}}