{"id":15420,"date":"2024-09-20T23:51:22","date_gmt":"2024-09-20T23:51:22","guid":{"rendered":"https:\/\/travelshelper.com\/staging\/?page_id=15420"},"modified":"2026-03-11T18:34:32","modified_gmt":"2026-03-11T18:34:32","slug":"ulan-bator","status":"publish","type":"page","link":"https:\/\/travelshelper.com\/es\/destinations\/asia\/mongolia\/ulaanbaatar\/","title":{"rendered":"Ul\u00e1n Bator"},"content":{"rendered":"<p>Ul\u00e1n Bator ocupa un escenario donde el aire de gran altitud se fusiona con la inmensidad de la estepa mongola. A unos 1350 metros sobre el nivel del mar, se encuentra en un valle fluvial excavado por el Tuul, afluente del Selenge. Rodeada por cuatro picos clave \u2014Songino Khairkhan al oeste, Chingeltei y Bayanzurkh al norte, y la boscosa monta\u00f1a Bogd Khan al sur\u2014, la ciudad soporta el anticicl\u00f3n siberiano que le proporciona sus famosos inviernos crudos y veranos breves y c\u00e1lidos. A pesar del rigor de las ma\u00f1anas de -40 \u00b0C, la temperatura media anual de Ul\u00e1n Bator, de 0,2 \u00b0C, la convierte en la capital nacional m\u00e1s fr\u00eda del mundo en promedio anual, una marca solo compartida en extremo por Nuuk en Groenlandia. Su clasificaci\u00f3n clim\u00e1tica se extiende a lo largo de la frontera entre los tipos semi\u00e1rido fr\u00edo (BSk) y sub\u00e1rtico (Dwc), y las bruscas oscilaciones entre las abrasadoras temperaturas m\u00e1ximas de 39 \u00b0C en julio y la quietud \u00e1rtica en enero configuran tanto su arquitectura como su forma de vida.<\/p>\n\n\n\n<p>El Ul\u00e1n Bator moderno tiene sus or\u00edgenes en 1639, cuando Zanabazar, el primer l\u00edder espiritual del budismo mongol, estableci\u00f3 un enclave mon\u00e1stico m\u00f3vil conocido como \u00d6rg\u00f6\u00f6. N\u00f3mada por necesidad, este centro religioso se traslad\u00f3 veintinueve veces a lo largo de casi 140 a\u00f1os, apegado a los ritmos de la sociedad pastoral mongola. No fue hasta 1778 que \u00d6rg\u00f6\u00f6 abandon\u00f3 definitivamente la movilidad, anclando cerca del r\u00edo Tuul, en la ruta de caravanas entre Kyakhta, en la frontera ruso-china, y Pek\u00edn. Con la ca\u00edda de la dinast\u00eda Qing en 1911, la ciudad floreci\u00f3 m\u00e1s all\u00e1 de sus or\u00edgenes eclesi\u00e1sticos, convirti\u00e9ndose en un crisol de independencia. Se convirti\u00f3 en la capital del ef\u00edmero Kanato de Bogd bajo el octavo Jebtsundamba Khutuktu y, tras la revoluci\u00f3n comunista de 1921, fue rebautizada como Ulaanbaatar (H\u00e9roe Rojo) en 1924 con el nacimiento de la Rep\u00fablica Popular de Mongolia.<\/p>\n\n\n\n<p>La planificaci\u00f3n de la era sovi\u00e9tica transform\u00f3 el rostro de Ul\u00e1n Bator en la d\u00e9cada de 1950. Los gers de madera cedieron terreno a bloques de apartamentos uniformes, los bulevares se ensancharon y las plazas p\u00fablicas adquirieron una nueva grandeza. La plaza S\u00fckhbaatar, en el coraz\u00f3n de la ciudad, exhibe a sus h\u00e9roes: Damdin S\u00fckhbaatar a lomos de su corcel y Gengis Kan mirando hacia el norte, flanqueado por el Palacio de Gobierno y la extensa Avenida de la Paz. Sin embargo, perduran reliquias del pasado: el Monasterio de Gandantegchinlin, el Palacio de Invierno del Bogd Kan y el Templo Lama Choijin ofrecen recordatorios de la ciudad mon\u00e1stica que anta\u00f1o trazaba las rutas de peregrinaci\u00f3n de los peregrinos, ahora impresas en la red vial. Desde que las protestas democr\u00e1ticas de 1990 derrocaron el r\u00e9gimen de partido \u00fanico, Ul\u00e1n Bator ha acogido a inmigrantes en cantidades sin precedentes, duplicando su poblaci\u00f3n de menos de un mill\u00f3n en 2007 a aproximadamente 1,6 millones a fines de 2022.<\/p>\n\n\n\n<p>Ese r\u00e1pido crecimiento ha superado la infraestructura, dejando a dos tercios de los residentes de los distritos de gers en la periferia norte. Al carecer de agua potable, saneamiento y carreteras asfaltadas, estos barrios dependen de gers autoconstruidos y estufas de carb\u00f3n. En invierno, cubren la ciudad con una neblina asfixiante, mientras que Ul\u00e1n Bator se gana una de las peores clasificaciones de calidad del aire del planeta. Las tasas de neumon\u00eda infantil aumentan, y la carga para la salud p\u00fablica se hace tangible en cada recuento de part\u00edculas en los laboratorios. Mientras tanto, en el n\u00facleo central, un auge de la construcci\u00f3n impulsa nuevos rascacielos \u2014algunos con licencia, otros erigidos en un limbo legal\u2014, testimonio de una econom\u00eda a la vez boyante y sin regulaci\u00f3n.<\/p>\n\n\n\n<p>Como centro pol\u00edtico y financiero de Mongolia, Ul\u00e1n Bator alberga a casi la mitad de la poblaci\u00f3n nacional dentro de sus l\u00edmites municipales. Gobernada independientemente de la provincia circundante de T\u00f6v \u2014cuya capital, Zuunmod, se encuentra a 43 kil\u00f3metros al sur\u2014, la ciudad concentra las instituciones culturales, sedes corporativas y v\u00edas de transporte del pa\u00eds. MCS Group, Tavan Bogd y Mobicom se encuentran entre los conglomerados locales arraigados aqu\u00ed, junto con empresas mineras extranjeras que explotan los yacimientos de oro cercanos de Boroo y otros lugares. El sector servicios representa alrededor del 43 % del PIB de la ciudad, mientras que la miner\u00eda contribuye con otro 25 %. Sin embargo, la volatilidad de los precios de las materias primas, como se vio en la crisis de 2008, impulsa iniciativas de diversificaci\u00f3n, dando origen a nuevas empresas en los sectores de la tecnolog\u00eda, las finanzas y el turismo.<\/p>\n\n\n\n<p>Dentro de este tapiz urbano florecen formas de arte tanto antiguas como modernas. Los monasterios resguardan tesoros: la estatua dorada de 26,5 metros de Avalokite\u015bvara del Monasterio de Gandan y las galer\u00edas repletas de curiosidades del Templo Lama de Choijin sobrevivieron a las purgas que arrasaron tantos sitios religiosos. El Museo de Bellas Artes de Zanabazar consagra obras maestras del santo-artista m\u00e1s c\u00e9lebre de Mongolia, mientras que el Museo Nacional rastrea las huellas humanas desde la prehistoria hasta el Imperio mongol. La \u00d3pera de Ul\u00e1n Bator presenta ballet y sinfon\u00eda en colaboraci\u00f3n con instituciones como los conjuntos de artes esc\u00e9nicas de Boston. Conjuntos folcl\u00f3ricos \u2014Tumen Ekh, el Conjunto Morin Khuur y la Gran Orquesta Nacional Estatal\u2014 recorren el mundo, llevando la resonancia de la canci\u00f3n larga, el viol\u00edn con cabeza de caballo y las danzas de m\u00e1scaras Tsam a escenarios distantes.<\/p>\n\n\n\n<p>Parques y \u00e1reas protegidas forman un arco alrededor de la ciudad. La zona protegida de Bogd Khan Uul, una reliquia de 67.300 hect\u00e1reas de conservaci\u00f3n del siglo XII, alberga alerces y pinos en sus laderas y evoca las ruinas del Monasterio de Manjusri, tambi\u00e9n del siglo XII. El Parque Nacional Gorkhi-Terelj, a 70 kil\u00f3metros al este, invita a los excursionistas a recorrer sus rutas de senderismo y a admirar la estatua ecuestre de 40 metros de Gengis Kan, apretada en su base por puestos de recuerdos. Dentro de los l\u00edmites de la ciudad, el Parque Nacional del Jard\u00edn (55 hect\u00e1reas plantadas con m\u00e1s de 100.000 \u00e1rboles) tiene como objetivo educar a los ciudadanos sobre la gesti\u00f3n ambiental, mientras que arboledas m\u00e1s peque\u00f1as conmemoran figuras de anta\u00f1o o fomentan la amistad entre Corea y Mongolia.<\/p>\n\n\n\n<p>El tejido urbano de Ul\u00e1n Bator combina lo antiguo con lo nuevo. La Avenida de la Paz, anta\u00f1o el Ch\u00f6l\u00f6\u00f6 de \u00d6rg\u00f6\u00f6, se extiende de este a oeste a trav\u00e9s de la plaza central, con sus aceras repletas de grandes almacenes estatales y caf\u00e9s que ofrecen buuz al vapor y dulces. La circunvalaci\u00f3n de Ikh Toiruu traza los caminos de oraci\u00f3n de los peregrinos alrededor de templos desaparecidos, intersectando con Narnii Zam, el Camino del Sol, gracias a la ayuda japonesa. Los distritos ger del norte se alzan justo al otro lado, con su red de callejones de tierra salpicados de mercados informales. Al sur, los barrios adinerados se extienden hacia el Tuul, donde las dachas de verano \u2014zuslan, que recuerdan a las dachas rusas\u2014 se alzan entre \u00e1lamos y sauces, ofreciendo barbacoas los fines de semana y alg\u00fan que otro caballo de pastor pastando al final del d\u00eda.<\/p>\n\n\n\n<p>El transporte p\u00fablico sustenta una ciudad con m\u00e1s de 660.000 veh\u00edculos registrados. Predominan los autobuses: 950 veh\u00edculos de diecinueve empresas recorren 105 rutas, transportando a casi medio mill\u00f3n de pasajeros cada d\u00eda. Un sistema de tarifas con tarjeta inteligente &#034;U Money&#034; reemplaz\u00f3 a los revisores en 2015, agilizando los viajes que costaban entre 300 y 500 t\u00f6gr\u00f6g para adultos. Trolebuses y minibuses cubren las plazas vac\u00edas; los taxis oficiales, que ahora suman 372, ocupan paradas marcadas, mientras que los taxis sin licencia y las aplicaciones de transporte como UBCab prosperan en la sombra. El tr\u00e1fico se arrastra por la Avenida de la Paz, Ikh Toiruu, Narnii Zam y la Avenida Chinggis, con velocidades promedio en hora punta por debajo de los 9 km\/h en 2021 y se proyecta que disminuyan a\u00fan m\u00e1s a medida que aumenta la congesti\u00f3n.<\/p>\n\n\n\n<p>Las conexiones ferroviarias conectan Ul\u00e1n Bator con Rusia y China a trav\u00e9s del Ferrocarril Transmongoliano, y cinco helipuertos salpican su horizonte. El Aeropuerto Internacional Gengis Kan, inaugurado en 2021 en Sergelen, provincia de T\u00f6v, sustituy\u00f3 al antiguo aer\u00f3dromo Buyant-Ukhaa. Sus terminales albergan rutas a Europa, Asia Oriental y centros aimag nacionales, conectados a la ciudad mediante autobuses lanzadera y autopistas. Dentro de la ciudad, los planificadores de transporte se enfrentan a las inundaciones; solo el 16 % de las carreteras pavimentadas cuentan con drenaje, lo que convierte los deshielos primaverales en un riesgo de inundaciones en los barrios ger.<\/p>\n\n\n\n<p>Para los visitantes, la practicidad converge con la historia. Abundan los cajeros autom\u00e1ticos: los bancos Golomt y TDB dispensan t\u00f6gr\u00f6g con tarjetas internacionales, aunque aplican comisiones de alrededor del 3%, y solo los cajeros autom\u00e1ticos del aeropuerto aceptan Cirrus. A lo largo de la Avenida de la Paz, las casas de cambio ofrecen tipos de cambio competitivos, mientras que los principales hoteles intercambian moneda a toda hora. La delincuencia se concentra en la periferia: las zonas de ger, los callejones oscuros y los mercados abarrotados exigen vigilancia contra el carterismo; en comparaci\u00f3n, el centro de la ciudad se mantiene relativamente seguro. Ocasionalmente, se producen incidentes xen\u00f3fobos con personas ebrias; la discreci\u00f3n en bares y taxis, y viajar en grupo por la noche, mitigan la mayor parte del riesgo.<\/p>\n\n\n\n<p>En su sexta fase de existencia \u2014la movilidad mon\u00e1stica de 1639-1778; la Urga de la dinast\u00eda Qing de 1778-1924; la Rep\u00fablica Socialista de 1924-1990; la magra d\u00e9cada de 1990; y el crecimiento explosivo desde el a\u00f1o 2000\u2014, Ul\u00e1n Bator revela capas de identidad. Cada estrato deja rastros: cercas de madera que recuerdan los recintos de los templos; pisos de la era sovi\u00e9tica que dan paso a torres de cristal; gers manchados de barro, sombreados por letreros de ne\u00f3n de hoteles. En medio de temperaturas extremas y desigualdad, Ul\u00e1n Bator persiste como el centro neur\u00e1lgico de Mongolia, forjando la modernidad sobre los cimientos de las costumbres n\u00f3madas, el aprendizaje budista y la adaptaci\u00f3n resiliente a las dificultades. Su horizonte, siempre cambiante, refleja las estepas que se extienden m\u00e1s all\u00e1: abierto al cielo, moldeado por el viento y animado por las personas que llaman hogar a este fr\u00edo valle.<\/p>","protected":false},"excerpt":{"rendered":"<p>Ul\u00e1n Bator, la capital y ciudad m\u00e1s grande de Mongolia, tiene una poblaci\u00f3n de 1,6 millones de habitantes y es reconocida como la capital m\u00e1s fr\u00eda del mundo seg\u00fan su temperatura media anual. Esta vibrante ciudad, ubicada en el centro-norte de Mongolia, a una altitud de unos 1300 metros, cuenta con una fascinante historia que se remonta a casi cuatro siglos. Su transformaci\u00f3n, de un centro mon\u00e1stico budista n\u00f3mada a un centro urbano contempor\u00e1neo, refleja el rico patrimonio cultural de Mongolia y su desarrollo como naci\u00f3n.<\/p>","protected":false},"author":1,"featured_media":3043,"parent":15411,"menu_order":0,"comment_status":"closed","ping_status":"closed","template":"elementor_theme","meta":{"_eb_attr":"","footnotes":""},"class_list":["post-15420","page","type-page","status-publish","has-post-thumbnail"],"_links":{"self":[{"href":"https:\/\/travelshelper.com\/es\/wp-json\/wp\/v2\/pages\/15420","targetHints":{"allow":["GET"]}}],"collection":[{"href":"https:\/\/travelshelper.com\/es\/wp-json\/wp\/v2\/pages"}],"about":[{"href":"https:\/\/travelshelper.com\/es\/wp-json\/wp\/v2\/types\/page"}],"author":[{"embeddable":true,"href":"https:\/\/travelshelper.com\/es\/wp-json\/wp\/v2\/users\/1"}],"replies":[{"embeddable":true,"href":"https:\/\/travelshelper.com\/es\/wp-json\/wp\/v2\/comments?post=15420"}],"version-history":[{"count":0,"href":"https:\/\/travelshelper.com\/es\/wp-json\/wp\/v2\/pages\/15420\/revisions"}],"up":[{"embeddable":true,"href":"https:\/\/travelshelper.com\/es\/wp-json\/wp\/v2\/pages\/15411"}],"wp:featuredmedia":[{"embeddable":true,"href":"https:\/\/travelshelper.com\/es\/wp-json\/wp\/v2\/media\/3043"}],"wp:attachment":[{"href":"https:\/\/travelshelper.com\/es\/wp-json\/wp\/v2\/media?parent=15420"}],"curies":[{"name":"wp","href":"https:\/\/api.w.org\/{rel}","templated":true}]}}