{"id":15257,"date":"2024-09-20T20:15:15","date_gmt":"2024-09-20T20:15:15","guid":{"rendered":"https:\/\/travelshelper.com\/staging\/?page_id=15257"},"modified":"2026-03-11T19:09:36","modified_gmt":"2026-03-11T19:09:36","slug":"manila","status":"publish","type":"page","link":"https:\/\/travelshelper.com\/es\/destinations\/asia\/philippines\/manila\/","title":{"rendered":"Manila"},"content":{"rendered":"<p>Manila se erige a la vez como el coraz\u00f3n pol\u00edtico de Filipinas y un testimonio de la tenacidad humana en un contexto de cambio constante. Designada oficialmente como la Ciudad de Manila, reclama su estatus de capital y es la segunda ciudad m\u00e1s poblada, solo superada por Ciudad Quez\u00f3n (1.846.513 habitantes registrados en 2020). Sin embargo, constituye el l\u00edmite urbano legal m\u00e1s densamente habitado del planeta, con m\u00e1s de 43.600 habitantes por kil\u00f3metro cuadrado. Bordeada por la bah\u00eda de Manila, en la costa occidental de Luz\u00f3n, se encuentra entre las regiones m\u00e1s ricas del Sudeste Asi\u00e1tico, y su historia comercial, que se extiende a trav\u00e9s del Pac\u00edfico, la convierte en una de las ciudades globales originales del mundo.<\/p>\n\n\n\n<p>El n\u00facleo de Manila se asienta sobre los dep\u00f3sitos aluviales del r\u00edo P\u00e1sig, cuyas aguas dividen la ciudad en dos mitades, norte y sur, antes de desembocar en la bah\u00eda. A lo largo de los siglos, la l\u00ednea costera se ha expandido mediante extensos proyectos de recuperaci\u00f3n de tierras \u2014algunos realizados, otros solo propuestos\u2014 para dar cabida a una metr\u00f3polis que en 2013 abarcaba tan solo 42,88 kil\u00f3metros cuadrados. En 2017, los planes para la construcci\u00f3n de casi 1350 hect\u00e1reas de nuevos terrenos a lo largo del paseo mar\u00edtimo promet\u00edan nuevas zonas residenciales y comerciales; sin embargo, los defensores del medio ambiente advierten que estas iniciativas podr\u00edan poner en peligro a comunidades ya vulnerables a las inundaciones, incluso mientras Filipinas y los Pa\u00edses Bajos elaboran conjuntamente un plan maestro de desarrollo sostenible para la bah\u00eda de Manila.<\/p>\n\n\n\n<p>Mucho antes de que los galeones espa\u00f1oles navegaran entre Acapulco e Intramuros, un estado tagalo fortificado llamado Maynila custodiaba esta ensenada. Su \u00faltimo gobernante, el raj\u00e1 Sulayman, cay\u00f3 en 1571 en el arroyo Bangkusay, allanando el camino para que Miguel L\u00f3pez de Legazpi estableciera las fortificaciones de piedra de Intramuros. Bajo el dominio espa\u00f1ol, Manila fue la capital de las Indias Orientales, administrada desde la Ciudad de M\u00e9xico, y se convirti\u00f3 en un eje central de la primera red ininterrumpida de comercio global. En 1901 se convirti\u00f3 en la primera ciudad con estatuto oficial del pa\u00eds; en 1949 obtuvo la autonom\u00eda bajo la Carta Revisada de la Ciudad de Manila.<\/p>\n\n\n\n<p>Dentro de su reducido territorio, Manila comprende 897 barangays agrupados en 100 zonas estad\u00edsticas y seis distritos electorales. El Distrito I (441.282 habitantes) abarca la zona oeste de Tondo, que antiguamente albergaba el extenso vertedero de las Monta\u00f1as Humeantes y ahora alberga viviendas de mediana altura, as\u00ed como las principales terminales portuarias del norte de la ciudad. El Distrito II (212.938 habitantes) abarca la zona este de Tondo y comprende las laber\u00ednticas calles comerciales de Divisoria. El centro de Manila (Binondo, Quiapo, San Nicol\u00e1s y Santa Cruz) conforma el Distrito III (220.029 habitantes), donde Binondo ostenta el t\u00edtulo del barrio chino m\u00e1s antiguo del mundo. Sampaloc y el &#034;Cintur\u00f3n Universitario&#034; conforman el Distrito IV (277.013 habitantes), sede de la Universidad de Santo Tom\u00e1s, la universidad m\u00e1s antigua de Asia a\u00fan en funcionamiento, fundada en 1611. El Distrito V (395.065 habitantes) alberga el propio Intramuros, junto con Ermita y Malate, con la Iglesia de San Agust\u00edn, declarada Patrimonio de la Humanidad por la UNESCO, y la Catedral de Manila. Finalmente, el Distrito VI (300.186 habitantes) se extiende hasta Santa Ana, donde iglesias del siglo XVIII y mansiones ancestrales evocan tiempos m\u00e1s tranquilos.<\/p>\n\n\n\n<p>Aferrada al ecuador, Manila experimenta altas temperaturas durante todo el a\u00f1o, y su temperatura rara vez baja de los 19 \u00b0C ni sube de los 39 \u00b0C. Un breve per\u00edodo seco de diciembre a abril da paso a una prolongada temporada de lluvias (la temporada de tifones se extiende de junio a septiembre) y las lluvias, aunque intensas, rara vez persisten todo el d\u00eda. Sin embargo, a pesar de formar parte de una regi\u00f3n famosa por su biodiversidad (desde manglares hasta arrecifes de coral), los espacios verdes dentro del tejido urbano siguen siendo escasos. En 2007, Manila ofrec\u00eda solo 4,5 m\u00b2 de zonas verdes por persona, muy por debajo de la recomendaci\u00f3n de la OMS de 9 m\u00b2. El Parque Forestal Arroceros, un enclave de 2,2 hect\u00e1reas de \u00e1rboles nativos y h\u00e1bitat para aves junto al r\u00edo P\u00e1sig, perdura como el &#034;\u00faltimo pulm\u00f3n&#034; de la ciudad.<\/p>\n\n\n\n<p>En 1905, el plan &#034;City Beautiful&#034; de Daniel Burnham pretend\u00eda construir amplias avenidas y plazas formales en el antiguo barrio espa\u00f1ol. Sin embargo, la devastaci\u00f3n de 1945, cuando las fuerzas japonesas y estadounidenses arrasaron gran parte del entorno construido, borr\u00f3 muchas de esas aspiraciones. Intramuros sufri\u00f3 graves p\u00e9rdidas; solo unas pocas estructuras pudieron reconstruirse. Hoy, modernos rascacielos se entremezclan con las catedrales restauradas de la Ciudad Amurallada, mientras que los defensores del patrimonio presionan para rehabilitar las fachadas neocl\u00e1sicas de la calle Escolta y revitalizar las joyas coloniales olvidadas. Los arquitectos de la \u00e9poca espa\u00f1ola idearon formas de &#034;barroco s\u00edsmico&#034; (muros gruesos y perfiles bajos) que en su d\u00eda frustraron los terremotos; las normativas contempor\u00e1neas exigen ahora resiliencia hasta terremotos de magnitud 8.2.<\/p>\n\n\n\n<p>La gente de Manila refleja siglos de mestizaje. Si bien el 72,7 % de los individuos muestreados presenta rasgos del este, sur o sudeste asi\u00e1tico, estudios antropol\u00f3gicos se\u00f1alan mezcla africana (4,5 %), europea (2,7 %), ind\u00edgena americana (7,3 %) e hispana (12,7 %). La ciudad sigue siendo mayoritariamente cristiana; en 2010, el 93,5 % de los residentes se identificaba como cat\u00f3lico romano. Sin embargo, ecos de creencias isl\u00e1micas, budistas e ind\u00edgenas se entretejen en los festivales y rituales comunitarios de Manila.<\/p>\n\n\n\n<p>Como principal centro financiero, comercial, tur\u00edstico, de medios de comunicaci\u00f3n y de servicios del pa\u00eds, Manila alberga unas 60.000 empresas. Su PIB, estimado en \u20b1987.880 millones en 2023, representa el 15 % de la producci\u00f3n econ\u00f3mica de Metro Manila. El Consejo Nacional de Competitividad la clasifica constantemente entre las tres mejores ciudades del pa\u00eds, gracias a su s\u00f3lida infraestructura, su din\u00e1mica gobernanza y sus eficientes servicios p\u00fablicos. El turismo atrae a m\u00e1s de un mill\u00f3n de visitantes al a\u00f1o, deseosos de explorar Intramuros, el Parque Rizal, Binondo y m\u00e1s.<\/p>\n\n\n\n<p>El Parque Rizal, con una extensi\u00f3n de 58 hect\u00e1reas, conmemora la ejecuci\u00f3n del h\u00e9roe nacional filipino y marca el &#034;Kil\u00f3metro Cero&#034; de las distancias por carretera en todo el pa\u00eds. Las estrechas calles de Intramuros llevan a los visitantes a la catedral restaurada y a conventos centenarios, a menudo en calesa tirada por caballos. La mezcla de templos chinos, arcos y casas de fideos de Binondo ofrece una cr\u00f3nica viviente de las familias de comerciantes cuyos antepasados \u200b\u200bllegaron en 1521. Los museos, desde el Complejo del Museo Nacional en el Parque Rizal hasta espacios especializados como Bahay Tsinoy y el Museo de Luz y Sonido de Intramuros, exploran el arte, la antropolog\u00eda y la historia revolucionaria.<\/p>\n\n\n\n<p>Las calles de Manila conservan el legado del ingenio de la posguerra: los jeepneys, adaptados de los jeeps militares estadounidenses sobrantes, siguen siendo omnipresentes junto a sus modernos sustitutos, los triciclos el\u00e9ctricos. Triciclos y bicitaxis circulan por carriles m\u00e1s estrechos; carritos tirados a mano se deslizan por v\u00edas f\u00e9rreas en desuso en recorridos angustiosos y sin regulaci\u00f3n. El sistema LRT (l\u00edneas 1 y 2) fue pionero en el ferrocarril urbano en el Sudeste Asi\u00e1tico en la d\u00e9cada de 1970 y contin\u00faa su expansi\u00f3n gradual. Un solitario tren de cercan\u00edas conecta la estaci\u00f3n de Tutuban con la provincia de Laguna, mientras que el ferry fluvial de Pasig ofrece una ruta fluvial alternativa. Sin embargo, la congesti\u00f3n del tr\u00e1fico sigue siendo notoria; TomTom clasific\u00f3 a Manila en segundo lugar a nivel mundial en cuanto a atascos en 2019, y los sucesivos planes de infraestructura (desde nuevos viaductos hasta el Ferrocarril de Cercan\u00edas Norte-Sur) a\u00fan no han proporcionado un alivio acorde con la demanda.<\/p>\n\n\n\n<p>Los frecuentes tifones, los terremotos severos y la subida del nivel del mar convierten a Manila en una de las ciudades m\u00e1s expuestas a desastres del mundo, aunque se encuentra entre los centros urbanos de m\u00e1s r\u00e1pido crecimiento del Sudeste Asi\u00e1tico. Iniciativas gubernamentales, como el Plan Sue\u00f1o de Metro Manila de 2014, definen proyectos prioritarios hasta 2030 para impulsar el transporte, la vivienda y la resiliencia ambiental. La recuperaci\u00f3n de tierras, aunque controvertida, busca abastecer los bienes inmuebles tan necesarios, mientras que los programas de distribuci\u00f3n de triciclos el\u00e9ctricos buscan modernizar el transporte local de forma sostenible.<\/p>\n\n\n\n<p>Considerar Manila \u00fanicamente a trav\u00e9s de la lente de la congesti\u00f3n, la contaminaci\u00f3n o la devastaci\u00f3n hist\u00f3rica es ignorar su car\u00e1cter perdurable. En sus intrincados callejones y relucientes torres se esconden historias de imperio y resistencia, de ingeniosa adaptaci\u00f3n y fusi\u00f3n cultural. La ciudad en s\u00ed puede situarse en la periferia de una expansi\u00f3n metropolitana multipolar \u2014Ciudad Quez\u00f3n y Makati a menudo la eclipsan en comercio y vida nocturna\u2014, pero Manila sigue siendo la cuna del patrimonio filipino. Sus iglesias, casas ancestrales, museos y parques invitan a una comprensi\u00f3n m\u00e1s profunda de la narrativa de una naci\u00f3n. Quienes se detienen en medio del bullicio pueden discernir la sutil interacci\u00f3n entre pasado y presente que define este lugar: una ciudad que insiste en ser vivida, en lugar de simplemente observada.<\/p>","protected":false},"excerpt":{"rendered":"<p>Manila, la capital y la segunda ciudad m\u00e1s poblada de Filipinas, ten\u00eda una poblaci\u00f3n de 1.846.513 habitantes en 2020, lo que la convierte en la ciudad con mayor densidad de poblaci\u00f3n del mundo, con 71.263 habitantes por kil\u00f3metro cuadrado. Esta vibrante ciudad, ubicada en la costa oriental de la bah\u00eda de Manila, en la isla de Luz\u00f3n, posee una profunda historia y un presente din\u00e1mico, lo que la consolida como un centro neur\u00e1lgico de la cultura, los negocios y la administraci\u00f3n filipinas.<\/p>","protected":false},"author":1,"featured_media":2913,"parent":15241,"menu_order":0,"comment_status":"closed","ping_status":"closed","template":"elementor_theme","meta":{"_eb_attr":"","footnotes":""},"class_list":["post-15257","page","type-page","status-publish","has-post-thumbnail"],"_links":{"self":[{"href":"https:\/\/travelshelper.com\/es\/wp-json\/wp\/v2\/pages\/15257","targetHints":{"allow":["GET"]}}],"collection":[{"href":"https:\/\/travelshelper.com\/es\/wp-json\/wp\/v2\/pages"}],"about":[{"href":"https:\/\/travelshelper.com\/es\/wp-json\/wp\/v2\/types\/page"}],"author":[{"embeddable":true,"href":"https:\/\/travelshelper.com\/es\/wp-json\/wp\/v2\/users\/1"}],"replies":[{"embeddable":true,"href":"https:\/\/travelshelper.com\/es\/wp-json\/wp\/v2\/comments?post=15257"}],"version-history":[{"count":0,"href":"https:\/\/travelshelper.com\/es\/wp-json\/wp\/v2\/pages\/15257\/revisions"}],"up":[{"embeddable":true,"href":"https:\/\/travelshelper.com\/es\/wp-json\/wp\/v2\/pages\/15241"}],"wp:featuredmedia":[{"embeddable":true,"href":"https:\/\/travelshelper.com\/es\/wp-json\/wp\/v2\/media\/2913"}],"wp:attachment":[{"href":"https:\/\/travelshelper.com\/es\/wp-json\/wp\/v2\/media?parent=15257"}],"curies":[{"name":"wp","href":"https:\/\/api.w.org\/{rel}","templated":true}]}}