{"id":15155,"date":"2024-09-20T16:49:54","date_gmt":"2024-09-20T16:49:54","guid":{"rendered":"https:\/\/travelshelper.com\/staging\/?page_id=15155"},"modified":"2026-03-11T13:16:04","modified_gmt":"2026-03-11T13:16:04","slug":"yakarta","status":"publish","type":"page","link":"https:\/\/travelshelper.com\/es\/destinations\/asia\/indonesia\/jakarta\/","title":{"rendered":"Yakarta"},"content":{"rendered":"<p>Yakarta ocupa una estrecha franja de la costa noroeste de Java, pero su presencia se extiende mucho m\u00e1s all\u00e1 de sus 661 kil\u00f3metros cuadrados. Como Regi\u00f3n Capital Especial de Indonesia, la ciudad funciona simult\u00e1neamente como provincia, centro neur\u00e1lgico de la naci\u00f3n y sede diplom\u00e1tica de la ASEAN. Sus or\u00edgenes se remontan a un modesto puesto comercial de Sunda Kelapa en el siglo IV; hoy en d\u00eda, abarca una extensa aglomeraci\u00f3n urbana que alberga a m\u00e1s de treinta millones de personas. Sin embargo, bajo sus relucientes torres y su ritmo fren\u00e9tico se esconde una red de historias, geograf\u00edas, desaf\u00edos y comunidades que se resisten a cualquier descripci\u00f3n simple. Este art\u00edculo ofrece una visi\u00f3n de Yakarta como lugar y como proceso: una metr\u00f3polis impulsada por el comercio y la cultura, moldeada por el agua y la tierra, y unida por el trabajo de innumerables migrantes de todo el archipi\u00e9lago.<\/p>\n\n\n\n<p>Mucho antes de que los barcos holandeses anclaran en el puerto de Batavia, el puerto de Sunda Kelapa serv\u00eda las rutas mar\u00edtimas del Reino de la Sonda. Cargados de pimienta, nuez moscada y esta\u00f1o, los barcos se mov\u00edan entre Sumatra, Java y la extensa red comercial del Oc\u00e9ano \u00cdndico. Para el siglo XVII, la ciudad se conoc\u00eda como Batavia bajo la Compa\u00f1\u00eda Holandesa de las Indias Orientales, funcionando como la capital de facto del estado colonial. La red de canales, fuertes y almacenes a dos aguas de Batavia recordaba a R\u00f3terdam y \u00c1msterdam, pero el clima, la exuberante vegetaci\u00f3n y las lluvias tropicales le otorgaban un car\u00e1cter inconfundible.<\/p>\n\n\n\n<p>En 1949, tras siglos de dominio extranjero, la ciudad adopt\u00f3 el nombre de Yakarta y asumi\u00f3 su funci\u00f3n de capital nacional de la reci\u00e9n independizada Rep\u00fablica de Indonesia. Su estatus oficial cambi\u00f3 en 1960, cuando el municipio fue elevado a provincia con distinci\u00f3n especial de regi\u00f3n capital (Daerah Khusus Ibukota Yakarta). A diferencia de otras provincias, el gobierno de Yakarta administra cinco kotas (ciudades administrativas) y un kabupaten (regencia administrativa), mientras que el archipi\u00e9lago de las Mil Islas constituye una extensi\u00f3n mar\u00edtima de la regi\u00f3n.<\/p>\n\n\n\n<p>Los l\u00edmites de Yakarta est\u00e1n definidos tanto por las fronteras provinciales como por las costas cambiantes. Al sur y al este se encuentra Java Occidental, mientras que Banten limita con su flanco occidental. Mar adentro, el mar de Java ba\u00f1a la bah\u00eda de Yakarta, y el distrito comparte fronteras mar\u00edtimas con la provincia de Lampung. Su territorio continental se asienta en la desembocadura del r\u00edo Ciliwung, que drena las tierras altas de Puncak al sur. Trece r\u00edos atraviesan la ciudad hacia el norte \u2014entre ellos el Angke, el Pesanggrahan, el Sunter y el Krukut\u2014 y convergen hacia el nivel del mar en una extensa llanura aluvial. Gran parte del norte de Yakarta se encuentra a nivel del mar o por debajo de \u00e9l, hist\u00f3ricamente salpicado de extensos pantanos. Las marismas recuperadas han albergado bloques de apartamentos, almacenes y autopistas, pero esta expansi\u00f3n conlleva un alto coste.<\/p>\n\n\n\n<p>Es aqu\u00ed, en terrenos bajos acosados \u200b\u200bpor el cambio clim\u00e1tico y la sobreexplotaci\u00f3n de los acu\u00edferos, donde Yakarta se enfrenta a su mayor peligro ambiental. La extracci\u00f3n excesiva de agua subterr\u00e1nea ha dejado a gran parte de la ciudad vulnerable a hundimientos a tasas de cinco a diez cent\u00edmetros por a\u00f1o (hasta diecisiete cent\u00edmetros en partes del norte de Yakarta) y ha agravado las inundaciones costeras por la subida de las mareas. Las fuertes lluvias en la estaci\u00f3n h\u00fameda, combinadas con la obstrucci\u00f3n de los canales de drenaje, desencadenan inundaciones repentinas que perturban la vida y el comercio. En respuesta, se ha estado construyendo un ambicioso dique circular &#034;garis besar&#034;, conocido popularmente como el Gran Malec\u00f3n, alrededor de la bah\u00eda de Yakarta, dise\u00f1ado tanto para contener el agua de mar como para albergar una autopista de peaje en la parte superior. Los proyectos complementarios incluyen t\u00faneles subterr\u00e1neos que unen los canales Ciliwung y East Flood, nuevas presas r\u00edo arriba en Ciawi (Bogor) y cuencas de retenci\u00f3n gestionadas. En conjunto, estas medidas buscan frenar el avance del agua, pero las fuerzas subyacentes del hundimiento del terreno exigen ajustes en la forma en que la ciudad obtiene su agua. Las lecciones de Tokio y Shangh\u00e1i sugieren que reducir el bombeo ilegal y optar por el suministro superficial puede frenar el hundimiento; el \u00e9xito de Yakarta en su implementaci\u00f3n determinar\u00e1 si sus cimientos se mantienen firmes.<\/p>\n\n\n\n<p>Situada justo al sur del ecuador, Yakarta disfruta de un clima tropical monz\u00f3nico. La temporada de lluvias se extiende de octubre a mayo, con precipitaciones torrenciales en enero (con un promedio mensual cercano a los 300 mil\u00edmetros) y un respiro relativo en agosto, cuando las precipitaciones bajan de los 50 mil\u00edmetros. Las tormentas vespertinas son comunes durante los meses lluviosos, impulsadas por los vientos cargados de humedad que atraviesan las tierras altas del sur de Java. Las temperaturas rondan los 32 \u00b0C durante el d\u00eda y se suavizan hasta los 25 \u00b0C por la noche; las temperaturas extremas han oscilado entre m\u00ednimos hist\u00f3ricos de alrededor de 19 \u00b0C y m\u00e1ximos cercanos a los 38 \u00b0C. Las temperaturas de la superficie del mar siguen un ciclo sutil, desde aproximadamente 26,5 \u00b0C en los meses secos m\u00e1s intensos hasta casi 29,5 \u00b0C al final de la temporada de lluvias. La calidad del aire var\u00eda notablemente: los contaminantes se acumulan durante los meses secos de agosto a diciembre, ya que la reducci\u00f3n del lavado permite que las part\u00edculas y las emisiones persistan.<\/p>\n\n\n\n<p>Yakarta propiamente dicha abarca 661,23 km\u00b2, pero su influencia se extiende a los 7076 km\u00b2 de la Gran Yakarta, o &#034;Jabodetabek&#034;, que incluye Bogor, Depok, Tangerang, Tangerang Sur y Bekasi. Esta megaciudad se sit\u00faa como la segunda \u00e1rea urbana m\u00e1s grande del mundo despu\u00e9s de Tokio, con unos 32,6 millones de habitantes en 2022. Su densidad de poblaci\u00f3n supera las ocho mil personas por kil\u00f3metro cuadrado en los distritos centrales y disminuye gradualmente hacia las zonas suburbanas.<\/p>\n\n\n\n<p>Yakarta personifica el mosaico \u00e9tnico de Indonesia. Ning\u00fan grupo se proclama mayoritario. Seg\u00fan el censo de 2010, los javaneses representan aproximadamente el 36 % de la poblaci\u00f3n, los betawi \u2014una comunidad criolla cuyas ra\u00edces se remontan a sucesivas oleadas migratorias\u2014 representan alrededor del 28 %, los sundaneses el 15 %, y los chino-indonesios, batak, minangkabau y otros completan el resto. La afiliaci\u00f3n religiosa refleja esta diversidad: en 2024, el islam prevalec\u00eda con el 83,8 %, seguido de los protestantes (8,6 %), los cat\u00f3licos (3,9 %), los budistas (3,5 %), los hind\u00faes (0,2 %), los confucianistas (0,02 %) y un peque\u00f1o n\u00famero de fieles de creencias ind\u00edgenas.<\/p>\n\n\n\n<p>El atractivo de la ciudad se debe tanto a la esperanza econ\u00f3mica como a su legado hist\u00f3rico. Migrantes de todo el archipi\u00e9lago llegan en busca de empleo, educaci\u00f3n y la promesa de una mejor calidad de vida. Este dinamismo demogr\u00e1fico ha convertido a Yakarta en un crisol de la jerga, la gastronom\u00eda y las costumbres indonesias. El malayo betawi, con matices de pr\u00e9stamos del holand\u00e9s, el portugu\u00e9s, el sundan\u00e9s y el hokkien, forma un dialecto urbano \u2014transmitido a trav\u00e9s de la m\u00fasica, los vendedores ambulantes y los medios de comunicaci\u00f3n populares\u2014 que resuena mucho m\u00e1s all\u00e1 de los l\u00edmites de Yakarta.<\/p>\n\n\n\n<p>La econom\u00eda de Yakarta es la mayor de la ASEAN despu\u00e9s de Singapur y el centro vital del PIB interno de Indonesia. En 2023, su PIB en paridad de poder adquisitivo se acerc\u00f3 a los 724\u00a0000 millones de d\u00f3lares. La ciudad alberga la sede del Banco de Indonesia, la Bolsa de Valores de Indonesia y las principales empresas estatales del pa\u00eds \u2014Pertamina, PLN y Telkomsel\u2014, junto con conglomerados como Salim Group, Astra International y Sinar Mas. La industria manufacturera prospera en los sectores de la electr\u00f3nica, los componentes automotrices, la qu\u00edmica y las ciencias biom\u00e9dicas, mientras que el sector servicios abarca la banca, las finanzas, los medios de comunicaci\u00f3n y el turismo.<\/p>\n\n\n\n<p>El producto regional bruto per c\u00e1pita sigue en aumento. Las proyecciones del Centro Japon\u00e9s de Investigaci\u00f3n Econ\u00f3mica prev\u00e9n que el producto per c\u00e1pita de Yakarta aumente del cuadrag\u00e9simo primer lugar en 2015 al vig\u00e9simo octavo entre 77 ciudades globales para 2030. El \u00cdndice Ceoworld ha clasificado a Yakarta en el puesto 21 en influencia econ\u00f3mica global (2020), y el \u00cdndice Savills Resilient Cities predice su inclusi\u00f3n entre las veinte ciudades m\u00e1s importantes del mundo para 2028. Solo los centros comerciales cubren m\u00e1s de 550 hect\u00e1reas: distritos comerciales del tama\u00f1o de Europa que incluyen Grand Indonesia, Plaza Senayan, Pacific Place y Mall Taman Anggrek. Los mercados tradicionales siguen siendo vitales: Tanah Abang para textiles, Jalan Surabaya para antig\u00fcedades, Rawabening para piedras preciosas. En 2023, las visitas entrantes alcanzaron casi los dos millones de turistas extranjeros, y Yakarta sirvi\u00f3 frecuentemente como puerta de entrada a Bali, Yogyakarta y Komodo.<\/p>\n\n\n\n<p>El horizonte de Yakarta es un palimpsesto de \u00e9pocas. Edificios de la \u00e9poca colonial se agrupan en el casco antiguo (Kota Tua) y los distritos centrales: el Stadhuis (ayuntamiento), el Edificio de Arte de Yakarta, dise\u00f1ado por JC Schultze, y los museos Mandiri y Bank Indonesia, de Eduard Cuypers. Los estilos van del neorrenacimiento al art d\u00e9co, con el barrio de Menteng \u2014dise\u00f1ado por la empresa Bouwploeg de PAJ Moojen\u2014 como un ejemplo temprano de planificaci\u00f3n modernista tropical.<\/p>\n\n\n\n<p>Los proyectos monumentales del presidente Sukarno en la d\u00e9cada de 1960 buscaron recuperar la identidad nacional a trav\u00e9s de la forma construida. El Monumento Nacional (Monas), un obelisco de 132 metros coronado por una llama dorada, encabeza la Plaza Merdeka. Cerca se alza una fuente-escultura del carro de Arjuna, que evoca un legado \u00e9pico. La Mezquita Istiqlal y la Catedral de Yakarta se encuentran a una distancia considerable, lo que demuestra el compromiso de Indonesia con el pluralismo. La estatua Selamat Datang (\u00abBienvenido\u00bb) de Edhi Sunarso marca la rotonda del Hotel Indonesia en la Avenida Thamrin.<\/p>\n\n\n\n<p>Bajo la administraci\u00f3n de Suharto y las posteriores, se levantaron rascacielos en el Tri\u00e1ngulo de Oro: Wisma 46 (262 m), Autograph Tower (383 m) y el Estadio Internacional de Yakarta, entre otros. Para 2025, ochenta y ocho torres superaban los 150 m, lo que situ\u00f3 a Yakarta entre las diez mejores del mundo. Las casas tradicionales Betawi se conservan en algunos rincones del antiguo kampung, con techos inspirados en el joglo y estructuras de madera de nangka que evocan los ritmos de vida de anta\u00f1o.<\/p>\n\n\n\n<p>Las v\u00edas p\u00fablicas de Yakarta llevan la impronta de la hegemon\u00eda del veh\u00edculo privado: una red de circunvalaciones interiores y exteriores se extiende a trav\u00e9s de cinco arterias de peaje, mientras que los atascos de tr\u00e1fico durante todo el d\u00eda definen las horas punta. El sistema de placas &#034;pares-impares&#034; restringe el uso de veh\u00edculos a d\u00edas alternos como medida provisional contra la congesti\u00f3n. Los esfuerzos para que los viajeros del coche al transporte p\u00fablico hayan dado resultados. El sistema de transporte r\u00e1pido de autobuses de TransJakarta, reconocido con un Premio Internacional de Transporte Sostenible en 2021, opera junto con el MRT, el LRT, la l\u00ednea de cercan\u00edas KRL, el LRT de Jabodebek y el enlace ferroviario con el aeropuerto. En septiembre de 2023, la cobertura del transporte p\u00fablico alcanzaba el 86 % de la ciudad, con un objetivo del 95 %. El n\u00famero de pasajeros diarios ronda los 2,6 millones.<\/p>\n\n\n\n<p>Los modos de transporte complementarios incluyen microbuses (angkot), rutas de minib\u00fas (Minitrans, Metrotrans), autorickshaws Bajaj y taxis basados \u200b\u200ben aplicaciones. Los bicitaxis han sido prohibidos por obstaculizar el tr\u00e1fico. Una modesta red de carriles bici \u2014sesenta y tres kil\u00f3metros a mediados de 2021, con cien kil\u00f3metros adicionales previstos\u2014 indica una adopci\u00f3n de la movilidad activa. El principal puerto mar\u00edtimo de Tanjung Priok despacha buques portacontenedores y transbordadores; el Sunda Kelapa del casco antiguo atraca los barcos de madera pinisi que a\u00fan operan rutas interinsulares. El Aeropuerto Internacional Soekarno-Hatta conecta Yakarta con el resto del mundo, mientras que Halim Perdanakusuma y otros aer\u00f3dromos m\u00e1s peque\u00f1os prestan servicio a vuelos nacionales y privados.<\/p>\n\n\n\n<p>Recorrer Yakarta a menudo exige estrategias que van m\u00e1s all\u00e1 del GPS. Muchas calles tienen nombres id\u00e9nticos en distritos distantes; los callejones que salen de las arterias principales aparecen solo en n\u00fameros romanos. Una direcci\u00f3n como &#034;Jl. Mangga Besar VIII\/21&#034; designa el edificio n.\u00b0 21 en el callej\u00f3n VIII de la carretera Mangga Besar. La pr\u00e1ctica local considera que un letrero frente al viajero indica la calle que se acerca, en lugar de la que cruza. Los grupos de complejos residenciales cerrados pueden burlar esta l\u00f3gica, exigiendo el conocimiento de la urbanizaci\u00f3n, adem\u00e1s del c\u00f3digo postal. En caso de duda, los residentes se basan en puntos de referencia: vallas publicitarias, colores de las vallas, edificios destacados o los conductores de ojek (mototaxis), cuyas rutas locales recorren la red de carriles de los kampung.<\/p>\n\n\n\n<p>Yakarta se encuentra en una encrucijada. En agosto de 2019, el presidente Joko Widodo anunci\u00f3 planes para trasladar la capital nacional a Nusantara, en Kalimantan Oriental. La medida, aprobada por la Asamblea Consultiva Popular el 18 de enero de 2022, busca aliviar la carga administrativa de Yakarta y permitir inversiones focalizadas en el uso del suelo, el medio ambiente y la infraestructura. Sin embargo, el gobierno se ha comprometido a invertir m\u00e1s de 40\u00a0000 millones de d\u00f3lares para salvar la ciudad actual: mejorar el drenaje, ampliar el transporte p\u00fablico, regular la extracci\u00f3n de aguas subterr\u00e1neas y restaurar la calidad ambiental.<\/p>\n\n\n\n<p>Este doble compromiso \u2014la b\u00fasqueda de una nueva capital y el fortalecimiento de la antigua\u2014 refleja la doble identidad de Yakarta como sede de la naci\u00f3n y metr\u00f3polis activa. Su futuro depende de armonizar el crecimiento con la resiliencia: preservar el patrimonio cultural incluso con la construcci\u00f3n de nuevas torres; priorizar la movilidad en torno a los medios de transporte p\u00fablicos en lugar del coche; alinear la demanda de agua de la ciudad con fuentes sostenibles; y adaptar sus distritos de baja altitud a una costa cambiante. Si se cumplen estos objetivos, Yakarta podr\u00eda mantener su posici\u00f3n como centro indispensable de Indonesia, un complemento inestable pero indeleble al orden planificado de Nusantara.<\/p>\n\n\n\n<p>La historia de Yakarta se compone de m\u00faltiples capas: geol\u00f3gica, hist\u00f3rica, social y pol\u00edtica. Es un lugar donde los r\u00edos se encuentran con el mar, donde siglos de comercio se mezclan con las finanzas modernas, y donde diversas comunidades forjan una identidad urbana tanto local como cosmopolita. Sus calles vibran con el tr\u00e1fico, su horizonte se extiende hacia el comercio, y sus habitantes se enfrentan a diario a los desaf\u00edos clim\u00e1ticos y ambientales. Sin embargo, en los momentos de respiro \u2014con la suave luz del amanecer en la plaza Merdeka, a lo largo de los pasillos sombreados de los antiguos bungalows de Menteng, en el bullicio de un pasar que vende especias o telas\u2014 se vislumbra la textura de la vida que perdura. Conocer Yakarta es apreciar sus contradicciones y continuidades, reconocer sus fragilidades y su fuerza, y reconocer que, incluso cuando cambia, permanece inconfundiblemente ella misma.<\/p>","protected":false},"excerpt":{"rendered":"<p>Yakarta, la capital y ciudad m\u00e1s poblada de Indonesia, es una metr\u00f3polis vibrante con una poblaci\u00f3n estimada de m\u00e1s de 10,6 millones de habitantes dentro de sus l\u00edmites administrativos. Ubicada estrat\u00e9gicamente en la costa noroeste de Java, la isla m\u00e1s poblada del mundo, Yakarta funciona como el n\u00facleo de la actividad pol\u00edtica, econ\u00f3mica y cultural de Indonesia. Este din\u00e1mico centro metropolitano, designado formalmente como la Regi\u00f3n Capital Especial de Yakarta (Daerah Khusus Ibukota Yakarta o DKI Yakarta), goza de un estatus distintivo comparable al de una provincia en el marco administrativo indonesio.<\/p>","protected":false},"author":1,"featured_media":3518,"parent":15149,"menu_order":0,"comment_status":"closed","ping_status":"closed","template":"elementor_theme","meta":{"_eb_attr":"","footnotes":""},"class_list":["post-15155","page","type-page","status-publish","has-post-thumbnail"],"_links":{"self":[{"href":"https:\/\/travelshelper.com\/es\/wp-json\/wp\/v2\/pages\/15155","targetHints":{"allow":["GET"]}}],"collection":[{"href":"https:\/\/travelshelper.com\/es\/wp-json\/wp\/v2\/pages"}],"about":[{"href":"https:\/\/travelshelper.com\/es\/wp-json\/wp\/v2\/types\/page"}],"author":[{"embeddable":true,"href":"https:\/\/travelshelper.com\/es\/wp-json\/wp\/v2\/users\/1"}],"replies":[{"embeddable":true,"href":"https:\/\/travelshelper.com\/es\/wp-json\/wp\/v2\/comments?post=15155"}],"version-history":[{"count":0,"href":"https:\/\/travelshelper.com\/es\/wp-json\/wp\/v2\/pages\/15155\/revisions"}],"up":[{"embeddable":true,"href":"https:\/\/travelshelper.com\/es\/wp-json\/wp\/v2\/pages\/15149"}],"wp:featuredmedia":[{"embeddable":true,"href":"https:\/\/travelshelper.com\/es\/wp-json\/wp\/v2\/media\/3518"}],"wp:attachment":[{"href":"https:\/\/travelshelper.com\/es\/wp-json\/wp\/v2\/media?parent=15155"}],"curies":[{"name":"wp","href":"https:\/\/api.w.org\/{rel}","templated":true}]}}