{"id":14902,"date":"2024-09-20T11:59:04","date_gmt":"2024-09-20T11:59:04","guid":{"rendered":"https:\/\/travelshelper.com\/staging\/?page_id=14902"},"modified":"2026-03-11T17:38:30","modified_gmt":"2026-03-11T17:38:30","slug":"aomori","status":"publish","type":"page","link":"https:\/\/travelshelper.com\/es\/destinations\/asia\/japan\/aomori\/","title":{"rendered":"Aomori"},"content":{"rendered":"<p>La ciudad de Aomori ocupa el extremo norte de Honshu, con vistas a un brazo de la bah\u00eda de Mutsu conocido como bah\u00eda de Aomori. Con una extensi\u00f3n de unos 825 kil\u00f3metros cuadrados, su terreno se extiende desde la llanura de Aomori hasta las estribaciones de las cordilleras Hakk\u014dda e Higashidake. Dos r\u00edos \u2014el Komagome y su afluente, el Arakawa\u2014 atraviesan la ciudad, creando canales a trav\u00e9s de granjas y suburbios antes de desembocar en el mar. Este variado paisaje, junto con una red de parques \u2014entre ellos el parque Gappo en el paseo mar\u00edtimo, el parque Aoimori cerca del centro c\u00edvico y el m\u00e1s apartado parque Nogiwa\u2014, ha moldeado tanto el asentamiento como la identidad de maneras que trascienden la costa.<\/p>\n\n\n\n<p>El nombre de Aomori, que literalmente significa \u00abbosque azul\u00bb, aunque a veces se traduce como \u00abbosque verde\u00bb, evoca un peque\u00f1o bosquecillo en una colina cercana, anta\u00f1o un punto de referencia para los pescadores que bordeaban la bah\u00eda. Una hip\u00f3tesis alternativa vincula el nombre con la lengua ainu, lo que sugiere capas m\u00e1s profundas de encuentro cultural anteriores a los registros escritos. Sea cual sea su origen preciso, el nombre evoca un entorno a la vez v\u00edvido y cambiante, un lugar donde la niebla marina se extiende desde la corriente de Oyashio y la nieve invernal se acumula hasta alcanzar profundidades asombrosas.<\/p>\n\n\n\n<p>La evidencia de presencia humana aqu\u00ed se remonta a milenios. El yacimiento de Sannai-Maruyama, justo al suroeste del centro de la ciudad moderna, data de entre el 5500 y el 4000 a. C. Sus extensas casas-pozo y fosos de almacenamiento obligaron a los arque\u00f3logos a replantear la escala de la sociedad del per\u00edodo J\u014dmon. Un poco m\u00e1s al sur se encuentra el yacimiento de Komakino, que floreci\u00f3 alrededor del 4000 a. C., y sus piedras cuidadosamente alineadas dan testimonio de un pueblo ya experto en arquitectura ceremonial. Estas primeras comunidades viv\u00edan en armon\u00eda con los bosques y r\u00edos, y sus vestigios materiales permanecieron enterrados hasta que las excavaciones modernas los recuperaron.<\/p>\n\n\n\n<p>Para la era Heian, la zona formaba parte de las tierras del norte de Fujiwara, pero los habitantes de Emishi segu\u00edan estando presentes. Tras el colapso del poder de Fujiwara, sucesivos clanes samur\u00e1is reclamaron el poder: los Nambu, al este, ostentaban el t\u00edtulo nominal, mientras que los Tsugaru de Namioka ejercieron el control de facto durante el per\u00edodo Sengoku. A principios de la era Edo, el asentamiento que se convertir\u00eda en la actual Aomori se encontraba dentro del Dominio de Hirosaki y llevaba el nombre de Ut\u014d. En 1626, el daimy\u014d Tsugaru Nobuhira orden\u00f3 su reconstrucci\u00f3n bajo el nombre de Aomori, aunque los registros escritos de este cambio son escasos y los eruditos discuten si Ut\u014d y Aomori fueron alguna vez entidades distintas o simplemente dos nombres para una \u00fanica aldea portuaria.<\/p>\n\n\n\n<p>La Restauraci\u00f3n Meiji trajo consigo una reforma administrativa radical. Seis prefecturas surgieron en lo que hoy es la prefectura de Aomori, para luego fusionarse en la prefectura de Hirosaki en julio de 1871. Las rivalidades entre las regiones de Tsugaru y Nambu impulsaron una r\u00e1pida reubicaci\u00f3n de la capital a la ciudad portuaria, m\u00e1s c\u00e9ntrica, lo que condujo al establecimiento de la prefectura de Aomori el 23 de septiembre de 1871. Bajo el sistema municipal moderno, creado el 1 de abril de 1889, Aomori obtuvo la categor\u00eda de ciudad dentro del distrito de Higashitsugaru, y para el 1 de abril de 1898 ya era reconocida como ciudad.<\/p>\n\n\n\n<p>Los avances en el transporte a finales del siglo XIX transformaron Aomori en una terminal estrat\u00e9gica. En 1872, se inaugur\u00f3 un ferry a Hakodate, que conectaba Hokkaido con Honshu a trav\u00e9s del estrecho de Tsugaru. La l\u00ednea principal de T\u014dhoku lleg\u00f3 a Aomori desde Tokio en septiembre de 1891; tres a\u00f1os m\u00e1s tarde, la l\u00ednea principal de \u014cu se extendi\u00f3 por la costa del Mar de Jap\u00f3n hasta la ciudad. El ferry de Seikan, inaugurado en 1908, transport\u00f3 pasajeros y mercanc\u00edas hasta la apertura del t\u00fanel de Seikan bajo el estrecho en marzo de 1988. Mientras tanto, las conexiones ferroviarias tambi\u00e9n cambiaron: el T\u014dhoku Shinkansen, inaugurado en 2010, ahora presta servicio a la estaci\u00f3n de Shin-Aomori, transportando r\u00e1pidamente a los viajeros hacia el sur, hacia Sendai y Tokio.<\/p>\n\n\n\n<p>La historia militar de Aomori incluye episodios tanto tr\u00e1gicos como transformadores. Desde 1896, la 8.\u00aa Divisi\u00f3n del Ej\u00e9rcito Imperial Japon\u00e9s estuvo acuartelada aqu\u00ed. En el invierno de 1902, un ejercicio en condiciones de fr\u00edo en las monta\u00f1as Hakk\u014dda termin\u00f3 en desastre: de los 210 soldados enviados desde Aomori, solo once sobrevivieron. El incidente de las monta\u00f1as Hakk\u014dda sigue siendo un cap\u00edtulo sombr\u00edo en la historia regional. Un incendio el 3 de mayo de 1910 destruy\u00f3 gran parte de la ciudad, y la llegada de los servicios a\u00e9reos regulares en 1937 marc\u00f3 una mayor modernizaci\u00f3n.<\/p>\n\n\n\n<p>La guerra trajo consigo una nueva devastaci\u00f3n. En la noche del 28 al 29 de julio de 1945, los bombardeos estadounidenses se cobraron 1767 vidas y arrasaron casi nueve d\u00e9cimas partes de la ciudad. La reconstrucci\u00f3n en las d\u00e9cadas de posguerra fue r\u00e1pida: para 1951, la l\u00ednea Tsugaru uni\u00f3 la estaci\u00f3n de Aomori con Kanita, y en 1964 se inaugur\u00f3 el primer aeropuerto en la vecina Namioka. La autopista T\u014dhoku lleg\u00f3 en 1979, integrando Aomori en una creciente red nacional de carreteras. Un aeropuerto urbano construido espec\u00edficamente para este fin, inaugurado el 19 de julio de 1987, gestionaba vuelos nacionales a Tokio, Osaka, Nagoya y Sapporo, adem\u00e1s de rutas internacionales a Se\u00fal y Taip\u00e9i. El 1 de octubre de 2002, Aomori fue designada ciudad n\u00facleo, un estatus que le otorgaba una mayor autonom\u00eda local.<\/p>\n\n\n\n<p>Los l\u00edmites municipales volvieron a modificarse en el nuevo milenio. El 1 de abril de 2005, la vecina ciudad de Namioka fue absorbida, duplicando pr\u00e1cticamente la superficie de la ciudad. Una parte fue cedida posteriormente, en septiembre de 2007, a Fujisaki, en el distrito de Minamitsugaru, pero Aomori sigue siendo el n\u00facleo de su \u00e1rea metropolitana, una de las 62 ciudades principales de Jap\u00f3n. Al 1 de agosto de 2023, 264.945 residentes viv\u00edan en 136.781 hogares, lo que representa una densidad de poblaci\u00f3n de 321 personas por kil\u00f3metro cuadrado.<\/p>\n\n\n\n<p>El clima aqu\u00ed est\u00e1 determinado por la latitud y las corrientes marinas. Aomori se encuentra en el umbral de dos clasificaciones de K\u00f6ppen: un r\u00e9gimen continental fr\u00edo y h\u00famedo (Dfa) y uno subtropical h\u00famedo (Cfa), con temperaturas medias en enero y febrero que rondan los cero grados. La precipitaci\u00f3n anual promedio es de 1285 mm, con un m\u00e1ximo en septiembre. Los veranos son c\u00e1lidos pero cortos; los inviernos traen abundantes nevadas. En febrero de 1945, la profundidad de la nieve alcanz\u00f3 los 209 cm. Las temperaturas han descendido hasta los -24,7 \u00b0C, registrados en 1931. Los vientos locales, como el &#034;Yamase&#034; de verano, pueden provocar periodos de fr\u00edo prolongados y amenazar las cosechas de arroz, mientras que la niebla que llega del estrecho suele interrumpir los vuelos en el aeropuerto.<\/p>\n\n\n\n<p>La vida econ\u00f3mica gira en torno a los servicios, que representan m\u00e1s de tres cuartas partes de la producci\u00f3n de la ciudad. La manufactura representa aproximadamente el 16 %, mientras que la agricultura y la pesca juntas contribuyen con un modesto cuatro %. Sin embargo, las industrias culturales y el turismo desempe\u00f1an un papel fundamental en la identidad de Aomori. Su llanura costera y las monta\u00f1as cercanas albergan balnearios de aguas termales: Asamushi Onsen se alza al borde de la bah\u00eda, mientras que Sukayu Onsen ofrece un remanso de paz al pie del monte Hakk\u014dda. Ambos atraen a visitantes durante las cuatro estaciones, que buscan relajaci\u00f3n y una inmersi\u00f3n en la naturaleza.<\/p>\n\n\n\n<p>Cada agosto, el Nebuta Matsuri anima las calles de la ciudad con colosales carrozas iluminadas, talladas en papel washi, que representan h\u00e9roes, demonios o escenas de la mitolog\u00eda y la historia. Artistas las acompa\u00f1an, cantando ritmos con tambores taiko y guiando a las figuras entre la multitud. Reconocido como uno de los &#034;100 Paisajes Sonoros de Jap\u00f3n&#034;, el festival se ha convertido en sin\u00f3nimo del pulso cultural de Aomori.<\/p>\n\n\n\n<p>M\u00e1s all\u00e1 del espect\u00e1culo estacional, la ciudad preserva su pasado a trav\u00e9s de museos y sitios hist\u00f3ricos. El Sitio Sannai-Maruyama es ahora un Sitio Hist\u00f3rico Nacional Especial, y sus cimientos excavados est\u00e1n abiertos al p\u00fablico. El Museo de la Prefectura de Aomori y el Museo de Arte de Aomori albergan colecciones que abarcan desde artesan\u00eda regional hasta escultura contempor\u00e1nea. El museo de historia de la ciudad, el Museo Forestal y el Museo Nebuta Wa Rasse ofrecen perspectivas \u00fanicas sobre el patrimonio local, desde las colinas boscosas que inspiraron el nombre de Aomori hasta las carrozas que animan sus calles. Las ruinas del castillo de Namioka y los restos del asentamiento de Komakino se alzan como testigos silenciosos de siglos de ocupaci\u00f3n.<\/p>\n\n\n\n<p>La infraestructura moderna se extiende m\u00e1s all\u00e1 de los museos. Las rutas nacionales (4, 7, 101, 280 y otras) convergen aqu\u00ed, junto con las autopistas de Aomori y Tsugaru. Los ferries siguen navegando por el estrecho, aunque ahora principalmente como viaje de ocio, en lugar de ser la \u00fanica conexi\u00f3n con Hokkaido. El puerto de Aomori a\u00fan recibe barcos junto al ferry Tsugaru Kaiky\u014d, preservando una tradici\u00f3n mar\u00edtima que se remonta a finales del siglo XIX.<\/p>\n\n\n\n<p>En su arquitectura, en el ritmo de las estaciones y en la memoria de sus habitantes, Aomori encarna la resiliencia y la reinvenci\u00f3n. Las colinas boscosas en el horizonte recuerdan al pueblo cuyo nombre perdura en kanji, mientras que las calles y las v\u00edas del tren de la ciudad trazan l\u00edneas de ambici\u00f3n, adversidad y renovaci\u00f3n. Fuertes nevadas entierran el pueblo y la granja por igual cada invierno, como lo han hecho durante siglos, solo para fundirse en torrentes que se dispersan en la bah\u00eda. Bajo cada superficie yace una historia: de cazadores J\u014dmon, de agricultores Emishi, de se\u00f1ores samur\u00e1is, de ciudadanos modernos que forjan su futuro en medio del ciclo siempre cambiante de la naturaleza. Aomori, en este sentido, es m\u00e1s que un lugar en el mapa; es una narrativa continua de la persistencia humana en los confines de Honshu.<\/p>","protected":false},"excerpt":{"rendered":"<p>Aomori, capital de la prefectura de Aomori, ejemplifica el rico patrimonio de la frontera norte de Jap\u00f3n. Aomori, ubicada cerca del extremo norte de Honshu, la isla m\u00e1s grande de Jap\u00f3n, posee un gran valor debido a su ubicaci\u00f3n geogr\u00e1fica y relevancia cultural. Al 1 de agosto de 2023, este din\u00e1mico centro metropolitano ten\u00eda una poblaci\u00f3n estimada de 264.945 personas, residentes en 136.781 hogares. Aomori abarca una superficie de 824,61 kil\u00f3metros cuadrados (318,38 millas cuadradas) y presenta una densidad de poblaci\u00f3n de 321 personas por kil\u00f3metro cuadrado, lo que equilibra eficazmente la expansi\u00f3n urbana con la conservaci\u00f3n de su entorno natural.<\/p>","protected":false},"author":1,"featured_media":2901,"parent":14797,"menu_order":0,"comment_status":"closed","ping_status":"closed","template":"elementor_theme","meta":{"_eb_attr":"","footnotes":""},"class_list":["post-14902","page","type-page","status-publish","has-post-thumbnail"],"_links":{"self":[{"href":"https:\/\/travelshelper.com\/es\/wp-json\/wp\/v2\/pages\/14902","targetHints":{"allow":["GET"]}}],"collection":[{"href":"https:\/\/travelshelper.com\/es\/wp-json\/wp\/v2\/pages"}],"about":[{"href":"https:\/\/travelshelper.com\/es\/wp-json\/wp\/v2\/types\/page"}],"author":[{"embeddable":true,"href":"https:\/\/travelshelper.com\/es\/wp-json\/wp\/v2\/users\/1"}],"replies":[{"embeddable":true,"href":"https:\/\/travelshelper.com\/es\/wp-json\/wp\/v2\/comments?post=14902"}],"version-history":[{"count":0,"href":"https:\/\/travelshelper.com\/es\/wp-json\/wp\/v2\/pages\/14902\/revisions"}],"up":[{"embeddable":true,"href":"https:\/\/travelshelper.com\/es\/wp-json\/wp\/v2\/pages\/14797"}],"wp:featuredmedia":[{"embeddable":true,"href":"https:\/\/travelshelper.com\/es\/wp-json\/wp\/v2\/media\/2901"}],"wp:attachment":[{"href":"https:\/\/travelshelper.com\/es\/wp-json\/wp\/v2\/media?parent=14902"}],"curies":[{"name":"wp","href":"https:\/\/api.w.org\/{rel}","templated":true}]}}