{"id":14854,"date":"2024-09-20T11:08:01","date_gmt":"2024-09-20T11:08:01","guid":{"rendered":"https:\/\/travelshelper.com\/staging\/?page_id=14854"},"modified":"2026-03-11T18:23:44","modified_gmt":"2026-03-11T18:23:44","slug":"nozawa-onsen","status":"publish","type":"page","link":"https:\/\/travelshelper.com\/es\/destinations\/asia\/japan\/nozawa-onsen\/","title":{"rendered":"Nozawa Onsen"},"content":{"rendered":"<p>Nozawaonsen, enclavada en las monta\u00f1as del noreste de la prefectura de Nagano, ocupa casi 58 kil\u00f3metros cuadrados de terreno variado. Al 1 de abril de 2019, la poblaci\u00f3n de la aldea era de 3653 habitantes, distribuidos en 1395 hogares, lo que representa una densidad de 63 residentes por kil\u00f3metro cuadrado. Estas cifras revelan el ritmo de vida pausado de la zona, donde el espacio para bosques, arrozales y sinuosos caminos prevalece sobre la densa urbanizaci\u00f3n.<\/p>\n\n\n\n<p>Situado a aproximadamente una hora en coche de la ciudad de Nagano, Nozawaonsen se encuentra entre picos que alcanzan los 1650 metros en el monte Kenashi y valles fluviales que descienden hasta unos 300 metros sobre el nivel del mar. Al sur, la cresta del Kenashi enmarca el horizonte, mientras que el r\u00edo Chikuma, el m\u00e1s largo de Jap\u00f3n, traza el l\u00edmite occidental. M\u00e1s all\u00e1 de esta v\u00eda fluvial se encuentra la ciudad de Iiyama, cuyo perfil urbano solo es visible cuando el aire del valle se despeja. Al norte y al este, el pueblo se encuentra con Sakae, otra comunidad moldeada por empinadas laderas y profundas nevadas invernales. Dentro de estos l\u00edmites, surgen microclimas que atemperan el calor del verano con las brisas de la tarde y dan paso a fuertes nevadas de diciembre a abril.<\/p>\n\n\n\n<p>El clima de Nozawaonsen es continental h\u00famedo (K\u00f6ppen Dfa), caracterizado por la humedad en verano y los fr\u00edos meses de invierno. La temperatura media anual ronda los 10,4 \u00b0C, subiendo hasta aproximadamente 23,3 \u00b0C en agosto y bajando hasta -1,6 \u00b0C en enero. La precipitaci\u00f3n anual se acerca a los 1782 mil\u00edmetros, siendo enero el mes m\u00e1s lluvioso y las nevadas contribuyen a la formaci\u00f3n del famoso manto blanco del pueblo. Esta confluencia de altitud y precipitaci\u00f3n favorece tanto el cultivo de arroz en el fondo del valle como los extensos bosques de con\u00edferas en las zonas m\u00e1s altas.<\/p>\n\n\n\n<p>La evidencia de asentamientos humanos en Nozawaonsen se remonta a su ubicaci\u00f3n en la antigua provincia de Shinano. Textos de mediados del per\u00edodo Kamakura registran un asentamiento llamado Yuyama, que literalmente significa &#034;pueblo de monta\u00f1a con aguas termales&#034;, lo que refleja las piscinas geotermales que definen la vida local. La leyenda atribuye al monje Gy\u014bki, del siglo VIII, el descubrimiento de estos manantiales, una asociaci\u00f3n que los dota de un aura de santidad. Para 1870, 24 posadas atend\u00edan a casi 25\u00a0000 visitantes que buscaban ba\u00f1os curativos, testimonio de la larga reputaci\u00f3n de estas aguas minerales.<\/p>\n\n\n\n<p>Administrativamente, la aldea moderna evolucion\u00f3 mediante una serie de fusiones y reclasificaciones. En abril de 1889, Toyosato surgi\u00f3 bajo el nuevo sistema municipal de Jap\u00f3n. Tres a\u00f1os despu\u00e9s, se uni\u00f3 a Takano para formar Zuiho, solo para que una parte de esta aldea se uniera a Iiyama en 1954. El resto, reorganizado el 1 de abril de 1955, adopt\u00f3 el nombre de Nozawaonsen, vinculando su identidad administrativa a las aguas termales que conforman la cultura y la econom\u00eda locales.<\/p>\n\n\n\n<p>La agricultura y el turismo constituyen los pilares fundamentales de la vida de Nozawaonsen. Campos escarpados se extienden a lo largo de las laderas donde el arroz de monta\u00f1a, las verduras y el soba prosperan bajo un cuidado minucioso. Mientras tanto, el turismo estacional aumenta cada invierno gracias a una de las estaciones de esqu\u00ed m\u00e1s antiguas de Jap\u00f3n. Inaugurada hace m\u00e1s de 70 a\u00f1os, la zona de esqu\u00ed abarca 297 hect\u00e1reas con pistas que comienzan a 1650 metros de altitud y descienden a trav\u00e9s de bosques repletos de nieve polvo. M\u00e1s de cincuenta kil\u00f3metros de pistas preparadas abarcan desde pistas suaves para principiantes hasta desafiantes pistas negras. Veintitr\u00e9s telesillas y dos telecabinas transportan a los esquiadores hacia arriba, y el descenso m\u00e1s largo se extiende diez kil\u00f3metros, ofreciendo vistas de los Alpes Japoneses y, en d\u00edas despejados, del Mar de Jap\u00f3n.<\/p>\n\n\n\n<p>Las actividades fuera de pista atraen a los esquiadores experimentados a zonas de nieve m\u00e1s profundas, aunque el pueblo recomienda contratar a un gu\u00eda local. Un snowpark ofrece saltos, ra\u00edles y un tubo de ochenta metros para los snowboarders que buscan emociones fuertes. En el pueblo, el Nozawa Onsen Arena, fundado en 1993, combina una pista de hielo con sauna y sol\u00e1rium. Un centro de salud comunitario, anteriormente conocido como Kurhaus, ofrece cabinas de vapor y ba\u00f1os al aire libre.<\/p>\n\n\n\n<p>Sin embargo, el atractivo principal del pueblo sigue siendo su red de aguas termales. Treinta fuentes minerales individuales alimentan trece ba\u00f1os p\u00fablicos o ryokan; cada cuenca ofrece composiciones minerales, temperaturas y rituales distintivos. Los bares gratuitos \u2014entre ellos O-yu, Matsuba No-yu, Taki No-yu y otros diez\u2014 se encuentran junto a establecimientos de pago como Furusato Onsen y el familiar Sparena. Los visitantes suelen recorrer estrechas callejuelas adoquinadas para probar varios ba\u00f1os en un solo d\u00eda, apreciando c\u00f3mo las aguas con tintes ferroso o aroma a azufre de cada piscina evocan sensaciones sutilmente diferentes y supuestos beneficios para la salud.<\/p>\n\n\n\n<p>El patrimonio cultural prospera en los dieciocho tesoros designados de Nozawaonsen. Un tesoro intangible, el Festival del Fuego, est\u00e1 reconocido a nivel nacional como Bien Cultural Inmaterial Popular Importante. Los diecisiete restantes, incluido un cedro de 300 a\u00f1os en el santuario del pueblo, ostentan designaciones locales.<\/p>\n\n\n\n<p>El Festival del Fuego, que se celebra anualmente el 15 de enero, es a la vez un rito comunitario y un espect\u00e1culo. Hombres de cuarenta, cuarenta y uno y cuarenta y dos a\u00f1os \u2014las edades consideradas m\u00e1s necesitadas de purificaci\u00f3n espiritual\u2014 y de veinticinco se re\u00fanen para construir un santuario de madera de tres pisos llamado shadan. Construido silenciosamente y sin fijaciones met\u00e1licas, el santuario se alza diez metros de alto y ocho de ancho. T\u00f3tems, conocidos como hatsuakarikago, preparados por familias cuyos hijos nacieron el a\u00f1o anterior, acompa\u00f1an al shadan; estos t\u00f3tems miden entre nueve y diez metros de altura, adornados con campanillas de viento, talismanes de papel y escudos familiares.<\/p>\n\n\n\n<p>El 13 de enero, maestros carpinteros gu\u00edan a los yakudoshi en el descenso de un tronco de haya japonesa de veinte metros desde la estaci\u00f3n de esqu\u00ed de Hikage. Al d\u00eda siguiente, el shadan toma forma en la plaza del pueblo. A las 19:00 del d\u00eda 15, un pedernal transmitido de generaci\u00f3n en generaci\u00f3n enciende la primera antorcha. Los participantes cantan canciones cargadas de tradici\u00f3n, sirven sake a los espectadores y forman una procesi\u00f3n con antorchas hasta el santuario. All\u00ed, la estructura es asediada por hombres con antorchas; los aldeanos m\u00e1s j\u00f3venes intentan encender la base del santuario, protegidos por los j\u00f3venes de veinticinco a\u00f1os, mientras que los de cuarenta y dos cabalgan sobre \u00e9l, simbolizando la intersecci\u00f3n de la juventud y la madurez.<\/p>\n\n\n\n<p>Tras una hora y media o dos, el santuario se derrumba en llamas, y el resplandor del fuego ilumina la profunda noche de enero. Los organizadores mantienen una estricta seguridad: los j\u00f3venes de veinticinco a\u00f1os est\u00e1n vigilados por guardianes, y quienes levantan objetos pesados \u200b\u200bse abstienen de beber alcohol. La asistencia suele alcanzar el aforo completo, y el alojamiento se agota con meses de antelaci\u00f3n.<\/p>\n\n\n\n<p>Las estatuas Dosojin \u2014tallas de madera de una deidad masculina y una femenina\u2014 se encuentran por todo el pueblo. Pintadas y colocadas en las puertas, estas figuras representan las humildes esperanzas del matrimonio: dos personas de apariencia modesta que encontraron la felicidad en la uni\u00f3n. Refuerzan los temas del festival: comunidad, fertilidad y protecci\u00f3n.<\/p>\n\n\n\n<p>La accesibilidad a Nozawaonsen enfatiza tanto su lejan\u00eda como su conexi\u00f3n. Si bien ning\u00fan tren de pasajeros pasa directamente por el pueblo, cinco estaciones de la l\u00ednea Iiyama se encuentran a menos de un kil\u00f3metro de sus l\u00edmites. Las estaciones de Togari-Nozawaonsen y Kamisakai son las que acercan a los viajeros al centro. Para quienes llegan en tren bala, la estaci\u00f3n de Iiyama de la l\u00ednea Hokuriku Shinkansen conecta el pueblo con Tokio en aproximadamente dos horas. Un autob\u00fas gestionado por el pueblo se ajusta al horario del tren bala, lo que garantiza traslados sin contratiempos.<\/p>\n\n\n\n<p>Senderos para raquetas de nieve y senderismo recorren las monta\u00f1as circundantes cuando la nieve lo permite. Las excursiones diurnas revelan cascadas ocultas, cedros y vistas panor\u00e1micas que realzan la interacci\u00f3n entre la monta\u00f1a y el valle. Dentro del pueblo, sus estrechas callejuelas albergan una variedad de posadas tradicionales, hostales, restaurantes especializados en soba y sake locales, tiendas de recuerdos y vendedores ambulantes.<\/p>\n\n\n\n<p>El encanto de Nozawaonsen reside en su combinaci\u00f3n de perseverancia r\u00fastica y refinada hospitalidad. Campos, bosques y manantiales persisten junto a modernos remontes y visitantes internacionales. El silencio invernal da paso a festivales iluminados con faroles, y el verdor estival suaviza los bordes de los senderos empinados. Aqu\u00ed, el lento goteo de las aguas minerales y el golpeteo de los esqu\u00eds contra la nieve endurecida definen ritmos de vida moldeados por las estaciones, la tradici\u00f3n y la comodidad duradera del calor geot\u00e9rmico.<\/p>","protected":false},"excerpt":{"rendered":"<p>Nozawaonsen es un pintoresco pueblo ubicado en la regi\u00f3n monta\u00f1osa de la prefectura de Nagano, Jap\u00f3n, con una poblaci\u00f3n de aproximadamente 3653 habitantes, distribuidos en 1395 familias al 1 de abril de 2019. Esta encantadora localidad, con una densidad de poblaci\u00f3n de 63 habitantes por kil\u00f3metro cuadrado, tiene una superficie de 57,96 kil\u00f3metros cuadrados (22,38 millas cuadradas), lo que ofrece un remanso de paz del vibrante entorno urbano de Jap\u00f3n. Nozawaonsen, ubicado en la regi\u00f3n norte de la prefectura de Nagano, ejemplifica el encanto perdurable del paisaje rural japon\u00e9s y su rico legado cultural.<\/p>","protected":false},"author":1,"featured_media":3842,"parent":14797,"menu_order":0,"comment_status":"closed","ping_status":"closed","template":"elementor_theme","meta":{"_eb_attr":"","footnotes":""},"class_list":["post-14854","page","type-page","status-publish","has-post-thumbnail"],"_links":{"self":[{"href":"https:\/\/travelshelper.com\/es\/wp-json\/wp\/v2\/pages\/14854","targetHints":{"allow":["GET"]}}],"collection":[{"href":"https:\/\/travelshelper.com\/es\/wp-json\/wp\/v2\/pages"}],"about":[{"href":"https:\/\/travelshelper.com\/es\/wp-json\/wp\/v2\/types\/page"}],"author":[{"embeddable":true,"href":"https:\/\/travelshelper.com\/es\/wp-json\/wp\/v2\/users\/1"}],"replies":[{"embeddable":true,"href":"https:\/\/travelshelper.com\/es\/wp-json\/wp\/v2\/comments?post=14854"}],"version-history":[{"count":0,"href":"https:\/\/travelshelper.com\/es\/wp-json\/wp\/v2\/pages\/14854\/revisions"}],"up":[{"embeddable":true,"href":"https:\/\/travelshelper.com\/es\/wp-json\/wp\/v2\/pages\/14797"}],"wp:featuredmedia":[{"embeddable":true,"href":"https:\/\/travelshelper.com\/es\/wp-json\/wp\/v2\/media\/3842"}],"wp:attachment":[{"href":"https:\/\/travelshelper.com\/es\/wp-json\/wp\/v2\/media?parent=14854"}],"curies":[{"name":"wp","href":"https:\/\/api.w.org\/{rel}","templated":true}]}}