{"id":14752,"date":"2024-09-20T08:45:57","date_gmt":"2024-09-20T08:45:57","guid":{"rendered":"https:\/\/travelshelper.com\/staging\/?page_id=14752"},"modified":"2026-03-11T18:13:30","modified_gmt":"2026-03-11T18:13:30","slug":"tripoli","status":"publish","type":"page","link":"https:\/\/travelshelper.com\/es\/destinations\/asia\/lebanon\/tripoli\/","title":{"rendered":"Tr\u00edpoli"},"content":{"rendered":"<p>Tr\u00edpoli se encuentra en un promontorio rocoso a ochenta y un kil\u00f3metros al norte de Beirut, con vistas al Mediterr\u00e1neo oriental. Siendo la segunda ciudad m\u00e1s grande del L\u00edbano y capital de la Gobernaci\u00f3n Norte, es el puerto mar\u00edtimo m\u00e1s septentrional del pa\u00eds. Durante siglos, ha sido una encrucijada de imperios y religiones, y su tejido urbano es testigo de la presencia de marineros fenicios, colonos griegos, caballeros cruzados, gobernadores mamelucos y administradores otomanos. En capas sucesivas, cada civilizaci\u00f3n dej\u00f3 piedra e historia entrelazadas, moldeando tanto su horizonte como sus contornos sociales.<\/p>\n\n\n\n<p>El nombre registrado m\u00e1s antiguo, Athar, aparece en los anales fenicios del siglo XIV a. C. Los colonos griegos que le siguieron la rebautizaron como Tr\u00edpolis (literalmente, \u00abtres ciudades\u00bb), de donde surgi\u00f3 el nombre \u00e1rabe moderno, Tarabulus. En el mundo \u00e1rabe, se le atribuy\u00f3 el calificativo de ash-Sh\u0101m, \u00abdel Levante\u00bb, para distinguirla de su hom\u00f3nimo libio. Bajo el dominio cruzado, Raymond de Saint-Gilles erigi\u00f3 la primera fortaleza en 1102, bautiz\u00e1ndola como Mont P\u00e8lerin. La ciudadela ardi\u00f3 en 1289 y resurgi\u00f3 bajo el emir Essendemir Kurgi en 1307-1308. Su imponente puerta, con una inscripci\u00f3n de Solim\u00e1n el Magn\u00edfico, da testimonio de la posterior restauraci\u00f3n otomana; una nueva campa\u00f1a a principios del siglo XIX, bajo el mando del gobernador Mustafa Agha Barbar, reforz\u00f3 sus murallas y c\u00e1maras.<\/p>\n\n\n\n<p>El casco antiguo de Tr\u00edpoli conserva la huella de sus renovadores mamelucos. Las calles se estrechan para desalentar las m\u00e1quinas de asedio; puentes abovedados cruzan callejones de altos muros; aspilleras ocultas anta\u00f1o albergaban a los centinelas. Alrededor de callejuelas sinuosas se alzan mercados y caravasares, los kanes que anta\u00f1o albergaban a los comerciantes con destino a Alepo o Damasco. En estas callejuelas, los artesanos contin\u00faan con oficios ancestrales: jaboneros prensando aceite de oliva en panes duros; caldereros martillando bandejas; carpinteros tallando cajas con incrustaciones. Un murmullo dom\u00e9stico coexiste con las llamadas a la oraci\u00f3n y las campanas de las iglesias maronitas y ortodoxas.<\/p>\n\n\n\n<p>La arquitectura religiosa de la \u00e9poca mameluca tambi\u00e9n perdura. La Gran Mezquita de Mansouri, una serie de ba\u00f1os turcos urbanos y la cercana madraza al-Uthmaniyya ilustran la interacci\u00f3n entre funci\u00f3n y ornamentaci\u00f3n de la \u00e9poca. Se conservan cinco ba\u00f1os: Abed, Izz El-Din, Hajeb, Jadid y An-Nouri, este \u00faltimo fundado en 1333 por el gobernador Nur El-Din cerca de la Gran Mezquita. Cuando Ibn Battutah visit\u00f3 la ciudad en 1355, observ\u00f3 los &#034;magn\u00edficos ba\u00f1os&#034; en medio de jardines con canales de agua, una descripci\u00f3n que a\u00fan resuena en estas frescas c\u00e1maras abovedadas.<\/p>\n\n\n\n<p>A pocos pasos de la Ciudad Vieja se encuentra la plaza Al-Tell y su Torre del Reloj, erigida en 1906 para conmemorar el trig\u00e9simo aniversario del reinado del sult\u00e1n Abdul Hamid II. Donada por la corte otomana, sus cuatro esferas a\u00fan marcan la hora tras una renovaci\u00f3n en 1992 que restaur\u00f3 sus mecanismos. Cerca de all\u00ed, la Ciudadela se alza como centinela, con sus muros de arenisca marcados por cuatro \u00e9pocas distintas.<\/p>\n\n\n\n<p>Mar adentro, un cuarteto de islotes, las Islas Palmera, forman una reserva natural. La m\u00e1s grande, conocida localmente como la Isla de los Conejos, abarca aproximadamente veinte hect\u00e1reas. Conejos europeos introducidos pastaban en sus arenas durante el Mandato Franc\u00e9s; hoy ofrece refugio a tortugas bobas en peligro de extinci\u00f3n, focas monje y aves migratorias. Excavaciones realizadas en 1973 revelaron viviendas de la \u00e9poca de las Cruzadas, vinculando la vegetaci\u00f3n costera con la presencia humana centenaria. La UNESCO declar\u00f3 las islas protegidas en 1992, prohibiendo las fogatas y la acampada para preservar la vida silvestre y el patrimonio.<\/p>\n\n\n\n<p>M\u00e1s all\u00e1 de la Isla de los Conejos se encuentran las Islas Bakar, que en su d\u00eda fueron arrendadas como astillero bajo el dominio otomano a Adel y Khiereddine Abdulwahab, y que a\u00fan sirven a contratistas mar\u00edtimos. Al oeste, la Isla Ramkin presenta una amplia playa de arena con escarpados acantilados de piedra caliza como tel\u00f3n de fondo. Juntas, estas islas enmarcan el distrito portuario de Tr\u00edpoli, El Mina, que se fusiona con la ciudad para formar una conurbaci\u00f3n costera contigua.<\/p>\n\n\n\n<p>La composici\u00f3n demogr\u00e1fica de la ciudad refleja el mosaico m\u00e1s amplio del L\u00edbano. En 2014, m\u00e1s del 92 % de los votantes registrados eran musulmanes, de los cuales aproximadamente el 82 % se identificaban como sun\u00edes y el 8,7 % como alauitas; los cristianos representaban poco m\u00e1s del 7 %. Hoy en d\u00eda, los cristianos \u2014ortodoxos griegos, maronitas, melquitas, sir\u00edacos y armenios\u2014 representan menos del 5 % de la poblaci\u00f3n urbana. Barrios sun\u00edes como Bab al-Tabbaneh se encuentran peligrosamente cerca de Jabal Mohsen, de mayor\u00eda alauita, y las tensiones se han intensificado repetidamente desde 2011, a medida que los conflictos en la vecina Siria generaban alianzas rec\u00edprocas. Estos enfrentamientos han socavado la estabilidad de Tr\u00edpoli, agravando las dificultades econ\u00f3micas en una ciudad que durante mucho tiempo estuvo dividida entre comerciantes adinerados y barrios desfavorecidos.<\/p>\n\n\n\n<p>El clima de Tr\u00edpoli modera los extremos. Las lluvias invernales caen entre diciembre y marzo, mientras que los veranos permanecen \u00e1ridos. La corriente marina cercana modera las temperaturas m\u00ednimas invernales en aproximadamente diez grados Celsius en comparaci\u00f3n con los valles del interior; en verano, las brisas costeras bajan las temperaturas unos siete grados. Las nevadas pueden agraciar la ciudad una vez cada d\u00e9cada como m\u00e1ximo, aunque las granizadas invernales ocurren con cierta regularidad.<\/p>\n\n\n\n<p>Dentro de la ciudad, la diversidad religiosa encuentra su expresi\u00f3n arquitect\u00f3nica. M\u00e1s all\u00e1 de la Mezquita Mansouri y los ba\u00f1os turcos medievales, se encuentran dos docenas de mezquitas de diversa procedencia: edificios mamelucos como la Mezquita Taynal, Arghoun Shah y Al-Attar; fundaciones otomanas como Abou Bakr Al-Siddeeq y Al-Rahma; y la imponente iglesia de Omar Ibn El-Khattab en las afueras del casco antiguo. Entre los monumentos cristianos se incluyen la Catedral de San Miguel (maronita), la de San Elie (ortodoxa griega), la de San Efr\u00e9n (ortodoxa sir\u00edaca), la de San Francisco (cat\u00f3lica romana), la de San Jorge (melquita), la de San Hokekalousd (ortodoxa armenia), la de Nuestra Se\u00f1ora de la Anunciaci\u00f3n (melquita) y la Iglesia Evang\u00e9lica Nacional de Tr\u00edpoli.<\/p>\n\n\n\n<p>Una intervenci\u00f3n moderna, el Recinto Ferial Internacional Rachid Karami, se alza en la entrada sur de la ciudad. Concebido en 1962 por el arquitecto brasile\u00f1o Oscar Niemeyer para una feria mundial, su construcci\u00f3n ces\u00f3 en 1975 con el estallido de la guerra civil libanesa. Quince estructuras esqueletizadas e incompletas permanecen a lo largo de unas 75 hect\u00e1reas, con sus techos curvos y pilotes que insin\u00faan una visi\u00f3n ut\u00f3pica congelada en el tiempo. La inercia administrativa y los disturbios ocasionales han dejado el sitio pr\u00e1cticamente sin uso, flanqueado por un hotel que se desmorona por el abandono. En 2023, la UNESCO inscribi\u00f3 el complejo tanto en la Lista del Patrimonio Mundial como en la Lista del Patrimonio Mundial en Peligro, reconociendo su valor cultural y su precario estado.<\/p>\n\n\n\n<p>El transporte a Tr\u00edpoli sigue las rutas tradicionales. Desde la estaci\u00f3n Charles Helou de Beirut, los visitantes pueden tomar un autob\u00fas con letreros en \u00e1rabe, a menudo llamado &#034;Trablos Express&#034;, o compartir un taxi, cuya tarifa equivale al precio para cuatro ocupantes. Hay minibuses desde las estaciones de Cola y Daoura; en el centro de Tr\u00edpoli, los taxis compartidos cobran 1000 LL por pasajero, que aumentan a 2000 LL en rutas m\u00e1s largas. El puerto gestiona principalmente mercanc\u00edas, pero Med Star opera el \u00fanico ferry regular de pasajeros del L\u00edbano.<\/p>\n\n\n\n<p>El mercado del casco antiguo de Tr\u00edpoli sigue siendo un punto neur\u00e1lgico del patrimonio culinario y artesanal del L\u00edbano. Los domingos por la ma\u00f1ana, grupos de Beirut se re\u00fanen en las pasteler\u00edas de Hallab, atra\u00eddos por el pegajoso maamoul y el knafeh. Aunque muchos vendedores comercian con el nombre de Hallab, Rafaat Hallab (fundado en 1881) y Abdel Rahman Al Hallab conservan una tradici\u00f3n ininterrumpida con el confitero del siglo XIX que refin\u00f3 por primera vez los dulces tripolitanos.<\/p>\n\n\n\n<p>En un paisaje marcado por la disparidad econ\u00f3mica y la inestabilidad espor\u00e1dica, Tr\u00edpoli perdura como un dep\u00f3sito de capas arquitect\u00f3nicas y esfuerzo humano. Sus calles estrechas y patios ocultos muestran la huella de marineros, comerciantes y gobernantes que forjaron una ciudad que se mantiene a la vez resiliente e inquieta. Aqu\u00ed, piedras antiguas y ruinas modernas evocan una conversaci\u00f3n continua entre el pasado y el presente, invitando a quienes se detienen a descubrir las historias grabadas en cada arco y callej\u00f3n.<\/p>","protected":false},"excerpt":{"rendered":"<p>Tr\u00edpoli, el segundo centro urbano m\u00e1s grande del L\u00edbano, se encuentra a 81 kil\u00f3metros al norte de Beirut y tiene una poblaci\u00f3n estimada de unos 730.000 habitantes. Encaramada al Mediterr\u00e1neo oriental y siendo el puerto mar\u00edtimo m\u00e1s septentrional del L\u00edbano, esta din\u00e1mica ciudad es la sede del Distrito de Tr\u00edpoli y de la Gobernaci\u00f3n Norte. Complementando las poblaciones minoritarias de alauitas y diversas denominaciones cristianas, como maronitas y armenios, que enriquecen la diversidad cultural de la ciudad, su composici\u00f3n demogr\u00e1fica es mayoritariamente musulmana sunita.<\/p>","protected":false},"author":1,"featured_media":2828,"parent":14746,"menu_order":0,"comment_status":"closed","ping_status":"closed","template":"elementor_theme","meta":{"_eb_attr":"","footnotes":""},"class_list":["post-14752","page","type-page","status-publish","has-post-thumbnail"],"_links":{"self":[{"href":"https:\/\/travelshelper.com\/es\/wp-json\/wp\/v2\/pages\/14752","targetHints":{"allow":["GET"]}}],"collection":[{"href":"https:\/\/travelshelper.com\/es\/wp-json\/wp\/v2\/pages"}],"about":[{"href":"https:\/\/travelshelper.com\/es\/wp-json\/wp\/v2\/types\/page"}],"author":[{"embeddable":true,"href":"https:\/\/travelshelper.com\/es\/wp-json\/wp\/v2\/users\/1"}],"replies":[{"embeddable":true,"href":"https:\/\/travelshelper.com\/es\/wp-json\/wp\/v2\/comments?post=14752"}],"version-history":[{"count":0,"href":"https:\/\/travelshelper.com\/es\/wp-json\/wp\/v2\/pages\/14752\/revisions"}],"up":[{"embeddable":true,"href":"https:\/\/travelshelper.com\/es\/wp-json\/wp\/v2\/pages\/14746"}],"wp:featuredmedia":[{"embeddable":true,"href":"https:\/\/travelshelper.com\/es\/wp-json\/wp\/v2\/media\/2828"}],"wp:attachment":[{"href":"https:\/\/travelshelper.com\/es\/wp-json\/wp\/v2\/media?parent=14752"}],"curies":[{"name":"wp","href":"https:\/\/api.w.org\/{rel}","templated":true}]}}