{"id":14692,"date":"2024-09-19T23:02:15","date_gmt":"2024-09-19T23:02:15","guid":{"rendered":"https:\/\/travelshelper.com\/staging\/?page_id=14692"},"modified":"2026-03-11T18:14:42","modified_gmt":"2026-03-11T18:14:42","slug":"laos","status":"publish","type":"page","link":"https:\/\/travelshelper.com\/es\/destinations\/asia\/laos\/","title":{"rendered":"Laos"},"content":{"rendered":"<p>Laos, formalmente la Rep\u00fablica Democr\u00e1tica Popular Lao, ocupa una posici\u00f3n central en el Sudeste Asi\u00e1tico continental. Sin salida al mar y definido por sus contornos monta\u00f1osos, limita con Myanmar y China al noroeste, Vietnam al este, Camboya al sureste y Tailandia al oeste y suroeste. El r\u00edo Mekong recorre gran parte de su frontera occidental, formando escarpadas riberas y llanuras aluviales que dan paso a la imponente cordillera Annamite en la orilla opuesta. Con una poblaci\u00f3n estimada de 7,95 millones en 2024, Laos ocupa el puesto 103 a nivel mundial en tama\u00f1o de poblaci\u00f3n, y su capital, Vienti\u00e1n, es el centro administrativo y cultural.<\/p>\n\n\n\n<p>El terreno del pa\u00eds se divide naturalmente en tres regiones: el norte accidentado, marcado por la meseta de Xiangkhoang y picos como Phou Bia (2818 m); la franja central, marcada por amplios valles fluviales y formaciones k\u00e1rsticas dispersas; y las llanuras meridionales alrededor de la meseta de Bolaven, donde los suelos bas\u00e1lticos y las cascadas moldean el paisaje. Los bosques cubren m\u00e1s de la mitad del territorio, albergando parques nacionales como Nam Et-Phou Louey, hogar de mam\u00edferos raros como el gib\u00f3n de mejillas blancas del norte y el saola. Desde 1993, el gobierno ha reservado el 21 % del territorio para la conservaci\u00f3n. Sin embargo, Laos tambi\u00e9n se encuentra dentro del &#034;Tri\u00e1ngulo de Oro&#034;, una zona anta\u00f1o conocida por la producci\u00f3n de opio, donde el cultivo se redujo de 18 km\u00b2 en 2006 a 15 km\u00b2 en 2007.<\/p>\n\n\n\n<p>Los patrones clim\u00e1ticos siguen el ciclo monz\u00f3nico. De mayo a octubre, los vientos h\u00famedos dan paso a fuertes lluvias; un interludio seco se extiende de noviembre a abril, subdividido tradicionalmente en estaciones fr\u00edas y c\u00e1lidas. Estos ritmos rigen la actividad agr\u00edcola, especialmente el cultivo del arroz: aproximadamente cuatro quintas partes de la tierra cultivable albergan arrozales, y tres cuartas partes de las familias campesinas producen suficiente arroz para sus propias necesidades. El Instituto Internacional de Investigaci\u00f3n del Arroz ha colaborado con las autoridades locales para catalogar la amplia gama de variedades de arroz del pa\u00eds.<\/p>\n\n\n\n<p>Laos remonta su identidad al reino de Lan Xang, fundado en el siglo XIII y que perdur\u00f3 hasta su divisi\u00f3n en 1707 en los principados de Luang Prabang, Vientiane y Champasak. En 1893, estos se incorporaron a la Indochina francesa. Tras una breve supervisi\u00f3n japonesa durante la Segunda Guerra Mundial, Laos proclam\u00f3 su independencia en 1945, volvi\u00f3 al control franc\u00e9s hasta 1949 y luego asegur\u00f3 la plena soberan\u00eda en 1953 bajo el rey Sisavang Vong. Un conflicto civil de 1959 concluy\u00f3 en 1975 con el surgimiento de la Rep\u00fablica Democr\u00e1tica Popular Lao, gobernada por el Partido Revolucionario Popular Lao. El estado mantuvo estrechos v\u00ednculos con el bloque sovi\u00e9tico hasta 1991. Desde entonces, ha introducido reformas de mercado, a la vez que sigue siendo uno de los cinco estados comunistas de partido \u00fanico en todo el mundo. Las organizaciones de derechos humanos han criticado las restricciones a la expresi\u00f3n y la persecuci\u00f3n de las minor\u00edas. Los observadores pol\u00edticos a menudo califican el sistema de autoritario.<\/p>\n\n\n\n<p>La pol\u00edtica econ\u00f3mica enfatiza la integraci\u00f3n regional. La puesta en marcha en 2021 del ferrocarril Laos-China, de 414 km, uni\u00f3 Vienti\u00e1n con Kunming, reduciendo los tiempos de viaje y abriendo nuevos corredores comerciales. La participaci\u00f3n en el programa de la Subregi\u00f3n del Gran Mekong ha impulsado proyectos transfronterizos de infraestructura e hidroenerg\u00eda. El Banco Mundial registra un crecimiento promedio anual del PIB del 7,4 % desde 2009, impulsado por el turismo, las exportaciones de energ\u00eda y la inversi\u00f3n extranjera. China ha sido el mayor inversor extranjero desde finales de la d\u00e9cada de 1980, seguida de Tailandia y Vietnam. Laos exporta energ\u00eda hidroel\u00e9ctrica (m\u00e1s de 8000 MW de su capacidad potencial de 18\u00a0000 MW est\u00e1n destinados a redes regionales) y env\u00eda minerales como cobre y oro a los mercados globales. Sin embargo, las Naciones Unidas a\u00fan clasifican a Laos como un pa\u00eds menos adelantado. Su membres\u00eda en la ASEAN, la Organizaci\u00f3n Mundial del Comercio y la Francofon\u00eda demuestra su alcance diplom\u00e1tico.<\/p>\n\n\n\n<p>Administrativamente, Laos comprende 17 provincias y la prefectura de Vienti\u00e1n. Las telecomunicaciones llegan a m\u00e1s del 90 % de los hogares, y el acceso a la electricidad se mantiene en ese nivel. Las redes de carreteras siguen limitadas por las monta\u00f1as; el primer ferrocarril del pa\u00eds se inaugur\u00f3 en 2009, conectando Vienti\u00e1n con Tailandia. El transporte fluvial, especialmente en el Mekong, contin\u00faa prestando servicio a comunidades aisladas.<\/p>\n\n\n\n<p>La diversidad \u00e9tnica caracteriza a la poblaci\u00f3n de Laos. Los laosianos, pertenecientes a la familia ling\u00fc\u00edstica tai, constituyen poco m\u00e1s de la mitad de la poblaci\u00f3n. Los grupos de las laderas medias, denominados lao theung, hablan lenguas austroasi\u00e1ticas como el khmu. Los pueblos de las grandes alturas, como los hmong y los yao, se conocen colectivamente como lao soung. Las comunidades tribales persisten en valles remotos, conservando lenguas y costumbres distintivas. El lao es la lengua oficial y utiliza una escritura derivada del jemer; el franc\u00e9s se mantiene vigente en el gobierno y el comercio, mientras que el ingl\u00e9s se populariza en las escuelas urbanas.<\/p>\n\n\n\n<p>El budismo Theravada gu\u00eda la vida social de aproximadamente dos tercios de los laosianos. Los templos se alzan como puntos focales en pueblos y aldeas. En Luang Prabang, antigua sede real y Patrimonio de la Humanidad por la UNESCO, los complejos de templos colindan con villas de la \u00e9poca colonial a lo largo de calles impecables y ribere\u00f1as. Los monjes, con t\u00fanicas color azafr\u00e1n, se mueven con paso pausado, y la limosna ritual al amanecer sigue siendo fundamental en la pr\u00e1ctica diaria. La capital alberga Pha That Luang, una estupa dorada que data del siglo XVI, considerada s\u00edmbolo nacional. Persisten las creencias animistas minoritarias, especialmente entre las tribus de las monta\u00f1as, cuyos rituales est\u00e1n estrechamente vinculados a la tierra y a los ancestros.<\/p>\n\n\n\n<p>La cocina laosiana destaca el arroz glutinoso y las salsas regionales. El larb, una mezcla de carne marinada, hierbas y polvo de arroz tostado, ilustra la interacci\u00f3n de texturas y el sutil toque picante. Las verduras y el pescado de r\u00edo acompa\u00f1an las comidas. La influencia francesa perdura: las baguettes acompa\u00f1an los curris en los puestos callejeros. El beerlao, de elaboraci\u00f3n nacional, se erige como bebida nacional, mientras que Tiger Head ofrece agua embotellada tratada para garantizar su seguridad.<\/p>\n\n\n\n<p>El turismo ha crecido de 80.000 llegadas internacionales en 1990 a m\u00e1s de cinco millones en 2024, aportando m\u00e1s de mil millones de d\u00f3lares al PIB. Las atracciones abarcan desde lo natural hasta lo cultural: los acantilados k\u00e1rsticos cerca de Vang Vieng, la Llanura de las Jarras con sus enigm\u00e1ticas vasijas de piedra, las ruinas hind\u00fa-jemeres de Wat Phu en Champasak y la red de cuevas de Vieng Xai, donde los l\u00edderes del Pathet Lao se refugiaron durante los bombardeos estadounidenses. Los operadores tur\u00edsticos promueven alojamientos ecol\u00f3gicos y casas de familia, especialmente a lo largo del sendero Ban Nalan, al norte de Luang Namtha. Las actividades incluyen desde senderismo entre pueblos khmu hasta recorridos en kayak por el Mekong. Las autoridades buscan gestionar el impacto de los visitantes mediante la zonificaci\u00f3n y proyectos comunitarios.<\/p>\n\n\n\n<p>Las consideraciones pr\u00e1cticas afectan los viajes. El kip es la \u00fanica moneda legal, aunque el baht tailand\u00e9s y el d\u00f3lar estadounidense circulan en los centros urbanos. Los cajeros autom\u00e1ticos funcionan principalmente en las grandes ciudades; las tarjetas funcionan en las m\u00e1quinas BCEL. Fuera de estas zonas, solo prevalece el kip. Las condiciones de las carreteras var\u00edan; la conducci\u00f3n local puede parecer err\u00e1tica y las normas de tr\u00e1fico a menudo no se aplican. Las municiones sin detonar siguen siendo un peligro en las provincias orientales, lo que obliga a viajar \u00fanicamente por las rutas se\u00f1alizadas. La atenci\u00f3n m\u00e9dica en Laos ofrece tratamiento b\u00e1sico; los casos graves requieren evacuaci\u00f3n a Tailandia. Las precauciones contra la malaria y el dengue incluyen repelente de insectos y mosquiteros. El agua del grifo no es potable; el agua embotellada o las jarras proporcionadas por los templos son alternativas fiables.<\/p>\n\n\n\n<p>Las costumbres sociales exigen respeto. Los visitantes deben llevar documentos de identificaci\u00f3n, ya que la polic\u00eda puede solicitarlos. Se aplican c\u00f3digos de vestimenta en los lugares religiosos: usar manga larga y pantalones largos, y quitarse los zapatos antes de entrar en los templos. Mostrar las plantas de los pies con gestos punzantes es ofensivo, al igual que tocar la cabeza. Las mujeres deben evitar el contacto f\u00edsico con los monjes. La embriaguez en p\u00fablico y las manifestaciones de ira infringen las normas locales. Las leyes sobre relaciones de pareja difieren: el adulterio conlleva sanciones, y alojar a ciudadanos laosianos no emparentados en el alojamiento requiere permiso.<\/p>\n\n\n\n<p>A pesar de los desaf\u00edos en gobernanza e infraestructura, Laos mantiene un ritmo de vida pausado. Las aldeas se aferran a los campos en terrazas y casas de madera; los mercados abren al amanecer y al atardecer; los barcos fluviales se deslizan bajo acantilados de piedra caliza. El desarrollo avanza desde las fronteras, pero gran parte del pa\u00eds sigue definido por sus bosques, v\u00edas fluviales y los contornos de la historia. Quienes pasan tiempo aqu\u00ed van m\u00e1s all\u00e1 de las impresiones superficiales para comprender c\u00f3mo la geograf\u00eda, la cultura y la pol\u00edtica han moldeado a esta naci\u00f3n. En ese reconocimiento reside el atractivo del pa\u00eds: un lugar donde las tradiciones perduran y donde la interacci\u00f3n entre la tierra y la gente contin\u00faa desarroll\u00e1ndose, silenciosa y sin pretensiones.<\/p>","protected":false},"excerpt":{"rendered":"<p>Laos, formalmente conocida como la Rep\u00fablica Democr\u00e1tica Popular Lao (RPDL), es una naci\u00f3n sin litoral situada en el centro del Sudeste Asi\u00e1tico. Con una poblaci\u00f3n de aproximadamente 7,5 millones de habitantes, Laos goza de una ubicaci\u00f3n estrat\u00e9gica, limitando con China al oeste y suroeste, Vietnam al este, Camboya al sureste y Myanmar al noroeste. La geograf\u00eda de este lugar tan especial ha sido fundamental para la historia, la cultura y el crecimiento econ\u00f3mico de la naci\u00f3n.<\/p>","protected":false},"author":1,"featured_media":4313,"parent":24063,"menu_order":0,"comment_status":"closed","ping_status":"closed","template":"elementor_theme","meta":{"_eb_attr":"","footnotes":""},"class_list":["post-14692","page","type-page","status-publish","has-post-thumbnail"],"_links":{"self":[{"href":"https:\/\/travelshelper.com\/es\/wp-json\/wp\/v2\/pages\/14692","targetHints":{"allow":["GET"]}}],"collection":[{"href":"https:\/\/travelshelper.com\/es\/wp-json\/wp\/v2\/pages"}],"about":[{"href":"https:\/\/travelshelper.com\/es\/wp-json\/wp\/v2\/types\/page"}],"author":[{"embeddable":true,"href":"https:\/\/travelshelper.com\/es\/wp-json\/wp\/v2\/users\/1"}],"replies":[{"embeddable":true,"href":"https:\/\/travelshelper.com\/es\/wp-json\/wp\/v2\/comments?post=14692"}],"version-history":[{"count":0,"href":"https:\/\/travelshelper.com\/es\/wp-json\/wp\/v2\/pages\/14692\/revisions"}],"up":[{"embeddable":true,"href":"https:\/\/travelshelper.com\/es\/wp-json\/wp\/v2\/pages\/24063"}],"wp:featuredmedia":[{"embeddable":true,"href":"https:\/\/travelshelper.com\/es\/wp-json\/wp\/v2\/media\/4313"}],"wp:attachment":[{"href":"https:\/\/travelshelper.com\/es\/wp-json\/wp\/v2\/media?parent=14692"}],"curies":[{"name":"wp","href":"https:\/\/api.w.org\/{rel}","templated":true}]}}