{"id":14631,"date":"2024-09-19T21:40:05","date_gmt":"2024-09-19T21:40:05","guid":{"rendered":"https:\/\/travelshelper.com\/staging\/?page_id=14631"},"modified":"2026-03-11T21:52:53","modified_gmt":"2026-03-11T21:52:53","slug":"armenia","status":"publish","type":"page","link":"https:\/\/travelshelper.com\/es\/destinations\/europe\/armenia\/","title":{"rendered":"Armenia"},"content":{"rendered":"<p>Armenia ocupa una modesta franja de territorio monta\u00f1oso en la encrucijada de dos continentes, donde los contornos de antiguos imperios a\u00fan configuran la vida cotidiana. Enclavada en las Tierras Altas de Armenia, en Asia Occidental, y a menudo considerada entre las naciones del C\u00e1ucaso Sur, limita al oeste con Turqu\u00eda, al norte con Georgia, al este con Azerbaiy\u00e1n y al sur con Ir\u00e1n y el enclave azerbaiyano de Najichev\u00e1n. Erev\u00e1n, su capital y principal centro financiero, se alza sobre el r\u00edo Hrazdan y se erige como una metr\u00f3polis moderna y guardiana de tradiciones milenarias.<\/p>\n<p>La g\u00e9nesis de la identidad armenia se encuentra en los voluminosos anales de las Tierras Altas de Armenia, territorio anta\u00f1o habitado por las confederaciones Hayasa-Azzi, Shupria y Nairi. Para el siglo VI a. C., una forma m\u00e1s antigua del protoarmenio, a su vez una rama de la familia indoeuropea, se hab\u00eda integrado en las lenguas locales. En el a\u00f1o 860 a. C., Urartu surgi\u00f3 como la primera entidad pol\u00edtica armenia consolidada. Sus ambiciones decayeron, cediendo para el siglo VI a. C. al gobierno s\u00e1trapa aquem\u00e9nida. Sin embargo, fue en el siglo I a. C., bajo el reinado de Tigranes II, que un reino armenio alcanz\u00f3 su apogeo, extendi\u00e9ndose desde el Mar Negro hasta Mesopotamia. Un breve siglo despu\u00e9s, en el a\u00f1o 301 d. C., Armenia hizo historia al ser el primer estado en adoptar el cristianismo como credo oficial, acto que confiere a la Iglesia Apost\u00f3lica Armenia la distinci\u00f3n de ser la iglesia nacional m\u00e1s antigua del mundo.<\/p>\n<p>En los siglos posteriores, Armenia se dividi\u00f3 entre Bizancio y la Persia sas\u00e1nida, donde cada potencia impuso sus propias formas administrativas. El siglo IX trajo consigo un resurgimiento moment\u00e1neo bajo la casa Bagratuni, que reconstituy\u00f3 un reino armenio hasta 1045. Sigui\u00f3 la decadencia, pero para el siglo XI la nobleza armenia hab\u00eda establecido un principado mar\u00edtimo en Cilicia, en el Mediterr\u00e1neo oriental. Esta forma de gobierno perdur\u00f3 hasta el siglo XIV, preservando las instituciones legales y eclesi\u00e1sticas armenias incluso cuando Anatolia cay\u00f3 bajo el dominio otomano.<\/p>\n<p>Con el auge de la hegemon\u00eda otomana y persa en el siglo XVI, la patria armenia se dividi\u00f3 en dos mitades, oriental y occidental, que se intercambiaron como monedas en sucesivas guerras. Para el siglo XIX, Rusia hab\u00eda absorbido Armenia Oriental, mientras que Armenia Occidental permaneci\u00f3 bajo el dominio otomano. La Primera Guerra Mundial caus\u00f3 devastaci\u00f3n cuando las fuerzas otomanas sometieron a hasta 1,5 millones de armenios al exterminio sistem\u00e1tico. En la agitaci\u00f3n provocada por la Revoluci\u00f3n Rusa, Armenia emergi\u00f3 brevemente como rep\u00fablica en 1918, solo para ser absorbida por la Uni\u00f3n Sovi\u00e9tica en 1920. Permanecer\u00eda como la Rep\u00fablica Socialista Sovi\u00e9tica de Armenia hasta la disoluci\u00f3n de la Uni\u00f3n Sovi\u00e9tica en 1991, cuando la actual Rep\u00fablica de Armenia reclam\u00f3 su soberan\u00eda.<\/p>\n<p>La geograf\u00eda se impone en cada rinc\u00f3n del pa\u00eds. Con una extensi\u00f3n de unos 29.743 kil\u00f3metros cuadrados, Armenia es abrumadoramente monta\u00f1osa: m\u00e1s del ochenta y cinco por ciento de su superficie se encuentra por encima de los 1.000 metros. R\u00edos caudalosos surcan profundos desfiladeros, y el terreno rara vez desciende por debajo de los 390 metros. El monte Aragats se eleva a 4.090 metros sobre el nivel del mar, mientras que el hist\u00f3rico monte Ararat, ahora dentro de las fronteras de Turqu\u00eda, se alza imponente a 5.137 metros y perdura como un poderoso emblema en el escudo de armas armenio. Dos ecorregiones principales \u2014los bosques mixtos del C\u00e1ucaso y la estepa monta\u00f1osa de Anatolia Oriental\u2014 albergan una rica biodiversidad.<\/p>\n<p>El clima refleja la altitud. Los veranos son calurosos, secos y soleados, atenuados por la baja humedad y las brisas nocturnas de monta\u00f1a que se extienden por los valles. Las cortas primaveras dan paso a oto\u00f1os prolongados, cuando el follaje madura en tonos vibrantes. Los inviernos traen abundante nieve y temperaturas que bajan hasta los -10 \u00b0C, invitando a los entusiastas a las laderas de Tsaghkadzor, a solo media hora de Erev\u00e1n. El lago Sevan, a 1900 metros de altura y el segundo lago m\u00e1s alto del mundo, se congela en invierno, pero en los meses m\u00e1s c\u00e1lidos sirve como lugar de recreo y pesca.<\/p>\n<p>Administrativamente, Armenia se divide en diez provincias, cada una supervisada por un gobernador designado por el gobierno nacional. Erev\u00e1n se distingue por su alcalde elegido directamente y doce distritos semiaut\u00f3nomos. Las provincias se subdividen en comunidades aut\u00f3nomas, que suman novecientas quince, de las cuales cuarenta y nueve son urbanas y ochocientas sesenta y seis rurales. Estas unidades municipales abarcan tanto pueblos como aldeas, reflejando un terreno que alterna entre asentamientos densos y aldeas aisladas.<\/p>\n<p>La econom\u00eda moderna se basa en una combinaci\u00f3n de industria y extracci\u00f3n de minerales, complementada con las remesas de una extensa di\u00e1spora. Antes de 1991, la econom\u00eda armenia de la era sovi\u00e9tica estaba orientada a la industria, produciendo maquinaria, productos electr\u00f3nicos, alimentos procesados \u200b\u200by textiles. Tras la independencia, la participaci\u00f3n de la agricultura en el empleo aument\u00f3 hasta el 40 %, impulsada por imperativos de seguridad alimentaria, antes de estabilizarse en torno al 20 % del PIB a mediados de la d\u00e9cada de 2000. Hoy en d\u00eda, la inversi\u00f3n extranjera \u2014a menudo canalizada a trav\u00e9s de armenios residentes en el extranjero\u2014 desempe\u00f1a un papel crucial en el desarrollo de infraestructuras, tecnolog\u00eda y turismo.<\/p>\n<p>Demogr\u00e1ficamente, Armenia contaba con aproximadamente 3.081.100 habitantes en 2025, lo que la convierte en una de las rep\u00fablicas sovi\u00e9ticas m\u00e1s densamente pobladas. La emigraci\u00f3n aument\u00f3 en la d\u00e9cada de 1990, pero desde entonces ha disminuido, con un modesto crecimiento demogr\u00e1fico observado a partir de 2012. M\u00e1s all\u00e1 de sus fronteras, una vasta di\u00e1spora \u2014estimada en ocho millones\u2014 prospera en Rusia, Francia, Estados Unidos, Ir\u00e1n, L\u00edbano y otros lugares. Persisten comunidades hist\u00f3ricas en Turqu\u00eda, especialmente en los alrededores de Estambul, y peque\u00f1os enclaves armenios perduran en la Ciudad Vieja de Jerusal\u00e9n y en la isla de San L\u00e1zaro, cerca de Venecia, donde el monasterio mequitarista conserva siglos de erudici\u00f3n.<\/p>\n<p>Las personas de etnia armenia constituyen el 98,1 % de la poblaci\u00f3n. Los yazid\u00edes constituyen la minor\u00eda m\u00e1s numerosa, con alrededor del 1,1 %, mientras que los rusos representan aproximadamente el 0,5 %. Otros grupos \u2014asirios, griegos, georgianos, kurdos, jud\u00edos y otros\u2014 se suman al mosaico. Hasta el conflicto de Nagorno-Karabaj, los azerbaiyanos fueron una minor\u00eda significativa, pero pr\u00e1cticamente todos se marcharon para 1990. Por el contrario, las oleadas de refugiados armenios procedentes de Azerbaiy\u00e1n han contribuido a la relativa homogeneidad del pa\u00eds.<\/p>\n<p>El armenio, escrito con un alfabeto ideado alrededor del a\u00f1o 405 d. C. por Mesrop Mashtots, sigue siendo la \u00fanica lengua oficial. Sus treinta y nueve letras \u2014originalmente treinta y seis, a las que se a\u00f1adieron tres posteriormente\u2014 subrayan una tradici\u00f3n literaria que se extiende a lo largo de diecis\u00e9is siglos. El ruso persiste como segunda lengua ampliamente hablada, reflejo de d\u00e9cadas bajo el dominio sovi\u00e9tico, mientras que el ingl\u00e9s ha ganado terreno en las escuelas y los centros urbanos.<\/p>\n<p>La religi\u00f3n se imprime en cada pueblo y ciudad. M\u00e1s del noventa y tres por ciento de los armenios pertenecen a la Iglesia Apost\u00f3lica Armenia. Con ra\u00edces en las misiones de los ap\u00f3stoles Tadeo y Bartolom\u00e9 en el siglo I d. C., pertenece a la comuni\u00f3n ortodoxa oriental. La sede del Catholic\u00f3s en Echmiadzin, con su nave del siglo V, se erige como una de las catedrales m\u00e1s antiguas del mundo. Las congregaciones cat\u00f3licas, tanto armenias como latinas, mantienen su presencia, al igual que las comunidades protestantes, los grupos molokanos de origen ruso y una peque\u00f1a comunidad jud\u00eda concentrada en Erev\u00e1n y Sevan.<\/p>\n<p>El yazidismo sobrevive en las aldeas del altiplano occidental, donde en 2019 se inaugur\u00f3 el templo Quba M\u00ear\u00ea D\u00eewan\u00ea, que revive ritos antiguos. Estas corrientes religiosas coexisten bajo una constituci\u00f3n que reconoce a la Iglesia Apost\u00f3lica Armenia y defiende la libertad de culto para todos.<\/p>\n<p>La arquitectura armenia lleva la marca de los imperativos s\u00edsmicos. Gruesos muros de piedra y perfiles bajos protegen contra temblores, mientras que la abundante toba y basalto local da lugar a edificios de una distinci\u00f3n imperecedera. Aunque quedan pocas estructuras de madera de la antig\u00fcedad, las capitales medievales de Ani y otras resuenan con los contornos de asentamientos desaparecidos. En cada valle, iglesias y monasterios \u2014Geghard excavado en los acantilados, las columnas sim\u00e9tricas de Garni, los portales elaboradamente tallados de Noravank\u2014 hablan de una fusi\u00f3n de artesan\u00eda utilitaria y aspiraci\u00f3n sagrada.<\/p>\n<p>La cocina refleja la convergencia de Oriente y Occidente. Las recetas priorizan la calidad de los ingredientes sobre el exceso de especias. Hierbas frescas, legumbres, frutos secos y frutas como el albaricoque (fruta nacional de Armenia) condimentan los platos, mientras que las hojas de vid o de col sirven como recipientes para rellenos condimentados. La granada, s\u00edmbolo de la fertilidad, impregna tanto las recetas como la iconograf\u00eda. El pan con forma de khachkar, los guisos enriquecidos con ciruela \u00e1cida y los ligeros panes planos horneados en hornos tandoor definen la comida diaria, acompa\u00f1ados de trucha de arroyos de monta\u00f1a o cangrejos de r\u00edo del lago Sevan.<\/p>\n<p>Los turistas encuentran en Armenia una rica diversidad regional. Armenia Central, con Erev\u00e1n como punto de referencia y el centro religioso de Etchmiadzin, alberga el Monasterio de Geghard y la reserva arqueol\u00f3gica de Khor Virap, ambos lugares que ofrecen encuentros \u00edntimos con el patrimonio. La regi\u00f3n del lago Sevan, envuelta en un lago de gran altitud, revela antiguos cementerios con cruces de piedra y playas de verano donde los restaurantes locales se especializan en pescado de agua dulce. Las provincias del norte, bordeadas por Georgia, albergan monasterios rec\u00f3nditos a los que solo se puede acceder por estrechos senderos y albergan Dilijan, un balneario boscoso cuya cambiante oferta culinaria evoca el encanto alpino. En el sur, las gargantas de Vorotan y Amaghu albergan los monasterios de Tatev y Noravank, mientras que las ruinas del caravasar de Selim y los pueblos en los acantilados de Hin Khndzoresk insin\u00faan una zona interior que anta\u00f1o fue la bulliciosa Ruta de la Seda.<\/p>\n<p>Entre los centros urbanos, Erev\u00e1n destaca por sus amplias avenidas y su c\u00f3moda seguridad al anochecer, a pesar de los peque\u00f1os robos ocasionales. Gyumri, afectada por el terremoto de 1988, est\u00e1 experimentando un resurgimiento cultural; Vanadzor, la tercera ciudad m\u00e1s grande, conserva la tranquilidad de la era sovi\u00e9tica; y la ciudad balneario de Jermuk atrae a los visitantes a sus c\u00e1lidas aguas minerales. Tsaghkadzor, con sus telesillas y pistas impecables, sigue siendo el principal destino de deportes de invierno del pa\u00eds.<\/p>\n<p>Los viajeros usan el dram (AMD) para sus transacciones diarias. Las monedas oscilan entre 10 y 500 drams; los billetes, hasta 100.000 drams. Cambiar d\u00f3lares, euros o rublos es sencillo, generalmente sin comisiones; los cajeros autom\u00e1ticos de las principales redes se encuentran por todas partes en las zonas urbanas, pero fuera de Erev\u00e1n, el efectivo suele ser indispensable.<\/p>\n<p>La seguridad en Armenia es notable. Los lugare\u00f1os valoran la hospitalidad, y las aceras en Erev\u00e1n y sus alrededores se sienten seguras incluso al anochecer. Se recomienda precauci\u00f3n con los taxistas sin licencia: acordar la tarifa con antelaci\u00f3n o usar aplicaciones oficiales puede evitar disputas. Desde la Revoluci\u00f3n de Terciopelo de 2018, la corrupci\u00f3n menor que afecta a los turistas ha disminuido. Las miradas de los transe\u00fantes generalmente reflejan curiosidad m\u00e1s que hostilidad, y el racismo manifiesto es poco frecuente. Sin embargo, los visitantes LGBT deben ser discretos, ya que la aceptaci\u00f3n social sigue siendo limitada y las uniones entre personas del mismo sexo no est\u00e1n reconocidas a nivel nacional.<\/p>\n<p>Respetar las costumbres locales enriquece cualquier estancia. Vestimenta modesta y tocados para las mujeres es adecuado para las visitas a la iglesia; los hombres se quitan el sombrero en interiores. Encender una vela en la capilla de un monasterio es un gesto opcional de reverencia. Entablar una conversaci\u00f3n con armenios sobre historia o cultura despierta un inter\u00e9s genuino, pero entrar en materia bruscamente sin la habitual charla informal puede parecer brusco. Se espera respeto a los mayores en el transporte p\u00fablico, y el principio de hospitalidad invita a los anfitriones a garantizar la comodidad de los hu\u00e9spedes; negarse a comer o beber m\u00e1s puede poner a prueba la cortes\u00eda armenia.<\/p>\n<p>Para las personas con doble nacionalidad, el derecho a la ciudadan\u00eda m\u00faltiple coexiste con obligaciones: los hombres armenios de entre dieciocho y veintisiete a\u00f1os deben realizar el servicio militar, independientemente de si poseen otros pasaportes. Evitar dicho deber conlleva sanciones legales. El prolongado conflicto con Azerbaiy\u00e1n aconseja precauci\u00f3n cerca de las zonas fronterizas, donde persisten escaramuzas ocasionales y las fuerzas de paz rusas vigilan el corredor de Lach\u00edn.<\/p>\n<p>Armenia se erige a la vez como una cr\u00f3nica viviente de civilizaciones y una naci\u00f3n que forja su camino en el siglo XXI. Sus colinas y mesetas trazan las huellas de n\u00f3madas, cruzados y comerciantes. En la textura de sus muros de piedra, las oraciones en sus capillas y el sabor de sus comidas cuidadosamente preparadas, el pa\u00eds se revela no a trav\u00e9s de grandes declaraciones, sino a trav\u00e9s de la serena resistencia de un pueblo que ha conocido tanto la p\u00e9rdida como la renovaci\u00f3n. Para quienes se dejan llevar por sus ritmos, Armenia ofrece un relato puro y elocuente de la historia que llega hasta el presente.<\/p>","protected":false},"excerpt":{"rendered":"<p>Armenia, situada en el altiplano armenio de Asia Occidental, goza de una ubicaci\u00f3n estrat\u00e9gica en la confluencia de Europa y Asia. Es un peque\u00f1o pero importante pa\u00eds del C\u00e1ucaso Sur, con una poblaci\u00f3n de aproximadamente 2,9 millones de habitantes. Casi un tercio de la poblaci\u00f3n nacional reside en Erev\u00e1n, la capital y ciudad m\u00e1s grande del pa\u00eds, que act\u00faa como un importante centro cultural y econ\u00f3mico.<\/p>","protected":false},"author":1,"featured_media":3821,"parent":24078,"menu_order":0,"comment_status":"closed","ping_status":"closed","template":"elementor_theme","meta":{"_eb_attr":"","footnotes":""},"class_list":["post-14631","page","type-page","status-publish","has-post-thumbnail"],"_links":{"self":[{"href":"https:\/\/travelshelper.com\/es\/wp-json\/wp\/v2\/pages\/14631","targetHints":{"allow":["GET"]}}],"collection":[{"href":"https:\/\/travelshelper.com\/es\/wp-json\/wp\/v2\/pages"}],"about":[{"href":"https:\/\/travelshelper.com\/es\/wp-json\/wp\/v2\/types\/page"}],"author":[{"embeddable":true,"href":"https:\/\/travelshelper.com\/es\/wp-json\/wp\/v2\/users\/1"}],"replies":[{"embeddable":true,"href":"https:\/\/travelshelper.com\/es\/wp-json\/wp\/v2\/comments?post=14631"}],"version-history":[{"count":0,"href":"https:\/\/travelshelper.com\/es\/wp-json\/wp\/v2\/pages\/14631\/revisions"}],"up":[{"embeddable":true,"href":"https:\/\/travelshelper.com\/es\/wp-json\/wp\/v2\/pages\/24078"}],"wp:featuredmedia":[{"embeddable":true,"href":"https:\/\/travelshelper.com\/es\/wp-json\/wp\/v2\/media\/3821"}],"wp:attachment":[{"href":"https:\/\/travelshelper.com\/es\/wp-json\/wp\/v2\/media?parent=14631"}],"curies":[{"name":"wp","href":"https:\/\/api.w.org\/{rel}","templated":true}]}}