{"id":14519,"date":"2024-09-19T17:42:33","date_gmt":"2024-09-19T17:42:33","guid":{"rendered":"https:\/\/travelshelper.com\/staging\/?page_id=14519"},"modified":"2026-03-11T22:28:37","modified_gmt":"2026-03-11T22:28:37","slug":"mostar","status":"publish","type":"page","link":"https:\/\/travelshelper.com\/es\/destinations\/europe\/bosnia-and-herzegovina\/mostar\/","title":{"rendered":"Mostar"},"content":{"rendered":"<p>Mostar ocupa una estrecha garganta donde las corrientes color esmeralda del r\u00edo Neretva se abren paso entre laderas rocosas. Como centro administrativo del cant\u00f3n de Herzegovina-Neretva en la Federaci\u00f3n de Bosnia y Herzegovina, tambi\u00e9n conserva el legado de su antigua condici\u00f3n de capital hist\u00f3rica de Herzegovina. Hoy en d\u00eda, la ciudad ocupa el quinto lugar en poblaci\u00f3n del pa\u00eds; sin embargo, su compacto tejido urbano esconde una compleja historia, conflicto y renovaci\u00f3n que se remonta a siglos atr\u00e1s.<\/p>\n<p>Desde la conquista otomana de mediados del siglo XV, la identidad de Mostar se volvi\u00f3 inseparable del Puente Viejo, o Stari Most. Encargado por el sult\u00e1n Solim\u00e1n el Magn\u00edfico y terminado en 1566, el arco de piedra de un solo arco med\u00eda 28,7 m de ancho y se elevaba 21 m sobre la l\u00ednea de flotaci\u00f3n en verano. Su b\u00f3veda semicircular perfecta, elaborada con bloques de piedra caliza labrada con relleno de piedra fracturada, encarnaba una confianza experimental. La leyenda local atribuye su dise\u00f1o a Hajrudin, disc\u00edpulo del gran arquitecto Sinan; en realidad, se encontraba entre las mayores proezas de ingenier\u00eda civil de los Balcanes otomanos. Las torres que flanquean el puente \u2014Halebija y Tara\u2014 albergaron en su d\u00eda tanto a los guardianes como a las municiones, y su s\u00f3lida mamposter\u00eda subrayaba el prop\u00f3sito tanto marcial como c\u00edvico del cruce.<\/p>\n<p>M\u00e1s all\u00e1 del puente, los antecedentes medievales de Mostar solo dejaron fragmentos. La Torre Hercegova, un solitario vestigio de las fortificaciones tempranas, se alza sobre la orilla oriental. Al otro lado del r\u00edo, las ambiciones otomanas transformaron la ciudad. Los administradores del reci\u00e9n establecido sanjak invirtieron en complejos de mezquitas que combinaban salas de oraci\u00f3n, escuelas cor\u00e1nicas, mercados y comedores sociales, integrando la fe y el bienestar social en un solo recinto. La mezquita Cejvan Cehaj, que data de 1552, se erige como el lugar de culto musulm\u00e1n m\u00e1s antiguo que se conserva. Cerca de all\u00ed, el Kriva \u0106uprija \u2014su diminuto &#034;Puente Inclinado&#034; de 1558\u2014 prefigur\u00f3 el propio Puente Viejo, sirviendo tanto como ensayo t\u00e9cnico como enlace entre lo que se convertir\u00eda en los barrios comerciales.<\/p>\n<p>A lo largo de tres siglos, el paisaje urbano absorbi\u00f3 sucesivas capas de influencia. Las casas otomanas tard\u00edas emplearon una distribuci\u00f3n dom\u00e9stica distintiva: un sal\u00f3n en la planta baja, un patio pavimentado y una planta residencial superior que daba a una veranda. La Casa Muslibegovi\u0107, erigida hace unos tres siglos, sigue siendo quiz\u00e1s el mejor ejemplo, con su planta de cuatro plantas que encierra patios separados para mujeres y hombres y revelando influencias mediterr\u00e1neas en su entrada de doble arco. Siete de las trece mezquitas originales de los siglos XVI y XVII fueron v\u00edctimas de demoliciones ideol\u00f3gicas o guerras en el siglo XX; la Mezquita Kara\u0111oz Bey (1557) persiste, al igual que la Mezquita Koski Mehmed Pa\u0161a (1617), esta \u00faltima reconstruida tras las ruinas de la guerra y hoy abierta a los visitantes que suben a su minarete para disfrutar de una amplia vista de la Ciudad Vieja.<\/p>\n<p>El comienzo del siglo XX marc\u00f3 el comienzo del dominio austroh\u00fangaro, que trajo edificios p\u00fablicos neocl\u00e1sicos y secesionistas a las calles de Mostar. La Catedral Ortodoxa de la Sant\u00edsima Trinidad, terminada en 1873 como regalo del sult\u00e1n Abdul Aziz, y la iglesia franciscana de estilo italianizante reafirman la presencia cristiana junto a las mezquitas y la sinagoga de principios del siglo XX, ahora reconvertida en teatro tras los da\u00f1os de la Segunda Guerra Mundial. Posadas, comercios, curtidur\u00edas y fuentes dan testimonio de una anta\u00f1o pr\u00f3spera econom\u00eda artesanal; muchos escaparates a\u00fan exhiben objetos de cobre, tallas de bronce y motivos de granada \u2014este \u00faltimo, emblema de Herzegovina\u2014, mientras que el bazar Kujund\u017eiluk conserva su nombre de \u00abcalle de los orfebres\u00bb.<\/p>\n<p>Todos estos elementos fueron reconocidos en 2005, cuando la UNESCO declar\u00f3 la zona del Puente Viejo de la Ciudad Vieja de Mostar como Patrimonio de la Humanidad, destacando su importancia cultural y su excepcional ejemplo de arquitectura isl\u00e1mica balc\u00e1nica del siglo XVI. El \u00e1rea designada abarca 7,6 ha, con una zona de amortiguamiento que se extiende hasta 47,6 ha.<\/p>\n<p>Sin embargo, la sombra de la guerra se apoder\u00f3 de ella con una fuerza devastadora. Durante el conflicto de 1992-1995 que desgarr\u00f3 Yugoslavia, Mostar fue la ciudad m\u00e1s bombardeada de Bosnia y Herzegovina. Los ataques a\u00e9reos y la artiller\u00eda azotaron barrios civiles, monumentos culturales y la columna vertebral del tejido urbano. En noviembre de 1993, el Stari Most se derrumb\u00f3 bajo el fuego de artiller\u00eda de las fuerzas del Consejo de Defensa Croata. Siete mezquitas, casas y puentes sucumbieron a los combates y las luchas \u00e9tnicas, dejando la ciudad dividida por nuevas l\u00edneas divisorias.<\/p>\n<p>La reconstrucci\u00f3n comenz\u00f3 en serio con apoyo internacional. Los bloques de piedra rescatados del lecho del r\u00edo proporcionaron el material original para la minuciosa reconstrucci\u00f3n. Para 2004, casi once a\u00f1os despu\u00e9s de la ca\u00edda del puente, el Puente Viejo se alz\u00f3 de nuevo, con su eco de las l\u00edneas del siglo XVI restaurado. Un museo junto al cruce, inaugurado en 2006, documenta tanto los cimientos medievales descubiertos bajo la plaza como los m\u00e9todos de ingenier\u00eda modernos empleados en la reconstrucci\u00f3n.<\/p>\n<p>Tras la guerra, la demograf\u00eda de Mostar experiment\u00f3 un cambio dr\u00e1stico. Antes de 1992, la ciudad se encontraba entre las de mayor diversidad \u00e9tnica del pa\u00eds. Hoy en d\u00eda, los croatas constituyen una mayor\u00eda en los distritos occidentales (48,4% de la poblaci\u00f3n municipal), los bosnios predominan en el este (44,1%) y los serbios representan poco m\u00e1s del 4%. Los censos electorales de 2008 revelan que tres distritos occidentales, de mayor\u00eda croata, registraron unos 53.917 electores, mientras que el distrito oriental, de mayor\u00eda bosnia, registr\u00f3 34.712. La brecha urbana persiste en la educaci\u00f3n, las instituciones culturales y el espacio p\u00fablico, aunque los sitios patrimoniales compartidos atraen turistas a trav\u00e9s de las antiguas l\u00edneas de frente.<\/p>\n<p>La Mostar moderna se basa en algo m\u00e1s que la memoria y los monumentos. Su econom\u00eda se sustenta en la fabricaci\u00f3n de aluminio y metales, la banca y las telecomunicaciones. Aluminij Industries, anta\u00f1o pilar de la metalurgia yugoslava, sigue siendo un importante exportador y genera aproximadamente 40 millones de euros anuales para el erario municipal. Entre los tres bancos m\u00e1s grandes de Bosnia y Herzegovina, uno tiene su sede en Mostar. La ciudad tambi\u00e9n alberga la empresa el\u00e9ctrica nacional (Elektroprivreda HZHB), una empresa de correos (Hrvatska po\u0161ta Mostar) y un importante operador de telecomunicaciones (HT Eronet). Estas empresas p\u00fablicas, junto con las pymes privadas, impulsan un clima empresarial que se ha recuperado notablemente desde la guerra.<\/p>\n<p>Cada primavera, la Feria Econ\u00f3mica Internacional re\u00fane a empresas locales y delegaciones extranjeras, revitalizando una tradici\u00f3n comercial que anta\u00f1o fue la base de la prosperidad de Herzegovina. Los planes para instalaciones de energ\u00eda e\u00f3lica y la expansi\u00f3n de la Ruta de \u0106iro \u2014una ruta ciclista de 157 km que sigue el antiguo ferrocarril de v\u00eda estrecha hacia Dubrovnik\u2014 apuntan a la diversificaci\u00f3n energ\u00e9tica y tur\u00edstica. Tres presas hidroel\u00e9ctricas en las afueras de la ciudad ya suministran energ\u00eda renovable.<\/p>\n<p>Clim\u00e1ticamente, Mostar se encuentra en la confluencia del calor mediterr\u00e1neo y la humedad interior. Seg\u00fan la clasificaci\u00f3n de K\u00f6ppen, se clasifica en un r\u00e9gimen Cfa modificado: los inviernos son frescos y h\u00famedos, y los veranos calurosos y relativamente secos. En enero la temperatura media ronda los 5 \u00b0C, en julio los 26 \u00b0C, y las temperaturas pueden superar los 40 \u00b0C; la m\u00e1xima hist\u00f3rica se sit\u00faa en 46,2 \u00b0C, registrada en 1901 y sin parang\u00f3n en ning\u00fan otro lugar del pa\u00eds. El sol predomina de junio a septiembre, lo que le ha valido a Mostar el t\u00edtulo de la ciudad m\u00e1s soleada de Bosnia y Herzegovina, con unas 2291 horas anuales. Las nevadas son escasas y rara vez se prolongan.<\/p>\n<p>M\u00e1s all\u00e1 de sus monumentos principales, Mostar ofrece m\u00faltiples capas de historia al visitante atento. El Cementerio Conmemorativo de los Partisanos de la Segunda Guerra Mundial, dise\u00f1ado con contornos org\u00e1nicos de piedra y agua por Bogdan Bogdanovi\u0107, combina la vegetaci\u00f3n natural con una arquitectura solemne. Los restos paleocristianos de Cim, los hamams otomanos, el cementerio conmemorativo jud\u00edo y una torre del reloj de origen otomano dan testimonio de una multiplicidad de religiones y \u00e9pocas. El Palacio Metropolitano (1908) y la Catedral de la Sant\u00edsima Trinidad reflejan la influencia austroh\u00fangara. El Puente Torcido, cuyo esbelto tramo es un eco menor del Stari Most, se encuentra entre los barrios comerciales.<\/p>\n<p>Las excursiones a Herzegovina ampl\u00edan la narrativa de la ciudad. Cerca se encuentran el santuario de peregrinaci\u00f3n de Medjugorje, el monasterio derviche de Tekija en Blagaj, bajo un escarpado acantilado, y la fortaleza medieval de Po\u010ditelj, con sus fortificaciones de la \u00e9poca otomana. Las cascadas de Kravica, la villa r\u00fastica romana de Mogorjelo, los t\u00famulos prehist\u00f3ricos de Stolac y la cueva Vjetrenica en el karst cerca de Popovo Polje ofrecen instant\u00e1neas de la historia humana y geol\u00f3gica. Un corto trayecto en coche lleva al parque natural de Hutovo Blato o a la costa adri\u00e1tica v\u00eda Neum.<\/p>\n<p>Las v\u00edas de acceso a Mostar reflejan su confluencia de tradici\u00f3n y transici\u00f3n. Las estaciones de autob\u00fas, tanto en el flanco este como en el oeste, conectan la ciudad con Sarajevo, Zagreb y Dubrovnik, as\u00ed como con los centros regionales de Bosnia y Herzegovina. Hay trenes dos veces al d\u00eda con la capital del interior. Por carretera, la autopista A1 desde Croacia conduce al paso fronterizo de Bija\u010da, para luego continuar por una pintoresca ruta por el valle del Neretva hacia Sarajevo. Los vuelos en el Aeropuerto Internacional de Mostar, a 7,5 km al sur de la estaci\u00f3n, conectan regularmente con Zagreb, Belgrado, Estambul y destinos italianos de temporada. Los autobuses locales conectan el aeropuerto con vuelos a Croacia, aunque los viajeros suelen recurrir a los taxis para conexiones m\u00e1s largas.<\/p>\n<p>En el casco antiguo, calles adoquinadas ascienden hacia caf\u00e9s y talleres de artesan\u00eda. Los artesanos a\u00fan martillan bandejas de cobre, pintan miniaturas de Stari Most y tallan motivos de hojas de granado en madera. El antiguo bazar, Kujund\u017eiluk, conserva su car\u00e1cter de enclave de orfebres y pintores. Con la larga luz del verano, los buceadores del Club de Buceo de Mostar se lanzan desde el puente al r\u00edo turbulento, ganando monedas lanzadas por los curiosos y preservando un rito de valent\u00eda centenario.<\/p>\n<p>Mostar no es una ciudad de contrastes f\u00e1ciles. Sus elegantes arcos y ornamentadas fachadas ocultan las grietas de la memoria y los continuos esfuerzos de reconciliaci\u00f3n. Sin embargo, cada piedra es testigo tanto de la violencia de la ruptura como de la paciencia de la restauraci\u00f3n. En sus estrechas calles y soleadas plazas, el fluir del Neretva se mantiene como un contrapunto constante: a la vez una fuerza renovadora y un reflejo de las innumerables facetas de la ciudad.<\/p>","protected":false},"excerpt":{"rendered":"<p>Mostar, con una poblaci\u00f3n de aproximadamente 113.000 habitantes, es el centro administrativo del cant\u00f3n de Herzegovina-Neretva, dentro de la Federaci\u00f3n de Bosnia y Herzegovina. Mostar, situada a orillas del r\u00edo Neretva, es la quinta ciudad m\u00e1s grande de Bosnia y Herzegovina y la antigua capital de Herzegovina. Derivado de la palabra &#034;mostari&#034;, o guardianes del puente, el nombre de la ciudad refleja su estrecha relaci\u00f3n con el famoso Stari Most (Puente Viejo), que ha llegado a representar no solo a Mostar, sino tambi\u00e9n al rico mosaico cultural de toda la zona.<\/p>","protected":false},"author":1,"featured_media":3616,"parent":14500,"menu_order":0,"comment_status":"closed","ping_status":"closed","template":"elementor_theme","meta":{"_eb_attr":"","footnotes":""},"class_list":["post-14519","page","type-page","status-publish","has-post-thumbnail"],"_links":{"self":[{"href":"https:\/\/travelshelper.com\/es\/wp-json\/wp\/v2\/pages\/14519","targetHints":{"allow":["GET"]}}],"collection":[{"href":"https:\/\/travelshelper.com\/es\/wp-json\/wp\/v2\/pages"}],"about":[{"href":"https:\/\/travelshelper.com\/es\/wp-json\/wp\/v2\/types\/page"}],"author":[{"embeddable":true,"href":"https:\/\/travelshelper.com\/es\/wp-json\/wp\/v2\/users\/1"}],"replies":[{"embeddable":true,"href":"https:\/\/travelshelper.com\/es\/wp-json\/wp\/v2\/comments?post=14519"}],"version-history":[{"count":0,"href":"https:\/\/travelshelper.com\/es\/wp-json\/wp\/v2\/pages\/14519\/revisions"}],"up":[{"embeddable":true,"href":"https:\/\/travelshelper.com\/es\/wp-json\/wp\/v2\/pages\/14500"}],"wp:featuredmedia":[{"embeddable":true,"href":"https:\/\/travelshelper.com\/es\/wp-json\/wp\/v2\/media\/3616"}],"wp:attachment":[{"href":"https:\/\/travelshelper.com\/es\/wp-json\/wp\/v2\/media?parent=14519"}],"curies":[{"name":"wp","href":"https:\/\/api.w.org\/{rel}","templated":true}]}}