{"id":14441,"date":"2024-09-19T14:22:28","date_gmt":"2024-09-19T14:22:28","guid":{"rendered":"https:\/\/travelshelper.com\/staging\/?page_id=14441"},"modified":"2026-03-11T22:44:30","modified_gmt":"2026-03-11T22:44:30","slug":"zadar","status":"publish","type":"page","link":"https:\/\/travelshelper.com\/es\/destinations\/europe\/croatia\/zadar\/","title":{"rendered":"Zadar"},"content":{"rendered":"<p>Zadar ocupa un esbelto promontorio en el extremo noreste del Adri\u00e1tico, y su tejido urbano se entrelaza con m\u00e1s de dos milenios de historia mediterr\u00e1nea. Hoy en d\u00eda, esta ciudad croata de aproximadamente setenta mil habitantes se erige como el centro habitado de forma continua m\u00e1s antiguo del pa\u00eds, un lugar donde las propias piedras dan testimonio de las \u00e9pocas romana, veneciana, austriaca, italiana y yugoslava. Su puerto, situado frente a las islas de Ugljan y Pa\u0161man, a\u00fan ofrece una entrada protegida desde el mar, aunque el foso que anta\u00f1o separaba el cabo del continente est\u00e1 obstruido desde hace tiempo. A simple vista, las estrechas calles sugieren iglesias medievales y murallas; m\u00e1s all\u00e1, bastiones renacentistas se asoman a una moderna instalaci\u00f3n portuaria que conecta la ciudad con las costas europeas en ferry y con el cielo en un aeropuerto a catorce kil\u00f3metros tierra adentro.<\/p>\n<p>Los contornos contempor\u00e1neos de Zadar se trazaron por primera vez bajo el dominio romano, cuando Julio C\u00e9sar y Augusto fortificaron el asentamiento, erigiendo un foro, una bas\u00edlica y un templo en su centro, y construyendo acueductos para el suministro de agua potable. Persisten vestigios de aquellas construcciones. Dos amplias plazas permanecen adornadas con columnas de m\u00e1rmol, mientras que m\u00e1s all\u00e1 de las murallas, un acueducto fragmentado evoca las ambiciones de los ingenieros romanos. Donde antes se alzaban anfiteatros y cementerios, se form\u00f3 la ciudad medieval, con sus iglesias y casas mon\u00e1sticas que gradualmente enmarcaron la antigua huella.<\/p>\n<p>Desde la Edad Media, la silueta de Zadar se mantuvo pr\u00e1cticamente intacta. A principios del siglo XVI, los gobernantes venecianos reforzaron sus defensas con nuevas murallas, bastiones y trincheras. Aunque estas trincheras, conocidas localmente como la Fo\u0161a, quedaron sepultadas durante la ocupaci\u00f3n italiana, la administraci\u00f3n austriaca de finales del siglo XIX transform\u00f3 las murallas terrestres en paseos, ofreciendo amplios paseos y vistas imponentes tanto del mar como de tierra firme. De las cuatro puertas originales de la ciudad, la Porta Marina incorpora fragmentos de un arco romano, mientras que la Porta di Terraferma lleva la firma de Michele Sanmicheli, el arquitecto veron\u00e9s cuyo dise\u00f1o perdura sobre el ornamentado portal.<\/p>\n<p>Marcada por los bombardeos de la Segunda Guerra Mundial, Zadar conserva, no obstante, una extraordinaria concentraci\u00f3n de monumentos. Su Foro Romano sigue siendo el m\u00e1s grande de la regi\u00f3n, fundado bajo Augusto y marcado por inscripciones del siglo III. Cerca de all\u00ed, la Iglesia de San Donato \u2014una imponente rotonda del siglo IX\u2014 se alza como el edificio prerrom\u00e1nico m\u00e1s significativo de Dalmacia. Su amplia c\u00fapula y galer\u00eda de dos niveles enmarcan tres \u00e1bsides orientales, y en su interior se conserva el b\u00e1culo pastoral del obispo Valaresso, realizado en 1460. En el recinto de la catedral, la Bas\u00edlica de Santa Anastasia se alza con imponente estilo rom\u00e1nico: dos campanarios se extienden a lo largo de una austera nave construida entre los siglos XII y XIII.<\/p>\n<p>En otros lugares, la simplicidad rom\u00e1nica da paso al g\u00f3tico y a estilos posteriores. La Iglesia de San Francisco, donde se firm\u00f3 el tratado de paz de 1358, alberga la siller\u00eda del coro, tallada en 1394 por Giovanni di Giacomo da Borgo San Sepolcro. En la Plaza de los Cinco Pozos, las sombras mezcladas de la distribuci\u00f3n del agua evocan otra \u00e9poca de vida comunitaria. Una Puerta de Tierra del siglo XIX y la Ciudadela del siglo XV a\u00fan enmarcan la entrada al casco antiguo, mientras que el Gran Arsenal y la logia, reconstruidos en 1565, hablan de las ambiciones mar\u00edtimas y c\u00edvicas de Zadar. M\u00e1s all\u00e1, el palacio episcopal y el antiguo palacio de los priores insin\u00faan el papel perdurable de la Iglesia y el Estado. Y, m\u00e1s recientemente, las suaves corrientes del Adri\u00e1tico ondean sobre los escalones de un moderno \u00f3rgano marino, testimonio del di\u00e1logo continuo de la ciudad entre la antig\u00fcedad y la innovaci\u00f3n.<\/p>\n<p>El clima de Zadar se caracteriza por su ubicaci\u00f3n costera, en la frontera entre las influencias mediterr\u00e1nea y subtropical h\u00fameda. Los inviernos son suaves y h\u00famedos, con temperaturas medias en enero de alrededor de 7,7 \u00b0C; las olas de fr\u00edo intenso son poco frecuentes, aunque se registraron m\u00ednimas de -12 \u00b0C en la estaci\u00f3n de Zemunik en febrero de 2018. Los meses de verano traen calor y humedad constantes, con m\u00e1ximas de entre 29 y 30 \u00b0C en julio y agosto. El d\u00eda m\u00e1s caluroso registrado, el 5 de agosto de 2017, el term\u00f3metro alcanz\u00f3 los 40 \u00b0C en la estaci\u00f3n moderna, mientras que el term\u00f3metro urbano m\u00e1s antiguo alcanz\u00f3 un m\u00e1ximo de 39 \u00b0C el 6 de agosto de 2022. Puede llover en cualquier \u00e9poca del a\u00f1o, pero el oto\u00f1o y la primavera son los meses con mayor precipitaci\u00f3n: octubre y noviembre registran unos 115 mm de precipitaci\u00f3n cada uno, mientras que julio sigue siendo el m\u00e1s seco, con unos 35 mm. La nieve es casi desconocida en las estrechas calles de la ciudad; aparece quiz\u00e1s una vez cada invierno, pero el mar en s\u00ed sigue un ritmo estacional constante: desde 10 \u00b0C en febrero hasta 25 \u00b0C en pleno verano, y ocasionalmente llega a alcanzar los 29 \u00b0C.<\/p>\n<p>La poblaci\u00f3n de Zadar ocupa 25 km\u00b2 de pen\u00ednsula y las colinas circundantes. En 2011, poco m\u00e1s de setenta y cinco mil personas resid\u00edan en la ciudad, lo que la convierte en el segundo centro m\u00e1s grande de Dalmacia y el quinto de Croacia. Una d\u00e9cada despu\u00e9s, el censo de 2021 contabiliz\u00f3 70.779 habitantes, de los cuales casi el 95 % se identificaba como croata y aproximadamente el 2 % como serbio. La otrora vibrante comunidad de italianos d\u00e1lmatas, que contaba con m\u00e1s de nueve mil habitantes alrededor de 1910, disminuy\u00f3 durante y despu\u00e9s de la Segunda Guerra Mundial, dejando menos de cien residentes en la actualidad.<\/p>\n<p>Estas cifras trazan el arco de las afiliaciones pol\u00edticas y culturales de Zadar. Durante siglos, la ciudad fue la capital de la Dalmacia veneciana; sus calles reflejaban tanto el refinamiento italianizante como la tradici\u00f3n eslava. Entre los siglos XV y XVII, alberg\u00f3 a pintores, escultores y arquitectos, entre ellos Giorgio da Sebenico y Francesco Laurana, y se convirti\u00f3 en un foco de actividad literaria croata. Petar Zorani\u0107 escribi\u00f3 Planine, la primera novela de la naci\u00f3n, y Jerolim Vidoli\u0107, Brne Karnaruti\u0107 y Juraj Barakovi\u0107 contribuyeron a un corpus de narrativa vern\u00e1cula. Bajo el dominio franc\u00e9s, de 1806 a 1810, la prensa de Zadar public\u00f3 Il Regio Dalmata, un peri\u00f3dico biling\u00fce impreso en italiano y croata, la primera aparici\u00f3n de este \u00faltimo en formato peri\u00f3dico. Los resurgimientos nacionales de finales del siglo XIX consolidaron a\u00fan m\u00e1s la doble herencia de la ciudad.<\/p>\n<p>La vida cultural se mantiene activa. El Teatro Croata ocupa una sala neocl\u00e1sica en las afueras de la ciudad. El Museo Nacional y el Museo Arqueol\u00f3gico, fundados en 1830, exhiben artefactos desde la prehistoria hasta el Renacimiento, mientras que el Museo del Vidrio Antiguo rastrea las t\u00e9cnicas locales de tallado y soplado. Una exposici\u00f3n permanente de arte sacro, &#034;El oro y la plata de Zadar&#034;, revela la orfebrer\u00eda y los relicarios eclesi\u00e1sticos dentro de los muros de una antigua iglesia. La m\u00fasica tambi\u00e9n perdura: la Sociedad Musical Croata de Canto Zorani\u0107, fundada en 1885, contin\u00faa su tradici\u00f3n coral, y cada verano las tranquilas resonancias de las &#034;Veladas Musicales en San Donato&#034;, iniciadas en 1961, se mezclan con la brisa del Adri\u00e1tico. Desde 1997, un concurso coral internacional ha tra\u00eddo voces del extranjero para cantar bajo los arcos medievales de Zadar.<\/p>\n<p>La vida acad\u00e9mica, interrumpida en 1807, se reanud\u00f3 en 2002 con la refundaci\u00f3n de la Universidad de Zadar, cuyo antecedente medieval data de 1396. Sus bibliotecas albergan el archivo c\u00edvico, mientras que las facultades se basan en el papel de la ciudad como centro educativo, industrial y de transporte para el norte de Dalmacia. Administrativamente, Zadar es la sede de su condado y de la regi\u00f3n en general, un centro de comercio y gobierno.<\/p>\n<p>Las conexiones de transporte reflejan el papel de la ciudad como terminal y v\u00eda principal. La autopista costera del Adri\u00e1tico atraviesa Zadar, conectando Split al sur con Rijeka y Zagreb por rutas interiores; dos intercambiadores \u2014Zadar 1 y Zadar 2\u2014 dan acceso a la red urbana, mientras que la autopista D424 conduce al puerto de Ga\u017eenica. Por tierra, los autobuses ofrecen el \u00fanico servicio p\u00fablico, con autocares interurbanos en la estaci\u00f3n principal y rutas suburbanas gestionadas por la compa\u00f1\u00eda Liburnija. El ferrocarril, que en su d\u00eda conectaba Zadar con Knin y otras ciudades, ces\u00f3 sus operaciones de transporte de pasajeros en 2020, convirti\u00e9ndola en una de las ciudades m\u00e1s grandes de Europa sin conexi\u00f3n ferroviaria directa. Desde el mar, los transbordadores de coches zarpan a diario a Ancona, en Italia, y los catamaranes y transbordadores locales prestan servicio a las islas del archipi\u00e9lago. En el aeropuerto de Zemunik, las aerol\u00edneas de bajo coste ampl\u00edan sus horarios de verano, lo que impulsa un aumento medio anual del tr\u00e1fico de aproximadamente el 30 %.<\/p>\n<p>Sin embargo, el turismo sigue siendo un elemento central de la vida moderna de Zadar. Los visitantes se sienten atra\u00eddos no solo por su rico patrimonio, sino tambi\u00e9n por la capacidad de la ciudad para acogerlos. El puerto de Ga\u017eenica ofrece amarres para yates privados; el casco antiguo se despliega en serpenteantes callejones donde los caf\u00e9s se api\u00f1an contra los muros de las iglesias; esculturas contempor\u00e1neas, pel\u00edculas y exposiciones animan las plazas p\u00fablicas. La prensa brit\u00e1nica ha destacado esta vitalidad \u2014The Times llam\u00f3 a Zadar &#034;el centro de entretenimiento del Adri\u00e1tico&#034;, mientras que The Guardian la bautiz\u00f3 como &#034;la nueva capital de la moda de Croacia&#034; en 2017\u2014, pero tales ep\u00edtetos solo insin\u00faan la verdadera naturaleza de la ciudad. Al amanecer, los escalones del malec\u00f3n que albergan los evocadores tonos del \u00f3rgano parecen atemporales. Al atardecer, las armon\u00edas tintineantes se mezclan con los graznidos de las gaviotas, y los visitantes se detienen a contemplar la luz fugaz sobre siglos de piedra.<\/p>\n<p>En esos momentos, Zadar se revela no como un museo est\u00e1tico, sino como un lugar donde la historia, el clima y la cultura dialogan constantemente. Cada p\u00f3rtico de iglesia, cada tramo de muralla, atestigua la supervivencia bajo soberan\u00edas cambiantes. Sus ciudadanos trazan rutas familiares del puerto a la plaza, del parque del promontorio a la muralla elevada, llevando adelante los ritmos de la vida cotidiana en una ciudad moldeada por el imperio y el mar. Aqu\u00ed, en el escenario m\u00e1s antiguo de Croacia, persiste el hilo ininterrumpido de la presencia humana, no como un artefacto, sino como una historia continua, una en la que el presente se convierte, a su debido tiempo, en el pasado que ser\u00e1 reimaginado por quienes lo siguen.<\/p>","protected":false},"excerpt":{"rendered":"<p>Zadar, reconocida como la ciudad habitada m\u00e1s antigua de Croacia, se encuentra en la zona noroeste de Ravni Kotari, a orillas del mar Adri\u00e1tico. Con una poblaci\u00f3n de 75.082 habitantes en 2011, Zadar se posicion\u00f3 como la quinta ciudad m\u00e1s grande de Croacia y la segunda de Dalmacia. Con una combinaci\u00f3n de legado hist\u00f3rico y relevancia moderna, este centro metropolitano de 25 kil\u00f3metros cuadrados (9,7 millas cuadradas) sirve como sede administrativa del condado de Zadar y de la zona norte de Dalmacia.<\/p>","protected":false},"author":1,"featured_media":2861,"parent":14435,"menu_order":0,"comment_status":"closed","ping_status":"closed","template":"elementor_theme","meta":{"_eb_attr":"","footnotes":""},"class_list":["post-14441","page","type-page","status-publish","has-post-thumbnail"],"_links":{"self":[{"href":"https:\/\/travelshelper.com\/es\/wp-json\/wp\/v2\/pages\/14441","targetHints":{"allow":["GET"]}}],"collection":[{"href":"https:\/\/travelshelper.com\/es\/wp-json\/wp\/v2\/pages"}],"about":[{"href":"https:\/\/travelshelper.com\/es\/wp-json\/wp\/v2\/types\/page"}],"author":[{"embeddable":true,"href":"https:\/\/travelshelper.com\/es\/wp-json\/wp\/v2\/users\/1"}],"replies":[{"embeddable":true,"href":"https:\/\/travelshelper.com\/es\/wp-json\/wp\/v2\/comments?post=14441"}],"version-history":[{"count":0,"href":"https:\/\/travelshelper.com\/es\/wp-json\/wp\/v2\/pages\/14441\/revisions"}],"up":[{"embeddable":true,"href":"https:\/\/travelshelper.com\/es\/wp-json\/wp\/v2\/pages\/14435"}],"wp:featuredmedia":[{"embeddable":true,"href":"https:\/\/travelshelper.com\/es\/wp-json\/wp\/v2\/media\/2861"}],"wp:attachment":[{"href":"https:\/\/travelshelper.com\/es\/wp-json\/wp\/v2\/media?parent=14441"}],"curies":[{"name":"wp","href":"https:\/\/api.w.org\/{rel}","templated":true}]}}