{"id":14435,"date":"2024-09-19T14:14:16","date_gmt":"2024-09-19T14:14:16","guid":{"rendered":"https:\/\/travelshelper.com\/staging\/?page_id=14435"},"modified":"2026-03-11T22:48:07","modified_gmt":"2026-03-11T22:48:07","slug":"croacia","status":"publish","type":"page","link":"https:\/\/travelshelper.com\/es\/destinations\/europe\/croatia\/","title":{"rendered":"Croacia"},"content":{"rendered":"<p>Croacia se encuentra en la confluencia de Europa Central y Sudoriental, y su escarpada costa recorre m\u00e1s de 1700 kil\u00f3metros del mar Adri\u00e1tico. Dentro de sus fronteras (56\u00a0594 kil\u00f3metros cuadrados de tierra y 128 kil\u00f3metros cuadrados de aguas interiores), esta rep\u00fablica abarca una notable diversidad de terreno y cultura. Al noroeste, Eslovenia comparte una suave frontera; al noreste, se extienden las llanuras de Hungr\u00eda; al este, Serbia; y m\u00e1s al sur, Bosnia y Herzegovina y Montenegro. Al oeste, al otro lado de una delgada franja de mar, se encuentra Italia. En el extremo sur, alrededor de Dubrovnik, el puente de Pelje\u0161ac ahora cruza el canal que una vez separ\u00f3 el enclave costero del continente. Internamente, Croacia se divide en Zagreb y veinte condados, donde Zagreb, su capital y ciudad m\u00e1s grande, funciona como centro urbano y como su propia unidad administrativa. Otros centros urbanos importantes son Split, Rijeka y Osijek, cada uno anclando distintas regiones de historia y econom\u00eda. Casi 3,9 millones de personas viven entre las onduladas colinas de Hrvatsko Zagorje, las f\u00e9rtiles llanuras de Eslavonia, las alturas calizas de los Alpes Din\u00e1ricos y las innumerables islas que salpican la costa del Adri\u00e1tico.<\/p>\n<p>Los or\u00edgenes del sistema pol\u00edtico croata se remontan a finales del siglo VI, cuando tribus eslavas \u2014posteriormente conocidas como croatas\u2014 se asentaron en la Iliria romana. Para el siglo VII, ya hab\u00edan formado dos ducados a lo largo del litoral d\u00e1lmata. En 879, el duque Branimir logr\u00f3 el reconocimiento formal de la independencia croata, forjando v\u00ednculos con el papado que perdurar\u00edan como salvaguardia pol\u00edtica. Bajo el reinado de Tomislav, coronado en 925, Croacia emergi\u00f3 como reino, consolidando su dominio sobre la costa y el interior. Una crisis din\u00e1stica al final del linaje Trpimirovi\u0107 condujo a una uni\u00f3n personal con Hungr\u00eda en 1102; sin embargo, siglos despu\u00e9s, la nobleza croata conserv\u00f3 tradiciones jur\u00eddicas y administrativas distintivas incluso bajo el dominio de los Habsburgo. Ante las incursiones otomanas en 1527, el Parlamento croata recurri\u00f3 de nuevo a los Habsburgo y eligi\u00f3 a Fernando I para el trono.<\/p>\n<p>El siglo XX trajo consigo turbulencias y transformaciones. En octubre de 1918, el Estado de los Eslovenos, Croatas y Serbios se declar\u00f3 independiente del desmoronado Imperio Austroh\u00fangaro, para unirse al Reino de los Serbios, Croatas y Eslovenos dos meses despu\u00e9s. Tras la invasi\u00f3n de Yugoslavia por el Eje en 1941, la mayor parte de la Croacia actual form\u00f3 el Estado Independiente de Croacia, un t\u00edtere. Finalmente, prevaleci\u00f3 la resistencia comunista, y la Rep\u00fablica Socialista de Croacia se convirti\u00f3 en un componente federal de la Rep\u00fablica Federativa Socialista de Yugoslavia. El 25 de junio de 1991, Croacia proclam\u00f3 su soberan\u00eda. Se produjo un conflicto que dur\u00f3 cuatro a\u00f1os, que solo lleg\u00f3 a su fin con la restauraci\u00f3n de la integridad territorial y la reintegraci\u00f3n de las poblaciones desplazadas en 1995.<\/p>\n<p>En la actualidad, Croacia funciona como una rep\u00fablica democr\u00e1tica con un sistema parlamentario. Participa plenamente en las instituciones europeas e internacionales: la Uni\u00f3n Europea, su eurozona y el espacio Schengen; la OTAN; las Naciones Unidas; el Consejo de Europa; la OSCE; la Organizaci\u00f3n Mundial del Comercio; y la Uni\u00f3n por el Mediterr\u00e1neo. Candidata a la adhesi\u00f3n a la OCDE, ha contribuido con tropas a las operaciones de mantenimiento de la paz de las Naciones Unidas y ocup\u00f3 en el pasado un puesto no permanente en el Consejo de Seguridad de la ONU.<\/p>\n<p>En t\u00e9rminos econ\u00f3micos, Croacia se encuentra entre los pa\u00edses desarrollados de altos ingresos. Se proyecta que su PIB nominal alcance aproximadamente los 88\u00a0000 millones de d\u00f3lares estadounidenses en 2024, unos 22\u00a0966 d\u00f3lares per c\u00e1pita, mientras que el PIB en paridad de poder adquisitivo se acerca a los 175\u00a0000 millones de d\u00f3lares o 45\u00a0702 d\u00f3lares per c\u00e1pita. El crecimiento real en 2023 se situ\u00f3 en el 2,8\u00a0%, con un PIB per c\u00e1pita de aproximadamente el 76\u00a0% de la media de la UE. El sector servicios representa alrededor del 70\u00a0% de la producci\u00f3n econ\u00f3mica, la industria alrededor del 26\u00a0% y la agricultura menos del 4\u00a0%. La construcci\u00f3n naval, el procesamiento de alimentos, la industria farmac\u00e9utica, las tecnolog\u00edas de la informaci\u00f3n y la madera se encuentran entre los pilares industriales. El turismo sigue siendo especialmente vital, generando cerca de 10\u00a0500 millones de euros en 2019 y atrayendo a casi 20 millones de visitantes antes de la pandemia. Los centros tur\u00edsticos mar\u00edtimos y los festivales culturales a lo largo de la costa d\u00e1lmata, el agroturismo en el interior y las atracciones urbanas de Zagreb contribuyen a su atractivo. El gobierno ha invertido mucho desde principios de la d\u00e9cada de 2000 en carreteras y ferrocarriles a lo largo de cuatro corredores paneuropeos y en una terminal de importaci\u00f3n de gas natural licuado en alta mar, LNG Hrvatska, frente a la isla de Krk.<\/p>\n<p>Geogr\u00e1ficamente, el perfil de Croacia es impactante. Las elevaciones alcanzan la cima de Dinara a 1.831 metros sobre el nivel del mar, descendiendo hasta la costa adri\u00e1tica. En el interior, la cuenca de Panonia presenta llanuras y valles fluviales (el Danubio y el Drava proporcionan transporte e irrigaci\u00f3n), mientras que los Alpes Din\u00e1ricos y las mesetas k\u00e1rsticas forman una escarpada columna vertebral. M\u00e1s de mil islas e islotes, de los cuales 48 est\u00e1n habitados permanentemente, se extienden a lo largo de la costa; Cres y Krk abarcan cada uno unos 405 kil\u00f3metros cuadrados. Dolinas k\u00e1rsticas, r\u00edos subterr\u00e1neos y cuevas de m\u00e1s de mil metros de profundidad dan testimonio de los cimientos de piedra caliza de la regi\u00f3n. Entre sus maravillas naturales m\u00e1s famosas se encuentran los lagos de Plitvice, donde una serie de diecis\u00e9is lagos con barreras de toba caen en cascada en medio del bosque, con sus aguas de tonalidades que van del azul celeste al verde menta.<\/p>\n<p>El clima var\u00eda considerablemente. La Croacia continental experimenta inviernos fr\u00edos, con temperaturas medias en enero de alrededor de -3 \u00b0C, y veranos c\u00e1lidos de cerca de 18 \u00b0C en julio. Lika y Gorski Kotar, a altitudes superiores a los 1200 metros, registran importantes nevadas. A lo largo del Adri\u00e1tico, la influencia mediterr\u00e1nea modera los extremos: los veranos son calurosos y secos, y los inviernos suaves y h\u00famedos. Las precipitaciones oscilan entre los 600 mil\u00edmetros anuales en las llanuras orientales y m\u00e1s de 3500 mil\u00edmetros en las cimas de los picos Din\u00e1ricos. Las zonas m\u00e1s soleadas son las islas exteriores \u2014Hvar y Kor\u010dula\u2014, que disfrutan de m\u00e1s de 2700 horas de sol al a\u00f1o. Los vientos incluyen el seco y racheado bura del noreste y el h\u00famedo jugo del sur.<\/p>\n<p>La infraestructura de Croacia se ha expandido r\u00e1pidamente desde el cambio de milenio. En diciembre de 2020, su red de autopistas se extend\u00eda por m\u00e1s de 1300 kil\u00f3metros, conectando importantes ciudades a trav\u00e9s de la A1, de Zagreb a Split, y la A3, a trav\u00e9s de Eslavonia. Las carreteras estatales alimentan esta red, y EuroTAP y EuroTest reconocieron sus altos est\u00e1ndares de seguridad. Las v\u00edas f\u00e9rreas se extienden por unos 2600 kil\u00f3metros, de los cuales casi 1000 est\u00e1n electrificados. Importantes inversiones en 2024 \u2014en particular, un pr\u00e9stamo de 400 millones de euros del Banco Europeo de Inversiones\u2014 tienen como objetivo modernizar las v\u00edas y adquirir seis unidades m\u00faltiples electrodi\u00e9sel para mejorar el servicio entre Split y Zagreb. Inaugurado en julio de 2022, el puente de Pelje\u0161ac, de 2,4 kil\u00f3metros, une ahora el enclave sur con el continente, acortando las rutas a Kor\u010dula y Lastovo en m\u00e1s de 32 kil\u00f3metros.<\/p>\n<p>Una red de siete aeropuertos internacionales da servicio a viajeros nacionales e internacionales. El Aeropuerto Franjo Tu\u0111man de Zagreb es el m\u00e1s grande, mientras que Split, Dubrovnik, Zadar, Pula, Rijeka y Osijek gestionan el tr\u00e1fico estacional y regional. A partir de mediados de 2024, Croatia Airlines comenz\u00f3 a integrar aviones Airbus A220-300, con una proyecci\u00f3n de reducci\u00f3n del 25 % en el consumo de combustible y las emisiones. La aerol\u00ednea tambi\u00e9n ampli\u00f3 sus rutas, inaugurando vuelos directos entre Zagreb y ciudades como Tirana, Berl\u00edn, Estocolmo y Hamburgo.<\/p>\n<p>El transporte mar\u00edtimo sigue siendo indispensable. El puerto de Rijeka gestiona el mayor volumen de carga, mientras que el tr\u00e1fico de pasajeros alcanza su m\u00e1ximo en Split y Zadar. El comercio fluvial fluye a trav\u00e9s de Vukovar, en el Danubio, y conecta con el Corredor Paneuropeo VII.<\/p>\n<p>Demogr\u00e1ficamente, la poblaci\u00f3n de Croacia se sit\u00faa en torno a los 3,87 millones, con una densidad de aproximadamente 73 habitantes por kil\u00f3metro cuadrado, inferior a la de muchos estados europeos. La esperanza de vida al nacer alcanz\u00f3 los 76,3 a\u00f1os en 2018. La guerra de independencia provoc\u00f3 un desplazamiento considerable: m\u00e1s de 400.000 croatas huyeron o fueron expulsados \u200b\u200ben zonas predominantemente ocupadas, y entre 150.000 y 200.000 serbios se marcharon antes de la Operaci\u00f3n Tormenta. En los a\u00f1os posteriores se produjeron numerosos retornos, junto con el reasentamiento de croatas desplazados de Bosnia y Herzegovina.<\/p>\n<p>Oficialmente laica, Croacia garantiza la libertad religiosa. Seg\u00fan el censo de 2011, los cristianos representan m\u00e1s del 91 % de la poblaci\u00f3n, con una mayor\u00eda predominantemente cat\u00f3lica (86 %), seguida de las comunidades ortodoxa y protestante. El islam representa aproximadamente el 1,5 %, mientras que el 4,6 % se identifica como no religioso. Sin embargo, la asistencia regular a la iglesia se mantiene por debajo del 25 %.<\/p>\n<p>El croata, una lengua eslava meridional escrita con alfabeto latino, es el \u00fanico idioma oficial. Las lenguas minoritarias \u2014checo, h\u00fangaro, italiano, serbio y eslovaco\u2014 gozan de estatus oficial en los municipios donde sus hablantes superan un tercio de la poblaci\u00f3n local; otras, como el alban\u00e9s, el bosnio y el turco, tambi\u00e9n reciben reconocimiento. Tres dialectos principales \u2014shtokaviano, chakaviano y kajkaviano\u2014 reflejan patrones hist\u00f3ricos de asentamiento.<\/p>\n<p>La cultura croata combina influencias centroeuropeas, mediterr\u00e1neas, balc\u00e1nicas y bizantinas. El Ministerio de Cultura salvaguarda diez sitios declarados Patrimonio Mundial de la UNESCO en tierra y quince elementos del patrimonio inmaterial, ocupando el cuarto lugar a nivel mundial en este tipo de designaciones. El legado del movimiento ilirio del siglo XIX sigue siendo fundamental, impulsando un renacimiento nacional en la literatura, el arte y la erudici\u00f3n. Hoy en d\u00eda, m\u00e1s de noventa teatros profesionales, cuarenta orquestas y coros, y m\u00e1s de doscientos museos atienden anualmente a millones de personas. Bibliotecas y archivos, como el sistema nacional de 1768 bibliotecas que alberga 26,8 millones de vol\u00famenes, preservan una rica tradici\u00f3n escrita. La contribuci\u00f3n de Croacia a la moda mundial comenz\u00f3 en el siglo XVII con la corbata de lazo, antecesora de la corbata moderna.<\/p>\n<p>Los patrones culinarios var\u00edan seg\u00fan la regi\u00f3n. En la costa, predominan los sabores mediterr\u00e1neos: aceite de oliva, ajo, mariscos y pasta; en el interior, las influencias centroeuropeas y balc\u00e1nicas dan lugar a contundentes platos de carne, pescado de agua dulce y guisos de verduras. Dos regiones vin\u00edcolas dividen el mapa. En la Eslavonia continental, las bodegas producen blancos frescos; en la pen\u00ednsula de Istria y la costa norte, los vinos evocan los estilos italianos; y en Dalmacia, los tintos florecen bajo el sol mediterr\u00e1neo. La producci\u00f3n anual de vino supera los 72 millones de litros. Las tradiciones cerveceras surgieron a finales del siglo XVIII, convirtiendo la cerveza en la bebida alcoh\u00f3lica m\u00e1s consumida del pa\u00eds. Once restaurantes han obtenido estrellas Michelin, y ochenta y ocho m\u00e1s han sido reconocidos por su excelencia culinaria.<\/p>\n<p>El turismo moldea la imagen internacional de Croacia. Las ciudades medievales costeras, como Dubrovnik, Split, \u0160ibenik y Zadar, ofrecen bastiones de arquitectura medieval y festivales de verano. El primer centro tur\u00edstico, Opatija, salt\u00f3 a la fama a mediados del siglo XIX como un lugar de retiro para la \u00e9lite europea. Los puertos deportivos tienen capacidad para m\u00e1s de diecis\u00e9is mil yates, lo que atrae a visitantes n\u00e1uticos atra\u00eddos por la claridad de sus aguas cristalinas y las 116 playas con Bandera Azul. Las atracciones del interior incluyen los parques nacionales de Plitvice y Krka, balnearios de monta\u00f1a y granjas agrotur\u00edsticas. Zagreb, con sus bulevares austroh\u00fangaros y su cultura de caf\u00e9s a pie de calle, rivaliza con los destinos costeros en su atractivo durante todo el a\u00f1o. Cabe destacar que Croacia fue pionera en la creaci\u00f3n de complejos naturistas comerciales en Europa; alrededor del quince por ciento de los visitantes anuales, m\u00e1s de un mill\u00f3n de personas, practican el naturismo en playas designadas e informales marcadas con &#034;FKK&#034;.<\/p>\n<p>M\u00e1s all\u00e1 del turismo de ocio, los viajes m\u00e9dicos se han convertido en un nicho de mercado. Las cl\u00ednicas dentales de Zagreb, Split y Rijeka, que cumplen con los est\u00e1ndares educativos de la UE, atienden a clientes que buscan tratamientos a corto plazo.<\/p>\n<p>Se recomienda a los visitantes que presten atenci\u00f3n a las normas de seguridad y salud. Se puede contactar con los servicios de emergencia a trav\u00e9s del 112 y es obligatorio llevar una identificaci\u00f3n. Los \u00edndices de delincuencia se mantienen bajos en comparaci\u00f3n con los est\u00e1ndares regionales, y los incidentes de corrupci\u00f3n o extorsi\u00f3n son poco frecuentes. Los aficionados a las actividades al aire libre deben consultar con las autoridades locales sobre los campos minados residuales en las zonas rurales \u2014un legado del conflicto de 1991-1995\u2014, pero las rutas pavimentadas se consideran seguras. El viento bura, especialmente a lo largo del macizo de Velebit, puede alcanzar velocidades superiores a los 200 km\/h; las autoridades cierran las carreteras cuando las condiciones se vuelven peligrosas. Se desaconseja a los turistas acudir a clubes de striptease ilegales, ya que suelen cobrar precios excesivos. Si bien la discriminaci\u00f3n contra las personas LGBT es posible, especialmente en las zonas rurales, los centros urbanos tienden a ser m\u00e1s tolerantes. El agua del grifo se considera excepcionalmente pura, aunque los visitantes pueden preferir marcas embotelladas como Jamnica o Jana. Quienes se adentren en los bosques continentales durante los meses de verano deben protegerse de las garrapatas y otras enfermedades relacionadas usando ropa protectora y repelente. No se exige ninguna vacuna para entrar.<\/p>\n<p>El tapiz de paisajes, estratos hist\u00f3ricos y vitalidad cultural de Croacia ofrece un encuentro singular con los innumerables legados de Europa. Desde las murallas de sus ciudades adri\u00e1ticas, rodeadas de fortalezas, hasta los interiores esculpidos por el karst, desde la calidez de las calles de Zagreb hasta las silenciosas profundidades de sus cuevas, el pa\u00eds presenta un estudio de contrastes. Su recorrido \u2014desde los primeros ducados, pasando por los reinos medievales, el imperio y la federaci\u00f3n, hasta la rep\u00fablica moderna\u2014 resuena en cada piedra y arroyo, en los festivales y en las mesas donde se re\u00fanen familiares y amigos. En esa complejidad reside el perdurable encanto de Croacia.<\/p>","protected":false},"excerpt":{"rendered":"<p>Croacia, situada en Europa Central y Sudoriental, goza de una posici\u00f3n estrat\u00e9gica a lo largo de la costa adri\u00e1tica. Con una poblaci\u00f3n de aproximadamente 3,9 millones de personas, este pa\u00eds de extraordinaria riqueza y diversidad abarca una superficie de 56.594 kil\u00f3metros cuadrados (21.851 millas cuadradas). A lo largo de milenios, su singular topograf\u00eda ha sido crucial para determinar su relevancia geopol\u00edtica, su identidad cultural y su crecimiento econ\u00f3mico.<\/p>","protected":false},"author":1,"featured_media":4899,"parent":24078,"menu_order":0,"comment_status":"closed","ping_status":"closed","template":"elementor_theme","meta":{"_eb_attr":"","footnotes":""},"class_list":["post-14435","page","type-page","status-publish","has-post-thumbnail"],"_links":{"self":[{"href":"https:\/\/travelshelper.com\/es\/wp-json\/wp\/v2\/pages\/14435","targetHints":{"allow":["GET"]}}],"collection":[{"href":"https:\/\/travelshelper.com\/es\/wp-json\/wp\/v2\/pages"}],"about":[{"href":"https:\/\/travelshelper.com\/es\/wp-json\/wp\/v2\/types\/page"}],"author":[{"embeddable":true,"href":"https:\/\/travelshelper.com\/es\/wp-json\/wp\/v2\/users\/1"}],"replies":[{"embeddable":true,"href":"https:\/\/travelshelper.com\/es\/wp-json\/wp\/v2\/comments?post=14435"}],"version-history":[{"count":0,"href":"https:\/\/travelshelper.com\/es\/wp-json\/wp\/v2\/pages\/14435\/revisions"}],"up":[{"embeddable":true,"href":"https:\/\/travelshelper.com\/es\/wp-json\/wp\/v2\/pages\/24078"}],"wp:featuredmedia":[{"embeddable":true,"href":"https:\/\/travelshelper.com\/es\/wp-json\/wp\/v2\/media\/4899"}],"wp:attachment":[{"href":"https:\/\/travelshelper.com\/es\/wp-json\/wp\/v2\/media?parent=14435"}],"curies":[{"name":"wp","href":"https:\/\/api.w.org\/{rel}","templated":true}]}}