{"id":14401,"date":"2024-09-19T13:12:23","date_gmt":"2024-09-19T13:12:23","guid":{"rendered":"https:\/\/travelshelper.com\/staging\/?page_id=14401"},"modified":"2026-03-11T22:44:06","modified_gmt":"2026-03-11T22:44:06","slug":"chipre","status":"publish","type":"page","link":"https:\/\/travelshelper.com\/es\/destinations\/europe\/cyprus\/","title":{"rendered":"Chipre"},"content":{"rendered":"<p>Chipre ocupa un espacio peculiar en la encrucijada de continentes, con sus costas moldeadas por milenios de encuentros y su presente definido tanto por la divisi\u00f3n como por la unidad. Extendida por el Mediterr\u00e1neo oriental, la masa continental de la isla \u2014larga y estrecha, de no m\u00e1s de 240 kil\u00f3metros de punta a punta\u2014 se encuentra m\u00e1s cerca del Levante que del coraz\u00f3n de Europa. Sin embargo, el idioma, las costumbres y las estructuras pol\u00edticas que prevalecen en el sur resuenan con mayor fuerza en el mundo hel\u00e9nico. Al norte, una administraci\u00f3n independiente atribuye su autoridad a los v\u00ednculos con Anatolia. Mientras tanto, dos bases militares brit\u00e1nicas soberanas se aferran a la costa sur, reliquias de un imperio cuya presencia aqu\u00ed perdura en las convenciones de tr\u00e1fico y el zumbido de las cabinas telef\u00f3nicas rojas.<\/p>\n<p>Geogr\u00e1ficamente, la silueta de la isla est\u00e1 definida por dos cadenas monta\u00f1osas que flanquean una f\u00e9rtil llanura central. Los montes Troodos, imponentes y plegados, dominan el suroeste, elev\u00e1ndose hasta casi 1952 metros en el monte Olimpo. Desde sus frescas alturas cubiertas de cedros fluye el r\u00edo Pedieos, el curso de agua m\u00e1s largo de Chipre, que serpentea hacia el este antes de disiparse en los suelos arcillosos de la llanura de Mesaoria. A lo largo de la costa norte, la esbelta cordillera de Kyrenia ofrece un ascenso m\u00e1s suave, con sus picos que apenas alcanzan los mil metros antes de descender abruptamente a una costa rocosa. Entre estas elevaciones, el terreno desciende hasta convertirse en campos de trigo, cebada y hortalizas que han alimentado a los isle\u00f1os desde el Neol\u00edtico.<\/p>\n<p>La presencia humana en Chipre se remonta a unos 13.000 a\u00f1os, cuando peque\u00f1os grupos de cazadores-recolectores se refugiaban en cuevas costeras. Unos milenios m\u00e1s tarde, dominaron la tierra con las primeras aldeas agr\u00edcolas, sentando las bases de una sociedad sedentaria. A finales de la Edad de Bronce, la isla se llamaba Alashiya en los registros egipcios e hititas, famosa por sus v\u00ednculos de cobre y tejidos que la integraron en la extensa red mediterr\u00e1nea. Cuando los griegos mic\u00e9nicos llegaron alrededor del 1400 a. C., trajeron consigo un dialecto, ritos funerarios y estilos cer\u00e1micos que perduraron incluso cuando imperios posteriores reclamaron la isla como un tesoro.<\/p>\n<p>Los persas dominaban la isla en el siglo VI a. C., pero Alejandro Magno la tom\u00f3 en el 333 a. C. Bajo los Ptolomeos y posteriormente bajo Roma, Chipre conserv\u00f3 su car\u00e1cter hel\u00e9nico, a la vez que absorbi\u00f3 el derecho y la infraestructura romanos: carreteras, villas y anfiteatros salpican su paisaje hasta la actualidad. La mitad oriental del Imperio romano gobern\u00f3 la isla hasta las incursiones \u00e1rabes del siglo VII, cuando los enclaves costeros y las fortalezas del interior fueron abandonados en favor de retiros mon\u00e1sticos en lo alto de los picos de Troodos. Siglos m\u00e1s tarde, los reyes de Lusignan y los comerciantes venecianos fortificaron las ciudades, erigiendo murallas de piedra y fosos que a\u00fan rodean los cascos antiguos de Nicosia y Famagusta.<\/p>\n<p>Los soldados otomanos cruzaron la frontera en 1571, inaugurando una era que se extender\u00eda hasta finales del siglo XIX. Bajo el dominio otomano, el sistema feudal otorg\u00f3 tierras a los colonos turcos junto con los campesinos griegos, estableciendo las comunidades duales que permanecen en el coraz\u00f3n de la complejidad moderna de Chipre. Las iglesias bizantinas se convirtieron en mezquitas, pero los pueblos continuaron celebrando su culto en sus santuarios centenarios. En 1878, la isla pas\u00f3 a administraci\u00f3n brit\u00e1nica, y para 1914 fue anexionada por completo. Los sellos y legados brit\u00e1nicos \u2014la circulaci\u00f3n por la izquierda, el sistema de escuelas p\u00fablicas, incluso los horarios de autobuses\u2014 perdurar\u00edan mucho despu\u00e9s de la independencia.<\/p>\n<p>La rep\u00fablica nacida en 1960 fue un delicado acuerdo entre los intereses brit\u00e1nicos, griegos y turcos. El presidente fundador, Makarios III, un arzobispo convertido en estadista, encarnaba la esperanza de autodeterminaci\u00f3n de la mayor\u00eda grecochipriota. Los turcochipriotas, recelosos de las ambiciones hel\u00e9nicas, previeron que la uni\u00f3n con Grecia (enosis) podr\u00eda llegar pronto. A medida que avanzaba la d\u00e9cada de 1960, el estancamiento constitucional se convirti\u00f3 en violencia. Los enfrentamientos intercomunitarios obligaron a miles de turcochipriotas a refugiarse en enclaves. A principios de la d\u00e9cada de 1970, las esperanzas de reconciliaci\u00f3n pr\u00e1cticamente se hab\u00edan desvanecido.<\/p>\n<p>El 15 de julio de 1974, un golpe de Estado respaldado por elementos de la junta griega instaur\u00f3 un gobierno nacionalista en Nicosia. Cinco d\u00edas despu\u00e9s, las fuerzas turcas desembarcaron en la costa norte, aparentemente para proteger a su comunidad. En cuesti\u00f3n de d\u00edas, controlaban aproximadamente un tercio de la isla, y cientos de miles de personas fueron desplazadas en ambas comunidades. En 1983, la zona ocupada por Turqu\u00eda se autoproclam\u00f3 rep\u00fablica, reconocida internacionalmente solo por Ankara. Una zona de amortiguaci\u00f3n de las Naciones Unidas, delgada y verde, divide ahora la isla de este a oeste, mientras que las conversaciones de paz y la mediaci\u00f3n europea contin\u00faan a la sombra de historias controvertidas.<\/p>\n<p>A pesar de sus fisuras pol\u00edticas, Chipre ha construido una econom\u00eda avanzada y de altos ingresos, basada en el turismo, los servicios financieros y el transporte mar\u00edtimo. Desde su incorporaci\u00f3n a la Uni\u00f3n Europea en mayo de 2004 y la adopci\u00f3n del euro en enero de 2008, la Rep\u00fablica de Chipre ha atra\u00eddo inversiones en el sector inmobiliario, la hosteler\u00eda y los servicios profesionales. Las bases brit\u00e1nicas soberanas en Akrotiri y Dhekelia conservan su importancia estrat\u00e9gica, y en 2024 Nicosia confirm\u00f3 su intenci\u00f3n de unirse a la OTAN, un paso m\u00e1s en el complejo c\u00e1lculo de la pol\u00edtica exterior de la isla. El norte de Turqu\u00eda, sometido a embargos y con un reconocimiento limitado, depende en gran medida de los subsidios de Ankara y de la econom\u00eda sumergida.<\/p>\n<p>Llanuras f\u00e9rtiles, monta\u00f1as escarpadas y casi 1.000 kil\u00f3metros de costa se combinan para atraer a cerca de cuatro millones de visitantes cada a\u00f1o. Las playas soleadas \u2014largas extensiones de arena y guijarros\u2014 parecen casi continuas, interrumpidas \u00fanicamente por puertos pesqueros y alg\u00fan que otro retiro mon\u00e1stico. En el interior, las tierras altas de Troodos albergan pueblos donde los vi\u00f1edos se aferran a las laderas escalonadas y las iglesias centenarias resplandecen con frescos bizantinos. En el norte, la antigua ciudad de Salamina y las ruinas cl\u00e1sicas de Pafos se erigen como museos al aire libre de una antig\u00fcedad compartida. Sin embargo, en la capital, Nicosia, modernos caf\u00e9s y galer\u00edas se extienden por calles amuralladas por los venecianos hace quinientos a\u00f1os.<\/p>\n<p>El clima de la isla, mediterr\u00e1neo en la costa y semi\u00e1rido en el noreste, se encuentra entre los m\u00e1s c\u00e1lidos de la UE. Los inviernos traen lluvias, principalmente de noviembre a marzo, y nevadas ocasionales en las tierras altas. Los veranos se extienden casi ocho meses, atenuados por la brisa marina, pero con olas de calor. La luz solar deslumbra durante m\u00e1s de tres mil horas al a\u00f1o de media, casi el doble que en las capitales del norte de Europa. Esta luz ha moldeado tanto la agricultura como el ocio: los huertos de c\u00edtricos, los olivares y los vi\u00f1edos prosperan; la nataci\u00f3n y la navegaci\u00f3n a vela definen la larga temporada alta.<\/p>\n<p>Una moderna red de carreteras se extiende desde la franja costera, donde las autopistas conectan los principales puertos de Limasol y L\u00e1rnaca con Nicosia, L\u00e1rnaca con Pafos, y Nicosia con el este y el oeste. Los autobuses llegan a las principales ciudades, aunque la tasa de veh\u00edculos privados sigue siendo alta. En el norte de Turqu\u00eda, minibuses m\u00e1s peque\u00f1os operan rutas con mayor frecuencia, pero con menor previsibilidad. Dos aeropuertos internacionales \u2014L\u00e1rnaca y Pafos\u2014 reciben vuelos regulares desde Europa, Oriente Medio y otros lugares, mientras que el aeropuerto de Ercan, en el norte, opera a trav\u00e9s de Turqu\u00eda. Los ferris, renovados en 2022, conectan Limasol con El Pireo, en Grecia, ofreciendo una alternativa tranquila a la isla.<\/p>\n<p>La poblaci\u00f3n de Chipre, de poco m\u00e1s de novecientas mil personas en el sur, controlado por el gobierno, sigue siendo mayoritariamente ortodoxa griega, con un peque\u00f1o mosaico de minor\u00edas armenias, maronitas, cat\u00f3licas latinas y protestantes. Los \u00edndices de educaci\u00f3n y salud se encuentran entre los m\u00e1s altos de Europa. En el norte, los musulmanes sunitas constituyen la mayor\u00eda, coexistiendo \u2014aunque algo separados\u2014 con las tradiciones culinarias y musicales compartidas, anteriores a las divisiones del siglo XX. Ambas comunidades valoran la hospitalidad: ofrecen a los hu\u00e9spedes caf\u00e9 o una copa de zivania fr\u00eda e invitan a participar en bodas, festivales y celebraciones de la cosecha.<\/p>\n<p>El idioma refleja esta dualidad. El griego y el turco son lenguas oficiales, mientras que el ingl\u00e9s persiste como una segunda lengua importante, legado del dominio colonial y herramienta para el comercio y el turismo. El armenio y el \u00e1rabe maronita chipriota gozan de reconocimiento como lenguas minoritarias. En la vida cotidiana, los dialectos vern\u00e1culos del griego chipriota y el turco chipriota difieren notablemente de sus formas est\u00e1ndar, incorporando modismos y sonidos moldeados por la historia local. M\u00e1s recientemente, el ruso ha cobrado importancia en Limasol y Pafos, donde los letreros y negocios en ruso atienden a una creciente comunidad de expatriados.<\/p>\n<p>La expresi\u00f3n cultural aqu\u00ed es inseparable del lugar. Las iglesias pintadas de los montes Troodos \u2014diez sitios inscritos por la UNESCO\u2014 lucen v\u00edvidos frescos que plasman narrativas teol\u00f3gicas en muros de piedra. Los ba\u00f1os turcos restaurados en el casco antiguo de Nicosia evocan las capas francas y otomanas de la ciudad, ofreciendo vapor y masajes bajo antiguas c\u00fapulas. El Carnaval de Limassol estalla cada a\u00f1o en febrero, un colorido interludio que comenz\u00f3 apenas en el siglo XX, pero que honra las costumbres de los espect\u00e1culos con m\u00e1scaras que se remontan a tiempos a\u00fan m\u00e1s remotos. La danza tradicional, desde el tsifteteli hasta el sousta, anima bodas y ferias populares, uniendo a los isle\u00f1os m\u00e1s all\u00e1 de las diferencias ling\u00fc\u00edsticas y religiosas.<\/p>\n<p>Sin embargo, bajo la superficie cordial se esconde una conciencia de fragilidad. Cazadores con escopetas con licencia deambulan por el campo en invierno, y perdigones perdidos pueden colarse en las rutas de los senderistas. La L\u00ednea Verde perdura en la conciencia cotidiana: las escuelas ense\u00f1an historias paralelas, y los esfuerzos de reconciliaci\u00f3n persisten en iniciativas art\u00edsticas y emprendimientos econ\u00f3micos conjuntos. Las tasas de delincuencia se mantienen bajas, pero se recomienda a los visitantes proteger sus propiedades contra robos oportunistas, y se recomienda precauci\u00f3n en los distritos de ocio nocturno, donde los clubes de cabaret a veces ocultan un trasfondo m\u00e1s oscuro.<\/p>\n<p>El mosaico de Chipre \u2014su geolog\u00eda, historia, comunidades y econom\u00edas\u2014 desaf\u00eda la simpleza de la narrativa. Es a la vez testimonio de la tenacidad humana y un corredor de disputas, donde imperios han chocado y vecinos a\u00fan transitan con cautela por las zonas de contenci\u00f3n. Sin embargo, la calidez del sol y el mar, la generosidad que se extiende sobre mesas con aroma a c\u00edtricos y la resiliencia de tradiciones que combinan elementos hel\u00e9nicos, levantinos y anatolios, perduran. Para quienes se detengan a observar, Chipre ofrece una cr\u00f3nica \u00edntima de una isla que ha conocido tanto la unidad como la divisi\u00f3n, donde la vida cotidiana contin\u00faa bajo un cielo mediterr\u00e1neo tan constante y complejo como las propias mareas.<\/p>","protected":false},"excerpt":{"rendered":"<p>La naci\u00f3n insular de Chipre, ubicada en el Mediterr\u00e1neo Oriental, ocupa una posici\u00f3n estrat\u00e9gica en la intersecci\u00f3n de Europa, Asia y \u00c1frica. Con una poblaci\u00f3n de aproximadamente 1,2 millones de habitantes, Chipre es la tercera isla m\u00e1s grande y poblada del Mediterr\u00e1neo, ofreciendo una combinaci\u00f3n \u00fanica de historia antigua, cultura diversa y desarrollo contempor\u00e1neo. Esta naci\u00f3n insular, oficialmente denominada Rep\u00fablica de Chipre, se encuentra geogr\u00e1ficamente en Asia Occidental; sin embargo, sus conexiones culturales y asociaciones pol\u00edticas se alinean predominantemente con el Sudeste Europeo, lo que le otorga una importante posici\u00f3n geopol\u00edtica.<\/p>","protected":false},"author":1,"featured_media":3022,"parent":24078,"menu_order":0,"comment_status":"closed","ping_status":"closed","template":"elementor_theme","meta":{"_eb_attr":"","footnotes":""},"class_list":["post-14401","page","type-page","status-publish","has-post-thumbnail"],"_links":{"self":[{"href":"https:\/\/travelshelper.com\/es\/wp-json\/wp\/v2\/pages\/14401","targetHints":{"allow":["GET"]}}],"collection":[{"href":"https:\/\/travelshelper.com\/es\/wp-json\/wp\/v2\/pages"}],"about":[{"href":"https:\/\/travelshelper.com\/es\/wp-json\/wp\/v2\/types\/page"}],"author":[{"embeddable":true,"href":"https:\/\/travelshelper.com\/es\/wp-json\/wp\/v2\/users\/1"}],"replies":[{"embeddable":true,"href":"https:\/\/travelshelper.com\/es\/wp-json\/wp\/v2\/comments?post=14401"}],"version-history":[{"count":0,"href":"https:\/\/travelshelper.com\/es\/wp-json\/wp\/v2\/pages\/14401\/revisions"}],"up":[{"embeddable":true,"href":"https:\/\/travelshelper.com\/es\/wp-json\/wp\/v2\/pages\/24078"}],"wp:featuredmedia":[{"embeddable":true,"href":"https:\/\/travelshelper.com\/es\/wp-json\/wp\/v2\/media\/3022"}],"wp:attachment":[{"href":"https:\/\/travelshelper.com\/es\/wp-json\/wp\/v2\/media?parent=14401"}],"curies":[{"name":"wp","href":"https:\/\/api.w.org\/{rel}","templated":true}]}}